{"id":3319,"date":"2025-09-19T22:16:58","date_gmt":"2025-09-19T22:16:58","guid":{"rendered":"https:\/\/tecplan.com.es\/product\/antena-ubiquiti-networks-m5-cpe\/"},"modified":"2025-09-22T17:15:39","modified_gmt":"2025-09-22T17:15:39","slug":"antena-ubiquiti-networks-m5-cpe","status":"publish","type":"product","link":"https:\/\/tecplan.com.es\/en\/product\/antena-ubiquiti-networks-m5-cpe\/","title":{"rendered":"Antena Ubiquiti Networks M5 CPE"},"content":{"rendered":"<h5 style=\"text-align: justify;\">Litebeam Airmax Ubiquiti Networks M5 CPE hasta 100 Mbps 5 GHz (5150 \u2013 5875 MHz) con antena integrada de 23 dBi<\/h5>\n<p style=\"text-align: justify;\">El LiteBeam airMAX M5 CPE LBE-M5-23 de Ubiquiti Networks es un dispositivo de punto a punto (PTP) o punto a multipunto (PTMP) que opera en la banda de 5 GHz, espec\u00edficamente en el rango de frecuencias de 5150 a 5875 MHz, ofreciendo una velocidad de datos de hasta 100 Mbps. Cuenta con una antena integrada de alta ganancia de 23 dBi, lo que proporciona una conectividad a larga distancia eficiente.<\/p>\n<p style=\"text-align: justify;\">El dispositivo utiliza tecnolog\u00eda airMAX para mejorar el rendimiento y la eficiencia de la red, y est\u00e1 equipado con un puerto Ethernet 10\/100 Mbps, un procesador Atheros MIPS y el sistema operativo airOS\u00ae 6. Est\u00e1 dise\u00f1ado para funcionar con alimentaci\u00f3n PoE pasivo (24 V, 0.2 A) y puede instalarse en postes o m\u00e1stiles, con una temperatura de operaci\u00f3n que var\u00eda entre -40 \u00b0C y 70 \u00b0C.<\/p>\n<p><!--more--><\/p>\n<h5 style=\"text-align: justify;\"><span style=\"text-decoration: underline;\"><strong>DOWNLOADS<\/strong><\/span><\/h5>\n<ul style=\"text-align: justify;\">\n<li><a href=\"https:\/\/drive.google.com\/file\/d\/1sQ9WOfwxVTIxWl_LyUoUEexJIuj_TGfV\/view?usp=sharing\">\u2192 Technical specifications<\/a><\/li>\n<\/ul>\n<p>&nbsp;<\/p>","protected":false},"excerpt":{"rendered":"<p style=\"text-align: justify;\">Modo de operaci\u00f3n: access point y estaci\u00f3n.<\/p>\n<ul>\n<li style=\"text-align: justify;\">Polaridad simple, SISO 1\u00d71.<\/li>\n<li style=\"text-align: justify;\">Potencia de salida: 25 dBm<\/li>\n<\/ul>\n<p><!--more--><\/p>\n<p><img decoding=\"async\" class=\"wp-image-3330 aligncenter\" src=\"https:\/\/tecplan.com.es\/wp-content\/uploads\/2025\/09\/Ubiquiti_Networks-300x200.png\" alt=\"\" width=\"159\" height=\"106\" srcset=\"https:\/\/tecplan.com.es\/wp-content\/uploads\/2025\/09\/Ubiquiti_Networks-300x200.png 300w, https:\/\/tecplan.com.es\/wp-content\/uploads\/2025\/09\/Ubiquiti_Networks-1024x683.png 1024w, https:\/\/tecplan.com.es\/wp-content\/uploads\/2025\/09\/Ubiquiti_Networks-768x512.png 768w, https:\/\/tecplan.com.es\/wp-content\/uploads\/2025\/09\/Ubiquiti_Networks-1536x1024.png 1536w, https:\/\/tecplan.com.es\/wp-content\/uploads\/2025\/09\/Ubiquiti_Networks-2048x1365.png 2048w, https:\/\/tecplan.com.es\/wp-content\/uploads\/2025\/09\/Ubiquiti_Networks-18x12.png 18w, https:\/\/tecplan.com.es\/wp-content\/uploads\/2025\/09\/Ubiquiti_Networks-600x400.png 600w\" sizes=\"(max-width: 159px) 100vw, 159px\" \/><\/p>","protected":false},"featured_media":3284,"comment_status":"open","ping_status":"closed","template":"","meta":{"site-sidebar-layout":"default","site-content-layout":"","ast-site-content-layout":"default","site-content-style":"default","site-sidebar-style":"default","ast-global-header-display":"","ast-banner-title-visibility":"","ast-main-header-display":"","ast-hfb-above-header-display":"","ast-hfb-below-header-display":"","ast-hfb-mobile-header-display":"","site-post-title":"","ast-breadcrumbs-content":"","ast-featured-img":"","footer-sml-layout":"","ast-disable-related-posts":"","theme-transparent-header-meta":"default","adv-header-id-meta":"","stick-header-meta":"","header-above-stick-meta":"","header-main-stick-meta":"","header-below-stick-meta":"","astra-migrate-meta-layouts":"set","ast-page-background-enabled":"default","ast-page-background-meta":{"desktop":{"background-color":"var(--ast-global-color-5)","background-image":"","background-repeat":"repeat","background-position":"center center","background-size":"auto","background-attachment":"scroll","background-type":"","background-media":"","overlay-type":"","overlay-color":"","overlay-opacity":"","overlay-gradient":""},"tablet":{"background-color":"","background-image":"","background-repeat":"repeat","background-position":"center center","background-size":"auto","background-attachment":"scroll","background-type":"","background-media":"","overlay-type":"","overlay-color":"","overlay-opacity":"","overlay-gradient":""},"mobile":{"background-color":"","background-image":"","background-repeat":"repeat","background-position":"center center","background-size":"auto","background-attachment":"scroll","background-type":"","background-media":"","overlay-type":"","overlay-color":"","overlay-opacity":"","overlay-gradient":""}},"ast-content-background-meta":{"desktop":{"background-color":"var(--ast-global-color-4)","background-image":"","background-repeat":"repeat","background-position":"center center","background-size":"auto","background-attachment":"scroll","background-type":"","background-media":"","overlay-type":"","overlay-color":"","overlay-opacity":"","overlay-gradient":""},"tablet":{"background-color":"var(--ast-global-color-4)","background-image":"","background-repeat":"repeat","background-position":"center center","background-size":"auto","background-attachment":"scroll","background-type":"","background-media":"","overlay-type":"","overlay-color":"","overlay-opacity":"","overlay-gradient":""},"mobile":{"background-color":"var(--ast-global-color-4)","background-image":"","background-repeat":"repeat","background-position":"center center","background-size":"auto","background-attachment":"scroll","background-type":"","background-media":"","overlay-type":"","overlay-color":"","overlay-opacity":"","overlay-gradient":""}}},"product_brand":[247],"product_cat":[113,96,111],"product_tag":[248],"class_list":{"0":"post-3319","1":"product","2":"type-product","3":"status-publish","4":"has-post-thumbnail","6":"product_brand-ubiquiti-networks","7":"product_cat-enlaces-punto-a-punto","8":"product_cat-networking","9":"product_cat-ubiquiti","10":"product_tag-ubiquiti-networks","11":"desktop-align-left","12":"tablet-align-left","13":"mobile-align-left","15":"first","16":"instock","17":"shipping-taxable","18":"product-type-simple"},"yoast_head":"<!-- This site is optimized with the Yoast SEO plugin v25.3 - https:\/\/yoast.com\/wordpress\/plugins\/seo\/ -->\n<title>Antena Ubiquiti Networks M5 CPE - Tecplan<\/title>\n<meta name=\"robots\" content=\"index, follow, max-snippet:-1, max-image-preview:large, max-video-preview:-1\" \/>\n<link rel=\"canonical\" href=\"https:\/\/tecplan.com.es\/en\/product\/antena-ubiquiti-networks-m5-cpe\/\" \/>\n<meta property=\"og:locale\" content=\"en_US\" \/>\n<meta property=\"og:type\" content=\"article\" \/>\n<meta property=\"og:title\" content=\"Antena Ubiquiti Networks M5 CPE - Tecplan\" \/>\n<meta property=\"og:description\" content=\"Modo de operaci\u00f3n: access point y estaci\u00f3n.    Polaridad simple, SISO 1\u00d71.  Potencia de salida: 25 dBm\" \/>\n<meta property=\"og:url\" content=\"https:\/\/tecplan.com.es\/en\/product\/antena-ubiquiti-networks-m5-cpe\/\" \/>\n<meta property=\"og:site_name\" content=\"Tecplan\" \/>\n<meta property=\"article:modified_time\" content=\"2025-09-22T17:15:39+00:00\" \/>\n<meta property=\"og:image\" content=\"https:\/\/tecplan.com.es\/wp-content\/uploads\/2025\/09\/Networks-M5-1.webp\" \/>\n\t<meta property=\"og:image:width\" content=\"960\" \/>\n\t<meta property=\"og:image:height\" content=\"960\" \/>\n\t<meta property=\"og:image:type\" content=\"image\/webp\" \/>\n<meta name=\"twitter:card\" content=\"summary_large_image\" \/>\n<meta name=\"twitter:label1\" content=\"Est. reading time\" \/>\n\t<meta name=\"twitter:data1\" content=\"1 minute\" \/>\n<script type=\"application\/ld+json\" class=\"yoast-schema-graph\">{\"@context\":\"https:\/\/schema.org\",\"@graph\":[{\"@type\":\"WebPage\",\"@id\":\"https:\/\/tecplan.com.es\/product\/antena-ubiquiti-networks-m5-cpe\/\",\"url\":\"https:\/\/tecplan.com.es\/product\/antena-ubiquiti-networks-m5-cpe\/\",\"name\":\"Antena Ubiquiti Networks M5 CPE - Tecplan\",\"isPartOf\":{\"@id\":\"https:\/\/tecplan.com.es\/#website\"},\"primaryImageOfPage\":{\"@id\":\"https:\/\/tecplan.com.es\/product\/antena-ubiquiti-networks-m5-cpe\/#primaryimage\"},\"image\":{\"@id\":\"https:\/\/tecplan.com.es\/product\/antena-ubiquiti-networks-m5-cpe\/#primaryimage\"},\"thumbnailUrl\":\"https:\/\/tecplan.com.es\/wp-content\/uploads\/2025\/09\/Networks-M5-1.webp\",\"datePublished\":\"2025-09-19T22:16:58+00:00\",\"dateModified\":\"2025-09-22T17:15:39+00:00\",\"breadcrumb\":{\"@id\":\"https:\/\/tecplan.com.es\/product\/antena-ubiquiti-networks-m5-cpe\/#breadcrumb\"},\"inLanguage\":\"en-US\",\"potentialAction\":[{\"@type\":\"ReadAction\",\"target\":[\"https:\/\/tecplan.com.es\/product\/antena-ubiquiti-networks-m5-cpe\/\"]}]},{\"@type\":\"ImageObject\",\"inLanguage\":\"en-US\",\"@id\":\"https:\/\/tecplan.com.es\/product\/antena-ubiquiti-networks-m5-cpe\/#primaryimage\",\"url\":\"https:\/\/tecplan.com.es\/wp-content\/uploads\/2025\/09\/Networks-M5-1.webp\",\"contentUrl\":\"https:\/\/tecplan.com.es\/wp-content\/uploads\/2025\/09\/Networks-M5-1.webp\",\"width\":960,\"height\":960},{\"@type\":\"BreadcrumbList\",\"@id\":\"https:\/\/tecplan.com.es\/product\/antena-ubiquiti-networks-m5-cpe\/#breadcrumb\",\"itemListElement\":[{\"@type\":\"ListItem\",\"position\":1,\"name\":\"Home\",\"item\":\"https:\/\/tecplan.com.es\/\"},{\"@type\":\"ListItem\",\"position\":2,\"name\":\"Shop\",\"item\":\"https:\/\/tecplan.com.es\/shop\/\"},{\"@type\":\"ListItem\",\"position\":3,\"name\":\"Antena Ubiquiti Networks M5 CPE\"}]},{\"@type\":\"WebSite\",\"@id\":\"https:\/\/tecplan.com.es\/#website\",\"url\":\"https:\/\/tecplan.com.es\/\",\"name\":\"Tecplan\",\"description\":\"\",\"potentialAction\":[{\"@type\":\"SearchAction\",\"target\":{\"@type\":\"EntryPoint\",\"urlTemplate\":\"https:\/\/tecplan.com.es\/?s={search_term_string}\"},\"query-input\":{\"@type\":\"PropertyValueSpecification\",\"valueRequired\":true,\"valueName\":\"search_term_string\"}}],\"inLanguage\":\"en-US\"}]}<\/script>\n<!-- \/ Yoast SEO plugin. -->","yoast_head_json":{"title":"Antena Ubiquiti Networks M5 CPE - Tecplan","robots":{"index":"index","follow":"follow","max-snippet":"max-snippet:-1","max-image-preview":"max-image-preview:large","max-video-preview":"max-video-preview:-1"},"canonical":"https:\/\/tecplan.com.es\/en\/product\/antena-ubiquiti-networks-m5-cpe\/","og_locale":"en_US","og_type":"article","og_title":"Antena Ubiquiti Networks M5 CPE - Tecplan","og_description":"Modo de operaci\u00f3n: access point y estaci\u00f3n.    Polaridad simple, SISO 1\u00d71.  Potencia de salida: 25 dBm","og_url":"https:\/\/tecplan.com.es\/en\/product\/antena-ubiquiti-networks-m5-cpe\/","og_site_name":"Tecplan","article_modified_time":"2025-09-22T17:15:39+00:00","og_image":[{"width":960,"height":960,"url":"https:\/\/tecplan.com.es\/wp-content\/uploads\/2025\/09\/Networks-M5-1.webp","type":"image\/webp"}],"twitter_card":"summary_large_image","twitter_misc":{"Est. reading time":"1 minute"},"schema":{"@context":"https:\/\/schema.org","@graph":[{"@type":"WebPage","@id":"https:\/\/tecplan.com.es\/product\/antena-ubiquiti-networks-m5-cpe\/","url":"https:\/\/tecplan.com.es\/product\/antena-ubiquiti-networks-m5-cpe\/","name":"Antena Ubiquiti Networks M5 CPE - Tecplan","isPartOf":{"@id":"https:\/\/tecplan.com.es\/#website"},"primaryImageOfPage":{"@id":"https:\/\/tecplan.com.es\/product\/antena-ubiquiti-networks-m5-cpe\/#primaryimage"},"image":{"@id":"https:\/\/tecplan.com.es\/product\/antena-ubiquiti-networks-m5-cpe\/#primaryimage"},"thumbnailUrl":"https:\/\/tecplan.com.es\/wp-content\/uploads\/2025\/09\/Networks-M5-1.webp","datePublished":"2025-09-19T22:16:58+00:00","dateModified":"2025-09-22T17:15:39+00:00","breadcrumb":{"@id":"https:\/\/tecplan.com.es\/product\/antena-ubiquiti-networks-m5-cpe\/#breadcrumb"},"inLanguage":"en-US","potentialAction":[{"@type":"ReadAction","target":["https:\/\/tecplan.com.es\/product\/antena-ubiquiti-networks-m5-cpe\/"]}]},{"@type":"ImageObject","inLanguage":"en-US","@id":"https:\/\/tecplan.com.es\/product\/antena-ubiquiti-networks-m5-cpe\/#primaryimage","url":"https:\/\/tecplan.com.es\/wp-content\/uploads\/2025\/09\/Networks-M5-1.webp","contentUrl":"https:\/\/tecplan.com.es\/wp-content\/uploads\/2025\/09\/Networks-M5-1.webp","width":960,"height":960},{"@type":"BreadcrumbList","@id":"https:\/\/tecplan.com.es\/product\/antena-ubiquiti-networks-m5-cpe\/#breadcrumb","itemListElement":[{"@type":"ListItem","position":1,"name":"Home","item":"https:\/\/tecplan.com.es\/"},{"@type":"ListItem","position":2,"name":"Shop","item":"https:\/\/tecplan.com.es\/shop\/"},{"@type":"ListItem","position":3,"name":"Antena Ubiquiti Networks M5 CPE"}]},{"@type":"WebSite","@id":"https:\/\/tecplan.com.es\/#website","url":"https:\/\/tecplan.com.es\/","name":"Tecplan","description":"","potentialAction":[{"@type":"SearchAction","target":{"@type":"EntryPoint","urlTemplate":"https:\/\/tecplan.com.es\/?s={search_term_string}"},"query-input":{"@type":"PropertyValueSpecification","valueRequired":true,"valueName":"search_term_string"}}],"inLanguage":"en-US"}]}},"_links":{"self":[{"href":"https:\/\/tecplan.com.es\/en\/wp-json\/wp\/v2\/product\/3319","targetHints":{"allow":["GET"]}}],"collection":[{"href":"https:\/\/tecplan.com.es\/en\/wp-json\/wp\/v2\/product"}],"about":[{"href":"https:\/\/tecplan.com.es\/en\/wp-json\/wp\/v2\/types\/product"}],"replies":[{"embeddable":true,"href":"https:\/\/tecplan.com.es\/en\/wp-json\/wp\/v2\/comments?post=3319"}],"version-history":[{"count":3,"href":"https:\/\/tecplan.com.es\/en\/wp-json\/wp\/v2\/product\/3319\/revisions"}],"predecessor-version":[{"id":3335,"href":"https:\/\/tecplan.com.es\/en\/wp-json\/wp\/v2\/product\/3319\/revisions\/3335"}],"wp:featuredmedia":[{"embeddable":true,"href":"https:\/\/tecplan.com.es\/en\/wp-json\/wp\/v2\/media\/3284"}],"wp:attachment":[{"href":"https:\/\/tecplan.com.es\/en\/wp-json\/wp\/v2\/media?parent=3319"}],"wp:term":[{"taxonomy":"product_brand","embeddable":true,"href":"https:\/\/tecplan.com.es\/en\/wp-json\/wp\/v2\/product_brand?post=3319"},{"taxonomy":"product_cat","embeddable":true,"href":"https:\/\/tecplan.com.es\/en\/wp-json\/wp\/v2\/product_cat?post=3319"},{"taxonomy":"product_tag","embeddable":true,"href":"https:\/\/tecplan.com.es\/en\/wp-json\/wp\/v2\/product_tag?post=3319"}],"curies":[{"name":"wp","href":"https:\/\/api.w.org\/{rel}","templated":true}]}}