{"id":3251,"date":"2025-09-17T22:56:55","date_gmt":"2025-09-17T22:56:55","guid":{"rendered":"https:\/\/tecplan.com.es\/product\/lectores-de-mano-zebra-ds8100\/"},"modified":"2025-09-18T21:45:57","modified_gmt":"2025-09-18T21:45:57","slug":"lectores-de-mano-zebra-ds8100","status":"publish","type":"product","link":"https:\/\/tecplan.com.es\/en\/product\/lectores-de-mano-zebra-ds8100\/","title":{"rendered":"Lector de mano ZEBRA DS8100"},"content":{"rendered":"<p><strong>Lectores de im\u00e1genes de mano ZEBRA Series DS8100<\/strong><\/p>\n<p style=\"text-align: justify;\">Los esc\u00e1neres de mano Series DS8100 superan a los lectores de im\u00e1genes convencionales y ofrecen escaneo sin precedentes de c\u00f3digos de barras 1D y 2D, herramientas innovadoras que mejoran la productividad y capacidad de administraci\u00f3n inigualable para que las filas de la caja avancen r\u00e1pidamente y los cajeros brinden una experiencia de pago m\u00e1s personalizada.<\/p>\n<p style=\"text-align: justify;\">La Serie DS8100 de Zebra supera a los lectores de im\u00e1genes convencionales al ofrecer un escaneo sin precedentes de casi cualquier c\u00f3digo de barras 1D y 2D, lo que permite que las filas de pago avancen r\u00e1pidamente y que los cajeros brinden una experiencia de pago m\u00e1s personalizada. Esta serie combina el poder de un microprocesador de 800 MHz, un sensor de alta resoluci\u00f3n de 1280 x 960 p\u00edxeles y la exclusiva tecnolog\u00eda PRZM Intelligent Imaging de Zebra, lo que permite captar al instante c\u00f3digos de barras problem\u00e1ticos, incluso los que est\u00e1n compactados, mal impresos, arrugados, descoloridos, distorsionados, sucios o da\u00f1ados, as\u00ed como c\u00f3digos de barras electr\u00f3nicos en pantallas con poco brillo. El rango de escaneo alcanza hasta 24 pulgadas (61 cm).<\/p>\n<p style=\"text-align: justify;\">La serie est\u00e1 disponible en versiones cableadas (DS8108) e inal\u00e1mbricas (DS8178), con dimensiones de 6,6 pulgadas de alto x 2,6 pulgadas de ancho x 4,2 pulgadas de profundidad para el modelo cableado y 8,3 pulgadas de profundidad para la base de presentaci\u00f3n. El peso del modelo cableado es de 5,4 oz (154 g), mientras que el inal\u00e1mbrico pesa 8,3 oz (235,3 g). El dispositivo cuenta con una fuente de luz de LED \u00e1mbar circular de 617 nm y dos LED rojos de 645 nm, con un campo visual de 48\u00b0 H x 37\u00b0 V nominal. La temperatura de funcionamiento var\u00eda entre 32 \u00b0F y 122 \u00b0F (0 \u00b0C a 50 \u00b0C), y est\u00e1 dise\u00f1ado para soportar m\u00faltiples ca\u00eddas desde 6,0 pies (1,8 m) sobre concreto y 2000 golpes desde 1,5 pies (0,5 m).<\/p>\n<p style=\"text-align: justify;\">La Serie DS8100 soporta una amplia gama de c\u00f3digos, incluyendo 1D (Code 39, Code 128, UPC\/EAN, I 2 of 5, entre otros) y 2D (PDF417, Datamatrix, QR Code, MaxiCode, entre otros), as\u00ed como c\u00f3digos compuestos y tecnolog\u00edas como Digimarc.Cuenta con interfaces de host compatibles como USB, RS232, cu\u00f1a de teclado y TGCS (IBM) 46XX a trav\u00e9s de RS485, y admite m\u00e1s de 90 teclados internacionales. Adem\u00e1s, est\u00e1 certificado con FIPS 140-2 y tiene una clasificaci\u00f3n de sellado ambiental IP52, lo que indica protecci\u00f3n contra polvo y salpicaduras.<\/p>\n<p style=\"text-align: justify;\">Cada lector de la serie DS8100 est\u00e1 dise\u00f1ado con DataCapture DNA, el exclusivo ecosistema de software de Zebra, que simplifica cada etapa de la experiencia de escaneo durante la vida \u00fatil del dispositivo, permitiendo una administraci\u00f3n inigualable con visibilidad del desempe\u00f1o y m\u00e9tricas de bater\u00eda. La serie tambi\u00e9n incluye fuentes de alimentaci\u00f3n intercambiables, como una bater\u00eda PowerPrecision+ y un capacitor PowerCapTM, lo que mejora la disponibilidad y productividad. El dispositivo est\u00e1 disponible en colores blanco nova y negro crep\u00fasculo.<\/p>\n<p style=\"text-align: justify;\"><strong>Lo mejor en desempe\u00f1o, innovaci\u00f3n y capacidad de administraci\u00f3n<\/strong><\/p>\n<p style=\"text-align: justify;\">Ya sea que los clientes usen el pago en la tienda, el autocobro o la recogida fuera de la tienda, esperan velocidad y conveniencia. Con el lector de im\u00e1genes de mano Serie DS8100, puede mejorar la experiencia del cliente y ofrecer transacciones fluidas en todos los puntos de contacto (desde las cajas atendidas por cajeros o de autocobro hasta el retiro fuera o dentro de la tienda). La Serie DS8100 supera a los lectores de im\u00e1genes convencionales y proporciona las herramientas que su organizaci\u00f3n necesita para lograr mejores resultados para los clientes y pacientes. Una amplia gama de innovaciones, que incluyen fuentes de alimentaci\u00f3n intercambiables y el exclusivo ecosistema DataCapture DNA de Zebra, hacen de la Serie DS8100 la soluci\u00f3n ideal para aumentar la productividad y optimizar las operaciones diarias.<\/p>\n<h5 style=\"text-align: justify;\"><span style=\"text-decoration: underline;\"><strong>DOWNLOADS<\/strong><\/span><\/h5>\n<ul style=\"text-align: justify;\">\n<li><a href=\"https:\/\/drive.google.com\/file\/d\/1kUxgVZ_okGDfQWIjCOQX74sTgZpL4vrl\/view?usp=sharing\">\u2192 Technical specifications<\/a><\/li>\n<\/ul>","protected":false},"excerpt":{"rendered":"<p style=\"text-align: justify;\">Los esc\u00e1neres de mano Series DS8100 superan a los lectores de im\u00e1genes convencionales y ofrecen escaneo sin precedentes de c\u00f3digos de barras 1D y 2D, herramientas innovadoras que mejoran la productividad y capacidad de administraci\u00f3n inigualable para que las filas de la caja avancen r\u00e1pidamente y los cajeros brinden una experiencia de pago m\u00e1s personalizada.<\/p>\n<p><!--more--><\/p>\n<p><img decoding=\"async\" class=\"wp-image-3268 aligncenter\" src=\"https:\/\/tecplan.com.es\/wp-content\/uploads\/2025\/09\/Zebra-logo--300x225.png\" alt=\"\" width=\"183\" height=\"137\" srcset=\"https:\/\/tecplan.com.es\/wp-content\/uploads\/2025\/09\/Zebra-logo--300x225.png 300w, https:\/\/tecplan.com.es\/wp-content\/uploads\/2025\/09\/Zebra-logo--768x576.png 768w, https:\/\/tecplan.com.es\/wp-content\/uploads\/2025\/09\/Zebra-logo--16x12.png 16w, https:\/\/tecplan.com.es\/wp-content\/uploads\/2025\/09\/Zebra-logo--600x450.png 600w, https:\/\/tecplan.com.es\/wp-content\/uploads\/2025\/09\/Zebra-logo-.png 1024w\" sizes=\"(max-width: 183px) 100vw, 183px\" \/><\/p>","protected":false},"featured_media":3250,"comment_status":"open","ping_status":"closed","template":"","meta":{"site-sidebar-layout":"default","site-content-layout":"","ast-site-content-layout":"default","site-content-style":"default","site-sidebar-style":"default","ast-global-header-display":"","ast-banner-title-visibility":"","ast-main-header-display":"","ast-hfb-above-header-display":"","ast-hfb-below-header-display":"","ast-hfb-mobile-header-display":"","site-post-title":"","ast-breadcrumbs-content":"","ast-featured-img":"","footer-sml-layout":"","ast-disable-related-posts":"","theme-transparent-header-meta":"default","adv-header-id-meta":"","stick-header-meta":"","header-above-stick-meta":"","header-main-stick-meta":"","header-below-stick-meta":"","astra-migrate-meta-layouts":"set","ast-page-background-enabled":"default","ast-page-background-meta":{"desktop":{"background-color":"var(--ast-global-color-5)","background-image":"","background-repeat":"repeat","background-position":"center center","background-size":"auto","background-attachment":"scroll","background-type":"","background-media":"","overlay-type":"","overlay-color":"","overlay-opacity":"","overlay-gradient":""},"tablet":{"background-color":"","background-image":"","background-repeat":"repeat","background-position":"center center","background-size":"auto","background-attachment":"scroll","background-type":"","background-media":"","overlay-type":"","overlay-color":"","overlay-opacity":"","overlay-gradient":""},"mobile":{"background-color":"","background-image":"","background-repeat":"repeat","background-position":"center center","background-size":"auto","background-attachment":"scroll","background-type":"","background-media":"","overlay-type":"","overlay-color":"","overlay-opacity":"","overlay-gradient":""}},"ast-content-background-meta":{"desktop":{"background-color":"var(--ast-global-color-4)","background-image":"","background-repeat":"repeat","background-position":"center center","background-size":"auto","background-attachment":"scroll","background-type":"","background-media":"","overlay-type":"","overlay-color":"","overlay-opacity":"","overlay-gradient":""},"tablet":{"background-color":"var(--ast-global-color-4)","background-image":"","background-repeat":"repeat","background-position":"center center","background-size":"auto","background-attachment":"scroll","background-type":"","background-media":"","overlay-type":"","overlay-color":"","overlay-opacity":"","overlay-gradient":""},"mobile":{"background-color":"var(--ast-global-color-4)","background-image":"","background-repeat":"repeat","background-position":"center center","background-size":"auto","background-attachment":"scroll","background-type":"","background-media":"","overlay-type":"","overlay-color":"","overlay-opacity":"","overlay-gradient":""}}},"product_brand":[265],"product_cat":[99,96,97],"product_tag":[219],"class_list":{"0":"post-3251","1":"product","2":"type-product","3":"status-publish","4":"has-post-thumbnail","6":"product_brand-zebra","7":"product_cat-lectores-codigo-de-barra","8":"product_cat-networking","9":"product_cat-zebra","10":"product_tag-zebra","11":"desktop-align-left","12":"tablet-align-left","13":"mobile-align-left","15":"first","16":"instock","17":"shipping-taxable","18":"product-type-simple"},"yoast_head":"<!-- This site is optimized with the Yoast SEO plugin v25.3 - https:\/\/yoast.com\/wordpress\/plugins\/seo\/ -->\n<title>Lector de mano ZEBRA DS8100 - Tecplan<\/title>\n<meta name=\"robots\" content=\"index, follow, max-snippet:-1, max-image-preview:large, max-video-preview:-1\" \/>\n<link rel=\"canonical\" href=\"https:\/\/tecplan.com.es\/en\/product\/lectores-de-mano-zebra-ds8100\/\" \/>\n<meta property=\"og:locale\" content=\"en_US\" \/>\n<meta property=\"og:type\" content=\"article\" \/>\n<meta property=\"og:title\" content=\"Lector de mano ZEBRA DS8100 - Tecplan\" \/>\n<meta property=\"og:description\" content=\"Los esc\u00e1neres de mano Series DS8100 superan a los lectores de im\u00e1genes convencionales y ofrecen escaneo sin precedentes de c\u00f3digos de barras 1D y 2D, herramientas innovadoras que mejoran la productividad y capacidad de administraci\u00f3n inigualable para que las filas de la caja avancen r\u00e1pidamente y los cajeros brinden una experiencia de pago m\u00e1s personalizada.\" \/>\n<meta property=\"og:url\" content=\"https:\/\/tecplan.com.es\/en\/product\/lectores-de-mano-zebra-ds8100\/\" \/>\n<meta property=\"og:site_name\" content=\"Tecplan\" \/>\n<meta property=\"article:modified_time\" content=\"2025-09-18T21:45:57+00:00\" \/>\n<meta property=\"og:image\" content=\"https:\/\/tecplan.com.es\/wp-content\/uploads\/2025\/09\/ds8100-series-1-1.jpg\" \/>\n\t<meta property=\"og:image:width\" content=\"1600\" \/>\n\t<meta property=\"og:image:height\" content=\"1067\" \/>\n\t<meta property=\"og:image:type\" content=\"image\/jpeg\" \/>\n<meta name=\"twitter:card\" content=\"summary_large_image\" \/>\n<meta name=\"twitter:label1\" content=\"Est. reading time\" \/>\n\t<meta name=\"twitter:data1\" content=\"4 minutes\" \/>\n<script type=\"application\/ld+json\" class=\"yoast-schema-graph\">{\"@context\":\"https:\/\/schema.org\",\"@graph\":[{\"@type\":\"WebPage\",\"@id\":\"https:\/\/tecplan.com.es\/product\/lectores-de-mano-zebra-ds8100\/\",\"url\":\"https:\/\/tecplan.com.es\/product\/lectores-de-mano-zebra-ds8100\/\",\"name\":\"Lector de mano ZEBRA DS8100 - Tecplan\",\"isPartOf\":{\"@id\":\"https:\/\/tecplan.com.es\/#website\"},\"primaryImageOfPage\":{\"@id\":\"https:\/\/tecplan.com.es\/product\/lectores-de-mano-zebra-ds8100\/#primaryimage\"},\"image\":{\"@id\":\"https:\/\/tecplan.com.es\/product\/lectores-de-mano-zebra-ds8100\/#primaryimage\"},\"thumbnailUrl\":\"https:\/\/tecplan.com.es\/wp-content\/uploads\/2025\/09\/ds8100-series-1-1.jpg\",\"datePublished\":\"2025-09-17T22:56:55+00:00\",\"dateModified\":\"2025-09-18T21:45:57+00:00\",\"breadcrumb\":{\"@id\":\"https:\/\/tecplan.com.es\/product\/lectores-de-mano-zebra-ds8100\/#breadcrumb\"},\"inLanguage\":\"en-US\",\"potentialAction\":[{\"@type\":\"ReadAction\",\"target\":[\"https:\/\/tecplan.com.es\/product\/lectores-de-mano-zebra-ds8100\/\"]}]},{\"@type\":\"ImageObject\",\"inLanguage\":\"en-US\",\"@id\":\"https:\/\/tecplan.com.es\/product\/lectores-de-mano-zebra-ds8100\/#primaryimage\",\"url\":\"https:\/\/tecplan.com.es\/wp-content\/uploads\/2025\/09\/ds8100-series-1-1.jpg\",\"contentUrl\":\"https:\/\/tecplan.com.es\/wp-content\/uploads\/2025\/09\/ds8100-series-1-1.jpg\",\"width\":1600,\"height\":1067},{\"@type\":\"BreadcrumbList\",\"@id\":\"https:\/\/tecplan.com.es\/product\/lectores-de-mano-zebra-ds8100\/#breadcrumb\",\"itemListElement\":[{\"@type\":\"ListItem\",\"position\":1,\"name\":\"Home\",\"item\":\"https:\/\/tecplan.com.es\/\"},{\"@type\":\"ListItem\",\"position\":2,\"name\":\"Shop\",\"item\":\"https:\/\/tecplan.com.es\/shop\/\"},{\"@type\":\"ListItem\",\"position\":3,\"name\":\"Lector de mano ZEBRA DS8100\"}]},{\"@type\":\"WebSite\",\"@id\":\"https:\/\/tecplan.com.es\/#website\",\"url\":\"https:\/\/tecplan.com.es\/\",\"name\":\"Tecplan\",\"description\":\"\",\"potentialAction\":[{\"@type\":\"SearchAction\",\"target\":{\"@type\":\"EntryPoint\",\"urlTemplate\":\"https:\/\/tecplan.com.es\/?s={search_term_string}\"},\"query-input\":{\"@type\":\"PropertyValueSpecification\",\"valueRequired\":true,\"valueName\":\"search_term_string\"}}],\"inLanguage\":\"en-US\"}]}<\/script>\n<!-- \/ Yoast SEO plugin. -->","yoast_head_json":{"title":"Lector de mano ZEBRA DS8100 - Tecplan","robots":{"index":"index","follow":"follow","max-snippet":"max-snippet:-1","max-image-preview":"max-image-preview:large","max-video-preview":"max-video-preview:-1"},"canonical":"https:\/\/tecplan.com.es\/en\/product\/lectores-de-mano-zebra-ds8100\/","og_locale":"en_US","og_type":"article","og_title":"Lector de mano ZEBRA DS8100 - Tecplan","og_description":"Los esc\u00e1neres de mano Series DS8100 superan a los lectores de im\u00e1genes convencionales y ofrecen escaneo sin precedentes de c\u00f3digos de barras 1D y 2D, herramientas innovadoras que mejoran la productividad y capacidad de administraci\u00f3n inigualable para que las filas de la caja avancen r\u00e1pidamente y los cajeros brinden una experiencia de pago m\u00e1s personalizada.","og_url":"https:\/\/tecplan.com.es\/en\/product\/lectores-de-mano-zebra-ds8100\/","og_site_name":"Tecplan","article_modified_time":"2025-09-18T21:45:57+00:00","og_image":[{"width":1600,"height":1067,"url":"https:\/\/tecplan.com.es\/wp-content\/uploads\/2025\/09\/ds8100-series-1-1.jpg","type":"image\/jpeg"}],"twitter_card":"summary_large_image","twitter_misc":{"Est. reading time":"4 minutes"},"schema":{"@context":"https:\/\/schema.org","@graph":[{"@type":"WebPage","@id":"https:\/\/tecplan.com.es\/product\/lectores-de-mano-zebra-ds8100\/","url":"https:\/\/tecplan.com.es\/product\/lectores-de-mano-zebra-ds8100\/","name":"Lector de mano ZEBRA DS8100 - Tecplan","isPartOf":{"@id":"https:\/\/tecplan.com.es\/#website"},"primaryImageOfPage":{"@id":"https:\/\/tecplan.com.es\/product\/lectores-de-mano-zebra-ds8100\/#primaryimage"},"image":{"@id":"https:\/\/tecplan.com.es\/product\/lectores-de-mano-zebra-ds8100\/#primaryimage"},"thumbnailUrl":"https:\/\/tecplan.com.es\/wp-content\/uploads\/2025\/09\/ds8100-series-1-1.jpg","datePublished":"2025-09-17T22:56:55+00:00","dateModified":"2025-09-18T21:45:57+00:00","breadcrumb":{"@id":"https:\/\/tecplan.com.es\/product\/lectores-de-mano-zebra-ds8100\/#breadcrumb"},"inLanguage":"en-US","potentialAction":[{"@type":"ReadAction","target":["https:\/\/tecplan.com.es\/product\/lectores-de-mano-zebra-ds8100\/"]}]},{"@type":"ImageObject","inLanguage":"en-US","@id":"https:\/\/tecplan.com.es\/product\/lectores-de-mano-zebra-ds8100\/#primaryimage","url":"https:\/\/tecplan.com.es\/wp-content\/uploads\/2025\/09\/ds8100-series-1-1.jpg","contentUrl":"https:\/\/tecplan.com.es\/wp-content\/uploads\/2025\/09\/ds8100-series-1-1.jpg","width":1600,"height":1067},{"@type":"BreadcrumbList","@id":"https:\/\/tecplan.com.es\/product\/lectores-de-mano-zebra-ds8100\/#breadcrumb","itemListElement":[{"@type":"ListItem","position":1,"name":"Home","item":"https:\/\/tecplan.com.es\/"},{"@type":"ListItem","position":2,"name":"Shop","item":"https:\/\/tecplan.com.es\/shop\/"},{"@type":"ListItem","position":3,"name":"Lector de mano ZEBRA DS8100"}]},{"@type":"WebSite","@id":"https:\/\/tecplan.com.es\/#website","url":"https:\/\/tecplan.com.es\/","name":"Tecplan","description":"","potentialAction":[{"@type":"SearchAction","target":{"@type":"EntryPoint","urlTemplate":"https:\/\/tecplan.com.es\/?s={search_term_string}"},"query-input":{"@type":"PropertyValueSpecification","valueRequired":true,"valueName":"search_term_string"}}],"inLanguage":"en-US"}]}},"_links":{"self":[{"href":"https:\/\/tecplan.com.es\/en\/wp-json\/wp\/v2\/product\/3251","targetHints":{"allow":["GET"]}}],"collection":[{"href":"https:\/\/tecplan.com.es\/en\/wp-json\/wp\/v2\/product"}],"about":[{"href":"https:\/\/tecplan.com.es\/en\/wp-json\/wp\/v2\/types\/product"}],"replies":[{"embeddable":true,"href":"https:\/\/tecplan.com.es\/en\/wp-json\/wp\/v2\/comments?post=3251"}],"version-history":[{"count":4,"href":"https:\/\/tecplan.com.es\/en\/wp-json\/wp\/v2\/product\/3251\/revisions"}],"predecessor-version":[{"id":3276,"href":"https:\/\/tecplan.com.es\/en\/wp-json\/wp\/v2\/product\/3251\/revisions\/3276"}],"wp:featuredmedia":[{"embeddable":true,"href":"https:\/\/tecplan.com.es\/en\/wp-json\/wp\/v2\/media\/3250"}],"wp:attachment":[{"href":"https:\/\/tecplan.com.es\/en\/wp-json\/wp\/v2\/media?parent=3251"}],"wp:term":[{"taxonomy":"product_brand","embeddable":true,"href":"https:\/\/tecplan.com.es\/en\/wp-json\/wp\/v2\/product_brand?post=3251"},{"taxonomy":"product_cat","embeddable":true,"href":"https:\/\/tecplan.com.es\/en\/wp-json\/wp\/v2\/product_cat?post=3251"},{"taxonomy":"product_tag","embeddable":true,"href":"https:\/\/tecplan.com.es\/en\/wp-json\/wp\/v2\/product_tag?post=3251"}],"curies":[{"name":"wp","href":"https:\/\/api.w.org\/{rel}","templated":true}]}}