{"id":3249,"date":"2025-09-17T22:56:51","date_gmt":"2025-09-17T22:56:51","guid":{"rendered":"https:\/\/tecplan.com.es\/product\/lectores-de-mano-zebra-ds4600\/"},"modified":"2025-09-18T21:29:28","modified_gmt":"2025-09-18T21:29:28","slug":"lectores-de-mano-zebra-ds4600","status":"publish","type":"product","link":"https:\/\/tecplan.com.es\/en\/product\/lectores-de-mano-zebra-ds4600\/","title":{"rendered":"Lectores de mano ZEBRA DS4600"},"content":{"rendered":"<p><strong>Series DS4600 ZEBRA para manufactura ligera y de dispositivos electr\u00f3nicos<\/strong><\/p>\n<p style=\"text-align: justify;\">Las marcas directas de piezas y los c\u00f3digos de barras de alta densidad pueden ser dif\u00edciles de escanear, pero la Series DS4600 para la manufactura de dispositivos electr\u00f3nicos simplifica la tarea. Estos intuitivos lectores de im\u00e1genes ofrecen el m\u00e1s amplio rango de decodificaci\u00f3n, de manera que los trabajadores pueden utilizarlos a distancias m\u00e1s c\u00f3modas para acceder al c\u00f3digo de barras o la marca que necesiten escanear.<\/p>\n<p style=\"text-align: justify;\">La serie DS4600 de Zebra est\u00e1 dise\u00f1ada espec\u00edficamente para la manufactura ligera y de dispositivos electr\u00f3nicos, ofreciendo un amplio rango de decodificaci\u00f3n que permite capturar c\u00f3digos de barras de alta densidad, marcas directas de piezas grabadas con l\u00e1ser y c\u00f3digos de bajo contraste desde distancias cercanas o lejanas, facilitando la trazabilidad y el control de calidad en entornos como salas blancas.<\/p>\n<h4 style=\"text-align: justify;\"><strong>El nuevo est\u00e1ndar de versatilidad y desempe\u00f1o<\/strong><\/h4>\n<p style=\"text-align: justify;\"><em><strong>Capture todo lo que necesite: desde marcas directas de piezas hasta c\u00f3digos de barras extra anchos<\/strong><\/em><\/p>\n<p style=\"text-align: justify;\">Independientemente de los tipos de marcas y c\u00f3digos de barras que utilice en sus operaciones de manufactura, puede capturarlos con el lector DS4600-DPE. El dispositivo lee con facilidad los pe\u00f1os y densos c\u00f3digos DPM grabados con l\u00e1ser en subcomponentes pl\u00e1sticos y met\u00e1licos, adem\u00e1s de marcas de tinta, grabados qu\u00edmicos, moldeados por inyecci\u00f3n de tinta y pulverizaciones t\u00e9rmicas. El mismo lector de im\u00e1genes puede leer los c\u00f3digos de barras de 4 pulgadas presentes en listas de selecci\u00f3n, etiquetas de cajas y paquetes, de manera que obtiene un valor incre\u00edble, ya que puede usar un solo dispositivo para las distintas aplicaciones de sus operaciones.<\/p>\n<h5 style=\"text-align: justify;\"><span style=\"text-decoration: underline;\"><strong>DOWNLOADS<\/strong><\/span><\/h5>\n<ul style=\"text-align: justify;\">\n<li><a href=\"https:\/\/drive.google.com\/file\/d\/11_J0UUEfjPr1jXuX9NiCGLsQhwH-X9UG\/view?usp=sharing\">\u2192 Technical specifications<\/a><\/li>\n<\/ul>\n<p>&nbsp;<\/p>","protected":false},"excerpt":{"rendered":"<p style=\"text-align: justify;\">Las marcas directas de piezas y los c\u00f3digos de barras de alta densidad pueden ser dif\u00edciles de escanear, pero la Series DS4600 para la manufactura de dispositivos electr\u00f3nicos simplifica la tarea. Estos intuitivos lectores de im\u00e1genes ofrecen el m\u00e1s amplio rango de decodificaci\u00f3n, de manera que los trabajadores pueden utilizarlos a distancias m\u00e1s c\u00f3modas para acceder al c\u00f3digo de barras o la marca que necesiten escanear.<\/p>\n<p><!--more--><\/p>\n<p><img decoding=\"async\" class=\"wp-image-3268 aligncenter\" src=\"https:\/\/tecplan.com.es\/wp-content\/uploads\/2025\/09\/Zebra-logo--300x225.png\" alt=\"\" width=\"136\" height=\"102\" srcset=\"https:\/\/tecplan.com.es\/wp-content\/uploads\/2025\/09\/Zebra-logo--300x225.png 300w, https:\/\/tecplan.com.es\/wp-content\/uploads\/2025\/09\/Zebra-logo--768x576.png 768w, https:\/\/tecplan.com.es\/wp-content\/uploads\/2025\/09\/Zebra-logo--16x12.png 16w, https:\/\/tecplan.com.es\/wp-content\/uploads\/2025\/09\/Zebra-logo--600x450.png 600w, https:\/\/tecplan.com.es\/wp-content\/uploads\/2025\/09\/Zebra-logo-.png 1024w\" sizes=\"(max-width: 136px) 100vw, 136px\" \/><\/p>","protected":false},"featured_media":3239,"comment_status":"open","ping_status":"closed","template":"","meta":{"site-sidebar-layout":"default","site-content-layout":"","ast-site-content-layout":"default","site-content-style":"default","site-sidebar-style":"default","ast-global-header-display":"","ast-banner-title-visibility":"","ast-main-header-display":"","ast-hfb-above-header-display":"","ast-hfb-below-header-display":"","ast-hfb-mobile-header-display":"","site-post-title":"","ast-breadcrumbs-content":"","ast-featured-img":"","footer-sml-layout":"","ast-disable-related-posts":"","theme-transparent-header-meta":"default","adv-header-id-meta":"","stick-header-meta":"","header-above-stick-meta":"","header-main-stick-meta":"","header-below-stick-meta":"","astra-migrate-meta-layouts":"set","ast-page-background-enabled":"default","ast-page-background-meta":{"desktop":{"background-color":"var(--ast-global-color-5)","background-image":"","background-repeat":"repeat","background-position":"center center","background-size":"auto","background-attachment":"scroll","background-type":"","background-media":"","overlay-type":"","overlay-color":"","overlay-opacity":"","overlay-gradient":""},"tablet":{"background-color":"","background-image":"","background-repeat":"repeat","background-position":"center center","background-size":"auto","background-attachment":"scroll","background-type":"","background-media":"","overlay-type":"","overlay-color":"","overlay-opacity":"","overlay-gradient":""},"mobile":{"background-color":"","background-image":"","background-repeat":"repeat","background-position":"center center","background-size":"auto","background-attachment":"scroll","background-type":"","background-media":"","overlay-type":"","overlay-color":"","overlay-opacity":"","overlay-gradient":""}},"ast-content-background-meta":{"desktop":{"background-color":"var(--ast-global-color-4)","background-image":"","background-repeat":"repeat","background-position":"center center","background-size":"auto","background-attachment":"scroll","background-type":"","background-media":"","overlay-type":"","overlay-color":"","overlay-opacity":"","overlay-gradient":""},"tablet":{"background-color":"var(--ast-global-color-4)","background-image":"","background-repeat":"repeat","background-position":"center center","background-size":"auto","background-attachment":"scroll","background-type":"","background-media":"","overlay-type":"","overlay-color":"","overlay-opacity":"","overlay-gradient":""},"mobile":{"background-color":"var(--ast-global-color-4)","background-image":"","background-repeat":"repeat","background-position":"center center","background-size":"auto","background-attachment":"scroll","background-type":"","background-media":"","overlay-type":"","overlay-color":"","overlay-opacity":"","overlay-gradient":""}}},"product_brand":[265],"product_cat":[99,96,97],"product_tag":[219],"class_list":{"0":"post-3249","1":"product","2":"type-product","3":"status-publish","4":"has-post-thumbnail","6":"product_brand-zebra","7":"product_cat-lectores-codigo-de-barra","8":"product_cat-networking","9":"product_cat-zebra","10":"product_tag-zebra","11":"desktop-align-left","12":"tablet-align-left","13":"mobile-align-left","15":"first","16":"instock","17":"shipping-taxable","18":"product-type-simple"},"yoast_head":"<!-- This site is optimized with the Yoast SEO plugin v25.3 - https:\/\/yoast.com\/wordpress\/plugins\/seo\/ -->\n<title>Lectores de mano ZEBRA DS4600 - Tecplan<\/title>\n<meta name=\"robots\" content=\"index, follow, max-snippet:-1, max-image-preview:large, max-video-preview:-1\" \/>\n<link rel=\"canonical\" href=\"https:\/\/tecplan.com.es\/en\/product\/lectores-de-mano-zebra-ds4600\/\" \/>\n<meta property=\"og:locale\" content=\"en_US\" \/>\n<meta property=\"og:type\" content=\"article\" \/>\n<meta property=\"og:title\" content=\"Lectores de mano ZEBRA DS4600 - Tecplan\" \/>\n<meta property=\"og:description\" content=\"Las marcas directas de piezas y los c\u00f3digos de barras de alta densidad pueden ser dif\u00edciles de escanear, pero la Series DS4600 para la manufactura de dispositivos electr\u00f3nicos simplifica la tarea. Estos intuitivos lectores de im\u00e1genes ofrecen el m\u00e1s amplio rango de decodificaci\u00f3n, de manera que los trabajadores pueden utilizarlos a distancias m\u00e1s c\u00f3modas para acceder al c\u00f3digo de barras o la marca que necesiten escanear.\" \/>\n<meta property=\"og:url\" content=\"https:\/\/tecplan.com.es\/en\/product\/lectores-de-mano-zebra-ds4600\/\" \/>\n<meta property=\"og:site_name\" content=\"Tecplan\" \/>\n<meta property=\"article:modified_time\" content=\"2025-09-18T21:29:28+00:00\" \/>\n<meta property=\"og:image\" content=\"https:\/\/tecplan.com.es\/wp-content\/uploads\/2025\/09\/ds4600-2.jpg\" \/>\n\t<meta property=\"og:image:width\" content=\"600\" \/>\n\t<meta property=\"og:image:height\" content=\"400\" \/>\n\t<meta property=\"og:image:type\" content=\"image\/jpeg\" \/>\n<meta name=\"twitter:card\" content=\"summary_large_image\" \/>\n<meta name=\"twitter:label1\" content=\"Est. reading time\" \/>\n\t<meta name=\"twitter:data1\" content=\"2 minutes\" \/>\n<script type=\"application\/ld+json\" class=\"yoast-schema-graph\">{\"@context\":\"https:\/\/schema.org\",\"@graph\":[{\"@type\":\"WebPage\",\"@id\":\"https:\/\/tecplan.com.es\/product\/lectores-de-mano-zebra-ds4600\/\",\"url\":\"https:\/\/tecplan.com.es\/product\/lectores-de-mano-zebra-ds4600\/\",\"name\":\"Lectores de mano ZEBRA DS4600 - Tecplan\",\"isPartOf\":{\"@id\":\"https:\/\/tecplan.com.es\/#website\"},\"primaryImageOfPage\":{\"@id\":\"https:\/\/tecplan.com.es\/product\/lectores-de-mano-zebra-ds4600\/#primaryimage\"},\"image\":{\"@id\":\"https:\/\/tecplan.com.es\/product\/lectores-de-mano-zebra-ds4600\/#primaryimage\"},\"thumbnailUrl\":\"https:\/\/tecplan.com.es\/wp-content\/uploads\/2025\/09\/ds4600-2.jpg\",\"datePublished\":\"2025-09-17T22:56:51+00:00\",\"dateModified\":\"2025-09-18T21:29:28+00:00\",\"breadcrumb\":{\"@id\":\"https:\/\/tecplan.com.es\/product\/lectores-de-mano-zebra-ds4600\/#breadcrumb\"},\"inLanguage\":\"en-US\",\"potentialAction\":[{\"@type\":\"ReadAction\",\"target\":[\"https:\/\/tecplan.com.es\/product\/lectores-de-mano-zebra-ds4600\/\"]}]},{\"@type\":\"ImageObject\",\"inLanguage\":\"en-US\",\"@id\":\"https:\/\/tecplan.com.es\/product\/lectores-de-mano-zebra-ds4600\/#primaryimage\",\"url\":\"https:\/\/tecplan.com.es\/wp-content\/uploads\/2025\/09\/ds4600-2.jpg\",\"contentUrl\":\"https:\/\/tecplan.com.es\/wp-content\/uploads\/2025\/09\/ds4600-2.jpg\",\"width\":600,\"height\":400,\"caption\":\"Improve productivity and quality control in electronics and light manufacturing\"},{\"@type\":\"BreadcrumbList\",\"@id\":\"https:\/\/tecplan.com.es\/product\/lectores-de-mano-zebra-ds4600\/#breadcrumb\",\"itemListElement\":[{\"@type\":\"ListItem\",\"position\":1,\"name\":\"Home\",\"item\":\"https:\/\/tecplan.com.es\/\"},{\"@type\":\"ListItem\",\"position\":2,\"name\":\"Shop\",\"item\":\"https:\/\/tecplan.com.es\/shop\/\"},{\"@type\":\"ListItem\",\"position\":3,\"name\":\"Lectores de mano ZEBRA DS4600\"}]},{\"@type\":\"WebSite\",\"@id\":\"https:\/\/tecplan.com.es\/#website\",\"url\":\"https:\/\/tecplan.com.es\/\",\"name\":\"Tecplan\",\"description\":\"\",\"potentialAction\":[{\"@type\":\"SearchAction\",\"target\":{\"@type\":\"EntryPoint\",\"urlTemplate\":\"https:\/\/tecplan.com.es\/?s={search_term_string}\"},\"query-input\":{\"@type\":\"PropertyValueSpecification\",\"valueRequired\":true,\"valueName\":\"search_term_string\"}}],\"inLanguage\":\"en-US\"}]}<\/script>\n<!-- \/ Yoast SEO plugin. -->","yoast_head_json":{"title":"Lectores de mano ZEBRA DS4600 - Tecplan","robots":{"index":"index","follow":"follow","max-snippet":"max-snippet:-1","max-image-preview":"max-image-preview:large","max-video-preview":"max-video-preview:-1"},"canonical":"https:\/\/tecplan.com.es\/en\/product\/lectores-de-mano-zebra-ds4600\/","og_locale":"en_US","og_type":"article","og_title":"Lectores de mano ZEBRA DS4600 - Tecplan","og_description":"Las marcas directas de piezas y los c\u00f3digos de barras de alta densidad pueden ser dif\u00edciles de escanear, pero la Series DS4600 para la manufactura de dispositivos electr\u00f3nicos simplifica la tarea. Estos intuitivos lectores de im\u00e1genes ofrecen el m\u00e1s amplio rango de decodificaci\u00f3n, de manera que los trabajadores pueden utilizarlos a distancias m\u00e1s c\u00f3modas para acceder al c\u00f3digo de barras o la marca que necesiten escanear.","og_url":"https:\/\/tecplan.com.es\/en\/product\/lectores-de-mano-zebra-ds4600\/","og_site_name":"Tecplan","article_modified_time":"2025-09-18T21:29:28+00:00","og_image":[{"width":600,"height":400,"url":"https:\/\/tecplan.com.es\/wp-content\/uploads\/2025\/09\/ds4600-2.jpg","type":"image\/jpeg"}],"twitter_card":"summary_large_image","twitter_misc":{"Est. reading time":"2 minutes"},"schema":{"@context":"https:\/\/schema.org","@graph":[{"@type":"WebPage","@id":"https:\/\/tecplan.com.es\/product\/lectores-de-mano-zebra-ds4600\/","url":"https:\/\/tecplan.com.es\/product\/lectores-de-mano-zebra-ds4600\/","name":"Lectores de mano ZEBRA DS4600 - Tecplan","isPartOf":{"@id":"https:\/\/tecplan.com.es\/#website"},"primaryImageOfPage":{"@id":"https:\/\/tecplan.com.es\/product\/lectores-de-mano-zebra-ds4600\/#primaryimage"},"image":{"@id":"https:\/\/tecplan.com.es\/product\/lectores-de-mano-zebra-ds4600\/#primaryimage"},"thumbnailUrl":"https:\/\/tecplan.com.es\/wp-content\/uploads\/2025\/09\/ds4600-2.jpg","datePublished":"2025-09-17T22:56:51+00:00","dateModified":"2025-09-18T21:29:28+00:00","breadcrumb":{"@id":"https:\/\/tecplan.com.es\/product\/lectores-de-mano-zebra-ds4600\/#breadcrumb"},"inLanguage":"en-US","potentialAction":[{"@type":"ReadAction","target":["https:\/\/tecplan.com.es\/product\/lectores-de-mano-zebra-ds4600\/"]}]},{"@type":"ImageObject","inLanguage":"en-US","@id":"https:\/\/tecplan.com.es\/product\/lectores-de-mano-zebra-ds4600\/#primaryimage","url":"https:\/\/tecplan.com.es\/wp-content\/uploads\/2025\/09\/ds4600-2.jpg","contentUrl":"https:\/\/tecplan.com.es\/wp-content\/uploads\/2025\/09\/ds4600-2.jpg","width":600,"height":400,"caption":"Improve productivity and quality control in electronics and light manufacturing"},{"@type":"BreadcrumbList","@id":"https:\/\/tecplan.com.es\/product\/lectores-de-mano-zebra-ds4600\/#breadcrumb","itemListElement":[{"@type":"ListItem","position":1,"name":"Home","item":"https:\/\/tecplan.com.es\/"},{"@type":"ListItem","position":2,"name":"Shop","item":"https:\/\/tecplan.com.es\/shop\/"},{"@type":"ListItem","position":3,"name":"Lectores de mano ZEBRA DS4600"}]},{"@type":"WebSite","@id":"https:\/\/tecplan.com.es\/#website","url":"https:\/\/tecplan.com.es\/","name":"Tecplan","description":"","potentialAction":[{"@type":"SearchAction","target":{"@type":"EntryPoint","urlTemplate":"https:\/\/tecplan.com.es\/?s={search_term_string}"},"query-input":{"@type":"PropertyValueSpecification","valueRequired":true,"valueName":"search_term_string"}}],"inLanguage":"en-US"}]}},"_links":{"self":[{"href":"https:\/\/tecplan.com.es\/en\/wp-json\/wp\/v2\/product\/3249","targetHints":{"allow":["GET"]}}],"collection":[{"href":"https:\/\/tecplan.com.es\/en\/wp-json\/wp\/v2\/product"}],"about":[{"href":"https:\/\/tecplan.com.es\/en\/wp-json\/wp\/v2\/types\/product"}],"replies":[{"embeddable":true,"href":"https:\/\/tecplan.com.es\/en\/wp-json\/wp\/v2\/comments?post=3249"}],"version-history":[{"count":2,"href":"https:\/\/tecplan.com.es\/en\/wp-json\/wp\/v2\/product\/3249\/revisions"}],"predecessor-version":[{"id":3267,"href":"https:\/\/tecplan.com.es\/en\/wp-json\/wp\/v2\/product\/3249\/revisions\/3267"}],"wp:featuredmedia":[{"embeddable":true,"href":"https:\/\/tecplan.com.es\/en\/wp-json\/wp\/v2\/media\/3239"}],"wp:attachment":[{"href":"https:\/\/tecplan.com.es\/en\/wp-json\/wp\/v2\/media?parent=3249"}],"wp:term":[{"taxonomy":"product_brand","embeddable":true,"href":"https:\/\/tecplan.com.es\/en\/wp-json\/wp\/v2\/product_brand?post=3249"},{"taxonomy":"product_cat","embeddable":true,"href":"https:\/\/tecplan.com.es\/en\/wp-json\/wp\/v2\/product_cat?post=3249"},{"taxonomy":"product_tag","embeddable":true,"href":"https:\/\/tecplan.com.es\/en\/wp-json\/wp\/v2\/product_tag?post=3249"}],"curies":[{"name":"wp","href":"https:\/\/api.w.org\/{rel}","templated":true}]}}