{"id":3248,"date":"2025-09-17T22:56:51","date_gmt":"2025-09-17T22:56:51","guid":{"rendered":"https:\/\/tecplan.com.es\/product\/lectores-de-mano-zebra-ds2200\/"},"modified":"2025-09-18T21:36:07","modified_gmt":"2025-09-18T21:36:07","slug":"lectores-de-mano-zebra-ds2200","status":"publish","type":"product","link":"https:\/\/tecplan.com.es\/en\/product\/lectores-de-mano-zebra-ds2200\/","title":{"rendered":"Lectores de mano ZEBRA DS2200"},"content":{"rendered":"<h5 style=\"text-align: justify;\">Lectores de im\u00e1genes 1D\/2D de mano Series ZEBRA DS2200 con cable e inal\u00e1mbricos<\/h5>\n<p style=\"text-align: justify;\">Con la l\u00ednea de dispositivos Series DS2200, puede escanear todo. Obtiene un esc\u00e1ner de mano 1D\/2D asequible que no sacrifica desempe\u00f1o o caracter\u00edsticas por precio. Y puede elegir el modelo que mejor se adapte a las necesidades de su punto de venta: el DS2208 cableado o el DS2278 inal\u00e1mbrico.<\/p>\n<p style=\"text-align: justify;\">La serie DS2200 de Zebra incluye lectores de im\u00e1genes 1D y 2D de mano asequibles, disponibles en dos modelos: el DS2208 con cable y el DS2278 inal\u00e1mbrico, dise\u00f1ados para adaptarse a las necesidades de puntos de venta. Ambos modelos ofrecen un rendimiento robusto sin sacrificar funciones por precio, permitiendo escanear tanto c\u00f3digos 1D como 2D, incluyendo c\u00f3digos digitales y c\u00f3digos impresos. El escaneado es omnidireccional gracias a los algoritmos de descodificaci\u00f3n de software PRZM de Zebra, lo que permite una lectura eficiente independientemente del estado del c\u00f3digo de barras.<\/p>\n<p style=\"text-align: justify;\"><strong>F\u00e1cil de usar<\/strong><br \/>\nLa Serie DS2200 proporciona a los trabajadores el mejor escaneo de su clase al primer intento, siempre, con la simplicidad de apuntar y disparar, independientemente de la condici\u00f3n del c\u00f3digo de barras. Y un modelo con Bluetooth\u2122 ofrece el emparejamiento m\u00e1s f\u00e1cil del planeta y 14 horas de energ\u00eda garantizadas.<\/p>\n<p style=\"text-align: justify;\"><strong>Easy to implement<\/strong><br \/>\nEl esc\u00e1ner ya viene configurado para las aplicaciones diarias, y los cables de detecci\u00f3n autom\u00e1tica de host seleccionan la interfaz de host adecuada: tan solo conecte el esc\u00e1ner y estar\u00e1 listo para usar.<\/p>\n<p style=\"text-align: justify;\"><strong>F\u00e1cil de administrar<\/strong><br \/>\nCon el DS2200, puede controlar f\u00e1cilmente sus esc\u00e1neres desde un tel\u00e9fono inteligente, una tableta o una PC. Y la bater\u00eda de larga duraci\u00f3n de 2400 mAh probablemente nunca tendr\u00e1 que ser reemplazada, con lo cual se elimina la necesidad de comprar y administrar un inventario de bater\u00edas de repuesto.<\/p>\n<h5 style=\"text-align: justify;\"><span style=\"text-decoration: underline;\"><strong>DOWNLOADS<\/strong><\/span><\/h5>\n<ul style=\"text-align: justify;\">\n<li><a href=\"https:\/\/drive.google.com\/file\/d\/1yDhiGMraHYGl65WClnfO17omvbkZvHa_\/view?usp=sharing\">\u2192 Technical specifications<\/a><\/li>\n<\/ul>","protected":false},"excerpt":{"rendered":"<p style=\"text-align: justify;\">Con la l\u00ednea de dispositivos Series DS2200, puede escanear todo. Obtiene un esc\u00e1ner de mano 1D\/2D asequible que no sacrifica desempe\u00f1o o caracter\u00edsticas por precio. Y puede elegir el modelo que mejor se adapte a las necesidades de su punto de venta: el DS2208 cableado o el DS2278 inal\u00e1mbrico.<\/p>\n<p><!--more--><\/p>\n<p><img decoding=\"async\" class=\"wp-image-3268 aligncenter\" src=\"https:\/\/tecplan.com.es\/wp-content\/uploads\/2025\/09\/Zebra-logo--300x225.png\" alt=\"\" width=\"150\" height=\"112\" srcset=\"https:\/\/tecplan.com.es\/wp-content\/uploads\/2025\/09\/Zebra-logo--300x225.png 300w, https:\/\/tecplan.com.es\/wp-content\/uploads\/2025\/09\/Zebra-logo--768x576.png 768w, https:\/\/tecplan.com.es\/wp-content\/uploads\/2025\/09\/Zebra-logo--16x12.png 16w, https:\/\/tecplan.com.es\/wp-content\/uploads\/2025\/09\/Zebra-logo--600x450.png 600w, https:\/\/tecplan.com.es\/wp-content\/uploads\/2025\/09\/Zebra-logo-.png 1024w\" sizes=\"(max-width: 150px) 100vw, 150px\" \/><\/p>","protected":false},"featured_media":3237,"comment_status":"open","ping_status":"closed","template":"","meta":{"site-sidebar-layout":"default","site-content-layout":"","ast-site-content-layout":"default","site-content-style":"default","site-sidebar-style":"default","ast-global-header-display":"","ast-banner-title-visibility":"","ast-main-header-display":"","ast-hfb-above-header-display":"","ast-hfb-below-header-display":"","ast-hfb-mobile-header-display":"","site-post-title":"","ast-breadcrumbs-content":"","ast-featured-img":"","footer-sml-layout":"","ast-disable-related-posts":"","theme-transparent-header-meta":"default","adv-header-id-meta":"","stick-header-meta":"","header-above-stick-meta":"","header-main-stick-meta":"","header-below-stick-meta":"","astra-migrate-meta-layouts":"set","ast-page-background-enabled":"default","ast-page-background-meta":{"desktop":{"background-color":"var(--ast-global-color-5)","background-image":"","background-repeat":"repeat","background-position":"center center","background-size":"auto","background-attachment":"scroll","background-type":"","background-media":"","overlay-type":"","overlay-color":"","overlay-opacity":"","overlay-gradient":""},"tablet":{"background-color":"","background-image":"","background-repeat":"repeat","background-position":"center center","background-size":"auto","background-attachment":"scroll","background-type":"","background-media":"","overlay-type":"","overlay-color":"","overlay-opacity":"","overlay-gradient":""},"mobile":{"background-color":"","background-image":"","background-repeat":"repeat","background-position":"center center","background-size":"auto","background-attachment":"scroll","background-type":"","background-media":"","overlay-type":"","overlay-color":"","overlay-opacity":"","overlay-gradient":""}},"ast-content-background-meta":{"desktop":{"background-color":"var(--ast-global-color-4)","background-image":"","background-repeat":"repeat","background-position":"center center","background-size":"auto","background-attachment":"scroll","background-type":"","background-media":"","overlay-type":"","overlay-color":"","overlay-opacity":"","overlay-gradient":""},"tablet":{"background-color":"var(--ast-global-color-4)","background-image":"","background-repeat":"repeat","background-position":"center center","background-size":"auto","background-attachment":"scroll","background-type":"","background-media":"","overlay-type":"","overlay-color":"","overlay-opacity":"","overlay-gradient":""},"mobile":{"background-color":"var(--ast-global-color-4)","background-image":"","background-repeat":"repeat","background-position":"center center","background-size":"auto","background-attachment":"scroll","background-type":"","background-media":"","overlay-type":"","overlay-color":"","overlay-opacity":"","overlay-gradient":""}}},"product_brand":[265],"product_cat":[99,96,97],"product_tag":[219],"class_list":{"0":"post-3248","1":"product","2":"type-product","3":"status-publish","4":"has-post-thumbnail","6":"product_brand-zebra","7":"product_cat-lectores-codigo-de-barra","8":"product_cat-networking","9":"product_cat-zebra","10":"product_tag-zebra","11":"desktop-align-left","12":"tablet-align-left","13":"mobile-align-left","15":"first","16":"instock","17":"shipping-taxable","18":"product-type-simple"},"yoast_head":"<!-- This site is optimized with the Yoast SEO plugin v25.3 - https:\/\/yoast.com\/wordpress\/plugins\/seo\/ -->\n<title>Lectores de mano ZEBRA DS2200 - Tecplan<\/title>\n<meta name=\"robots\" content=\"index, follow, max-snippet:-1, max-image-preview:large, max-video-preview:-1\" \/>\n<link rel=\"canonical\" href=\"https:\/\/tecplan.com.es\/en\/product\/lectores-de-mano-zebra-ds2200\/\" \/>\n<meta property=\"og:locale\" content=\"en_US\" \/>\n<meta property=\"og:type\" content=\"article\" \/>\n<meta property=\"og:title\" content=\"Lectores de mano ZEBRA DS2200 - Tecplan\" \/>\n<meta property=\"og:description\" content=\"Con la l\u00ednea de dispositivos Series DS2200, puede escanear todo. Obtiene un esc\u00e1ner de mano 1D\/2D asequible que no sacrifica desempe\u00f1o o caracter\u00edsticas por precio. Y puede elegir el modelo que mejor se adapte a las necesidades de su punto de venta: el DS2208 cableado o el DS2278 inal\u00e1mbrico.\" \/>\n<meta property=\"og:url\" content=\"https:\/\/tecplan.com.es\/en\/product\/lectores-de-mano-zebra-ds2200\/\" \/>\n<meta property=\"og:site_name\" content=\"Tecplan\" \/>\n<meta property=\"article:modified_time\" content=\"2025-09-18T21:36:07+00:00\" \/>\n<meta property=\"og:image\" content=\"https:\/\/tecplan.com.es\/wp-content\/uploads\/2025\/09\/ds2200-.webp\" \/>\n\t<meta property=\"og:image:width\" content=\"300\" \/>\n\t<meta property=\"og:image:height\" content=\"300\" \/>\n\t<meta property=\"og:image:type\" content=\"image\/webp\" \/>\n<meta name=\"twitter:card\" content=\"summary_large_image\" \/>\n<meta name=\"twitter:label1\" content=\"Est. reading time\" \/>\n\t<meta name=\"twitter:data1\" content=\"2 minutes\" \/>\n<script type=\"application\/ld+json\" class=\"yoast-schema-graph\">{\"@context\":\"https:\/\/schema.org\",\"@graph\":[{\"@type\":\"WebPage\",\"@id\":\"https:\/\/tecplan.com.es\/product\/lectores-de-mano-zebra-ds2200\/\",\"url\":\"https:\/\/tecplan.com.es\/product\/lectores-de-mano-zebra-ds2200\/\",\"name\":\"Lectores de mano ZEBRA DS2200 - Tecplan\",\"isPartOf\":{\"@id\":\"https:\/\/tecplan.com.es\/#website\"},\"primaryImageOfPage\":{\"@id\":\"https:\/\/tecplan.com.es\/product\/lectores-de-mano-zebra-ds2200\/#primaryimage\"},\"image\":{\"@id\":\"https:\/\/tecplan.com.es\/product\/lectores-de-mano-zebra-ds2200\/#primaryimage\"},\"thumbnailUrl\":\"https:\/\/tecplan.com.es\/wp-content\/uploads\/2025\/09\/ds2200-.webp\",\"datePublished\":\"2025-09-17T22:56:51+00:00\",\"dateModified\":\"2025-09-18T21:36:07+00:00\",\"breadcrumb\":{\"@id\":\"https:\/\/tecplan.com.es\/product\/lectores-de-mano-zebra-ds2200\/#breadcrumb\"},\"inLanguage\":\"en-US\",\"potentialAction\":[{\"@type\":\"ReadAction\",\"target\":[\"https:\/\/tecplan.com.es\/product\/lectores-de-mano-zebra-ds2200\/\"]}]},{\"@type\":\"ImageObject\",\"inLanguage\":\"en-US\",\"@id\":\"https:\/\/tecplan.com.es\/product\/lectores-de-mano-zebra-ds2200\/#primaryimage\",\"url\":\"https:\/\/tecplan.com.es\/wp-content\/uploads\/2025\/09\/ds2200-.webp\",\"contentUrl\":\"https:\/\/tecplan.com.es\/wp-content\/uploads\/2025\/09\/ds2200-.webp\",\"width\":300,\"height\":300},{\"@type\":\"BreadcrumbList\",\"@id\":\"https:\/\/tecplan.com.es\/product\/lectores-de-mano-zebra-ds2200\/#breadcrumb\",\"itemListElement\":[{\"@type\":\"ListItem\",\"position\":1,\"name\":\"Home\",\"item\":\"https:\/\/tecplan.com.es\/\"},{\"@type\":\"ListItem\",\"position\":2,\"name\":\"Shop\",\"item\":\"https:\/\/tecplan.com.es\/shop\/\"},{\"@type\":\"ListItem\",\"position\":3,\"name\":\"Lectores de mano ZEBRA DS2200\"}]},{\"@type\":\"WebSite\",\"@id\":\"https:\/\/tecplan.com.es\/#website\",\"url\":\"https:\/\/tecplan.com.es\/\",\"name\":\"Tecplan\",\"description\":\"\",\"potentialAction\":[{\"@type\":\"SearchAction\",\"target\":{\"@type\":\"EntryPoint\",\"urlTemplate\":\"https:\/\/tecplan.com.es\/?s={search_term_string}\"},\"query-input\":{\"@type\":\"PropertyValueSpecification\",\"valueRequired\":true,\"valueName\":\"search_term_string\"}}],\"inLanguage\":\"en-US\"}]}<\/script>\n<!-- \/ Yoast SEO plugin. -->","yoast_head_json":{"title":"Lectores de mano ZEBRA DS2200 - Tecplan","robots":{"index":"index","follow":"follow","max-snippet":"max-snippet:-1","max-image-preview":"max-image-preview:large","max-video-preview":"max-video-preview:-1"},"canonical":"https:\/\/tecplan.com.es\/en\/product\/lectores-de-mano-zebra-ds2200\/","og_locale":"en_US","og_type":"article","og_title":"Lectores de mano ZEBRA DS2200 - Tecplan","og_description":"Con la l\u00ednea de dispositivos Series DS2200, puede escanear todo. Obtiene un esc\u00e1ner de mano 1D\/2D asequible que no sacrifica desempe\u00f1o o caracter\u00edsticas por precio. Y puede elegir el modelo que mejor se adapte a las necesidades de su punto de venta: el DS2208 cableado o el DS2278 inal\u00e1mbrico.","og_url":"https:\/\/tecplan.com.es\/en\/product\/lectores-de-mano-zebra-ds2200\/","og_site_name":"Tecplan","article_modified_time":"2025-09-18T21:36:07+00:00","og_image":[{"width":300,"height":300,"url":"https:\/\/tecplan.com.es\/wp-content\/uploads\/2025\/09\/ds2200-.webp","type":"image\/webp"}],"twitter_card":"summary_large_image","twitter_misc":{"Est. reading time":"2 minutes"},"schema":{"@context":"https:\/\/schema.org","@graph":[{"@type":"WebPage","@id":"https:\/\/tecplan.com.es\/product\/lectores-de-mano-zebra-ds2200\/","url":"https:\/\/tecplan.com.es\/product\/lectores-de-mano-zebra-ds2200\/","name":"Lectores de mano ZEBRA DS2200 - Tecplan","isPartOf":{"@id":"https:\/\/tecplan.com.es\/#website"},"primaryImageOfPage":{"@id":"https:\/\/tecplan.com.es\/product\/lectores-de-mano-zebra-ds2200\/#primaryimage"},"image":{"@id":"https:\/\/tecplan.com.es\/product\/lectores-de-mano-zebra-ds2200\/#primaryimage"},"thumbnailUrl":"https:\/\/tecplan.com.es\/wp-content\/uploads\/2025\/09\/ds2200-.webp","datePublished":"2025-09-17T22:56:51+00:00","dateModified":"2025-09-18T21:36:07+00:00","breadcrumb":{"@id":"https:\/\/tecplan.com.es\/product\/lectores-de-mano-zebra-ds2200\/#breadcrumb"},"inLanguage":"en-US","potentialAction":[{"@type":"ReadAction","target":["https:\/\/tecplan.com.es\/product\/lectores-de-mano-zebra-ds2200\/"]}]},{"@type":"ImageObject","inLanguage":"en-US","@id":"https:\/\/tecplan.com.es\/product\/lectores-de-mano-zebra-ds2200\/#primaryimage","url":"https:\/\/tecplan.com.es\/wp-content\/uploads\/2025\/09\/ds2200-.webp","contentUrl":"https:\/\/tecplan.com.es\/wp-content\/uploads\/2025\/09\/ds2200-.webp","width":300,"height":300},{"@type":"BreadcrumbList","@id":"https:\/\/tecplan.com.es\/product\/lectores-de-mano-zebra-ds2200\/#breadcrumb","itemListElement":[{"@type":"ListItem","position":1,"name":"Home","item":"https:\/\/tecplan.com.es\/"},{"@type":"ListItem","position":2,"name":"Shop","item":"https:\/\/tecplan.com.es\/shop\/"},{"@type":"ListItem","position":3,"name":"Lectores de mano ZEBRA DS2200"}]},{"@type":"WebSite","@id":"https:\/\/tecplan.com.es\/#website","url":"https:\/\/tecplan.com.es\/","name":"Tecplan","description":"","potentialAction":[{"@type":"SearchAction","target":{"@type":"EntryPoint","urlTemplate":"https:\/\/tecplan.com.es\/?s={search_term_string}"},"query-input":{"@type":"PropertyValueSpecification","valueRequired":true,"valueName":"search_term_string"}}],"inLanguage":"en-US"}]}},"_links":{"self":[{"href":"https:\/\/tecplan.com.es\/en\/wp-json\/wp\/v2\/product\/3248","targetHints":{"allow":["GET"]}}],"collection":[{"href":"https:\/\/tecplan.com.es\/en\/wp-json\/wp\/v2\/product"}],"about":[{"href":"https:\/\/tecplan.com.es\/en\/wp-json\/wp\/v2\/types\/product"}],"replies":[{"embeddable":true,"href":"https:\/\/tecplan.com.es\/en\/wp-json\/wp\/v2\/comments?post=3248"}],"version-history":[{"count":3,"href":"https:\/\/tecplan.com.es\/en\/wp-json\/wp\/v2\/product\/3248\/revisions"}],"predecessor-version":[{"id":3270,"href":"https:\/\/tecplan.com.es\/en\/wp-json\/wp\/v2\/product\/3248\/revisions\/3270"}],"wp:featuredmedia":[{"embeddable":true,"href":"https:\/\/tecplan.com.es\/en\/wp-json\/wp\/v2\/media\/3237"}],"wp:attachment":[{"href":"https:\/\/tecplan.com.es\/en\/wp-json\/wp\/v2\/media?parent=3248"}],"wp:term":[{"taxonomy":"product_brand","embeddable":true,"href":"https:\/\/tecplan.com.es\/en\/wp-json\/wp\/v2\/product_brand?post=3248"},{"taxonomy":"product_cat","embeddable":true,"href":"https:\/\/tecplan.com.es\/en\/wp-json\/wp\/v2\/product_cat?post=3248"},{"taxonomy":"product_tag","embeddable":true,"href":"https:\/\/tecplan.com.es\/en\/wp-json\/wp\/v2\/product_tag?post=3248"}],"curies":[{"name":"wp","href":"https:\/\/api.w.org\/{rel}","templated":true}]}}