{"id":3247,"date":"2025-09-17T22:56:51","date_gmt":"2025-09-17T22:56:51","guid":{"rendered":"https:\/\/tecplan.com.es\/product\/escaner-de-mano-zebra-li2208\/"},"modified":"2025-09-18T21:40:53","modified_gmt":"2025-09-18T21:40:53","slug":"escaner-de-mano-zebra-li2208","status":"publish","type":"product","link":"https:\/\/tecplan.com.es\/en\/product\/escaner-de-mano-zebra-li2208\/","title":{"rendered":"Esc\u00e1ner de mano ZEBRA LI2208"},"content":{"rendered":"<p><strong>Zebra LI2208 Esc\u00e1ner de mano<\/strong><\/p>\n<p style=\"text-align: justify;\">El Zebra LI2208 representa la pr\u00f3xima generaci\u00f3n de lectura 1-D. Usted con funciones mejoradas tales como mayor alcance y soporte de c\u00f3digos de barras m\u00f3viles. Con el mejor lector Imagen de su clase y un rendimiento incomparable.<\/p>\n<p style=\"text-align: justify;\">La productividad de sus operaciones con el Zebra LI2208. Permite capturar pr\u00e1cticamente todo tipo de c\u00f3digos de barras 1-D, incluidos los c\u00f3digos tradicionales impresos en etiquetas de papel, los c\u00f3digos de barras electr\u00f3nicos visualizados en la pantalla de un tel\u00e9fono celular, de un tablet o de una computadora, permitiendo al comerciante minorista procesar f\u00e1cilmente tarjetas de fidelidad, cupones m\u00f3viles y m\u00e1s, como as\u00ed tambi\u00e9n los c\u00f3digos de barras de alta densidad (HD) que suelen utilizarse en tiendas especializadas y en la manufactura de componentes electr\u00f3nicos.<\/p>\n<p style=\"text-align: justify;\"><strong>Mejore su productividad<\/strong><\/p>\n<p style=\"text-align: justify;\">El rendimiento y las caracter\u00edsticas de dise\u00f1o del Zebra LI2208 permite a sus trabajadores satisfacer las necesidades de su empresa \u2013 y de sus clientes \u2013 de manera m\u00e1s eficiente. El trabajador puede leer c\u00f3digos de barras 1-D en todo tipos de superficies.<\/p>\n<p style=\"text-align: justify;\"><strong>Dise\u00f1ado para uso cotidiano intensivo<\/strong><\/p>\n<p style=\"text-align: justify;\">Cuenta con una \u00fanica placa de circuito patentada que mejora la confiabilidad eliminando conectores y cables cinta, que constituyen el punto de falla m\u00e1s com\u00fan. Resistente a ca\u00eddas y uso en entornos polvorientos y h\u00famedos, ofreciendo en todos los casos un funcionamiento confiable.<\/p>\n<p style=\"text-align: justify;\"><strong>Inmejorable experiencia \u2013 Listo para usar<\/strong><\/p>\n<p style=\"text-align: justify;\">Detecci\u00f3n autom\u00e1tica de host que reconocen la interfaz conectada, lo que minimiza la necesidad de escanear c\u00f3digos de barras de distintos par\u00e1metros. El lector admite m\u00e1s de 90 teclados internacionales, lo que facilita y agiliza la configuraci\u00f3n a nivel local.<\/p>\n<h5 style=\"text-align: justify;\"><span style=\"text-decoration: underline;\"><strong>DOWNLOADS<\/strong><\/span><\/h5>\n<ul style=\"text-align: justify;\">\n<li><a href=\"https:\/\/drive.google.com\/file\/d\/1JGVjNmP7xqbTc81-sOPGG7pRkAzgjgXP\/view?usp=sharing\">\u2192 Technical specifications<\/a><\/li>\n<\/ul>","protected":false},"excerpt":{"rendered":"<p style=\"text-align: justify;\">Esc\u00e1ner de mano confiable y ergon\u00f3mico con funciones mejoradas de mayor alcance y soporte de c\u00f3digos de barras m\u00f3viles. Con el mejor lector de Imagen de su clase con un rendimiento sin igual.<\/p>\n<p><!--more--><\/p>\n<p><img decoding=\"async\" class=\"wp-image-3268 aligncenter\" src=\"https:\/\/tecplan.com.es\/wp-content\/uploads\/2025\/09\/Zebra-logo--300x225.png\" alt=\"\" width=\"175\" height=\"131\" srcset=\"https:\/\/tecplan.com.es\/wp-content\/uploads\/2025\/09\/Zebra-logo--300x225.png 300w, https:\/\/tecplan.com.es\/wp-content\/uploads\/2025\/09\/Zebra-logo--768x576.png 768w, https:\/\/tecplan.com.es\/wp-content\/uploads\/2025\/09\/Zebra-logo--16x12.png 16w, https:\/\/tecplan.com.es\/wp-content\/uploads\/2025\/09\/Zebra-logo--600x450.png 600w, https:\/\/tecplan.com.es\/wp-content\/uploads\/2025\/09\/Zebra-logo-.png 1024w\" sizes=\"(max-width: 175px) 100vw, 175px\" \/><\/p>","protected":false},"featured_media":3233,"comment_status":"open","ping_status":"closed","template":"","meta":{"site-sidebar-layout":"default","site-content-layout":"","ast-site-content-layout":"default","site-content-style":"default","site-sidebar-style":"default","ast-global-header-display":"","ast-banner-title-visibility":"","ast-main-header-display":"","ast-hfb-above-header-display":"","ast-hfb-below-header-display":"","ast-hfb-mobile-header-display":"","site-post-title":"","ast-breadcrumbs-content":"","ast-featured-img":"","footer-sml-layout":"","ast-disable-related-posts":"","theme-transparent-header-meta":"default","adv-header-id-meta":"","stick-header-meta":"","header-above-stick-meta":"","header-main-stick-meta":"","header-below-stick-meta":"","astra-migrate-meta-layouts":"set","ast-page-background-enabled":"default","ast-page-background-meta":{"desktop":{"background-color":"var(--ast-global-color-5)","background-image":"","background-repeat":"repeat","background-position":"center center","background-size":"auto","background-attachment":"scroll","background-type":"","background-media":"","overlay-type":"","overlay-color":"","overlay-opacity":"","overlay-gradient":""},"tablet":{"background-color":"","background-image":"","background-repeat":"repeat","background-position":"center center","background-size":"auto","background-attachment":"scroll","background-type":"","background-media":"","overlay-type":"","overlay-color":"","overlay-opacity":"","overlay-gradient":""},"mobile":{"background-color":"","background-image":"","background-repeat":"repeat","background-position":"center center","background-size":"auto","background-attachment":"scroll","background-type":"","background-media":"","overlay-type":"","overlay-color":"","overlay-opacity":"","overlay-gradient":""}},"ast-content-background-meta":{"desktop":{"background-color":"var(--ast-global-color-4)","background-image":"","background-repeat":"repeat","background-position":"center center","background-size":"auto","background-attachment":"scroll","background-type":"","background-media":"","overlay-type":"","overlay-color":"","overlay-opacity":"","overlay-gradient":""},"tablet":{"background-color":"var(--ast-global-color-4)","background-image":"","background-repeat":"repeat","background-position":"center center","background-size":"auto","background-attachment":"scroll","background-type":"","background-media":"","overlay-type":"","overlay-color":"","overlay-opacity":"","overlay-gradient":""},"mobile":{"background-color":"var(--ast-global-color-4)","background-image":"","background-repeat":"repeat","background-position":"center center","background-size":"auto","background-attachment":"scroll","background-type":"","background-media":"","overlay-type":"","overlay-color":"","overlay-opacity":"","overlay-gradient":""}}},"product_brand":[265],"product_cat":[99,96,97],"product_tag":[219],"class_list":{"0":"post-3247","1":"product","2":"type-product","3":"status-publish","4":"has-post-thumbnail","6":"product_brand-zebra","7":"product_cat-lectores-codigo-de-barra","8":"product_cat-networking","9":"product_cat-zebra","10":"product_tag-zebra","11":"desktop-align-left","12":"tablet-align-left","13":"mobile-align-left","15":"first","16":"instock","17":"shipping-taxable","18":"product-type-simple"},"yoast_head":"<!-- This site is optimized with the Yoast SEO plugin v25.3 - https:\/\/yoast.com\/wordpress\/plugins\/seo\/ -->\n<title>Esc\u00e1ner de mano ZEBRA LI2208 - Tecplan<\/title>\n<meta name=\"robots\" content=\"index, follow, max-snippet:-1, max-image-preview:large, max-video-preview:-1\" \/>\n<link rel=\"canonical\" href=\"https:\/\/tecplan.com.es\/en\/product\/escaner-de-mano-zebra-li2208\/\" \/>\n<meta property=\"og:locale\" content=\"en_US\" \/>\n<meta property=\"og:type\" content=\"article\" \/>\n<meta property=\"og:title\" content=\"Esc\u00e1ner de mano ZEBRA LI2208 - Tecplan\" \/>\n<meta property=\"og:description\" content=\"Esc\u00e1ner de mano confiable y ergon\u00f3mico con funciones mejoradas de mayor alcance y soporte de c\u00f3digos de barras m\u00f3viles. Con el mejor lector de Imagen de su clase con un rendimiento sin igual.\" \/>\n<meta property=\"og:url\" content=\"https:\/\/tecplan.com.es\/en\/product\/escaner-de-mano-zebra-li2208\/\" \/>\n<meta property=\"og:site_name\" content=\"Tecplan\" \/>\n<meta property=\"article:modified_time\" content=\"2025-09-18T21:40:53+00:00\" \/>\n<meta property=\"og:image\" content=\"https:\/\/tecplan.com.es\/wp-content\/uploads\/2025\/09\/Li2208-12.webp\" \/>\n\t<meta property=\"og:image:width\" content=\"300\" \/>\n\t<meta property=\"og:image:height\" content=\"300\" \/>\n\t<meta property=\"og:image:type\" content=\"image\/webp\" \/>\n<meta name=\"twitter:card\" content=\"summary_large_image\" \/>\n<meta name=\"twitter:label1\" content=\"Est. reading time\" \/>\n\t<meta name=\"twitter:data1\" content=\"2 minutes\" \/>\n<script type=\"application\/ld+json\" class=\"yoast-schema-graph\">{\"@context\":\"https:\/\/schema.org\",\"@graph\":[{\"@type\":\"WebPage\",\"@id\":\"https:\/\/tecplan.com.es\/product\/escaner-de-mano-zebra-li2208\/\",\"url\":\"https:\/\/tecplan.com.es\/product\/escaner-de-mano-zebra-li2208\/\",\"name\":\"Esc\u00e1ner de mano ZEBRA LI2208 - Tecplan\",\"isPartOf\":{\"@id\":\"https:\/\/tecplan.com.es\/#website\"},\"primaryImageOfPage\":{\"@id\":\"https:\/\/tecplan.com.es\/product\/escaner-de-mano-zebra-li2208\/#primaryimage\"},\"image\":{\"@id\":\"https:\/\/tecplan.com.es\/product\/escaner-de-mano-zebra-li2208\/#primaryimage\"},\"thumbnailUrl\":\"https:\/\/tecplan.com.es\/wp-content\/uploads\/2025\/09\/Li2208-12.webp\",\"datePublished\":\"2025-09-17T22:56:51+00:00\",\"dateModified\":\"2025-09-18T21:40:53+00:00\",\"breadcrumb\":{\"@id\":\"https:\/\/tecplan.com.es\/product\/escaner-de-mano-zebra-li2208\/#breadcrumb\"},\"inLanguage\":\"en-US\",\"potentialAction\":[{\"@type\":\"ReadAction\",\"target\":[\"https:\/\/tecplan.com.es\/product\/escaner-de-mano-zebra-li2208\/\"]}]},{\"@type\":\"ImageObject\",\"inLanguage\":\"en-US\",\"@id\":\"https:\/\/tecplan.com.es\/product\/escaner-de-mano-zebra-li2208\/#primaryimage\",\"url\":\"https:\/\/tecplan.com.es\/wp-content\/uploads\/2025\/09\/Li2208-12.webp\",\"contentUrl\":\"https:\/\/tecplan.com.es\/wp-content\/uploads\/2025\/09\/Li2208-12.webp\",\"width\":300,\"height\":300},{\"@type\":\"BreadcrumbList\",\"@id\":\"https:\/\/tecplan.com.es\/product\/escaner-de-mano-zebra-li2208\/#breadcrumb\",\"itemListElement\":[{\"@type\":\"ListItem\",\"position\":1,\"name\":\"Home\",\"item\":\"https:\/\/tecplan.com.es\/\"},{\"@type\":\"ListItem\",\"position\":2,\"name\":\"Shop\",\"item\":\"https:\/\/tecplan.com.es\/shop\/\"},{\"@type\":\"ListItem\",\"position\":3,\"name\":\"Esc\u00e1ner de mano ZEBRA LI2208\"}]},{\"@type\":\"WebSite\",\"@id\":\"https:\/\/tecplan.com.es\/#website\",\"url\":\"https:\/\/tecplan.com.es\/\",\"name\":\"Tecplan\",\"description\":\"\",\"potentialAction\":[{\"@type\":\"SearchAction\",\"target\":{\"@type\":\"EntryPoint\",\"urlTemplate\":\"https:\/\/tecplan.com.es\/?s={search_term_string}\"},\"query-input\":{\"@type\":\"PropertyValueSpecification\",\"valueRequired\":true,\"valueName\":\"search_term_string\"}}],\"inLanguage\":\"en-US\"}]}<\/script>\n<!-- \/ Yoast SEO plugin. -->","yoast_head_json":{"title":"Esc\u00e1ner de mano ZEBRA LI2208 - Tecplan","robots":{"index":"index","follow":"follow","max-snippet":"max-snippet:-1","max-image-preview":"max-image-preview:large","max-video-preview":"max-video-preview:-1"},"canonical":"https:\/\/tecplan.com.es\/en\/product\/escaner-de-mano-zebra-li2208\/","og_locale":"en_US","og_type":"article","og_title":"Esc\u00e1ner de mano ZEBRA LI2208 - Tecplan","og_description":"Esc\u00e1ner de mano confiable y ergon\u00f3mico con funciones mejoradas de mayor alcance y soporte de c\u00f3digos de barras m\u00f3viles. Con el mejor lector de Imagen de su clase con un rendimiento sin igual.","og_url":"https:\/\/tecplan.com.es\/en\/product\/escaner-de-mano-zebra-li2208\/","og_site_name":"Tecplan","article_modified_time":"2025-09-18T21:40:53+00:00","og_image":[{"width":300,"height":300,"url":"https:\/\/tecplan.com.es\/wp-content\/uploads\/2025\/09\/Li2208-12.webp","type":"image\/webp"}],"twitter_card":"summary_large_image","twitter_misc":{"Est. reading time":"2 minutes"},"schema":{"@context":"https:\/\/schema.org","@graph":[{"@type":"WebPage","@id":"https:\/\/tecplan.com.es\/product\/escaner-de-mano-zebra-li2208\/","url":"https:\/\/tecplan.com.es\/product\/escaner-de-mano-zebra-li2208\/","name":"Esc\u00e1ner de mano ZEBRA LI2208 - Tecplan","isPartOf":{"@id":"https:\/\/tecplan.com.es\/#website"},"primaryImageOfPage":{"@id":"https:\/\/tecplan.com.es\/product\/escaner-de-mano-zebra-li2208\/#primaryimage"},"image":{"@id":"https:\/\/tecplan.com.es\/product\/escaner-de-mano-zebra-li2208\/#primaryimage"},"thumbnailUrl":"https:\/\/tecplan.com.es\/wp-content\/uploads\/2025\/09\/Li2208-12.webp","datePublished":"2025-09-17T22:56:51+00:00","dateModified":"2025-09-18T21:40:53+00:00","breadcrumb":{"@id":"https:\/\/tecplan.com.es\/product\/escaner-de-mano-zebra-li2208\/#breadcrumb"},"inLanguage":"en-US","potentialAction":[{"@type":"ReadAction","target":["https:\/\/tecplan.com.es\/product\/escaner-de-mano-zebra-li2208\/"]}]},{"@type":"ImageObject","inLanguage":"en-US","@id":"https:\/\/tecplan.com.es\/product\/escaner-de-mano-zebra-li2208\/#primaryimage","url":"https:\/\/tecplan.com.es\/wp-content\/uploads\/2025\/09\/Li2208-12.webp","contentUrl":"https:\/\/tecplan.com.es\/wp-content\/uploads\/2025\/09\/Li2208-12.webp","width":300,"height":300},{"@type":"BreadcrumbList","@id":"https:\/\/tecplan.com.es\/product\/escaner-de-mano-zebra-li2208\/#breadcrumb","itemListElement":[{"@type":"ListItem","position":1,"name":"Home","item":"https:\/\/tecplan.com.es\/"},{"@type":"ListItem","position":2,"name":"Shop","item":"https:\/\/tecplan.com.es\/shop\/"},{"@type":"ListItem","position":3,"name":"Esc\u00e1ner de mano ZEBRA LI2208"}]},{"@type":"WebSite","@id":"https:\/\/tecplan.com.es\/#website","url":"https:\/\/tecplan.com.es\/","name":"Tecplan","description":"","potentialAction":[{"@type":"SearchAction","target":{"@type":"EntryPoint","urlTemplate":"https:\/\/tecplan.com.es\/?s={search_term_string}"},"query-input":{"@type":"PropertyValueSpecification","valueRequired":true,"valueName":"search_term_string"}}],"inLanguage":"en-US"}]}},"_links":{"self":[{"href":"https:\/\/tecplan.com.es\/en\/wp-json\/wp\/v2\/product\/3247","targetHints":{"allow":["GET"]}}],"collection":[{"href":"https:\/\/tecplan.com.es\/en\/wp-json\/wp\/v2\/product"}],"about":[{"href":"https:\/\/tecplan.com.es\/en\/wp-json\/wp\/v2\/types\/product"}],"replies":[{"embeddable":true,"href":"https:\/\/tecplan.com.es\/en\/wp-json\/wp\/v2\/comments?post=3247"}],"version-history":[{"count":3,"href":"https:\/\/tecplan.com.es\/en\/wp-json\/wp\/v2\/product\/3247\/revisions"}],"predecessor-version":[{"id":3273,"href":"https:\/\/tecplan.com.es\/en\/wp-json\/wp\/v2\/product\/3247\/revisions\/3273"}],"wp:featuredmedia":[{"embeddable":true,"href":"https:\/\/tecplan.com.es\/en\/wp-json\/wp\/v2\/media\/3233"}],"wp:attachment":[{"href":"https:\/\/tecplan.com.es\/en\/wp-json\/wp\/v2\/media?parent=3247"}],"wp:term":[{"taxonomy":"product_brand","embeddable":true,"href":"https:\/\/tecplan.com.es\/en\/wp-json\/wp\/v2\/product_brand?post=3247"},{"taxonomy":"product_cat","embeddable":true,"href":"https:\/\/tecplan.com.es\/en\/wp-json\/wp\/v2\/product_cat?post=3247"},{"taxonomy":"product_tag","embeddable":true,"href":"https:\/\/tecplan.com.es\/en\/wp-json\/wp\/v2\/product_tag?post=3247"}],"curies":[{"name":"wp","href":"https:\/\/api.w.org\/{rel}","templated":true}]}}