{"id":3244,"date":"2025-09-17T22:56:50","date_gmt":"2025-09-17T22:56:50","guid":{"rendered":"https:\/\/tecplan.com.es\/product\/radio-portatil-motorola-dgp8550ex\/"},"modified":"2025-09-18T21:24:20","modified_gmt":"2025-09-18T21:24:20","slug":"radio-portatil-motorola-dgp8550ex","status":"publish","type":"product","link":"https:\/\/tecplan.com.es\/en\/product\/radio-portatil-motorola-dgp8550ex\/","title":{"rendered":"Radio Portatil Motorola DGP8550EX"},"content":{"rendered":"<p style=\"text-align: justify;\">El radio ofrece un audio de alta calidad gracias a un altavoz frontal potente y una funci\u00f3n de Audio Inteligente que ajusta autom\u00e1ticamente el volumen seg\u00fan el nivel de ruido del entorno. Su pantalla a color de 5 l\u00edneas incluye modos d\u00eda\/noche para una mejor visibilidad en distintas condiciones de iluminaci\u00f3n. Adem\u00e1s, incorpora GPS integrado para localizar equipos m\u00f3viles y un bot\u00f3n de emergencia programable que env\u00eda alertas a supervisores o despachadores.<\/p>\n<p style=\"text-align: justify;\">El DGP8550EX cuenta con capacidades avanzadas de datos y comunicaci\u00f3n, incluyendo mensajer\u00eda de texto, transmisi\u00f3n de voz y datos por Bluetooth, y compatibilidad con soluciones como IP Site Connect para extender la cobertura entre m\u00faltiples sitios. Tambi\u00e9n soporta sistemas de trunking digital como Capacity Plus y Linked Capacity Plus, permitiendo una alta capacidad de comunicaci\u00f3n para m\u00e1s de mil usuarios en un solo sitio. El radio posee una bater\u00eda que ofrece hasta 16.2 horas de duraci\u00f3n en modo digital y 11.1 horas en modo anal\u00f3gico.<\/p>\n<h5 style=\"text-align: justify;\"><strong>Caracter\u00edsticas<\/strong><\/h5>\n<ul>\n<li style=\"text-align: justify;\">Audio mejor en su clase<br \/>\nPotente altavoz de proyecci\u00f3n frontal y la funcionalidad de Audio Inteligente ajusta el volumen del radio de acuerdo con el nivel de ruido del entorno.<\/li>\n<li style=\"text-align: justify;\">Modos D\u00eda\/Noche en la pantalla<br \/>\nLa pantalla tiene mejor resoluci\u00f3n para mejor visualizaci\u00f3n hasta en pleno d\u00eda. El modo noche facilita la lectura de los mensajes en entornos oscuros.<\/li>\n<li style=\"text-align: justify;\">Mensajer\u00eda de texto<br \/>\nUse mensajer\u00eda de texto cuando se requiere discreci\u00f3n o para comunicaciones rutinarias que necesitan ser enviadas sin interrumpir a los trabajadores o hu\u00e9spedes.<\/li>\n<li style=\"text-align: justify;\">IP Site Connect<br \/>\nUna soluci\u00f3n digital que usa Internet para extender las capacidades de voa y datos de MOTOTRBO. \u00dasela para vincular hasta 15 sitios para comunicaci\u00f3n en ubicaciones geogr\u00e1ficamente dispersas, y crear una cobertura de \u00e1rea amplia o para mejorar la cobertura en un sitio \u00fanico con barreras f\u00edsicas.<\/li>\n<li style=\"text-align: justify;\">Certificado por ATEX\/INMETRO como intr\u00ednsecamente seguro ATEX\/INMETRO cuando se compra equipado con una bater\u00eda ATEX\/INMETRO para uso en entornos extremos.<\/li>\n<li style=\"text-align: justify;\">Privacidad b\u00e1sica o mejorada<br \/>\nScrambling incorporado para mayor seguridad.<\/li>\n<li style=\"text-align: justify;\">Transmit Interrupt<br \/>\nPermite al usuario interrumpir otra conversaci\u00f3n de radio para transmitir comunicaciones cr\u00edticas exactamente d\u00f3nde y cu\u00e1ndo se necesitan.<\/li>\n<li style=\"text-align: justify;\">Amplia pantalla a color<br \/>\nPantalla a color de 5 l\u00edneas con una interfaz flexible, basada en men\u00fas. Iconos y botones de navegaci\u00f3n grandes y f\u00e1ciles de usar facilitan la lectura de los mensajes y la navegaci\u00f3n del men\u00fa.<\/li>\n<li style=\"text-align: justify;\">GPS integrado<br \/>\nUbique a los equipos de trabajo m\u00f3viles con el GPS integrado.<\/li>\n<li style=\"text-align: justify;\">Aplicaciones de datos que mejoran la productividad<br \/>\nDispone del m\u00e1s extenso programa de desarrolladores de aplicaciones de la industria para admitir una amplia variedad de aplicaciones personalizadas, indluyendo: rastreo de ubicaci\u00f3n, datos por Bluetooth, gateways de correo electr\u00f3nico, despacho, telefon\u00eda, trabajador accidentado y administraci\u00f3n de \u00f3rdenes de trabajo.<\/li>\n<li style=\"text-align: justify;\">Capacity Plus<br \/>\nSistema trunking digital de sitio \u00fanico que maximiza la capacidad de su sitema MOTOTRBO. \u00daselo para habilitar un alto volumen de comunicaciones de voz y datos para m\u00e1s de mil usuarios en un sitio \u00fanico sin agregar nuevas frecuencias.<\/li>\n<li style=\"text-align: justify;\">\nLinked Capacity Plus es una configuraci\u00f3n para sitios m\u00faltiples de sistema de trunking digital de nivel b\u00e1sico, para la plataforma MOTOTRBO. Aprovecha la alta capacidad de Capacity Plus, con las capacidades de cobertura de \u00e1rea amplia de IP Site Connect para mantener a su personal en varias ubicaciones conectado con una soluci\u00f3n de trunking de \u00e1rea amplia asequible y de gran capacidad.<\/li>\n<li style=\"text-align: justify;\">Dise\u00f1o resistente<br \/>\nTotalmente sellado contra viento y polvo, adem\u00e1s de sumergible en hasta un metro de agua por 30 minutos (IP57).<\/li>\n<li style=\"text-align: justify;\">Bot\u00f3n de emergencia<br \/>\nBot\u00f3n anaranjado en la parte superior del radio puede ser programado para enviar una alerta a un supervisor o a un despachador durante una situaci\u00f3n de emergencia.<\/li>\n<li style=\"text-align: justify;\">Desempe\u00f1o \u00f3ptimo en las<\/li>\n<\/ul>\n<h5 style=\"text-align: justify;\"><span style=\"text-decoration: underline;\"><strong>DOWNLOADS<\/strong><\/span><\/h5>\n<ul style=\"text-align: justify;\">\n<li><a href=\"https:\/\/drive.google.com\/file\/d\/10jBDc6P5VkoVyewa2VXhSiTY4bS94WRz\/view?usp=sharing\">\u2192 Technical specifications<\/a><\/li>\n<\/ul>","protected":false},"excerpt":{"rendered":"<p style=\"text-align: justify;\">El radio port\u00e1til Motorola MOTOTRBO DGP8550EX est\u00e1 dise\u00f1ado para garantizar comunicaciones seguras y confiables en entornos extremos, como minas subterr\u00e1neas o instalaciones petroqu\u00edmicas, donde existen riesgos de explosi\u00f3n debido a gases inflamables, polvo combustible o productos qu\u00edmicos peligrosos.<\/p>\n<p><!--more--><\/p>\n<p><img decoding=\"async\" class=\"wp-image-1035 aligncenter\" src=\"https:\/\/tecplan.com.es\/wp-content\/uploads\/2025\/05\/descarga-300x90.png\" alt=\"\" width=\"187\" height=\"56\" srcset=\"https:\/\/tecplan.com.es\/wp-content\/uploads\/2025\/05\/descarga-300x90.png 300w, https:\/\/tecplan.com.es\/wp-content\/uploads\/2025\/05\/descarga-18x5.png 18w, https:\/\/tecplan.com.es\/wp-content\/uploads\/2025\/05\/descarga.png 596w\" sizes=\"(max-width: 187px) 100vw, 187px\" \/><\/p>","protected":false},"featured_media":3220,"comment_status":"open","ping_status":"closed","template":"","meta":{"site-sidebar-layout":"default","site-content-layout":"","ast-site-content-layout":"default","site-content-style":"default","site-sidebar-style":"default","ast-global-header-display":"","ast-banner-title-visibility":"","ast-main-header-display":"","ast-hfb-above-header-display":"","ast-hfb-below-header-display":"","ast-hfb-mobile-header-display":"","site-post-title":"","ast-breadcrumbs-content":"","ast-featured-img":"","footer-sml-layout":"","ast-disable-related-posts":"","theme-transparent-header-meta":"default","adv-header-id-meta":"","stick-header-meta":"","header-above-stick-meta":"","header-main-stick-meta":"","header-below-stick-meta":"","astra-migrate-meta-layouts":"set","ast-page-background-enabled":"default","ast-page-background-meta":{"desktop":{"background-color":"var(--ast-global-color-5)","background-image":"","background-repeat":"repeat","background-position":"center center","background-size":"auto","background-attachment":"scroll","background-type":"","background-media":"","overlay-type":"","overlay-color":"","overlay-opacity":"","overlay-gradient":""},"tablet":{"background-color":"","background-image":"","background-repeat":"repeat","background-position":"center center","background-size":"auto","background-attachment":"scroll","background-type":"","background-media":"","overlay-type":"","overlay-color":"","overlay-opacity":"","overlay-gradient":""},"mobile":{"background-color":"","background-image":"","background-repeat":"repeat","background-position":"center center","background-size":"auto","background-attachment":"scroll","background-type":"","background-media":"","overlay-type":"","overlay-color":"","overlay-opacity":"","overlay-gradient":""}},"ast-content-background-meta":{"desktop":{"background-color":"var(--ast-global-color-4)","background-image":"","background-repeat":"repeat","background-position":"center center","background-size":"auto","background-attachment":"scroll","background-type":"","background-media":"","overlay-type":"","overlay-color":"","overlay-opacity":"","overlay-gradient":""},"tablet":{"background-color":"var(--ast-global-color-4)","background-image":"","background-repeat":"repeat","background-position":"center center","background-size":"auto","background-attachment":"scroll","background-type":"","background-media":"","overlay-type":"","overlay-color":"","overlay-opacity":"","overlay-gradient":""},"mobile":{"background-color":"var(--ast-global-color-4)","background-image":"","background-repeat":"repeat","background-position":"center center","background-size":"auto","background-attachment":"scroll","background-type":"","background-media":"","overlay-type":"","overlay-color":"","overlay-opacity":"","overlay-gradient":""}}},"product_brand":[235],"product_cat":[68,59,72],"product_tag":[205],"class_list":{"0":"post-3244","1":"product","2":"type-product","3":"status-publish","4":"has-post-thumbnail","6":"product_brand-motorola","7":"product_cat-motorola","8":"product_cat-radio-comunicacion","9":"product_cat-radios-portatiles","10":"product_tag-motorola","11":"desktop-align-left","12":"tablet-align-left","13":"mobile-align-left","15":"first","16":"instock","17":"shipping-taxable","18":"product-type-simple"},"yoast_head":"<!-- This site is optimized with the Yoast SEO plugin v25.3 - https:\/\/yoast.com\/wordpress\/plugins\/seo\/ -->\n<title>Radio Portatil Motorola DGP8550EX - Tecplan<\/title>\n<meta name=\"robots\" content=\"index, follow, max-snippet:-1, max-image-preview:large, max-video-preview:-1\" \/>\n<link rel=\"canonical\" href=\"https:\/\/tecplan.com.es\/en\/product\/radio-portatil-motorola-dgp8550ex\/\" \/>\n<meta property=\"og:locale\" content=\"en_US\" \/>\n<meta property=\"og:type\" content=\"article\" \/>\n<meta property=\"og:title\" content=\"Radio Portatil Motorola DGP8550EX - Tecplan\" \/>\n<meta property=\"og:description\" content=\"El radio port\u00e1til Motorola MOTOTRBO DGP8550EX est\u00e1 dise\u00f1ado para garantizar comunicaciones seguras y confiables en entornos extremos, como minas subterr\u00e1neas o instalaciones petroqu\u00edmicas, donde existen riesgos de explosi\u00f3n debido a gases inflamables, polvo combustible o productos qu\u00edmicos peligrosos.\" \/>\n<meta property=\"og:url\" content=\"https:\/\/tecplan.com.es\/en\/product\/radio-portatil-motorola-dgp8550ex\/\" \/>\n<meta property=\"og:site_name\" content=\"Tecplan\" \/>\n<meta property=\"article:modified_time\" content=\"2025-09-18T21:24:20+00:00\" \/>\n<meta property=\"og:image\" content=\"https:\/\/tecplan.com.es\/wp-content\/uploads\/2025\/09\/DGP8550EX-1.jpg\" \/>\n\t<meta property=\"og:image:width\" content=\"324\" \/>\n\t<meta property=\"og:image:height\" content=\"324\" \/>\n\t<meta property=\"og:image:type\" content=\"image\/jpeg\" \/>\n<meta name=\"twitter:card\" content=\"summary_large_image\" \/>\n<meta name=\"twitter:label1\" content=\"Est. reading time\" \/>\n\t<meta name=\"twitter:data1\" content=\"3 minutes\" \/>\n<script type=\"application\/ld+json\" class=\"yoast-schema-graph\">{\"@context\":\"https:\/\/schema.org\",\"@graph\":[{\"@type\":\"WebPage\",\"@id\":\"https:\/\/tecplan.com.es\/product\/radio-portatil-motorola-dgp8550ex\/\",\"url\":\"https:\/\/tecplan.com.es\/product\/radio-portatil-motorola-dgp8550ex\/\",\"name\":\"Radio Portatil Motorola DGP8550EX - Tecplan\",\"isPartOf\":{\"@id\":\"https:\/\/tecplan.com.es\/#website\"},\"primaryImageOfPage\":{\"@id\":\"https:\/\/tecplan.com.es\/product\/radio-portatil-motorola-dgp8550ex\/#primaryimage\"},\"image\":{\"@id\":\"https:\/\/tecplan.com.es\/product\/radio-portatil-motorola-dgp8550ex\/#primaryimage\"},\"thumbnailUrl\":\"https:\/\/tecplan.com.es\/wp-content\/uploads\/2025\/09\/DGP8550EX-1.jpg\",\"datePublished\":\"2025-09-17T22:56:50+00:00\",\"dateModified\":\"2025-09-18T21:24:20+00:00\",\"breadcrumb\":{\"@id\":\"https:\/\/tecplan.com.es\/product\/radio-portatil-motorola-dgp8550ex\/#breadcrumb\"},\"inLanguage\":\"en-US\",\"potentialAction\":[{\"@type\":\"ReadAction\",\"target\":[\"https:\/\/tecplan.com.es\/product\/radio-portatil-motorola-dgp8550ex\/\"]}]},{\"@type\":\"ImageObject\",\"inLanguage\":\"en-US\",\"@id\":\"https:\/\/tecplan.com.es\/product\/radio-portatil-motorola-dgp8550ex\/#primaryimage\",\"url\":\"https:\/\/tecplan.com.es\/wp-content\/uploads\/2025\/09\/DGP8550EX-1.jpg\",\"contentUrl\":\"https:\/\/tecplan.com.es\/wp-content\/uploads\/2025\/09\/DGP8550EX-1.jpg\",\"width\":324,\"height\":324},{\"@type\":\"BreadcrumbList\",\"@id\":\"https:\/\/tecplan.com.es\/product\/radio-portatil-motorola-dgp8550ex\/#breadcrumb\",\"itemListElement\":[{\"@type\":\"ListItem\",\"position\":1,\"name\":\"Home\",\"item\":\"https:\/\/tecplan.com.es\/\"},{\"@type\":\"ListItem\",\"position\":2,\"name\":\"Shop\",\"item\":\"https:\/\/tecplan.com.es\/shop\/\"},{\"@type\":\"ListItem\",\"position\":3,\"name\":\"Radio Portatil Motorola DGP8550EX\"}]},{\"@type\":\"WebSite\",\"@id\":\"https:\/\/tecplan.com.es\/#website\",\"url\":\"https:\/\/tecplan.com.es\/\",\"name\":\"Tecplan\",\"description\":\"\",\"potentialAction\":[{\"@type\":\"SearchAction\",\"target\":{\"@type\":\"EntryPoint\",\"urlTemplate\":\"https:\/\/tecplan.com.es\/?s={search_term_string}\"},\"query-input\":{\"@type\":\"PropertyValueSpecification\",\"valueRequired\":true,\"valueName\":\"search_term_string\"}}],\"inLanguage\":\"en-US\"}]}<\/script>\n<!-- \/ Yoast SEO plugin. -->","yoast_head_json":{"title":"Radio Portatil Motorola DGP8550EX - Tecplan","robots":{"index":"index","follow":"follow","max-snippet":"max-snippet:-1","max-image-preview":"max-image-preview:large","max-video-preview":"max-video-preview:-1"},"canonical":"https:\/\/tecplan.com.es\/en\/product\/radio-portatil-motorola-dgp8550ex\/","og_locale":"en_US","og_type":"article","og_title":"Radio Portatil Motorola DGP8550EX - Tecplan","og_description":"El radio port\u00e1til Motorola MOTOTRBO DGP8550EX est\u00e1 dise\u00f1ado para garantizar comunicaciones seguras y confiables en entornos extremos, como minas subterr\u00e1neas o instalaciones petroqu\u00edmicas, donde existen riesgos de explosi\u00f3n debido a gases inflamables, polvo combustible o productos qu\u00edmicos peligrosos.","og_url":"https:\/\/tecplan.com.es\/en\/product\/radio-portatil-motorola-dgp8550ex\/","og_site_name":"Tecplan","article_modified_time":"2025-09-18T21:24:20+00:00","og_image":[{"width":324,"height":324,"url":"https:\/\/tecplan.com.es\/wp-content\/uploads\/2025\/09\/DGP8550EX-1.jpg","type":"image\/jpeg"}],"twitter_card":"summary_large_image","twitter_misc":{"Est. reading time":"3 minutes"},"schema":{"@context":"https:\/\/schema.org","@graph":[{"@type":"WebPage","@id":"https:\/\/tecplan.com.es\/product\/radio-portatil-motorola-dgp8550ex\/","url":"https:\/\/tecplan.com.es\/product\/radio-portatil-motorola-dgp8550ex\/","name":"Radio Portatil Motorola DGP8550EX - Tecplan","isPartOf":{"@id":"https:\/\/tecplan.com.es\/#website"},"primaryImageOfPage":{"@id":"https:\/\/tecplan.com.es\/product\/radio-portatil-motorola-dgp8550ex\/#primaryimage"},"image":{"@id":"https:\/\/tecplan.com.es\/product\/radio-portatil-motorola-dgp8550ex\/#primaryimage"},"thumbnailUrl":"https:\/\/tecplan.com.es\/wp-content\/uploads\/2025\/09\/DGP8550EX-1.jpg","datePublished":"2025-09-17T22:56:50+00:00","dateModified":"2025-09-18T21:24:20+00:00","breadcrumb":{"@id":"https:\/\/tecplan.com.es\/product\/radio-portatil-motorola-dgp8550ex\/#breadcrumb"},"inLanguage":"en-US","potentialAction":[{"@type":"ReadAction","target":["https:\/\/tecplan.com.es\/product\/radio-portatil-motorola-dgp8550ex\/"]}]},{"@type":"ImageObject","inLanguage":"en-US","@id":"https:\/\/tecplan.com.es\/product\/radio-portatil-motorola-dgp8550ex\/#primaryimage","url":"https:\/\/tecplan.com.es\/wp-content\/uploads\/2025\/09\/DGP8550EX-1.jpg","contentUrl":"https:\/\/tecplan.com.es\/wp-content\/uploads\/2025\/09\/DGP8550EX-1.jpg","width":324,"height":324},{"@type":"BreadcrumbList","@id":"https:\/\/tecplan.com.es\/product\/radio-portatil-motorola-dgp8550ex\/#breadcrumb","itemListElement":[{"@type":"ListItem","position":1,"name":"Home","item":"https:\/\/tecplan.com.es\/"},{"@type":"ListItem","position":2,"name":"Shop","item":"https:\/\/tecplan.com.es\/shop\/"},{"@type":"ListItem","position":3,"name":"Radio Portatil Motorola DGP8550EX"}]},{"@type":"WebSite","@id":"https:\/\/tecplan.com.es\/#website","url":"https:\/\/tecplan.com.es\/","name":"Tecplan","description":"","potentialAction":[{"@type":"SearchAction","target":{"@type":"EntryPoint","urlTemplate":"https:\/\/tecplan.com.es\/?s={search_term_string}"},"query-input":{"@type":"PropertyValueSpecification","valueRequired":true,"valueName":"search_term_string"}}],"inLanguage":"en-US"}]}},"_links":{"self":[{"href":"https:\/\/tecplan.com.es\/en\/wp-json\/wp\/v2\/product\/3244","targetHints":{"allow":["GET"]}}],"collection":[{"href":"https:\/\/tecplan.com.es\/en\/wp-json\/wp\/v2\/product"}],"about":[{"href":"https:\/\/tecplan.com.es\/en\/wp-json\/wp\/v2\/types\/product"}],"replies":[{"embeddable":true,"href":"https:\/\/tecplan.com.es\/en\/wp-json\/wp\/v2\/comments?post=3244"}],"version-history":[{"count":2,"href":"https:\/\/tecplan.com.es\/en\/wp-json\/wp\/v2\/product\/3244\/revisions"}],"predecessor-version":[{"id":3265,"href":"https:\/\/tecplan.com.es\/en\/wp-json\/wp\/v2\/product\/3244\/revisions\/3265"}],"wp:featuredmedia":[{"embeddable":true,"href":"https:\/\/tecplan.com.es\/en\/wp-json\/wp\/v2\/media\/3220"}],"wp:attachment":[{"href":"https:\/\/tecplan.com.es\/en\/wp-json\/wp\/v2\/media?parent=3244"}],"wp:term":[{"taxonomy":"product_brand","embeddable":true,"href":"https:\/\/tecplan.com.es\/en\/wp-json\/wp\/v2\/product_brand?post=3244"},{"taxonomy":"product_cat","embeddable":true,"href":"https:\/\/tecplan.com.es\/en\/wp-json\/wp\/v2\/product_cat?post=3244"},{"taxonomy":"product_tag","embeddable":true,"href":"https:\/\/tecplan.com.es\/en\/wp-json\/wp\/v2\/product_tag?post=3244"}],"curies":[{"name":"wp","href":"https:\/\/api.w.org\/{rel}","templated":true}]}}