{"id":3200,"date":"2025-09-16T22:54:08","date_gmt":"2025-09-16T22:54:08","guid":{"rendered":"https:\/\/tecplan.com.es\/product\/radio-base-motorola-dgm8500e\/"},"modified":"2025-09-18T20:50:07","modified_gmt":"2025-09-18T20:50:07","slug":"radio-base-motorola-dgm8500e","status":"publish","type":"product","link":"https:\/\/tecplan.com.es\/en\/product\/radio-base-motorola-dgm8500e\/","title":{"rendered":"Radio Base Motorola DGM8500e"},"content":{"rendered":"<p style=\"text-align: justify;\">Disponible en bandas VHF (136-174 MHz) y UHF (403-470 MHz), ofrece potencias de salida de 25\/45 W en VHF y 25\/40 W en UHF, con capacidad para 1000 canales. Cuenta con una pantalla alfanum\u00e9rica a color de 5 l\u00edneas con modo diurno y nocturno, facilitando la lectura de mensajes y \u00f3rdenes de trabajo.<\/p>\n<p style=\"text-align: justify;\">Incluye tecnolog\u00edas como Bluetooth para audio, Wi-Fi integrado para actualizaciones remotas, y funciones de seguridad como encriptaci\u00f3n b\u00e1sica (40 bits) y bot\u00f3n de emergencia. El dispositivo cumple con est\u00e1ndares de resistencia IP54 y MIL-STD810, lo que lo hace adecuado para condiciones adversas.<\/p>\n<h5 style=\"text-align: justify;\">Caracter\u00edsticas t\u00e9cnicas:<\/h5>\n<ul>\n<li style=\"text-align: justify;\">Banda: VHF<\/li>\n<li style=\"text-align: justify;\">Pantalla: S\u00ed<\/li>\n<li style=\"text-align: justify;\">Frecuencia: 136-174 MHz<\/li>\n<li style=\"text-align: justify;\">Potencia: 45W<\/li>\n<li style=\"text-align: justify;\">Clasificaci\u00f3n IP: IP54 (Protecci\u00f3n contra polvo y contra agua pulverizada)<\/li>\n<li style=\"text-align: justify;\">Rango de Temperatura: De -30 C a 60 C<\/li>\n<li style=\"text-align: justify;\">Tipo de Pantalla: Color de 4 L\u00edneas<\/li>\n<li style=\"text-align: justify;\">Canales de Operaci\u00f3n: 1000<\/li>\n<li style=\"text-align: justify;\">Dimensiones (alto x ancho x profundidad): 5.3 x 17.5 x 20.6 cm<\/li>\n<li style=\"text-align: justify;\">Peso: 1800 g<\/li>\n<li style=\"text-align: justify;\">GPS: Si<\/li>\n<li style=\"text-align: justify;\">Botones programable: Si<\/li>\n<li style=\"text-align: justify;\">Accesorio Bluetooh: Si<\/li>\n<li style=\"text-align: justify;\">Datos Bluetooh: Si<\/li>\n<li style=\"text-align: justify;\">Para ambientes explosivos: No<\/li>\n<li style=\"text-align: justify;\">Teclado: No<\/li>\n<\/ul>\n<h5 style=\"text-align: justify;\"><span style=\"text-decoration: underline;\"><strong>DOWNLOADS<\/strong><\/span><\/h5>\n<ul style=\"text-align: justify;\">\n<li><a href=\"https:\/\/drive.google.com\/file\/d\/1Ms1t45vWJ3y_VK4YWY9_Z6SuCr__TwQx\/view?usp=sharing\">\u2192 Technical specifications<\/a><\/li>\n<\/ul>","protected":false},"excerpt":{"rendered":"<p style=\"text-align: justify;\"><strong>Radio Motorola DGM8500e Digital LAM28JQN9RA1AN VHF 136-174MHz de 45W<\/strong><\/p>\n<p style=\"text-align: justify;\">El radio m\u00f3vil digital Motorola DGM8500e es un dispositivo de la serie MOTOTRBO dise\u00f1ado para operar en entornos exigentes, ofreciendo comunicaciones de voz y datos de alto rendimiento con funciones avanzadas como GPS integrado, mensajer\u00eda de texto y audio inteligente.<\/p>\n<p><!--more--><\/p>\n<p><img decoding=\"async\" class=\"wp-image-1035 aligncenter\" src=\"https:\/\/tecplan.com.es\/wp-content\/uploads\/2025\/05\/descarga-300x90.png\" alt=\"\" width=\"160\" height=\"55\" \/><\/p>","protected":false},"featured_media":3187,"comment_status":"open","ping_status":"closed","template":"","meta":{"site-sidebar-layout":"default","site-content-layout":"","ast-site-content-layout":"default","site-content-style":"default","site-sidebar-style":"default","ast-global-header-display":"","ast-banner-title-visibility":"","ast-main-header-display":"","ast-hfb-above-header-display":"","ast-hfb-below-header-display":"","ast-hfb-mobile-header-display":"","site-post-title":"","ast-breadcrumbs-content":"","ast-featured-img":"","footer-sml-layout":"","ast-disable-related-posts":"","theme-transparent-header-meta":"default","adv-header-id-meta":"","stick-header-meta":"","header-above-stick-meta":"","header-main-stick-meta":"","header-below-stick-meta":"","astra-migrate-meta-layouts":"set","ast-page-background-enabled":"default","ast-page-background-meta":{"desktop":{"background-color":"var(--ast-global-color-5)","background-image":"","background-repeat":"repeat","background-position":"center center","background-size":"auto","background-attachment":"scroll","background-type":"","background-media":"","overlay-type":"","overlay-color":"","overlay-opacity":"","overlay-gradient":""},"tablet":{"background-color":"","background-image":"","background-repeat":"repeat","background-position":"center center","background-size":"auto","background-attachment":"scroll","background-type":"","background-media":"","overlay-type":"","overlay-color":"","overlay-opacity":"","overlay-gradient":""},"mobile":{"background-color":"","background-image":"","background-repeat":"repeat","background-position":"center center","background-size":"auto","background-attachment":"scroll","background-type":"","background-media":"","overlay-type":"","overlay-color":"","overlay-opacity":"","overlay-gradient":""}},"ast-content-background-meta":{"desktop":{"background-color":"var(--ast-global-color-4)","background-image":"","background-repeat":"repeat","background-position":"center center","background-size":"auto","background-attachment":"scroll","background-type":"","background-media":"","overlay-type":"","overlay-color":"","overlay-opacity":"","overlay-gradient":""},"tablet":{"background-color":"var(--ast-global-color-4)","background-image":"","background-repeat":"repeat","background-position":"center center","background-size":"auto","background-attachment":"scroll","background-type":"","background-media":"","overlay-type":"","overlay-color":"","overlay-opacity":"","overlay-gradient":""},"mobile":{"background-color":"var(--ast-global-color-4)","background-image":"","background-repeat":"repeat","background-position":"center center","background-size":"auto","background-attachment":"scroll","background-type":"","background-media":"","overlay-type":"","overlay-color":"","overlay-opacity":"","overlay-gradient":""}}},"product_brand":[235],"product_cat":[68,59,71],"product_tag":[205],"class_list":{"0":"post-3200","1":"product","2":"type-product","3":"status-publish","4":"has-post-thumbnail","6":"product_brand-motorola","7":"product_cat-motorola","8":"product_cat-radio-comunicacion","9":"product_cat-radios-bases","10":"product_tag-motorola","11":"desktop-align-left","12":"tablet-align-left","13":"mobile-align-left","15":"first","16":"instock","17":"shipping-taxable","18":"product-type-simple"},"yoast_head":"<!-- This site is optimized with the Yoast SEO plugin v25.3 - https:\/\/yoast.com\/wordpress\/plugins\/seo\/ -->\n<title>Radio Base Motorola DGM8500e - Tecplan<\/title>\n<meta name=\"robots\" content=\"index, follow, max-snippet:-1, max-image-preview:large, max-video-preview:-1\" \/>\n<link rel=\"canonical\" href=\"https:\/\/tecplan.com.es\/en\/product\/radio-base-motorola-dgm8500e\/\" \/>\n<meta property=\"og:locale\" content=\"en_US\" \/>\n<meta property=\"og:type\" content=\"article\" \/>\n<meta property=\"og:title\" content=\"Radio Base Motorola DGM8500e - Tecplan\" \/>\n<meta property=\"og:description\" content=\"Radio Motorola DGM8500e Digital LAM28JQN9RA1AN VHF 136-174MHz de 45W El radio m\u00f3vil digital Motorola DGM8500e es un dispositivo de la serie MOTOTRBO dise\u00f1ado para operar en entornos exigentes, ofreciendo comunicaciones de voz y datos de alto rendimiento con funciones avanzadas como GPS integrado, mensajer\u00eda de texto y audio inteligente.\" \/>\n<meta property=\"og:url\" content=\"https:\/\/tecplan.com.es\/en\/product\/radio-base-motorola-dgm8500e\/\" \/>\n<meta property=\"og:site_name\" content=\"Tecplan\" \/>\n<meta property=\"article:modified_time\" content=\"2025-09-18T20:50:07+00:00\" \/>\n<meta property=\"og:image\" content=\"https:\/\/tecplan.com.es\/wp-content\/uploads\/2025\/09\/dgm-8500e.jpg\" \/>\n\t<meta property=\"og:image:width\" content=\"1200\" \/>\n\t<meta property=\"og:image:height\" content=\"1200\" \/>\n\t<meta property=\"og:image:type\" content=\"image\/jpeg\" \/>\n<meta name=\"twitter:card\" content=\"summary_large_image\" \/>\n<meta name=\"twitter:label1\" content=\"Est. reading time\" \/>\n\t<meta name=\"twitter:data1\" content=\"1 minute\" \/>\n<script type=\"application\/ld+json\" class=\"yoast-schema-graph\">{\"@context\":\"https:\/\/schema.org\",\"@graph\":[{\"@type\":\"WebPage\",\"@id\":\"https:\/\/tecplan.com.es\/product\/radio-base-motorola-dgm8500e\/\",\"url\":\"https:\/\/tecplan.com.es\/product\/radio-base-motorola-dgm8500e\/\",\"name\":\"Radio Base Motorola DGM8500e - Tecplan\",\"isPartOf\":{\"@id\":\"https:\/\/tecplan.com.es\/#website\"},\"primaryImageOfPage\":{\"@id\":\"https:\/\/tecplan.com.es\/product\/radio-base-motorola-dgm8500e\/#primaryimage\"},\"image\":{\"@id\":\"https:\/\/tecplan.com.es\/product\/radio-base-motorola-dgm8500e\/#primaryimage\"},\"thumbnailUrl\":\"https:\/\/tecplan.com.es\/wp-content\/uploads\/2025\/09\/dgm-8500e.jpg\",\"datePublished\":\"2025-09-16T22:54:08+00:00\",\"dateModified\":\"2025-09-18T20:50:07+00:00\",\"breadcrumb\":{\"@id\":\"https:\/\/tecplan.com.es\/product\/radio-base-motorola-dgm8500e\/#breadcrumb\"},\"inLanguage\":\"en-US\",\"potentialAction\":[{\"@type\":\"ReadAction\",\"target\":[\"https:\/\/tecplan.com.es\/product\/radio-base-motorola-dgm8500e\/\"]}]},{\"@type\":\"ImageObject\",\"inLanguage\":\"en-US\",\"@id\":\"https:\/\/tecplan.com.es\/product\/radio-base-motorola-dgm8500e\/#primaryimage\",\"url\":\"https:\/\/tecplan.com.es\/wp-content\/uploads\/2025\/09\/dgm-8500e.jpg\",\"contentUrl\":\"https:\/\/tecplan.com.es\/wp-content\/uploads\/2025\/09\/dgm-8500e.jpg\",\"width\":1200,\"height\":1200},{\"@type\":\"BreadcrumbList\",\"@id\":\"https:\/\/tecplan.com.es\/product\/radio-base-motorola-dgm8500e\/#breadcrumb\",\"itemListElement\":[{\"@type\":\"ListItem\",\"position\":1,\"name\":\"Home\",\"item\":\"https:\/\/tecplan.com.es\/\"},{\"@type\":\"ListItem\",\"position\":2,\"name\":\"Shop\",\"item\":\"https:\/\/tecplan.com.es\/shop\/\"},{\"@type\":\"ListItem\",\"position\":3,\"name\":\"Radio Base Motorola DGM8500e\"}]},{\"@type\":\"WebSite\",\"@id\":\"https:\/\/tecplan.com.es\/#website\",\"url\":\"https:\/\/tecplan.com.es\/\",\"name\":\"Tecplan\",\"description\":\"\",\"potentialAction\":[{\"@type\":\"SearchAction\",\"target\":{\"@type\":\"EntryPoint\",\"urlTemplate\":\"https:\/\/tecplan.com.es\/?s={search_term_string}\"},\"query-input\":{\"@type\":\"PropertyValueSpecification\",\"valueRequired\":true,\"valueName\":\"search_term_string\"}}],\"inLanguage\":\"en-US\"}]}<\/script>\n<!-- \/ Yoast SEO plugin. -->","yoast_head_json":{"title":"Radio Base Motorola DGM8500e - Tecplan","robots":{"index":"index","follow":"follow","max-snippet":"max-snippet:-1","max-image-preview":"max-image-preview:large","max-video-preview":"max-video-preview:-1"},"canonical":"https:\/\/tecplan.com.es\/en\/product\/radio-base-motorola-dgm8500e\/","og_locale":"en_US","og_type":"article","og_title":"Radio Base Motorola DGM8500e - Tecplan","og_description":"Radio Motorola DGM8500e Digital LAM28JQN9RA1AN VHF 136-174MHz de 45W El radio m\u00f3vil digital Motorola DGM8500e es un dispositivo de la serie MOTOTRBO dise\u00f1ado para operar en entornos exigentes, ofreciendo comunicaciones de voz y datos de alto rendimiento con funciones avanzadas como GPS integrado, mensajer\u00eda de texto y audio inteligente.","og_url":"https:\/\/tecplan.com.es\/en\/product\/radio-base-motorola-dgm8500e\/","og_site_name":"Tecplan","article_modified_time":"2025-09-18T20:50:07+00:00","og_image":[{"width":1200,"height":1200,"url":"https:\/\/tecplan.com.es\/wp-content\/uploads\/2025\/09\/dgm-8500e.jpg","type":"image\/jpeg"}],"twitter_card":"summary_large_image","twitter_misc":{"Est. reading time":"1 minute"},"schema":{"@context":"https:\/\/schema.org","@graph":[{"@type":"WebPage","@id":"https:\/\/tecplan.com.es\/product\/radio-base-motorola-dgm8500e\/","url":"https:\/\/tecplan.com.es\/product\/radio-base-motorola-dgm8500e\/","name":"Radio Base Motorola DGM8500e - Tecplan","isPartOf":{"@id":"https:\/\/tecplan.com.es\/#website"},"primaryImageOfPage":{"@id":"https:\/\/tecplan.com.es\/product\/radio-base-motorola-dgm8500e\/#primaryimage"},"image":{"@id":"https:\/\/tecplan.com.es\/product\/radio-base-motorola-dgm8500e\/#primaryimage"},"thumbnailUrl":"https:\/\/tecplan.com.es\/wp-content\/uploads\/2025\/09\/dgm-8500e.jpg","datePublished":"2025-09-16T22:54:08+00:00","dateModified":"2025-09-18T20:50:07+00:00","breadcrumb":{"@id":"https:\/\/tecplan.com.es\/product\/radio-base-motorola-dgm8500e\/#breadcrumb"},"inLanguage":"en-US","potentialAction":[{"@type":"ReadAction","target":["https:\/\/tecplan.com.es\/product\/radio-base-motorola-dgm8500e\/"]}]},{"@type":"ImageObject","inLanguage":"en-US","@id":"https:\/\/tecplan.com.es\/product\/radio-base-motorola-dgm8500e\/#primaryimage","url":"https:\/\/tecplan.com.es\/wp-content\/uploads\/2025\/09\/dgm-8500e.jpg","contentUrl":"https:\/\/tecplan.com.es\/wp-content\/uploads\/2025\/09\/dgm-8500e.jpg","width":1200,"height":1200},{"@type":"BreadcrumbList","@id":"https:\/\/tecplan.com.es\/product\/radio-base-motorola-dgm8500e\/#breadcrumb","itemListElement":[{"@type":"ListItem","position":1,"name":"Home","item":"https:\/\/tecplan.com.es\/"},{"@type":"ListItem","position":2,"name":"Shop","item":"https:\/\/tecplan.com.es\/shop\/"},{"@type":"ListItem","position":3,"name":"Radio Base Motorola DGM8500e"}]},{"@type":"WebSite","@id":"https:\/\/tecplan.com.es\/#website","url":"https:\/\/tecplan.com.es\/","name":"Tecplan","description":"","potentialAction":[{"@type":"SearchAction","target":{"@type":"EntryPoint","urlTemplate":"https:\/\/tecplan.com.es\/?s={search_term_string}"},"query-input":{"@type":"PropertyValueSpecification","valueRequired":true,"valueName":"search_term_string"}}],"inLanguage":"en-US"}]}},"_links":{"self":[{"href":"https:\/\/tecplan.com.es\/en\/wp-json\/wp\/v2\/product\/3200","targetHints":{"allow":["GET"]}}],"collection":[{"href":"https:\/\/tecplan.com.es\/en\/wp-json\/wp\/v2\/product"}],"about":[{"href":"https:\/\/tecplan.com.es\/en\/wp-json\/wp\/v2\/types\/product"}],"replies":[{"embeddable":true,"href":"https:\/\/tecplan.com.es\/en\/wp-json\/wp\/v2\/comments?post=3200"}],"version-history":[{"count":4,"href":"https:\/\/tecplan.com.es\/en\/wp-json\/wp\/v2\/product\/3200\/revisions"}],"predecessor-version":[{"id":3257,"href":"https:\/\/tecplan.com.es\/en\/wp-json\/wp\/v2\/product\/3200\/revisions\/3257"}],"wp:featuredmedia":[{"embeddable":true,"href":"https:\/\/tecplan.com.es\/en\/wp-json\/wp\/v2\/media\/3187"}],"wp:attachment":[{"href":"https:\/\/tecplan.com.es\/en\/wp-json\/wp\/v2\/media?parent=3200"}],"wp:term":[{"taxonomy":"product_brand","embeddable":true,"href":"https:\/\/tecplan.com.es\/en\/wp-json\/wp\/v2\/product_brand?post=3200"},{"taxonomy":"product_cat","embeddable":true,"href":"https:\/\/tecplan.com.es\/en\/wp-json\/wp\/v2\/product_cat?post=3200"},{"taxonomy":"product_tag","embeddable":true,"href":"https:\/\/tecplan.com.es\/en\/wp-json\/wp\/v2\/product_tag?post=3200"}],"curies":[{"name":"wp","href":"https:\/\/api.w.org\/{rel}","templated":true}]}}