{"id":3198,"date":"2025-09-16T22:54:07","date_gmt":"2025-09-16T22:54:07","guid":{"rendered":"https:\/\/tecplan.com.es\/product\/radio-base-motorola-dem400\/"},"modified":"2025-09-18T20:28:52","modified_gmt":"2025-09-18T20:28:52","slug":"radio-base-motorola-dem400","status":"publish","type":"product","link":"https:\/\/tecplan.com.es\/en\/product\/radio-base-motorola-dem400\/","title":{"rendered":"Radio Base Motorola DEM400"},"content":{"rendered":"<p style=\"text-align: justify;\">El DEM400 est\u00e1 disponible en diferentes configuraciones seg\u00fan la banda de frecuencia: VHF (136-174 MHz) con potencias de 25 W o 45 W, y UHF (403-470 MHz) con potencias de 25 W o 40 W. Cuenta con 64 canales programables, lo que permite una organizaci\u00f3n personalizada de las frecuencias de comunicaci\u00f3n.El espaciado de canal es de 12.5 kHz o 25 kHz, proporcionando flexibilidad en la configuraci\u00f3n.El modelo anal\u00f3gico puede actualizarse a digital mediante un paquete de software simple cuando sea necesario.<\/p>\n<p style=\"text-align: justify;\">Radio incluye una pantalla alfanum\u00e9rica luminosa y de alto contraste, que permite al usuario ver informaci\u00f3n clave como el identificador de llamada con solo echar un vistazo. Cuenta con 4 botones programables para acceder r\u00e1pidamente a funciones importantes, como mensajes de texto preprogramados. Posee una clasificaci\u00f3n IP54, lo que lo hace resistente al polvo y al agua pulverizada, y cumple con los est\u00e1ndares militares MIL-STD810 C\/D\/E\/F\/G, garantizando durabilidad en entornos adversos.<br \/>\nSu rango de temperatura de operaci\u00f3n va de -30 \u00b0C a 60 \u00b0C.<\/p>\n<p style=\"text-align: justify;\">El DEM400 es adecuado para una amplia gama de aplicaciones, incluyendo construcciones, seguridad, centros comerciales, hoteles, fincas, empresas de transporte y industrias medias. Aunque algunos modelos no incluyen GPS, el radio es compatible con la suite de administraci\u00f3n de radios, lo que permite programar los dispositivos de manera r\u00e1pida y eficiente. El radio tambi\u00e9n puede funcionar en modo an\u00e1logo y digital simult\u00e1neamente, y es compatible con repetidores.<\/p>\n<h5>Caracter\u00edsticas T\u00e9cnicas:<\/h5>\n<ul>\n<li>Banda: UHF<\/li>\n<li>Canales de Operaci\u00f3n: 64<\/li>\n<li>Pantalla: S\u00ed<\/li>\n<li>Frecuencia: 403-470 MHz<\/li>\n<li>Clasificaci\u00f3n IP: IP54 (Protecci\u00f3n contra polvo y contra agua pulverizada)<\/li>\n<li>Potencia: 40W<\/li>\n<li>Rango de Temperatura: De -30 C a 60 C<\/li>\n<li>Tipo de Pantalla: Monocrom\u00e1tica de 2 l\u00edneas<\/li>\n<li>Dimensiones (alto x ancho x profundidad): 4.4 x 16.9 x 13.4 cm<\/li>\n<li>Peso: 1300 g<\/li>\n<li>GPS: No<\/li>\n<li>Botones programable: Si<\/li>\n<li>Accesorio Bluetooh: No<\/li>\n<li>Datos Bluetooh: No<\/li>\n<li>Para ambientes explosivos: No<\/li>\n<li>Teclado: No<\/li>\n<\/ul>\n<h5 style=\"text-align: justify;\"><span style=\"text-decoration: underline;\"><strong>DOWNLOADS<\/strong><\/span><\/h5>\n<ul style=\"text-align: justify;\">\n<li><a href=\"https:\/\/drive.google.com\/file\/d\/1Yy3ziKSeNxX96hadNR_6sUx97NdcHGnJ\/view?usp=sharing\">\u2192 Technical specifications<\/a><\/li>\n<\/ul>","protected":false},"excerpt":{"rendered":"<p style=\"text-align: justify;\">El radio m\u00f3vil Motorola DEM400 MOTOTRBO es una soluci\u00f3n confiable y rentable dise\u00f1ada para mantener al equipo en contacto, facilitando la comunicaci\u00f3n, coordinaci\u00f3n y colaboraci\u00f3n para lograr una mayor eficiencia y seguridad en operaciones. Est\u00e1 pensado especialmente para conductores, permitiendo una conexi\u00f3n sin distracciones. Este radio m\u00f3vil anal\u00f3gico\/digital ofrece los beneficios de la \u00faltima tecnolog\u00eda, incluyendo una calidad superior de audio y mayor cobertura.<\/p>\n<p><!--more--><\/p>\n<p><img decoding=\"async\" class=\"wp-image-1035 aligncenter\" src=\"https:\/\/tecplan.com.es\/wp-content\/uploads\/2025\/05\/descarga-300x90.png\" alt=\"\" width=\"155\" height=\"56\" \/><\/p>","protected":false},"featured_media":3182,"comment_status":"open","ping_status":"closed","template":"","meta":{"site-sidebar-layout":"default","site-content-layout":"","ast-site-content-layout":"default","site-content-style":"default","site-sidebar-style":"default","ast-global-header-display":"","ast-banner-title-visibility":"","ast-main-header-display":"","ast-hfb-above-header-display":"","ast-hfb-below-header-display":"","ast-hfb-mobile-header-display":"","site-post-title":"","ast-breadcrumbs-content":"","ast-featured-img":"","footer-sml-layout":"","ast-disable-related-posts":"","theme-transparent-header-meta":"default","adv-header-id-meta":"","stick-header-meta":"","header-above-stick-meta":"","header-main-stick-meta":"","header-below-stick-meta":"","astra-migrate-meta-layouts":"set","ast-page-background-enabled":"default","ast-page-background-meta":{"desktop":{"background-color":"var(--ast-global-color-5)","background-image":"","background-repeat":"repeat","background-position":"center center","background-size":"auto","background-attachment":"scroll","background-type":"","background-media":"","overlay-type":"","overlay-color":"","overlay-opacity":"","overlay-gradient":""},"tablet":{"background-color":"","background-image":"","background-repeat":"repeat","background-position":"center center","background-size":"auto","background-attachment":"scroll","background-type":"","background-media":"","overlay-type":"","overlay-color":"","overlay-opacity":"","overlay-gradient":""},"mobile":{"background-color":"","background-image":"","background-repeat":"repeat","background-position":"center center","background-size":"auto","background-attachment":"scroll","background-type":"","background-media":"","overlay-type":"","overlay-color":"","overlay-opacity":"","overlay-gradient":""}},"ast-content-background-meta":{"desktop":{"background-color":"var(--ast-global-color-4)","background-image":"","background-repeat":"repeat","background-position":"center center","background-size":"auto","background-attachment":"scroll","background-type":"","background-media":"","overlay-type":"","overlay-color":"","overlay-opacity":"","overlay-gradient":""},"tablet":{"background-color":"var(--ast-global-color-4)","background-image":"","background-repeat":"repeat","background-position":"center center","background-size":"auto","background-attachment":"scroll","background-type":"","background-media":"","overlay-type":"","overlay-color":"","overlay-opacity":"","overlay-gradient":""},"mobile":{"background-color":"var(--ast-global-color-4)","background-image":"","background-repeat":"repeat","background-position":"center center","background-size":"auto","background-attachment":"scroll","background-type":"","background-media":"","overlay-type":"","overlay-color":"","overlay-opacity":"","overlay-gradient":""}}},"product_brand":[235],"product_cat":[68,59,71],"product_tag":[205],"class_list":{"0":"post-3198","1":"product","2":"type-product","3":"status-publish","4":"has-post-thumbnail","6":"product_brand-motorola","7":"product_cat-motorola","8":"product_cat-radio-comunicacion","9":"product_cat-radios-bases","10":"product_tag-motorola","11":"desktop-align-left","12":"tablet-align-left","13":"mobile-align-left","15":"first","16":"instock","17":"shipping-taxable","18":"product-type-simple"},"yoast_head":"<!-- This site is optimized with the Yoast SEO plugin v25.3 - https:\/\/yoast.com\/wordpress\/plugins\/seo\/ -->\n<title>Radio Base Motorola DEM400 - Tecplan<\/title>\n<meta name=\"robots\" content=\"index, follow, max-snippet:-1, max-image-preview:large, max-video-preview:-1\" \/>\n<link rel=\"canonical\" href=\"https:\/\/tecplan.com.es\/en\/product\/radio-base-motorola-dem400\/\" \/>\n<meta property=\"og:locale\" content=\"en_US\" \/>\n<meta property=\"og:type\" content=\"article\" \/>\n<meta property=\"og:title\" content=\"Radio Base Motorola DEM400 - Tecplan\" \/>\n<meta property=\"og:description\" content=\"El radio m\u00f3vil Motorola DEM400 MOTOTRBO es una soluci\u00f3n confiable y rentable dise\u00f1ada para mantener al equipo en contacto, facilitando la comunicaci\u00f3n, coordinaci\u00f3n y colaboraci\u00f3n para lograr una mayor eficiencia y seguridad en operaciones. Est\u00e1 pensado especialmente para conductores, permitiendo una conexi\u00f3n sin distracciones. Este radio m\u00f3vil anal\u00f3gico\/digital ofrece los beneficios de la \u00faltima tecnolog\u00eda, incluyendo una calidad superior de audio y mayor cobertura.\" \/>\n<meta property=\"og:url\" content=\"https:\/\/tecplan.com.es\/en\/product\/radio-base-motorola-dem400\/\" \/>\n<meta property=\"og:site_name\" content=\"Tecplan\" \/>\n<meta property=\"article:modified_time\" content=\"2025-09-18T20:28:52+00:00\" \/>\n<meta property=\"og:image\" content=\"https:\/\/tecplan.com.es\/wp-content\/uploads\/2025\/09\/dem400_4.jpg\" \/>\n\t<meta property=\"og:image:width\" content=\"1200\" \/>\n\t<meta property=\"og:image:height\" content=\"1200\" \/>\n\t<meta property=\"og:image:type\" content=\"image\/jpeg\" \/>\n<meta name=\"twitter:card\" content=\"summary_large_image\" \/>\n<meta name=\"twitter:label1\" content=\"Est. reading time\" \/>\n\t<meta name=\"twitter:data1\" content=\"2 minutes\" \/>\n<script type=\"application\/ld+json\" class=\"yoast-schema-graph\">{\"@context\":\"https:\/\/schema.org\",\"@graph\":[{\"@type\":\"WebPage\",\"@id\":\"https:\/\/tecplan.com.es\/product\/radio-base-motorola-dem400\/\",\"url\":\"https:\/\/tecplan.com.es\/product\/radio-base-motorola-dem400\/\",\"name\":\"Radio Base Motorola DEM400 - Tecplan\",\"isPartOf\":{\"@id\":\"https:\/\/tecplan.com.es\/#website\"},\"primaryImageOfPage\":{\"@id\":\"https:\/\/tecplan.com.es\/product\/radio-base-motorola-dem400\/#primaryimage\"},\"image\":{\"@id\":\"https:\/\/tecplan.com.es\/product\/radio-base-motorola-dem400\/#primaryimage\"},\"thumbnailUrl\":\"https:\/\/tecplan.com.es\/wp-content\/uploads\/2025\/09\/dem400_4.jpg\",\"datePublished\":\"2025-09-16T22:54:07+00:00\",\"dateModified\":\"2025-09-18T20:28:52+00:00\",\"breadcrumb\":{\"@id\":\"https:\/\/tecplan.com.es\/product\/radio-base-motorola-dem400\/#breadcrumb\"},\"inLanguage\":\"en-US\",\"potentialAction\":[{\"@type\":\"ReadAction\",\"target\":[\"https:\/\/tecplan.com.es\/product\/radio-base-motorola-dem400\/\"]}]},{\"@type\":\"ImageObject\",\"inLanguage\":\"en-US\",\"@id\":\"https:\/\/tecplan.com.es\/product\/radio-base-motorola-dem400\/#primaryimage\",\"url\":\"https:\/\/tecplan.com.es\/wp-content\/uploads\/2025\/09\/dem400_4.jpg\",\"contentUrl\":\"https:\/\/tecplan.com.es\/wp-content\/uploads\/2025\/09\/dem400_4.jpg\",\"width\":1200,\"height\":1200},{\"@type\":\"BreadcrumbList\",\"@id\":\"https:\/\/tecplan.com.es\/product\/radio-base-motorola-dem400\/#breadcrumb\",\"itemListElement\":[{\"@type\":\"ListItem\",\"position\":1,\"name\":\"Home\",\"item\":\"https:\/\/tecplan.com.es\/\"},{\"@type\":\"ListItem\",\"position\":2,\"name\":\"Shop\",\"item\":\"https:\/\/tecplan.com.es\/shop\/\"},{\"@type\":\"ListItem\",\"position\":3,\"name\":\"Radio Base Motorola DEM400\"}]},{\"@type\":\"WebSite\",\"@id\":\"https:\/\/tecplan.com.es\/#website\",\"url\":\"https:\/\/tecplan.com.es\/\",\"name\":\"Tecplan\",\"description\":\"\",\"potentialAction\":[{\"@type\":\"SearchAction\",\"target\":{\"@type\":\"EntryPoint\",\"urlTemplate\":\"https:\/\/tecplan.com.es\/?s={search_term_string}\"},\"query-input\":{\"@type\":\"PropertyValueSpecification\",\"valueRequired\":true,\"valueName\":\"search_term_string\"}}],\"inLanguage\":\"en-US\"}]}<\/script>\n<!-- \/ Yoast SEO plugin. -->","yoast_head_json":{"title":"Radio Base Motorola DEM400 - Tecplan","robots":{"index":"index","follow":"follow","max-snippet":"max-snippet:-1","max-image-preview":"max-image-preview:large","max-video-preview":"max-video-preview:-1"},"canonical":"https:\/\/tecplan.com.es\/en\/product\/radio-base-motorola-dem400\/","og_locale":"en_US","og_type":"article","og_title":"Radio Base Motorola DEM400 - Tecplan","og_description":"El radio m\u00f3vil Motorola DEM400 MOTOTRBO es una soluci\u00f3n confiable y rentable dise\u00f1ada para mantener al equipo en contacto, facilitando la comunicaci\u00f3n, coordinaci\u00f3n y colaboraci\u00f3n para lograr una mayor eficiencia y seguridad en operaciones. Est\u00e1 pensado especialmente para conductores, permitiendo una conexi\u00f3n sin distracciones. Este radio m\u00f3vil anal\u00f3gico\/digital ofrece los beneficios de la \u00faltima tecnolog\u00eda, incluyendo una calidad superior de audio y mayor cobertura.","og_url":"https:\/\/tecplan.com.es\/en\/product\/radio-base-motorola-dem400\/","og_site_name":"Tecplan","article_modified_time":"2025-09-18T20:28:52+00:00","og_image":[{"width":1200,"height":1200,"url":"https:\/\/tecplan.com.es\/wp-content\/uploads\/2025\/09\/dem400_4.jpg","type":"image\/jpeg"}],"twitter_card":"summary_large_image","twitter_misc":{"Est. reading time":"2 minutes"},"schema":{"@context":"https:\/\/schema.org","@graph":[{"@type":"WebPage","@id":"https:\/\/tecplan.com.es\/product\/radio-base-motorola-dem400\/","url":"https:\/\/tecplan.com.es\/product\/radio-base-motorola-dem400\/","name":"Radio Base Motorola DEM400 - Tecplan","isPartOf":{"@id":"https:\/\/tecplan.com.es\/#website"},"primaryImageOfPage":{"@id":"https:\/\/tecplan.com.es\/product\/radio-base-motorola-dem400\/#primaryimage"},"image":{"@id":"https:\/\/tecplan.com.es\/product\/radio-base-motorola-dem400\/#primaryimage"},"thumbnailUrl":"https:\/\/tecplan.com.es\/wp-content\/uploads\/2025\/09\/dem400_4.jpg","datePublished":"2025-09-16T22:54:07+00:00","dateModified":"2025-09-18T20:28:52+00:00","breadcrumb":{"@id":"https:\/\/tecplan.com.es\/product\/radio-base-motorola-dem400\/#breadcrumb"},"inLanguage":"en-US","potentialAction":[{"@type":"ReadAction","target":["https:\/\/tecplan.com.es\/product\/radio-base-motorola-dem400\/"]}]},{"@type":"ImageObject","inLanguage":"en-US","@id":"https:\/\/tecplan.com.es\/product\/radio-base-motorola-dem400\/#primaryimage","url":"https:\/\/tecplan.com.es\/wp-content\/uploads\/2025\/09\/dem400_4.jpg","contentUrl":"https:\/\/tecplan.com.es\/wp-content\/uploads\/2025\/09\/dem400_4.jpg","width":1200,"height":1200},{"@type":"BreadcrumbList","@id":"https:\/\/tecplan.com.es\/product\/radio-base-motorola-dem400\/#breadcrumb","itemListElement":[{"@type":"ListItem","position":1,"name":"Home","item":"https:\/\/tecplan.com.es\/"},{"@type":"ListItem","position":2,"name":"Shop","item":"https:\/\/tecplan.com.es\/shop\/"},{"@type":"ListItem","position":3,"name":"Radio Base Motorola DEM400"}]},{"@type":"WebSite","@id":"https:\/\/tecplan.com.es\/#website","url":"https:\/\/tecplan.com.es\/","name":"Tecplan","description":"","potentialAction":[{"@type":"SearchAction","target":{"@type":"EntryPoint","urlTemplate":"https:\/\/tecplan.com.es\/?s={search_term_string}"},"query-input":{"@type":"PropertyValueSpecification","valueRequired":true,"valueName":"search_term_string"}}],"inLanguage":"en-US"}]}},"_links":{"self":[{"href":"https:\/\/tecplan.com.es\/en\/wp-json\/wp\/v2\/product\/3198","targetHints":{"allow":["GET"]}}],"collection":[{"href":"https:\/\/tecplan.com.es\/en\/wp-json\/wp\/v2\/product"}],"about":[{"href":"https:\/\/tecplan.com.es\/en\/wp-json\/wp\/v2\/types\/product"}],"replies":[{"embeddable":true,"href":"https:\/\/tecplan.com.es\/en\/wp-json\/wp\/v2\/comments?post=3198"}],"version-history":[{"count":4,"href":"https:\/\/tecplan.com.es\/en\/wp-json\/wp\/v2\/product\/3198\/revisions"}],"predecessor-version":[{"id":3253,"href":"https:\/\/tecplan.com.es\/en\/wp-json\/wp\/v2\/product\/3198\/revisions\/3253"}],"wp:featuredmedia":[{"embeddable":true,"href":"https:\/\/tecplan.com.es\/en\/wp-json\/wp\/v2\/media\/3182"}],"wp:attachment":[{"href":"https:\/\/tecplan.com.es\/en\/wp-json\/wp\/v2\/media?parent=3198"}],"wp:term":[{"taxonomy":"product_brand","embeddable":true,"href":"https:\/\/tecplan.com.es\/en\/wp-json\/wp\/v2\/product_brand?post=3198"},{"taxonomy":"product_cat","embeddable":true,"href":"https:\/\/tecplan.com.es\/en\/wp-json\/wp\/v2\/product_cat?post=3198"},{"taxonomy":"product_tag","embeddable":true,"href":"https:\/\/tecplan.com.es\/en\/wp-json\/wp\/v2\/product_tag?post=3198"}],"curies":[{"name":"wp","href":"https:\/\/api.w.org\/{rel}","templated":true}]}}