{"id":3197,"date":"2025-09-16T22:54:07","date_gmt":"2025-09-16T22:54:07","guid":{"rendered":"https:\/\/tecplan.com.es\/product\/radio-portatil-motorola-ep450\/"},"modified":"2025-09-18T20:34:33","modified_gmt":"2025-09-18T20:34:33","slug":"radio-portatil-motorola-ep450","status":"publish","type":"product","link":"https:\/\/tecplan.com.es\/en\/product\/radio-portatil-motorola-ep450\/","title":{"rendered":"Radio Port\u00e1til Motorola EP450"},"content":{"rendered":"<p style=\"text-align: justify;\">Desempe\u00f1o \u00f3ptimo en las siguientes \u00e1reas: construcciones, seguridad, centros comerciales, hoteles, fincas, empresas de transporte, ensambladoras de veh\u00edculos, industrias medias, estadios, entre otros.<\/p>\n<h5 style=\"text-align: justify;\"><strong>Caracter\u00edsticas T\u00e9cnicas:<\/strong><\/h5>\n<ul>\n<li style=\"text-align: justify;\">Compatible con repetidor: SI<\/li>\n<li style=\"text-align: justify;\">Duraci\u00f3n de la carga de la bater\u00eda (basada en un ciclo de trabajo de 5% transmisi\u00f3n, 5% recepci\u00f3n, 90% Stand By 5\/5\/90):14,5 hrs \/ 18,5 hrs<\/li>\n<li style=\"text-align: justify;\">Espaciado de canal (kHz): 12.5, 25<\/li>\n<li style=\"text-align: justify;\">Especificaciones militares: 810 C, 810 D, 810 E, 810 F<\/li>\n<li style=\"text-align: justify;\">Transmisi\u00f3n activada por voz (VOX) integrada<\/li>\n<li style=\"text-align: justify;\">2 botones programables<\/li>\n<li style=\"text-align: justify;\">CSQ\/PL\/DPL\/inv-DPL<\/li>\n<li style=\"text-align: justify;\">Bot\u00f3n de emergencia: No<\/li>\n<li style=\"text-align: justify;\">Cuenta con se\u00f1alizaci\u00f3n MDC1200.<\/li>\n<li style=\"text-align: justify;\">16 canales.<\/li>\n<li style=\"text-align: justify;\">promedio UHF en ambiente urbano hasta 1km dependiendo de la estructura urbana (cantidad y altura de las edificaciones).<\/li>\n<li style=\"text-align: justify;\">Alcance promedio VHF en ambiente rural m\u00e1s de 1km dependiendo de la vegetaci\u00f3n y la topograf\u00eda.<\/li>\n<li style=\"text-align: justify;\">Caracteristicas t\u00e9cnicas<\/li>\n<li style=\"text-align: justify;\">Frecuencia: 136-162 MHz<\/li>\n<li style=\"text-align: justify;\">Clasificaci\u00f3n IP: IP54 (Protecci\u00f3n contra polvo y contra agua pulverizada)<\/li>\n<li style=\"text-align: justify;\">Potencia: 5W<\/li>\n<li style=\"text-align: justify;\">Banda: VHF<\/li>\n<li style=\"text-align: justify;\">Canales de Operaci\u00f3n: 16<\/li>\n<li style=\"text-align: justify;\">Pantalla: No<\/li>\n<li style=\"text-align: justify;\">Rango de Temperatura: De -10 C a 60 C<\/li>\n<li style=\"text-align: justify;\">Dimensiones (alto x ancho x profundidad): 13 x 6.20 x 3.73 cm<\/li>\n<li style=\"text-align: justify;\">Peso: 397g<\/li>\n<li style=\"text-align: justify;\">GPS: No<\/li>\n<li style=\"text-align: justify;\">Botones programable: Si<\/li>\n<li style=\"text-align: justify;\">Accesorio Bluetooh: No<\/li>\n<li style=\"text-align: justify;\">Datos Bluetooh: No<\/li>\n<li style=\"text-align: justify;\">Para ambientes explosivos: No<\/li>\n<li style=\"text-align: justify;\">Teclado: No<\/li>\n<\/ul>\n<h5 style=\"text-align: justify;\"><span style=\"text-decoration: underline;\"><strong>DOWNLOADS<\/strong><\/span><\/h5>\n<ul style=\"text-align: justify;\">\n<li><a href=\"https:\/\/drive.google.com\/file\/d\/1MauGVyRPgv4sIR5k856PAe0Cv7drVJV9\/view?usp=sharing\">\u2192 Technical specifications<\/a><\/li>\n<\/ul>","protected":false},"excerpt":{"rendered":"<p style=\"text-align: justify;\">Radio Motorola DTR720 Digital 902-928 MHz con buen alcance, con sus accesorios, software de programaci\u00f3n, instrucciones, ficha t\u00e9cnica en PDF y manual, encu\u00e9ntralo a buen precio en nuestro mercado.<\/p>\n<p><!--more--><\/p>\n<p><img decoding=\"async\" class=\"wp-image-1035 aligncenter\" src=\"https:\/\/tecplan.com.es\/wp-content\/uploads\/2025\/05\/descarga-300x90.png\" alt=\"\" width=\"187\" height=\"51\" \/><\/p>","protected":false},"featured_media":3180,"comment_status":"open","ping_status":"closed","template":"","meta":{"site-sidebar-layout":"default","site-content-layout":"","ast-site-content-layout":"default","site-content-style":"default","site-sidebar-style":"default","ast-global-header-display":"","ast-banner-title-visibility":"","ast-main-header-display":"","ast-hfb-above-header-display":"","ast-hfb-below-header-display":"","ast-hfb-mobile-header-display":"","site-post-title":"","ast-breadcrumbs-content":"","ast-featured-img":"","footer-sml-layout":"","ast-disable-related-posts":"","theme-transparent-header-meta":"default","adv-header-id-meta":"","stick-header-meta":"","header-above-stick-meta":"","header-main-stick-meta":"","header-below-stick-meta":"","astra-migrate-meta-layouts":"set","ast-page-background-enabled":"default","ast-page-background-meta":{"desktop":{"background-color":"var(--ast-global-color-5)","background-image":"","background-repeat":"repeat","background-position":"center center","background-size":"auto","background-attachment":"scroll","background-type":"","background-media":"","overlay-type":"","overlay-color":"","overlay-opacity":"","overlay-gradient":""},"tablet":{"background-color":"","background-image":"","background-repeat":"repeat","background-position":"center center","background-size":"auto","background-attachment":"scroll","background-type":"","background-media":"","overlay-type":"","overlay-color":"","overlay-opacity":"","overlay-gradient":""},"mobile":{"background-color":"","background-image":"","background-repeat":"repeat","background-position":"center center","background-size":"auto","background-attachment":"scroll","background-type":"","background-media":"","overlay-type":"","overlay-color":"","overlay-opacity":"","overlay-gradient":""}},"ast-content-background-meta":{"desktop":{"background-color":"var(--ast-global-color-4)","background-image":"","background-repeat":"repeat","background-position":"center center","background-size":"auto","background-attachment":"scroll","background-type":"","background-media":"","overlay-type":"","overlay-color":"","overlay-opacity":"","overlay-gradient":""},"tablet":{"background-color":"var(--ast-global-color-4)","background-image":"","background-repeat":"repeat","background-position":"center center","background-size":"auto","background-attachment":"scroll","background-type":"","background-media":"","overlay-type":"","overlay-color":"","overlay-opacity":"","overlay-gradient":""},"mobile":{"background-color":"var(--ast-global-color-4)","background-image":"","background-repeat":"repeat","background-position":"center center","background-size":"auto","background-attachment":"scroll","background-type":"","background-media":"","overlay-type":"","overlay-color":"","overlay-opacity":"","overlay-gradient":""}}},"product_brand":[235],"product_cat":[68,59,72],"product_tag":[205],"class_list":{"0":"post-3197","1":"product","2":"type-product","3":"status-publish","4":"has-post-thumbnail","6":"product_brand-motorola","7":"product_cat-motorola","8":"product_cat-radio-comunicacion","9":"product_cat-radios-portatiles","10":"product_tag-motorola","11":"desktop-align-left","12":"tablet-align-left","13":"mobile-align-left","15":"first","16":"instock","17":"shipping-taxable","18":"product-type-simple"},"yoast_head":"<!-- This site is optimized with the Yoast SEO plugin v25.3 - https:\/\/yoast.com\/wordpress\/plugins\/seo\/ -->\n<title>Radio Port\u00e1til Motorola EP450 - Tecplan<\/title>\n<meta name=\"robots\" content=\"index, follow, max-snippet:-1, max-image-preview:large, max-video-preview:-1\" \/>\n<link rel=\"canonical\" href=\"https:\/\/tecplan.com.es\/en\/product\/radio-portatil-motorola-ep450\/\" \/>\n<meta property=\"og:locale\" content=\"en_US\" \/>\n<meta property=\"og:type\" content=\"article\" \/>\n<meta property=\"og:title\" content=\"Radio Port\u00e1til Motorola EP450 - Tecplan\" \/>\n<meta property=\"og:description\" content=\"Radio Motorola DTR720 Digital 902-928 MHz con buen alcance, con sus accesorios, software de programaci\u00f3n, instrucciones, ficha t\u00e9cnica en PDF y manual, encu\u00e9ntralo a buen precio en nuestro mercado.\" \/>\n<meta property=\"og:url\" content=\"https:\/\/tecplan.com.es\/en\/product\/radio-portatil-motorola-ep450\/\" \/>\n<meta property=\"og:site_name\" content=\"Tecplan\" \/>\n<meta property=\"article:modified_time\" content=\"2025-09-18T20:34:33+00:00\" \/>\n<meta property=\"og:image\" content=\"https:\/\/tecplan.com.es\/wp-content\/uploads\/2025\/09\/motorola-ep450-.webp\" \/>\n\t<meta property=\"og:image:width\" content=\"560\" \/>\n\t<meta property=\"og:image:height\" content=\"560\" \/>\n\t<meta property=\"og:image:type\" content=\"image\/webp\" \/>\n<meta name=\"twitter:card\" content=\"summary_large_image\" \/>\n<meta name=\"twitter:label1\" content=\"Est. reading time\" \/>\n\t<meta name=\"twitter:data1\" content=\"2 minutes\" \/>\n<script type=\"application\/ld+json\" class=\"yoast-schema-graph\">{\"@context\":\"https:\/\/schema.org\",\"@graph\":[{\"@type\":\"WebPage\",\"@id\":\"https:\/\/tecplan.com.es\/product\/radio-portatil-motorola-ep450\/\",\"url\":\"https:\/\/tecplan.com.es\/product\/radio-portatil-motorola-ep450\/\",\"name\":\"Radio Port\u00e1til Motorola EP450 - Tecplan\",\"isPartOf\":{\"@id\":\"https:\/\/tecplan.com.es\/#website\"},\"primaryImageOfPage\":{\"@id\":\"https:\/\/tecplan.com.es\/product\/radio-portatil-motorola-ep450\/#primaryimage\"},\"image\":{\"@id\":\"https:\/\/tecplan.com.es\/product\/radio-portatil-motorola-ep450\/#primaryimage\"},\"thumbnailUrl\":\"https:\/\/tecplan.com.es\/wp-content\/uploads\/2025\/09\/motorola-ep450-.webp\",\"datePublished\":\"2025-09-16T22:54:07+00:00\",\"dateModified\":\"2025-09-18T20:34:33+00:00\",\"breadcrumb\":{\"@id\":\"https:\/\/tecplan.com.es\/product\/radio-portatil-motorola-ep450\/#breadcrumb\"},\"inLanguage\":\"en-US\",\"potentialAction\":[{\"@type\":\"ReadAction\",\"target\":[\"https:\/\/tecplan.com.es\/product\/radio-portatil-motorola-ep450\/\"]}]},{\"@type\":\"ImageObject\",\"inLanguage\":\"en-US\",\"@id\":\"https:\/\/tecplan.com.es\/product\/radio-portatil-motorola-ep450\/#primaryimage\",\"url\":\"https:\/\/tecplan.com.es\/wp-content\/uploads\/2025\/09\/motorola-ep450-.webp\",\"contentUrl\":\"https:\/\/tecplan.com.es\/wp-content\/uploads\/2025\/09\/motorola-ep450-.webp\",\"width\":560,\"height\":560},{\"@type\":\"BreadcrumbList\",\"@id\":\"https:\/\/tecplan.com.es\/product\/radio-portatil-motorola-ep450\/#breadcrumb\",\"itemListElement\":[{\"@type\":\"ListItem\",\"position\":1,\"name\":\"Home\",\"item\":\"https:\/\/tecplan.com.es\/\"},{\"@type\":\"ListItem\",\"position\":2,\"name\":\"Shop\",\"item\":\"https:\/\/tecplan.com.es\/shop\/\"},{\"@type\":\"ListItem\",\"position\":3,\"name\":\"Radio Port\u00e1til Motorola EP450\"}]},{\"@type\":\"WebSite\",\"@id\":\"https:\/\/tecplan.com.es\/#website\",\"url\":\"https:\/\/tecplan.com.es\/\",\"name\":\"Tecplan\",\"description\":\"\",\"potentialAction\":[{\"@type\":\"SearchAction\",\"target\":{\"@type\":\"EntryPoint\",\"urlTemplate\":\"https:\/\/tecplan.com.es\/?s={search_term_string}\"},\"query-input\":{\"@type\":\"PropertyValueSpecification\",\"valueRequired\":true,\"valueName\":\"search_term_string\"}}],\"inLanguage\":\"en-US\"}]}<\/script>\n<!-- \/ Yoast SEO plugin. -->","yoast_head_json":{"title":"Radio Port\u00e1til Motorola EP450 - Tecplan","robots":{"index":"index","follow":"follow","max-snippet":"max-snippet:-1","max-image-preview":"max-image-preview:large","max-video-preview":"max-video-preview:-1"},"canonical":"https:\/\/tecplan.com.es\/en\/product\/radio-portatil-motorola-ep450\/","og_locale":"en_US","og_type":"article","og_title":"Radio Port\u00e1til Motorola EP450 - Tecplan","og_description":"Radio Motorola DTR720 Digital 902-928 MHz con buen alcance, con sus accesorios, software de programaci\u00f3n, instrucciones, ficha t\u00e9cnica en PDF y manual, encu\u00e9ntralo a buen precio en nuestro mercado.","og_url":"https:\/\/tecplan.com.es\/en\/product\/radio-portatil-motorola-ep450\/","og_site_name":"Tecplan","article_modified_time":"2025-09-18T20:34:33+00:00","og_image":[{"width":560,"height":560,"url":"https:\/\/tecplan.com.es\/wp-content\/uploads\/2025\/09\/motorola-ep450-.webp","type":"image\/webp"}],"twitter_card":"summary_large_image","twitter_misc":{"Est. reading time":"2 minutes"},"schema":{"@context":"https:\/\/schema.org","@graph":[{"@type":"WebPage","@id":"https:\/\/tecplan.com.es\/product\/radio-portatil-motorola-ep450\/","url":"https:\/\/tecplan.com.es\/product\/radio-portatil-motorola-ep450\/","name":"Radio Port\u00e1til Motorola EP450 - Tecplan","isPartOf":{"@id":"https:\/\/tecplan.com.es\/#website"},"primaryImageOfPage":{"@id":"https:\/\/tecplan.com.es\/product\/radio-portatil-motorola-ep450\/#primaryimage"},"image":{"@id":"https:\/\/tecplan.com.es\/product\/radio-portatil-motorola-ep450\/#primaryimage"},"thumbnailUrl":"https:\/\/tecplan.com.es\/wp-content\/uploads\/2025\/09\/motorola-ep450-.webp","datePublished":"2025-09-16T22:54:07+00:00","dateModified":"2025-09-18T20:34:33+00:00","breadcrumb":{"@id":"https:\/\/tecplan.com.es\/product\/radio-portatil-motorola-ep450\/#breadcrumb"},"inLanguage":"en-US","potentialAction":[{"@type":"ReadAction","target":["https:\/\/tecplan.com.es\/product\/radio-portatil-motorola-ep450\/"]}]},{"@type":"ImageObject","inLanguage":"en-US","@id":"https:\/\/tecplan.com.es\/product\/radio-portatil-motorola-ep450\/#primaryimage","url":"https:\/\/tecplan.com.es\/wp-content\/uploads\/2025\/09\/motorola-ep450-.webp","contentUrl":"https:\/\/tecplan.com.es\/wp-content\/uploads\/2025\/09\/motorola-ep450-.webp","width":560,"height":560},{"@type":"BreadcrumbList","@id":"https:\/\/tecplan.com.es\/product\/radio-portatil-motorola-ep450\/#breadcrumb","itemListElement":[{"@type":"ListItem","position":1,"name":"Home","item":"https:\/\/tecplan.com.es\/"},{"@type":"ListItem","position":2,"name":"Shop","item":"https:\/\/tecplan.com.es\/shop\/"},{"@type":"ListItem","position":3,"name":"Radio Port\u00e1til Motorola EP450"}]},{"@type":"WebSite","@id":"https:\/\/tecplan.com.es\/#website","url":"https:\/\/tecplan.com.es\/","name":"Tecplan","description":"","potentialAction":[{"@type":"SearchAction","target":{"@type":"EntryPoint","urlTemplate":"https:\/\/tecplan.com.es\/?s={search_term_string}"},"query-input":{"@type":"PropertyValueSpecification","valueRequired":true,"valueName":"search_term_string"}}],"inLanguage":"en-US"}]}},"_links":{"self":[{"href":"https:\/\/tecplan.com.es\/en\/wp-json\/wp\/v2\/product\/3197","targetHints":{"allow":["GET"]}}],"collection":[{"href":"https:\/\/tecplan.com.es\/en\/wp-json\/wp\/v2\/product"}],"about":[{"href":"https:\/\/tecplan.com.es\/en\/wp-json\/wp\/v2\/types\/product"}],"replies":[{"embeddable":true,"href":"https:\/\/tecplan.com.es\/en\/wp-json\/wp\/v2\/comments?post=3197"}],"version-history":[{"count":4,"href":"https:\/\/tecplan.com.es\/en\/wp-json\/wp\/v2\/product\/3197\/revisions"}],"predecessor-version":[{"id":3214,"href":"https:\/\/tecplan.com.es\/en\/wp-json\/wp\/v2\/product\/3197\/revisions\/3214"}],"wp:featuredmedia":[{"embeddable":true,"href":"https:\/\/tecplan.com.es\/en\/wp-json\/wp\/v2\/media\/3180"}],"wp:attachment":[{"href":"https:\/\/tecplan.com.es\/en\/wp-json\/wp\/v2\/media?parent=3197"}],"wp:term":[{"taxonomy":"product_brand","embeddable":true,"href":"https:\/\/tecplan.com.es\/en\/wp-json\/wp\/v2\/product_brand?post=3197"},{"taxonomy":"product_cat","embeddable":true,"href":"https:\/\/tecplan.com.es\/en\/wp-json\/wp\/v2\/product_cat?post=3197"},{"taxonomy":"product_tag","embeddable":true,"href":"https:\/\/tecplan.com.es\/en\/wp-json\/wp\/v2\/product_tag?post=3197"}],"curies":[{"name":"wp","href":"https:\/\/api.w.org\/{rel}","templated":true}]}}