{"id":3196,"date":"2025-09-16T22:54:07","date_gmt":"2025-09-16T22:54:07","guid":{"rendered":"https:\/\/tecplan.com.es\/product\/radio-portatil-motorola-dtr720\/"},"modified":"2025-09-18T20:36:52","modified_gmt":"2025-09-18T20:36:52","slug":"radio-portatil-motorola-dtr720","status":"publish","type":"product","link":"https:\/\/tecplan.com.es\/en\/product\/radio-portatil-motorola-dtr720\/","title":{"rendered":"Radio Portatil Motorola DTR720"},"content":{"rendered":"<div class=\"mb:3 system-font\" style=\"text-align: justify;\">Radio port\u00e1til Digital marca MOTOROLA, modelo DTR720, 50 Canales, cumple con la norma IP54 (polvo, lluvia ligera, humedad), opera tambi\u00e9n con repetidor. Opera en banda UHF 902-907 MHz o 915-928 MHz<\/div>\n<div style=\"text-align: justify;\"><\/div>\n<h5 style=\"text-align: justify;\">Uso recomendado<\/h5>\n<div class=\"mb:3 system-font\" style=\"text-align: justify;\">Ideal para operar en total privacidad en hoteles, bodegas, centros comerciales, tiendas departamentales.<\/div>\n<div style=\"text-align: justify;\"><\/div>\n<h5 style=\"text-align: justify;\">Caracter\u00edsticas T\u00e9cnicas:<\/h5>\n<div class=\"mb:3 system-font\" style=\"text-align: justify;\">\n<ul>\n<li style=\"text-align: justify;\">Radio Digital Motorola DTR720.<\/li>\n<li style=\"text-align: justify;\">50 canales.<\/li>\n<li style=\"text-align: justify;\">Cumple con la norma IP54 (polvo, lluvia ligera, humedad).<\/li>\n<li style=\"text-align: justify;\">Prueba de vida acelerada Motorola, bajo est\u00e1ndares militares MIL-STD-810 C\/D\/E\/F.<\/li>\n<li style=\"text-align: justify;\">Banda de operaci\u00f3n: UHF<\/li>\n<li style=\"text-align: justify;\">Potencia: UHF: 1 watt<\/li>\n<li style=\"text-align: justify;\">Rango de frecuencia de operaci\u00f3n:<\/li>\n<li style=\"text-align: justify;\">UHF 902-907 MHz \/ 915-928 MHz @1W.<\/li>\n<li style=\"text-align: justify;\">www.RadiosMx.net<\/li>\n<li style=\"text-align: justify;\">Duraci\u00f3n de la bater\u00eda 14.5 horas.<\/li>\n<li style=\"text-align: justify;\">Recordatorios con tono de alerta<\/li>\n<li style=\"text-align: justify;\">Lista de contactos y llamadas recientes<\/li>\n<li style=\"text-align: justify;\">Transmisi\u00f3n\/recepci\u00f3n de llamada por VibraCallTM<\/li>\n<li style=\"text-align: justify;\">Llamada p\u00fablica o privada de grupo<\/li>\n<li style=\"text-align: justify;\">Limitador de tiempo de transmisi\u00f3n<\/li>\n<li style=\"text-align: justify;\">Tecnolog\u00eda de salto de frecuencia<\/li>\n<li style=\"text-align: justify;\">www.RadiosMx.net<\/li>\n<li style=\"text-align: justify;\">Alerta de bater\u00eda baja con modo de ahorro de energ\u00eda<\/li>\n<li style=\"text-align: justify;\">Tono fuera de cobertura<\/li>\n<li style=\"text-align: justify;\">Prueba de vida acelerada Motorola, bajo est\u00e1ndares militares MIL-STD-810 C\/D\/E\/F<\/li>\n<li style=\"text-align: justify;\">Fabricado y ensamblado, bajo las normas de calidad ISO-9001<\/li>\n<li style=\"text-align: justify;\">Certificado de FCC de U.S.A.<\/li>\n<li style=\"text-align: justify;\">www.RadiosMx.net<\/li>\n<li style=\"text-align: justify;\">Dos a\u00f1os de garant\u00eda en el radio<\/li>\n<\/ul>\n<\/div>\n<h5 style=\"text-align: justify;\"><span style=\"text-decoration: underline;\"><strong>DOWNLOADS<\/strong><\/span><\/h5>\n<ul style=\"text-align: justify;\">\n<li><a href=\"https:\/\/radiosmx.net\/content\/media\/brochures\/DTR720.pdf\">\u2192 Technical specifications<\/a><\/li>\n<\/ul>\n<p style=\"text-align: justify;\">","protected":false},"excerpt":{"rendered":"<p style=\"text-align: justify;\">Radio Motorola DTR720 Digital 902-928 MHz con buen alcance, con sus accesorios, software de programaci\u00f3n, instrucciones, ficha t\u00e9cnica en PDF y manual, encu\u00e9ntralo a buen precio en nuestro mercado.<\/p>\n<p><!--more--><\/p>\n<p><img decoding=\"async\" class=\"wp-image-1035 aligncenter\" src=\"https:\/\/tecplan.com.es\/wp-content\/uploads\/2025\/05\/descarga-300x90.png\" alt=\"\" width=\"184\" height=\"73\" \/><\/p>","protected":false},"featured_media":3211,"comment_status":"open","ping_status":"closed","template":"","meta":{"site-sidebar-layout":"default","site-content-layout":"","ast-site-content-layout":"default","site-content-style":"default","site-sidebar-style":"default","ast-global-header-display":"","ast-banner-title-visibility":"","ast-main-header-display":"","ast-hfb-above-header-display":"","ast-hfb-below-header-display":"","ast-hfb-mobile-header-display":"","site-post-title":"","ast-breadcrumbs-content":"","ast-featured-img":"","footer-sml-layout":"","ast-disable-related-posts":"","theme-transparent-header-meta":"default","adv-header-id-meta":"","stick-header-meta":"","header-above-stick-meta":"","header-main-stick-meta":"","header-below-stick-meta":"","astra-migrate-meta-layouts":"set","ast-page-background-enabled":"default","ast-page-background-meta":{"desktop":{"background-color":"var(--ast-global-color-5)","background-image":"","background-repeat":"repeat","background-position":"center center","background-size":"auto","background-attachment":"scroll","background-type":"","background-media":"","overlay-type":"","overlay-color":"","overlay-opacity":"","overlay-gradient":""},"tablet":{"background-color":"","background-image":"","background-repeat":"repeat","background-position":"center center","background-size":"auto","background-attachment":"scroll","background-type":"","background-media":"","overlay-type":"","overlay-color":"","overlay-opacity":"","overlay-gradient":""},"mobile":{"background-color":"","background-image":"","background-repeat":"repeat","background-position":"center center","background-size":"auto","background-attachment":"scroll","background-type":"","background-media":"","overlay-type":"","overlay-color":"","overlay-opacity":"","overlay-gradient":""}},"ast-content-background-meta":{"desktop":{"background-color":"var(--ast-global-color-4)","background-image":"","background-repeat":"repeat","background-position":"center center","background-size":"auto","background-attachment":"scroll","background-type":"","background-media":"","overlay-type":"","overlay-color":"","overlay-opacity":"","overlay-gradient":""},"tablet":{"background-color":"var(--ast-global-color-4)","background-image":"","background-repeat":"repeat","background-position":"center center","background-size":"auto","background-attachment":"scroll","background-type":"","background-media":"","overlay-type":"","overlay-color":"","overlay-opacity":"","overlay-gradient":""},"mobile":{"background-color":"var(--ast-global-color-4)","background-image":"","background-repeat":"repeat","background-position":"center center","background-size":"auto","background-attachment":"scroll","background-type":"","background-media":"","overlay-type":"","overlay-color":"","overlay-opacity":"","overlay-gradient":""}}},"product_brand":[235],"product_cat":[68,59,71],"product_tag":[205],"class_list":{"0":"post-3196","1":"product","2":"type-product","3":"status-publish","4":"has-post-thumbnail","6":"product_brand-motorola","7":"product_cat-motorola","8":"product_cat-radio-comunicacion","9":"product_cat-radios-bases","10":"product_tag-motorola","11":"desktop-align-left","12":"tablet-align-left","13":"mobile-align-left","15":"first","16":"instock","17":"shipping-taxable","18":"product-type-simple"},"yoast_head":"<!-- This site is optimized with the Yoast SEO plugin v25.3 - https:\/\/yoast.com\/wordpress\/plugins\/seo\/ -->\n<title>Radio Portatil Motorola DTR720 - Tecplan<\/title>\n<meta name=\"robots\" content=\"index, follow, max-snippet:-1, max-image-preview:large, max-video-preview:-1\" \/>\n<link rel=\"canonical\" href=\"https:\/\/tecplan.com.es\/en\/product\/radio-portatil-motorola-dtr720\/\" \/>\n<meta property=\"og:locale\" content=\"en_US\" \/>\n<meta property=\"og:type\" content=\"article\" \/>\n<meta property=\"og:title\" content=\"Radio Portatil Motorola DTR720 - Tecplan\" \/>\n<meta property=\"og:description\" content=\"Radio Motorola DTR720 Digital 902-928 MHz con buen alcance, con sus accesorios, software de programaci\u00f3n, instrucciones, ficha t\u00e9cnica en PDF y manual, encu\u00e9ntralo a buen precio en nuestro mercado.\" \/>\n<meta property=\"og:url\" content=\"https:\/\/tecplan.com.es\/en\/product\/radio-portatil-motorola-dtr720\/\" \/>\n<meta property=\"og:site_name\" content=\"Tecplan\" \/>\n<meta property=\"article:modified_time\" content=\"2025-09-18T20:36:52+00:00\" \/>\n<meta property=\"og:image\" content=\"https:\/\/tecplan.com.es\/wp-content\/uploads\/2025\/09\/DTR720-1.jpg\" \/>\n\t<meta property=\"og:image:width\" content=\"400\" \/>\n\t<meta property=\"og:image:height\" content=\"400\" \/>\n\t<meta property=\"og:image:type\" content=\"image\/jpeg\" \/>\n<meta name=\"twitter:card\" content=\"summary_large_image\" \/>\n<meta name=\"twitter:label1\" content=\"Est. reading time\" \/>\n\t<meta name=\"twitter:data1\" content=\"2 minutes\" \/>\n<script type=\"application\/ld+json\" class=\"yoast-schema-graph\">{\"@context\":\"https:\/\/schema.org\",\"@graph\":[{\"@type\":\"WebPage\",\"@id\":\"https:\/\/tecplan.com.es\/product\/radio-portatil-motorola-dtr720\/\",\"url\":\"https:\/\/tecplan.com.es\/product\/radio-portatil-motorola-dtr720\/\",\"name\":\"Radio Portatil Motorola DTR720 - Tecplan\",\"isPartOf\":{\"@id\":\"https:\/\/tecplan.com.es\/#website\"},\"primaryImageOfPage\":{\"@id\":\"https:\/\/tecplan.com.es\/product\/radio-portatil-motorola-dtr720\/#primaryimage\"},\"image\":{\"@id\":\"https:\/\/tecplan.com.es\/product\/radio-portatil-motorola-dtr720\/#primaryimage\"},\"thumbnailUrl\":\"https:\/\/tecplan.com.es\/wp-content\/uploads\/2025\/09\/DTR720-1.jpg\",\"datePublished\":\"2025-09-16T22:54:07+00:00\",\"dateModified\":\"2025-09-18T20:36:52+00:00\",\"breadcrumb\":{\"@id\":\"https:\/\/tecplan.com.es\/product\/radio-portatil-motorola-dtr720\/#breadcrumb\"},\"inLanguage\":\"en-US\",\"potentialAction\":[{\"@type\":\"ReadAction\",\"target\":[\"https:\/\/tecplan.com.es\/product\/radio-portatil-motorola-dtr720\/\"]}]},{\"@type\":\"ImageObject\",\"inLanguage\":\"en-US\",\"@id\":\"https:\/\/tecplan.com.es\/product\/radio-portatil-motorola-dtr720\/#primaryimage\",\"url\":\"https:\/\/tecplan.com.es\/wp-content\/uploads\/2025\/09\/DTR720-1.jpg\",\"contentUrl\":\"https:\/\/tecplan.com.es\/wp-content\/uploads\/2025\/09\/DTR720-1.jpg\",\"width\":400,\"height\":400},{\"@type\":\"BreadcrumbList\",\"@id\":\"https:\/\/tecplan.com.es\/product\/radio-portatil-motorola-dtr720\/#breadcrumb\",\"itemListElement\":[{\"@type\":\"ListItem\",\"position\":1,\"name\":\"Home\",\"item\":\"https:\/\/tecplan.com.es\/\"},{\"@type\":\"ListItem\",\"position\":2,\"name\":\"Shop\",\"item\":\"https:\/\/tecplan.com.es\/shop\/\"},{\"@type\":\"ListItem\",\"position\":3,\"name\":\"Radio Portatil Motorola DTR720\"}]},{\"@type\":\"WebSite\",\"@id\":\"https:\/\/tecplan.com.es\/#website\",\"url\":\"https:\/\/tecplan.com.es\/\",\"name\":\"Tecplan\",\"description\":\"\",\"potentialAction\":[{\"@type\":\"SearchAction\",\"target\":{\"@type\":\"EntryPoint\",\"urlTemplate\":\"https:\/\/tecplan.com.es\/?s={search_term_string}\"},\"query-input\":{\"@type\":\"PropertyValueSpecification\",\"valueRequired\":true,\"valueName\":\"search_term_string\"}}],\"inLanguage\":\"en-US\"}]}<\/script>\n<!-- \/ Yoast SEO plugin. -->","yoast_head_json":{"title":"Radio Portatil Motorola DTR720 - Tecplan","robots":{"index":"index","follow":"follow","max-snippet":"max-snippet:-1","max-image-preview":"max-image-preview:large","max-video-preview":"max-video-preview:-1"},"canonical":"https:\/\/tecplan.com.es\/en\/product\/radio-portatil-motorola-dtr720\/","og_locale":"en_US","og_type":"article","og_title":"Radio Portatil Motorola DTR720 - Tecplan","og_description":"Radio Motorola DTR720 Digital 902-928 MHz con buen alcance, con sus accesorios, software de programaci\u00f3n, instrucciones, ficha t\u00e9cnica en PDF y manual, encu\u00e9ntralo a buen precio en nuestro mercado.","og_url":"https:\/\/tecplan.com.es\/en\/product\/radio-portatil-motorola-dtr720\/","og_site_name":"Tecplan","article_modified_time":"2025-09-18T20:36:52+00:00","og_image":[{"width":400,"height":400,"url":"https:\/\/tecplan.com.es\/wp-content\/uploads\/2025\/09\/DTR720-1.jpg","type":"image\/jpeg"}],"twitter_card":"summary_large_image","twitter_misc":{"Est. reading time":"2 minutes"},"schema":{"@context":"https:\/\/schema.org","@graph":[{"@type":"WebPage","@id":"https:\/\/tecplan.com.es\/product\/radio-portatil-motorola-dtr720\/","url":"https:\/\/tecplan.com.es\/product\/radio-portatil-motorola-dtr720\/","name":"Radio Portatil Motorola DTR720 - Tecplan","isPartOf":{"@id":"https:\/\/tecplan.com.es\/#website"},"primaryImageOfPage":{"@id":"https:\/\/tecplan.com.es\/product\/radio-portatil-motorola-dtr720\/#primaryimage"},"image":{"@id":"https:\/\/tecplan.com.es\/product\/radio-portatil-motorola-dtr720\/#primaryimage"},"thumbnailUrl":"https:\/\/tecplan.com.es\/wp-content\/uploads\/2025\/09\/DTR720-1.jpg","datePublished":"2025-09-16T22:54:07+00:00","dateModified":"2025-09-18T20:36:52+00:00","breadcrumb":{"@id":"https:\/\/tecplan.com.es\/product\/radio-portatil-motorola-dtr720\/#breadcrumb"},"inLanguage":"en-US","potentialAction":[{"@type":"ReadAction","target":["https:\/\/tecplan.com.es\/product\/radio-portatil-motorola-dtr720\/"]}]},{"@type":"ImageObject","inLanguage":"en-US","@id":"https:\/\/tecplan.com.es\/product\/radio-portatil-motorola-dtr720\/#primaryimage","url":"https:\/\/tecplan.com.es\/wp-content\/uploads\/2025\/09\/DTR720-1.jpg","contentUrl":"https:\/\/tecplan.com.es\/wp-content\/uploads\/2025\/09\/DTR720-1.jpg","width":400,"height":400},{"@type":"BreadcrumbList","@id":"https:\/\/tecplan.com.es\/product\/radio-portatil-motorola-dtr720\/#breadcrumb","itemListElement":[{"@type":"ListItem","position":1,"name":"Home","item":"https:\/\/tecplan.com.es\/"},{"@type":"ListItem","position":2,"name":"Shop","item":"https:\/\/tecplan.com.es\/shop\/"},{"@type":"ListItem","position":3,"name":"Radio Portatil Motorola DTR720"}]},{"@type":"WebSite","@id":"https:\/\/tecplan.com.es\/#website","url":"https:\/\/tecplan.com.es\/","name":"Tecplan","description":"","potentialAction":[{"@type":"SearchAction","target":{"@type":"EntryPoint","urlTemplate":"https:\/\/tecplan.com.es\/?s={search_term_string}"},"query-input":{"@type":"PropertyValueSpecification","valueRequired":true,"valueName":"search_term_string"}}],"inLanguage":"en-US"}]}},"_links":{"self":[{"href":"https:\/\/tecplan.com.es\/en\/wp-json\/wp\/v2\/product\/3196","targetHints":{"allow":["GET"]}}],"collection":[{"href":"https:\/\/tecplan.com.es\/en\/wp-json\/wp\/v2\/product"}],"about":[{"href":"https:\/\/tecplan.com.es\/en\/wp-json\/wp\/v2\/types\/product"}],"replies":[{"embeddable":true,"href":"https:\/\/tecplan.com.es\/en\/wp-json\/wp\/v2\/comments?post=3196"}],"version-history":[{"count":3,"href":"https:\/\/tecplan.com.es\/en\/wp-json\/wp\/v2\/product\/3196\/revisions"}],"predecessor-version":[{"id":3255,"href":"https:\/\/tecplan.com.es\/en\/wp-json\/wp\/v2\/product\/3196\/revisions\/3255"}],"wp:featuredmedia":[{"embeddable":true,"href":"https:\/\/tecplan.com.es\/en\/wp-json\/wp\/v2\/media\/3211"}],"wp:attachment":[{"href":"https:\/\/tecplan.com.es\/en\/wp-json\/wp\/v2\/media?parent=3196"}],"wp:term":[{"taxonomy":"product_brand","embeddable":true,"href":"https:\/\/tecplan.com.es\/en\/wp-json\/wp\/v2\/product_brand?post=3196"},{"taxonomy":"product_cat","embeddable":true,"href":"https:\/\/tecplan.com.es\/en\/wp-json\/wp\/v2\/product_cat?post=3196"},{"taxonomy":"product_tag","embeddable":true,"href":"https:\/\/tecplan.com.es\/en\/wp-json\/wp\/v2\/product_tag?post=3196"}],"curies":[{"name":"wp","href":"https:\/\/api.w.org\/{rel}","templated":true}]}}