{"id":2886,"date":"2025-09-10T21:34:11","date_gmt":"2025-09-10T21:34:11","guid":{"rendered":"https:\/\/tecplan.com.es\/product\/radio-motorola-sl500\/"},"modified":"2025-09-12T17:14:16","modified_gmt":"2025-09-12T17:14:16","slug":"radio-motorola-sl500","status":"publish","type":"product","link":"https:\/\/tecplan.com.es\/en\/product\/radio-motorola-sl500\/","title":{"rendered":"Radio Port\u00e1til Motorola SL500"},"content":{"rendered":"<h5 class=\"product_title entry-title\" style=\"text-align: justify;\"><strong>Radio Motorola SL500 Digital LAH88QCP9JA2AN UHF 403-480 MHz<\/strong><\/h5>\n<p style=\"text-align: justify;\">Desempe\u00f1o \u00f3ptimo en las siguientes \u00e1reas: construcciones, seguridad, centros comerciales, hoteles, fincas, empresas de transporte, ensambladoras de veh\u00edculos, industrias medias, estadios, entre otro.<\/p>\n<div class=\"caracte-techn\" style=\"text-align: justify;\">\n<h5 class=\"title-secundary\">Caracter\u00edsticas t\u00e9cnicas<\/h5>\n<ul class=\"list-group list-caracteriscas\">\n<li class=\"list-group-item item-caract\" data-sort=\"58\"><strong>Clasificaci\u00f3n IP:<\/strong>\u00a0<span class=\"text-blue-caract\">IP54 (Protecci\u00f3n contra polvo y contra agua pulverizada)<\/span><\/li>\n<li class=\"list-group-item item-caract\" data-sort=\"4\"><strong>Canales de Operaci\u00f3n:<\/strong>\u00a0<span class=\"text-blue-caract\">99<\/span><\/li>\n<li class=\"list-group-item item-caract\" data-sort=\"2\"><strong>Frecuencia:<\/strong>\u00a0<span class=\"text-blue-caract\">403-480 MHz<\/span><\/li>\n<li class=\"list-group-item item-caract\" data-sort=\"8\"><strong>Pantalla:<\/strong>\u00a0<span class=\"text-blue-caract\">S\u00ed<\/span><\/li>\n<li class=\"list-group-item item-caract\" data-sort=\"3\"><strong>Potencia:<\/strong>\u00a0<span class=\"text-blue-caract\">3W<\/span><\/li>\n<li class=\"list-group-item item-caract\" data-sort=\"1\"><strong>Banda:<\/strong>\u00a0<span class=\"text-blue-caract\">UHF<\/span><\/li>\n<li class=\"list-group-item item-caract\" data-sort=\"11\"><strong>Rango de Temperatura:<\/strong>\u00a0<span class=\"text-blue-caract\">De -30 C a 60 C<\/span><\/li>\n<li class=\"list-group-item item-caract\" data-sort=\"10\"><strong>Teclado:<\/strong>\u00a0<span class=\"text-blue-caract\">No<\/span><\/li>\n<li class=\"list-group-item item-caract\" data-sort=\"43\"><strong>Dimensiones (alto x ancho x profundidad):<\/strong>\u00a0<span class=\"text-blue-caract\">12.57 x 5.50 x 2.20 cm<\/span><\/li>\n<li class=\"list-group-item item-caract\" data-sort=\"44\"><strong>Peso:<\/strong>\u00a0<span class=\"text-blue-caract\">165.6 gr<\/span><\/li>\n<li class=\"list-group-item item-caract\" data-sort=\"46\"><strong>GPS:<\/strong>\u00a0<span class=\"text-blue-caract\">\u00a0No<\/span><\/li>\n<li class=\"list-group-item item-caract\" data-sort=\"47\"><strong>Accesorio Bluetooh:<\/strong>\u00a0<span class=\"text-blue-caract\">\u00a0No<\/span><\/li>\n<li class=\"list-group-item item-caract\" data-sort=\"48\"><strong>Datos Bluetooh:<\/strong>\u00a0<span class=\"text-blue-caract\">\u00a0No<\/span><\/li>\n<li class=\"list-group-item item-caract\" data-sort=\"54\"><strong>Botones programable:<\/strong>\u00a0<span class=\"text-blue-caract\">\u00a0No<\/span><\/li>\n<\/ul>\n<\/div>\n<div class=\"row\">\n<div class=\"col-md-12\">\n<div class=\"large-descrition-product\">\n<p>Compatible con la familia de radios MOTOTRBO\u2122, el SL500 tiene calidad de audio superior, cobertura sobresaliente, bater\u00eda de larga duraci\u00f3n, operan en sistemas IP Site Connect. Radio ergon\u00f3mico, delgado y liviano. Llamativa pantalla Active View, que combina resistencia con simplicidad, y tecnolog\u00eda patentada Range Max, que ofrece una excelente cobertura con bater\u00eda de larga duraci\u00f3n en un perfil compacto y muy pr\u00e1ctico. El radio admite tanto modo anal\u00f3gico como digital y se complementa con una amplia gama de accesorios innovadores.<\/p>\n<ul>\n<li style=\"text-align: justify;\">El software de cancelaci\u00f3n de ruido digital.<\/li>\n<li style=\"text-align: justify;\">Compatible con repetidor.<\/li>\n<li style=\"text-align: justify;\">Anal\u00f3gico \/ Digital.<\/li>\n<li style=\"text-align: justify;\">Duraci\u00f3n de la carga de la bater\u00eda (basada en un ciclo de trabajo de 5% transmisi\u00f3n, 5% recepci\u00f3n, 90% Stand By 5\/5\/90): 11.8 hrs en Anal\u00f3gico \/ 14 hrs en Digital.<\/li>\n<li style=\"text-align: justify;\">Espaciado de canal 12.5 Khz y 25 Khz.<\/li>\n<li style=\"text-align: justify;\">Especificaciones militares, 810 D, 810 E.<\/li>\n<li style=\"text-align: justify;\">Pantalla LED Active View.<\/li>\n<li style=\"text-align: justify;\">Factor de forma ultradelgado.<\/li>\n<li style=\"text-align: justify;\">Conectividad MicroUSB.<\/li>\n<li style=\"text-align: justify;\">Carga eficiente.<\/li>\n<li style=\"text-align: justify;\">programaci\u00f3n por PC.<\/li>\n<\/ul>\n<\/div>\n<\/div>\n<\/div>\n<p><!--more--><\/p>\n<h5 style=\"text-align: justify;\"><span style=\"text-decoration: underline;\"><strong>DOWNLOADS<\/strong><\/span><\/h5>\n<ul style=\"text-align: justify;\">\n<li><a href=\"https:\/\/drive.google.com\/file\/d\/1TAhR5DavzfPQVqEjv7ByMGhAa6_l3Hyj\/view?usp=sharing\">\u2192 Technical specifications<\/a><\/li>\n<\/ul>","protected":false},"excerpt":{"rendered":"<p style=\"text-align: justify;\">Radio Motorola\u00a0<strong>SL500<\/strong>\u00a0Digital LAH88QCP9JA2AN UHF 403-480 MHz con buen alcance, con sus accesorios, software de programaci\u00f3n, instrucciones, ficha t\u00e9cnica en PDF y manual, encu\u00e9ntralo a buen precio en nuestro mercado.<\/p>\n<ul>\n<li style=\"text-align: justify;\">Habilitado para las bandas , .<\/li>\n<li style=\"text-align: justify;\">Cumple con los est\u00e1ndares de Radio M\u00f3vil Digital (DMR)<\/li>\n<li style=\"text-align: justify;\">99 canales.<\/li>\n<li style=\"text-align: justify;\">Alcance promedio UHF en ambiente urbano hasta 1km dependiendo de la estructura urbana (cantidad y altura de las edificaciones).<\/li>\n<li style=\"text-align: justify;\">Alcance promedio VHF en ambiente rural m\u00e1s de 1km dependiendo de la vegetaci\u00f3n y la topograf\u00eda.<\/li>\n<\/ul>\n<p><!--more--><\/p>\n<p><img decoding=\"async\" class=\"wp-image-491 aligncenter\" src=\"https:\/\/tecplan.com.es\/wp-content\/uploads\/2025\/03\/log_por2-01-300x101.png\" alt=\"\" width=\"166\" height=\"56\" srcset=\"https:\/\/tecplan.com.es\/wp-content\/uploads\/2025\/03\/log_por2-01-300x101.png 300w, https:\/\/tecplan.com.es\/wp-content\/uploads\/2025\/03\/log_por2-01-600x202.png 600w, https:\/\/tecplan.com.es\/wp-content\/uploads\/2025\/03\/log_por2-01-1024x345.png 1024w, https:\/\/tecplan.com.es\/wp-content\/uploads\/2025\/03\/log_por2-01-768x259.png 768w, https:\/\/tecplan.com.es\/wp-content\/uploads\/2025\/03\/log_por2-01-18x6.png 18w, https:\/\/tecplan.com.es\/wp-content\/uploads\/2025\/03\/log_por2-01.png 1379w\" sizes=\"(max-width: 166px) 100vw, 166px\" \/><\/p>","protected":false},"featured_media":2890,"comment_status":"open","ping_status":"closed","template":"","meta":{"site-sidebar-layout":"default","site-content-layout":"","ast-site-content-layout":"default","site-content-style":"default","site-sidebar-style":"default","ast-global-header-display":"","ast-banner-title-visibility":"","ast-main-header-display":"","ast-hfb-above-header-display":"","ast-hfb-below-header-display":"","ast-hfb-mobile-header-display":"","site-post-title":"","ast-breadcrumbs-content":"","ast-featured-img":"","footer-sml-layout":"","ast-disable-related-posts":"","theme-transparent-header-meta":"default","adv-header-id-meta":"","stick-header-meta":"","header-above-stick-meta":"","header-main-stick-meta":"","header-below-stick-meta":"","astra-migrate-meta-layouts":"set","ast-page-background-enabled":"default","ast-page-background-meta":{"desktop":{"background-color":"var(--ast-global-color-5)","background-image":"","background-repeat":"repeat","background-position":"center center","background-size":"auto","background-attachment":"scroll","background-type":"","background-media":"","overlay-type":"","overlay-color":"","overlay-opacity":"","overlay-gradient":""},"tablet":{"background-color":"","background-image":"","background-repeat":"repeat","background-position":"center center","background-size":"auto","background-attachment":"scroll","background-type":"","background-media":"","overlay-type":"","overlay-color":"","overlay-opacity":"","overlay-gradient":""},"mobile":{"background-color":"","background-image":"","background-repeat":"repeat","background-position":"center center","background-size":"auto","background-attachment":"scroll","background-type":"","background-media":"","overlay-type":"","overlay-color":"","overlay-opacity":"","overlay-gradient":""}},"ast-content-background-meta":{"desktop":{"background-color":"var(--ast-global-color-4)","background-image":"","background-repeat":"repeat","background-position":"center center","background-size":"auto","background-attachment":"scroll","background-type":"","background-media":"","overlay-type":"","overlay-color":"","overlay-opacity":"","overlay-gradient":""},"tablet":{"background-color":"var(--ast-global-color-4)","background-image":"","background-repeat":"repeat","background-position":"center center","background-size":"auto","background-attachment":"scroll","background-type":"","background-media":"","overlay-type":"","overlay-color":"","overlay-opacity":"","overlay-gradient":""},"mobile":{"background-color":"var(--ast-global-color-4)","background-image":"","background-repeat":"repeat","background-position":"center center","background-size":"auto","background-attachment":"scroll","background-type":"","background-media":"","overlay-type":"","overlay-color":"","overlay-opacity":"","overlay-gradient":""}}},"product_brand":[235],"product_cat":[68,59,72],"product_tag":[205],"class_list":{"0":"post-2886","1":"product","2":"type-product","3":"status-publish","4":"has-post-thumbnail","6":"product_brand-motorola","7":"product_cat-motorola","8":"product_cat-radio-comunicacion","9":"product_cat-radios-portatiles","10":"product_tag-motorola","11":"desktop-align-left","12":"tablet-align-left","13":"mobile-align-left","15":"first","16":"instock","17":"shipping-taxable","18":"product-type-simple"},"yoast_head":"<!-- This site is optimized with the Yoast SEO plugin v25.3 - https:\/\/yoast.com\/wordpress\/plugins\/seo\/ -->\n<title>Radio Port\u00e1til Motorola SL500 - Tecplan<\/title>\n<meta name=\"robots\" content=\"index, follow, max-snippet:-1, max-image-preview:large, max-video-preview:-1\" \/>\n<link rel=\"canonical\" href=\"https:\/\/tecplan.com.es\/en\/product\/radio-motorola-sl500\/\" \/>\n<meta property=\"og:locale\" content=\"en_US\" \/>\n<meta property=\"og:type\" content=\"article\" \/>\n<meta property=\"og:title\" content=\"Radio Port\u00e1til Motorola SL500 - Tecplan\" \/>\n<meta property=\"og:description\" content=\"Radio Motorola\u00a0SL500\u00a0Digital LAH88QCP9JA2AN UHF 403-480 MHz con buen alcance, con sus accesorios, software de programaci\u00f3n, instrucciones, ficha t\u00e9cnica en PDF y manual, encu\u00e9ntralo a buen precio en nuestro mercado.    Habilitado para las bandas , .  Cumple con los est\u00e1ndares de Radio M\u00f3vil Digital (DMR)  99 canales.  Alcance promedio UHF en ambiente urbano hasta 1km dependiendo de la estructura urbana (cantidad y altura de las edificaciones).  Alcance promedio VHF en ambiente rural m\u00e1s de 1km dependiendo de la vegetaci\u00f3n y la topograf\u00eda.\" \/>\n<meta property=\"og:url\" content=\"https:\/\/tecplan.com.es\/en\/product\/radio-motorola-sl500\/\" \/>\n<meta property=\"og:site_name\" content=\"Tecplan\" \/>\n<meta property=\"article:modified_time\" content=\"2025-09-12T17:14:16+00:00\" \/>\n<meta property=\"og:image\" content=\"https:\/\/tecplan.com.es\/wp-content\/uploads\/2025\/09\/sl300_front_lg.jpg\" \/>\n\t<meta property=\"og:image:width\" content=\"324\" \/>\n\t<meta property=\"og:image:height\" content=\"324\" \/>\n\t<meta property=\"og:image:type\" content=\"image\/jpeg\" \/>\n<meta name=\"twitter:card\" content=\"summary_large_image\" \/>\n<meta name=\"twitter:label1\" content=\"Est. reading time\" \/>\n\t<meta name=\"twitter:data1\" content=\"2 minutes\" \/>\n<script type=\"application\/ld+json\" class=\"yoast-schema-graph\">{\"@context\":\"https:\/\/schema.org\",\"@graph\":[{\"@type\":\"WebPage\",\"@id\":\"https:\/\/tecplan.com.es\/product\/radio-motorola-sl500\/\",\"url\":\"https:\/\/tecplan.com.es\/product\/radio-motorola-sl500\/\",\"name\":\"Radio Port\u00e1til Motorola SL500 - Tecplan\",\"isPartOf\":{\"@id\":\"https:\/\/tecplan.com.es\/#website\"},\"primaryImageOfPage\":{\"@id\":\"https:\/\/tecplan.com.es\/product\/radio-motorola-sl500\/#primaryimage\"},\"image\":{\"@id\":\"https:\/\/tecplan.com.es\/product\/radio-motorola-sl500\/#primaryimage\"},\"thumbnailUrl\":\"https:\/\/tecplan.com.es\/wp-content\/uploads\/2025\/09\/sl300_front_lg.jpg\",\"datePublished\":\"2025-09-10T21:34:11+00:00\",\"dateModified\":\"2025-09-12T17:14:16+00:00\",\"breadcrumb\":{\"@id\":\"https:\/\/tecplan.com.es\/product\/radio-motorola-sl500\/#breadcrumb\"},\"inLanguage\":\"en-US\",\"potentialAction\":[{\"@type\":\"ReadAction\",\"target\":[\"https:\/\/tecplan.com.es\/product\/radio-motorola-sl500\/\"]}]},{\"@type\":\"ImageObject\",\"inLanguage\":\"en-US\",\"@id\":\"https:\/\/tecplan.com.es\/product\/radio-motorola-sl500\/#primaryimage\",\"url\":\"https:\/\/tecplan.com.es\/wp-content\/uploads\/2025\/09\/sl300_front_lg.jpg\",\"contentUrl\":\"https:\/\/tecplan.com.es\/wp-content\/uploads\/2025\/09\/sl300_front_lg.jpg\",\"width\":324,\"height\":324},{\"@type\":\"BreadcrumbList\",\"@id\":\"https:\/\/tecplan.com.es\/product\/radio-motorola-sl500\/#breadcrumb\",\"itemListElement\":[{\"@type\":\"ListItem\",\"position\":1,\"name\":\"Home\",\"item\":\"https:\/\/tecplan.com.es\/\"},{\"@type\":\"ListItem\",\"position\":2,\"name\":\"Shop\",\"item\":\"https:\/\/tecplan.com.es\/shop\/\"},{\"@type\":\"ListItem\",\"position\":3,\"name\":\"Radio Port\u00e1til Motorola SL500\"}]},{\"@type\":\"WebSite\",\"@id\":\"https:\/\/tecplan.com.es\/#website\",\"url\":\"https:\/\/tecplan.com.es\/\",\"name\":\"Tecplan\",\"description\":\"\",\"potentialAction\":[{\"@type\":\"SearchAction\",\"target\":{\"@type\":\"EntryPoint\",\"urlTemplate\":\"https:\/\/tecplan.com.es\/?s={search_term_string}\"},\"query-input\":{\"@type\":\"PropertyValueSpecification\",\"valueRequired\":true,\"valueName\":\"search_term_string\"}}],\"inLanguage\":\"en-US\"}]}<\/script>\n<!-- \/ Yoast SEO plugin. -->","yoast_head_json":{"title":"Radio Port\u00e1til Motorola SL500 - Tecplan","robots":{"index":"index","follow":"follow","max-snippet":"max-snippet:-1","max-image-preview":"max-image-preview:large","max-video-preview":"max-video-preview:-1"},"canonical":"https:\/\/tecplan.com.es\/en\/product\/radio-motorola-sl500\/","og_locale":"en_US","og_type":"article","og_title":"Radio Port\u00e1til Motorola SL500 - Tecplan","og_description":"Radio Motorola\u00a0SL500\u00a0Digital LAH88QCP9JA2AN UHF 403-480 MHz con buen alcance, con sus accesorios, software de programaci\u00f3n, instrucciones, ficha t\u00e9cnica en PDF y manual, encu\u00e9ntralo a buen precio en nuestro mercado.    Habilitado para las bandas , .  Cumple con los est\u00e1ndares de Radio M\u00f3vil Digital (DMR)  99 canales.  Alcance promedio UHF en ambiente urbano hasta 1km dependiendo de la estructura urbana (cantidad y altura de las edificaciones).  Alcance promedio VHF en ambiente rural m\u00e1s de 1km dependiendo de la vegetaci\u00f3n y la topograf\u00eda.","og_url":"https:\/\/tecplan.com.es\/en\/product\/radio-motorola-sl500\/","og_site_name":"Tecplan","article_modified_time":"2025-09-12T17:14:16+00:00","og_image":[{"width":324,"height":324,"url":"https:\/\/tecplan.com.es\/wp-content\/uploads\/2025\/09\/sl300_front_lg.jpg","type":"image\/jpeg"}],"twitter_card":"summary_large_image","twitter_misc":{"Est. reading time":"2 minutes"},"schema":{"@context":"https:\/\/schema.org","@graph":[{"@type":"WebPage","@id":"https:\/\/tecplan.com.es\/product\/radio-motorola-sl500\/","url":"https:\/\/tecplan.com.es\/product\/radio-motorola-sl500\/","name":"Radio Port\u00e1til Motorola SL500 - Tecplan","isPartOf":{"@id":"https:\/\/tecplan.com.es\/#website"},"primaryImageOfPage":{"@id":"https:\/\/tecplan.com.es\/product\/radio-motorola-sl500\/#primaryimage"},"image":{"@id":"https:\/\/tecplan.com.es\/product\/radio-motorola-sl500\/#primaryimage"},"thumbnailUrl":"https:\/\/tecplan.com.es\/wp-content\/uploads\/2025\/09\/sl300_front_lg.jpg","datePublished":"2025-09-10T21:34:11+00:00","dateModified":"2025-09-12T17:14:16+00:00","breadcrumb":{"@id":"https:\/\/tecplan.com.es\/product\/radio-motorola-sl500\/#breadcrumb"},"inLanguage":"en-US","potentialAction":[{"@type":"ReadAction","target":["https:\/\/tecplan.com.es\/product\/radio-motorola-sl500\/"]}]},{"@type":"ImageObject","inLanguage":"en-US","@id":"https:\/\/tecplan.com.es\/product\/radio-motorola-sl500\/#primaryimage","url":"https:\/\/tecplan.com.es\/wp-content\/uploads\/2025\/09\/sl300_front_lg.jpg","contentUrl":"https:\/\/tecplan.com.es\/wp-content\/uploads\/2025\/09\/sl300_front_lg.jpg","width":324,"height":324},{"@type":"BreadcrumbList","@id":"https:\/\/tecplan.com.es\/product\/radio-motorola-sl500\/#breadcrumb","itemListElement":[{"@type":"ListItem","position":1,"name":"Home","item":"https:\/\/tecplan.com.es\/"},{"@type":"ListItem","position":2,"name":"Shop","item":"https:\/\/tecplan.com.es\/shop\/"},{"@type":"ListItem","position":3,"name":"Radio Port\u00e1til Motorola SL500"}]},{"@type":"WebSite","@id":"https:\/\/tecplan.com.es\/#website","url":"https:\/\/tecplan.com.es\/","name":"Tecplan","description":"","potentialAction":[{"@type":"SearchAction","target":{"@type":"EntryPoint","urlTemplate":"https:\/\/tecplan.com.es\/?s={search_term_string}"},"query-input":{"@type":"PropertyValueSpecification","valueRequired":true,"valueName":"search_term_string"}}],"inLanguage":"en-US"}]}},"_links":{"self":[{"href":"https:\/\/tecplan.com.es\/en\/wp-json\/wp\/v2\/product\/2886","targetHints":{"allow":["GET"]}}],"collection":[{"href":"https:\/\/tecplan.com.es\/en\/wp-json\/wp\/v2\/product"}],"about":[{"href":"https:\/\/tecplan.com.es\/en\/wp-json\/wp\/v2\/types\/product"}],"replies":[{"embeddable":true,"href":"https:\/\/tecplan.com.es\/en\/wp-json\/wp\/v2\/comments?post=2886"}],"version-history":[{"count":3,"href":"https:\/\/tecplan.com.es\/en\/wp-json\/wp\/v2\/product\/2886\/revisions"}],"predecessor-version":[{"id":2887,"href":"https:\/\/tecplan.com.es\/en\/wp-json\/wp\/v2\/product\/2886\/revisions\/2887"}],"wp:featuredmedia":[{"embeddable":true,"href":"https:\/\/tecplan.com.es\/en\/wp-json\/wp\/v2\/media\/2890"}],"wp:attachment":[{"href":"https:\/\/tecplan.com.es\/en\/wp-json\/wp\/v2\/media?parent=2886"}],"wp:term":[{"taxonomy":"product_brand","embeddable":true,"href":"https:\/\/tecplan.com.es\/en\/wp-json\/wp\/v2\/product_brand?post=2886"},{"taxonomy":"product_cat","embeddable":true,"href":"https:\/\/tecplan.com.es\/en\/wp-json\/wp\/v2\/product_cat?post=2886"},{"taxonomy":"product_tag","embeddable":true,"href":"https:\/\/tecplan.com.es\/en\/wp-json\/wp\/v2\/product_tag?post=2886"}],"curies":[{"name":"wp","href":"https:\/\/api.w.org\/{rel}","templated":true}]}}