{"id":2865,"date":"2025-09-08T19:55:10","date_gmt":"2025-09-08T19:55:10","guid":{"rendered":"https:\/\/tecplan.com.es\/?post_type=product&#038;p=2865"},"modified":"2025-10-13T22:31:38","modified_gmt":"2025-10-13T22:31:38","slug":"sistema-ip-pbx-grandstream-ucm6301","status":"publish","type":"product","link":"https:\/\/tecplan.com.es\/en\/product\/sistema-ip-pbx-grandstream-ucm6301\/","title":{"rendered":"Grandstream UCM6301 IP PBX System"},"content":{"rendered":"<h5 class=\"h1 page-title\">Grandstream UCM6301 &#8211; Sistema IP PBX hasta 500 extensiones, 75 llamadas y 2 salas v\u00eddeo<\/h5>\n<p style=\"text-align: justify;\">La serie UCM6300 permite a las empresas crear soluciones de colaboraci\u00f3n y comunicaci\u00f3n unificadas poderosas y escalables.\u00a0Esta serie de IP PBX proporciona una plataforma que unifica todas las comunicaciones comerciales en una red centralizada, que incluye voz, videollamadas, videoconferencias, videovigilancia, reuniones web, datos, an\u00e1lisis, movilidad, acceso a instalaciones, intercomunicadores y m\u00e1s.\u00a0La serie UCM6300 admite hasta 3000 usuarios e incluye una soluci\u00f3n de videoconferencia y reuniones web incorporada que permite a los empleados conectarse desde el escritorio, el m\u00f3vil, los dispositivos de la serie GVC y los tel\u00e9fonos IP.\u00a0Se puede combinar con el ecosistema UCM6300 para ofrecer una plataforma h\u00edbrida que combina el control de un IP PBX en las instalaciones con el acceso remoto de una soluci\u00f3n en la nube.\u00a0El ecosistema UCM6300 consta de la aplicaci\u00f3n Wave para web y dispositivos m\u00f3viles,\u00a0que proporciona un centro para la colaboraci\u00f3n remota, y UCM RemoteConnect, un servicio transversal NAT en la nube para garantizar conexiones remotas seguras.\u00a0La serie UCM6300 tambi\u00e9n ofrece configuraci\u00f3n y administraci\u00f3n en la nube a trav\u00e9s de GDMS y una API para la integraci\u00f3n con plataformas de terceros.\u00a0Al ofrecer una soluci\u00f3n de colaboraci\u00f3n y comunicaciones unificadas de alta gama con un conjunto de herramientas de movilidad, seguridad, reuniones y colaboraci\u00f3n, la serie UCM6300 proporciona una plataforma potente para cualquier organizaci\u00f3n.<\/p>\n<h3 style=\"text-align: justify;\">Caracter\u00edsticas<\/h3>\n<ul>\n<li style=\"text-align: justify;\">Aprovisionamiento de configuraci\u00f3n cero de puntos finales Grandstream SIP.<\/li>\n<li style=\"text-align: justify;\">Plataforma de conferencias y reuniones incorporada; admite terminales de escritorio, aplicaciones Wave y SIP.<\/li>\n<li style=\"text-align: justify;\">Los navegadores Wave para Android, iOS, Chrome y Firefox permiten la comunicaci\u00f3n con todos los usuarios y soluciones de UCM6300.<\/li>\n<li style=\"text-align: justify;\">API disponible para integraciones de terceros, incluidas las plataformas CRM y PMS.<\/li>\n<li style=\"text-align: justify;\">Protecci\u00f3n de seguridad avanzada con arranque seguro, certificado \u00fanico y contrase\u00f1a predeterminada aleatoria para proteger llamadas y cuentas.<\/li>\n<li style=\"text-align: justify;\">Tres puertos de red RJ45 de detecci\u00f3n autom\u00e1tica Gigabit con PoE integrado y enrutador NAT compatible.<\/li>\n<li style=\"text-align: justify;\">El servicio transversal de firewall NAT automatizado facilita las conexiones remotas seguras.<\/li>\n<li style=\"text-align: justify;\">Admite c\u00f3dec de voz Opus de banda completa y c\u00f3dec de video H.264 \/ H.263 \/ H.263 \/ H.265 \/ VP8, resistencia a la fluctuaci\u00f3n de fase hasta un 50% de p\u00e9rdida de paquetes.<\/li>\n<li style=\"text-align: justify;\">Compatible con GDMS para configuraci\u00f3n, administraci\u00f3n y monitoreo en la nube.<\/li>\n<li style=\"text-align: justify;\">Basado en el sistema operativo de telefon\u00eda de c\u00f3digo abierto Asterisk * versi\u00f3n 16.<\/li>\n<\/ul>\n<p><!--more--><\/p>\n<h5 style=\"text-align: justify;\"><span style=\"text-decoration: underline;\"><strong>DOWNLOADS<\/strong><\/span><\/h5>\n<ul style=\"text-align: justify;\">\n<li><a href=\"https:\/\/drive.google.com\/file\/d\/1RoUwvGpXI5iAdDcE5NsBfuaxvEvRvTS5\/view?usp=sharing\">\u2192 Technical specifications<\/a><\/li>\n<\/ul>","protected":false},"excerpt":{"rendered":"<ul>\n<li style=\"text-align: justify;\">Usuarios: 500<\/li>\n<li style=\"text-align: justify;\">Llamadas simult\u00e1neas (G.711): 75<\/li>\n<li style=\"text-align: justify;\">Cantidad m\u00e1xima de llamadas SRTP simult\u00e1neas (G.711): 50<\/li>\n<li style=\"text-align: justify;\">1 Puerto RJ11 FXS para Tel\u00e9fono Anal\u00f3gico.<\/li>\n<li style=\"text-align: justify;\">1 Puerto RJ11 FXO para L\u00ednea PSTN.<\/li>\n<li style=\"text-align: justify;\">3 Puertos Gigabit autoadaptativos (conmutados, enrutados o en modo de tarjeta dual) con PoE+<\/li>\n<li style=\"text-align: justify;\">1 Puerto USB 3.0, 1 interfaz de tarjeta SD.<\/li>\n<\/ul>\n<p><!--more--><\/p>\n<p><img decoding=\"async\" class=\"wp-image-2022 aligncenter\" src=\"https:\/\/tecplan.com.es\/wp-content\/uploads\/2025\/06\/Grandstream-logo-300x77.png\" alt=\"\" width=\"228\" height=\"64\" \/><\/p>","protected":false},"featured_media":2866,"comment_status":"open","ping_status":"closed","template":"","meta":{"site-sidebar-layout":"default","site-content-layout":"","ast-site-content-layout":"default","site-content-style":"default","site-sidebar-style":"default","ast-global-header-display":"","ast-banner-title-visibility":"","ast-main-header-display":"","ast-hfb-above-header-display":"","ast-hfb-below-header-display":"","ast-hfb-mobile-header-display":"","site-post-title":"","ast-breadcrumbs-content":"","ast-featured-img":"","footer-sml-layout":"","ast-disable-related-posts":"","theme-transparent-header-meta":"default","adv-header-id-meta":"","stick-header-meta":"","header-above-stick-meta":"","header-main-stick-meta":"","header-below-stick-meta":"","astra-migrate-meta-layouts":"set","ast-page-background-enabled":"default","ast-page-background-meta":{"desktop":{"background-color":"var(--ast-global-color-5)","background-image":"","background-repeat":"repeat","background-position":"center center","background-size":"auto","background-attachment":"scroll","background-type":"","background-media":"","overlay-type":"","overlay-color":"","overlay-opacity":"","overlay-gradient":""},"tablet":{"background-color":"","background-image":"","background-repeat":"repeat","background-position":"center center","background-size":"auto","background-attachment":"scroll","background-type":"","background-media":"","overlay-type":"","overlay-color":"","overlay-opacity":"","overlay-gradient":""},"mobile":{"background-color":"","background-image":"","background-repeat":"repeat","background-position":"center center","background-size":"auto","background-attachment":"scroll","background-type":"","background-media":"","overlay-type":"","overlay-color":"","overlay-opacity":"","overlay-gradient":""}},"ast-content-background-meta":{"desktop":{"background-color":"var(--ast-global-color-4)","background-image":"","background-repeat":"repeat","background-position":"center center","background-size":"auto","background-attachment":"scroll","background-type":"","background-media":"","overlay-type":"","overlay-color":"","overlay-opacity":"","overlay-gradient":""},"tablet":{"background-color":"var(--ast-global-color-4)","background-image":"","background-repeat":"repeat","background-position":"center center","background-size":"auto","background-attachment":"scroll","background-type":"","background-media":"","overlay-type":"","overlay-color":"","overlay-opacity":"","overlay-gradient":""},"mobile":{"background-color":"var(--ast-global-color-4)","background-image":"","background-repeat":"repeat","background-position":"center center","background-size":"auto","background-attachment":"scroll","background-type":"","background-media":"","overlay-type":"","overlay-color":"","overlay-opacity":"","overlay-gradient":""}}},"product_brand":[238],"product_cat":[152,153,154,142,155],"product_tag":[220],"class_list":{"0":"post-2865","1":"product","2":"type-product","3":"status-publish","4":"has-post-thumbnail","6":"product_brand-grandstream","7":"product_cat-grandstream","8":"product_cat-otros-grandstream","9":"product_cat-pbx","10":"product_cat-telefonia","11":"product_cat-telefonos-ip-grandstream","12":"product_tag-grandstream","13":"desktop-align-left","14":"tablet-align-left","15":"mobile-align-left","17":"first","18":"instock","19":"shipping-taxable","20":"product-type-simple"},"yoast_head":"<!-- This site is optimized with the Yoast SEO plugin v25.3 - https:\/\/yoast.com\/wordpress\/plugins\/seo\/ -->\n<title>Sistema IP PBX Grandstream UCM6301 - Tecplan<\/title>\n<meta name=\"robots\" content=\"index, follow, max-snippet:-1, max-image-preview:large, max-video-preview:-1\" \/>\n<link rel=\"canonical\" href=\"https:\/\/tecplan.com.es\/en\/product\/sistema-ip-pbx-grandstream-ucm6301\/\" \/>\n<meta property=\"og:locale\" content=\"en_US\" \/>\n<meta property=\"og:type\" content=\"article\" \/>\n<meta property=\"og:title\" content=\"Sistema IP PBX Grandstream UCM6301 - Tecplan\" \/>\n<meta property=\"og:description\" content=\"Usuarios: 500  Llamadas simult\u00e1neas (G.711): 75  Cantidad m\u00e1xima de llamadas SRTP simult\u00e1neas (G.711): 50  1 Puerto RJ11 FXS para Tel\u00e9fono Anal\u00f3gico.  1 Puerto RJ11 FXO para L\u00ednea PSTN.  3 Puertos Gigabit autoadaptativos (conmutados, enrutados o en modo de tarjeta dual) con PoE+  1 Puerto USB 3.0, 1 interfaz de tarjeta SD.\" \/>\n<meta property=\"og:url\" content=\"https:\/\/tecplan.com.es\/en\/product\/sistema-ip-pbx-grandstream-ucm6301\/\" \/>\n<meta property=\"og:site_name\" content=\"Tecplan\" \/>\n<meta property=\"article:modified_time\" content=\"2025-10-13T22:31:38+00:00\" \/>\n<meta property=\"og:image\" content=\"https:\/\/tecplan.com.es\/wp-content\/uploads\/2025\/09\/grandstream-ucm6301-sistema-ip-pbx-hasta-500-extensiones-75-llamadas-y-2-salas-video.jpg\" \/>\n\t<meta property=\"og:image:width\" content=\"910\" \/>\n\t<meta property=\"og:image:height\" content=\"1080\" \/>\n\t<meta property=\"og:image:type\" content=\"image\/jpeg\" \/>\n<meta name=\"twitter:card\" content=\"summary_large_image\" \/>\n<meta name=\"twitter:label1\" content=\"Est. reading time\" \/>\n\t<meta name=\"twitter:data1\" content=\"3 minutes\" \/>\n<script type=\"application\/ld+json\" class=\"yoast-schema-graph\">{\"@context\":\"https:\/\/schema.org\",\"@graph\":[{\"@type\":\"WebPage\",\"@id\":\"https:\/\/tecplan.com.es\/product\/sistema-ip-pbx-grandstream-ucm6301\/\",\"url\":\"https:\/\/tecplan.com.es\/product\/sistema-ip-pbx-grandstream-ucm6301\/\",\"name\":\"Sistema IP PBX Grandstream UCM6301 - Tecplan\",\"isPartOf\":{\"@id\":\"https:\/\/tecplan.com.es\/#website\"},\"primaryImageOfPage\":{\"@id\":\"https:\/\/tecplan.com.es\/product\/sistema-ip-pbx-grandstream-ucm6301\/#primaryimage\"},\"image\":{\"@id\":\"https:\/\/tecplan.com.es\/product\/sistema-ip-pbx-grandstream-ucm6301\/#primaryimage\"},\"thumbnailUrl\":\"https:\/\/tecplan.com.es\/wp-content\/uploads\/2025\/09\/grandstream-ucm6301-sistema-ip-pbx-hasta-500-extensiones-75-llamadas-y-2-salas-video.jpg\",\"datePublished\":\"2025-09-08T19:55:10+00:00\",\"dateModified\":\"2025-10-13T22:31:38+00:00\",\"breadcrumb\":{\"@id\":\"https:\/\/tecplan.com.es\/product\/sistema-ip-pbx-grandstream-ucm6301\/#breadcrumb\"},\"inLanguage\":\"en-US\",\"potentialAction\":[{\"@type\":\"ReadAction\",\"target\":[\"https:\/\/tecplan.com.es\/product\/sistema-ip-pbx-grandstream-ucm6301\/\"]}]},{\"@type\":\"ImageObject\",\"inLanguage\":\"en-US\",\"@id\":\"https:\/\/tecplan.com.es\/product\/sistema-ip-pbx-grandstream-ucm6301\/#primaryimage\",\"url\":\"https:\/\/tecplan.com.es\/wp-content\/uploads\/2025\/09\/grandstream-ucm6301-sistema-ip-pbx-hasta-500-extensiones-75-llamadas-y-2-salas-video.jpg\",\"contentUrl\":\"https:\/\/tecplan.com.es\/wp-content\/uploads\/2025\/09\/grandstream-ucm6301-sistema-ip-pbx-hasta-500-extensiones-75-llamadas-y-2-salas-video.jpg\",\"width\":910,\"height\":1080},{\"@type\":\"BreadcrumbList\",\"@id\":\"https:\/\/tecplan.com.es\/product\/sistema-ip-pbx-grandstream-ucm6301\/#breadcrumb\",\"itemListElement\":[{\"@type\":\"ListItem\",\"position\":1,\"name\":\"Home\",\"item\":\"https:\/\/tecplan.com.es\/\"},{\"@type\":\"ListItem\",\"position\":2,\"name\":\"Shop\",\"item\":\"https:\/\/tecplan.com.es\/shop\/\"},{\"@type\":\"ListItem\",\"position\":3,\"name\":\"Sistema IP PBX Grandstream UCM6301\"}]},{\"@type\":\"WebSite\",\"@id\":\"https:\/\/tecplan.com.es\/#website\",\"url\":\"https:\/\/tecplan.com.es\/\",\"name\":\"Tecplan\",\"description\":\"\",\"potentialAction\":[{\"@type\":\"SearchAction\",\"target\":{\"@type\":\"EntryPoint\",\"urlTemplate\":\"https:\/\/tecplan.com.es\/?s={search_term_string}\"},\"query-input\":{\"@type\":\"PropertyValueSpecification\",\"valueRequired\":true,\"valueName\":\"search_term_string\"}}],\"inLanguage\":\"en-US\"}]}<\/script>\n<!-- \/ Yoast SEO plugin. -->","yoast_head_json":{"title":"Sistema IP PBX Grandstream UCM6301 - Tecplan","robots":{"index":"index","follow":"follow","max-snippet":"max-snippet:-1","max-image-preview":"max-image-preview:large","max-video-preview":"max-video-preview:-1"},"canonical":"https:\/\/tecplan.com.es\/en\/product\/sistema-ip-pbx-grandstream-ucm6301\/","og_locale":"en_US","og_type":"article","og_title":"Sistema IP PBX Grandstream UCM6301 - Tecplan","og_description":"Usuarios: 500  Llamadas simult\u00e1neas (G.711): 75  Cantidad m\u00e1xima de llamadas SRTP simult\u00e1neas (G.711): 50  1 Puerto RJ11 FXS para Tel\u00e9fono Anal\u00f3gico.  1 Puerto RJ11 FXO para L\u00ednea PSTN.  3 Puertos Gigabit autoadaptativos (conmutados, enrutados o en modo de tarjeta dual) con PoE+  1 Puerto USB 3.0, 1 interfaz de tarjeta SD.","og_url":"https:\/\/tecplan.com.es\/en\/product\/sistema-ip-pbx-grandstream-ucm6301\/","og_site_name":"Tecplan","article_modified_time":"2025-10-13T22:31:38+00:00","og_image":[{"width":910,"height":1080,"url":"https:\/\/tecplan.com.es\/wp-content\/uploads\/2025\/09\/grandstream-ucm6301-sistema-ip-pbx-hasta-500-extensiones-75-llamadas-y-2-salas-video.jpg","type":"image\/jpeg"}],"twitter_card":"summary_large_image","twitter_misc":{"Est. reading time":"3 minutes"},"schema":{"@context":"https:\/\/schema.org","@graph":[{"@type":"WebPage","@id":"https:\/\/tecplan.com.es\/product\/sistema-ip-pbx-grandstream-ucm6301\/","url":"https:\/\/tecplan.com.es\/product\/sistema-ip-pbx-grandstream-ucm6301\/","name":"Sistema IP PBX Grandstream UCM6301 - Tecplan","isPartOf":{"@id":"https:\/\/tecplan.com.es\/#website"},"primaryImageOfPage":{"@id":"https:\/\/tecplan.com.es\/product\/sistema-ip-pbx-grandstream-ucm6301\/#primaryimage"},"image":{"@id":"https:\/\/tecplan.com.es\/product\/sistema-ip-pbx-grandstream-ucm6301\/#primaryimage"},"thumbnailUrl":"https:\/\/tecplan.com.es\/wp-content\/uploads\/2025\/09\/grandstream-ucm6301-sistema-ip-pbx-hasta-500-extensiones-75-llamadas-y-2-salas-video.jpg","datePublished":"2025-09-08T19:55:10+00:00","dateModified":"2025-10-13T22:31:38+00:00","breadcrumb":{"@id":"https:\/\/tecplan.com.es\/product\/sistema-ip-pbx-grandstream-ucm6301\/#breadcrumb"},"inLanguage":"en-US","potentialAction":[{"@type":"ReadAction","target":["https:\/\/tecplan.com.es\/product\/sistema-ip-pbx-grandstream-ucm6301\/"]}]},{"@type":"ImageObject","inLanguage":"en-US","@id":"https:\/\/tecplan.com.es\/product\/sistema-ip-pbx-grandstream-ucm6301\/#primaryimage","url":"https:\/\/tecplan.com.es\/wp-content\/uploads\/2025\/09\/grandstream-ucm6301-sistema-ip-pbx-hasta-500-extensiones-75-llamadas-y-2-salas-video.jpg","contentUrl":"https:\/\/tecplan.com.es\/wp-content\/uploads\/2025\/09\/grandstream-ucm6301-sistema-ip-pbx-hasta-500-extensiones-75-llamadas-y-2-salas-video.jpg","width":910,"height":1080},{"@type":"BreadcrumbList","@id":"https:\/\/tecplan.com.es\/product\/sistema-ip-pbx-grandstream-ucm6301\/#breadcrumb","itemListElement":[{"@type":"ListItem","position":1,"name":"Home","item":"https:\/\/tecplan.com.es\/"},{"@type":"ListItem","position":2,"name":"Shop","item":"https:\/\/tecplan.com.es\/shop\/"},{"@type":"ListItem","position":3,"name":"Sistema IP PBX Grandstream UCM6301"}]},{"@type":"WebSite","@id":"https:\/\/tecplan.com.es\/#website","url":"https:\/\/tecplan.com.es\/","name":"Tecplan","description":"","potentialAction":[{"@type":"SearchAction","target":{"@type":"EntryPoint","urlTemplate":"https:\/\/tecplan.com.es\/?s={search_term_string}"},"query-input":{"@type":"PropertyValueSpecification","valueRequired":true,"valueName":"search_term_string"}}],"inLanguage":"en-US"}]}},"_links":{"self":[{"href":"https:\/\/tecplan.com.es\/en\/wp-json\/wp\/v2\/product\/2865","targetHints":{"allow":["GET"]}}],"collection":[{"href":"https:\/\/tecplan.com.es\/en\/wp-json\/wp\/v2\/product"}],"about":[{"href":"https:\/\/tecplan.com.es\/en\/wp-json\/wp\/v2\/types\/product"}],"replies":[{"embeddable":true,"href":"https:\/\/tecplan.com.es\/en\/wp-json\/wp\/v2\/comments?post=2865"}],"version-history":[{"count":2,"href":"https:\/\/tecplan.com.es\/en\/wp-json\/wp\/v2\/product\/2865\/revisions"}],"predecessor-version":[{"id":2869,"href":"https:\/\/tecplan.com.es\/en\/wp-json\/wp\/v2\/product\/2865\/revisions\/2869"}],"wp:featuredmedia":[{"embeddable":true,"href":"https:\/\/tecplan.com.es\/en\/wp-json\/wp\/v2\/media\/2866"}],"wp:attachment":[{"href":"https:\/\/tecplan.com.es\/en\/wp-json\/wp\/v2\/media?parent=2865"}],"wp:term":[{"taxonomy":"product_brand","embeddable":true,"href":"https:\/\/tecplan.com.es\/en\/wp-json\/wp\/v2\/product_brand?post=2865"},{"taxonomy":"product_cat","embeddable":true,"href":"https:\/\/tecplan.com.es\/en\/wp-json\/wp\/v2\/product_cat?post=2865"},{"taxonomy":"product_tag","embeddable":true,"href":"https:\/\/tecplan.com.es\/en\/wp-json\/wp\/v2\/product_tag?post=2865"}],"curies":[{"name":"wp","href":"https:\/\/api.w.org\/{rel}","templated":true}]}}