{"id":2856,"date":"2025-09-08T19:38:59","date_gmt":"2025-09-08T19:38:59","guid":{"rendered":"https:\/\/tecplan.com.es\/?post_type=product&#038;p=2856"},"modified":"2026-01-02T21:13:45","modified_gmt":"2026-01-02T21:13:45","slug":"telefonos-ip-grp2601p-grandstream","status":"publish","type":"product","link":"https:\/\/tecplan.com.es\/en\/product\/telefonos-ip-grp2601p-grandstream\/","title":{"rendered":"Grandstream GRP2601P IP Phones"},"content":{"rendered":"<p style=\"text-align: justify;\"><strong>Grandstream GRP2601P \u2013 Terminal IP GRP2601P 2 cuentas SIP con PoE<\/strong><\/p>\n<p style=\"text-align: justify;\">Como parte de la serie GRP de tel\u00e9fonos IP de nivel de operador, el GRP2601 es un modelo esencial de 2 l\u00edneas dise\u00f1ado con aprovisionamiento sin intervenci\u00f3n para una implementaci\u00f3n masiva y una gesti\u00f3n sencilla.\u00a0Cuenta con un dise\u00f1o elegante y un conjunto de funciones de pr\u00f3xima generaci\u00f3n que incluyen conferencias de voz de 5 v\u00edas para maximizar la productividad, PoE integrado (GRP2601P), compatibilidad con EHS para auriculares Plantronics, Jabra y Sennheiser y compatibilidad con varios idiomas.\u00a0La serie GRP incluye funciones de seguridad de nivel de operador para brindar seguridad de nivel empresarial, incluido un arranque seguro, im\u00e1genes de firmware dual y almacenamiento de datos cifrados.\u00a0Para el aprovisionamiento en la nube y la administraci\u00f3n centralizada, el GRP2601 es compatible con el Sistema de administraci\u00f3n de dispositivos (GDMS) de Grandstream, que proporciona una interfaz centralizada para configurar, aprovisionar, administrar y monitorear las implementaciones de los terminales de Grandstream.<\/p>\n<p style=\"text-align: justify;\"><strong>Caracter\u00edsticas\u00a0<\/strong><\/p>\n<ul>\n<li style=\"text-align: justify;\">2 SIP accounts, 2 lines<\/li>\n<li style=\"text-align: justify;\">Administraci\u00f3n y aprovisionamiento de dispositivos en l\u00ednea de GDMS<\/li>\n<li style=\"text-align: justify;\">Audioconferencia de 5 v\u00edas para conferencias sencillas<\/li>\n<li style=\"text-align: justify;\">Equipado con tecnolog\u00eda de protecci\u00f3n contra ruido para minimizar el ruido de fondo<\/li>\n<li style=\"text-align: justify;\">Compatibilidad con Electronic Hook Switch (EHS) para auriculares Plantronics, Jabra y Sennheiser<\/li>\n<li style=\"text-align: justify;\">El GRP2601P incluye PoE incorporado para alimentar el dispositivo y darle una conexi\u00f3n de red<\/li>\n<li style=\"text-align: justify;\">Protecci\u00f3n de nivel empresarial que incluye arranque seguro, im\u00e1genes de firmware dual y almacenamiento de datos cifrados<\/li>\n<\/ul>\n<p><!--more--><\/p>\n<h5 style=\"text-align: justify;\"><span style=\"text-decoration: underline;\"><strong>DOWNLOADS<\/strong><\/span><\/h5>\n<ul style=\"text-align: justify;\">\n<li><a href=\"https:\/\/drive.google.com\/file\/d\/1gJW8G3K7QU3SImRb7EmD4MbZ4oH2gBSa\/view?usp=sharing\">\u2192 Technical specifications<\/a><\/li>\n<\/ul>","protected":false},"excerpt":{"rendered":"<p style=\"text-align: justify;\">El GRP2601P cuenta con conferencias de voz de 5 v\u00edas para maximizar la productividad, PoE integrado (GRP2601P), soporte Wi-Fi (GRP2601W) y es compatible con el sistema de administraci\u00f3n de dispositivos (GDMS) de Grandstream.<\/p>\n<p><!--more--><\/p>\n<p><img decoding=\"async\" class=\"wp-image-2022 aligncenter\" src=\"https:\/\/tecplan.com.es\/wp-content\/uploads\/2025\/06\/Grandstream-logo-300x77.png\" alt=\"\" width=\"203\" height=\"52\" srcset=\"https:\/\/tecplan.com.es\/wp-content\/uploads\/2025\/06\/Grandstream-logo-300x77.png 300w, https:\/\/tecplan.com.es\/wp-content\/uploads\/2025\/06\/Grandstream-logo-1024x262.png 1024w, https:\/\/tecplan.com.es\/wp-content\/uploads\/2025\/06\/Grandstream-logo-768x197.png 768w, https:\/\/tecplan.com.es\/wp-content\/uploads\/2025\/06\/Grandstream-logo-18x5.png 18w, https:\/\/tecplan.com.es\/wp-content\/uploads\/2025\/06\/Grandstream-logo-600x154.png 600w, https:\/\/tecplan.com.es\/wp-content\/uploads\/2025\/06\/Grandstream-logo.png 1321w\" sizes=\"(max-width: 203px) 100vw, 203px\" \/><\/p>","protected":false},"featured_media":2862,"comment_status":"open","ping_status":"closed","template":"","meta":{"site-sidebar-layout":"default","site-content-layout":"","ast-site-content-layout":"default","site-content-style":"default","site-sidebar-style":"default","ast-global-header-display":"","ast-banner-title-visibility":"","ast-main-header-display":"","ast-hfb-above-header-display":"","ast-hfb-below-header-display":"","ast-hfb-mobile-header-display":"","site-post-title":"","ast-breadcrumbs-content":"","ast-featured-img":"","footer-sml-layout":"","ast-disable-related-posts":"","theme-transparent-header-meta":"default","adv-header-id-meta":"","stick-header-meta":"","header-above-stick-meta":"","header-main-stick-meta":"","header-below-stick-meta":"","astra-migrate-meta-layouts":"set","ast-page-background-enabled":"default","ast-page-background-meta":{"desktop":{"background-color":"var(--ast-global-color-5)","background-image":"","background-repeat":"repeat","background-position":"center center","background-size":"auto","background-attachment":"scroll","background-type":"","background-media":"","overlay-type":"","overlay-color":"","overlay-opacity":"","overlay-gradient":""},"tablet":{"background-color":"","background-image":"","background-repeat":"repeat","background-position":"center center","background-size":"auto","background-attachment":"scroll","background-type":"","background-media":"","overlay-type":"","overlay-color":"","overlay-opacity":"","overlay-gradient":""},"mobile":{"background-color":"","background-image":"","background-repeat":"repeat","background-position":"center center","background-size":"auto","background-attachment":"scroll","background-type":"","background-media":"","overlay-type":"","overlay-color":"","overlay-opacity":"","overlay-gradient":""}},"ast-content-background-meta":{"desktop":{"background-color":"var(--ast-global-color-4)","background-image":"","background-repeat":"repeat","background-position":"center center","background-size":"auto","background-attachment":"scroll","background-type":"","background-media":"","overlay-type":"","overlay-color":"","overlay-opacity":"","overlay-gradient":""},"tablet":{"background-color":"var(--ast-global-color-4)","background-image":"","background-repeat":"repeat","background-position":"center center","background-size":"auto","background-attachment":"scroll","background-type":"","background-media":"","overlay-type":"","overlay-color":"","overlay-opacity":"","overlay-gradient":""},"mobile":{"background-color":"var(--ast-global-color-4)","background-image":"","background-repeat":"repeat","background-position":"center center","background-size":"auto","background-attachment":"scroll","background-type":"","background-media":"","overlay-type":"","overlay-color":"","overlay-opacity":"","overlay-gradient":""}}},"product_brand":[238],"product_cat":[152,153,154,142,155],"product_tag":[220],"class_list":{"0":"post-2856","1":"product","2":"type-product","3":"status-publish","4":"has-post-thumbnail","6":"product_brand-grandstream","7":"product_cat-grandstream","8":"product_cat-otros-grandstream","9":"product_cat-pbx","10":"product_cat-telefonia","11":"product_cat-telefonos-ip-grandstream","12":"product_tag-grandstream","13":"desktop-align-left","14":"tablet-align-left","15":"mobile-align-left","17":"first","18":"instock","19":"shipping-taxable","20":"product-type-simple"},"yoast_head":"<!-- This site is optimized with the Yoast SEO plugin v25.3 - https:\/\/yoast.com\/wordpress\/plugins\/seo\/ -->\n<title>Tel\u00e9fonos IP GRP2601P Grandstream - Tecplan<\/title>\n<meta name=\"robots\" content=\"index, follow, max-snippet:-1, max-image-preview:large, max-video-preview:-1\" \/>\n<link rel=\"canonical\" href=\"https:\/\/tecplan.com.es\/en\/product\/telefonos-ip-grp2601p-grandstream\/\" \/>\n<meta property=\"og:locale\" content=\"en_US\" \/>\n<meta property=\"og:type\" content=\"article\" \/>\n<meta property=\"og:title\" content=\"Tel\u00e9fonos IP GRP2601P Grandstream - Tecplan\" \/>\n<meta property=\"og:description\" content=\"El GRP2601P cuenta con conferencias de voz de 5 v\u00edas para maximizar la productividad, PoE integrado (GRP2601P), soporte Wi-Fi (GRP2601W) y es compatible con el sistema de administraci\u00f3n de dispositivos (GDMS) de Grandstream.\" \/>\n<meta property=\"og:url\" content=\"https:\/\/tecplan.com.es\/en\/product\/telefonos-ip-grp2601p-grandstream\/\" \/>\n<meta property=\"og:site_name\" content=\"Tecplan\" \/>\n<meta property=\"article:modified_time\" content=\"2026-01-02T21:13:45+00:00\" \/>\n<meta property=\"og:image\" content=\"https:\/\/tecplan.com.es\/wp-content\/uploads\/2025\/09\/Grandstream-GRP2601P-01-600x600-2.jpg\" \/>\n\t<meta property=\"og:image:width\" content=\"600\" \/>\n\t<meta property=\"og:image:height\" content=\"600\" \/>\n\t<meta property=\"og:image:type\" content=\"image\/jpeg\" \/>\n<meta name=\"twitter:card\" content=\"summary_large_image\" \/>\n<meta name=\"twitter:label1\" content=\"Est. reading time\" \/>\n\t<meta name=\"twitter:data1\" content=\"2 minutes\" \/>\n<script type=\"application\/ld+json\" class=\"yoast-schema-graph\">{\"@context\":\"https:\/\/schema.org\",\"@graph\":[{\"@type\":\"WebPage\",\"@id\":\"https:\/\/tecplan.com.es\/product\/telefonos-ip-grp2601p-grandstream\/\",\"url\":\"https:\/\/tecplan.com.es\/product\/telefonos-ip-grp2601p-grandstream\/\",\"name\":\"Tel\u00e9fonos IP GRP2601P Grandstream - Tecplan\",\"isPartOf\":{\"@id\":\"https:\/\/tecplan.com.es\/#website\"},\"primaryImageOfPage\":{\"@id\":\"https:\/\/tecplan.com.es\/product\/telefonos-ip-grp2601p-grandstream\/#primaryimage\"},\"image\":{\"@id\":\"https:\/\/tecplan.com.es\/product\/telefonos-ip-grp2601p-grandstream\/#primaryimage\"},\"thumbnailUrl\":\"https:\/\/tecplan.com.es\/wp-content\/uploads\/2025\/09\/Grandstream-GRP2601P-01-600x600-2.jpg\",\"datePublished\":\"2025-09-08T19:38:59+00:00\",\"dateModified\":\"2026-01-02T21:13:45+00:00\",\"breadcrumb\":{\"@id\":\"https:\/\/tecplan.com.es\/product\/telefonos-ip-grp2601p-grandstream\/#breadcrumb\"},\"inLanguage\":\"en-US\",\"potentialAction\":[{\"@type\":\"ReadAction\",\"target\":[\"https:\/\/tecplan.com.es\/product\/telefonos-ip-grp2601p-grandstream\/\"]}]},{\"@type\":\"ImageObject\",\"inLanguage\":\"en-US\",\"@id\":\"https:\/\/tecplan.com.es\/product\/telefonos-ip-grp2601p-grandstream\/#primaryimage\",\"url\":\"https:\/\/tecplan.com.es\/wp-content\/uploads\/2025\/09\/Grandstream-GRP2601P-01-600x600-2.jpg\",\"contentUrl\":\"https:\/\/tecplan.com.es\/wp-content\/uploads\/2025\/09\/Grandstream-GRP2601P-01-600x600-2.jpg\",\"width\":600,\"height\":600},{\"@type\":\"BreadcrumbList\",\"@id\":\"https:\/\/tecplan.com.es\/product\/telefonos-ip-grp2601p-grandstream\/#breadcrumb\",\"itemListElement\":[{\"@type\":\"ListItem\",\"position\":1,\"name\":\"Home\",\"item\":\"https:\/\/tecplan.com.es\/\"},{\"@type\":\"ListItem\",\"position\":2,\"name\":\"Shop\",\"item\":\"https:\/\/tecplan.com.es\/shop\/\"},{\"@type\":\"ListItem\",\"position\":3,\"name\":\"Tel\u00e9fonos IP GRP2601P Grandstream\"}]},{\"@type\":\"WebSite\",\"@id\":\"https:\/\/tecplan.com.es\/#website\",\"url\":\"https:\/\/tecplan.com.es\/\",\"name\":\"Tecplan\",\"description\":\"\",\"potentialAction\":[{\"@type\":\"SearchAction\",\"target\":{\"@type\":\"EntryPoint\",\"urlTemplate\":\"https:\/\/tecplan.com.es\/?s={search_term_string}\"},\"query-input\":{\"@type\":\"PropertyValueSpecification\",\"valueRequired\":true,\"valueName\":\"search_term_string\"}}],\"inLanguage\":\"en-US\"}]}<\/script>\n<!-- \/ Yoast SEO plugin. -->","yoast_head_json":{"title":"Tel\u00e9fonos IP GRP2601P Grandstream - Tecplan","robots":{"index":"index","follow":"follow","max-snippet":"max-snippet:-1","max-image-preview":"max-image-preview:large","max-video-preview":"max-video-preview:-1"},"canonical":"https:\/\/tecplan.com.es\/en\/product\/telefonos-ip-grp2601p-grandstream\/","og_locale":"en_US","og_type":"article","og_title":"Tel\u00e9fonos IP GRP2601P Grandstream - Tecplan","og_description":"El GRP2601P cuenta con conferencias de voz de 5 v\u00edas para maximizar la productividad, PoE integrado (GRP2601P), soporte Wi-Fi (GRP2601W) y es compatible con el sistema de administraci\u00f3n de dispositivos (GDMS) de Grandstream.","og_url":"https:\/\/tecplan.com.es\/en\/product\/telefonos-ip-grp2601p-grandstream\/","og_site_name":"Tecplan","article_modified_time":"2026-01-02T21:13:45+00:00","og_image":[{"width":600,"height":600,"url":"https:\/\/tecplan.com.es\/wp-content\/uploads\/2025\/09\/Grandstream-GRP2601P-01-600x600-2.jpg","type":"image\/jpeg"}],"twitter_card":"summary_large_image","twitter_misc":{"Est. reading time":"2 minutes"},"schema":{"@context":"https:\/\/schema.org","@graph":[{"@type":"WebPage","@id":"https:\/\/tecplan.com.es\/product\/telefonos-ip-grp2601p-grandstream\/","url":"https:\/\/tecplan.com.es\/product\/telefonos-ip-grp2601p-grandstream\/","name":"Tel\u00e9fonos IP GRP2601P Grandstream - Tecplan","isPartOf":{"@id":"https:\/\/tecplan.com.es\/#website"},"primaryImageOfPage":{"@id":"https:\/\/tecplan.com.es\/product\/telefonos-ip-grp2601p-grandstream\/#primaryimage"},"image":{"@id":"https:\/\/tecplan.com.es\/product\/telefonos-ip-grp2601p-grandstream\/#primaryimage"},"thumbnailUrl":"https:\/\/tecplan.com.es\/wp-content\/uploads\/2025\/09\/Grandstream-GRP2601P-01-600x600-2.jpg","datePublished":"2025-09-08T19:38:59+00:00","dateModified":"2026-01-02T21:13:45+00:00","breadcrumb":{"@id":"https:\/\/tecplan.com.es\/product\/telefonos-ip-grp2601p-grandstream\/#breadcrumb"},"inLanguage":"en-US","potentialAction":[{"@type":"ReadAction","target":["https:\/\/tecplan.com.es\/product\/telefonos-ip-grp2601p-grandstream\/"]}]},{"@type":"ImageObject","inLanguage":"en-US","@id":"https:\/\/tecplan.com.es\/product\/telefonos-ip-grp2601p-grandstream\/#primaryimage","url":"https:\/\/tecplan.com.es\/wp-content\/uploads\/2025\/09\/Grandstream-GRP2601P-01-600x600-2.jpg","contentUrl":"https:\/\/tecplan.com.es\/wp-content\/uploads\/2025\/09\/Grandstream-GRP2601P-01-600x600-2.jpg","width":600,"height":600},{"@type":"BreadcrumbList","@id":"https:\/\/tecplan.com.es\/product\/telefonos-ip-grp2601p-grandstream\/#breadcrumb","itemListElement":[{"@type":"ListItem","position":1,"name":"Home","item":"https:\/\/tecplan.com.es\/"},{"@type":"ListItem","position":2,"name":"Shop","item":"https:\/\/tecplan.com.es\/shop\/"},{"@type":"ListItem","position":3,"name":"Tel\u00e9fonos IP GRP2601P Grandstream"}]},{"@type":"WebSite","@id":"https:\/\/tecplan.com.es\/#website","url":"https:\/\/tecplan.com.es\/","name":"Tecplan","description":"","potentialAction":[{"@type":"SearchAction","target":{"@type":"EntryPoint","urlTemplate":"https:\/\/tecplan.com.es\/?s={search_term_string}"},"query-input":{"@type":"PropertyValueSpecification","valueRequired":true,"valueName":"search_term_string"}}],"inLanguage":"en-US"}]}},"_links":{"self":[{"href":"https:\/\/tecplan.com.es\/en\/wp-json\/wp\/v2\/product\/2856","targetHints":{"allow":["GET"]}}],"collection":[{"href":"https:\/\/tecplan.com.es\/en\/wp-json\/wp\/v2\/product"}],"about":[{"href":"https:\/\/tecplan.com.es\/en\/wp-json\/wp\/v2\/types\/product"}],"replies":[{"embeddable":true,"href":"https:\/\/tecplan.com.es\/en\/wp-json\/wp\/v2\/comments?post=2856"}],"version-history":[{"count":2,"href":"https:\/\/tecplan.com.es\/en\/wp-json\/wp\/v2\/product\/2856\/revisions"}],"predecessor-version":[{"id":2864,"href":"https:\/\/tecplan.com.es\/en\/wp-json\/wp\/v2\/product\/2856\/revisions\/2864"}],"wp:featuredmedia":[{"embeddable":true,"href":"https:\/\/tecplan.com.es\/en\/wp-json\/wp\/v2\/media\/2862"}],"wp:attachment":[{"href":"https:\/\/tecplan.com.es\/en\/wp-json\/wp\/v2\/media?parent=2856"}],"wp:term":[{"taxonomy":"product_brand","embeddable":true,"href":"https:\/\/tecplan.com.es\/en\/wp-json\/wp\/v2\/product_brand?post=2856"},{"taxonomy":"product_cat","embeddable":true,"href":"https:\/\/tecplan.com.es\/en\/wp-json\/wp\/v2\/product_cat?post=2856"},{"taxonomy":"product_tag","embeddable":true,"href":"https:\/\/tecplan.com.es\/en\/wp-json\/wp\/v2\/product_tag?post=2856"}],"curies":[{"name":"wp","href":"https:\/\/api.w.org\/{rel}","templated":true}]}}