{"id":2848,"date":"2025-09-08T17:42:59","date_gmt":"2025-09-08T17:42:59","guid":{"rendered":"https:\/\/tecplan.com.es\/?post_type=product&#038;p=2848"},"modified":"2026-01-02T21:19:50","modified_gmt":"2026-01-02T21:19:50","slug":"telefono-ip-grp2603p","status":"publish","type":"product","link":"https:\/\/tecplan.com.es\/en\/product\/telefono-ip-grp2603p\/","title":{"rendered":"GRP2603(P) IP Phone"},"content":{"rendered":"<p style=\"text-align: justify;\"><strong>Grandstream GRP2603\u00a0 \u2013 Terminal IP GRP2603 6 cuentas SIP<\/strong><\/p>\n<p style=\"text-align: justify;\">Como parte de la serie GRP de tel\u00e9fonos IP de nivel de operador, el GRP2603 es un modelo esencial de 3 l\u00edneas dise\u00f1ado con aprovisionamiento zerotouch para una implementaci\u00f3n masiva y una gesti\u00f3n sencilla.\u00a0Cuenta con un dise\u00f1o elegante y un conjunto de caracter\u00edsticas de pr\u00f3xima generaci\u00f3n que incluyen: conferencias de voz de 5 v\u00edas para maximizar la productividad, PoE integrado (GRP2603P), audio Full HD tanto en el altavoz como en el tel\u00e9fono para permitir a los usuarios comunicarse con la mayor claridad, soporte EHS para Auriculares Plantronics, Jabra y Sennheiser y compatibilidad con varios idiomas.<\/p>\n<p style=\"text-align: justify;\">La serie GRP incluye funciones de seguridad de nivel de operador para brindar seguridad a nivel empresarial, incluido el arranque seguro, im\u00e1genes de firmware dual y almacenamiento de datos cifrados.\u00a0Para el aprovisionamiento en la nube y la administraci\u00f3n centralizada, el GRP2603 es compatible con el Sistema de administraci\u00f3n de dispositivos (GDMS) de Grandstream, que proporciona una interfaz centralizada para configurar,\u00a0aprovisionar, administrar y monitorear implementaciones de terminales Grandstream.\u00a0Construido para las necesidades de los trabajadores de escritorio remotos o en el sitio y dise\u00f1ado para que las empresas, los proveedores de servicios y otros mercados de gran volumen puedan implementarlo f\u00e1cilmente, el GRP2603 ofrece un punto final de voz f\u00e1cil de usar y de implementar.<\/p>\n<h3 class=\"title-box\" style=\"text-align: justify;\">Caracter\u00edsticas<\/h3>\n<div class=\"title-box\">\n<ul>\n<li style=\"text-align: justify;\">3 l\u00edneas, 6 cuentas SIP, hasta 3 l\u00edneas de llamada<\/li>\n<li style=\"text-align: justify;\">Compatible con GDMS, que proporciona una interfaz centralizada para configurar, aprovisionar, administrar y monitorear dispositivos Grandstream<\/li>\n<li style=\"text-align: justify;\">Compatibilidad con Electronic Hook Switch (EHS) para auriculares Plantronics, Jabra y Sennheiser<\/li>\n<li style=\"text-align: justify;\">Altavoz full-duplex con audio HD para maximizar la calidad y claridad del audio<\/li>\n<li style=\"text-align: justify;\">Equipado con tecnolog\u00eda de protecci\u00f3n contra ruido para minimizar el ruido de fondo<\/li>\n<li style=\"text-align: justify;\">Puertos Gigabit Ethernet de 10\/100\/1000 Mbps con detecci\u00f3n autom\u00e1tica y conmutaci\u00f3n doble con PoE integrado (solo GRP2603P)<\/li>\n<li style=\"text-align: justify;\">Admite conferencias de audio de 5 v\u00edas para conferencias sencillas<\/li>\n<li style=\"text-align: justify;\">Protecci\u00f3n de nivel empresarial que incluye arranque seguro, im\u00e1genes de firmware dual y almacenamiento de datos cifrados<\/li>\n<li style=\"text-align: justify;\">Placa frontal intercambiable para permitir una f\u00e1cil personalizaci\u00f3n del logotipo<\/li>\n<\/ul>\n<\/div>\n<p><!--more--><\/p>\n<h5 style=\"text-align: justify;\"><span style=\"text-decoration: underline;\"><strong>DOWNLOADS<\/strong><\/span><\/h5>\n<ul style=\"text-align: justify;\">\n<li><a href=\"https:\/\/drive.google.com\/file\/d\/1XprxnQTwETfEbKE9yIU3UEz22KR5EYlu\/view?usp=sharing\">\u2192 Technical specifications<\/a><\/li>\n<\/ul>","protected":false},"excerpt":{"rendered":"<p style=\"text-align: justify;\"><em><span dir=\"auto\">Tel\u00e9fono IP esencial de 3 l\u00edneas dise\u00f1ado para implementaci\u00f3n masiva y f\u00e1cil administraci\u00f3n<\/span><\/em><\/p>\n<p style=\"text-align: justify;\"><span dir=\"auto\">El GRP2603 cuenta con conferencias de voz de 5 v\u00edas para maximizar la productividad, PoE integrado (GRP2603P) y es compatible con el sistema de administraci\u00f3n de dispositivos (GDMS) de Grandstream.\u00a0<\/span><\/p>\n<p><!--more--><\/p>\n<p><img decoding=\"async\" class=\"wp-image-2022 aligncenter\" src=\"https:\/\/tecplan.com.es\/wp-content\/uploads\/2025\/06\/Grandstream-logo-300x77.png\" alt=\"\" width=\"191\" height=\"58\" \/><\/p>","protected":false},"featured_media":2852,"comment_status":"open","ping_status":"closed","template":"","meta":{"site-sidebar-layout":"default","site-content-layout":"","ast-site-content-layout":"default","site-content-style":"default","site-sidebar-style":"default","ast-global-header-display":"","ast-banner-title-visibility":"","ast-main-header-display":"","ast-hfb-above-header-display":"","ast-hfb-below-header-display":"","ast-hfb-mobile-header-display":"","site-post-title":"","ast-breadcrumbs-content":"","ast-featured-img":"","footer-sml-layout":"","ast-disable-related-posts":"","theme-transparent-header-meta":"default","adv-header-id-meta":"","stick-header-meta":"","header-above-stick-meta":"","header-main-stick-meta":"","header-below-stick-meta":"","astra-migrate-meta-layouts":"set","ast-page-background-enabled":"default","ast-page-background-meta":{"desktop":{"background-color":"var(--ast-global-color-5)","background-image":"","background-repeat":"repeat","background-position":"center center","background-size":"auto","background-attachment":"scroll","background-type":"","background-media":"","overlay-type":"","overlay-color":"","overlay-opacity":"","overlay-gradient":""},"tablet":{"background-color":"","background-image":"","background-repeat":"repeat","background-position":"center center","background-size":"auto","background-attachment":"scroll","background-type":"","background-media":"","overlay-type":"","overlay-color":"","overlay-opacity":"","overlay-gradient":""},"mobile":{"background-color":"","background-image":"","background-repeat":"repeat","background-position":"center center","background-size":"auto","background-attachment":"scroll","background-type":"","background-media":"","overlay-type":"","overlay-color":"","overlay-opacity":"","overlay-gradient":""}},"ast-content-background-meta":{"desktop":{"background-color":"var(--ast-global-color-4)","background-image":"","background-repeat":"repeat","background-position":"center center","background-size":"auto","background-attachment":"scroll","background-type":"","background-media":"","overlay-type":"","overlay-color":"","overlay-opacity":"","overlay-gradient":""},"tablet":{"background-color":"var(--ast-global-color-4)","background-image":"","background-repeat":"repeat","background-position":"center center","background-size":"auto","background-attachment":"scroll","background-type":"","background-media":"","overlay-type":"","overlay-color":"","overlay-opacity":"","overlay-gradient":""},"mobile":{"background-color":"var(--ast-global-color-4)","background-image":"","background-repeat":"repeat","background-position":"center center","background-size":"auto","background-attachment":"scroll","background-type":"","background-media":"","overlay-type":"","overlay-color":"","overlay-opacity":"","overlay-gradient":""}}},"product_brand":[238],"product_cat":[152,153,154,142,155],"product_tag":[220],"class_list":{"0":"post-2848","1":"product","2":"type-product","3":"status-publish","4":"has-post-thumbnail","6":"product_brand-grandstream","7":"product_cat-grandstream","8":"product_cat-otros-grandstream","9":"product_cat-pbx","10":"product_cat-telefonia","11":"product_cat-telefonos-ip-grandstream","12":"product_tag-grandstream","13":"desktop-align-left","14":"tablet-align-left","15":"mobile-align-left","17":"first","18":"instock","19":"shipping-taxable","20":"product-type-simple"},"yoast_head":"<!-- This site is optimized with the Yoast SEO plugin v25.3 - https:\/\/yoast.com\/wordpress\/plugins\/seo\/ -->\n<title>Tel\u00e9fono IP GRP2603(P) - Tecplan<\/title>\n<meta name=\"robots\" content=\"index, follow, max-snippet:-1, max-image-preview:large, max-video-preview:-1\" \/>\n<link rel=\"canonical\" href=\"https:\/\/tecplan.com.es\/en\/product\/telefono-ip-grp2603p\/\" \/>\n<meta property=\"og:locale\" content=\"en_US\" \/>\n<meta property=\"og:type\" content=\"article\" \/>\n<meta property=\"og:title\" content=\"Tel\u00e9fono IP GRP2603(P) - Tecplan\" \/>\n<meta property=\"og:description\" content=\"Tel\u00e9fono IP esencial de 3 l\u00edneas dise\u00f1ado para implementaci\u00f3n masiva y f\u00e1cil administraci\u00f3n El GRP2603 cuenta con conferencias de voz de 5 v\u00edas para maximizar la productividad, PoE integrado (GRP2603P) y es compatible con el sistema de administraci\u00f3n de dispositivos (GDMS) de Grandstream.\u00a0\" \/>\n<meta property=\"og:url\" content=\"https:\/\/tecplan.com.es\/en\/product\/telefono-ip-grp2603p\/\" \/>\n<meta property=\"og:site_name\" content=\"Tecplan\" \/>\n<meta property=\"article:modified_time\" content=\"2026-01-02T21:19:50+00:00\" \/>\n<meta property=\"og:image\" content=\"https:\/\/tecplan.com.es\/wp-content\/uploads\/2025\/09\/grp2603_front_web.webp\" \/>\n\t<meta property=\"og:image:width\" content=\"1000\" \/>\n\t<meta property=\"og:image:height\" content=\"1000\" \/>\n\t<meta property=\"og:image:type\" content=\"image\/webp\" \/>\n<meta name=\"twitter:card\" content=\"summary_large_image\" \/>\n<meta name=\"twitter:label1\" content=\"Est. reading time\" \/>\n\t<meta name=\"twitter:data1\" content=\"2 minutes\" \/>\n<script type=\"application\/ld+json\" class=\"yoast-schema-graph\">{\"@context\":\"https:\/\/schema.org\",\"@graph\":[{\"@type\":\"WebPage\",\"@id\":\"https:\/\/tecplan.com.es\/product\/telefono-ip-grp2603p\/\",\"url\":\"https:\/\/tecplan.com.es\/product\/telefono-ip-grp2603p\/\",\"name\":\"Tel\u00e9fono IP GRP2603(P) - Tecplan\",\"isPartOf\":{\"@id\":\"https:\/\/tecplan.com.es\/#website\"},\"primaryImageOfPage\":{\"@id\":\"https:\/\/tecplan.com.es\/product\/telefono-ip-grp2603p\/#primaryimage\"},\"image\":{\"@id\":\"https:\/\/tecplan.com.es\/product\/telefono-ip-grp2603p\/#primaryimage\"},\"thumbnailUrl\":\"https:\/\/tecplan.com.es\/wp-content\/uploads\/2025\/09\/grp2603_front_web.webp\",\"datePublished\":\"2025-09-08T17:42:59+00:00\",\"dateModified\":\"2026-01-02T21:19:50+00:00\",\"breadcrumb\":{\"@id\":\"https:\/\/tecplan.com.es\/product\/telefono-ip-grp2603p\/#breadcrumb\"},\"inLanguage\":\"en-US\",\"potentialAction\":[{\"@type\":\"ReadAction\",\"target\":[\"https:\/\/tecplan.com.es\/product\/telefono-ip-grp2603p\/\"]}]},{\"@type\":\"ImageObject\",\"inLanguage\":\"en-US\",\"@id\":\"https:\/\/tecplan.com.es\/product\/telefono-ip-grp2603p\/#primaryimage\",\"url\":\"https:\/\/tecplan.com.es\/wp-content\/uploads\/2025\/09\/grp2603_front_web.webp\",\"contentUrl\":\"https:\/\/tecplan.com.es\/wp-content\/uploads\/2025\/09\/grp2603_front_web.webp\",\"width\":1000,\"height\":1000},{\"@type\":\"BreadcrumbList\",\"@id\":\"https:\/\/tecplan.com.es\/product\/telefono-ip-grp2603p\/#breadcrumb\",\"itemListElement\":[{\"@type\":\"ListItem\",\"position\":1,\"name\":\"Home\",\"item\":\"https:\/\/tecplan.com.es\/\"},{\"@type\":\"ListItem\",\"position\":2,\"name\":\"Shop\",\"item\":\"https:\/\/tecplan.com.es\/shop\/\"},{\"@type\":\"ListItem\",\"position\":3,\"name\":\"Tel\u00e9fono IP GRP2603(P)\"}]},{\"@type\":\"WebSite\",\"@id\":\"https:\/\/tecplan.com.es\/#website\",\"url\":\"https:\/\/tecplan.com.es\/\",\"name\":\"Tecplan\",\"description\":\"\",\"potentialAction\":[{\"@type\":\"SearchAction\",\"target\":{\"@type\":\"EntryPoint\",\"urlTemplate\":\"https:\/\/tecplan.com.es\/?s={search_term_string}\"},\"query-input\":{\"@type\":\"PropertyValueSpecification\",\"valueRequired\":true,\"valueName\":\"search_term_string\"}}],\"inLanguage\":\"en-US\"}]}<\/script>\n<!-- \/ Yoast SEO plugin. -->","yoast_head_json":{"title":"Tel\u00e9fono IP GRP2603(P) - Tecplan","robots":{"index":"index","follow":"follow","max-snippet":"max-snippet:-1","max-image-preview":"max-image-preview:large","max-video-preview":"max-video-preview:-1"},"canonical":"https:\/\/tecplan.com.es\/en\/product\/telefono-ip-grp2603p\/","og_locale":"en_US","og_type":"article","og_title":"Tel\u00e9fono IP GRP2603(P) - Tecplan","og_description":"Tel\u00e9fono IP esencial de 3 l\u00edneas dise\u00f1ado para implementaci\u00f3n masiva y f\u00e1cil administraci\u00f3n El GRP2603 cuenta con conferencias de voz de 5 v\u00edas para maximizar la productividad, PoE integrado (GRP2603P) y es compatible con el sistema de administraci\u00f3n de dispositivos (GDMS) de Grandstream.\u00a0","og_url":"https:\/\/tecplan.com.es\/en\/product\/telefono-ip-grp2603p\/","og_site_name":"Tecplan","article_modified_time":"2026-01-02T21:19:50+00:00","og_image":[{"width":1000,"height":1000,"url":"https:\/\/tecplan.com.es\/wp-content\/uploads\/2025\/09\/grp2603_front_web.webp","type":"image\/webp"}],"twitter_card":"summary_large_image","twitter_misc":{"Est. reading time":"2 minutes"},"schema":{"@context":"https:\/\/schema.org","@graph":[{"@type":"WebPage","@id":"https:\/\/tecplan.com.es\/product\/telefono-ip-grp2603p\/","url":"https:\/\/tecplan.com.es\/product\/telefono-ip-grp2603p\/","name":"Tel\u00e9fono IP GRP2603(P) - Tecplan","isPartOf":{"@id":"https:\/\/tecplan.com.es\/#website"},"primaryImageOfPage":{"@id":"https:\/\/tecplan.com.es\/product\/telefono-ip-grp2603p\/#primaryimage"},"image":{"@id":"https:\/\/tecplan.com.es\/product\/telefono-ip-grp2603p\/#primaryimage"},"thumbnailUrl":"https:\/\/tecplan.com.es\/wp-content\/uploads\/2025\/09\/grp2603_front_web.webp","datePublished":"2025-09-08T17:42:59+00:00","dateModified":"2026-01-02T21:19:50+00:00","breadcrumb":{"@id":"https:\/\/tecplan.com.es\/product\/telefono-ip-grp2603p\/#breadcrumb"},"inLanguage":"en-US","potentialAction":[{"@type":"ReadAction","target":["https:\/\/tecplan.com.es\/product\/telefono-ip-grp2603p\/"]}]},{"@type":"ImageObject","inLanguage":"en-US","@id":"https:\/\/tecplan.com.es\/product\/telefono-ip-grp2603p\/#primaryimage","url":"https:\/\/tecplan.com.es\/wp-content\/uploads\/2025\/09\/grp2603_front_web.webp","contentUrl":"https:\/\/tecplan.com.es\/wp-content\/uploads\/2025\/09\/grp2603_front_web.webp","width":1000,"height":1000},{"@type":"BreadcrumbList","@id":"https:\/\/tecplan.com.es\/product\/telefono-ip-grp2603p\/#breadcrumb","itemListElement":[{"@type":"ListItem","position":1,"name":"Home","item":"https:\/\/tecplan.com.es\/"},{"@type":"ListItem","position":2,"name":"Shop","item":"https:\/\/tecplan.com.es\/shop\/"},{"@type":"ListItem","position":3,"name":"Tel\u00e9fono IP GRP2603(P)"}]},{"@type":"WebSite","@id":"https:\/\/tecplan.com.es\/#website","url":"https:\/\/tecplan.com.es\/","name":"Tecplan","description":"","potentialAction":[{"@type":"SearchAction","target":{"@type":"EntryPoint","urlTemplate":"https:\/\/tecplan.com.es\/?s={search_term_string}"},"query-input":{"@type":"PropertyValueSpecification","valueRequired":true,"valueName":"search_term_string"}}],"inLanguage":"en-US"}]}},"_links":{"self":[{"href":"https:\/\/tecplan.com.es\/en\/wp-json\/wp\/v2\/product\/2848","targetHints":{"allow":["GET"]}}],"collection":[{"href":"https:\/\/tecplan.com.es\/en\/wp-json\/wp\/v2\/product"}],"about":[{"href":"https:\/\/tecplan.com.es\/en\/wp-json\/wp\/v2\/types\/product"}],"replies":[{"embeddable":true,"href":"https:\/\/tecplan.com.es\/en\/wp-json\/wp\/v2\/comments?post=2848"}],"version-history":[{"count":3,"href":"https:\/\/tecplan.com.es\/en\/wp-json\/wp\/v2\/product\/2848\/revisions"}],"predecessor-version":[{"id":2854,"href":"https:\/\/tecplan.com.es\/en\/wp-json\/wp\/v2\/product\/2848\/revisions\/2854"}],"wp:featuredmedia":[{"embeddable":true,"href":"https:\/\/tecplan.com.es\/en\/wp-json\/wp\/v2\/media\/2852"}],"wp:attachment":[{"href":"https:\/\/tecplan.com.es\/en\/wp-json\/wp\/v2\/media?parent=2848"}],"wp:term":[{"taxonomy":"product_brand","embeddable":true,"href":"https:\/\/tecplan.com.es\/en\/wp-json\/wp\/v2\/product_brand?post=2848"},{"taxonomy":"product_cat","embeddable":true,"href":"https:\/\/tecplan.com.es\/en\/wp-json\/wp\/v2\/product_cat?post=2848"},{"taxonomy":"product_tag","embeddable":true,"href":"https:\/\/tecplan.com.es\/en\/wp-json\/wp\/v2\/product_tag?post=2848"}],"curies":[{"name":"wp","href":"https:\/\/api.w.org\/{rel}","templated":true}]}}