{"id":2832,"date":"2025-09-05T23:56:07","date_gmt":"2025-09-05T23:56:07","guid":{"rendered":"https:\/\/tecplan.com.es\/?post_type=product&#038;p=2832"},"modified":"2025-09-05T23:59:33","modified_gmt":"2025-09-05T23:59:33","slug":"auricular-jabra-evolve-20","status":"publish","type":"product","link":"https:\/\/tecplan.com.es\/en\/product\/auricular-jabra-evolve-20\/","title":{"rendered":"Jabra Evolve 20 Headset"},"content":{"rendered":"<p style=\"text-align: justify;\"><span class=\"svelte-1sntxl4\">El\u00a0<\/span><span class=\"qa-highlight svelte-1sntxl4\"><span class=\"svelte-1sntxl4\">auricular Jabra Evolve 20<\/span><\/span><span class=\"svelte-1sntxl4\">\u00a0MS Est\u00e9reo es un dispositivo profesional con conexi\u00f3n USB dise\u00f1ado para entornos de oficina, centros de llamadas y entornos de trabajo donde se requiere una alta calidad de sonido y una gesti\u00f3n sencilla de llamadas.<\/span>\u00a0<span class=\"svelte-1sntxl4\">Est\u00e1 optimizado para plataformas como Microsoft Teams y funciona con un plug and play, lo que significa que se puede conectar y usar inmediatamente sin necesidad de configuraciones adicionales.<\/span>\u00a0<span class=\"svelte-1sntxl4\">Cuenta con una unidad de control en el cable que permite responder, colgar y silenciar llamadas, as\u00ed como ajustar el volumen de forma intuitiva.<\/span><\/p>\n<p style=\"text-align: justify;\"><strong>Characteristics:<\/strong><\/p>\n<div class=\"caja_producto\" style=\"text-align: justify;\">\n<ul>\n<li>Auricular: versi\u00f3n biaural<\/li>\n<li>Comunicaciones Unificadas (UC)<\/li>\n<li>Cancelaci\u00f3n pasiva de ruidos<\/li>\n<li>Micr\u00f3fono con cancelaci\u00f3n de ruido<\/li>\n<li>Conexi\u00f3n USB directa<\/li>\n<li>Plug &amp; Play<\/li>\n<li>Almohadillas de goma espuma<\/li>\n<li>Sujeci\u00f3n: diadema para la cabeza<\/li>\n<li>USB<\/li>\n<li>Versi\u00f3n disponible: Versi\u00f3n biaural. Ref. 4999-829-209<\/li>\n<li>Versi\u00f3n biaural Microsoft Lync. Ref. 4999-823-109<\/li>\n<\/ul>\n<\/div>\n<p style=\"text-align: justify;\"><strong>Optimizado para:<\/strong><\/p>\n<div class=\"caja_producto\">\n<ul>\n<li style=\"text-align: justify;\">Para PC<\/li>\n<\/ul>\n<\/div>\n<p><!--more--><\/p>\n<h5 style=\"text-align: justify;\"><span style=\"text-decoration: underline;\"><strong>DOWNLOADS<\/strong><\/span><\/h5>\n<ul style=\"text-align: justify;\">\n<li><a href=\"https:\/\/drive.google.com\/file\/d\/1FNCf7maBdxfOVo4Ls2-dVNDxF3aP4xRx\/view?usp=sharing\">\u2192 Technical specifications<\/a><\/li>\n<\/ul>","protected":false},"excerpt":{"rendered":"<p style=\"text-align: justify;\">Jabra Evolve 20 D\u00fao es un auricular dise\u00f1ado para favorecer la concentraci\u00f3n y la conversaci\u00f3n gracias a su dos altavoces.<\/p>\n<p><!--more--><\/p>\n<p><img decoding=\"async\" class=\"wp-image-2820 aligncenter\" src=\"https:\/\/tecplan.com.es\/wp-content\/uploads\/2025\/09\/Jabra_Logo-300x102.png\" alt=\"\" width=\"152\" height=\"54\" \/><\/p>","protected":false},"featured_media":2836,"comment_status":"open","ping_status":"closed","template":"","meta":{"site-sidebar-layout":"default","site-content-layout":"","ast-site-content-layout":"default","site-content-style":"default","site-sidebar-style":"default","ast-global-header-display":"","ast-banner-title-visibility":"","ast-main-header-display":"","ast-hfb-above-header-display":"","ast-hfb-below-header-display":"","ast-hfb-mobile-header-display":"","site-post-title":"","ast-breadcrumbs-content":"","ast-featured-img":"","footer-sml-layout":"","ast-disable-related-posts":"","theme-transparent-header-meta":"default","adv-header-id-meta":"","stick-header-meta":"","header-above-stick-meta":"","header-main-stick-meta":"","header-below-stick-meta":"","astra-migrate-meta-layouts":"set","ast-page-background-enabled":"default","ast-page-background-meta":{"desktop":{"background-color":"var(--ast-global-color-5)","background-image":"","background-repeat":"repeat","background-position":"center center","background-size":"auto","background-attachment":"scroll","background-type":"","background-media":"","overlay-type":"","overlay-color":"","overlay-opacity":"","overlay-gradient":""},"tablet":{"background-color":"","background-image":"","background-repeat":"repeat","background-position":"center center","background-size":"auto","background-attachment":"scroll","background-type":"","background-media":"","overlay-type":"","overlay-color":"","overlay-opacity":"","overlay-gradient":""},"mobile":{"background-color":"","background-image":"","background-repeat":"repeat","background-position":"center center","background-size":"auto","background-attachment":"scroll","background-type":"","background-media":"","overlay-type":"","overlay-color":"","overlay-opacity":"","overlay-gradient":""}},"ast-content-background-meta":{"desktop":{"background-color":"var(--ast-global-color-4)","background-image":"","background-repeat":"repeat","background-position":"center center","background-size":"auto","background-attachment":"scroll","background-type":"","background-media":"","overlay-type":"","overlay-color":"","overlay-opacity":"","overlay-gradient":""},"tablet":{"background-color":"var(--ast-global-color-4)","background-image":"","background-repeat":"repeat","background-position":"center center","background-size":"auto","background-attachment":"scroll","background-type":"","background-media":"","overlay-type":"","overlay-color":"","overlay-opacity":"","overlay-gradient":""},"mobile":{"background-color":"var(--ast-global-color-4)","background-image":"","background-repeat":"repeat","background-position":"center center","background-size":"auto","background-attachment":"scroll","background-type":"","background-media":"","overlay-type":"","overlay-color":"","overlay-opacity":"","overlay-gradient":""}}},"product_brand":[263],"product_cat":[145,146,143,142],"product_tag":[222],"class_list":{"0":"post-2832","1":"product","2":"type-product","3":"status-publish","4":"has-post-thumbnail","6":"product_brand-jabra","7":"product_cat-headset","8":"product_cat-jabra","9":"product_cat-logitech","10":"product_cat-telefonia","11":"product_tag-jabra","12":"desktop-align-left","13":"tablet-align-left","14":"mobile-align-left","16":"first","17":"instock","18":"shipping-taxable","19":"product-type-simple"},"yoast_head":"<!-- This site is optimized with the Yoast SEO plugin v25.3 - https:\/\/yoast.com\/wordpress\/plugins\/seo\/ -->\n<title>Auricular Jabra Evolve 20 - Tecplan<\/title>\n<meta name=\"robots\" content=\"index, follow, max-snippet:-1, max-image-preview:large, max-video-preview:-1\" \/>\n<link rel=\"canonical\" href=\"https:\/\/tecplan.com.es\/en\/product\/auricular-jabra-evolve-20\/\" \/>\n<meta property=\"og:locale\" content=\"en_US\" \/>\n<meta property=\"og:type\" content=\"article\" \/>\n<meta property=\"og:title\" content=\"Auricular Jabra Evolve 20 - Tecplan\" \/>\n<meta property=\"og:description\" content=\"Jabra Evolve 20 D\u00fao es un auricular dise\u00f1ado para favorecer la concentraci\u00f3n y la conversaci\u00f3n gracias a su dos altavoces.\" \/>\n<meta property=\"og:url\" content=\"https:\/\/tecplan.com.es\/en\/product\/auricular-jabra-evolve-20\/\" \/>\n<meta property=\"og:site_name\" content=\"Tecplan\" \/>\n<meta property=\"article:modified_time\" content=\"2025-09-05T23:59:33+00:00\" \/>\n<meta property=\"og:image\" content=\"https:\/\/tecplan.com.es\/wp-content\/uploads\/2025\/09\/Auricular-Jabra-Evolve-20-02-600x600-1.jpg\" \/>\n\t<meta property=\"og:image:width\" content=\"600\" \/>\n\t<meta property=\"og:image:height\" content=\"600\" \/>\n\t<meta property=\"og:image:type\" content=\"image\/jpeg\" \/>\n<meta name=\"twitter:card\" content=\"summary_large_image\" \/>\n<meta name=\"twitter:label1\" content=\"Est. reading time\" \/>\n\t<meta name=\"twitter:data1\" content=\"1 minute\" \/>\n<script type=\"application\/ld+json\" class=\"yoast-schema-graph\">{\"@context\":\"https:\/\/schema.org\",\"@graph\":[{\"@type\":\"WebPage\",\"@id\":\"https:\/\/tecplan.com.es\/product\/auricular-jabra-evolve-20\/\",\"url\":\"https:\/\/tecplan.com.es\/product\/auricular-jabra-evolve-20\/\",\"name\":\"Auricular Jabra Evolve 20 - Tecplan\",\"isPartOf\":{\"@id\":\"https:\/\/tecplan.com.es\/#website\"},\"primaryImageOfPage\":{\"@id\":\"https:\/\/tecplan.com.es\/product\/auricular-jabra-evolve-20\/#primaryimage\"},\"image\":{\"@id\":\"https:\/\/tecplan.com.es\/product\/auricular-jabra-evolve-20\/#primaryimage\"},\"thumbnailUrl\":\"https:\/\/tecplan.com.es\/wp-content\/uploads\/2025\/09\/Auricular-Jabra-Evolve-20-02-600x600-1.jpg\",\"datePublished\":\"2025-09-05T23:56:07+00:00\",\"dateModified\":\"2025-09-05T23:59:33+00:00\",\"breadcrumb\":{\"@id\":\"https:\/\/tecplan.com.es\/product\/auricular-jabra-evolve-20\/#breadcrumb\"},\"inLanguage\":\"en-US\",\"potentialAction\":[{\"@type\":\"ReadAction\",\"target\":[\"https:\/\/tecplan.com.es\/product\/auricular-jabra-evolve-20\/\"]}]},{\"@type\":\"ImageObject\",\"inLanguage\":\"en-US\",\"@id\":\"https:\/\/tecplan.com.es\/product\/auricular-jabra-evolve-20\/#primaryimage\",\"url\":\"https:\/\/tecplan.com.es\/wp-content\/uploads\/2025\/09\/Auricular-Jabra-Evolve-20-02-600x600-1.jpg\",\"contentUrl\":\"https:\/\/tecplan.com.es\/wp-content\/uploads\/2025\/09\/Auricular-Jabra-Evolve-20-02-600x600-1.jpg\",\"width\":600,\"height\":600},{\"@type\":\"BreadcrumbList\",\"@id\":\"https:\/\/tecplan.com.es\/product\/auricular-jabra-evolve-20\/#breadcrumb\",\"itemListElement\":[{\"@type\":\"ListItem\",\"position\":1,\"name\":\"Home\",\"item\":\"https:\/\/tecplan.com.es\/\"},{\"@type\":\"ListItem\",\"position\":2,\"name\":\"Shop\",\"item\":\"https:\/\/tecplan.com.es\/shop\/\"},{\"@type\":\"ListItem\",\"position\":3,\"name\":\"Auricular Jabra Evolve 20\"}]},{\"@type\":\"WebSite\",\"@id\":\"https:\/\/tecplan.com.es\/#website\",\"url\":\"https:\/\/tecplan.com.es\/\",\"name\":\"Tecplan\",\"description\":\"\",\"potentialAction\":[{\"@type\":\"SearchAction\",\"target\":{\"@type\":\"EntryPoint\",\"urlTemplate\":\"https:\/\/tecplan.com.es\/?s={search_term_string}\"},\"query-input\":{\"@type\":\"PropertyValueSpecification\",\"valueRequired\":true,\"valueName\":\"search_term_string\"}}],\"inLanguage\":\"en-US\"}]}<\/script>\n<!-- \/ Yoast SEO plugin. -->","yoast_head_json":{"title":"Auricular Jabra Evolve 20 - Tecplan","robots":{"index":"index","follow":"follow","max-snippet":"max-snippet:-1","max-image-preview":"max-image-preview:large","max-video-preview":"max-video-preview:-1"},"canonical":"https:\/\/tecplan.com.es\/en\/product\/auricular-jabra-evolve-20\/","og_locale":"en_US","og_type":"article","og_title":"Auricular Jabra Evolve 20 - Tecplan","og_description":"Jabra Evolve 20 D\u00fao es un auricular dise\u00f1ado para favorecer la concentraci\u00f3n y la conversaci\u00f3n gracias a su dos altavoces.","og_url":"https:\/\/tecplan.com.es\/en\/product\/auricular-jabra-evolve-20\/","og_site_name":"Tecplan","article_modified_time":"2025-09-05T23:59:33+00:00","og_image":[{"width":600,"height":600,"url":"https:\/\/tecplan.com.es\/wp-content\/uploads\/2025\/09\/Auricular-Jabra-Evolve-20-02-600x600-1.jpg","type":"image\/jpeg"}],"twitter_card":"summary_large_image","twitter_misc":{"Est. reading time":"1 minute"},"schema":{"@context":"https:\/\/schema.org","@graph":[{"@type":"WebPage","@id":"https:\/\/tecplan.com.es\/product\/auricular-jabra-evolve-20\/","url":"https:\/\/tecplan.com.es\/product\/auricular-jabra-evolve-20\/","name":"Auricular Jabra Evolve 20 - Tecplan","isPartOf":{"@id":"https:\/\/tecplan.com.es\/#website"},"primaryImageOfPage":{"@id":"https:\/\/tecplan.com.es\/product\/auricular-jabra-evolve-20\/#primaryimage"},"image":{"@id":"https:\/\/tecplan.com.es\/product\/auricular-jabra-evolve-20\/#primaryimage"},"thumbnailUrl":"https:\/\/tecplan.com.es\/wp-content\/uploads\/2025\/09\/Auricular-Jabra-Evolve-20-02-600x600-1.jpg","datePublished":"2025-09-05T23:56:07+00:00","dateModified":"2025-09-05T23:59:33+00:00","breadcrumb":{"@id":"https:\/\/tecplan.com.es\/product\/auricular-jabra-evolve-20\/#breadcrumb"},"inLanguage":"en-US","potentialAction":[{"@type":"ReadAction","target":["https:\/\/tecplan.com.es\/product\/auricular-jabra-evolve-20\/"]}]},{"@type":"ImageObject","inLanguage":"en-US","@id":"https:\/\/tecplan.com.es\/product\/auricular-jabra-evolve-20\/#primaryimage","url":"https:\/\/tecplan.com.es\/wp-content\/uploads\/2025\/09\/Auricular-Jabra-Evolve-20-02-600x600-1.jpg","contentUrl":"https:\/\/tecplan.com.es\/wp-content\/uploads\/2025\/09\/Auricular-Jabra-Evolve-20-02-600x600-1.jpg","width":600,"height":600},{"@type":"BreadcrumbList","@id":"https:\/\/tecplan.com.es\/product\/auricular-jabra-evolve-20\/#breadcrumb","itemListElement":[{"@type":"ListItem","position":1,"name":"Home","item":"https:\/\/tecplan.com.es\/"},{"@type":"ListItem","position":2,"name":"Shop","item":"https:\/\/tecplan.com.es\/shop\/"},{"@type":"ListItem","position":3,"name":"Auricular Jabra Evolve 20"}]},{"@type":"WebSite","@id":"https:\/\/tecplan.com.es\/#website","url":"https:\/\/tecplan.com.es\/","name":"Tecplan","description":"","potentialAction":[{"@type":"SearchAction","target":{"@type":"EntryPoint","urlTemplate":"https:\/\/tecplan.com.es\/?s={search_term_string}"},"query-input":{"@type":"PropertyValueSpecification","valueRequired":true,"valueName":"search_term_string"}}],"inLanguage":"en-US"}]}},"_links":{"self":[{"href":"https:\/\/tecplan.com.es\/en\/wp-json\/wp\/v2\/product\/2832","targetHints":{"allow":["GET"]}}],"collection":[{"href":"https:\/\/tecplan.com.es\/en\/wp-json\/wp\/v2\/product"}],"about":[{"href":"https:\/\/tecplan.com.es\/en\/wp-json\/wp\/v2\/types\/product"}],"replies":[{"embeddable":true,"href":"https:\/\/tecplan.com.es\/en\/wp-json\/wp\/v2\/comments?post=2832"}],"version-history":[{"count":3,"href":"https:\/\/tecplan.com.es\/en\/wp-json\/wp\/v2\/product\/2832\/revisions"}],"predecessor-version":[{"id":2838,"href":"https:\/\/tecplan.com.es\/en\/wp-json\/wp\/v2\/product\/2832\/revisions\/2838"}],"wp:featuredmedia":[{"embeddable":true,"href":"https:\/\/tecplan.com.es\/en\/wp-json\/wp\/v2\/media\/2836"}],"wp:attachment":[{"href":"https:\/\/tecplan.com.es\/en\/wp-json\/wp\/v2\/media?parent=2832"}],"wp:term":[{"taxonomy":"product_brand","embeddable":true,"href":"https:\/\/tecplan.com.es\/en\/wp-json\/wp\/v2\/product_brand?post=2832"},{"taxonomy":"product_cat","embeddable":true,"href":"https:\/\/tecplan.com.es\/en\/wp-json\/wp\/v2\/product_cat?post=2832"},{"taxonomy":"product_tag","embeddable":true,"href":"https:\/\/tecplan.com.es\/en\/wp-json\/wp\/v2\/product_tag?post=2832"}],"curies":[{"name":"wp","href":"https:\/\/api.w.org\/{rel}","templated":true}]}}