{"id":2827,"date":"2025-09-05T23:45:38","date_gmt":"2025-09-05T23:45:38","guid":{"rendered":"https:\/\/tecplan.com.es\/?post_type=product&#038;p=2827"},"modified":"2025-09-18T20:07:13","modified_gmt":"2025-09-18T20:07:13","slug":"auricular-jabra-biz-2400-ii-qd","status":"publish","type":"product","link":"https:\/\/tecplan.com.es\/en\/product\/auricular-jabra-biz-2400-ii-qd\/","title":{"rendered":"Jabra Biz 2400 II QD Headset"},"content":{"rendered":"<p><strong>Characteristics:<\/strong><\/p>\n<div class=\"caja_producto\">\n<ul>\n<li>Auricular: versi\u00f3n\u00a0monoaural<\/li>\n<li>Auriculares cableados<\/li>\n<li>Optimizados para telefon\u00eda<\/li>\n<li>Micr\u00f3fono con ultracancelaci\u00f3n\u00a0de ruido<\/li>\n<li>Brazo articulado<\/li>\n<li>Tecnolog\u00eda PeakStop<\/li>\n<li>Sujeci\u00f3n: diadema para la cabeza<\/li>\n<li>Conectividad: QD<\/li>\n<li>Versi\u00f3n disponible: Versi\u00f3n biaural. Ref. 1519-0154<\/li>\n<\/ul>\n<\/div>\n<p><strong>Optimizado para:<\/strong><\/p>\n<div class=\"caja_producto\">\n<ul>\n<li>Para tel\u00e9fono de sobremesa.<\/li>\n<li>Se requiere adquirir el cable por separado en funci\u00f3n del tel\u00e9fono del usuario.<\/li>\n<li>Dependiendo del cable que se adquiera, se podr\u00e1 conectar al tel\u00e9fono de sobremesa, pero nunca simult\u00e1neamente.<\/li>\n<\/ul>\n<\/div>\n<p><!--more--><\/p>\n<h5 style=\"text-align: justify;\"><span style=\"text-decoration: underline;\"><strong>DOWNLOADS<\/strong><\/span><\/h5>\n<ul style=\"text-align: justify;\">\n<li><a href=\"https:\/\/drive.google.com\/file\/d\/1MC0dbDy9iySwR2_BhHAwsLNjJJoklcpN\/view?usp=sharing\">\u2192 Technical specifications<\/a><\/li>\n<\/ul>","protected":false},"excerpt":{"rendered":"<p style=\"text-align: justify;\">Jabra Biz 2400 II Mono es un auricular cableado con conexi\u00f3n QD para Contact Centers que incluye un micr\u00f3fono con ultracancelaci\u00f3n de ruidos y protecci\u00f3n frente a golpes ac\u00fasticos. Este modelo tiene un mayor acolchado para mejorar el confort de la diadema, un brazo giratorio de 360 grados, y un cable con refuerzo de Kevlar que permite amoldarse a cualquier entorno de trabajo.<\/p>\n<p><!--more--><\/p>\n<p><img decoding=\"async\" class=\"wp-image-2820 aligncenter\" src=\"https:\/\/tecplan.com.es\/wp-content\/uploads\/2025\/09\/Jabra_Logo-300x102.png\" alt=\"\" width=\"163\" height=\"51\" \/><\/p>\n<p>&nbsp;<\/p>","protected":false},"featured_media":2829,"comment_status":"open","ping_status":"closed","template":"","meta":{"site-sidebar-layout":"default","site-content-layout":"","ast-site-content-layout":"default","site-content-style":"default","site-sidebar-style":"default","ast-global-header-display":"","ast-banner-title-visibility":"","ast-main-header-display":"","ast-hfb-above-header-display":"","ast-hfb-below-header-display":"","ast-hfb-mobile-header-display":"","site-post-title":"","ast-breadcrumbs-content":"","ast-featured-img":"","footer-sml-layout":"","ast-disable-related-posts":"","theme-transparent-header-meta":"default","adv-header-id-meta":"","stick-header-meta":"","header-above-stick-meta":"","header-main-stick-meta":"","header-below-stick-meta":"","astra-migrate-meta-layouts":"set","ast-page-background-enabled":"default","ast-page-background-meta":{"desktop":{"background-color":"var(--ast-global-color-5)","background-image":"","background-repeat":"repeat","background-position":"center center","background-size":"auto","background-attachment":"scroll","background-type":"","background-media":"","overlay-type":"","overlay-color":"","overlay-opacity":"","overlay-gradient":""},"tablet":{"background-color":"","background-image":"","background-repeat":"repeat","background-position":"center center","background-size":"auto","background-attachment":"scroll","background-type":"","background-media":"","overlay-type":"","overlay-color":"","overlay-opacity":"","overlay-gradient":""},"mobile":{"background-color":"","background-image":"","background-repeat":"repeat","background-position":"center center","background-size":"auto","background-attachment":"scroll","background-type":"","background-media":"","overlay-type":"","overlay-color":"","overlay-opacity":"","overlay-gradient":""}},"ast-content-background-meta":{"desktop":{"background-color":"var(--ast-global-color-4)","background-image":"","background-repeat":"repeat","background-position":"center center","background-size":"auto","background-attachment":"scroll","background-type":"","background-media":"","overlay-type":"","overlay-color":"","overlay-opacity":"","overlay-gradient":""},"tablet":{"background-color":"var(--ast-global-color-4)","background-image":"","background-repeat":"repeat","background-position":"center center","background-size":"auto","background-attachment":"scroll","background-type":"","background-media":"","overlay-type":"","overlay-color":"","overlay-opacity":"","overlay-gradient":""},"mobile":{"background-color":"var(--ast-global-color-4)","background-image":"","background-repeat":"repeat","background-position":"center center","background-size":"auto","background-attachment":"scroll","background-type":"","background-media":"","overlay-type":"","overlay-color":"","overlay-opacity":"","overlay-gradient":""}}},"product_brand":[263],"product_cat":[148,146,142],"product_tag":[222],"class_list":{"0":"post-2827","1":"product","2":"type-product","3":"status-publish","4":"has-post-thumbnail","6":"product_brand-jabra","7":"product_cat-headset-jabra","8":"product_cat-jabra","9":"product_cat-telefonia","10":"product_tag-jabra","11":"desktop-align-left","12":"tablet-align-left","13":"mobile-align-left","15":"first","16":"instock","17":"shipping-taxable","18":"product-type-simple"},"yoast_head":"<!-- This site is optimized with the Yoast SEO plugin v25.3 - https:\/\/yoast.com\/wordpress\/plugins\/seo\/ -->\n<title>Auricular Jabra Biz 2400 II QD - Tecplan<\/title>\n<meta name=\"robots\" content=\"index, follow, max-snippet:-1, max-image-preview:large, max-video-preview:-1\" \/>\n<link rel=\"canonical\" href=\"https:\/\/tecplan.com.es\/en\/product\/auricular-jabra-biz-2400-ii-qd\/\" \/>\n<meta property=\"og:locale\" content=\"en_US\" \/>\n<meta property=\"og:type\" content=\"article\" \/>\n<meta property=\"og:title\" content=\"Auricular Jabra Biz 2400 II QD - Tecplan\" \/>\n<meta property=\"og:description\" content=\"Jabra Biz 2400 II Mono es un auricular cableado con conexi\u00f3n QD para Contact Centers que incluye un micr\u00f3fono con ultracancelaci\u00f3n de ruidos y protecci\u00f3n frente a golpes ac\u00fasticos. Este modelo tiene un mayor acolchado para mejorar el confort de la diadema, un brazo giratorio de 360 grados, y un cable con refuerzo de Kevlar que permite amoldarse a cualquier entorno de trabajo.     &nbsp;\" \/>\n<meta property=\"og:url\" content=\"https:\/\/tecplan.com.es\/en\/product\/auricular-jabra-biz-2400-ii-qd\/\" \/>\n<meta property=\"og:site_name\" content=\"Tecplan\" \/>\n<meta property=\"article:modified_time\" content=\"2025-09-18T20:07:13+00:00\" \/>\n<meta property=\"og:image\" content=\"https:\/\/tecplan.com.es\/wp-content\/uploads\/2025\/09\/Auricular-Jabra-Biz-2400-01-1.jpg\" \/>\n\t<meta property=\"og:image:width\" content=\"2000\" \/>\n\t<meta property=\"og:image:height\" content=\"2000\" \/>\n\t<meta property=\"og:image:type\" content=\"image\/jpeg\" \/>\n<meta name=\"twitter:card\" content=\"summary_large_image\" \/>\n<meta name=\"twitter:label1\" content=\"Est. reading time\" \/>\n\t<meta name=\"twitter:data1\" content=\"1 minute\" \/>\n<script type=\"application\/ld+json\" class=\"yoast-schema-graph\">{\"@context\":\"https:\/\/schema.org\",\"@graph\":[{\"@type\":\"WebPage\",\"@id\":\"https:\/\/tecplan.com.es\/product\/auricular-jabra-biz-2400-ii-qd\/\",\"url\":\"https:\/\/tecplan.com.es\/product\/auricular-jabra-biz-2400-ii-qd\/\",\"name\":\"Auricular Jabra Biz 2400 II QD - Tecplan\",\"isPartOf\":{\"@id\":\"https:\/\/tecplan.com.es\/#website\"},\"primaryImageOfPage\":{\"@id\":\"https:\/\/tecplan.com.es\/product\/auricular-jabra-biz-2400-ii-qd\/#primaryimage\"},\"image\":{\"@id\":\"https:\/\/tecplan.com.es\/product\/auricular-jabra-biz-2400-ii-qd\/#primaryimage\"},\"thumbnailUrl\":\"https:\/\/tecplan.com.es\/wp-content\/uploads\/2025\/09\/Auricular-Jabra-Biz-2400-01-1.jpg\",\"datePublished\":\"2025-09-05T23:45:38+00:00\",\"dateModified\":\"2025-09-18T20:07:13+00:00\",\"breadcrumb\":{\"@id\":\"https:\/\/tecplan.com.es\/product\/auricular-jabra-biz-2400-ii-qd\/#breadcrumb\"},\"inLanguage\":\"en-US\",\"potentialAction\":[{\"@type\":\"ReadAction\",\"target\":[\"https:\/\/tecplan.com.es\/product\/auricular-jabra-biz-2400-ii-qd\/\"]}]},{\"@type\":\"ImageObject\",\"inLanguage\":\"en-US\",\"@id\":\"https:\/\/tecplan.com.es\/product\/auricular-jabra-biz-2400-ii-qd\/#primaryimage\",\"url\":\"https:\/\/tecplan.com.es\/wp-content\/uploads\/2025\/09\/Auricular-Jabra-Biz-2400-01-1.jpg\",\"contentUrl\":\"https:\/\/tecplan.com.es\/wp-content\/uploads\/2025\/09\/Auricular-Jabra-Biz-2400-01-1.jpg\",\"width\":2000,\"height\":2000},{\"@type\":\"BreadcrumbList\",\"@id\":\"https:\/\/tecplan.com.es\/product\/auricular-jabra-biz-2400-ii-qd\/#breadcrumb\",\"itemListElement\":[{\"@type\":\"ListItem\",\"position\":1,\"name\":\"Home\",\"item\":\"https:\/\/tecplan.com.es\/\"},{\"@type\":\"ListItem\",\"position\":2,\"name\":\"Shop\",\"item\":\"https:\/\/tecplan.com.es\/shop\/\"},{\"@type\":\"ListItem\",\"position\":3,\"name\":\"Auricular Jabra Biz 2400 II QD\"}]},{\"@type\":\"WebSite\",\"@id\":\"https:\/\/tecplan.com.es\/#website\",\"url\":\"https:\/\/tecplan.com.es\/\",\"name\":\"Tecplan\",\"description\":\"\",\"potentialAction\":[{\"@type\":\"SearchAction\",\"target\":{\"@type\":\"EntryPoint\",\"urlTemplate\":\"https:\/\/tecplan.com.es\/?s={search_term_string}\"},\"query-input\":{\"@type\":\"PropertyValueSpecification\",\"valueRequired\":true,\"valueName\":\"search_term_string\"}}],\"inLanguage\":\"en-US\"}]}<\/script>\n<!-- \/ Yoast SEO plugin. -->","yoast_head_json":{"title":"Auricular Jabra Biz 2400 II QD - Tecplan","robots":{"index":"index","follow":"follow","max-snippet":"max-snippet:-1","max-image-preview":"max-image-preview:large","max-video-preview":"max-video-preview:-1"},"canonical":"https:\/\/tecplan.com.es\/en\/product\/auricular-jabra-biz-2400-ii-qd\/","og_locale":"en_US","og_type":"article","og_title":"Auricular Jabra Biz 2400 II QD - Tecplan","og_description":"Jabra Biz 2400 II Mono es un auricular cableado con conexi\u00f3n QD para Contact Centers que incluye un micr\u00f3fono con ultracancelaci\u00f3n de ruidos y protecci\u00f3n frente a golpes ac\u00fasticos. Este modelo tiene un mayor acolchado para mejorar el confort de la diadema, un brazo giratorio de 360 grados, y un cable con refuerzo de Kevlar que permite amoldarse a cualquier entorno de trabajo.     &nbsp;","og_url":"https:\/\/tecplan.com.es\/en\/product\/auricular-jabra-biz-2400-ii-qd\/","og_site_name":"Tecplan","article_modified_time":"2025-09-18T20:07:13+00:00","og_image":[{"width":2000,"height":2000,"url":"https:\/\/tecplan.com.es\/wp-content\/uploads\/2025\/09\/Auricular-Jabra-Biz-2400-01-1.jpg","type":"image\/jpeg"}],"twitter_card":"summary_large_image","twitter_misc":{"Est. reading time":"1 minute"},"schema":{"@context":"https:\/\/schema.org","@graph":[{"@type":"WebPage","@id":"https:\/\/tecplan.com.es\/product\/auricular-jabra-biz-2400-ii-qd\/","url":"https:\/\/tecplan.com.es\/product\/auricular-jabra-biz-2400-ii-qd\/","name":"Auricular Jabra Biz 2400 II QD - Tecplan","isPartOf":{"@id":"https:\/\/tecplan.com.es\/#website"},"primaryImageOfPage":{"@id":"https:\/\/tecplan.com.es\/product\/auricular-jabra-biz-2400-ii-qd\/#primaryimage"},"image":{"@id":"https:\/\/tecplan.com.es\/product\/auricular-jabra-biz-2400-ii-qd\/#primaryimage"},"thumbnailUrl":"https:\/\/tecplan.com.es\/wp-content\/uploads\/2025\/09\/Auricular-Jabra-Biz-2400-01-1.jpg","datePublished":"2025-09-05T23:45:38+00:00","dateModified":"2025-09-18T20:07:13+00:00","breadcrumb":{"@id":"https:\/\/tecplan.com.es\/product\/auricular-jabra-biz-2400-ii-qd\/#breadcrumb"},"inLanguage":"en-US","potentialAction":[{"@type":"ReadAction","target":["https:\/\/tecplan.com.es\/product\/auricular-jabra-biz-2400-ii-qd\/"]}]},{"@type":"ImageObject","inLanguage":"en-US","@id":"https:\/\/tecplan.com.es\/product\/auricular-jabra-biz-2400-ii-qd\/#primaryimage","url":"https:\/\/tecplan.com.es\/wp-content\/uploads\/2025\/09\/Auricular-Jabra-Biz-2400-01-1.jpg","contentUrl":"https:\/\/tecplan.com.es\/wp-content\/uploads\/2025\/09\/Auricular-Jabra-Biz-2400-01-1.jpg","width":2000,"height":2000},{"@type":"BreadcrumbList","@id":"https:\/\/tecplan.com.es\/product\/auricular-jabra-biz-2400-ii-qd\/#breadcrumb","itemListElement":[{"@type":"ListItem","position":1,"name":"Home","item":"https:\/\/tecplan.com.es\/"},{"@type":"ListItem","position":2,"name":"Shop","item":"https:\/\/tecplan.com.es\/shop\/"},{"@type":"ListItem","position":3,"name":"Auricular Jabra Biz 2400 II QD"}]},{"@type":"WebSite","@id":"https:\/\/tecplan.com.es\/#website","url":"https:\/\/tecplan.com.es\/","name":"Tecplan","description":"","potentialAction":[{"@type":"SearchAction","target":{"@type":"EntryPoint","urlTemplate":"https:\/\/tecplan.com.es\/?s={search_term_string}"},"query-input":{"@type":"PropertyValueSpecification","valueRequired":true,"valueName":"search_term_string"}}],"inLanguage":"en-US"}]}},"_links":{"self":[{"href":"https:\/\/tecplan.com.es\/en\/wp-json\/wp\/v2\/product\/2827","targetHints":{"allow":["GET"]}}],"collection":[{"href":"https:\/\/tecplan.com.es\/en\/wp-json\/wp\/v2\/product"}],"about":[{"href":"https:\/\/tecplan.com.es\/en\/wp-json\/wp\/v2\/types\/product"}],"replies":[{"embeddable":true,"href":"https:\/\/tecplan.com.es\/en\/wp-json\/wp\/v2\/comments?post=2827"}],"version-history":[{"count":3,"href":"https:\/\/tecplan.com.es\/en\/wp-json\/wp\/v2\/product\/2827\/revisions"}],"predecessor-version":[{"id":3252,"href":"https:\/\/tecplan.com.es\/en\/wp-json\/wp\/v2\/product\/2827\/revisions\/3252"}],"wp:featuredmedia":[{"embeddable":true,"href":"https:\/\/tecplan.com.es\/en\/wp-json\/wp\/v2\/media\/2829"}],"wp:attachment":[{"href":"https:\/\/tecplan.com.es\/en\/wp-json\/wp\/v2\/media?parent=2827"}],"wp:term":[{"taxonomy":"product_brand","embeddable":true,"href":"https:\/\/tecplan.com.es\/en\/wp-json\/wp\/v2\/product_brand?post=2827"},{"taxonomy":"product_cat","embeddable":true,"href":"https:\/\/tecplan.com.es\/en\/wp-json\/wp\/v2\/product_cat?post=2827"},{"taxonomy":"product_tag","embeddable":true,"href":"https:\/\/tecplan.com.es\/en\/wp-json\/wp\/v2\/product_tag?post=2827"}],"curies":[{"name":"wp","href":"https:\/\/api.w.org\/{rel}","templated":true}]}}