{"id":2819,"date":"2025-09-05T23:22:39","date_gmt":"2025-09-05T23:22:39","guid":{"rendered":"https:\/\/tecplan.com.es\/?post_type=product&#038;p=2819"},"modified":"2025-09-05T23:28:12","modified_gmt":"2025-09-05T23:28:12","slug":"auricular-inalambrico-jabra-pro-920","status":"publish","type":"product","link":"https:\/\/tecplan.com.es\/en\/product\/auricular-inalambrico-jabra-pro-920\/","title":{"rendered":"Jabra Pro 920 Wireless Headset"},"content":{"rendered":"<p style=\"text-align: justify;\"><strong>Auricular monoaural inal\u00e1mbrico Jabra PRO 920<\/strong><\/p>\n<p style=\"text-align: justify;\">Auricular monoaural inal\u00e1mbrico Jabra PRO 920 para tel\u00e9fono fijo le ofrece una se\u00f1al digital eliminando el ruido de fondo y el eco, adem\u00e1s de proteger al usuario contra picos repentinos de volumen. Proporcinandole una libertad inal\u00e1mbrica hasta de 300 pies. Respecto al micr\u00f3fono este posee cancelaci\u00f3n de ruido reduce el ruido de fondo no deseado y son ideales en entornos de oficina abiertos, abarrotados y ruidosos.<\/p>\n<p style=\"text-align: justify;\"><strong>Characteristics:<\/strong><\/p>\n<div class=\"caja_producto\" style=\"text-align: justify;\">\n<ul>\n<li>Auricular: versi\u00f3n monoaural<\/li>\n<li>Micr\u00f3fono antirruido<\/li>\n<li>Gran nitidez sonora<\/li>\n<li>Bot\u00f3n exclusivo para responder llamadas<\/li>\n<li>Bot\u00f3n separado para el volumen<\/li>\n<li>Indicador de LED de nivel de bater\u00eda<\/li>\n<li>Ajustable a la cabeza<\/li>\n<li>Amohadillas suaves y c\u00f3modas<\/li>\n<li>Alcance de hasta 120 metros m\u00e1ximo<\/li>\n<li>3 formas de sujetar: diadema, gancho y contorno nuca<\/li>\n<li>Conectividad: DECT<\/li>\n<li>Versi\u00f3n: Versi\u00f3n monoaural. Ref. 920-25-508-101<\/li>\n<\/ul>\n<\/div>\n<p style=\"text-align: justify;\"><strong>Optimizado para:<\/strong><\/p>\n<div class=\"caja_producto\">\n<ul>\n<li style=\"text-align: justify;\">Telefon\u00eda fija<\/li>\n<\/ul>\n<\/div>\n<p><!--more--><\/p>\n<h5 style=\"text-align: justify;\"><span style=\"text-decoration: underline;\"><strong>DOWNLOADS<\/strong><\/span><\/h5>\n<ul style=\"text-align: justify;\">\n<li><a href=\"https:\/\/drive.google.com\/file\/d\/1YPJBRDXLkxkzNKAyHmjQtUYSW5xJkjHh\/view?usp=sharing\">\u2192 Technical specifications<\/a><\/li>\n<\/ul>","protected":false},"excerpt":{"rendered":"<p style=\"text-align: justify;\">Jabra Pro 920 es un auricular inal\u00e1mbrico monoaural dise\u00f1ado para ofrecer el m\u00e1ximo rendimiento y confort a los usuarios. Con el modelo Pro920 podr\u00e1 disfrutar del aumento en la productividad que brindan los dispositivos inal\u00e1mbricos. Sencillez, alta calidad y manejo intuitivo en una \u00fanica soluci\u00f3n inal\u00e1mbrica.<\/p>\n<p><!--more--><\/p>\n<p><img decoding=\"async\" class=\"wp-image-2820 aligncenter\" src=\"https:\/\/tecplan.com.es\/wp-content\/uploads\/2025\/09\/Jabra_Logo-300x102.png\" alt=\"\" width=\"151\" height=\"51\" srcset=\"https:\/\/tecplan.com.es\/wp-content\/uploads\/2025\/09\/Jabra_Logo-300x102.png 300w, https:\/\/tecplan.com.es\/wp-content\/uploads\/2025\/09\/Jabra_Logo-1024x349.png 1024w, https:\/\/tecplan.com.es\/wp-content\/uploads\/2025\/09\/Jabra_Logo-768x261.png 768w, https:\/\/tecplan.com.es\/wp-content\/uploads\/2025\/09\/Jabra_Logo-1536x523.png 1536w, https:\/\/tecplan.com.es\/wp-content\/uploads\/2025\/09\/Jabra_Logo-2048x697.png 2048w, https:\/\/tecplan.com.es\/wp-content\/uploads\/2025\/09\/Jabra_Logo-18x6.png 18w, https:\/\/tecplan.com.es\/wp-content\/uploads\/2025\/09\/Jabra_Logo-600x204.png 600w\" sizes=\"(max-width: 151px) 100vw, 151px\" \/><\/p>","protected":false},"featured_media":2822,"comment_status":"open","ping_status":"closed","template":"","meta":{"site-sidebar-layout":"default","site-content-layout":"","ast-site-content-layout":"default","site-content-style":"default","site-sidebar-style":"default","ast-global-header-display":"","ast-banner-title-visibility":"","ast-main-header-display":"","ast-hfb-above-header-display":"","ast-hfb-below-header-display":"","ast-hfb-mobile-header-display":"","site-post-title":"","ast-breadcrumbs-content":"","ast-featured-img":"","footer-sml-layout":"","ast-disable-related-posts":"","theme-transparent-header-meta":"default","adv-header-id-meta":"","stick-header-meta":"","header-above-stick-meta":"","header-main-stick-meta":"","header-below-stick-meta":"","astra-migrate-meta-layouts":"set","ast-page-background-enabled":"default","ast-page-background-meta":{"desktop":{"background-color":"var(--ast-global-color-5)","background-image":"","background-repeat":"repeat","background-position":"center center","background-size":"auto","background-attachment":"scroll","background-type":"","background-media":"","overlay-type":"","overlay-color":"","overlay-opacity":"","overlay-gradient":""},"tablet":{"background-color":"","background-image":"","background-repeat":"repeat","background-position":"center center","background-size":"auto","background-attachment":"scroll","background-type":"","background-media":"","overlay-type":"","overlay-color":"","overlay-opacity":"","overlay-gradient":""},"mobile":{"background-color":"","background-image":"","background-repeat":"repeat","background-position":"center center","background-size":"auto","background-attachment":"scroll","background-type":"","background-media":"","overlay-type":"","overlay-color":"","overlay-opacity":"","overlay-gradient":""}},"ast-content-background-meta":{"desktop":{"background-color":"var(--ast-global-color-4)","background-image":"","background-repeat":"repeat","background-position":"center center","background-size":"auto","background-attachment":"scroll","background-type":"","background-media":"","overlay-type":"","overlay-color":"","overlay-opacity":"","overlay-gradient":""},"tablet":{"background-color":"var(--ast-global-color-4)","background-image":"","background-repeat":"repeat","background-position":"center center","background-size":"auto","background-attachment":"scroll","background-type":"","background-media":"","overlay-type":"","overlay-color":"","overlay-opacity":"","overlay-gradient":""},"mobile":{"background-color":"var(--ast-global-color-4)","background-image":"","background-repeat":"repeat","background-position":"center center","background-size":"auto","background-attachment":"scroll","background-type":"","background-media":"","overlay-type":"","overlay-color":"","overlay-opacity":"","overlay-gradient":""}}},"product_brand":[263],"product_cat":[148,146,142],"product_tag":[222],"class_list":{"0":"post-2819","1":"product","2":"type-product","3":"status-publish","4":"has-post-thumbnail","6":"product_brand-jabra","7":"product_cat-headset-jabra","8":"product_cat-jabra","9":"product_cat-telefonia","10":"product_tag-jabra","11":"desktop-align-left","12":"tablet-align-left","13":"mobile-align-left","15":"first","16":"instock","17":"shipping-taxable","18":"product-type-simple"},"yoast_head":"<!-- This site is optimized with the Yoast SEO plugin v25.3 - https:\/\/yoast.com\/wordpress\/plugins\/seo\/ -->\n<title>Auricular Inal\u00e1mbrico Jabra Pro 920 - Tecplan<\/title>\n<meta name=\"robots\" content=\"index, follow, max-snippet:-1, max-image-preview:large, max-video-preview:-1\" \/>\n<link rel=\"canonical\" href=\"https:\/\/tecplan.com.es\/en\/product\/auricular-inalambrico-jabra-pro-920\/\" \/>\n<meta property=\"og:locale\" content=\"en_US\" \/>\n<meta property=\"og:type\" content=\"article\" \/>\n<meta property=\"og:title\" content=\"Auricular Inal\u00e1mbrico Jabra Pro 920 - Tecplan\" \/>\n<meta property=\"og:description\" content=\"Jabra Pro 920 es un auricular inal\u00e1mbrico monoaural dise\u00f1ado para ofrecer el m\u00e1ximo rendimiento y confort a los usuarios. Con el modelo Pro920 podr\u00e1 disfrutar del aumento en la productividad que brindan los dispositivos inal\u00e1mbricos. Sencillez, alta calidad y manejo intuitivo en una \u00fanica soluci\u00f3n inal\u00e1mbrica.\" \/>\n<meta property=\"og:url\" content=\"https:\/\/tecplan.com.es\/en\/product\/auricular-inalambrico-jabra-pro-920\/\" \/>\n<meta property=\"og:site_name\" content=\"Tecplan\" \/>\n<meta property=\"article:modified_time\" content=\"2025-09-05T23:28:12+00:00\" \/>\n<meta property=\"og:image\" content=\"https:\/\/tecplan.com.es\/wp-content\/uploads\/2025\/09\/Auricular-920-03-600x600-1.jpg\" \/>\n\t<meta property=\"og:image:width\" content=\"600\" \/>\n\t<meta property=\"og:image:height\" content=\"600\" \/>\n\t<meta property=\"og:image:type\" content=\"image\/jpeg\" \/>\n<meta name=\"twitter:card\" content=\"summary_large_image\" \/>\n<meta name=\"twitter:label1\" content=\"Est. reading time\" \/>\n\t<meta name=\"twitter:data1\" content=\"1 minute\" \/>\n<script type=\"application\/ld+json\" class=\"yoast-schema-graph\">{\"@context\":\"https:\/\/schema.org\",\"@graph\":[{\"@type\":\"WebPage\",\"@id\":\"https:\/\/tecplan.com.es\/product\/auricular-inalambrico-jabra-pro-920\/\",\"url\":\"https:\/\/tecplan.com.es\/product\/auricular-inalambrico-jabra-pro-920\/\",\"name\":\"Auricular Inal\u00e1mbrico Jabra Pro 920 - Tecplan\",\"isPartOf\":{\"@id\":\"https:\/\/tecplan.com.es\/#website\"},\"primaryImageOfPage\":{\"@id\":\"https:\/\/tecplan.com.es\/product\/auricular-inalambrico-jabra-pro-920\/#primaryimage\"},\"image\":{\"@id\":\"https:\/\/tecplan.com.es\/product\/auricular-inalambrico-jabra-pro-920\/#primaryimage\"},\"thumbnailUrl\":\"https:\/\/tecplan.com.es\/wp-content\/uploads\/2025\/09\/Auricular-920-03-600x600-1.jpg\",\"datePublished\":\"2025-09-05T23:22:39+00:00\",\"dateModified\":\"2025-09-05T23:28:12+00:00\",\"breadcrumb\":{\"@id\":\"https:\/\/tecplan.com.es\/product\/auricular-inalambrico-jabra-pro-920\/#breadcrumb\"},\"inLanguage\":\"en-US\",\"potentialAction\":[{\"@type\":\"ReadAction\",\"target\":[\"https:\/\/tecplan.com.es\/product\/auricular-inalambrico-jabra-pro-920\/\"]}]},{\"@type\":\"ImageObject\",\"inLanguage\":\"en-US\",\"@id\":\"https:\/\/tecplan.com.es\/product\/auricular-inalambrico-jabra-pro-920\/#primaryimage\",\"url\":\"https:\/\/tecplan.com.es\/wp-content\/uploads\/2025\/09\/Auricular-920-03-600x600-1.jpg\",\"contentUrl\":\"https:\/\/tecplan.com.es\/wp-content\/uploads\/2025\/09\/Auricular-920-03-600x600-1.jpg\",\"width\":600,\"height\":600},{\"@type\":\"BreadcrumbList\",\"@id\":\"https:\/\/tecplan.com.es\/product\/auricular-inalambrico-jabra-pro-920\/#breadcrumb\",\"itemListElement\":[{\"@type\":\"ListItem\",\"position\":1,\"name\":\"Home\",\"item\":\"https:\/\/tecplan.com.es\/\"},{\"@type\":\"ListItem\",\"position\":2,\"name\":\"Shop\",\"item\":\"https:\/\/tecplan.com.es\/shop\/\"},{\"@type\":\"ListItem\",\"position\":3,\"name\":\"Auricular Inal\u00e1mbrico Jabra Pro 920\"}]},{\"@type\":\"WebSite\",\"@id\":\"https:\/\/tecplan.com.es\/#website\",\"url\":\"https:\/\/tecplan.com.es\/\",\"name\":\"Tecplan\",\"description\":\"\",\"potentialAction\":[{\"@type\":\"SearchAction\",\"target\":{\"@type\":\"EntryPoint\",\"urlTemplate\":\"https:\/\/tecplan.com.es\/?s={search_term_string}\"},\"query-input\":{\"@type\":\"PropertyValueSpecification\",\"valueRequired\":true,\"valueName\":\"search_term_string\"}}],\"inLanguage\":\"en-US\"}]}<\/script>\n<!-- \/ Yoast SEO plugin. -->","yoast_head_json":{"title":"Auricular Inal\u00e1mbrico Jabra Pro 920 - Tecplan","robots":{"index":"index","follow":"follow","max-snippet":"max-snippet:-1","max-image-preview":"max-image-preview:large","max-video-preview":"max-video-preview:-1"},"canonical":"https:\/\/tecplan.com.es\/en\/product\/auricular-inalambrico-jabra-pro-920\/","og_locale":"en_US","og_type":"article","og_title":"Auricular Inal\u00e1mbrico Jabra Pro 920 - Tecplan","og_description":"Jabra Pro 920 es un auricular inal\u00e1mbrico monoaural dise\u00f1ado para ofrecer el m\u00e1ximo rendimiento y confort a los usuarios. Con el modelo Pro920 podr\u00e1 disfrutar del aumento en la productividad que brindan los dispositivos inal\u00e1mbricos. Sencillez, alta calidad y manejo intuitivo en una \u00fanica soluci\u00f3n inal\u00e1mbrica.","og_url":"https:\/\/tecplan.com.es\/en\/product\/auricular-inalambrico-jabra-pro-920\/","og_site_name":"Tecplan","article_modified_time":"2025-09-05T23:28:12+00:00","og_image":[{"width":600,"height":600,"url":"https:\/\/tecplan.com.es\/wp-content\/uploads\/2025\/09\/Auricular-920-03-600x600-1.jpg","type":"image\/jpeg"}],"twitter_card":"summary_large_image","twitter_misc":{"Est. reading time":"1 minute"},"schema":{"@context":"https:\/\/schema.org","@graph":[{"@type":"WebPage","@id":"https:\/\/tecplan.com.es\/product\/auricular-inalambrico-jabra-pro-920\/","url":"https:\/\/tecplan.com.es\/product\/auricular-inalambrico-jabra-pro-920\/","name":"Auricular Inal\u00e1mbrico Jabra Pro 920 - Tecplan","isPartOf":{"@id":"https:\/\/tecplan.com.es\/#website"},"primaryImageOfPage":{"@id":"https:\/\/tecplan.com.es\/product\/auricular-inalambrico-jabra-pro-920\/#primaryimage"},"image":{"@id":"https:\/\/tecplan.com.es\/product\/auricular-inalambrico-jabra-pro-920\/#primaryimage"},"thumbnailUrl":"https:\/\/tecplan.com.es\/wp-content\/uploads\/2025\/09\/Auricular-920-03-600x600-1.jpg","datePublished":"2025-09-05T23:22:39+00:00","dateModified":"2025-09-05T23:28:12+00:00","breadcrumb":{"@id":"https:\/\/tecplan.com.es\/product\/auricular-inalambrico-jabra-pro-920\/#breadcrumb"},"inLanguage":"en-US","potentialAction":[{"@type":"ReadAction","target":["https:\/\/tecplan.com.es\/product\/auricular-inalambrico-jabra-pro-920\/"]}]},{"@type":"ImageObject","inLanguage":"en-US","@id":"https:\/\/tecplan.com.es\/product\/auricular-inalambrico-jabra-pro-920\/#primaryimage","url":"https:\/\/tecplan.com.es\/wp-content\/uploads\/2025\/09\/Auricular-920-03-600x600-1.jpg","contentUrl":"https:\/\/tecplan.com.es\/wp-content\/uploads\/2025\/09\/Auricular-920-03-600x600-1.jpg","width":600,"height":600},{"@type":"BreadcrumbList","@id":"https:\/\/tecplan.com.es\/product\/auricular-inalambrico-jabra-pro-920\/#breadcrumb","itemListElement":[{"@type":"ListItem","position":1,"name":"Home","item":"https:\/\/tecplan.com.es\/"},{"@type":"ListItem","position":2,"name":"Shop","item":"https:\/\/tecplan.com.es\/shop\/"},{"@type":"ListItem","position":3,"name":"Auricular Inal\u00e1mbrico Jabra Pro 920"}]},{"@type":"WebSite","@id":"https:\/\/tecplan.com.es\/#website","url":"https:\/\/tecplan.com.es\/","name":"Tecplan","description":"","potentialAction":[{"@type":"SearchAction","target":{"@type":"EntryPoint","urlTemplate":"https:\/\/tecplan.com.es\/?s={search_term_string}"},"query-input":{"@type":"PropertyValueSpecification","valueRequired":true,"valueName":"search_term_string"}}],"inLanguage":"en-US"}]}},"_links":{"self":[{"href":"https:\/\/tecplan.com.es\/en\/wp-json\/wp\/v2\/product\/2819","targetHints":{"allow":["GET"]}}],"collection":[{"href":"https:\/\/tecplan.com.es\/en\/wp-json\/wp\/v2\/product"}],"about":[{"href":"https:\/\/tecplan.com.es\/en\/wp-json\/wp\/v2\/types\/product"}],"replies":[{"embeddable":true,"href":"https:\/\/tecplan.com.es\/en\/wp-json\/wp\/v2\/comments?post=2819"}],"version-history":[{"count":3,"href":"https:\/\/tecplan.com.es\/en\/wp-json\/wp\/v2\/product\/2819\/revisions"}],"predecessor-version":[{"id":2825,"href":"https:\/\/tecplan.com.es\/en\/wp-json\/wp\/v2\/product\/2819\/revisions\/2825"}],"wp:featuredmedia":[{"embeddable":true,"href":"https:\/\/tecplan.com.es\/en\/wp-json\/wp\/v2\/media\/2822"}],"wp:attachment":[{"href":"https:\/\/tecplan.com.es\/en\/wp-json\/wp\/v2\/media?parent=2819"}],"wp:term":[{"taxonomy":"product_brand","embeddable":true,"href":"https:\/\/tecplan.com.es\/en\/wp-json\/wp\/v2\/product_brand?post=2819"},{"taxonomy":"product_cat","embeddable":true,"href":"https:\/\/tecplan.com.es\/en\/wp-json\/wp\/v2\/product_cat?post=2819"},{"taxonomy":"product_tag","embeddable":true,"href":"https:\/\/tecplan.com.es\/en\/wp-json\/wp\/v2\/product_tag?post=2819"}],"curies":[{"name":"wp","href":"https:\/\/api.w.org\/{rel}","templated":true}]}}