{"id":2811,"date":"2025-09-05T22:41:00","date_gmt":"2025-09-05T22:41:00","guid":{"rendered":"https:\/\/tecplan.com.es\/?post_type=product&#038;p=2811"},"modified":"2025-09-05T23:10:56","modified_gmt":"2025-09-05T23:10:56","slug":"telefono-satelital-iridium-9555","status":"publish","type":"product","link":"https:\/\/tecplan.com.es\/en\/product\/telefono-satelital-iridium-9555\/","title":{"rendered":"Iridium 9555 Satellite Phone"},"content":{"rendered":"<p style=\"text-align: justify;\">Capacidad de voz, SMS y datos de baja velocidad. Servicio disponible en Prepago y Pospago. Viene con kit completo de accesorio incluyendo antena externa para uso en veh\u00edculos. Opci\u00f3n de docks para instalaciones fijas, mar\u00edtimas y vehiculares.<\/p>\n<p style=\"text-align: justify;\">El Iridium 9555 es el tel\u00e9fono satelital Iridium de menor tama\u00f1o, de f\u00e1cil uso y con cobertura en todo el globo terrestre, incluyendo los polos.\u00a0El Iridium 9555 no s\u00f3lo es el tel\u00e9fono m\u00e1s peque\u00f1o que Iridium ha hecho nunca, es tambi\u00e9n el m\u00e1s potente.<\/p>\n<p style=\"text-align: justify;\">El Iridium 9555 ofrece una gran potencia en un tel\u00e9fono compacto. Con un dise\u00f1o de calidad industrial, un formato compacto y pr\u00e1ctico, y caracter\u00edsticas aerodin\u00e1micas como una antena interna, este elegante y resistente tel\u00e9fono satelital est\u00e1 dise\u00f1ado para llevarlo f\u00e1cilmente a todas partes.<\/p>\n<ul>\n<li style=\"text-align: justify;\">Bater\u00eda de larga duraci\u00f3n<\/li>\n<li style=\"text-align: justify;\">Hasta (4) horas de conversaci\u00f3n, (30) horas en espera<\/li>\n<li style=\"text-align: justify;\">Pantalla iluminada de 200 caracteres<\/li>\n<li style=\"text-align: justify;\">Altavoz integrado<\/li>\n<li style=\"text-align: justify;\">Antena interna<\/li>\n<li style=\"text-align: justify;\">Puerto de datos mini-USB mejorado<\/li>\n<li style=\"text-align: justify;\">Compatibilidad con anclaje a red m\u00f3vil<\/li>\n<li style=\"text-align: justify;\">Libreta de direcciones interna y basada en SIM<\/li>\n<li style=\"text-align: justify;\">Tonos de llamada y alerta seleccionables<\/li>\n<li style=\"text-align: justify;\">Opciones de bloqueo de teclado y PIN<\/li>\n<\/ul>\n<p><!--more--><\/p>\n<h5 style=\"text-align: justify;\"><span style=\"text-decoration: underline;\"><strong>DOWNLOADS<\/strong><\/span><\/h5>\n<ul style=\"text-align: justify;\">\n<li><a href=\"https:\/\/drive.google.com\/file\/d\/1E0VZILcqlzhC4mNbmUwf1GsD2JjN7Oad\/view?usp=sharing\">\u2192 Technical specifications<\/a><\/li>\n<\/ul>","protected":false},"excerpt":{"rendered":"<p style=\"text-align: justify;\"><b>Caracter\u00edsticas<\/b><\/p>\n<ul>\n<li style=\"text-align: justify;\">Servicios de voz y datos, mensajes de texto<\/li>\n<li style=\"text-align: justify;\">A prueba de agua, golpes y polvo<\/li>\n<li style=\"text-align: justify;\">Antena retraible<\/li>\n<li style=\"text-align: justify;\">Tama\u00f1o: 143 x 55 x 30 mm (5.6 x 2.2 x 1.2 in)<\/li>\n<li style=\"text-align: justify;\">Peso: 266 g (9.4 oz)<\/li>\n<li style=\"text-align: justify;\">Data-ready: \u00a1No necesita paquete de datos!<\/li>\n<li style=\"text-align: justify;\">Listo para Aud\u00edfonos\/Manos libres<\/li>\n<li style=\"text-align: justify;\">Bater\u00eda: hasta 30 horas de tiempo de espera, 4 horas de tiempo de conversaci\u00f3n<\/li>\n<li style=\"text-align: justify;\">Uso para veh\u00edculo, marino e interiores<br \/>\n(via base opcional para Veh\u00edculo y Oficina)<\/li>\n<\/ul>\n<p><!--more--><\/p>\n<p><img decoding=\"async\" class=\"wp-image-978 aligncenter\" role=\"img\" src=\"https:\/\/tecplan.com.es\/wp-content\/uploads\/2025\/05\/ParthersA_CS_pag.svg\" alt=\"\" width=\"216\" height=\"121\" \/><\/p>","protected":false},"featured_media":2814,"comment_status":"open","ping_status":"closed","template":"","meta":{"site-sidebar-layout":"default","site-content-layout":"","ast-site-content-layout":"default","site-content-style":"default","site-sidebar-style":"default","ast-global-header-display":"","ast-banner-title-visibility":"","ast-main-header-display":"","ast-hfb-above-header-display":"","ast-hfb-below-header-display":"","ast-hfb-mobile-header-display":"","site-post-title":"","ast-breadcrumbs-content":"","ast-featured-img":"","footer-sml-layout":"","ast-disable-related-posts":"","theme-transparent-header-meta":"default","adv-header-id-meta":"","stick-header-meta":"","header-above-stick-meta":"","header-main-stick-meta":"","header-below-stick-meta":"","astra-migrate-meta-layouts":"set","ast-page-background-enabled":"default","ast-page-background-meta":{"desktop":{"background-color":"var(--ast-global-color-5)","background-image":"","background-repeat":"repeat","background-position":"center center","background-size":"auto","background-attachment":"scroll","background-type":"","background-media":"","overlay-type":"","overlay-color":"","overlay-opacity":"","overlay-gradient":""},"tablet":{"background-color":"","background-image":"","background-repeat":"repeat","background-position":"center center","background-size":"auto","background-attachment":"scroll","background-type":"","background-media":"","overlay-type":"","overlay-color":"","overlay-opacity":"","overlay-gradient":""},"mobile":{"background-color":"","background-image":"","background-repeat":"repeat","background-position":"center center","background-size":"auto","background-attachment":"scroll","background-type":"","background-media":"","overlay-type":"","overlay-color":"","overlay-opacity":"","overlay-gradient":""}},"ast-content-background-meta":{"desktop":{"background-color":"var(--ast-global-color-4)","background-image":"","background-repeat":"repeat","background-position":"center center","background-size":"auto","background-attachment":"scroll","background-type":"","background-media":"","overlay-type":"","overlay-color":"","overlay-opacity":"","overlay-gradient":""},"tablet":{"background-color":"var(--ast-global-color-4)","background-image":"","background-repeat":"repeat","background-position":"center center","background-size":"auto","background-attachment":"scroll","background-type":"","background-media":"","overlay-type":"","overlay-color":"","overlay-opacity":"","overlay-gradient":""},"mobile":{"background-color":"var(--ast-global-color-4)","background-image":"","background-repeat":"repeat","background-position":"center center","background-size":"auto","background-attachment":"scroll","background-type":"","background-media":"","overlay-type":"","overlay-color":"","overlay-opacity":"","overlay-gradient":""}}},"product_brand":[42],"product_cat":[36,37,38],"product_tag":[199],"class_list":{"0":"post-2811","1":"product","2":"type-product","3":"status-publish","4":"has-post-thumbnail","6":"product_brand-iridium","7":"product_cat-comunicacion-satelital","8":"product_cat-iridium","9":"product_cat-telefonos-satelitales","10":"product_tag-iridium","11":"desktop-align-left","12":"tablet-align-left","13":"mobile-align-left","15":"first","16":"instock","17":"shipping-taxable","18":"product-type-simple"},"yoast_head":"<!-- This site is optimized with the Yoast SEO plugin v25.3 - https:\/\/yoast.com\/wordpress\/plugins\/seo\/ -->\n<title>Tel\u00e9fono Satelital Iridium 9555 - Tecplan<\/title>\n<meta name=\"robots\" content=\"index, follow, max-snippet:-1, max-image-preview:large, max-video-preview:-1\" \/>\n<link rel=\"canonical\" href=\"https:\/\/tecplan.com.es\/en\/product\/telefono-satelital-iridium-9555\/\" \/>\n<meta property=\"og:locale\" content=\"en_US\" \/>\n<meta property=\"og:type\" content=\"article\" \/>\n<meta property=\"og:title\" content=\"Tel\u00e9fono Satelital Iridium 9555 - Tecplan\" \/>\n<meta property=\"og:description\" content=\"Caracter\u00edsticas    Servicios de voz y datos, mensajes de texto  A prueba de agua, golpes y polvo  Antena retraible  Tama\u00f1o: 143 x 55 x 30 mm (5.6 x 2.2 x 1.2 in)  Peso: 266 g (9.4 oz)  Data-ready: \u00a1No necesita paquete de datos!  Listo para Aud\u00edfonos\/Manos libres  Bater\u00eda: hasta 30 horas de tiempo de espera, 4 horas de tiempo de conversaci\u00f3n  Uso para veh\u00edculo, marino e interiores (via base opcional para Veh\u00edculo y Oficina)\" \/>\n<meta property=\"og:url\" content=\"https:\/\/tecplan.com.es\/en\/product\/telefono-satelital-iridium-9555\/\" \/>\n<meta property=\"og:site_name\" content=\"Tecplan\" \/>\n<meta property=\"article:modified_time\" content=\"2025-09-05T23:10:56+00:00\" \/>\n<meta property=\"og:image\" content=\"https:\/\/tecplan.com.es\/wp-content\/uploads\/2025\/09\/IMG_PRD_Iridium9555.jpg.webp\" \/>\n\t<meta property=\"og:image:width\" content=\"800\" \/>\n\t<meta property=\"og:image:height\" content=\"800\" \/>\n\t<meta property=\"og:image:type\" content=\"image\/webp\" \/>\n<meta name=\"twitter:card\" content=\"summary_large_image\" \/>\n<meta name=\"twitter:label1\" content=\"Est. reading time\" \/>\n\t<meta name=\"twitter:data1\" content=\"2 minutes\" \/>\n<script type=\"application\/ld+json\" class=\"yoast-schema-graph\">{\"@context\":\"https:\/\/schema.org\",\"@graph\":[{\"@type\":\"WebPage\",\"@id\":\"https:\/\/tecplan.com.es\/product\/telefono-satelital-iridium-9555\/\",\"url\":\"https:\/\/tecplan.com.es\/product\/telefono-satelital-iridium-9555\/\",\"name\":\"Tel\u00e9fono Satelital Iridium 9555 - Tecplan\",\"isPartOf\":{\"@id\":\"https:\/\/tecplan.com.es\/#website\"},\"primaryImageOfPage\":{\"@id\":\"https:\/\/tecplan.com.es\/product\/telefono-satelital-iridium-9555\/#primaryimage\"},\"image\":{\"@id\":\"https:\/\/tecplan.com.es\/product\/telefono-satelital-iridium-9555\/#primaryimage\"},\"thumbnailUrl\":\"https:\/\/tecplan.com.es\/wp-content\/uploads\/2025\/09\/IMG_PRD_Iridium9555.jpg.webp\",\"datePublished\":\"2025-09-05T22:41:00+00:00\",\"dateModified\":\"2025-09-05T23:10:56+00:00\",\"breadcrumb\":{\"@id\":\"https:\/\/tecplan.com.es\/product\/telefono-satelital-iridium-9555\/#breadcrumb\"},\"inLanguage\":\"en-US\",\"potentialAction\":[{\"@type\":\"ReadAction\",\"target\":[\"https:\/\/tecplan.com.es\/product\/telefono-satelital-iridium-9555\/\"]}]},{\"@type\":\"ImageObject\",\"inLanguage\":\"en-US\",\"@id\":\"https:\/\/tecplan.com.es\/product\/telefono-satelital-iridium-9555\/#primaryimage\",\"url\":\"https:\/\/tecplan.com.es\/wp-content\/uploads\/2025\/09\/IMG_PRD_Iridium9555.jpg.webp\",\"contentUrl\":\"https:\/\/tecplan.com.es\/wp-content\/uploads\/2025\/09\/IMG_PRD_Iridium9555.jpg.webp\",\"width\":800,\"height\":800},{\"@type\":\"BreadcrumbList\",\"@id\":\"https:\/\/tecplan.com.es\/product\/telefono-satelital-iridium-9555\/#breadcrumb\",\"itemListElement\":[{\"@type\":\"ListItem\",\"position\":1,\"name\":\"Home\",\"item\":\"https:\/\/tecplan.com.es\/\"},{\"@type\":\"ListItem\",\"position\":2,\"name\":\"Shop\",\"item\":\"https:\/\/tecplan.com.es\/shop\/\"},{\"@type\":\"ListItem\",\"position\":3,\"name\":\"Tel\u00e9fono Satelital Iridium 9555\"}]},{\"@type\":\"WebSite\",\"@id\":\"https:\/\/tecplan.com.es\/#website\",\"url\":\"https:\/\/tecplan.com.es\/\",\"name\":\"Tecplan\",\"description\":\"\",\"potentialAction\":[{\"@type\":\"SearchAction\",\"target\":{\"@type\":\"EntryPoint\",\"urlTemplate\":\"https:\/\/tecplan.com.es\/?s={search_term_string}\"},\"query-input\":{\"@type\":\"PropertyValueSpecification\",\"valueRequired\":true,\"valueName\":\"search_term_string\"}}],\"inLanguage\":\"en-US\"}]}<\/script>\n<!-- \/ Yoast SEO plugin. -->","yoast_head_json":{"title":"Tel\u00e9fono Satelital Iridium 9555 - Tecplan","robots":{"index":"index","follow":"follow","max-snippet":"max-snippet:-1","max-image-preview":"max-image-preview:large","max-video-preview":"max-video-preview:-1"},"canonical":"https:\/\/tecplan.com.es\/en\/product\/telefono-satelital-iridium-9555\/","og_locale":"en_US","og_type":"article","og_title":"Tel\u00e9fono Satelital Iridium 9555 - Tecplan","og_description":"Caracter\u00edsticas    Servicios de voz y datos, mensajes de texto  A prueba de agua, golpes y polvo  Antena retraible  Tama\u00f1o: 143 x 55 x 30 mm (5.6 x 2.2 x 1.2 in)  Peso: 266 g (9.4 oz)  Data-ready: \u00a1No necesita paquete de datos!  Listo para Aud\u00edfonos\/Manos libres  Bater\u00eda: hasta 30 horas de tiempo de espera, 4 horas de tiempo de conversaci\u00f3n  Uso para veh\u00edculo, marino e interiores (via base opcional para Veh\u00edculo y Oficina)","og_url":"https:\/\/tecplan.com.es\/en\/product\/telefono-satelital-iridium-9555\/","og_site_name":"Tecplan","article_modified_time":"2025-09-05T23:10:56+00:00","og_image":[{"width":800,"height":800,"url":"https:\/\/tecplan.com.es\/wp-content\/uploads\/2025\/09\/IMG_PRD_Iridium9555.jpg.webp","type":"image\/webp"}],"twitter_card":"summary_large_image","twitter_misc":{"Est. reading time":"2 minutes"},"schema":{"@context":"https:\/\/schema.org","@graph":[{"@type":"WebPage","@id":"https:\/\/tecplan.com.es\/product\/telefono-satelital-iridium-9555\/","url":"https:\/\/tecplan.com.es\/product\/telefono-satelital-iridium-9555\/","name":"Tel\u00e9fono Satelital Iridium 9555 - Tecplan","isPartOf":{"@id":"https:\/\/tecplan.com.es\/#website"},"primaryImageOfPage":{"@id":"https:\/\/tecplan.com.es\/product\/telefono-satelital-iridium-9555\/#primaryimage"},"image":{"@id":"https:\/\/tecplan.com.es\/product\/telefono-satelital-iridium-9555\/#primaryimage"},"thumbnailUrl":"https:\/\/tecplan.com.es\/wp-content\/uploads\/2025\/09\/IMG_PRD_Iridium9555.jpg.webp","datePublished":"2025-09-05T22:41:00+00:00","dateModified":"2025-09-05T23:10:56+00:00","breadcrumb":{"@id":"https:\/\/tecplan.com.es\/product\/telefono-satelital-iridium-9555\/#breadcrumb"},"inLanguage":"en-US","potentialAction":[{"@type":"ReadAction","target":["https:\/\/tecplan.com.es\/product\/telefono-satelital-iridium-9555\/"]}]},{"@type":"ImageObject","inLanguage":"en-US","@id":"https:\/\/tecplan.com.es\/product\/telefono-satelital-iridium-9555\/#primaryimage","url":"https:\/\/tecplan.com.es\/wp-content\/uploads\/2025\/09\/IMG_PRD_Iridium9555.jpg.webp","contentUrl":"https:\/\/tecplan.com.es\/wp-content\/uploads\/2025\/09\/IMG_PRD_Iridium9555.jpg.webp","width":800,"height":800},{"@type":"BreadcrumbList","@id":"https:\/\/tecplan.com.es\/product\/telefono-satelital-iridium-9555\/#breadcrumb","itemListElement":[{"@type":"ListItem","position":1,"name":"Home","item":"https:\/\/tecplan.com.es\/"},{"@type":"ListItem","position":2,"name":"Shop","item":"https:\/\/tecplan.com.es\/shop\/"},{"@type":"ListItem","position":3,"name":"Tel\u00e9fono Satelital Iridium 9555"}]},{"@type":"WebSite","@id":"https:\/\/tecplan.com.es\/#website","url":"https:\/\/tecplan.com.es\/","name":"Tecplan","description":"","potentialAction":[{"@type":"SearchAction","target":{"@type":"EntryPoint","urlTemplate":"https:\/\/tecplan.com.es\/?s={search_term_string}"},"query-input":{"@type":"PropertyValueSpecification","valueRequired":true,"valueName":"search_term_string"}}],"inLanguage":"en-US"}]}},"_links":{"self":[{"href":"https:\/\/tecplan.com.es\/en\/wp-json\/wp\/v2\/product\/2811","targetHints":{"allow":["GET"]}}],"collection":[{"href":"https:\/\/tecplan.com.es\/en\/wp-json\/wp\/v2\/product"}],"about":[{"href":"https:\/\/tecplan.com.es\/en\/wp-json\/wp\/v2\/types\/product"}],"replies":[{"embeddable":true,"href":"https:\/\/tecplan.com.es\/en\/wp-json\/wp\/v2\/comments?post=2811"}],"version-history":[{"count":3,"href":"https:\/\/tecplan.com.es\/en\/wp-json\/wp\/v2\/product\/2811\/revisions"}],"predecessor-version":[{"id":2817,"href":"https:\/\/tecplan.com.es\/en\/wp-json\/wp\/v2\/product\/2811\/revisions\/2817"}],"wp:featuredmedia":[{"embeddable":true,"href":"https:\/\/tecplan.com.es\/en\/wp-json\/wp\/v2\/media\/2814"}],"wp:attachment":[{"href":"https:\/\/tecplan.com.es\/en\/wp-json\/wp\/v2\/media?parent=2811"}],"wp:term":[{"taxonomy":"product_brand","embeddable":true,"href":"https:\/\/tecplan.com.es\/en\/wp-json\/wp\/v2\/product_brand?post=2811"},{"taxonomy":"product_cat","embeddable":true,"href":"https:\/\/tecplan.com.es\/en\/wp-json\/wp\/v2\/product_cat?post=2811"},{"taxonomy":"product_tag","embeddable":true,"href":"https:\/\/tecplan.com.es\/en\/wp-json\/wp\/v2\/product_tag?post=2811"}],"curies":[{"name":"wp","href":"https:\/\/api.w.org\/{rel}","templated":true}]}}