{"id":2803,"date":"2025-09-05T22:27:56","date_gmt":"2025-09-05T22:27:56","guid":{"rendered":"https:\/\/tecplan.com.es\/?post_type=product&#038;p=2803"},"modified":"2025-09-05T22:28:10","modified_gmt":"2025-09-05T22:28:10","slug":"iridium-extreme-ptt","status":"publish","type":"product","link":"https:\/\/tecplan.com.es\/en\/product\/iridium-extreme-ptt\/","title":{"rendered":"Iridium Extreme\u00ae PTT"},"content":{"rendered":"<p style=\"text-align: justify;\">Iridium Extreme<sup>\u00ae<\/sup>\u00a0es el primer sat\u00e9lite satelital que incluye un bot\u00f3n programable SOS, para enviar un mensaje de alerta. Tambi\u00e9n cuenta con la capacidad de enviar mensajes de correo electr\u00f3nico. Es el tel\u00e9fono satelital m\u00e1s resistente a la fecha, el primero en obtener la certificaci\u00f3n de resistencia militar MIL-STD 810F.\u00a0Puede utilizar chorros de agua intensos, polvo y golpes.<\/p>\n<p>Characteristics:<\/p>\n<ul>\n<li>Auricular de modo dual para pulsar para hablar y telefon\u00eda<\/li>\n<li>PTT, voz, datos, SMS, SOS, GPS y servicios de localizaci\u00f3n<\/li>\n<li>Compatible con otros sistemas PTT y LMR<\/li>\n<li>Durabilidad de grado militar MIL-STD 810F y clasificaci\u00f3n de protecci\u00f3n IP65<\/li>\n<li>Bot\u00f3n pulsar para hablar reforzado y empu\u00f1adura c\u00f3nica con dise\u00f1o de diamante<\/li>\n<\/ul>\n<p><!--more--><\/p>\n<h5 style=\"text-align: justify;\"><span style=\"text-decoration: underline;\"><strong>DOWNLOADS<\/strong><\/span><\/h5>\n<ul style=\"text-align: justify;\">\n<li><a href=\"https:\/\/drive.google.com\/file\/d\/1n1lhuZGd0qkLa_DRYMOxapZRjW8He66m\/view?usp=sharing\">\u2192 Technical specifications<\/a><\/li>\n<\/ul>","protected":false},"excerpt":{"rendered":"<p style=\"text-align: justify;\"><b>Caracter\u00edsticas<\/b><\/p>\n<ul>\n<li style=\"text-align: justify;\">Dimensiones: 140 mm (L) x 60 mm (W) x 27 mm (D)<\/li>\n<li style=\"text-align: justify;\">Peso: 247 g (9,4 oz)<\/li>\n<li style=\"text-align: justify;\">Receptor GPS incorporado<\/li>\n<li style=\"text-align: justify;\">Tiempo m\u00e1ximo bater\u00eda en modo espera: hasta 30 horas<\/li>\n<li style=\"text-align: justify;\">Tiempo m\u00e1ximo bater\u00eda en conversaci\u00f3n: hasta 4 horas<\/li>\n<li style=\"text-align: justify;\">Certificaci\u00f3n militar MIL-STD 810F<\/li>\n<li style=\"text-align: justify;\">Indice de Protecci\u00f3n IP65<\/li>\n<li style=\"text-align: justify;\">Pantalla LCD iluminada de 200 Caracteres<\/li>\n<li style=\"text-align: justify;\">Altavoz Integrado<\/li>\n<li style=\"text-align: justify;\">Recepci\u00f3n y env\u00edo de SMS<\/li>\n<li style=\"text-align: justify;\">Recepci\u00f3n y env\u00edo de correos electr\u00f3nicos cortos (160 Caracteres)<\/li>\n<li style=\"text-align: justify;\">Buz\u00f3n de mensajes de voz, n\u00fameros y texto.<\/li>\n<li style=\"text-align: justify;\">Contrase\u00f1a configurable<\/li>\n<\/ul>\n<p><!--more--><\/p>\n<p><img decoding=\"async\" class=\"wp-image-978 aligncenter\" role=\"img\" src=\"https:\/\/tecplan.com.es\/wp-content\/uploads\/2025\/05\/ParthersA_CS_pag.svg\" alt=\"\" width=\"200\" height=\"112\" \/><\/p>","protected":false},"featured_media":2807,"comment_status":"open","ping_status":"closed","template":"","meta":{"site-sidebar-layout":"default","site-content-layout":"","ast-site-content-layout":"default","site-content-style":"default","site-sidebar-style":"default","ast-global-header-display":"","ast-banner-title-visibility":"","ast-main-header-display":"","ast-hfb-above-header-display":"","ast-hfb-below-header-display":"","ast-hfb-mobile-header-display":"","site-post-title":"","ast-breadcrumbs-content":"","ast-featured-img":"","footer-sml-layout":"","ast-disable-related-posts":"","theme-transparent-header-meta":"default","adv-header-id-meta":"","stick-header-meta":"","header-above-stick-meta":"","header-main-stick-meta":"","header-below-stick-meta":"","astra-migrate-meta-layouts":"set","ast-page-background-enabled":"default","ast-page-background-meta":{"desktop":{"background-color":"var(--ast-global-color-5)","background-image":"","background-repeat":"repeat","background-position":"center center","background-size":"auto","background-attachment":"scroll","background-type":"","background-media":"","overlay-type":"","overlay-color":"","overlay-opacity":"","overlay-gradient":""},"tablet":{"background-color":"","background-image":"","background-repeat":"repeat","background-position":"center center","background-size":"auto","background-attachment":"scroll","background-type":"","background-media":"","overlay-type":"","overlay-color":"","overlay-opacity":"","overlay-gradient":""},"mobile":{"background-color":"","background-image":"","background-repeat":"repeat","background-position":"center center","background-size":"auto","background-attachment":"scroll","background-type":"","background-media":"","overlay-type":"","overlay-color":"","overlay-opacity":"","overlay-gradient":""}},"ast-content-background-meta":{"desktop":{"background-color":"var(--ast-global-color-4)","background-image":"","background-repeat":"repeat","background-position":"center center","background-size":"auto","background-attachment":"scroll","background-type":"","background-media":"","overlay-type":"","overlay-color":"","overlay-opacity":"","overlay-gradient":""},"tablet":{"background-color":"var(--ast-global-color-4)","background-image":"","background-repeat":"repeat","background-position":"center center","background-size":"auto","background-attachment":"scroll","background-type":"","background-media":"","overlay-type":"","overlay-color":"","overlay-opacity":"","overlay-gradient":""},"mobile":{"background-color":"var(--ast-global-color-4)","background-image":"","background-repeat":"repeat","background-position":"center center","background-size":"auto","background-attachment":"scroll","background-type":"","background-media":"","overlay-type":"","overlay-color":"","overlay-opacity":"","overlay-gradient":""}}},"product_brand":[42],"product_cat":[36,37,38],"product_tag":[199],"class_list":{"0":"post-2803","1":"product","2":"type-product","3":"status-publish","4":"has-post-thumbnail","6":"product_brand-iridium","7":"product_cat-comunicacion-satelital","8":"product_cat-iridium","9":"product_cat-telefonos-satelitales","10":"product_tag-iridium","11":"desktop-align-left","12":"tablet-align-left","13":"mobile-align-left","15":"first","16":"instock","17":"shipping-taxable","18":"product-type-simple"},"yoast_head":"<!-- This site is optimized with the Yoast SEO plugin v25.3 - https:\/\/yoast.com\/wordpress\/plugins\/seo\/ -->\n<title>Iridium Extreme\u00ae PTT - Tecplan<\/title>\n<meta name=\"robots\" content=\"index, follow, max-snippet:-1, max-image-preview:large, max-video-preview:-1\" \/>\n<link rel=\"canonical\" href=\"https:\/\/tecplan.com.es\/en\/product\/iridium-extreme-ptt\/\" \/>\n<meta property=\"og:locale\" content=\"en_US\" \/>\n<meta property=\"og:type\" content=\"article\" \/>\n<meta property=\"og:title\" content=\"Iridium Extreme\u00ae PTT - Tecplan\" \/>\n<meta property=\"og:description\" content=\"Caracter\u00edsticas    Dimensiones: 140 mm (L) x 60 mm (W) x 27 mm (D)  Peso: 247 g (9,4 oz)  Receptor GPS incorporado  Tiempo m\u00e1ximo bater\u00eda en modo espera: hasta 30 horas  Tiempo m\u00e1ximo bater\u00eda en conversaci\u00f3n: hasta 4 horas  Certificaci\u00f3n militar MIL-STD 810F  Indice de Protecci\u00f3n IP65  Pantalla LCD iluminada de 200 Caracteres  Altavoz Integrado  Recepci\u00f3n y env\u00edo de SMS  Recepci\u00f3n y env\u00edo de correos electr\u00f3nicos cortos (160 Caracteres)  Buz\u00f3n de mensajes de voz, n\u00fameros y texto.  Contrase\u00f1a configurable\" \/>\n<meta property=\"og:url\" content=\"https:\/\/tecplan.com.es\/en\/product\/iridium-extreme-ptt\/\" \/>\n<meta property=\"og:site_name\" content=\"Tecplan\" \/>\n<meta property=\"article:modified_time\" content=\"2025-09-05T22:28:10+00:00\" \/>\n<meta property=\"og:image\" content=\"https:\/\/tecplan.com.es\/wp-content\/uploads\/2025\/09\/IMG_PRD_Iridium-PTT-Industrial_Worker.jpg\" \/>\n\t<meta property=\"og:image:width\" content=\"888\" \/>\n\t<meta property=\"og:image:height\" content=\"594\" \/>\n\t<meta property=\"og:image:type\" content=\"image\/jpeg\" \/>\n<meta name=\"twitter:card\" content=\"summary_large_image\" \/>\n<meta name=\"twitter:label1\" content=\"Est. reading time\" \/>\n\t<meta name=\"twitter:data1\" content=\"1 minute\" \/>\n<script type=\"application\/ld+json\" class=\"yoast-schema-graph\">{\"@context\":\"https:\/\/schema.org\",\"@graph\":[{\"@type\":\"WebPage\",\"@id\":\"https:\/\/tecplan.com.es\/product\/iridium-extreme-ptt\/\",\"url\":\"https:\/\/tecplan.com.es\/product\/iridium-extreme-ptt\/\",\"name\":\"Iridium Extreme\u00ae PTT - Tecplan\",\"isPartOf\":{\"@id\":\"https:\/\/tecplan.com.es\/#website\"},\"primaryImageOfPage\":{\"@id\":\"https:\/\/tecplan.com.es\/product\/iridium-extreme-ptt\/#primaryimage\"},\"image\":{\"@id\":\"https:\/\/tecplan.com.es\/product\/iridium-extreme-ptt\/#primaryimage\"},\"thumbnailUrl\":\"https:\/\/tecplan.com.es\/wp-content\/uploads\/2025\/09\/IMG_PRD_Iridium-PTT-Industrial_Worker.jpg\",\"datePublished\":\"2025-09-05T22:27:56+00:00\",\"dateModified\":\"2025-09-05T22:28:10+00:00\",\"breadcrumb\":{\"@id\":\"https:\/\/tecplan.com.es\/product\/iridium-extreme-ptt\/#breadcrumb\"},\"inLanguage\":\"en-US\",\"potentialAction\":[{\"@type\":\"ReadAction\",\"target\":[\"https:\/\/tecplan.com.es\/product\/iridium-extreme-ptt\/\"]}]},{\"@type\":\"ImageObject\",\"inLanguage\":\"en-US\",\"@id\":\"https:\/\/tecplan.com.es\/product\/iridium-extreme-ptt\/#primaryimage\",\"url\":\"https:\/\/tecplan.com.es\/wp-content\/uploads\/2025\/09\/IMG_PRD_Iridium-PTT-Industrial_Worker.jpg\",\"contentUrl\":\"https:\/\/tecplan.com.es\/wp-content\/uploads\/2025\/09\/IMG_PRD_Iridium-PTT-Industrial_Worker.jpg\",\"width\":888,\"height\":594},{\"@type\":\"BreadcrumbList\",\"@id\":\"https:\/\/tecplan.com.es\/product\/iridium-extreme-ptt\/#breadcrumb\",\"itemListElement\":[{\"@type\":\"ListItem\",\"position\":1,\"name\":\"Home\",\"item\":\"https:\/\/tecplan.com.es\/\"},{\"@type\":\"ListItem\",\"position\":2,\"name\":\"Shop\",\"item\":\"https:\/\/tecplan.com.es\/shop\/\"},{\"@type\":\"ListItem\",\"position\":3,\"name\":\"Iridium Extreme\u00ae PTT\"}]},{\"@type\":\"WebSite\",\"@id\":\"https:\/\/tecplan.com.es\/#website\",\"url\":\"https:\/\/tecplan.com.es\/\",\"name\":\"Tecplan\",\"description\":\"\",\"potentialAction\":[{\"@type\":\"SearchAction\",\"target\":{\"@type\":\"EntryPoint\",\"urlTemplate\":\"https:\/\/tecplan.com.es\/?s={search_term_string}\"},\"query-input\":{\"@type\":\"PropertyValueSpecification\",\"valueRequired\":true,\"valueName\":\"search_term_string\"}}],\"inLanguage\":\"en-US\"}]}<\/script>\n<!-- \/ Yoast SEO plugin. -->","yoast_head_json":{"title":"Iridium Extreme\u00ae PTT - Tecplan","robots":{"index":"index","follow":"follow","max-snippet":"max-snippet:-1","max-image-preview":"max-image-preview:large","max-video-preview":"max-video-preview:-1"},"canonical":"https:\/\/tecplan.com.es\/en\/product\/iridium-extreme-ptt\/","og_locale":"en_US","og_type":"article","og_title":"Iridium Extreme\u00ae PTT - Tecplan","og_description":"Caracter\u00edsticas    Dimensiones: 140 mm (L) x 60 mm (W) x 27 mm (D)  Peso: 247 g (9,4 oz)  Receptor GPS incorporado  Tiempo m\u00e1ximo bater\u00eda en modo espera: hasta 30 horas  Tiempo m\u00e1ximo bater\u00eda en conversaci\u00f3n: hasta 4 horas  Certificaci\u00f3n militar MIL-STD 810F  Indice de Protecci\u00f3n IP65  Pantalla LCD iluminada de 200 Caracteres  Altavoz Integrado  Recepci\u00f3n y env\u00edo de SMS  Recepci\u00f3n y env\u00edo de correos electr\u00f3nicos cortos (160 Caracteres)  Buz\u00f3n de mensajes de voz, n\u00fameros y texto.  Contrase\u00f1a configurable","og_url":"https:\/\/tecplan.com.es\/en\/product\/iridium-extreme-ptt\/","og_site_name":"Tecplan","article_modified_time":"2025-09-05T22:28:10+00:00","og_image":[{"width":888,"height":594,"url":"https:\/\/tecplan.com.es\/wp-content\/uploads\/2025\/09\/IMG_PRD_Iridium-PTT-Industrial_Worker.jpg","type":"image\/jpeg"}],"twitter_card":"summary_large_image","twitter_misc":{"Est. reading time":"1 minute"},"schema":{"@context":"https:\/\/schema.org","@graph":[{"@type":"WebPage","@id":"https:\/\/tecplan.com.es\/product\/iridium-extreme-ptt\/","url":"https:\/\/tecplan.com.es\/product\/iridium-extreme-ptt\/","name":"Iridium Extreme\u00ae PTT - Tecplan","isPartOf":{"@id":"https:\/\/tecplan.com.es\/#website"},"primaryImageOfPage":{"@id":"https:\/\/tecplan.com.es\/product\/iridium-extreme-ptt\/#primaryimage"},"image":{"@id":"https:\/\/tecplan.com.es\/product\/iridium-extreme-ptt\/#primaryimage"},"thumbnailUrl":"https:\/\/tecplan.com.es\/wp-content\/uploads\/2025\/09\/IMG_PRD_Iridium-PTT-Industrial_Worker.jpg","datePublished":"2025-09-05T22:27:56+00:00","dateModified":"2025-09-05T22:28:10+00:00","breadcrumb":{"@id":"https:\/\/tecplan.com.es\/product\/iridium-extreme-ptt\/#breadcrumb"},"inLanguage":"en-US","potentialAction":[{"@type":"ReadAction","target":["https:\/\/tecplan.com.es\/product\/iridium-extreme-ptt\/"]}]},{"@type":"ImageObject","inLanguage":"en-US","@id":"https:\/\/tecplan.com.es\/product\/iridium-extreme-ptt\/#primaryimage","url":"https:\/\/tecplan.com.es\/wp-content\/uploads\/2025\/09\/IMG_PRD_Iridium-PTT-Industrial_Worker.jpg","contentUrl":"https:\/\/tecplan.com.es\/wp-content\/uploads\/2025\/09\/IMG_PRD_Iridium-PTT-Industrial_Worker.jpg","width":888,"height":594},{"@type":"BreadcrumbList","@id":"https:\/\/tecplan.com.es\/product\/iridium-extreme-ptt\/#breadcrumb","itemListElement":[{"@type":"ListItem","position":1,"name":"Home","item":"https:\/\/tecplan.com.es\/"},{"@type":"ListItem","position":2,"name":"Shop","item":"https:\/\/tecplan.com.es\/shop\/"},{"@type":"ListItem","position":3,"name":"Iridium Extreme\u00ae PTT"}]},{"@type":"WebSite","@id":"https:\/\/tecplan.com.es\/#website","url":"https:\/\/tecplan.com.es\/","name":"Tecplan","description":"","potentialAction":[{"@type":"SearchAction","target":{"@type":"EntryPoint","urlTemplate":"https:\/\/tecplan.com.es\/?s={search_term_string}"},"query-input":{"@type":"PropertyValueSpecification","valueRequired":true,"valueName":"search_term_string"}}],"inLanguage":"en-US"}]}},"_links":{"self":[{"href":"https:\/\/tecplan.com.es\/en\/wp-json\/wp\/v2\/product\/2803","targetHints":{"allow":["GET"]}}],"collection":[{"href":"https:\/\/tecplan.com.es\/en\/wp-json\/wp\/v2\/product"}],"about":[{"href":"https:\/\/tecplan.com.es\/en\/wp-json\/wp\/v2\/types\/product"}],"replies":[{"embeddable":true,"href":"https:\/\/tecplan.com.es\/en\/wp-json\/wp\/v2\/comments?post=2803"}],"version-history":[{"count":2,"href":"https:\/\/tecplan.com.es\/en\/wp-json\/wp\/v2\/product\/2803\/revisions"}],"predecessor-version":[{"id":2810,"href":"https:\/\/tecplan.com.es\/en\/wp-json\/wp\/v2\/product\/2803\/revisions\/2810"}],"wp:featuredmedia":[{"embeddable":true,"href":"https:\/\/tecplan.com.es\/en\/wp-json\/wp\/v2\/media\/2807"}],"wp:attachment":[{"href":"https:\/\/tecplan.com.es\/en\/wp-json\/wp\/v2\/media?parent=2803"}],"wp:term":[{"taxonomy":"product_brand","embeddable":true,"href":"https:\/\/tecplan.com.es\/en\/wp-json\/wp\/v2\/product_brand?post=2803"},{"taxonomy":"product_cat","embeddable":true,"href":"https:\/\/tecplan.com.es\/en\/wp-json\/wp\/v2\/product_cat?post=2803"},{"taxonomy":"product_tag","embeddable":true,"href":"https:\/\/tecplan.com.es\/en\/wp-json\/wp\/v2\/product_tag?post=2803"}],"curies":[{"name":"wp","href":"https:\/\/api.w.org\/{rel}","templated":true}]}}