{"id":2772,"date":"2025-09-05T20:56:29","date_gmt":"2025-09-05T20:56:29","guid":{"rendered":"https:\/\/tecplan.com.es\/?post_type=product&#038;p=2772"},"modified":"2025-09-05T20:56:30","modified_gmt":"2025-09-05T20:56:30","slug":"cable-exterior-gyxtw%ef%bc%89","status":"publish","type":"product","link":"https:\/\/tecplan.com.es\/en\/product\/cable-exterior-gyxtw%ef%bc%89\/","title":{"rendered":"Cable exterior (GYXTW\uff09"},"content":{"rendered":"<p>Cable exterior de tubo holgado central Aplicaciones<\/p>\n<ul>\n<li>Adoptado para la distribuci\u00f3n al aire libre.<\/li>\n<li>Adecuado para el m\u00e9todo de colocaci\u00f3n de tuber\u00edas a\u00e9reas<\/li>\n<li>Comunicaci\u00f3n de red de \u00e1rea local y de larga distancia<\/li>\n<\/ul>\n<p>Caracter\u00edsticas<\/p>\n<ul>\n<li>El relleno de miembros paralelos de alambre de acero protege la cinta de acero de fibra del tubo blindado.<\/li>\n<li>Excelente desempe\u00f1o mec\u00e1nico y ambiental.<\/li>\n<li>Adopte el peso ligero de la estructura compacta de la cinta de fibra \u00f3ptica.<\/li>\n<\/ul>\n<p><!--more--><\/p>\n<h5 style=\"text-align: justify;\"><span style=\"text-decoration: underline;\"><strong>DOWNLOADS<\/strong><\/span><\/h5>\n<ul style=\"text-align: justify;\">\n<li><a href=\"https:\/\/drive.google.com\/file\/d\/16B1uRc2PN6HaZEXaSDjrgMU-NnH87wcZ\/view?usp=sharing\">\u2192 Technical specifications<\/a><\/li>\n<\/ul>","protected":false},"excerpt":{"rendered":"<p style=\"text-align: justify;\">El Cable GYXTW es para exteriores con fibras colocadas en un tubo holgado hecho de un pl\u00e1stico de alto m\u00f3dulo, los tubos est\u00e1n rellenos con un compuesto de relleno resistente al agua y tambi\u00e9n envueltos con una capa de cinta de acero corrugado. Entre la cinta de acero corrugado y los materiales de bloqueo de agua del tubo holgado se aplican para mantener el cable compacto e impermeable.<\/p>\n<p><!--more--><\/p>\n<p><img decoding=\"async\" class=\"wp-image-1038 aligncenter\" src=\"https:\/\/tecplan.com.es\/wp-content\/uploads\/2025\/05\/summit-300x138.webp\" alt=\"\" width=\"235\" height=\"109\" srcset=\"https:\/\/tecplan.com.es\/wp-content\/uploads\/2025\/05\/summit-300x138.webp 300w, https:\/\/tecplan.com.es\/wp-content\/uploads\/2025\/05\/summit-600x275.webp 600w, https:\/\/tecplan.com.es\/wp-content\/uploads\/2025\/05\/summit-768x353.webp 768w, https:\/\/tecplan.com.es\/wp-content\/uploads\/2025\/05\/summit-18x8.webp 18w, https:\/\/tecplan.com.es\/wp-content\/uploads\/2025\/05\/summit.webp 1013w\" sizes=\"(max-width: 235px) 100vw, 235px\" \/><\/p>","protected":false},"featured_media":2773,"comment_status":"open","ping_status":"closed","template":"","meta":{"site-sidebar-layout":"default","site-content-layout":"","ast-site-content-layout":"default","site-content-style":"default","site-sidebar-style":"default","ast-global-header-display":"","ast-banner-title-visibility":"","ast-main-header-display":"","ast-hfb-above-header-display":"","ast-hfb-below-header-display":"","ast-hfb-mobile-header-display":"","site-post-title":"","ast-breadcrumbs-content":"","ast-featured-img":"","footer-sml-layout":"","ast-disable-related-posts":"","theme-transparent-header-meta":"default","adv-header-id-meta":"","stick-header-meta":"","header-above-stick-meta":"","header-main-stick-meta":"","header-below-stick-meta":"","astra-migrate-meta-layouts":"set","ast-page-background-enabled":"default","ast-page-background-meta":{"desktop":{"background-color":"var(--ast-global-color-5)","background-image":"","background-repeat":"repeat","background-position":"center center","background-size":"auto","background-attachment":"scroll","background-type":"","background-media":"","overlay-type":"","overlay-color":"","overlay-opacity":"","overlay-gradient":""},"tablet":{"background-color":"","background-image":"","background-repeat":"repeat","background-position":"center center","background-size":"auto","background-attachment":"scroll","background-type":"","background-media":"","overlay-type":"","overlay-color":"","overlay-opacity":"","overlay-gradient":""},"mobile":{"background-color":"","background-image":"","background-repeat":"repeat","background-position":"center center","background-size":"auto","background-attachment":"scroll","background-type":"","background-media":"","overlay-type":"","overlay-color":"","overlay-opacity":"","overlay-gradient":""}},"ast-content-background-meta":{"desktop":{"background-color":"var(--ast-global-color-4)","background-image":"","background-repeat":"repeat","background-position":"center center","background-size":"auto","background-attachment":"scroll","background-type":"","background-media":"","overlay-type":"","overlay-color":"","overlay-opacity":"","overlay-gradient":""},"tablet":{"background-color":"var(--ast-global-color-4)","background-image":"","background-repeat":"repeat","background-position":"center center","background-size":"auto","background-attachment":"scroll","background-type":"","background-media":"","overlay-type":"","overlay-color":"","overlay-opacity":"","overlay-gradient":""},"mobile":{"background-color":"var(--ast-global-color-4)","background-image":"","background-repeat":"repeat","background-position":"center center","background-size":"auto","background-attachment":"scroll","background-type":"","background-media":"","overlay-type":"","overlay-color":"","overlay-opacity":"","overlay-gradient":""}}},"product_brand":[234],"product_cat":[94,90],"product_tag":[207],"class_list":{"0":"post-2772","1":"product","2":"type-product","3":"status-publish","4":"has-post-thumbnail","6":"product_brand-summit","7":"product_cat-cable-coaxial-summit","8":"product_cat-summit-cobertura-celular","9":"product_tag-summit","10":"desktop-align-left","11":"tablet-align-left","12":"mobile-align-left","14":"first","15":"instock","16":"shipping-taxable","17":"product-type-simple"},"yoast_head":"<!-- This site is optimized with the Yoast SEO plugin v25.3 - https:\/\/yoast.com\/wordpress\/plugins\/seo\/ -->\n<title>Cable exterior (GYXTW\uff09 - Tecplan<\/title>\n<meta name=\"robots\" content=\"index, follow, max-snippet:-1, max-image-preview:large, max-video-preview:-1\" \/>\n<link rel=\"canonical\" href=\"https:\/\/tecplan.com.es\/en\/product\/cable-exterior-gyxtw\uff09\/\" \/>\n<meta property=\"og:locale\" content=\"en_US\" \/>\n<meta property=\"og:type\" content=\"article\" \/>\n<meta property=\"og:title\" content=\"Cable exterior (GYXTW\uff09 - Tecplan\" \/>\n<meta property=\"og:description\" content=\"El Cable GYXTW es para exteriores con fibras colocadas en un tubo holgado hecho de un pl\u00e1stico de alto m\u00f3dulo, los tubos est\u00e1n rellenos con un compuesto de relleno resistente al agua y tambi\u00e9n envueltos con una capa de cinta de acero corrugado. Entre la cinta de acero corrugado y los materiales de bloqueo de agua del tubo holgado se aplican para mantener el cable compacto e impermeable.\" \/>\n<meta property=\"og:url\" content=\"https:\/\/tecplan.com.es\/en\/product\/cable-exterior-gyxtw\uff09\/\" \/>\n<meta property=\"og:site_name\" content=\"Tecplan\" \/>\n<meta property=\"article:modified_time\" content=\"2025-09-05T20:56:30+00:00\" \/>\n<meta property=\"og:image\" content=\"https:\/\/tecplan.com.es\/wp-content\/uploads\/2025\/09\/Cable-exterior-de-tubo-holgado-central\uff08GYXTW\uff09-01-1.jpg\" \/>\n\t<meta property=\"og:image:width\" content=\"2000\" \/>\n\t<meta property=\"og:image:height\" content=\"2000\" \/>\n\t<meta property=\"og:image:type\" content=\"image\/jpeg\" \/>\n<meta name=\"twitter:card\" content=\"summary_large_image\" \/>\n<meta name=\"twitter:label1\" content=\"Est. reading time\" \/>\n\t<meta name=\"twitter:data1\" content=\"1 minute\" \/>\n<script type=\"application\/ld+json\" class=\"yoast-schema-graph\">{\"@context\":\"https:\/\/schema.org\",\"@graph\":[{\"@type\":\"WebPage\",\"@id\":\"https:\/\/tecplan.com.es\/product\/cable-exterior-gyxtw%ef%bc%89\/\",\"url\":\"https:\/\/tecplan.com.es\/product\/cable-exterior-gyxtw%ef%bc%89\/\",\"name\":\"Cable exterior (GYXTW\uff09 - Tecplan\",\"isPartOf\":{\"@id\":\"https:\/\/tecplan.com.es\/#website\"},\"primaryImageOfPage\":{\"@id\":\"https:\/\/tecplan.com.es\/product\/cable-exterior-gyxtw%ef%bc%89\/#primaryimage\"},\"image\":{\"@id\":\"https:\/\/tecplan.com.es\/product\/cable-exterior-gyxtw%ef%bc%89\/#primaryimage\"},\"thumbnailUrl\":\"https:\/\/tecplan.com.es\/wp-content\/uploads\/2025\/09\/Cable-exterior-de-tubo-holgado-central\uff08GYXTW\uff09-01-1.jpg\",\"datePublished\":\"2025-09-05T20:56:29+00:00\",\"dateModified\":\"2025-09-05T20:56:30+00:00\",\"breadcrumb\":{\"@id\":\"https:\/\/tecplan.com.es\/product\/cable-exterior-gyxtw%ef%bc%89\/#breadcrumb\"},\"inLanguage\":\"en-US\",\"potentialAction\":[{\"@type\":\"ReadAction\",\"target\":[\"https:\/\/tecplan.com.es\/product\/cable-exterior-gyxtw%ef%bc%89\/\"]}]},{\"@type\":\"ImageObject\",\"inLanguage\":\"en-US\",\"@id\":\"https:\/\/tecplan.com.es\/product\/cable-exterior-gyxtw%ef%bc%89\/#primaryimage\",\"url\":\"https:\/\/tecplan.com.es\/wp-content\/uploads\/2025\/09\/Cable-exterior-de-tubo-holgado-central\uff08GYXTW\uff09-01-1.jpg\",\"contentUrl\":\"https:\/\/tecplan.com.es\/wp-content\/uploads\/2025\/09\/Cable-exterior-de-tubo-holgado-central\uff08GYXTW\uff09-01-1.jpg\",\"width\":2000,\"height\":2000},{\"@type\":\"BreadcrumbList\",\"@id\":\"https:\/\/tecplan.com.es\/product\/cable-exterior-gyxtw%ef%bc%89\/#breadcrumb\",\"itemListElement\":[{\"@type\":\"ListItem\",\"position\":1,\"name\":\"Home\",\"item\":\"https:\/\/tecplan.com.es\/\"},{\"@type\":\"ListItem\",\"position\":2,\"name\":\"Shop\",\"item\":\"https:\/\/tecplan.com.es\/shop\/\"},{\"@type\":\"ListItem\",\"position\":3,\"name\":\"Cable exterior (GYXTW\uff09\"}]},{\"@type\":\"WebSite\",\"@id\":\"https:\/\/tecplan.com.es\/#website\",\"url\":\"https:\/\/tecplan.com.es\/\",\"name\":\"Tecplan\",\"description\":\"\",\"potentialAction\":[{\"@type\":\"SearchAction\",\"target\":{\"@type\":\"EntryPoint\",\"urlTemplate\":\"https:\/\/tecplan.com.es\/?s={search_term_string}\"},\"query-input\":{\"@type\":\"PropertyValueSpecification\",\"valueRequired\":true,\"valueName\":\"search_term_string\"}}],\"inLanguage\":\"en-US\"}]}<\/script>\n<!-- \/ Yoast SEO plugin. -->","yoast_head_json":{"title":"Cable exterior (GYXTW\uff09 - Tecplan","robots":{"index":"index","follow":"follow","max-snippet":"max-snippet:-1","max-image-preview":"max-image-preview:large","max-video-preview":"max-video-preview:-1"},"canonical":"https:\/\/tecplan.com.es\/en\/product\/cable-exterior-gyxtw\uff09\/","og_locale":"en_US","og_type":"article","og_title":"Cable exterior (GYXTW\uff09 - Tecplan","og_description":"El Cable GYXTW es para exteriores con fibras colocadas en un tubo holgado hecho de un pl\u00e1stico de alto m\u00f3dulo, los tubos est\u00e1n rellenos con un compuesto de relleno resistente al agua y tambi\u00e9n envueltos con una capa de cinta de acero corrugado. Entre la cinta de acero corrugado y los materiales de bloqueo de agua del tubo holgado se aplican para mantener el cable compacto e impermeable.","og_url":"https:\/\/tecplan.com.es\/en\/product\/cable-exterior-gyxtw\uff09\/","og_site_name":"Tecplan","article_modified_time":"2025-09-05T20:56:30+00:00","og_image":[{"width":2000,"height":2000,"url":"https:\/\/tecplan.com.es\/wp-content\/uploads\/2025\/09\/Cable-exterior-de-tubo-holgado-central\uff08GYXTW\uff09-01-1.jpg","type":"image\/jpeg"}],"twitter_card":"summary_large_image","twitter_misc":{"Est. reading time":"1 minute"},"schema":{"@context":"https:\/\/schema.org","@graph":[{"@type":"WebPage","@id":"https:\/\/tecplan.com.es\/product\/cable-exterior-gyxtw%ef%bc%89\/","url":"https:\/\/tecplan.com.es\/product\/cable-exterior-gyxtw%ef%bc%89\/","name":"Cable exterior (GYXTW\uff09 - Tecplan","isPartOf":{"@id":"https:\/\/tecplan.com.es\/#website"},"primaryImageOfPage":{"@id":"https:\/\/tecplan.com.es\/product\/cable-exterior-gyxtw%ef%bc%89\/#primaryimage"},"image":{"@id":"https:\/\/tecplan.com.es\/product\/cable-exterior-gyxtw%ef%bc%89\/#primaryimage"},"thumbnailUrl":"https:\/\/tecplan.com.es\/wp-content\/uploads\/2025\/09\/Cable-exterior-de-tubo-holgado-central\uff08GYXTW\uff09-01-1.jpg","datePublished":"2025-09-05T20:56:29+00:00","dateModified":"2025-09-05T20:56:30+00:00","breadcrumb":{"@id":"https:\/\/tecplan.com.es\/product\/cable-exterior-gyxtw%ef%bc%89\/#breadcrumb"},"inLanguage":"en-US","potentialAction":[{"@type":"ReadAction","target":["https:\/\/tecplan.com.es\/product\/cable-exterior-gyxtw%ef%bc%89\/"]}]},{"@type":"ImageObject","inLanguage":"en-US","@id":"https:\/\/tecplan.com.es\/product\/cable-exterior-gyxtw%ef%bc%89\/#primaryimage","url":"https:\/\/tecplan.com.es\/wp-content\/uploads\/2025\/09\/Cable-exterior-de-tubo-holgado-central\uff08GYXTW\uff09-01-1.jpg","contentUrl":"https:\/\/tecplan.com.es\/wp-content\/uploads\/2025\/09\/Cable-exterior-de-tubo-holgado-central\uff08GYXTW\uff09-01-1.jpg","width":2000,"height":2000},{"@type":"BreadcrumbList","@id":"https:\/\/tecplan.com.es\/product\/cable-exterior-gyxtw%ef%bc%89\/#breadcrumb","itemListElement":[{"@type":"ListItem","position":1,"name":"Home","item":"https:\/\/tecplan.com.es\/"},{"@type":"ListItem","position":2,"name":"Shop","item":"https:\/\/tecplan.com.es\/shop\/"},{"@type":"ListItem","position":3,"name":"Cable exterior (GYXTW\uff09"}]},{"@type":"WebSite","@id":"https:\/\/tecplan.com.es\/#website","url":"https:\/\/tecplan.com.es\/","name":"Tecplan","description":"","potentialAction":[{"@type":"SearchAction","target":{"@type":"EntryPoint","urlTemplate":"https:\/\/tecplan.com.es\/?s={search_term_string}"},"query-input":{"@type":"PropertyValueSpecification","valueRequired":true,"valueName":"search_term_string"}}],"inLanguage":"en-US"}]}},"_links":{"self":[{"href":"https:\/\/tecplan.com.es\/en\/wp-json\/wp\/v2\/product\/2772","targetHints":{"allow":["GET"]}}],"collection":[{"href":"https:\/\/tecplan.com.es\/en\/wp-json\/wp\/v2\/product"}],"about":[{"href":"https:\/\/tecplan.com.es\/en\/wp-json\/wp\/v2\/types\/product"}],"replies":[{"embeddable":true,"href":"https:\/\/tecplan.com.es\/en\/wp-json\/wp\/v2\/comments?post=2772"}],"version-history":[{"count":2,"href":"https:\/\/tecplan.com.es\/en\/wp-json\/wp\/v2\/product\/2772\/revisions"}],"predecessor-version":[{"id":2775,"href":"https:\/\/tecplan.com.es\/en\/wp-json\/wp\/v2\/product\/2772\/revisions\/2775"}],"wp:featuredmedia":[{"embeddable":true,"href":"https:\/\/tecplan.com.es\/en\/wp-json\/wp\/v2\/media\/2773"}],"wp:attachment":[{"href":"https:\/\/tecplan.com.es\/en\/wp-json\/wp\/v2\/media?parent=2772"}],"wp:term":[{"taxonomy":"product_brand","embeddable":true,"href":"https:\/\/tecplan.com.es\/en\/wp-json\/wp\/v2\/product_brand?post=2772"},{"taxonomy":"product_cat","embeddable":true,"href":"https:\/\/tecplan.com.es\/en\/wp-json\/wp\/v2\/product_cat?post=2772"},{"taxonomy":"product_tag","embeddable":true,"href":"https:\/\/tecplan.com.es\/en\/wp-json\/wp\/v2\/product_tag?post=2772"}],"curies":[{"name":"wp","href":"https:\/\/api.w.org\/{rel}","templated":true}]}}