{"id":2767,"date":"2025-09-03T22:58:01","date_gmt":"2025-09-03T22:58:01","guid":{"rendered":"https:\/\/tecplan.com.es\/?post_type=product&#038;p=2767"},"modified":"2025-09-05T16:19:34","modified_gmt":"2025-09-05T16:19:34","slug":"conector-macho-para-cable-1-2%e2%80%b3sf","status":"publish","type":"product","link":"https:\/\/tecplan.com.es\/en\/product\/conector-macho-para-cable-1-2%e2%80%b3sf\/","title":{"rendered":"Conector macho para cable 1\/2\u2033SF"},"content":{"rendered":"<p style=\"text-align: justify;\">Los conectores 4.3\/10 son robustos\u00a0 y hasta un 40 % m\u00e1s ligeros, lo que permite aplicaciones mucho m\u00e1s densas y rapidas. Estos dise\u00f1os cumplen con la norma IP67 para la protecci\u00f3n contra la entrada de polvo y agua en usos exteriores y ofrecen un excelente rendimiento de ROE hasta 6 GHz. Los componentes el\u00e9ctricos y mec\u00e1nicos independientes proporcionan un rendimiento PIM muy estable, independientemente del par de acoplamiento, lo que facilita la instalaci\u00f3n. Los contactos plateados y los cuerpos chapados en bronce blanco ofrecen un alto grado de conductividad, resistencia a la corrosi\u00f3n y durabilidad.<\/p>\n<p><strong>Ambiente de trabajo:<\/strong><\/p>\n<ul>\n<li>Temperatura de trabajo: -40~ 85\u00b0C<\/li>\n<li>Humedad relativa: 90 \uff05 ~95 \uff05\uff08 Temperatura: 40\u00b1 2\u2103 \uff09<\/li>\n<\/ul>\n<p><!--more--><\/p>\n<h5 style=\"text-align: justify;\"><span style=\"text-decoration: underline;\"><strong>DOWNLOADS<\/strong><\/span><\/h5>\n<ul style=\"text-align: justify;\">\n<li><a href=\"https:\/\/drive.google.com\/file\/d\/1dlJzDywniotBld2-uSquCYTkJGhuW2GJ\/view?usp=sharing\">\u2192 Technical specifications<\/a><\/li>\n<\/ul>\n<p>&nbsp;<\/p>","protected":false},"excerpt":{"rendered":"<p style=\"text-align: justify;\"><strong>Conector macho para cable de 1\/2\u2033SF<\/strong><\/p>\n<p style=\"text-align: justify;\">4.3 \/ 10 conector robusto de \u00bd\u201d SF. Compatible con aplicaciones al aire libre y ofrecen un excelente rendimiento VSWR de hasta 6.0 GHz. Los componentes el\u00e9ctricos y mec\u00e1nicos separados brindan un rendimiento altamente estable, sea cual sea el par de acoplamiento, permitiendo una instalaci\u00f3n m\u00e1s f\u00e1cil. Los contactos plateados y los cuerpos nevados de bronce ofrecen una gran conductividad, resistencia a la durabilidad.<\/p>\n<p><!--more--><\/p>\n<p><img decoding=\"async\" class=\"wp-image-1038 aligncenter\" src=\"https:\/\/tecplan.com.es\/wp-content\/uploads\/2025\/05\/summit-300x138.webp\" alt=\"\" width=\"213\" height=\"98\" srcset=\"https:\/\/tecplan.com.es\/wp-content\/uploads\/2025\/05\/summit-300x138.webp 300w, https:\/\/tecplan.com.es\/wp-content\/uploads\/2025\/05\/summit-600x275.webp 600w, https:\/\/tecplan.com.es\/wp-content\/uploads\/2025\/05\/summit-768x353.webp 768w, https:\/\/tecplan.com.es\/wp-content\/uploads\/2025\/05\/summit-18x8.webp 18w, https:\/\/tecplan.com.es\/wp-content\/uploads\/2025\/05\/summit.webp 1013w\" sizes=\"(max-width: 213px) 100vw, 213px\" \/><\/p>","protected":false},"featured_media":2768,"comment_status":"open","ping_status":"closed","template":"","meta":{"site-sidebar-layout":"default","site-content-layout":"","ast-site-content-layout":"default","site-content-style":"default","site-sidebar-style":"default","ast-global-header-display":"","ast-banner-title-visibility":"","ast-main-header-display":"","ast-hfb-above-header-display":"","ast-hfb-below-header-display":"","ast-hfb-mobile-header-display":"","site-post-title":"","ast-breadcrumbs-content":"","ast-featured-img":"","footer-sml-layout":"","ast-disable-related-posts":"","theme-transparent-header-meta":"default","adv-header-id-meta":"","stick-header-meta":"","header-above-stick-meta":"","header-main-stick-meta":"","header-below-stick-meta":"","astra-migrate-meta-layouts":"set","ast-page-background-enabled":"default","ast-page-background-meta":{"desktop":{"background-color":"var(--ast-global-color-5)","background-image":"","background-repeat":"repeat","background-position":"center center","background-size":"auto","background-attachment":"scroll","background-type":"","background-media":"","overlay-type":"","overlay-color":"","overlay-opacity":"","overlay-gradient":""},"tablet":{"background-color":"","background-image":"","background-repeat":"repeat","background-position":"center center","background-size":"auto","background-attachment":"scroll","background-type":"","background-media":"","overlay-type":"","overlay-color":"","overlay-opacity":"","overlay-gradient":""},"mobile":{"background-color":"","background-image":"","background-repeat":"repeat","background-position":"center center","background-size":"auto","background-attachment":"scroll","background-type":"","background-media":"","overlay-type":"","overlay-color":"","overlay-opacity":"","overlay-gradient":""}},"ast-content-background-meta":{"desktop":{"background-color":"var(--ast-global-color-4)","background-image":"","background-repeat":"repeat","background-position":"center center","background-size":"auto","background-attachment":"scroll","background-type":"","background-media":"","overlay-type":"","overlay-color":"","overlay-opacity":"","overlay-gradient":""},"tablet":{"background-color":"var(--ast-global-color-4)","background-image":"","background-repeat":"repeat","background-position":"center center","background-size":"auto","background-attachment":"scroll","background-type":"","background-media":"","overlay-type":"","overlay-color":"","overlay-opacity":"","overlay-gradient":""},"mobile":{"background-color":"var(--ast-global-color-4)","background-image":"","background-repeat":"repeat","background-position":"center center","background-size":"auto","background-attachment":"scroll","background-type":"","background-media":"","overlay-type":"","overlay-color":"","overlay-opacity":"","overlay-gradient":""}}},"product_brand":[234],"product_cat":[82,93,90],"product_tag":[207],"class_list":{"0":"post-2767","1":"product","2":"type-product","3":"status-publish","4":"has-post-thumbnail","6":"product_brand-summit","7":"product_cat-cobertura-celular","8":"product_cat-conectores-summit","9":"product_cat-summit-cobertura-celular","10":"product_tag-summit","11":"desktop-align-left","12":"tablet-align-left","13":"mobile-align-left","15":"first","16":"instock","17":"shipping-taxable","18":"product-type-simple"},"yoast_head":"<!-- This site is optimized with the Yoast SEO plugin v25.3 - https:\/\/yoast.com\/wordpress\/plugins\/seo\/ -->\n<title>Conector macho para cable 1\/2\u2033SF - Tecplan<\/title>\n<meta name=\"robots\" content=\"index, follow, max-snippet:-1, max-image-preview:large, max-video-preview:-1\" \/>\n<link rel=\"canonical\" href=\"https:\/\/tecplan.com.es\/en\/product\/conector-macho-para-cable-1-2\u2033sf\/\" \/>\n<meta property=\"og:locale\" content=\"en_US\" \/>\n<meta property=\"og:type\" content=\"article\" \/>\n<meta property=\"og:title\" content=\"Conector macho para cable 1\/2\u2033SF - Tecplan\" \/>\n<meta property=\"og:description\" content=\"Conector macho para cable de 1\/2\u2033SF 4.3 \/ 10 conector robusto de \u00bd\u201d SF. Compatible con aplicaciones al aire libre y ofrecen un excelente rendimiento VSWR de hasta 6.0 GHz. Los componentes el\u00e9ctricos y mec\u00e1nicos separados brindan un rendimiento altamente estable, sea cual sea el par de acoplamiento, permitiendo una instalaci\u00f3n m\u00e1s f\u00e1cil. Los contactos plateados y los cuerpos nevados de bronce ofrecen una gran conductividad, resistencia a la durabilidad.\" \/>\n<meta property=\"og:url\" content=\"https:\/\/tecplan.com.es\/en\/product\/conector-macho-para-cable-1-2\u2033sf\/\" \/>\n<meta property=\"og:site_name\" content=\"Tecplan\" \/>\n<meta property=\"article:modified_time\" content=\"2025-09-05T16:19:34+00:00\" \/>\n<meta property=\"og:image\" content=\"https:\/\/tecplan.com.es\/wp-content\/uploads\/2025\/09\/Captura-de-pantalla-2023-02-06-194701.png\" \/>\n\t<meta property=\"og:image:width\" content=\"313\" \/>\n\t<meta property=\"og:image:height\" content=\"320\" \/>\n\t<meta property=\"og:image:type\" content=\"image\/png\" \/>\n<meta name=\"twitter:card\" content=\"summary_large_image\" \/>\n<meta name=\"twitter:label1\" content=\"Est. reading time\" \/>\n\t<meta name=\"twitter:data1\" content=\"1 minute\" \/>\n<script type=\"application\/ld+json\" class=\"yoast-schema-graph\">{\"@context\":\"https:\/\/schema.org\",\"@graph\":[{\"@type\":\"WebPage\",\"@id\":\"https:\/\/tecplan.com.es\/product\/conector-macho-para-cable-1-2%e2%80%b3sf\/\",\"url\":\"https:\/\/tecplan.com.es\/product\/conector-macho-para-cable-1-2%e2%80%b3sf\/\",\"name\":\"Conector macho para cable 1\/2\u2033SF - Tecplan\",\"isPartOf\":{\"@id\":\"https:\/\/tecplan.com.es\/#website\"},\"primaryImageOfPage\":{\"@id\":\"https:\/\/tecplan.com.es\/product\/conector-macho-para-cable-1-2%e2%80%b3sf\/#primaryimage\"},\"image\":{\"@id\":\"https:\/\/tecplan.com.es\/product\/conector-macho-para-cable-1-2%e2%80%b3sf\/#primaryimage\"},\"thumbnailUrl\":\"https:\/\/tecplan.com.es\/wp-content\/uploads\/2025\/09\/Captura-de-pantalla-2023-02-06-194701.png\",\"datePublished\":\"2025-09-03T22:58:01+00:00\",\"dateModified\":\"2025-09-05T16:19:34+00:00\",\"breadcrumb\":{\"@id\":\"https:\/\/tecplan.com.es\/product\/conector-macho-para-cable-1-2%e2%80%b3sf\/#breadcrumb\"},\"inLanguage\":\"en-US\",\"potentialAction\":[{\"@type\":\"ReadAction\",\"target\":[\"https:\/\/tecplan.com.es\/product\/conector-macho-para-cable-1-2%e2%80%b3sf\/\"]}]},{\"@type\":\"ImageObject\",\"inLanguage\":\"en-US\",\"@id\":\"https:\/\/tecplan.com.es\/product\/conector-macho-para-cable-1-2%e2%80%b3sf\/#primaryimage\",\"url\":\"https:\/\/tecplan.com.es\/wp-content\/uploads\/2025\/09\/Captura-de-pantalla-2023-02-06-194701.png\",\"contentUrl\":\"https:\/\/tecplan.com.es\/wp-content\/uploads\/2025\/09\/Captura-de-pantalla-2023-02-06-194701.png\",\"width\":313,\"height\":320},{\"@type\":\"BreadcrumbList\",\"@id\":\"https:\/\/tecplan.com.es\/product\/conector-macho-para-cable-1-2%e2%80%b3sf\/#breadcrumb\",\"itemListElement\":[{\"@type\":\"ListItem\",\"position\":1,\"name\":\"Home\",\"item\":\"https:\/\/tecplan.com.es\/\"},{\"@type\":\"ListItem\",\"position\":2,\"name\":\"Shop\",\"item\":\"https:\/\/tecplan.com.es\/shop\/\"},{\"@type\":\"ListItem\",\"position\":3,\"name\":\"Conector macho para cable 1\/2\u2033SF\"}]},{\"@type\":\"WebSite\",\"@id\":\"https:\/\/tecplan.com.es\/#website\",\"url\":\"https:\/\/tecplan.com.es\/\",\"name\":\"Tecplan\",\"description\":\"\",\"potentialAction\":[{\"@type\":\"SearchAction\",\"target\":{\"@type\":\"EntryPoint\",\"urlTemplate\":\"https:\/\/tecplan.com.es\/?s={search_term_string}\"},\"query-input\":{\"@type\":\"PropertyValueSpecification\",\"valueRequired\":true,\"valueName\":\"search_term_string\"}}],\"inLanguage\":\"en-US\"}]}<\/script>\n<!-- \/ Yoast SEO plugin. -->","yoast_head_json":{"title":"Conector macho para cable 1\/2\u2033SF - Tecplan","robots":{"index":"index","follow":"follow","max-snippet":"max-snippet:-1","max-image-preview":"max-image-preview:large","max-video-preview":"max-video-preview:-1"},"canonical":"https:\/\/tecplan.com.es\/en\/product\/conector-macho-para-cable-1-2\u2033sf\/","og_locale":"en_US","og_type":"article","og_title":"Conector macho para cable 1\/2\u2033SF - Tecplan","og_description":"Conector macho para cable de 1\/2\u2033SF 4.3 \/ 10 conector robusto de \u00bd\u201d SF. Compatible con aplicaciones al aire libre y ofrecen un excelente rendimiento VSWR de hasta 6.0 GHz. Los componentes el\u00e9ctricos y mec\u00e1nicos separados brindan un rendimiento altamente estable, sea cual sea el par de acoplamiento, permitiendo una instalaci\u00f3n m\u00e1s f\u00e1cil. Los contactos plateados y los cuerpos nevados de bronce ofrecen una gran conductividad, resistencia a la durabilidad.","og_url":"https:\/\/tecplan.com.es\/en\/product\/conector-macho-para-cable-1-2\u2033sf\/","og_site_name":"Tecplan","article_modified_time":"2025-09-05T16:19:34+00:00","og_image":[{"width":313,"height":320,"url":"https:\/\/tecplan.com.es\/wp-content\/uploads\/2025\/09\/Captura-de-pantalla-2023-02-06-194701.png","type":"image\/png"}],"twitter_card":"summary_large_image","twitter_misc":{"Est. reading time":"1 minute"},"schema":{"@context":"https:\/\/schema.org","@graph":[{"@type":"WebPage","@id":"https:\/\/tecplan.com.es\/product\/conector-macho-para-cable-1-2%e2%80%b3sf\/","url":"https:\/\/tecplan.com.es\/product\/conector-macho-para-cable-1-2%e2%80%b3sf\/","name":"Conector macho para cable 1\/2\u2033SF - Tecplan","isPartOf":{"@id":"https:\/\/tecplan.com.es\/#website"},"primaryImageOfPage":{"@id":"https:\/\/tecplan.com.es\/product\/conector-macho-para-cable-1-2%e2%80%b3sf\/#primaryimage"},"image":{"@id":"https:\/\/tecplan.com.es\/product\/conector-macho-para-cable-1-2%e2%80%b3sf\/#primaryimage"},"thumbnailUrl":"https:\/\/tecplan.com.es\/wp-content\/uploads\/2025\/09\/Captura-de-pantalla-2023-02-06-194701.png","datePublished":"2025-09-03T22:58:01+00:00","dateModified":"2025-09-05T16:19:34+00:00","breadcrumb":{"@id":"https:\/\/tecplan.com.es\/product\/conector-macho-para-cable-1-2%e2%80%b3sf\/#breadcrumb"},"inLanguage":"en-US","potentialAction":[{"@type":"ReadAction","target":["https:\/\/tecplan.com.es\/product\/conector-macho-para-cable-1-2%e2%80%b3sf\/"]}]},{"@type":"ImageObject","inLanguage":"en-US","@id":"https:\/\/tecplan.com.es\/product\/conector-macho-para-cable-1-2%e2%80%b3sf\/#primaryimage","url":"https:\/\/tecplan.com.es\/wp-content\/uploads\/2025\/09\/Captura-de-pantalla-2023-02-06-194701.png","contentUrl":"https:\/\/tecplan.com.es\/wp-content\/uploads\/2025\/09\/Captura-de-pantalla-2023-02-06-194701.png","width":313,"height":320},{"@type":"BreadcrumbList","@id":"https:\/\/tecplan.com.es\/product\/conector-macho-para-cable-1-2%e2%80%b3sf\/#breadcrumb","itemListElement":[{"@type":"ListItem","position":1,"name":"Home","item":"https:\/\/tecplan.com.es\/"},{"@type":"ListItem","position":2,"name":"Shop","item":"https:\/\/tecplan.com.es\/shop\/"},{"@type":"ListItem","position":3,"name":"Conector macho para cable 1\/2\u2033SF"}]},{"@type":"WebSite","@id":"https:\/\/tecplan.com.es\/#website","url":"https:\/\/tecplan.com.es\/","name":"Tecplan","description":"","potentialAction":[{"@type":"SearchAction","target":{"@type":"EntryPoint","urlTemplate":"https:\/\/tecplan.com.es\/?s={search_term_string}"},"query-input":{"@type":"PropertyValueSpecification","valueRequired":true,"valueName":"search_term_string"}}],"inLanguage":"en-US"}]}},"_links":{"self":[{"href":"https:\/\/tecplan.com.es\/en\/wp-json\/wp\/v2\/product\/2767","targetHints":{"allow":["GET"]}}],"collection":[{"href":"https:\/\/tecplan.com.es\/en\/wp-json\/wp\/v2\/product"}],"about":[{"href":"https:\/\/tecplan.com.es\/en\/wp-json\/wp\/v2\/types\/product"}],"replies":[{"embeddable":true,"href":"https:\/\/tecplan.com.es\/en\/wp-json\/wp\/v2\/comments?post=2767"}],"version-history":[{"count":3,"href":"https:\/\/tecplan.com.es\/en\/wp-json\/wp\/v2\/product\/2767\/revisions"}],"predecessor-version":[{"id":2771,"href":"https:\/\/tecplan.com.es\/en\/wp-json\/wp\/v2\/product\/2767\/revisions\/2771"}],"wp:featuredmedia":[{"embeddable":true,"href":"https:\/\/tecplan.com.es\/en\/wp-json\/wp\/v2\/media\/2768"}],"wp:attachment":[{"href":"https:\/\/tecplan.com.es\/en\/wp-json\/wp\/v2\/media?parent=2767"}],"wp:term":[{"taxonomy":"product_brand","embeddable":true,"href":"https:\/\/tecplan.com.es\/en\/wp-json\/wp\/v2\/product_brand?post=2767"},{"taxonomy":"product_cat","embeddable":true,"href":"https:\/\/tecplan.com.es\/en\/wp-json\/wp\/v2\/product_cat?post=2767"},{"taxonomy":"product_tag","embeddable":true,"href":"https:\/\/tecplan.com.es\/en\/wp-json\/wp\/v2\/product_tag?post=2767"}],"curies":[{"name":"wp","href":"https:\/\/api.w.org\/{rel}","templated":true}]}}