{"id":2752,"date":"2025-09-03T22:10:10","date_gmt":"2025-09-03T22:10:10","guid":{"rendered":"https:\/\/tecplan.com.es\/?post_type=product&#038;p=2752"},"modified":"2025-09-03T22:12:13","modified_gmt":"2025-09-03T22:12:13","slug":"cable-coaxial-flex-3-75","status":"publish","type":"product","link":"https:\/\/tecplan.com.es\/en\/product\/cable-coaxial-flex-3-75\/","title":{"rendered":"Cable Coaxial Flex 3\/75"},"content":{"rendered":"<p style=\"text-align: justify;\"><strong>Cable Coaxial Flex 3\/75<\/strong><\/p>\n<p style=\"text-align: justify;\">Cable Coaxial Flex 3\/75, utilizado para transportar se\u00f1ales el\u00e9ctricas de alta frecuencia que posee dos conductores conc\u00e9ntricos, uno de ellos siendo el conductor central encargado de llevar la informaci\u00f3n y el otro el externo tipo malla o trenza que sirve como referencia de tierra y retorno de las corrientes.<\/p>\n<p style=\"text-align: justify;\">El conductor central est\u00e1 construido por varios hilos retorcidos de cobre esta\u00f1ado, 7 x 0,2 y el conductor exterior doble malla trenzada de cobre esta\u00f1ado.<\/p>\n<p style=\"text-align: justify;\"><strong>Caracter\u00edsticas Generales<\/strong><\/p>\n<ul>\n<li style=\"text-align: justify;\">Conductor de cobre esta\u00f1ado<\/li>\n<li style=\"text-align: justify;\">Blindaje con recubrimiento de cobre esta\u00f1ado en malla<\/li>\n<li style=\"text-align: justify;\">Aislamiento PVC color gris<\/li>\n<li style=\"text-align: justify;\">Especificaciones del Cable Micro Coaxial 75 Ohmios FLEX-5\/75<\/li>\n<li style=\"text-align: justify;\">Cable micro coaxial Flex 5\/75<\/li>\n<li style=\"text-align: justify;\">Conductor Central 7 x 0,2mm \u00b1 0,01 en cobre esta\u00f1ado<\/li>\n<li style=\"text-align: justify;\">Conductor Exterior doble Malla trenzada de cobre esta\u00f1ado 80%+90%<\/li>\n<li style=\"text-align: justify;\">Cubierta en PVC color Gris<\/li>\n<li style=\"text-align: justify;\">Impedancia 75\u03a9<\/li>\n<\/ul>\n<p><!--more--><\/p>\n<h5 style=\"text-align: justify;\"><span style=\"text-decoration: underline;\"><strong>DOWNLOADS<\/strong><\/span><\/h5>\n<ul style=\"text-align: justify;\">\n<li><a href=\"https:\/\/drive.google.com\/file\/d\/1u5i8bcYvQfsqZrqoWo-HtAF527w--zlb\/view?usp=sharing\">\u2192 Technical specifications<\/a><\/li>\n<\/ul>","protected":false},"excerpt":{"rendered":"<p style=\"text-align: justify;\">Conductor de cobre desnudo. Aislamiento de polietileno. Pantalla en cinta de aluminio-poli\u00e9ster. Pantalla en trenza de cobre esta\u00f1ado. Cubierta exterior de PVC. Drenaje de cobre esta\u00f1ado.<\/p>\n<p style=\"text-align: justify;\">Cable coaxial utilizado para transportar se\u00f1ales el\u00e9ctricas de alta frecuencia que posee dos conductores conc\u00e9ntricos, uno de ellos siendo el conductor central encargado de llevar la informaci\u00f3n y el otro el externo tipo malla o trenza que sirve como referencia de tierra y retorno de las corrientes.<\/p>\n<p><!--more--><\/p>\n<p><img decoding=\"async\" class=\"wp-image-1038 aligncenter\" src=\"https:\/\/tecplan.com.es\/wp-content\/uploads\/2025\/05\/summit-300x138.webp\" alt=\"\" width=\"158\" height=\"95\" \/><\/p>","protected":false},"featured_media":2753,"comment_status":"open","ping_status":"closed","template":"","meta":{"site-sidebar-layout":"default","site-content-layout":"","ast-site-content-layout":"default","site-content-style":"default","site-sidebar-style":"default","ast-global-header-display":"","ast-banner-title-visibility":"","ast-main-header-display":"","ast-hfb-above-header-display":"","ast-hfb-below-header-display":"","ast-hfb-mobile-header-display":"","site-post-title":"","ast-breadcrumbs-content":"","ast-featured-img":"","footer-sml-layout":"","ast-disable-related-posts":"","theme-transparent-header-meta":"default","adv-header-id-meta":"","stick-header-meta":"","header-above-stick-meta":"","header-main-stick-meta":"","header-below-stick-meta":"","astra-migrate-meta-layouts":"set","ast-page-background-enabled":"default","ast-page-background-meta":{"desktop":{"background-color":"var(--ast-global-color-5)","background-image":"","background-repeat":"repeat","background-position":"center center","background-size":"auto","background-attachment":"scroll","background-type":"","background-media":"","overlay-type":"","overlay-color":"","overlay-opacity":"","overlay-gradient":""},"tablet":{"background-color":"","background-image":"","background-repeat":"repeat","background-position":"center center","background-size":"auto","background-attachment":"scroll","background-type":"","background-media":"","overlay-type":"","overlay-color":"","overlay-opacity":"","overlay-gradient":""},"mobile":{"background-color":"","background-image":"","background-repeat":"repeat","background-position":"center center","background-size":"auto","background-attachment":"scroll","background-type":"","background-media":"","overlay-type":"","overlay-color":"","overlay-opacity":"","overlay-gradient":""}},"ast-content-background-meta":{"desktop":{"background-color":"var(--ast-global-color-4)","background-image":"","background-repeat":"repeat","background-position":"center center","background-size":"auto","background-attachment":"scroll","background-type":"","background-media":"","overlay-type":"","overlay-color":"","overlay-opacity":"","overlay-gradient":""},"tablet":{"background-color":"var(--ast-global-color-4)","background-image":"","background-repeat":"repeat","background-position":"center center","background-size":"auto","background-attachment":"scroll","background-type":"","background-media":"","overlay-type":"","overlay-color":"","overlay-opacity":"","overlay-gradient":""},"mobile":{"background-color":"var(--ast-global-color-4)","background-image":"","background-repeat":"repeat","background-position":"center center","background-size":"auto","background-attachment":"scroll","background-type":"","background-media":"","overlay-type":"","overlay-color":"","overlay-opacity":"","overlay-gradient":""}}},"product_brand":[234],"product_cat":[94,82,90,256],"product_tag":[207],"class_list":{"0":"post-2752","1":"product","2":"type-product","3":"status-publish","4":"has-post-thumbnail","6":"product_brand-summit","7":"product_cat-cable-coaxial-summit","8":"product_cat-cobertura-celular","9":"product_cat-summit-cobertura-celular","10":"product_cat-summit-networking","11":"product_tag-summit","12":"desktop-align-left","13":"tablet-align-left","14":"mobile-align-left","16":"first","17":"instock","18":"shipping-taxable","19":"product-type-simple"},"yoast_head":"<!-- This site is optimized with the Yoast SEO plugin v25.3 - https:\/\/yoast.com\/wordpress\/plugins\/seo\/ -->\n<title>Cable Coaxial Flex 3\/75 - Tecplan<\/title>\n<meta name=\"robots\" content=\"index, follow, max-snippet:-1, max-image-preview:large, max-video-preview:-1\" \/>\n<link rel=\"canonical\" href=\"https:\/\/tecplan.com.es\/en\/product\/cable-coaxial-flex-3-75\/\" \/>\n<meta property=\"og:locale\" content=\"en_US\" \/>\n<meta property=\"og:type\" content=\"article\" \/>\n<meta property=\"og:title\" content=\"Cable Coaxial Flex 3\/75 - Tecplan\" \/>\n<meta property=\"og:description\" content=\"Conductor de cobre desnudo. Aislamiento de polietileno. Pantalla en cinta de aluminio-poli\u00e9ster. Pantalla en trenza de cobre esta\u00f1ado. Cubierta exterior de PVC. Drenaje de cobre esta\u00f1ado. Cable coaxial utilizado para transportar se\u00f1ales el\u00e9ctricas de alta frecuencia que posee dos conductores conc\u00e9ntricos, uno de ellos siendo el conductor central encargado de llevar la informaci\u00f3n y el otro el externo tipo malla o trenza que sirve como referencia de tierra y retorno de las corrientes.\" \/>\n<meta property=\"og:url\" content=\"https:\/\/tecplan.com.es\/en\/product\/cable-coaxial-flex-3-75\/\" \/>\n<meta property=\"og:site_name\" content=\"Tecplan\" \/>\n<meta property=\"article:modified_time\" content=\"2025-09-03T22:12:13+00:00\" \/>\n<meta property=\"og:image\" content=\"https:\/\/tecplan.com.es\/wp-content\/uploads\/2025\/09\/CABLE-75-OHM-FLEX-3-75-02.jpg\" \/>\n\t<meta property=\"og:image:width\" content=\"2000\" \/>\n\t<meta property=\"og:image:height\" content=\"2000\" \/>\n\t<meta property=\"og:image:type\" content=\"image\/jpeg\" \/>\n<meta name=\"twitter:card\" content=\"summary_large_image\" \/>\n<meta name=\"twitter:label1\" content=\"Est. reading time\" \/>\n\t<meta name=\"twitter:data1\" content=\"1 minute\" \/>\n<script type=\"application\/ld+json\" class=\"yoast-schema-graph\">{\"@context\":\"https:\/\/schema.org\",\"@graph\":[{\"@type\":\"WebPage\",\"@id\":\"https:\/\/tecplan.com.es\/product\/cable-coaxial-flex-3-75\/\",\"url\":\"https:\/\/tecplan.com.es\/product\/cable-coaxial-flex-3-75\/\",\"name\":\"Cable Coaxial Flex 3\/75 - Tecplan\",\"isPartOf\":{\"@id\":\"https:\/\/tecplan.com.es\/#website\"},\"primaryImageOfPage\":{\"@id\":\"https:\/\/tecplan.com.es\/product\/cable-coaxial-flex-3-75\/#primaryimage\"},\"image\":{\"@id\":\"https:\/\/tecplan.com.es\/product\/cable-coaxial-flex-3-75\/#primaryimage\"},\"thumbnailUrl\":\"https:\/\/tecplan.com.es\/wp-content\/uploads\/2025\/09\/CABLE-75-OHM-FLEX-3-75-02.jpg\",\"datePublished\":\"2025-09-03T22:10:10+00:00\",\"dateModified\":\"2025-09-03T22:12:13+00:00\",\"breadcrumb\":{\"@id\":\"https:\/\/tecplan.com.es\/product\/cable-coaxial-flex-3-75\/#breadcrumb\"},\"inLanguage\":\"en-US\",\"potentialAction\":[{\"@type\":\"ReadAction\",\"target\":[\"https:\/\/tecplan.com.es\/product\/cable-coaxial-flex-3-75\/\"]}]},{\"@type\":\"ImageObject\",\"inLanguage\":\"en-US\",\"@id\":\"https:\/\/tecplan.com.es\/product\/cable-coaxial-flex-3-75\/#primaryimage\",\"url\":\"https:\/\/tecplan.com.es\/wp-content\/uploads\/2025\/09\/CABLE-75-OHM-FLEX-3-75-02.jpg\",\"contentUrl\":\"https:\/\/tecplan.com.es\/wp-content\/uploads\/2025\/09\/CABLE-75-OHM-FLEX-3-75-02.jpg\",\"width\":2000,\"height\":2000},{\"@type\":\"BreadcrumbList\",\"@id\":\"https:\/\/tecplan.com.es\/product\/cable-coaxial-flex-3-75\/#breadcrumb\",\"itemListElement\":[{\"@type\":\"ListItem\",\"position\":1,\"name\":\"Home\",\"item\":\"https:\/\/tecplan.com.es\/\"},{\"@type\":\"ListItem\",\"position\":2,\"name\":\"Shop\",\"item\":\"https:\/\/tecplan.com.es\/shop\/\"},{\"@type\":\"ListItem\",\"position\":3,\"name\":\"Cable Coaxial Flex 3\/75\"}]},{\"@type\":\"WebSite\",\"@id\":\"https:\/\/tecplan.com.es\/#website\",\"url\":\"https:\/\/tecplan.com.es\/\",\"name\":\"Tecplan\",\"description\":\"\",\"potentialAction\":[{\"@type\":\"SearchAction\",\"target\":{\"@type\":\"EntryPoint\",\"urlTemplate\":\"https:\/\/tecplan.com.es\/?s={search_term_string}\"},\"query-input\":{\"@type\":\"PropertyValueSpecification\",\"valueRequired\":true,\"valueName\":\"search_term_string\"}}],\"inLanguage\":\"en-US\"}]}<\/script>\n<!-- \/ Yoast SEO plugin. -->","yoast_head_json":{"title":"Cable Coaxial Flex 3\/75 - Tecplan","robots":{"index":"index","follow":"follow","max-snippet":"max-snippet:-1","max-image-preview":"max-image-preview:large","max-video-preview":"max-video-preview:-1"},"canonical":"https:\/\/tecplan.com.es\/en\/product\/cable-coaxial-flex-3-75\/","og_locale":"en_US","og_type":"article","og_title":"Cable Coaxial Flex 3\/75 - Tecplan","og_description":"Conductor de cobre desnudo. Aislamiento de polietileno. Pantalla en cinta de aluminio-poli\u00e9ster. Pantalla en trenza de cobre esta\u00f1ado. Cubierta exterior de PVC. Drenaje de cobre esta\u00f1ado. Cable coaxial utilizado para transportar se\u00f1ales el\u00e9ctricas de alta frecuencia que posee dos conductores conc\u00e9ntricos, uno de ellos siendo el conductor central encargado de llevar la informaci\u00f3n y el otro el externo tipo malla o trenza que sirve como referencia de tierra y retorno de las corrientes.","og_url":"https:\/\/tecplan.com.es\/en\/product\/cable-coaxial-flex-3-75\/","og_site_name":"Tecplan","article_modified_time":"2025-09-03T22:12:13+00:00","og_image":[{"width":2000,"height":2000,"url":"https:\/\/tecplan.com.es\/wp-content\/uploads\/2025\/09\/CABLE-75-OHM-FLEX-3-75-02.jpg","type":"image\/jpeg"}],"twitter_card":"summary_large_image","twitter_misc":{"Est. reading time":"1 minute"},"schema":{"@context":"https:\/\/schema.org","@graph":[{"@type":"WebPage","@id":"https:\/\/tecplan.com.es\/product\/cable-coaxial-flex-3-75\/","url":"https:\/\/tecplan.com.es\/product\/cable-coaxial-flex-3-75\/","name":"Cable Coaxial Flex 3\/75 - Tecplan","isPartOf":{"@id":"https:\/\/tecplan.com.es\/#website"},"primaryImageOfPage":{"@id":"https:\/\/tecplan.com.es\/product\/cable-coaxial-flex-3-75\/#primaryimage"},"image":{"@id":"https:\/\/tecplan.com.es\/product\/cable-coaxial-flex-3-75\/#primaryimage"},"thumbnailUrl":"https:\/\/tecplan.com.es\/wp-content\/uploads\/2025\/09\/CABLE-75-OHM-FLEX-3-75-02.jpg","datePublished":"2025-09-03T22:10:10+00:00","dateModified":"2025-09-03T22:12:13+00:00","breadcrumb":{"@id":"https:\/\/tecplan.com.es\/product\/cable-coaxial-flex-3-75\/#breadcrumb"},"inLanguage":"en-US","potentialAction":[{"@type":"ReadAction","target":["https:\/\/tecplan.com.es\/product\/cable-coaxial-flex-3-75\/"]}]},{"@type":"ImageObject","inLanguage":"en-US","@id":"https:\/\/tecplan.com.es\/product\/cable-coaxial-flex-3-75\/#primaryimage","url":"https:\/\/tecplan.com.es\/wp-content\/uploads\/2025\/09\/CABLE-75-OHM-FLEX-3-75-02.jpg","contentUrl":"https:\/\/tecplan.com.es\/wp-content\/uploads\/2025\/09\/CABLE-75-OHM-FLEX-3-75-02.jpg","width":2000,"height":2000},{"@type":"BreadcrumbList","@id":"https:\/\/tecplan.com.es\/product\/cable-coaxial-flex-3-75\/#breadcrumb","itemListElement":[{"@type":"ListItem","position":1,"name":"Home","item":"https:\/\/tecplan.com.es\/"},{"@type":"ListItem","position":2,"name":"Shop","item":"https:\/\/tecplan.com.es\/shop\/"},{"@type":"ListItem","position":3,"name":"Cable Coaxial Flex 3\/75"}]},{"@type":"WebSite","@id":"https:\/\/tecplan.com.es\/#website","url":"https:\/\/tecplan.com.es\/","name":"Tecplan","description":"","potentialAction":[{"@type":"SearchAction","target":{"@type":"EntryPoint","urlTemplate":"https:\/\/tecplan.com.es\/?s={search_term_string}"},"query-input":{"@type":"PropertyValueSpecification","valueRequired":true,"valueName":"search_term_string"}}],"inLanguage":"en-US"}]}},"_links":{"self":[{"href":"https:\/\/tecplan.com.es\/en\/wp-json\/wp\/v2\/product\/2752","targetHints":{"allow":["GET"]}}],"collection":[{"href":"https:\/\/tecplan.com.es\/en\/wp-json\/wp\/v2\/product"}],"about":[{"href":"https:\/\/tecplan.com.es\/en\/wp-json\/wp\/v2\/types\/product"}],"replies":[{"embeddable":true,"href":"https:\/\/tecplan.com.es\/en\/wp-json\/wp\/v2\/comments?post=2752"}],"version-history":[{"count":2,"href":"https:\/\/tecplan.com.es\/en\/wp-json\/wp\/v2\/product\/2752\/revisions"}],"predecessor-version":[{"id":2757,"href":"https:\/\/tecplan.com.es\/en\/wp-json\/wp\/v2\/product\/2752\/revisions\/2757"}],"wp:featuredmedia":[{"embeddable":true,"href":"https:\/\/tecplan.com.es\/en\/wp-json\/wp\/v2\/media\/2753"}],"wp:attachment":[{"href":"https:\/\/tecplan.com.es\/en\/wp-json\/wp\/v2\/media?parent=2752"}],"wp:term":[{"taxonomy":"product_brand","embeddable":true,"href":"https:\/\/tecplan.com.es\/en\/wp-json\/wp\/v2\/product_brand?post=2752"},{"taxonomy":"product_cat","embeddable":true,"href":"https:\/\/tecplan.com.es\/en\/wp-json\/wp\/v2\/product_cat?post=2752"},{"taxonomy":"product_tag","embeddable":true,"href":"https:\/\/tecplan.com.es\/en\/wp-json\/wp\/v2\/product_tag?post=2752"}],"curies":[{"name":"wp","href":"https:\/\/api.w.org\/{rel}","templated":true}]}}