{"id":2740,"date":"2025-09-03T21:56:07","date_gmt":"2025-09-03T21:56:07","guid":{"rendered":"https:\/\/tecplan.com.es\/?post_type=product&#038;p=2740"},"modified":"2025-09-03T22:13:18","modified_gmt":"2025-09-03T22:13:18","slug":"radio-kenwood-tk-2000-3000","status":"publish","type":"product","link":"https:\/\/tecplan.com.es\/en\/product\/radio-kenwood-tk-2000-3000\/","title":{"rendered":"Radio KENWOOD TK-2000\/3000"},"content":{"rendered":"<p style=\"text-align: justify;\"><strong>Especificaciones t\u00e9cnicas TK-2000\/3000<\/strong><\/p>\n<p style=\"text-align: justify;\"><strong>Encaja en su Mano<\/strong><\/p>\n<p style=\"text-align: justify;\">Delgado, fino y ligero \u2013 el TK-2000\/3000 de Kenwood es sumamente f\u00e1cil de manejar y operar. Con tan solo una altura de 11.5 cm (desde abajo has la rosca de la antena), una anchura de 5.5\u00a0cm y un grosor de 2.5 cm (en la zona m\u00e1s gruesa), hacen que\u00a0sea sino el equipo profesional\u00a0m\u00e1s peque\u00f1o del\u00a0mercado uno de los m\u00e1s peque\u00f1os.\u00a0Este transceptor port\u00e1til compacto es extremadamente fiable y cumple los estrictos est\u00e1ndares de robustez MIL-STD 810 C\/D\/E\/F y G. Con estas equilibradas prestaciones, se presenta como la perfecta elecci\u00f3n para su negocio, especialmente en actividades de control de inventarios y operaciones de servicios industriales.<\/p>\n<p style=\"text-align: justify;\"><strong>Delgado y ligero<\/strong><\/p>\n<p style=\"text-align: justify;\">Delgado y ligero \u2013 el TK-2000\/3000 es ideal para llevar colgado del cintur\u00f3n o incluso en el bolsillo. Su dise\u00f1o compacto hace que encaje perfectamente en la mano y pesa solo 203 Gr. incluyendo su respectiva bater\u00eda KNB-63L.<\/p>\n<p style=\"text-align: justify;\"><strong>16 Canales con Canal de B\u00fasqueda<\/strong><\/p>\n<p style=\"text-align: justify;\">Este compacto transceptor port\u00e1til, de f\u00e1cil uso, dispone de 16 canales, permitiendo asignar a cada uno de ellos un tono QT Y DQT independiente para proteger de recepciones indeseadas. Puede asignarse el canal 16, si est\u00e1 libre, a activar la funci\u00f3n de exploraci\u00f3n lo que permite liberar la tecla PF para su utilizaci\u00f3n en otras funciones.<\/p>\n<p style=\"text-align: justify;\"><strong>Tecla doble funci\u00f3n programable<\/strong><\/p>\n<p style=\"text-align: justify;\">La tecla lateral PF puede ser programada con doble funci\u00f3n (pulsar\/mantener pulsada) duplicando el n\u00famero de funciones a su alcance.<\/p>\n<p style=\"text-align: justify;\"><strong>Robusto y Fiable<\/strong><\/p>\n<p style=\"text-align: justify;\">Este aparato est\u00e1 dise\u00f1ado para sobrevivir a golpes, ca\u00eddas y ambientes adversos. Cumple y excede los estrictos est\u00e1ndares IP54 de protecci\u00f3n contra polvo y lluvia y los est\u00e1ndares ambientales MIL-STD 810 C, D, E, F y G.<\/p>\n<p style=\"text-align: justify;\"><strong>Pack \u201cTodo en Uno\u201d<\/strong><\/p>\n<p style=\"text-align: justify;\">El TK-2000\/3000 no requiere la compra de accesorios adicionales para su uso en operaciones b\u00e1sicas. Se suministra de serie con todos los accesorios necesarios, incluyendo cargador, bater\u00eda y antena, junto con el clip de cintur\u00f3n.<\/p>\n<p style=\"text-align: justify;\"><strong>Otras caracter\u00edsticas<\/strong><\/p>\n<ul>\n<li style=\"text-align: justify;\">-Potencia de Salida 5W (VHF) \/ 4W (UHF)<\/li>\n<li style=\"text-align: justify;\">-QT\/DQT.<\/li>\n<li style=\"text-align: justify;\">-DTMF Encoder. (PTT ID, Auto marcaci\u00f3n).<\/li>\n<li style=\"text-align: justify;\">-B\u00fasqueda (Scan) prioritaria.<\/li>\n<li style=\"text-align: justify;\">-Programaci\u00f3n y Ajuste por PC Microsoft Windows.<\/li>\n<li style=\"text-align: justify;\">-Canalizaci\u00f3n Ancho \/ Estrecho.<\/li>\n<li style=\"text-align: justify;\">-Economizador de Bater\u00eda.<\/li>\n<li style=\"text-align: justify;\">-Bloqueo Canal Ocupado.<\/li>\n<li style=\"text-align: justify;\">-VOX Ready.<\/li>\n<li style=\"text-align: justify;\">-Temporizador de Transmisi\u00f3n.<\/li>\n<li style=\"text-align: justify;\">-Alarma de Bater\u00eda Baja.<\/li>\n<li style=\"text-align: justify;\">-Piloto LED de tres colores.<\/li>\n<li style=\"text-align: justify;\">-Clonaci\u00f3n por cable.<\/li>\n<\/ul>\n<p><!--more--><\/p>\n<h5 style=\"text-align: justify;\"><span style=\"text-decoration: underline;\"><strong>DOWNLOADS<\/strong><\/span><\/h5>\n<ul style=\"text-align: justify;\">\n<li><a href=\"https:\/\/drive.google.com\/file\/d\/1IkM8G0218XCFclnjIXmF4OZEVm24DBrA\/view?usp=sharing\">\u2192 Technical specifications in Spanish<\/a><\/li>\n<li><a href=\"https:\/\/drive.google.com\/file\/d\/18-zi8JrlYaOx073jm7OqmDcuEQw_ZLmO\/view?usp=sharing\">\u2192 Technical specifications in English<\/a><\/li>\n<\/ul>","protected":false},"excerpt":{"rendered":"<p style=\"text-align: justify;\">Delgado y liviano: el TK-2000\/3000 de KENWOOD es extremadamente f\u00e1cil de manejar y operar. Sin embargo, esta pr\u00e1ctica radio compacta es extremadamente confiable y cumple con las famosas y estrictas especificaciones MIL-STD 810 C\/D\/E\/F y G.\u00a0Con su rendimiento bien equilibrado, tiene perfecto sentido comercial, especialmente para el control de inventario y las operaciones de la industria de servicios.<\/p>\n<p><!--more--><\/p>\n<p><img decoding=\"async\" class=\"wp-image-2758 aligncenter\" src=\"https:\/\/tecplan.com.es\/wp-content\/uploads\/2025\/09\/pngwing.com-2025-09-03T161119.062-300x61.png\" alt=\"\" width=\"236\" height=\"48\" srcset=\"https:\/\/tecplan.com.es\/wp-content\/uploads\/2025\/09\/pngwing.com-2025-09-03T161119.062-300x61.png 300w, https:\/\/tecplan.com.es\/wp-content\/uploads\/2025\/09\/pngwing.com-2025-09-03T161119.062-1024x208.png 1024w, https:\/\/tecplan.com.es\/wp-content\/uploads\/2025\/09\/pngwing.com-2025-09-03T161119.062-768x156.png 768w, https:\/\/tecplan.com.es\/wp-content\/uploads\/2025\/09\/pngwing.com-2025-09-03T161119.062-18x4.png 18w, https:\/\/tecplan.com.es\/wp-content\/uploads\/2025\/09\/pngwing.com-2025-09-03T161119.062-600x122.png 600w, https:\/\/tecplan.com.es\/wp-content\/uploads\/2025\/09\/pngwing.com-2025-09-03T161119.062.png 1116w\" sizes=\"(max-width: 236px) 100vw, 236px\" \/><\/p>\n<p>&nbsp;<\/p>","protected":false},"featured_media":2745,"comment_status":"open","ping_status":"closed","template":"","meta":{"site-sidebar-layout":"default","site-content-layout":"","ast-site-content-layout":"default","site-content-style":"default","site-sidebar-style":"default","ast-global-header-display":"","ast-banner-title-visibility":"","ast-main-header-display":"","ast-hfb-above-header-display":"","ast-hfb-below-header-display":"","ast-hfb-mobile-header-display":"","site-post-title":"","ast-breadcrumbs-content":"","ast-featured-img":"","footer-sml-layout":"","ast-disable-related-posts":"","theme-transparent-header-meta":"default","adv-header-id-meta":"","stick-header-meta":"","header-above-stick-meta":"","header-main-stick-meta":"","header-below-stick-meta":"","astra-migrate-meta-layouts":"set","ast-page-background-enabled":"default","ast-page-background-meta":{"desktop":{"background-color":"var(--ast-global-color-5)","background-image":"","background-repeat":"repeat","background-position":"center center","background-size":"auto","background-attachment":"scroll","background-type":"","background-media":"","overlay-type":"","overlay-color":"","overlay-opacity":"","overlay-gradient":""},"tablet":{"background-color":"","background-image":"","background-repeat":"repeat","background-position":"center center","background-size":"auto","background-attachment":"scroll","background-type":"","background-media":"","overlay-type":"","overlay-color":"","overlay-opacity":"","overlay-gradient":""},"mobile":{"background-color":"","background-image":"","background-repeat":"repeat","background-position":"center center","background-size":"auto","background-attachment":"scroll","background-type":"","background-media":"","overlay-type":"","overlay-color":"","overlay-opacity":"","overlay-gradient":""}},"ast-content-background-meta":{"desktop":{"background-color":"var(--ast-global-color-4)","background-image":"","background-repeat":"repeat","background-position":"center center","background-size":"auto","background-attachment":"scroll","background-type":"","background-media":"","overlay-type":"","overlay-color":"","overlay-opacity":"","overlay-gradient":""},"tablet":{"background-color":"var(--ast-global-color-4)","background-image":"","background-repeat":"repeat","background-position":"center center","background-size":"auto","background-attachment":"scroll","background-type":"","background-media":"","overlay-type":"","overlay-color":"","overlay-opacity":"","overlay-gradient":""},"mobile":{"background-color":"var(--ast-global-color-4)","background-image":"","background-repeat":"repeat","background-position":"center center","background-size":"auto","background-attachment":"scroll","background-type":"","background-media":"","overlay-type":"","overlay-color":"","overlay-opacity":"","overlay-gradient":""}}},"product_brand":[261],"product_cat":[259,59,260],"product_tag":[262],"class_list":{"0":"post-2740","1":"product","2":"type-product","3":"status-publish","4":"has-post-thumbnail","6":"product_brand-kenwood","7":"product_cat-kenwood","8":"product_cat-radio-comunicacion","9":"product_cat-radio-portatil","10":"product_tag-kenwood","11":"desktop-align-left","12":"tablet-align-left","13":"mobile-align-left","15":"first","16":"instock","17":"shipping-taxable","18":"product-type-simple"},"yoast_head":"<!-- This site is optimized with the Yoast SEO plugin v25.3 - https:\/\/yoast.com\/wordpress\/plugins\/seo\/ -->\n<title>Radio KENWOOD TK-2000\/3000 - Tecplan<\/title>\n<meta name=\"robots\" content=\"index, follow, max-snippet:-1, max-image-preview:large, max-video-preview:-1\" \/>\n<link rel=\"canonical\" href=\"https:\/\/tecplan.com.es\/en\/product\/radio-kenwood-tk-2000-3000\/\" \/>\n<meta property=\"og:locale\" content=\"en_US\" \/>\n<meta property=\"og:type\" content=\"article\" \/>\n<meta property=\"og:title\" content=\"Radio KENWOOD TK-2000\/3000 - Tecplan\" \/>\n<meta property=\"og:description\" content=\"Delgado y liviano: el TK-2000\/3000 de KENWOOD es extremadamente f\u00e1cil de manejar y operar. Sin embargo, esta pr\u00e1ctica radio compacta es extremadamente confiable y cumple con las famosas y estrictas especificaciones MIL-STD 810 C\/D\/E\/F y G.\u00a0Con su rendimiento bien equilibrado, tiene perfecto sentido comercial, especialmente para el control de inventario y las operaciones de la industria de servicios.     &nbsp;\" \/>\n<meta property=\"og:url\" content=\"https:\/\/tecplan.com.es\/en\/product\/radio-kenwood-tk-2000-3000\/\" \/>\n<meta property=\"og:site_name\" content=\"Tecplan\" \/>\n<meta property=\"article:modified_time\" content=\"2025-09-03T22:13:18+00:00\" \/>\n<meta property=\"og:image\" content=\"https:\/\/tecplan.com.es\/wp-content\/uploads\/2025\/09\/tk20003000.png.webp\" \/>\n\t<meta property=\"og:image:width\" content=\"1080\" \/>\n\t<meta property=\"og:image:height\" content=\"1080\" \/>\n\t<meta property=\"og:image:type\" content=\"image\/webp\" \/>\n<meta name=\"twitter:card\" content=\"summary_large_image\" \/>\n<meta name=\"twitter:label1\" content=\"Est. reading time\" \/>\n\t<meta name=\"twitter:data1\" content=\"2 minutes\" \/>\n<script type=\"application\/ld+json\" class=\"yoast-schema-graph\">{\"@context\":\"https:\/\/schema.org\",\"@graph\":[{\"@type\":\"WebPage\",\"@id\":\"https:\/\/tecplan.com.es\/product\/radio-kenwood-tk-2000-3000\/\",\"url\":\"https:\/\/tecplan.com.es\/product\/radio-kenwood-tk-2000-3000\/\",\"name\":\"Radio KENWOOD TK-2000\/3000 - Tecplan\",\"isPartOf\":{\"@id\":\"https:\/\/tecplan.com.es\/#website\"},\"primaryImageOfPage\":{\"@id\":\"https:\/\/tecplan.com.es\/product\/radio-kenwood-tk-2000-3000\/#primaryimage\"},\"image\":{\"@id\":\"https:\/\/tecplan.com.es\/product\/radio-kenwood-tk-2000-3000\/#primaryimage\"},\"thumbnailUrl\":\"https:\/\/tecplan.com.es\/wp-content\/uploads\/2025\/09\/tk20003000.png.webp\",\"datePublished\":\"2025-09-03T21:56:07+00:00\",\"dateModified\":\"2025-09-03T22:13:18+00:00\",\"breadcrumb\":{\"@id\":\"https:\/\/tecplan.com.es\/product\/radio-kenwood-tk-2000-3000\/#breadcrumb\"},\"inLanguage\":\"en-US\",\"potentialAction\":[{\"@type\":\"ReadAction\",\"target\":[\"https:\/\/tecplan.com.es\/product\/radio-kenwood-tk-2000-3000\/\"]}]},{\"@type\":\"ImageObject\",\"inLanguage\":\"en-US\",\"@id\":\"https:\/\/tecplan.com.es\/product\/radio-kenwood-tk-2000-3000\/#primaryimage\",\"url\":\"https:\/\/tecplan.com.es\/wp-content\/uploads\/2025\/09\/tk20003000.png.webp\",\"contentUrl\":\"https:\/\/tecplan.com.es\/wp-content\/uploads\/2025\/09\/tk20003000.png.webp\",\"width\":1080,\"height\":1080},{\"@type\":\"BreadcrumbList\",\"@id\":\"https:\/\/tecplan.com.es\/product\/radio-kenwood-tk-2000-3000\/#breadcrumb\",\"itemListElement\":[{\"@type\":\"ListItem\",\"position\":1,\"name\":\"Home\",\"item\":\"https:\/\/tecplan.com.es\/\"},{\"@type\":\"ListItem\",\"position\":2,\"name\":\"Shop\",\"item\":\"https:\/\/tecplan.com.es\/shop\/\"},{\"@type\":\"ListItem\",\"position\":3,\"name\":\"Radio KENWOOD TK-2000\/3000\"}]},{\"@type\":\"WebSite\",\"@id\":\"https:\/\/tecplan.com.es\/#website\",\"url\":\"https:\/\/tecplan.com.es\/\",\"name\":\"Tecplan\",\"description\":\"\",\"potentialAction\":[{\"@type\":\"SearchAction\",\"target\":{\"@type\":\"EntryPoint\",\"urlTemplate\":\"https:\/\/tecplan.com.es\/?s={search_term_string}\"},\"query-input\":{\"@type\":\"PropertyValueSpecification\",\"valueRequired\":true,\"valueName\":\"search_term_string\"}}],\"inLanguage\":\"en-US\"}]}<\/script>\n<!-- \/ Yoast SEO plugin. -->","yoast_head_json":{"title":"Radio KENWOOD TK-2000\/3000 - Tecplan","robots":{"index":"index","follow":"follow","max-snippet":"max-snippet:-1","max-image-preview":"max-image-preview:large","max-video-preview":"max-video-preview:-1"},"canonical":"https:\/\/tecplan.com.es\/en\/product\/radio-kenwood-tk-2000-3000\/","og_locale":"en_US","og_type":"article","og_title":"Radio KENWOOD TK-2000\/3000 - Tecplan","og_description":"Delgado y liviano: el TK-2000\/3000 de KENWOOD es extremadamente f\u00e1cil de manejar y operar. Sin embargo, esta pr\u00e1ctica radio compacta es extremadamente confiable y cumple con las famosas y estrictas especificaciones MIL-STD 810 C\/D\/E\/F y G.\u00a0Con su rendimiento bien equilibrado, tiene perfecto sentido comercial, especialmente para el control de inventario y las operaciones de la industria de servicios.     &nbsp;","og_url":"https:\/\/tecplan.com.es\/en\/product\/radio-kenwood-tk-2000-3000\/","og_site_name":"Tecplan","article_modified_time":"2025-09-03T22:13:18+00:00","og_image":[{"width":1080,"height":1080,"url":"https:\/\/tecplan.com.es\/wp-content\/uploads\/2025\/09\/tk20003000.png.webp","type":"image\/webp"}],"twitter_card":"summary_large_image","twitter_misc":{"Est. reading time":"2 minutes"},"schema":{"@context":"https:\/\/schema.org","@graph":[{"@type":"WebPage","@id":"https:\/\/tecplan.com.es\/product\/radio-kenwood-tk-2000-3000\/","url":"https:\/\/tecplan.com.es\/product\/radio-kenwood-tk-2000-3000\/","name":"Radio KENWOOD TK-2000\/3000 - Tecplan","isPartOf":{"@id":"https:\/\/tecplan.com.es\/#website"},"primaryImageOfPage":{"@id":"https:\/\/tecplan.com.es\/product\/radio-kenwood-tk-2000-3000\/#primaryimage"},"image":{"@id":"https:\/\/tecplan.com.es\/product\/radio-kenwood-tk-2000-3000\/#primaryimage"},"thumbnailUrl":"https:\/\/tecplan.com.es\/wp-content\/uploads\/2025\/09\/tk20003000.png.webp","datePublished":"2025-09-03T21:56:07+00:00","dateModified":"2025-09-03T22:13:18+00:00","breadcrumb":{"@id":"https:\/\/tecplan.com.es\/product\/radio-kenwood-tk-2000-3000\/#breadcrumb"},"inLanguage":"en-US","potentialAction":[{"@type":"ReadAction","target":["https:\/\/tecplan.com.es\/product\/radio-kenwood-tk-2000-3000\/"]}]},{"@type":"ImageObject","inLanguage":"en-US","@id":"https:\/\/tecplan.com.es\/product\/radio-kenwood-tk-2000-3000\/#primaryimage","url":"https:\/\/tecplan.com.es\/wp-content\/uploads\/2025\/09\/tk20003000.png.webp","contentUrl":"https:\/\/tecplan.com.es\/wp-content\/uploads\/2025\/09\/tk20003000.png.webp","width":1080,"height":1080},{"@type":"BreadcrumbList","@id":"https:\/\/tecplan.com.es\/product\/radio-kenwood-tk-2000-3000\/#breadcrumb","itemListElement":[{"@type":"ListItem","position":1,"name":"Home","item":"https:\/\/tecplan.com.es\/"},{"@type":"ListItem","position":2,"name":"Shop","item":"https:\/\/tecplan.com.es\/shop\/"},{"@type":"ListItem","position":3,"name":"Radio KENWOOD TK-2000\/3000"}]},{"@type":"WebSite","@id":"https:\/\/tecplan.com.es\/#website","url":"https:\/\/tecplan.com.es\/","name":"Tecplan","description":"","potentialAction":[{"@type":"SearchAction","target":{"@type":"EntryPoint","urlTemplate":"https:\/\/tecplan.com.es\/?s={search_term_string}"},"query-input":{"@type":"PropertyValueSpecification","valueRequired":true,"valueName":"search_term_string"}}],"inLanguage":"en-US"}]}},"_links":{"self":[{"href":"https:\/\/tecplan.com.es\/en\/wp-json\/wp\/v2\/product\/2740","targetHints":{"allow":["GET"]}}],"collection":[{"href":"https:\/\/tecplan.com.es\/en\/wp-json\/wp\/v2\/product"}],"about":[{"href":"https:\/\/tecplan.com.es\/en\/wp-json\/wp\/v2\/types\/product"}],"replies":[{"embeddable":true,"href":"https:\/\/tecplan.com.es\/en\/wp-json\/wp\/v2\/comments?post=2740"}],"version-history":[{"count":3,"href":"https:\/\/tecplan.com.es\/en\/wp-json\/wp\/v2\/product\/2740\/revisions"}],"predecessor-version":[{"id":2751,"href":"https:\/\/tecplan.com.es\/en\/wp-json\/wp\/v2\/product\/2740\/revisions\/2751"}],"wp:featuredmedia":[{"embeddable":true,"href":"https:\/\/tecplan.com.es\/en\/wp-json\/wp\/v2\/media\/2745"}],"wp:attachment":[{"href":"https:\/\/tecplan.com.es\/en\/wp-json\/wp\/v2\/media?parent=2740"}],"wp:term":[{"taxonomy":"product_brand","embeddable":true,"href":"https:\/\/tecplan.com.es\/en\/wp-json\/wp\/v2\/product_brand?post=2740"},{"taxonomy":"product_cat","embeddable":true,"href":"https:\/\/tecplan.com.es\/en\/wp-json\/wp\/v2\/product_cat?post=2740"},{"taxonomy":"product_tag","embeddable":true,"href":"https:\/\/tecplan.com.es\/en\/wp-json\/wp\/v2\/product_tag?post=2740"}],"curies":[{"name":"wp","href":"https:\/\/api.w.org\/{rel}","templated":true}]}}