{"id":2735,"date":"2025-09-03T20:03:46","date_gmt":"2025-09-03T20:03:46","guid":{"rendered":"https:\/\/tecplan.com.es\/?post_type=product&#038;p=2735"},"modified":"2025-09-03T20:58:22","modified_gmt":"2025-09-03T20:58:22","slug":"fusionadora-de-fibra-optica-tumtec-fst-18h","status":"publish","type":"product","link":"https:\/\/tecplan.com.es\/en\/product\/fusionadora-de-fibra-optica-tumtec-fst-18h\/","title":{"rendered":"Fusionadora de Fibra \u00d3ptica Tumtec FST-18H"},"content":{"rendered":"<p><strong style=\"font-size: 16px; text-align: justify;\">usiondora De Fibra Optica Fttx Tumtec FST-18H<\/strong><\/p>\n<p style=\"text-align: justify;\">Tumtec FST-18H FTTH empalmadora de fusi\u00f3n \u00f3ptica FST-18H se aplica principalmente en FTTX, adoptando cuatro n\u00facleos industriales CPU (frecuencia dominante 1.4Ghz), bajo consumo de energ\u00eda y rendimiento de alta calidad.Adem\u00e1s, 18H adopta precisi\u00f3n y ranura en V activa Revestimiento de alineaci\u00f3n. 18H es peque\u00f1o pero con caparaz\u00f3n fuerte, se encuentra Todo tipo de ambiente de trabajo severo.<\/p>\n<p style=\"text-align: justify;\">La fusiondora de cubierta de protecci\u00f3n es a prueba de viento, a prueba de congelaci\u00f3n, a prueba de terremotos, a prueba de agua, proporciona la protecci\u00f3n para la fibra; Pl\u00e1stico transparente bot\u00f3n, para una operaci\u00f3n conveniente, con asa y correa.<\/p>\n<p style=\"text-align: justify;\">Fusiondora FST-18H adopta Mini-USB 2.0 y posee bater\u00eda de gran capacidad con 4800 mAh, proporcionando 180 veces empalmes \/ calentamiento. Cada El empalme.<\/p>\n<p style=\"text-align: justify;\">El \u00e1ngulo ajustable del monitor es \u2267 180 \u00b0 .18H adopta 4.3 \u201d480 * 272 pantalla t\u00e1ctil LCD de alta resoluci\u00f3n. Doble clic Puede realizar un aumento de 450X. El usuario puede hacer zoom en fibra por haga doble clic en la pantalla y verifique si el empalme El estado es bueno o no.<\/p>\n<p style=\"text-align: justify;\">Empalmador de fusion de fibra FST-18H es f\u00e1cil de usar para el usuario con 3s para encender, 6s para empalmar, 15s\u00a0para calentar, alineaci\u00f3n de revestimiento a revestimiento con el programa de empalme autom\u00e1tico.<\/p>\n<p><!--more--><\/p>\n<h5 style=\"text-align: justify;\"><span style=\"text-decoration: underline;\"><strong>DOWNLOADS<\/strong><\/span><\/h5>\n<ul style=\"text-align: justify;\">\n<li><a href=\"https:\/\/drive.google.com\/file\/d\/1Y0F1bZo2qqcGMvSpuPzMMdlf3YvMBg25\/view?usp=sharing\">\u2192 Technical specifications<\/a><\/li>\n<\/ul>","protected":false},"excerpt":{"rendered":"<p>Usado para proyectos man\/telecommunication\/ fttx. Empalme autom\u00e1tico y calefacci\u00f3n y calibraci\u00f3n de arco, una dise\u00f1o activo de ranura en V; Dise\u00f1o industrial robusto, antivibraciones a prueba de polvo e impermeable.<\/p>\n<p><strong>Especificaciones Del Producto:<\/strong><\/p>\n<ul class=\"prdtPmt\">\n<li>Nombre:FST-18H<\/li>\n<li>Size:120W*165L*135H<\/li>\n<li>N\u00facleos:1 Filamento<\/li>\n<li>m\u00e9todo de alineaci\u00f3n: Revestimiento<\/li>\n<li>capacidad de la bater\u00eda:4800mAh<\/li>\n<\/ul>\n<p><!--more--><\/p>\n<p><img decoding=\"async\" class=\"wp-image-2725 aligncenter\" src=\"https:\/\/tecplan.com.es\/wp-content\/uploads\/2025\/09\/Tumtec-Logo-300x79.png\" alt=\"\" width=\"210\" height=\"47\" \/><\/p>","protected":false},"featured_media":2736,"comment_status":"open","ping_status":"closed","template":"","meta":{"site-sidebar-layout":"default","site-content-layout":"","ast-site-content-layout":"default","site-content-style":"default","site-sidebar-style":"default","ast-global-header-display":"","ast-banner-title-visibility":"","ast-main-header-display":"","ast-hfb-above-header-display":"","ast-hfb-below-header-display":"","ast-hfb-mobile-header-display":"","site-post-title":"","ast-breadcrumbs-content":"","ast-featured-img":"","footer-sml-layout":"","ast-disable-related-posts":"","theme-transparent-header-meta":"default","adv-header-id-meta":"","stick-header-meta":"","header-above-stick-meta":"","header-main-stick-meta":"","header-below-stick-meta":"","astra-migrate-meta-layouts":"set","ast-page-background-enabled":"default","ast-page-background-meta":{"desktop":{"background-color":"var(--ast-global-color-5)","background-image":"","background-repeat":"repeat","background-position":"center center","background-size":"auto","background-attachment":"scroll","background-type":"","background-media":"","overlay-type":"","overlay-color":"","overlay-opacity":"","overlay-gradient":""},"tablet":{"background-color":"","background-image":"","background-repeat":"repeat","background-position":"center center","background-size":"auto","background-attachment":"scroll","background-type":"","background-media":"","overlay-type":"","overlay-color":"","overlay-opacity":"","overlay-gradient":""},"mobile":{"background-color":"","background-image":"","background-repeat":"repeat","background-position":"center center","background-size":"auto","background-attachment":"scroll","background-type":"","background-media":"","overlay-type":"","overlay-color":"","overlay-opacity":"","overlay-gradient":""}},"ast-content-background-meta":{"desktop":{"background-color":"var(--ast-global-color-4)","background-image":"","background-repeat":"repeat","background-position":"center center","background-size":"auto","background-attachment":"scroll","background-type":"","background-media":"","overlay-type":"","overlay-color":"","overlay-opacity":"","overlay-gradient":""},"tablet":{"background-color":"var(--ast-global-color-4)","background-image":"","background-repeat":"repeat","background-position":"center center","background-size":"auto","background-attachment":"scroll","background-type":"","background-media":"","overlay-type":"","overlay-color":"","overlay-opacity":"","overlay-gradient":""},"mobile":{"background-color":"var(--ast-global-color-4)","background-image":"","background-repeat":"repeat","background-position":"center center","background-size":"auto","background-attachment":"scroll","background-type":"","background-media":"","overlay-type":"","overlay-color":"","overlay-opacity":"","overlay-gradient":""}}},"product_brand":[258],"product_cat":[110,96,108],"product_tag":[217],"class_list":{"0":"post-2735","1":"product","2":"type-product","3":"status-publish","4":"has-post-thumbnail","6":"product_brand-tumtec","7":"product_cat-fusionadoras","8":"product_cat-networking","9":"product_cat-tumtec","10":"product_tag-tumtec","11":"desktop-align-left","12":"tablet-align-left","13":"mobile-align-left","15":"first","16":"instock","17":"shipping-taxable","18":"product-type-simple"},"yoast_head":"<!-- This site is optimized with the Yoast SEO plugin v25.3 - https:\/\/yoast.com\/wordpress\/plugins\/seo\/ -->\n<title>Fusionadora de Fibra \u00d3ptica Tumtec FST-18H - Tecplan<\/title>\n<meta name=\"robots\" content=\"index, follow, max-snippet:-1, max-image-preview:large, max-video-preview:-1\" \/>\n<link rel=\"canonical\" href=\"https:\/\/tecplan.com.es\/en\/product\/fusionadora-de-fibra-optica-tumtec-fst-18h\/\" \/>\n<meta property=\"og:locale\" content=\"en_US\" \/>\n<meta property=\"og:type\" content=\"article\" \/>\n<meta property=\"og:title\" content=\"Fusionadora de Fibra \u00d3ptica Tumtec FST-18H - Tecplan\" \/>\n<meta property=\"og:description\" content=\"Usado para proyectos man\/telecommunication\/ fttx. Empalme autom\u00e1tico y calefacci\u00f3n y calibraci\u00f3n de arco, una dise\u00f1o activo de ranura en V; Dise\u00f1o industrial robusto, antivibraciones a prueba de polvo e impermeable.  Especificaciones Del Producto:   Nombre:FST-18H  Size:120W*165L*135H  N\u00facleos:1 Filamento  m\u00e9todo de alineaci\u00f3n: Revestimiento  capacidad de la bater\u00eda:4800mAh\" \/>\n<meta property=\"og:url\" content=\"https:\/\/tecplan.com.es\/en\/product\/fusionadora-de-fibra-optica-tumtec-fst-18h\/\" \/>\n<meta property=\"og:site_name\" content=\"Tecplan\" \/>\n<meta property=\"article:modified_time\" content=\"2025-09-03T20:58:22+00:00\" \/>\n<meta property=\"og:image\" content=\"https:\/\/tecplan.com.es\/wp-content\/uploads\/2025\/09\/202004141356590vG2K6.jpg-1.webp\" \/>\n\t<meta property=\"og:image:width\" content=\"800\" \/>\n\t<meta property=\"og:image:height\" content=\"800\" \/>\n\t<meta property=\"og:image:type\" content=\"image\/webp\" \/>\n<meta name=\"twitter:card\" content=\"summary_large_image\" \/>\n<meta name=\"twitter:label1\" content=\"Est. reading time\" \/>\n\t<meta name=\"twitter:data1\" content=\"2 minutes\" \/>\n<script type=\"application\/ld+json\" class=\"yoast-schema-graph\">{\"@context\":\"https:\/\/schema.org\",\"@graph\":[{\"@type\":\"WebPage\",\"@id\":\"https:\/\/tecplan.com.es\/product\/fusionadora-de-fibra-optica-tumtec-fst-18h\/\",\"url\":\"https:\/\/tecplan.com.es\/product\/fusionadora-de-fibra-optica-tumtec-fst-18h\/\",\"name\":\"Fusionadora de Fibra \u00d3ptica Tumtec FST-18H - Tecplan\",\"isPartOf\":{\"@id\":\"https:\/\/tecplan.com.es\/#website\"},\"primaryImageOfPage\":{\"@id\":\"https:\/\/tecplan.com.es\/product\/fusionadora-de-fibra-optica-tumtec-fst-18h\/#primaryimage\"},\"image\":{\"@id\":\"https:\/\/tecplan.com.es\/product\/fusionadora-de-fibra-optica-tumtec-fst-18h\/#primaryimage\"},\"thumbnailUrl\":\"https:\/\/tecplan.com.es\/wp-content\/uploads\/2025\/09\/202004141356590vG2K6.jpg-1.webp\",\"datePublished\":\"2025-09-03T20:03:46+00:00\",\"dateModified\":\"2025-09-03T20:58:22+00:00\",\"breadcrumb\":{\"@id\":\"https:\/\/tecplan.com.es\/product\/fusionadora-de-fibra-optica-tumtec-fst-18h\/#breadcrumb\"},\"inLanguage\":\"en-US\",\"potentialAction\":[{\"@type\":\"ReadAction\",\"target\":[\"https:\/\/tecplan.com.es\/product\/fusionadora-de-fibra-optica-tumtec-fst-18h\/\"]}]},{\"@type\":\"ImageObject\",\"inLanguage\":\"en-US\",\"@id\":\"https:\/\/tecplan.com.es\/product\/fusionadora-de-fibra-optica-tumtec-fst-18h\/#primaryimage\",\"url\":\"https:\/\/tecplan.com.es\/wp-content\/uploads\/2025\/09\/202004141356590vG2K6.jpg-1.webp\",\"contentUrl\":\"https:\/\/tecplan.com.es\/wp-content\/uploads\/2025\/09\/202004141356590vG2K6.jpg-1.webp\",\"width\":800,\"height\":800},{\"@type\":\"BreadcrumbList\",\"@id\":\"https:\/\/tecplan.com.es\/product\/fusionadora-de-fibra-optica-tumtec-fst-18h\/#breadcrumb\",\"itemListElement\":[{\"@type\":\"ListItem\",\"position\":1,\"name\":\"Home\",\"item\":\"https:\/\/tecplan.com.es\/\"},{\"@type\":\"ListItem\",\"position\":2,\"name\":\"Shop\",\"item\":\"https:\/\/tecplan.com.es\/shop\/\"},{\"@type\":\"ListItem\",\"position\":3,\"name\":\"Fusionadora de Fibra \u00d3ptica Tumtec FST-18H\"}]},{\"@type\":\"WebSite\",\"@id\":\"https:\/\/tecplan.com.es\/#website\",\"url\":\"https:\/\/tecplan.com.es\/\",\"name\":\"Tecplan\",\"description\":\"\",\"potentialAction\":[{\"@type\":\"SearchAction\",\"target\":{\"@type\":\"EntryPoint\",\"urlTemplate\":\"https:\/\/tecplan.com.es\/?s={search_term_string}\"},\"query-input\":{\"@type\":\"PropertyValueSpecification\",\"valueRequired\":true,\"valueName\":\"search_term_string\"}}],\"inLanguage\":\"en-US\"}]}<\/script>\n<!-- \/ Yoast SEO plugin. -->","yoast_head_json":{"title":"Fusionadora de Fibra \u00d3ptica Tumtec FST-18H - Tecplan","robots":{"index":"index","follow":"follow","max-snippet":"max-snippet:-1","max-image-preview":"max-image-preview:large","max-video-preview":"max-video-preview:-1"},"canonical":"https:\/\/tecplan.com.es\/en\/product\/fusionadora-de-fibra-optica-tumtec-fst-18h\/","og_locale":"en_US","og_type":"article","og_title":"Fusionadora de Fibra \u00d3ptica Tumtec FST-18H - Tecplan","og_description":"Usado para proyectos man\/telecommunication\/ fttx. Empalme autom\u00e1tico y calefacci\u00f3n y calibraci\u00f3n de arco, una dise\u00f1o activo de ranura en V; Dise\u00f1o industrial robusto, antivibraciones a prueba de polvo e impermeable.  Especificaciones Del Producto:   Nombre:FST-18H  Size:120W*165L*135H  N\u00facleos:1 Filamento  m\u00e9todo de alineaci\u00f3n: Revestimiento  capacidad de la bater\u00eda:4800mAh","og_url":"https:\/\/tecplan.com.es\/en\/product\/fusionadora-de-fibra-optica-tumtec-fst-18h\/","og_site_name":"Tecplan","article_modified_time":"2025-09-03T20:58:22+00:00","og_image":[{"width":800,"height":800,"url":"https:\/\/tecplan.com.es\/wp-content\/uploads\/2025\/09\/202004141356590vG2K6.jpg-1.webp","type":"image\/webp"}],"twitter_card":"summary_large_image","twitter_misc":{"Est. reading time":"2 minutes"},"schema":{"@context":"https:\/\/schema.org","@graph":[{"@type":"WebPage","@id":"https:\/\/tecplan.com.es\/product\/fusionadora-de-fibra-optica-tumtec-fst-18h\/","url":"https:\/\/tecplan.com.es\/product\/fusionadora-de-fibra-optica-tumtec-fst-18h\/","name":"Fusionadora de Fibra \u00d3ptica Tumtec FST-18H - Tecplan","isPartOf":{"@id":"https:\/\/tecplan.com.es\/#website"},"primaryImageOfPage":{"@id":"https:\/\/tecplan.com.es\/product\/fusionadora-de-fibra-optica-tumtec-fst-18h\/#primaryimage"},"image":{"@id":"https:\/\/tecplan.com.es\/product\/fusionadora-de-fibra-optica-tumtec-fst-18h\/#primaryimage"},"thumbnailUrl":"https:\/\/tecplan.com.es\/wp-content\/uploads\/2025\/09\/202004141356590vG2K6.jpg-1.webp","datePublished":"2025-09-03T20:03:46+00:00","dateModified":"2025-09-03T20:58:22+00:00","breadcrumb":{"@id":"https:\/\/tecplan.com.es\/product\/fusionadora-de-fibra-optica-tumtec-fst-18h\/#breadcrumb"},"inLanguage":"en-US","potentialAction":[{"@type":"ReadAction","target":["https:\/\/tecplan.com.es\/product\/fusionadora-de-fibra-optica-tumtec-fst-18h\/"]}]},{"@type":"ImageObject","inLanguage":"en-US","@id":"https:\/\/tecplan.com.es\/product\/fusionadora-de-fibra-optica-tumtec-fst-18h\/#primaryimage","url":"https:\/\/tecplan.com.es\/wp-content\/uploads\/2025\/09\/202004141356590vG2K6.jpg-1.webp","contentUrl":"https:\/\/tecplan.com.es\/wp-content\/uploads\/2025\/09\/202004141356590vG2K6.jpg-1.webp","width":800,"height":800},{"@type":"BreadcrumbList","@id":"https:\/\/tecplan.com.es\/product\/fusionadora-de-fibra-optica-tumtec-fst-18h\/#breadcrumb","itemListElement":[{"@type":"ListItem","position":1,"name":"Home","item":"https:\/\/tecplan.com.es\/"},{"@type":"ListItem","position":2,"name":"Shop","item":"https:\/\/tecplan.com.es\/shop\/"},{"@type":"ListItem","position":3,"name":"Fusionadora de Fibra \u00d3ptica Tumtec FST-18H"}]},{"@type":"WebSite","@id":"https:\/\/tecplan.com.es\/#website","url":"https:\/\/tecplan.com.es\/","name":"Tecplan","description":"","potentialAction":[{"@type":"SearchAction","target":{"@type":"EntryPoint","urlTemplate":"https:\/\/tecplan.com.es\/?s={search_term_string}"},"query-input":{"@type":"PropertyValueSpecification","valueRequired":true,"valueName":"search_term_string"}}],"inLanguage":"en-US"}]}},"_links":{"self":[{"href":"https:\/\/tecplan.com.es\/en\/wp-json\/wp\/v2\/product\/2735","targetHints":{"allow":["GET"]}}],"collection":[{"href":"https:\/\/tecplan.com.es\/en\/wp-json\/wp\/v2\/product"}],"about":[{"href":"https:\/\/tecplan.com.es\/en\/wp-json\/wp\/v2\/types\/product"}],"replies":[{"embeddable":true,"href":"https:\/\/tecplan.com.es\/en\/wp-json\/wp\/v2\/comments?post=2735"}],"version-history":[{"count":3,"href":"https:\/\/tecplan.com.es\/en\/wp-json\/wp\/v2\/product\/2735\/revisions"}],"predecessor-version":[{"id":2738,"href":"https:\/\/tecplan.com.es\/en\/wp-json\/wp\/v2\/product\/2735\/revisions\/2738"}],"wp:featuredmedia":[{"embeddable":true,"href":"https:\/\/tecplan.com.es\/en\/wp-json\/wp\/v2\/media\/2736"}],"wp:attachment":[{"href":"https:\/\/tecplan.com.es\/en\/wp-json\/wp\/v2\/media?parent=2735"}],"wp:term":[{"taxonomy":"product_brand","embeddable":true,"href":"https:\/\/tecplan.com.es\/en\/wp-json\/wp\/v2\/product_brand?post=2735"},{"taxonomy":"product_cat","embeddable":true,"href":"https:\/\/tecplan.com.es\/en\/wp-json\/wp\/v2\/product_cat?post=2735"},{"taxonomy":"product_tag","embeddable":true,"href":"https:\/\/tecplan.com.es\/en\/wp-json\/wp\/v2\/product_tag?post=2735"}],"curies":[{"name":"wp","href":"https:\/\/api.w.org\/{rel}","templated":true}]}}