{"id":2724,"date":"2025-09-02T22:52:55","date_gmt":"2025-09-02T22:52:55","guid":{"rendered":"https:\/\/tecplan.com.es\/?post_type=product&#038;p=2724"},"modified":"2025-09-03T19:54:28","modified_gmt":"2025-09-03T19:54:28","slug":"fusiondora-de-alineacion-de-nucleo-tumtec-v9","status":"publish","type":"product","link":"https:\/\/tecplan.com.es\/en\/product\/fusiondora-de-alineacion-de-nucleo-tumtec-v9\/","title":{"rendered":"Fusiondora de Alineaci\u00f3n Tumtec V9+"},"content":{"rendered":"<p style=\"text-align: justify;\"><strong>Fusiondora De Alineaci\u00f3n De N\u00facleo Tumtec V9+<\/strong><\/p>\n<p style=\"text-align: justify;\">Tumtec V9 Empalmadora de fibra optica de proyecto troncal multifunci\u00f3n. La fusionadora V9 se utiliza principalmente para proyectos troncales, como m\u00e1s de 60 km. Adopta el m\u00e9todo de alineaci\u00f3n del n\u00facleo de precisi\u00f3n para garantizar la precisi\u00f3n y la baja p\u00e9rdida de empalme.<\/p>\n<p style=\"text-align: justify;\">La empaldora V9 cubierta de protecci\u00f3n es a prueba de viento, a prueba de congelaci\u00f3n, a prueba de sacudidas, a prueba de agua, proporciona protecci\u00f3n para fibra, pl\u00e1stico transparente bot\u00f3n, para una operaci\u00f3n conveniente, con asa y correa; La fusionadora fibra \u00f3ptica V9 \u00a0Usando puerto mini-USB 2.0, bater\u00eda de alta capacidad de 5200mAh, con fuerte resistencia, empalme y calentamiento por 280 veces.<\/p>\n<p style=\"text-align: justify;\">La fusionadora V9 Pantalla t\u00e1ctil LCD con \u00e1ngulo ajustable de m\u00e1s de 180 grados, con Pantalla t\u00e1ctil de alta resoluci\u00f3n de 5 \u00ab, haga doble clic en m\u00e1s de 500 veces, el operador puede ver la funci\u00f3n de zoom haga doble clic en la pantalla y observe el rastro de empalme en para decidir la situaci\u00f3n de empalme.<\/p>\n<p style=\"text-align: justify;\">La empalmadora V9 Velocidad de carrera r\u00e1pida, arranque de 3 segundos, empalme de 6 segundos, Calentamiento de 15 s, alineaci\u00f3n precisa de fibra \u00fanica con 6 motores y el procedimiento de empalme autom\u00e1tico es conveniente para operaci\u00f3n.<\/p>\n<p><!--more--><\/p>\n<h5 style=\"text-align: justify;\"><span style=\"text-decoration: underline;\"><strong>DOWNLOADS<\/strong><\/span><\/h5>\n<ul style=\"text-align: justify;\">\n<li><a href=\"https:\/\/drive.google.com\/file\/d\/18-Kwu3tG1Sac30L6yAgvhdzCBSRklwHz\/view?usp=sharing\">\u2192 Technical specifications<\/a><\/li>\n<\/ul>","protected":false},"excerpt":{"rendered":"<p style=\"text-align: justify;\">Fusiondora de alineaci\u00f3n de n\u00facleo ARC de precisi\u00f3n avanzada Tumtec V9 ; Sistemas de alineaci\u00f3n DACAS; T\u00e9cnica alemana de CNC y marco integrado de ajuste de fibra; identificar autom\u00e1tic el fibra; El empalme asegurado pierde dentro de 0.02dB.<\/p>\n<p style=\"text-align: justify;\"><strong>Especificaciones Del Producto:<\/strong><\/p>\n<ul class=\"prdtPmt\">\n<li style=\"text-align: justify;\">Nombre:V9<\/li>\n<li style=\"text-align: justify;\">Size:140W*170L*176Hmm<\/li>\n<li style=\"text-align: justify;\">N\u00facleos:1 Filamento<\/li>\n<li style=\"text-align: justify;\">m\u00e9todo de alineaci\u00f3n: alineaci\u00f3n-del-n\u00facleo<\/li>\n<li style=\"text-align: justify;\">capacidad de la bater\u00eda:5200mAh<\/li>\n<\/ul>\n<p><!--more--><\/p>\n<p><img decoding=\"async\" class=\"wp-image-2725 aligncenter\" src=\"https:\/\/tecplan.com.es\/wp-content\/uploads\/2025\/09\/Tumtec-Logo-300x79.png\" alt=\"\" width=\"170\" height=\"45\" srcset=\"https:\/\/tecplan.com.es\/wp-content\/uploads\/2025\/09\/Tumtec-Logo-300x79.png 300w, https:\/\/tecplan.com.es\/wp-content\/uploads\/2025\/09\/Tumtec-Logo-768x202.png 768w, https:\/\/tecplan.com.es\/wp-content\/uploads\/2025\/09\/Tumtec-Logo-18x5.png 18w, https:\/\/tecplan.com.es\/wp-content\/uploads\/2025\/09\/Tumtec-Logo-600x157.png 600w, https:\/\/tecplan.com.es\/wp-content\/uploads\/2025\/09\/Tumtec-Logo.png 808w\" sizes=\"(max-width: 170px) 100vw, 170px\" \/><\/p>","protected":false},"featured_media":2730,"comment_status":"open","ping_status":"closed","template":"","meta":{"site-sidebar-layout":"default","site-content-layout":"","ast-site-content-layout":"default","site-content-style":"default","site-sidebar-style":"default","ast-global-header-display":"","ast-banner-title-visibility":"","ast-main-header-display":"","ast-hfb-above-header-display":"","ast-hfb-below-header-display":"","ast-hfb-mobile-header-display":"","site-post-title":"","ast-breadcrumbs-content":"","ast-featured-img":"","footer-sml-layout":"","ast-disable-related-posts":"","theme-transparent-header-meta":"default","adv-header-id-meta":"","stick-header-meta":"","header-above-stick-meta":"","header-main-stick-meta":"","header-below-stick-meta":"","astra-migrate-meta-layouts":"set","ast-page-background-enabled":"default","ast-page-background-meta":{"desktop":{"background-color":"var(--ast-global-color-5)","background-image":"","background-repeat":"repeat","background-position":"center center","background-size":"auto","background-attachment":"scroll","background-type":"","background-media":"","overlay-type":"","overlay-color":"","overlay-opacity":"","overlay-gradient":""},"tablet":{"background-color":"","background-image":"","background-repeat":"repeat","background-position":"center center","background-size":"auto","background-attachment":"scroll","background-type":"","background-media":"","overlay-type":"","overlay-color":"","overlay-opacity":"","overlay-gradient":""},"mobile":{"background-color":"","background-image":"","background-repeat":"repeat","background-position":"center center","background-size":"auto","background-attachment":"scroll","background-type":"","background-media":"","overlay-type":"","overlay-color":"","overlay-opacity":"","overlay-gradient":""}},"ast-content-background-meta":{"desktop":{"background-color":"var(--ast-global-color-4)","background-image":"","background-repeat":"repeat","background-position":"center center","background-size":"auto","background-attachment":"scroll","background-type":"","background-media":"","overlay-type":"","overlay-color":"","overlay-opacity":"","overlay-gradient":""},"tablet":{"background-color":"var(--ast-global-color-4)","background-image":"","background-repeat":"repeat","background-position":"center center","background-size":"auto","background-attachment":"scroll","background-type":"","background-media":"","overlay-type":"","overlay-color":"","overlay-opacity":"","overlay-gradient":""},"mobile":{"background-color":"var(--ast-global-color-4)","background-image":"","background-repeat":"repeat","background-position":"center center","background-size":"auto","background-attachment":"scroll","background-type":"","background-media":"","overlay-type":"","overlay-color":"","overlay-opacity":"","overlay-gradient":""}}},"product_brand":[258],"product_cat":[110,96,108],"product_tag":[217],"class_list":{"0":"post-2724","1":"product","2":"type-product","3":"status-publish","4":"has-post-thumbnail","6":"product_brand-tumtec","7":"product_cat-fusionadoras","8":"product_cat-networking","9":"product_cat-tumtec","10":"product_tag-tumtec","11":"desktop-align-left","12":"tablet-align-left","13":"mobile-align-left","15":"first","16":"instock","17":"shipping-taxable","18":"product-type-simple"},"yoast_head":"<!-- This site is optimized with the Yoast SEO plugin v25.3 - https:\/\/yoast.com\/wordpress\/plugins\/seo\/ -->\n<title>Fusiondora de Alineaci\u00f3n Tumtec V9+ - Tecplan<\/title>\n<meta name=\"robots\" content=\"index, follow, max-snippet:-1, max-image-preview:large, max-video-preview:-1\" \/>\n<link rel=\"canonical\" href=\"https:\/\/tecplan.com.es\/en\/product\/fusiondora-de-alineacion-de-nucleo-tumtec-v9\/\" \/>\n<meta property=\"og:locale\" content=\"en_US\" \/>\n<meta property=\"og:type\" content=\"article\" \/>\n<meta property=\"og:title\" content=\"Fusiondora de Alineaci\u00f3n Tumtec V9+ - Tecplan\" \/>\n<meta property=\"og:description\" content=\"Fusiondora de alineaci\u00f3n de n\u00facleo ARC de precisi\u00f3n avanzada Tumtec V9 ; Sistemas de alineaci\u00f3n DACAS; T\u00e9cnica alemana de CNC y marco integrado de ajuste de fibra; identificar autom\u00e1tic el fibra; El empalme asegurado pierde dentro de 0.02dB. Especificaciones Del Producto:    Nombre:V9  Size:140W*170L*176Hmm  N\u00facleos:1 Filamento  m\u00e9todo de alineaci\u00f3n: alineaci\u00f3n-del-n\u00facleo  capacidad de la bater\u00eda:5200mAh\" \/>\n<meta property=\"og:url\" content=\"https:\/\/tecplan.com.es\/en\/product\/fusiondora-de-alineacion-de-nucleo-tumtec-v9\/\" \/>\n<meta property=\"og:site_name\" content=\"Tecplan\" \/>\n<meta property=\"article:modified_time\" content=\"2025-09-03T19:54:28+00:00\" \/>\n<meta property=\"og:image\" content=\"https:\/\/tecplan.com.es\/wp-content\/uploads\/2025\/09\/20200415100350dfgVyv.jpg.webp\" \/>\n\t<meta property=\"og:image:width\" content=\"800\" \/>\n\t<meta property=\"og:image:height\" content=\"800\" \/>\n\t<meta property=\"og:image:type\" content=\"image\/webp\" \/>\n<meta name=\"twitter:card\" content=\"summary_large_image\" \/>\n<meta name=\"twitter:label1\" content=\"Est. reading time\" \/>\n\t<meta name=\"twitter:data1\" content=\"2 minutes\" \/>\n<script type=\"application\/ld+json\" class=\"yoast-schema-graph\">{\"@context\":\"https:\/\/schema.org\",\"@graph\":[{\"@type\":\"WebPage\",\"@id\":\"https:\/\/tecplan.com.es\/product\/fusiondora-de-alineacion-de-nucleo-tumtec-v9\/\",\"url\":\"https:\/\/tecplan.com.es\/product\/fusiondora-de-alineacion-de-nucleo-tumtec-v9\/\",\"name\":\"Fusiondora de Alineaci\u00f3n Tumtec V9+ - Tecplan\",\"isPartOf\":{\"@id\":\"https:\/\/tecplan.com.es\/#website\"},\"primaryImageOfPage\":{\"@id\":\"https:\/\/tecplan.com.es\/product\/fusiondora-de-alineacion-de-nucleo-tumtec-v9\/#primaryimage\"},\"image\":{\"@id\":\"https:\/\/tecplan.com.es\/product\/fusiondora-de-alineacion-de-nucleo-tumtec-v9\/#primaryimage\"},\"thumbnailUrl\":\"https:\/\/tecplan.com.es\/wp-content\/uploads\/2025\/09\/20200415100350dfgVyv.jpg.webp\",\"datePublished\":\"2025-09-02T22:52:55+00:00\",\"dateModified\":\"2025-09-03T19:54:28+00:00\",\"breadcrumb\":{\"@id\":\"https:\/\/tecplan.com.es\/product\/fusiondora-de-alineacion-de-nucleo-tumtec-v9\/#breadcrumb\"},\"inLanguage\":\"en-US\",\"potentialAction\":[{\"@type\":\"ReadAction\",\"target\":[\"https:\/\/tecplan.com.es\/product\/fusiondora-de-alineacion-de-nucleo-tumtec-v9\/\"]}]},{\"@type\":\"ImageObject\",\"inLanguage\":\"en-US\",\"@id\":\"https:\/\/tecplan.com.es\/product\/fusiondora-de-alineacion-de-nucleo-tumtec-v9\/#primaryimage\",\"url\":\"https:\/\/tecplan.com.es\/wp-content\/uploads\/2025\/09\/20200415100350dfgVyv.jpg.webp\",\"contentUrl\":\"https:\/\/tecplan.com.es\/wp-content\/uploads\/2025\/09\/20200415100350dfgVyv.jpg.webp\",\"width\":800,\"height\":800},{\"@type\":\"BreadcrumbList\",\"@id\":\"https:\/\/tecplan.com.es\/product\/fusiondora-de-alineacion-de-nucleo-tumtec-v9\/#breadcrumb\",\"itemListElement\":[{\"@type\":\"ListItem\",\"position\":1,\"name\":\"Home\",\"item\":\"https:\/\/tecplan.com.es\/\"},{\"@type\":\"ListItem\",\"position\":2,\"name\":\"Shop\",\"item\":\"https:\/\/tecplan.com.es\/shop\/\"},{\"@type\":\"ListItem\",\"position\":3,\"name\":\"Fusiondora de Alineaci\u00f3n Tumtec V9+\"}]},{\"@type\":\"WebSite\",\"@id\":\"https:\/\/tecplan.com.es\/#website\",\"url\":\"https:\/\/tecplan.com.es\/\",\"name\":\"Tecplan\",\"description\":\"\",\"potentialAction\":[{\"@type\":\"SearchAction\",\"target\":{\"@type\":\"EntryPoint\",\"urlTemplate\":\"https:\/\/tecplan.com.es\/?s={search_term_string}\"},\"query-input\":{\"@type\":\"PropertyValueSpecification\",\"valueRequired\":true,\"valueName\":\"search_term_string\"}}],\"inLanguage\":\"en-US\"}]}<\/script>\n<!-- \/ Yoast SEO plugin. -->","yoast_head_json":{"title":"Fusiondora de Alineaci\u00f3n Tumtec V9+ - Tecplan","robots":{"index":"index","follow":"follow","max-snippet":"max-snippet:-1","max-image-preview":"max-image-preview:large","max-video-preview":"max-video-preview:-1"},"canonical":"https:\/\/tecplan.com.es\/en\/product\/fusiondora-de-alineacion-de-nucleo-tumtec-v9\/","og_locale":"en_US","og_type":"article","og_title":"Fusiondora de Alineaci\u00f3n Tumtec V9+ - Tecplan","og_description":"Fusiondora de alineaci\u00f3n de n\u00facleo ARC de precisi\u00f3n avanzada Tumtec V9 ; Sistemas de alineaci\u00f3n DACAS; T\u00e9cnica alemana de CNC y marco integrado de ajuste de fibra; identificar autom\u00e1tic el fibra; El empalme asegurado pierde dentro de 0.02dB. Especificaciones Del Producto:    Nombre:V9  Size:140W*170L*176Hmm  N\u00facleos:1 Filamento  m\u00e9todo de alineaci\u00f3n: alineaci\u00f3n-del-n\u00facleo  capacidad de la bater\u00eda:5200mAh","og_url":"https:\/\/tecplan.com.es\/en\/product\/fusiondora-de-alineacion-de-nucleo-tumtec-v9\/","og_site_name":"Tecplan","article_modified_time":"2025-09-03T19:54:28+00:00","og_image":[{"width":800,"height":800,"url":"https:\/\/tecplan.com.es\/wp-content\/uploads\/2025\/09\/20200415100350dfgVyv.jpg.webp","type":"image\/webp"}],"twitter_card":"summary_large_image","twitter_misc":{"Est. reading time":"2 minutes"},"schema":{"@context":"https:\/\/schema.org","@graph":[{"@type":"WebPage","@id":"https:\/\/tecplan.com.es\/product\/fusiondora-de-alineacion-de-nucleo-tumtec-v9\/","url":"https:\/\/tecplan.com.es\/product\/fusiondora-de-alineacion-de-nucleo-tumtec-v9\/","name":"Fusiondora de Alineaci\u00f3n Tumtec V9+ - Tecplan","isPartOf":{"@id":"https:\/\/tecplan.com.es\/#website"},"primaryImageOfPage":{"@id":"https:\/\/tecplan.com.es\/product\/fusiondora-de-alineacion-de-nucleo-tumtec-v9\/#primaryimage"},"image":{"@id":"https:\/\/tecplan.com.es\/product\/fusiondora-de-alineacion-de-nucleo-tumtec-v9\/#primaryimage"},"thumbnailUrl":"https:\/\/tecplan.com.es\/wp-content\/uploads\/2025\/09\/20200415100350dfgVyv.jpg.webp","datePublished":"2025-09-02T22:52:55+00:00","dateModified":"2025-09-03T19:54:28+00:00","breadcrumb":{"@id":"https:\/\/tecplan.com.es\/product\/fusiondora-de-alineacion-de-nucleo-tumtec-v9\/#breadcrumb"},"inLanguage":"en-US","potentialAction":[{"@type":"ReadAction","target":["https:\/\/tecplan.com.es\/product\/fusiondora-de-alineacion-de-nucleo-tumtec-v9\/"]}]},{"@type":"ImageObject","inLanguage":"en-US","@id":"https:\/\/tecplan.com.es\/product\/fusiondora-de-alineacion-de-nucleo-tumtec-v9\/#primaryimage","url":"https:\/\/tecplan.com.es\/wp-content\/uploads\/2025\/09\/20200415100350dfgVyv.jpg.webp","contentUrl":"https:\/\/tecplan.com.es\/wp-content\/uploads\/2025\/09\/20200415100350dfgVyv.jpg.webp","width":800,"height":800},{"@type":"BreadcrumbList","@id":"https:\/\/tecplan.com.es\/product\/fusiondora-de-alineacion-de-nucleo-tumtec-v9\/#breadcrumb","itemListElement":[{"@type":"ListItem","position":1,"name":"Home","item":"https:\/\/tecplan.com.es\/"},{"@type":"ListItem","position":2,"name":"Shop","item":"https:\/\/tecplan.com.es\/shop\/"},{"@type":"ListItem","position":3,"name":"Fusiondora de Alineaci\u00f3n Tumtec V9+"}]},{"@type":"WebSite","@id":"https:\/\/tecplan.com.es\/#website","url":"https:\/\/tecplan.com.es\/","name":"Tecplan","description":"","potentialAction":[{"@type":"SearchAction","target":{"@type":"EntryPoint","urlTemplate":"https:\/\/tecplan.com.es\/?s={search_term_string}"},"query-input":{"@type":"PropertyValueSpecification","valueRequired":true,"valueName":"search_term_string"}}],"inLanguage":"en-US"}]}},"_links":{"self":[{"href":"https:\/\/tecplan.com.es\/en\/wp-json\/wp\/v2\/product\/2724","targetHints":{"allow":["GET"]}}],"collection":[{"href":"https:\/\/tecplan.com.es\/en\/wp-json\/wp\/v2\/product"}],"about":[{"href":"https:\/\/tecplan.com.es\/en\/wp-json\/wp\/v2\/types\/product"}],"replies":[{"embeddable":true,"href":"https:\/\/tecplan.com.es\/en\/wp-json\/wp\/v2\/comments?post=2724"}],"version-history":[{"count":3,"href":"https:\/\/tecplan.com.es\/en\/wp-json\/wp\/v2\/product\/2724\/revisions"}],"predecessor-version":[{"id":2732,"href":"https:\/\/tecplan.com.es\/en\/wp-json\/wp\/v2\/product\/2724\/revisions\/2732"}],"wp:featuredmedia":[{"embeddable":true,"href":"https:\/\/tecplan.com.es\/en\/wp-json\/wp\/v2\/media\/2730"}],"wp:attachment":[{"href":"https:\/\/tecplan.com.es\/en\/wp-json\/wp\/v2\/media?parent=2724"}],"wp:term":[{"taxonomy":"product_brand","embeddable":true,"href":"https:\/\/tecplan.com.es\/en\/wp-json\/wp\/v2\/product_brand?post=2724"},{"taxonomy":"product_cat","embeddable":true,"href":"https:\/\/tecplan.com.es\/en\/wp-json\/wp\/v2\/product_cat?post=2724"},{"taxonomy":"product_tag","embeddable":true,"href":"https:\/\/tecplan.com.es\/en\/wp-json\/wp\/v2\/product_tag?post=2724"}],"curies":[{"name":"wp","href":"https:\/\/api.w.org\/{rel}","templated":true}]}}