{"id":2651,"date":"2025-09-01T21:44:07","date_gmt":"2025-09-01T21:44:07","guid":{"rendered":"https:\/\/tecplan.com.es\/?post_type=product&#038;p=2651"},"modified":"2025-09-01T22:11:58","modified_gmt":"2025-09-01T22:11:58","slug":"2651","status":"publish","type":"product","link":"https:\/\/tecplan.com.es\/en\/product\/2651\/","title":{"rendered":"Convertidor 4E1 75\/120ohms BNC\/Rj45"},"content":{"rendered":"<p><strong>Caracter\u00edsticas<\/strong><\/p>\n<ul>\n<li>Basado en auto-copyright IC<\/li>\n<li>Para lograr una transmisi\u00f3n transparente de datos Ethernet en circuitos 1-4E1<\/li>\n<li>Puede realizar el restablecimiento local y remoto del dispositivo<\/li>\n<li>La interfaz Ethernet es 100BASE-FX, compatible con el protocolo VLAN<\/li>\n<li>Direcci\u00f3n MAC Ethernet din\u00e1mica entre conjuntos (4096) con funci\u00f3n de filtrado de marco de datos local<\/li>\n<li>La velocidad de las l\u00edneas de un solo canal es de 1984 Kbit\/s, el ancho de banda de 4 canales es de hasta 7936 Kbit\/s<\/li>\n<li>Admite todo el conjunto de modos de trabajo Ethernet<\/li>\n<li>El umbral de alarma autom\u00e1tica CRC se puede configurar para aislar las l\u00edneas de transmisi\u00f3n de mala calidad y cortar una sola direcci\u00f3n.<\/li>\n<li>Cuando la tasa de error de una direcci\u00f3n del circuito derivado de 2M supera el umbral, al cortar esta direcci\u00f3n, la otra direcci\u00f3n no es afectado; es decir, ambas direcciones de transmisi\u00f3n Ethernet pueden ser asim\u00e9tricas<\/li>\n<li>Permitir una diferencia de retardo de tiempo de transmisi\u00f3n de 4 canales E1 de 100 ms. Cuando el margen exceda el rango permitido, el sistema puede detenerse autom\u00e1ticamente en el E1 que la demora de tiempo es demasiado grande para enviar datos<\/li>\n<li>La interfaz E1 cumple con ITU-T G.703, G.704 y G.823, no admite el uso de intervalo de tiempo de se\u00f1al<\/li>\n<li>M\u00f3dulo de interfaz E1 con circuito de recuperaci\u00f3n de reloj entre conjuntos y circuito de c\u00f3digo HDB3<\/li>\n<li>Admite la conexi\u00f3n en caliente del canal E1 en el dispositivo y detecta autom\u00e1ticamente el efectivo canal y no interrumpir\u00e1 la transmisi\u00f3n de datos<\/li>\n<li>Puede admitir la configuraci\u00f3n del canal E1 de 1-4 canales, puede detectar autom\u00e1ticamente el n\u00famero de E1 y seleccionar el E1 disponible.<\/li>\n<\/ul>","protected":false},"excerpt":{"rendered":"<p style=\"text-align: justify;\">Este convertidor de interfaz se basa en FPGA y utiliza tecnolog\u00eda de multiplexaci\u00f3n de direcci\u00f3n inversa para agrupar m\u00faltiples Circuitos E1 para transmitir los datos Ethernet de 4Channel 100BASE-TX. Puede realizar 1 ~ 4 canales E1 para convertir entre Interfaz \u00f3ptica Ethernet.<\/p>\n<p style=\"text-align: justify;\">Este dispositivo puede transmitir la se\u00f1al del transceptor punto a punto a la interfaz \u00f3ptica Ethernetpara hacer canales E1 interconectados con interfaz \u00f3ptica Ethernet. A diferencia del puente de red remoto general, este dispositivo puede admitir la configuraci\u00f3n del canal E1 de 1-4 canales, puede detectar autom\u00e1ticamente el n\u00famero de E1 y seleccionar el E1 disponible. Permite la diferencia de retardo de tiempo de transmisi\u00f3n de l\u00edneas E1.<\/p>\n<p><img decoding=\"async\" class=\"wp-image-1038 aligncenter\" src=\"https:\/\/tecplan.com.es\/wp-content\/uploads\/2025\/05\/summit-300x138.webp\" alt=\"\" width=\"240\" height=\"124\" \/><\/p>","protected":false},"featured_media":2638,"comment_status":"open","ping_status":"closed","template":"","meta":{"site-sidebar-layout":"default","site-content-layout":"","ast-site-content-layout":"default","site-content-style":"default","site-sidebar-style":"default","ast-global-header-display":"","ast-banner-title-visibility":"","ast-main-header-display":"","ast-hfb-above-header-display":"","ast-hfb-below-header-display":"","ast-hfb-mobile-header-display":"","site-post-title":"","ast-breadcrumbs-content":"","ast-featured-img":"","footer-sml-layout":"","ast-disable-related-posts":"","theme-transparent-header-meta":"default","adv-header-id-meta":"","stick-header-meta":"","header-above-stick-meta":"","header-main-stick-meta":"","header-below-stick-meta":"","astra-migrate-meta-layouts":"set","ast-page-background-enabled":"default","ast-page-background-meta":{"desktop":{"background-color":"var(--ast-global-color-5)","background-image":"","background-repeat":"repeat","background-position":"center center","background-size":"auto","background-attachment":"scroll","background-type":"","background-media":"","overlay-type":"","overlay-color":"","overlay-opacity":"","overlay-gradient":""},"tablet":{"background-color":"","background-image":"","background-repeat":"repeat","background-position":"center center","background-size":"auto","background-attachment":"scroll","background-type":"","background-media":"","overlay-type":"","overlay-color":"","overlay-opacity":"","overlay-gradient":""},"mobile":{"background-color":"","background-image":"","background-repeat":"repeat","background-position":"center center","background-size":"auto","background-attachment":"scroll","background-type":"","background-media":"","overlay-type":"","overlay-color":"","overlay-opacity":"","overlay-gradient":""}},"ast-content-background-meta":{"desktop":{"background-color":"var(--ast-global-color-4)","background-image":"","background-repeat":"repeat","background-position":"center center","background-size":"auto","background-attachment":"scroll","background-type":"","background-media":"","overlay-type":"","overlay-color":"","overlay-opacity":"","overlay-gradient":""},"tablet":{"background-color":"var(--ast-global-color-4)","background-image":"","background-repeat":"repeat","background-position":"center center","background-size":"auto","background-attachment":"scroll","background-type":"","background-media":"","overlay-type":"","overlay-color":"","overlay-opacity":"","overlay-gradient":""},"mobile":{"background-color":"var(--ast-global-color-4)","background-image":"","background-repeat":"repeat","background-position":"center center","background-size":"auto","background-attachment":"scroll","background-type":"","background-media":"","overlay-type":"","overlay-color":"","overlay-opacity":"","overlay-gradient":""}}},"product_brand":[234],"product_cat":[35,257,96,256],"product_tag":[207],"class_list":{"0":"post-2651","1":"product","2":"type-product","3":"status-publish","4":"has-post-thumbnail","6":"product_brand-summit","7":"product_cat-uncategorized","8":"product_cat-convertidores","9":"product_cat-networking","10":"product_cat-summit-networking","11":"product_tag-summit","12":"desktop-align-left","13":"tablet-align-left","14":"mobile-align-left","16":"first","17":"instock","18":"shipping-taxable","19":"product-type-simple"},"yoast_head":"<!-- This site is optimized with the Yoast SEO plugin v25.3 - https:\/\/yoast.com\/wordpress\/plugins\/seo\/ -->\n<title>Convertidor 4E1 75\/120ohms BNC\/Rj45 - Tecplan<\/title>\n<meta name=\"robots\" content=\"index, follow, max-snippet:-1, max-image-preview:large, max-video-preview:-1\" \/>\n<link rel=\"canonical\" href=\"https:\/\/tecplan.com.es\/en\/product\/2651\/\" \/>\n<meta property=\"og:locale\" content=\"en_US\" \/>\n<meta property=\"og:type\" content=\"article\" \/>\n<meta property=\"og:title\" content=\"Convertidor 4E1 75\/120ohms BNC\/Rj45 - Tecplan\" \/>\n<meta property=\"og:description\" content=\"Este convertidor de interfaz se basa en FPGA y utiliza tecnolog\u00eda de multiplexaci\u00f3n de direcci\u00f3n inversa para agrupar m\u00faltiples Circuitos E1 para transmitir los datos Ethernet de 4Channel 100BASE-TX. Puede realizar 1 ~ 4 canales E1 para convertir entre Interfaz \u00f3ptica Ethernet. Este dispositivo puede transmitir la se\u00f1al del transceptor punto a punto a la interfaz \u00f3ptica Ethernetpara hacer canales E1 interconectados con interfaz \u00f3ptica Ethernet. A diferencia del puente de red remoto general, este dispositivo puede admitir la configuraci\u00f3n del canal E1 de 1-4 canales, puede detectar autom\u00e1ticamente el n\u00famero de E1 y seleccionar el E1 disponible. Permite la diferencia de retardo de tiempo de transmisi\u00f3n de l\u00edneas E1.\" \/>\n<meta property=\"og:url\" content=\"https:\/\/tecplan.com.es\/en\/product\/2651\/\" \/>\n<meta property=\"og:site_name\" content=\"Tecplan\" \/>\n<meta property=\"article:modified_time\" content=\"2025-09-01T22:11:58+00:00\" \/>\n<meta property=\"og:image\" content=\"https:\/\/tecplan.com.es\/wp-content\/uploads\/2025\/08\/Diseno-sin-titulo-6.png\" \/>\n\t<meta property=\"og:image:width\" content=\"1080\" \/>\n\t<meta property=\"og:image:height\" content=\"1080\" \/>\n\t<meta property=\"og:image:type\" content=\"image\/png\" \/>\n<meta name=\"twitter:card\" content=\"summary_large_image\" \/>\n<meta name=\"twitter:label1\" content=\"Est. reading time\" \/>\n\t<meta name=\"twitter:data1\" content=\"2 minutes\" \/>\n<script type=\"application\/ld+json\" class=\"yoast-schema-graph\">{\"@context\":\"https:\/\/schema.org\",\"@graph\":[{\"@type\":\"WebPage\",\"@id\":\"https:\/\/tecplan.com.es\/product\/2651\/\",\"url\":\"https:\/\/tecplan.com.es\/product\/2651\/\",\"name\":\"Convertidor 4E1 75\/120ohms BNC\/Rj45 - Tecplan\",\"isPartOf\":{\"@id\":\"https:\/\/tecplan.com.es\/#website\"},\"primaryImageOfPage\":{\"@id\":\"https:\/\/tecplan.com.es\/product\/2651\/#primaryimage\"},\"image\":{\"@id\":\"https:\/\/tecplan.com.es\/product\/2651\/#primaryimage\"},\"thumbnailUrl\":\"https:\/\/tecplan.com.es\/wp-content\/uploads\/2025\/08\/Diseno-sin-titulo-6.png\",\"datePublished\":\"2025-09-01T21:44:07+00:00\",\"dateModified\":\"2025-09-01T22:11:58+00:00\",\"breadcrumb\":{\"@id\":\"https:\/\/tecplan.com.es\/product\/2651\/#breadcrumb\"},\"inLanguage\":\"en-US\",\"potentialAction\":[{\"@type\":\"ReadAction\",\"target\":[\"https:\/\/tecplan.com.es\/product\/2651\/\"]}]},{\"@type\":\"ImageObject\",\"inLanguage\":\"en-US\",\"@id\":\"https:\/\/tecplan.com.es\/product\/2651\/#primaryimage\",\"url\":\"https:\/\/tecplan.com.es\/wp-content\/uploads\/2025\/08\/Diseno-sin-titulo-6.png\",\"contentUrl\":\"https:\/\/tecplan.com.es\/wp-content\/uploads\/2025\/08\/Diseno-sin-titulo-6.png\",\"width\":1080,\"height\":1080},{\"@type\":\"BreadcrumbList\",\"@id\":\"https:\/\/tecplan.com.es\/product\/2651\/#breadcrumb\",\"itemListElement\":[{\"@type\":\"ListItem\",\"position\":1,\"name\":\"Home\",\"item\":\"https:\/\/tecplan.com.es\/\"},{\"@type\":\"ListItem\",\"position\":2,\"name\":\"Shop\",\"item\":\"https:\/\/tecplan.com.es\/shop\/\"},{\"@type\":\"ListItem\",\"position\":3,\"name\":\"Convertidor 4E1 75\/120ohms BNC\/Rj45\"}]},{\"@type\":\"WebSite\",\"@id\":\"https:\/\/tecplan.com.es\/#website\",\"url\":\"https:\/\/tecplan.com.es\/\",\"name\":\"Tecplan\",\"description\":\"\",\"potentialAction\":[{\"@type\":\"SearchAction\",\"target\":{\"@type\":\"EntryPoint\",\"urlTemplate\":\"https:\/\/tecplan.com.es\/?s={search_term_string}\"},\"query-input\":{\"@type\":\"PropertyValueSpecification\",\"valueRequired\":true,\"valueName\":\"search_term_string\"}}],\"inLanguage\":\"en-US\"}]}<\/script>\n<!-- \/ Yoast SEO plugin. -->","yoast_head_json":{"title":"Convertidor 4E1 75\/120ohms BNC\/Rj45 - Tecplan","robots":{"index":"index","follow":"follow","max-snippet":"max-snippet:-1","max-image-preview":"max-image-preview:large","max-video-preview":"max-video-preview:-1"},"canonical":"https:\/\/tecplan.com.es\/en\/product\/2651\/","og_locale":"en_US","og_type":"article","og_title":"Convertidor 4E1 75\/120ohms BNC\/Rj45 - Tecplan","og_description":"Este convertidor de interfaz se basa en FPGA y utiliza tecnolog\u00eda de multiplexaci\u00f3n de direcci\u00f3n inversa para agrupar m\u00faltiples Circuitos E1 para transmitir los datos Ethernet de 4Channel 100BASE-TX. Puede realizar 1 ~ 4 canales E1 para convertir entre Interfaz \u00f3ptica Ethernet. Este dispositivo puede transmitir la se\u00f1al del transceptor punto a punto a la interfaz \u00f3ptica Ethernetpara hacer canales E1 interconectados con interfaz \u00f3ptica Ethernet. A diferencia del puente de red remoto general, este dispositivo puede admitir la configuraci\u00f3n del canal E1 de 1-4 canales, puede detectar autom\u00e1ticamente el n\u00famero de E1 y seleccionar el E1 disponible. Permite la diferencia de retardo de tiempo de transmisi\u00f3n de l\u00edneas E1.","og_url":"https:\/\/tecplan.com.es\/en\/product\/2651\/","og_site_name":"Tecplan","article_modified_time":"2025-09-01T22:11:58+00:00","og_image":[{"width":1080,"height":1080,"url":"https:\/\/tecplan.com.es\/wp-content\/uploads\/2025\/08\/Diseno-sin-titulo-6.png","type":"image\/png"}],"twitter_card":"summary_large_image","twitter_misc":{"Est. reading time":"2 minutes"},"schema":{"@context":"https:\/\/schema.org","@graph":[{"@type":"WebPage","@id":"https:\/\/tecplan.com.es\/product\/2651\/","url":"https:\/\/tecplan.com.es\/product\/2651\/","name":"Convertidor 4E1 75\/120ohms BNC\/Rj45 - Tecplan","isPartOf":{"@id":"https:\/\/tecplan.com.es\/#website"},"primaryImageOfPage":{"@id":"https:\/\/tecplan.com.es\/product\/2651\/#primaryimage"},"image":{"@id":"https:\/\/tecplan.com.es\/product\/2651\/#primaryimage"},"thumbnailUrl":"https:\/\/tecplan.com.es\/wp-content\/uploads\/2025\/08\/Diseno-sin-titulo-6.png","datePublished":"2025-09-01T21:44:07+00:00","dateModified":"2025-09-01T22:11:58+00:00","breadcrumb":{"@id":"https:\/\/tecplan.com.es\/product\/2651\/#breadcrumb"},"inLanguage":"en-US","potentialAction":[{"@type":"ReadAction","target":["https:\/\/tecplan.com.es\/product\/2651\/"]}]},{"@type":"ImageObject","inLanguage":"en-US","@id":"https:\/\/tecplan.com.es\/product\/2651\/#primaryimage","url":"https:\/\/tecplan.com.es\/wp-content\/uploads\/2025\/08\/Diseno-sin-titulo-6.png","contentUrl":"https:\/\/tecplan.com.es\/wp-content\/uploads\/2025\/08\/Diseno-sin-titulo-6.png","width":1080,"height":1080},{"@type":"BreadcrumbList","@id":"https:\/\/tecplan.com.es\/product\/2651\/#breadcrumb","itemListElement":[{"@type":"ListItem","position":1,"name":"Home","item":"https:\/\/tecplan.com.es\/"},{"@type":"ListItem","position":2,"name":"Shop","item":"https:\/\/tecplan.com.es\/shop\/"},{"@type":"ListItem","position":3,"name":"Convertidor 4E1 75\/120ohms BNC\/Rj45"}]},{"@type":"WebSite","@id":"https:\/\/tecplan.com.es\/#website","url":"https:\/\/tecplan.com.es\/","name":"Tecplan","description":"","potentialAction":[{"@type":"SearchAction","target":{"@type":"EntryPoint","urlTemplate":"https:\/\/tecplan.com.es\/?s={search_term_string}"},"query-input":{"@type":"PropertyValueSpecification","valueRequired":true,"valueName":"search_term_string"}}],"inLanguage":"en-US"}]}},"_links":{"self":[{"href":"https:\/\/tecplan.com.es\/en\/wp-json\/wp\/v2\/product\/2651","targetHints":{"allow":["GET"]}}],"collection":[{"href":"https:\/\/tecplan.com.es\/en\/wp-json\/wp\/v2\/product"}],"about":[{"href":"https:\/\/tecplan.com.es\/en\/wp-json\/wp\/v2\/types\/product"}],"replies":[{"embeddable":true,"href":"https:\/\/tecplan.com.es\/en\/wp-json\/wp\/v2\/comments?post=2651"}],"version-history":[{"count":9,"href":"https:\/\/tecplan.com.es\/en\/wp-json\/wp\/v2\/product\/2651\/revisions"}],"predecessor-version":[{"id":2660,"href":"https:\/\/tecplan.com.es\/en\/wp-json\/wp\/v2\/product\/2651\/revisions\/2660"}],"wp:featuredmedia":[{"embeddable":true,"href":"https:\/\/tecplan.com.es\/en\/wp-json\/wp\/v2\/media\/2638"}],"wp:attachment":[{"href":"https:\/\/tecplan.com.es\/en\/wp-json\/wp\/v2\/media?parent=2651"}],"wp:term":[{"taxonomy":"product_brand","embeddable":true,"href":"https:\/\/tecplan.com.es\/en\/wp-json\/wp\/v2\/product_brand?post=2651"},{"taxonomy":"product_cat","embeddable":true,"href":"https:\/\/tecplan.com.es\/en\/wp-json\/wp\/v2\/product_cat?post=2651"},{"taxonomy":"product_tag","embeddable":true,"href":"https:\/\/tecplan.com.es\/en\/wp-json\/wp\/v2\/product_tag?post=2651"}],"curies":[{"name":"wp","href":"https:\/\/api.w.org\/{rel}","templated":true}]}}