{"id":2614,"date":"2025-08-29T21:28:12","date_gmt":"2025-08-29T21:28:12","guid":{"rendered":"https:\/\/tecplan.com.es\/?post_type=product&#038;p=2614"},"modified":"2025-12-08T20:49:05","modified_gmt":"2025-12-08T20:49:05","slug":"fibra-optica-de-cable-de-conexion-blindado","status":"publish","type":"product","link":"https:\/\/tecplan.com.es\/en\/product\/fibra-optica-de-cable-de-conexion-blindado\/","title":{"rendered":"Shielded fiber optic patch cable"},"content":{"rendered":"<p style=\"text-align: justify;\"><strong>Shielded fiber optic patch cable<\/strong><\/p>\n<p style=\"text-align: justify;\">Tienen un alto rendimiento mec\u00e1nico, un rendimiento \u00f3ptico confiable y una funci\u00f3n l\u00edder contra la radiaci\u00f3n ultravioleta. Estos latiguillos de fibra \u00f3ptica con armadura de acero se aplican a los campos de diversas comunicaciones de datos, emergencias al aire libre, edificios sin cableado de protecci\u00f3n y conexiones de cableado recomendadas actualmente de FTTH, etc.<\/p>\n<p style=\"text-align: justify;\"><strong>Characteristics:<\/strong><\/p>\n<ul style=\"text-align: justify;\">\n<li>Protecci\u00f3n blindada de acero completa de la f\u00e9rula de cer\u00e1mica<\/li>\n<li>Alta resistencia a la tracci\u00f3n y anti-presi\u00f3n<\/li>\n<li>Fuerte radiaci\u00f3n anti-ultravioletaAlta flexibilidad<\/li>\n<\/ul>\n<p style=\"text-align: justify;\"><strong>Application Area:<\/strong><\/p>\n<ul>\n<li style=\"text-align: justify;\">FTTH<\/li>\n<li style=\"text-align: justify;\">Defense communications<\/li>\n<li style=\"text-align: justify;\">Outdoor Emergency<\/li>\n<li style=\"text-align: justify;\">Buildings without protective cabling<\/li>\n<\/ul>\n<p><!--more--><\/p>\n<h5 style=\"text-align: justify;\"><span style=\"text-decoration: underline;\"><strong>DOWNLOADS<\/strong><\/span><\/h5>\n<ul style=\"text-align: justify;\">\n<li><a href=\"https:\/\/drive.google.com\/file\/d\/105i_CO0Pg18ly1GksNnJcVsmPe3F6Qf-\/view?usp=sharing\">\u2192 Technical specifications<\/a><\/li>\n<\/ul>","protected":false},"excerpt":{"rendered":"<p style=\"text-align: justify;\"><strong>Shielded fiber optic patch cable<\/strong><\/p>\n<p style=\"text-align: justify;\">La serie de cables de conexi\u00f3n de fibra \u00f3ptica blindados de acero SummIT FTTH se fabrica cubriendo una variedad de SUS-304 fabricados en Jap\u00f3n banda de acero inoxidable en el tubo estanco de PVC de 0,9 mm.<\/p>\n<p style=\"text-align: justify;\">Al adoptar la t\u00e9cnica de procesamiento del cable de fibra \u00f3ptica suave para interiores y la mano de obra fina para producir latiguillos de fibra \u00f3ptica, estos latiguillos especiales de fibra \u00f3ptica est\u00e1n totalmente protegidos por una armadura de acero fuera del tubo herm\u00e9tico de PVC de 0,9 mm.<\/p>\n<p><!--more--><\/p>\n<p><img decoding=\"async\" class=\"wp-image-1038 aligncenter\" src=\"https:\/\/tecplan.com.es\/wp-content\/uploads\/2025\/05\/summit-300x138.webp\" alt=\"\" width=\"179\" height=\"98\" \/><\/p>","protected":false},"featured_media":2616,"comment_status":"open","ping_status":"closed","template":"","meta":{"site-sidebar-layout":"default","site-content-layout":"","ast-site-content-layout":"default","site-content-style":"default","site-sidebar-style":"default","ast-global-header-display":"","ast-banner-title-visibility":"","ast-main-header-display":"","ast-hfb-above-header-display":"","ast-hfb-below-header-display":"","ast-hfb-mobile-header-display":"","site-post-title":"","ast-breadcrumbs-content":"","ast-featured-img":"","footer-sml-layout":"","ast-disable-related-posts":"","theme-transparent-header-meta":"default","adv-header-id-meta":"","stick-header-meta":"","header-above-stick-meta":"","header-main-stick-meta":"","header-below-stick-meta":"","astra-migrate-meta-layouts":"set","ast-page-background-enabled":"default","ast-page-background-meta":{"desktop":{"background-color":"var(--ast-global-color-5)","background-image":"","background-repeat":"repeat","background-position":"center center","background-size":"auto","background-attachment":"scroll","background-type":"","background-media":"","overlay-type":"","overlay-color":"","overlay-opacity":"","overlay-gradient":""},"tablet":{"background-color":"","background-image":"","background-repeat":"repeat","background-position":"center center","background-size":"auto","background-attachment":"scroll","background-type":"","background-media":"","overlay-type":"","overlay-color":"","overlay-opacity":"","overlay-gradient":""},"mobile":{"background-color":"","background-image":"","background-repeat":"repeat","background-position":"center center","background-size":"auto","background-attachment":"scroll","background-type":"","background-media":"","overlay-type":"","overlay-color":"","overlay-opacity":"","overlay-gradient":""}},"ast-content-background-meta":{"desktop":{"background-color":"var(--ast-global-color-4)","background-image":"","background-repeat":"repeat","background-position":"center center","background-size":"auto","background-attachment":"scroll","background-type":"","background-media":"","overlay-type":"","overlay-color":"","overlay-opacity":"","overlay-gradient":""},"tablet":{"background-color":"var(--ast-global-color-4)","background-image":"","background-repeat":"repeat","background-position":"center center","background-size":"auto","background-attachment":"scroll","background-type":"","background-media":"","overlay-type":"","overlay-color":"","overlay-opacity":"","overlay-gradient":""},"mobile":{"background-color":"var(--ast-global-color-4)","background-image":"","background-repeat":"repeat","background-position":"center center","background-size":"auto","background-attachment":"scroll","background-type":"","background-media":"","overlay-type":"","overlay-color":"","overlay-opacity":"","overlay-gradient":""}}},"product_brand":[234],"product_cat":[63,94,82,62,96,60,90],"product_tag":[205],"class_list":{"0":"post-2614","1":"product","2":"type-product","3":"status-publish","4":"has-post-thumbnail","6":"product_brand-summit","7":"product_cat-cable-coaxial","8":"product_cat-cable-coaxial-summit","9":"product_cat-cobertura-celular","10":"product_cat-conectores","11":"product_cat-networking","12":"product_cat-summit","13":"product_cat-summit-cobertura-celular","14":"product_tag-motorola","15":"desktop-align-left","16":"tablet-align-left","17":"mobile-align-left","19":"first","20":"instock","21":"shipping-taxable","22":"product-type-simple"},"yoast_head":"<!-- This site is optimized with the Yoast SEO plugin v25.3 - https:\/\/yoast.com\/wordpress\/plugins\/seo\/ -->\n<title>Fibra \u00f3ptica de cable de conexi\u00f3n blindado - Tecplan<\/title>\n<meta name=\"robots\" content=\"index, follow, max-snippet:-1, max-image-preview:large, max-video-preview:-1\" \/>\n<link rel=\"canonical\" href=\"https:\/\/tecplan.com.es\/en\/product\/fibra-optica-de-cable-de-conexion-blindado\/\" \/>\n<meta property=\"og:locale\" content=\"en_US\" \/>\n<meta property=\"og:type\" content=\"article\" \/>\n<meta property=\"og:title\" content=\"Fibra \u00f3ptica de cable de conexi\u00f3n blindado - Tecplan\" \/>\n<meta property=\"og:description\" content=\"Fibra \u00f3ptica de cable de conexi\u00f3n blindado La serie de cables de conexi\u00f3n de fibra \u00f3ptica blindados de acero SummIT FTTH se fabrica cubriendo una variedad de SUS-304 fabricados en Jap\u00f3n banda de acero inoxidable en el tubo estanco de PVC de 0,9 mm. Al adoptar la t\u00e9cnica de procesamiento del cable de fibra \u00f3ptica suave para interiores y la mano de obra fina para producir latiguillos de fibra \u00f3ptica, estos latiguillos especiales de fibra \u00f3ptica est\u00e1n totalmente protegidos por una armadura de acero fuera del tubo herm\u00e9tico de PVC de 0,9 mm.\" \/>\n<meta property=\"og:url\" content=\"https:\/\/tecplan.com.es\/en\/product\/fibra-optica-de-cable-de-conexion-blindado\/\" \/>\n<meta property=\"og:site_name\" content=\"Tecplan\" \/>\n<meta property=\"article:modified_time\" content=\"2025-12-08T20:49:05+00:00\" \/>\n<meta property=\"og:image\" content=\"https:\/\/tecplan.com.es\/wp-content\/uploads\/2025\/08\/Fibra-optica-de-cable-02.jpg\" \/>\n\t<meta property=\"og:image:width\" content=\"2000\" \/>\n\t<meta property=\"og:image:height\" content=\"2000\" \/>\n\t<meta property=\"og:image:type\" content=\"image\/jpeg\" \/>\n<meta name=\"twitter:card\" content=\"summary_large_image\" \/>\n<meta name=\"twitter:label1\" content=\"Est. reading time\" \/>\n\t<meta name=\"twitter:data1\" content=\"1 minute\" \/>\n<script type=\"application\/ld+json\" class=\"yoast-schema-graph\">{\"@context\":\"https:\/\/schema.org\",\"@graph\":[{\"@type\":\"WebPage\",\"@id\":\"https:\/\/tecplan.com.es\/product\/fibra-optica-de-cable-de-conexion-blindado\/\",\"url\":\"https:\/\/tecplan.com.es\/product\/fibra-optica-de-cable-de-conexion-blindado\/\",\"name\":\"Fibra \u00f3ptica de cable de conexi\u00f3n blindado - Tecplan\",\"isPartOf\":{\"@id\":\"https:\/\/tecplan.com.es\/#website\"},\"primaryImageOfPage\":{\"@id\":\"https:\/\/tecplan.com.es\/product\/fibra-optica-de-cable-de-conexion-blindado\/#primaryimage\"},\"image\":{\"@id\":\"https:\/\/tecplan.com.es\/product\/fibra-optica-de-cable-de-conexion-blindado\/#primaryimage\"},\"thumbnailUrl\":\"https:\/\/tecplan.com.es\/wp-content\/uploads\/2025\/08\/Fibra-optica-de-cable-02.jpg\",\"datePublished\":\"2025-08-29T21:28:12+00:00\",\"dateModified\":\"2025-12-08T20:49:05+00:00\",\"breadcrumb\":{\"@id\":\"https:\/\/tecplan.com.es\/product\/fibra-optica-de-cable-de-conexion-blindado\/#breadcrumb\"},\"inLanguage\":\"en-US\",\"potentialAction\":[{\"@type\":\"ReadAction\",\"target\":[\"https:\/\/tecplan.com.es\/product\/fibra-optica-de-cable-de-conexion-blindado\/\"]}]},{\"@type\":\"ImageObject\",\"inLanguage\":\"en-US\",\"@id\":\"https:\/\/tecplan.com.es\/product\/fibra-optica-de-cable-de-conexion-blindado\/#primaryimage\",\"url\":\"https:\/\/tecplan.com.es\/wp-content\/uploads\/2025\/08\/Fibra-optica-de-cable-02.jpg\",\"contentUrl\":\"https:\/\/tecplan.com.es\/wp-content\/uploads\/2025\/08\/Fibra-optica-de-cable-02.jpg\",\"width\":2000,\"height\":2000},{\"@type\":\"BreadcrumbList\",\"@id\":\"https:\/\/tecplan.com.es\/product\/fibra-optica-de-cable-de-conexion-blindado\/#breadcrumb\",\"itemListElement\":[{\"@type\":\"ListItem\",\"position\":1,\"name\":\"Home\",\"item\":\"https:\/\/tecplan.com.es\/\"},{\"@type\":\"ListItem\",\"position\":2,\"name\":\"Shop\",\"item\":\"https:\/\/tecplan.com.es\/shop\/\"},{\"@type\":\"ListItem\",\"position\":3,\"name\":\"Fibra \u00f3ptica de cable de conexi\u00f3n blindado\"}]},{\"@type\":\"WebSite\",\"@id\":\"https:\/\/tecplan.com.es\/#website\",\"url\":\"https:\/\/tecplan.com.es\/\",\"name\":\"Tecplan\",\"description\":\"\",\"potentialAction\":[{\"@type\":\"SearchAction\",\"target\":{\"@type\":\"EntryPoint\",\"urlTemplate\":\"https:\/\/tecplan.com.es\/?s={search_term_string}\"},\"query-input\":{\"@type\":\"PropertyValueSpecification\",\"valueRequired\":true,\"valueName\":\"search_term_string\"}}],\"inLanguage\":\"en-US\"}]}<\/script>\n<!-- \/ Yoast SEO plugin. -->","yoast_head_json":{"title":"Fibra \u00f3ptica de cable de conexi\u00f3n blindado - Tecplan","robots":{"index":"index","follow":"follow","max-snippet":"max-snippet:-1","max-image-preview":"max-image-preview:large","max-video-preview":"max-video-preview:-1"},"canonical":"https:\/\/tecplan.com.es\/en\/product\/fibra-optica-de-cable-de-conexion-blindado\/","og_locale":"en_US","og_type":"article","og_title":"Fibra \u00f3ptica de cable de conexi\u00f3n blindado - Tecplan","og_description":"Fibra \u00f3ptica de cable de conexi\u00f3n blindado La serie de cables de conexi\u00f3n de fibra \u00f3ptica blindados de acero SummIT FTTH se fabrica cubriendo una variedad de SUS-304 fabricados en Jap\u00f3n banda de acero inoxidable en el tubo estanco de PVC de 0,9 mm. Al adoptar la t\u00e9cnica de procesamiento del cable de fibra \u00f3ptica suave para interiores y la mano de obra fina para producir latiguillos de fibra \u00f3ptica, estos latiguillos especiales de fibra \u00f3ptica est\u00e1n totalmente protegidos por una armadura de acero fuera del tubo herm\u00e9tico de PVC de 0,9 mm.","og_url":"https:\/\/tecplan.com.es\/en\/product\/fibra-optica-de-cable-de-conexion-blindado\/","og_site_name":"Tecplan","article_modified_time":"2025-12-08T20:49:05+00:00","og_image":[{"width":2000,"height":2000,"url":"https:\/\/tecplan.com.es\/wp-content\/uploads\/2025\/08\/Fibra-optica-de-cable-02.jpg","type":"image\/jpeg"}],"twitter_card":"summary_large_image","twitter_misc":{"Est. reading time":"1 minute"},"schema":{"@context":"https:\/\/schema.org","@graph":[{"@type":"WebPage","@id":"https:\/\/tecplan.com.es\/product\/fibra-optica-de-cable-de-conexion-blindado\/","url":"https:\/\/tecplan.com.es\/product\/fibra-optica-de-cable-de-conexion-blindado\/","name":"Fibra \u00f3ptica de cable de conexi\u00f3n blindado - Tecplan","isPartOf":{"@id":"https:\/\/tecplan.com.es\/#website"},"primaryImageOfPage":{"@id":"https:\/\/tecplan.com.es\/product\/fibra-optica-de-cable-de-conexion-blindado\/#primaryimage"},"image":{"@id":"https:\/\/tecplan.com.es\/product\/fibra-optica-de-cable-de-conexion-blindado\/#primaryimage"},"thumbnailUrl":"https:\/\/tecplan.com.es\/wp-content\/uploads\/2025\/08\/Fibra-optica-de-cable-02.jpg","datePublished":"2025-08-29T21:28:12+00:00","dateModified":"2025-12-08T20:49:05+00:00","breadcrumb":{"@id":"https:\/\/tecplan.com.es\/product\/fibra-optica-de-cable-de-conexion-blindado\/#breadcrumb"},"inLanguage":"en-US","potentialAction":[{"@type":"ReadAction","target":["https:\/\/tecplan.com.es\/product\/fibra-optica-de-cable-de-conexion-blindado\/"]}]},{"@type":"ImageObject","inLanguage":"en-US","@id":"https:\/\/tecplan.com.es\/product\/fibra-optica-de-cable-de-conexion-blindado\/#primaryimage","url":"https:\/\/tecplan.com.es\/wp-content\/uploads\/2025\/08\/Fibra-optica-de-cable-02.jpg","contentUrl":"https:\/\/tecplan.com.es\/wp-content\/uploads\/2025\/08\/Fibra-optica-de-cable-02.jpg","width":2000,"height":2000},{"@type":"BreadcrumbList","@id":"https:\/\/tecplan.com.es\/product\/fibra-optica-de-cable-de-conexion-blindado\/#breadcrumb","itemListElement":[{"@type":"ListItem","position":1,"name":"Home","item":"https:\/\/tecplan.com.es\/"},{"@type":"ListItem","position":2,"name":"Shop","item":"https:\/\/tecplan.com.es\/shop\/"},{"@type":"ListItem","position":3,"name":"Fibra \u00f3ptica de cable de conexi\u00f3n blindado"}]},{"@type":"WebSite","@id":"https:\/\/tecplan.com.es\/#website","url":"https:\/\/tecplan.com.es\/","name":"Tecplan","description":"","potentialAction":[{"@type":"SearchAction","target":{"@type":"EntryPoint","urlTemplate":"https:\/\/tecplan.com.es\/?s={search_term_string}"},"query-input":{"@type":"PropertyValueSpecification","valueRequired":true,"valueName":"search_term_string"}}],"inLanguage":"en-US"}]}},"_links":{"self":[{"href":"https:\/\/tecplan.com.es\/en\/wp-json\/wp\/v2\/product\/2614","targetHints":{"allow":["GET"]}}],"collection":[{"href":"https:\/\/tecplan.com.es\/en\/wp-json\/wp\/v2\/product"}],"about":[{"href":"https:\/\/tecplan.com.es\/en\/wp-json\/wp\/v2\/types\/product"}],"replies":[{"embeddable":true,"href":"https:\/\/tecplan.com.es\/en\/wp-json\/wp\/v2\/comments?post=2614"}],"version-history":[{"count":4,"href":"https:\/\/tecplan.com.es\/en\/wp-json\/wp\/v2\/product\/2614\/revisions"}],"predecessor-version":[{"id":4750,"href":"https:\/\/tecplan.com.es\/en\/wp-json\/wp\/v2\/product\/2614\/revisions\/4750"}],"wp:featuredmedia":[{"embeddable":true,"href":"https:\/\/tecplan.com.es\/en\/wp-json\/wp\/v2\/media\/2616"}],"wp:attachment":[{"href":"https:\/\/tecplan.com.es\/en\/wp-json\/wp\/v2\/media?parent=2614"}],"wp:term":[{"taxonomy":"product_brand","embeddable":true,"href":"https:\/\/tecplan.com.es\/en\/wp-json\/wp\/v2\/product_brand?post=2614"},{"taxonomy":"product_cat","embeddable":true,"href":"https:\/\/tecplan.com.es\/en\/wp-json\/wp\/v2\/product_cat?post=2614"},{"taxonomy":"product_tag","embeddable":true,"href":"https:\/\/tecplan.com.es\/en\/wp-json\/wp\/v2\/product_tag?post=2614"}],"curies":[{"name":"wp","href":"https:\/\/api.w.org\/{rel}","templated":true}]}}