{"id":2608,"date":"2025-08-29T20:53:34","date_gmt":"2025-08-29T20:53:34","guid":{"rendered":"https:\/\/tecplan.com.es\/?post_type=product&#038;p=2608"},"modified":"2025-08-29T20:53:35","modified_gmt":"2025-08-29T20:53:35","slug":"evx-261-radios-portatiles-digitales","status":"publish","type":"product","link":"https:\/\/tecplan.com.es\/en\/product\/evx-261-radios-portatiles-digitales\/","title":{"rendered":"Evx-261 Radios Port\u00e1tiles Digitales"},"content":{"rendered":"<p style=\"text-align: justify;\">Gracias a la compatibilidad de los dispositivos con el sistema de bater\u00edas universales, se evitan el desorden y la mezcla de equipos ya que se estandariza una base de carga para todo el equipo.<\/p>\n<h3 id=\"sec_tabproductinfo_features\" class=\"tab-section-title\" style=\"text-align: justify;\">Caracter\u00edsticas<\/h3>\n<div class=\"columncontrol section\">\n<div class=\"ms-row ms-row-flush\">\n<div class=\"ms-column ie-6 medium-6\">\n<div class=\"richtexteditor parbase section\">\n<ul style=\"text-align: justify;\">\n<li>Capacidad de canales: \u2013 16 canales\/1 grupo<\/li>\n<li>2 teclas programables<\/li>\n<li>Funciones de seguridad \u2013 Alerta de trabajador aislado \u2013 Alerta de emergencia<\/li>\n<li>Funciona con sistema de bater\u00edas universales<\/li>\n<li>Opciones de escaneo m\u00faltiple<\/li>\n<li>VOX interna (cuando se utiliza con accesorio VOX)<\/li>\n<\/ul>\n<p style=\"text-align: justify;\"><strong>CARACTER\u00cdSTICAS DEL MODO ANAL\u00d3GICO<\/strong><\/p>\n<ul style=\"text-align: justify;\">\n<li>Sistema de transposici\u00f3n de ajuste autom\u00e1tico ( ARTS\u2122)<\/li>\n<\/ul>\n<p style=\"text-align: justify;\"><strong>CARACTER\u00cdSTICAS DE SE\u00d1ALIZACI\u00d3N<\/strong><\/p>\n<ul style=\"text-align: justify;\">\n<li>Cifrado MDC-1200\u00ae ANI \u2022 Cifrado FleetSync\u00ae ANI<\/li>\n<li>Cifrado y descifrado CTCSS\/DCS<\/li>\n<li>Cifrado y descifrado de 2 tonos<\/li>\n<li>Cifrado y descifrado de 5 tonos<\/li>\n<li>Funci\u00f3n remota de bloqueo, desactivaci\u00f3n y reactivaci\u00f3n de radio (5 tonos)<\/li>\n<\/ul>\n<p style=\"text-align: justify;\"><strong>CARACTER\u00cdSTICAS DEL MODO DIGITAL<\/strong><\/p>\n<ul>\n<li style=\"text-align: justify;\">Modo directo<\/li>\n<li style=\"text-align: justify;\">Interrupci\u00f3n de la transmisi\u00f3n (solo cifrado)<\/li>\n<li style=\"text-align: justify;\">Llamada general\/Llamada grupal\/Llamada individual<\/li>\n<li style=\"text-align: justify;\">Privacidad b\u00e1sica<\/li>\n<\/ul>\n<\/div>\n<\/div>\n<\/div>\n<\/div>\n<p><!--more--><\/p>\n<h5 style=\"text-align: justify;\"><span style=\"text-decoration: underline;\"><strong>DOWNLOADS<\/strong><\/span><\/h5>\n<ul style=\"text-align: justify;\">\n<li><a href=\"https:\/\/drive.google.com\/file\/d\/1ao8KoZSWQ4w8dp-tOx0qGgPENl4CIdOv\/view?usp=sharing\">\u2192 Technical specifications<\/a><\/li>\n<\/ul>","protected":false},"excerpt":{"rendered":"<p>Migre a lo digital de manera sencilla y accesible.<\/p>\n<p style=\"text-align: justify;\">El modelo EVX-261 funciona tanto en modo anal\u00f3gico como digital, por lo que resulta ideal para usar con flotas mixtas. Gracias a su interoperabilidad ampliada, puede escoger entre varias opciones de se\u00f1alizaci\u00f3n, entre ellas, MDC1200\u00ae, DTMF, y se\u00f1alizaci\u00f3n de 2 tonos o 5 tonos, as\u00ed como cifrado de voz por inversi\u00f3n. Y en modo digital puede usar la funci\u00f3n de cancelaci\u00f3n de ruido para lograr un audio n\u00edtido y conversaciones sin interferencias.<\/p>\n<p><!--more--><\/p>\n<p><img decoding=\"async\" class=\"wp-image-1035 aligncenter\" src=\"https:\/\/tecplan.com.es\/wp-content\/uploads\/2025\/05\/descarga-300x90.png\" alt=\"\" width=\"204\" height=\"72\" \/><\/p>","protected":false},"featured_media":2609,"comment_status":"open","ping_status":"closed","template":"","meta":{"site-sidebar-layout":"default","site-content-layout":"","ast-site-content-layout":"default","site-content-style":"default","site-sidebar-style":"default","ast-global-header-display":"","ast-banner-title-visibility":"","ast-main-header-display":"","ast-hfb-above-header-display":"","ast-hfb-below-header-display":"","ast-hfb-mobile-header-display":"","site-post-title":"","ast-breadcrumbs-content":"","ast-featured-img":"","footer-sml-layout":"","ast-disable-related-posts":"","theme-transparent-header-meta":"default","adv-header-id-meta":"","stick-header-meta":"","header-above-stick-meta":"","header-main-stick-meta":"","header-below-stick-meta":"","astra-migrate-meta-layouts":"set","ast-page-background-enabled":"default","ast-page-background-meta":{"desktop":{"background-color":"var(--ast-global-color-5)","background-image":"","background-repeat":"repeat","background-position":"center center","background-size":"auto","background-attachment":"scroll","background-type":"","background-media":"","overlay-type":"","overlay-color":"","overlay-opacity":"","overlay-gradient":""},"tablet":{"background-color":"","background-image":"","background-repeat":"repeat","background-position":"center center","background-size":"auto","background-attachment":"scroll","background-type":"","background-media":"","overlay-type":"","overlay-color":"","overlay-opacity":"","overlay-gradient":""},"mobile":{"background-color":"","background-image":"","background-repeat":"repeat","background-position":"center center","background-size":"auto","background-attachment":"scroll","background-type":"","background-media":"","overlay-type":"","overlay-color":"","overlay-opacity":"","overlay-gradient":""}},"ast-content-background-meta":{"desktop":{"background-color":"var(--ast-global-color-4)","background-image":"","background-repeat":"repeat","background-position":"center center","background-size":"auto","background-attachment":"scroll","background-type":"","background-media":"","overlay-type":"","overlay-color":"","overlay-opacity":"","overlay-gradient":""},"tablet":{"background-color":"var(--ast-global-color-4)","background-image":"","background-repeat":"repeat","background-position":"center center","background-size":"auto","background-attachment":"scroll","background-type":"","background-media":"","overlay-type":"","overlay-color":"","overlay-opacity":"","overlay-gradient":""},"mobile":{"background-color":"var(--ast-global-color-4)","background-image":"","background-repeat":"repeat","background-position":"center center","background-size":"auto","background-attachment":"scroll","background-type":"","background-media":"","overlay-type":"","overlay-color":"","overlay-opacity":"","overlay-gradient":""}}},"product_brand":[235],"product_cat":[68,59,72],"product_tag":[205],"class_list":{"0":"post-2608","1":"product","2":"type-product","3":"status-publish","4":"has-post-thumbnail","6":"product_brand-motorola","7":"product_cat-motorola","8":"product_cat-radio-comunicacion","9":"product_cat-radios-portatiles","10":"product_tag-motorola","11":"desktop-align-left","12":"tablet-align-left","13":"mobile-align-left","15":"first","16":"instock","17":"shipping-taxable","18":"product-type-simple"},"yoast_head":"<!-- This site is optimized with the Yoast SEO plugin v25.3 - https:\/\/yoast.com\/wordpress\/plugins\/seo\/ -->\n<title>Evx-261 Radios Port\u00e1tiles Digitales - Tecplan<\/title>\n<meta name=\"robots\" content=\"index, follow, max-snippet:-1, max-image-preview:large, max-video-preview:-1\" \/>\n<link rel=\"canonical\" href=\"https:\/\/tecplan.com.es\/en\/product\/evx-261-radios-portatiles-digitales\/\" \/>\n<meta property=\"og:locale\" content=\"en_US\" \/>\n<meta property=\"og:type\" content=\"article\" \/>\n<meta property=\"og:title\" content=\"Evx-261 Radios Port\u00e1tiles Digitales - Tecplan\" \/>\n<meta property=\"og:description\" content=\"Migre a lo digital de manera sencilla y accesible. El modelo EVX-261 funciona tanto en modo anal\u00f3gico como digital, por lo que resulta ideal para usar con flotas mixtas. Gracias a su interoperabilidad ampliada, puede escoger entre varias opciones de se\u00f1alizaci\u00f3n, entre ellas, MDC1200\u00ae, DTMF, y se\u00f1alizaci\u00f3n de 2 tonos o 5 tonos, as\u00ed como cifrado de voz por inversi\u00f3n. Y en modo digital puede usar la funci\u00f3n de cancelaci\u00f3n de ruido para lograr un audio n\u00edtido y conversaciones sin interferencias.\" \/>\n<meta property=\"og:url\" content=\"https:\/\/tecplan.com.es\/en\/product\/evx-261-radios-portatiles-digitales\/\" \/>\n<meta property=\"og:site_name\" content=\"Tecplan\" \/>\n<meta property=\"article:modified_time\" content=\"2025-08-29T20:53:35+00:00\" \/>\n<meta property=\"og:image\" content=\"https:\/\/tecplan.com.es\/wp-content\/uploads\/2025\/08\/evx.png.webp\" \/>\n\t<meta property=\"og:image:width\" content=\"1080\" \/>\n\t<meta property=\"og:image:height\" content=\"1080\" \/>\n\t<meta property=\"og:image:type\" content=\"image\/webp\" \/>\n<meta name=\"twitter:card\" content=\"summary_large_image\" \/>\n<meta name=\"twitter:label1\" content=\"Est. reading time\" \/>\n\t<meta name=\"twitter:data1\" content=\"1 minute\" \/>\n<script type=\"application\/ld+json\" class=\"yoast-schema-graph\">{\"@context\":\"https:\/\/schema.org\",\"@graph\":[{\"@type\":\"WebPage\",\"@id\":\"https:\/\/tecplan.com.es\/product\/evx-261-radios-portatiles-digitales\/\",\"url\":\"https:\/\/tecplan.com.es\/product\/evx-261-radios-portatiles-digitales\/\",\"name\":\"Evx-261 Radios Port\u00e1tiles Digitales - Tecplan\",\"isPartOf\":{\"@id\":\"https:\/\/tecplan.com.es\/#website\"},\"primaryImageOfPage\":{\"@id\":\"https:\/\/tecplan.com.es\/product\/evx-261-radios-portatiles-digitales\/#primaryimage\"},\"image\":{\"@id\":\"https:\/\/tecplan.com.es\/product\/evx-261-radios-portatiles-digitales\/#primaryimage\"},\"thumbnailUrl\":\"https:\/\/tecplan.com.es\/wp-content\/uploads\/2025\/08\/evx.png.webp\",\"datePublished\":\"2025-08-29T20:53:34+00:00\",\"dateModified\":\"2025-08-29T20:53:35+00:00\",\"breadcrumb\":{\"@id\":\"https:\/\/tecplan.com.es\/product\/evx-261-radios-portatiles-digitales\/#breadcrumb\"},\"inLanguage\":\"en-US\",\"potentialAction\":[{\"@type\":\"ReadAction\",\"target\":[\"https:\/\/tecplan.com.es\/product\/evx-261-radios-portatiles-digitales\/\"]}]},{\"@type\":\"ImageObject\",\"inLanguage\":\"en-US\",\"@id\":\"https:\/\/tecplan.com.es\/product\/evx-261-radios-portatiles-digitales\/#primaryimage\",\"url\":\"https:\/\/tecplan.com.es\/wp-content\/uploads\/2025\/08\/evx.png.webp\",\"contentUrl\":\"https:\/\/tecplan.com.es\/wp-content\/uploads\/2025\/08\/evx.png.webp\",\"width\":1080,\"height\":1080},{\"@type\":\"BreadcrumbList\",\"@id\":\"https:\/\/tecplan.com.es\/product\/evx-261-radios-portatiles-digitales\/#breadcrumb\",\"itemListElement\":[{\"@type\":\"ListItem\",\"position\":1,\"name\":\"Home\",\"item\":\"https:\/\/tecplan.com.es\/\"},{\"@type\":\"ListItem\",\"position\":2,\"name\":\"Shop\",\"item\":\"https:\/\/tecplan.com.es\/shop\/\"},{\"@type\":\"ListItem\",\"position\":3,\"name\":\"Evx-261 Radios Port\u00e1tiles Digitales\"}]},{\"@type\":\"WebSite\",\"@id\":\"https:\/\/tecplan.com.es\/#website\",\"url\":\"https:\/\/tecplan.com.es\/\",\"name\":\"Tecplan\",\"description\":\"\",\"potentialAction\":[{\"@type\":\"SearchAction\",\"target\":{\"@type\":\"EntryPoint\",\"urlTemplate\":\"https:\/\/tecplan.com.es\/?s={search_term_string}\"},\"query-input\":{\"@type\":\"PropertyValueSpecification\",\"valueRequired\":true,\"valueName\":\"search_term_string\"}}],\"inLanguage\":\"en-US\"}]}<\/script>\n<!-- \/ Yoast SEO plugin. -->","yoast_head_json":{"title":"Evx-261 Radios Port\u00e1tiles Digitales - Tecplan","robots":{"index":"index","follow":"follow","max-snippet":"max-snippet:-1","max-image-preview":"max-image-preview:large","max-video-preview":"max-video-preview:-1"},"canonical":"https:\/\/tecplan.com.es\/en\/product\/evx-261-radios-portatiles-digitales\/","og_locale":"en_US","og_type":"article","og_title":"Evx-261 Radios Port\u00e1tiles Digitales - Tecplan","og_description":"Migre a lo digital de manera sencilla y accesible. El modelo EVX-261 funciona tanto en modo anal\u00f3gico como digital, por lo que resulta ideal para usar con flotas mixtas. Gracias a su interoperabilidad ampliada, puede escoger entre varias opciones de se\u00f1alizaci\u00f3n, entre ellas, MDC1200\u00ae, DTMF, y se\u00f1alizaci\u00f3n de 2 tonos o 5 tonos, as\u00ed como cifrado de voz por inversi\u00f3n. Y en modo digital puede usar la funci\u00f3n de cancelaci\u00f3n de ruido para lograr un audio n\u00edtido y conversaciones sin interferencias.","og_url":"https:\/\/tecplan.com.es\/en\/product\/evx-261-radios-portatiles-digitales\/","og_site_name":"Tecplan","article_modified_time":"2025-08-29T20:53:35+00:00","og_image":[{"width":1080,"height":1080,"url":"https:\/\/tecplan.com.es\/wp-content\/uploads\/2025\/08\/evx.png.webp","type":"image\/webp"}],"twitter_card":"summary_large_image","twitter_misc":{"Est. reading time":"1 minute"},"schema":{"@context":"https:\/\/schema.org","@graph":[{"@type":"WebPage","@id":"https:\/\/tecplan.com.es\/product\/evx-261-radios-portatiles-digitales\/","url":"https:\/\/tecplan.com.es\/product\/evx-261-radios-portatiles-digitales\/","name":"Evx-261 Radios Port\u00e1tiles Digitales - Tecplan","isPartOf":{"@id":"https:\/\/tecplan.com.es\/#website"},"primaryImageOfPage":{"@id":"https:\/\/tecplan.com.es\/product\/evx-261-radios-portatiles-digitales\/#primaryimage"},"image":{"@id":"https:\/\/tecplan.com.es\/product\/evx-261-radios-portatiles-digitales\/#primaryimage"},"thumbnailUrl":"https:\/\/tecplan.com.es\/wp-content\/uploads\/2025\/08\/evx.png.webp","datePublished":"2025-08-29T20:53:34+00:00","dateModified":"2025-08-29T20:53:35+00:00","breadcrumb":{"@id":"https:\/\/tecplan.com.es\/product\/evx-261-radios-portatiles-digitales\/#breadcrumb"},"inLanguage":"en-US","potentialAction":[{"@type":"ReadAction","target":["https:\/\/tecplan.com.es\/product\/evx-261-radios-portatiles-digitales\/"]}]},{"@type":"ImageObject","inLanguage":"en-US","@id":"https:\/\/tecplan.com.es\/product\/evx-261-radios-portatiles-digitales\/#primaryimage","url":"https:\/\/tecplan.com.es\/wp-content\/uploads\/2025\/08\/evx.png.webp","contentUrl":"https:\/\/tecplan.com.es\/wp-content\/uploads\/2025\/08\/evx.png.webp","width":1080,"height":1080},{"@type":"BreadcrumbList","@id":"https:\/\/tecplan.com.es\/product\/evx-261-radios-portatiles-digitales\/#breadcrumb","itemListElement":[{"@type":"ListItem","position":1,"name":"Home","item":"https:\/\/tecplan.com.es\/"},{"@type":"ListItem","position":2,"name":"Shop","item":"https:\/\/tecplan.com.es\/shop\/"},{"@type":"ListItem","position":3,"name":"Evx-261 Radios Port\u00e1tiles Digitales"}]},{"@type":"WebSite","@id":"https:\/\/tecplan.com.es\/#website","url":"https:\/\/tecplan.com.es\/","name":"Tecplan","description":"","potentialAction":[{"@type":"SearchAction","target":{"@type":"EntryPoint","urlTemplate":"https:\/\/tecplan.com.es\/?s={search_term_string}"},"query-input":{"@type":"PropertyValueSpecification","valueRequired":true,"valueName":"search_term_string"}}],"inLanguage":"en-US"}]}},"_links":{"self":[{"href":"https:\/\/tecplan.com.es\/en\/wp-json\/wp\/v2\/product\/2608","targetHints":{"allow":["GET"]}}],"collection":[{"href":"https:\/\/tecplan.com.es\/en\/wp-json\/wp\/v2\/product"}],"about":[{"href":"https:\/\/tecplan.com.es\/en\/wp-json\/wp\/v2\/types\/product"}],"replies":[{"embeddable":true,"href":"https:\/\/tecplan.com.es\/en\/wp-json\/wp\/v2\/comments?post=2608"}],"version-history":[{"count":2,"href":"https:\/\/tecplan.com.es\/en\/wp-json\/wp\/v2\/product\/2608\/revisions"}],"predecessor-version":[{"id":2613,"href":"https:\/\/tecplan.com.es\/en\/wp-json\/wp\/v2\/product\/2608\/revisions\/2613"}],"wp:featuredmedia":[{"embeddable":true,"href":"https:\/\/tecplan.com.es\/en\/wp-json\/wp\/v2\/media\/2609"}],"wp:attachment":[{"href":"https:\/\/tecplan.com.es\/en\/wp-json\/wp\/v2\/media?parent=2608"}],"wp:term":[{"taxonomy":"product_brand","embeddable":true,"href":"https:\/\/tecplan.com.es\/en\/wp-json\/wp\/v2\/product_brand?post=2608"},{"taxonomy":"product_cat","embeddable":true,"href":"https:\/\/tecplan.com.es\/en\/wp-json\/wp\/v2\/product_cat?post=2608"},{"taxonomy":"product_tag","embeddable":true,"href":"https:\/\/tecplan.com.es\/en\/wp-json\/wp\/v2\/product_tag?post=2608"}],"curies":[{"name":"wp","href":"https:\/\/api.w.org\/{rel}","templated":true}]}}