{"id":2600,"date":"2025-08-28T23:05:02","date_gmt":"2025-08-28T23:05:02","guid":{"rendered":"https:\/\/tecplan.com.es\/?post_type=product&#038;p=2600"},"modified":"2025-08-28T23:05:02","modified_gmt":"2025-08-28T23:05:02","slug":"radio-portatil-mag-one-motorola","status":"publish","type":"product","link":"https:\/\/tecplan.com.es\/en\/product\/radio-portatil-mag-one-motorola\/","title":{"rendered":"Radio Port\u00e1til Mag One Motorola"},"content":{"rendered":"<p style=\"text-align: justify;\">Debido al mandato de banda estrecha de la FCC en los Estados Unidos, las especificaciones del producto y los folletos de los productos de radio de dos v\u00edas de Motorola Solutions pueden indicar un funcionamiento anal\u00f3gico\/digital de 25 kHz\/12,5 kHz que puede no ser el modo de funcionamiento est\u00e1ndar en el momento del env\u00edo despu\u00e9s de enero 1 de 2013.<\/p>\n<p style=\"text-align: justify;\"><strong>Comunicaci\u00f3n en grupo<\/strong><br \/>\nOpera sobre 8 o 16 canales.<\/p>\n<p style=\"text-align: justify;\"><strong>Botones programables<\/strong><br \/>\nPermiten una personalizaci\u00f3n vers\u00e1til de la radio.<\/p>\n<p style=\"text-align: justify;\"><strong>Chasis fundido<\/strong><br \/>\na presi\u00f3n El marco peque\u00f1o, liviano pero resistente est\u00e1 construido para soportar el desgaste diario.<\/p>\n<p style=\"text-align: justify;\"><strong>Energ\u00eda flexible<\/strong><br \/>\nOfrece opciones de alta o baja potencia para ahorrar bater\u00eda.<\/p>\n<p style=\"text-align: justify;\"><strong>Eliminaci\u00f3n de canal molesto Elimina<\/strong><br \/>\ntemporalmente el canal no deseado de un escaneo.<\/p>\n<p style=\"text-align: justify;\"><strong>conversaci\u00f3n de repetidor<\/strong><br \/>\nOmite el repetidor y el despachador para la comunicaci\u00f3n de unidad a unidad.<\/p>\n<p style=\"text-align: justify;\"><strong>Canal de prioridad Busca el canal<\/strong><br \/>\nde mayor prioridad.<\/p>\n<p style=\"text-align: justify;\"><strong>Silenciamiento ajustado\/normal<\/strong><br \/>\nFiltra las interferencias no deseadas y mejora la claridad del audio.<\/p>\n<p><!--more--><\/p>\n<h5 style=\"text-align: justify;\"><span style=\"text-decoration: underline;\"><strong>DOWNLOADS<\/strong><\/span><\/h5>\n<ul style=\"text-align: justify;\">\n<li><a href=\"https:\/\/drive.google.com\/file\/d\/1rj1wPQ35g5K_dirBt2qEto4xW7HMzROi\/view?usp=sharing\">\u2192 Technical specifications<\/a><\/li>\n<\/ul>","protected":false},"excerpt":{"rendered":"<p style=\"text-align: justify;\">La radio port\u00e1til de dos v\u00edas BPR\u212240 ofrece una comunicaci\u00f3n confiable e intuitiva a trav\u00e9s de 8 canales y 2 botones programables.\u00a0La opci\u00f3n de alta\/baja potencia ahorra carga de la bater\u00eda.\u00a0Funciones como la eliminaci\u00f3n de canales no deseados y la conversaci\u00f3n del repetidor hacen que la radio sea un dispositivo vers\u00e1til y de alto rendimiento.\u00a0El BPR40 es parte de la cartera de radios Mag One\u2122 de Motorola.\u00a0Esta soluci\u00f3n asequible brinda una calidad y un valor notables que son perfectos para su negocio, y viene con una variedad completa de accesorios para personalizar su radio.<\/p>\n<p><!--more--><\/p>\n<p><img decoding=\"async\" class=\"wp-image-491 aligncenter\" src=\"https:\/\/tecplan.com.es\/wp-content\/uploads\/2025\/03\/log_por2-01-300x101.png\" alt=\"\" width=\"205\" height=\"79\" \/><\/p>","protected":false},"featured_media":2603,"comment_status":"open","ping_status":"closed","template":"","meta":{"site-sidebar-layout":"default","site-content-layout":"","ast-site-content-layout":"default","site-content-style":"default","site-sidebar-style":"default","ast-global-header-display":"","ast-banner-title-visibility":"","ast-main-header-display":"","ast-hfb-above-header-display":"","ast-hfb-below-header-display":"","ast-hfb-mobile-header-display":"","site-post-title":"","ast-breadcrumbs-content":"","ast-featured-img":"","footer-sml-layout":"","ast-disable-related-posts":"","theme-transparent-header-meta":"default","adv-header-id-meta":"","stick-header-meta":"","header-above-stick-meta":"","header-main-stick-meta":"","header-below-stick-meta":"","astra-migrate-meta-layouts":"set","ast-page-background-enabled":"default","ast-page-background-meta":{"desktop":{"background-color":"var(--ast-global-color-5)","background-image":"","background-repeat":"repeat","background-position":"center center","background-size":"auto","background-attachment":"scroll","background-type":"","background-media":"","overlay-type":"","overlay-color":"","overlay-opacity":"","overlay-gradient":""},"tablet":{"background-color":"","background-image":"","background-repeat":"repeat","background-position":"center center","background-size":"auto","background-attachment":"scroll","background-type":"","background-media":"","overlay-type":"","overlay-color":"","overlay-opacity":"","overlay-gradient":""},"mobile":{"background-color":"","background-image":"","background-repeat":"repeat","background-position":"center center","background-size":"auto","background-attachment":"scroll","background-type":"","background-media":"","overlay-type":"","overlay-color":"","overlay-opacity":"","overlay-gradient":""}},"ast-content-background-meta":{"desktop":{"background-color":"var(--ast-global-color-4)","background-image":"","background-repeat":"repeat","background-position":"center center","background-size":"auto","background-attachment":"scroll","background-type":"","background-media":"","overlay-type":"","overlay-color":"","overlay-opacity":"","overlay-gradient":""},"tablet":{"background-color":"var(--ast-global-color-4)","background-image":"","background-repeat":"repeat","background-position":"center center","background-size":"auto","background-attachment":"scroll","background-type":"","background-media":"","overlay-type":"","overlay-color":"","overlay-opacity":"","overlay-gradient":""},"mobile":{"background-color":"var(--ast-global-color-4)","background-image":"","background-repeat":"repeat","background-position":"center center","background-size":"auto","background-attachment":"scroll","background-type":"","background-media":"","overlay-type":"","overlay-color":"","overlay-opacity":"","overlay-gradient":""}}},"product_brand":[235],"product_cat":[68,59,72],"product_tag":[236],"class_list":{"0":"post-2600","1":"product","2":"type-product","3":"status-publish","4":"has-post-thumbnail","6":"product_brand-motorola","7":"product_cat-motorola","8":"product_cat-radio-comunicacion","9":"product_cat-radios-portatiles","10":"product_tag-mororola","11":"desktop-align-left","12":"tablet-align-left","13":"mobile-align-left","15":"first","16":"instock","17":"shipping-taxable","18":"product-type-simple"},"yoast_head":"<!-- This site is optimized with the Yoast SEO plugin v25.3 - https:\/\/yoast.com\/wordpress\/plugins\/seo\/ -->\n<title>Radio Port\u00e1til Mag One Motorola - Tecplan<\/title>\n<meta name=\"robots\" content=\"index, follow, max-snippet:-1, max-image-preview:large, max-video-preview:-1\" \/>\n<link rel=\"canonical\" href=\"https:\/\/tecplan.com.es\/en\/product\/radio-portatil-mag-one-motorola\/\" \/>\n<meta property=\"og:locale\" content=\"en_US\" \/>\n<meta property=\"og:type\" content=\"article\" \/>\n<meta property=\"og:title\" content=\"Radio Port\u00e1til Mag One Motorola - Tecplan\" \/>\n<meta property=\"og:description\" content=\"La radio port\u00e1til de dos v\u00edas BPR\u212240 ofrece una comunicaci\u00f3n confiable e intuitiva a trav\u00e9s de 8 canales y 2 botones programables.\u00a0La opci\u00f3n de alta\/baja potencia ahorra carga de la bater\u00eda.\u00a0Funciones como la eliminaci\u00f3n de canales no deseados y la conversaci\u00f3n del repetidor hacen que la radio sea un dispositivo vers\u00e1til y de alto rendimiento.\u00a0El BPR40 es parte de la cartera de radios Mag One\u2122 de Motorola.\u00a0Esta soluci\u00f3n asequible brinda una calidad y un valor notables que son perfectos para su negocio, y viene con una variedad completa de accesorios para personalizar su radio.\" \/>\n<meta property=\"og:url\" content=\"https:\/\/tecplan.com.es\/en\/product\/radio-portatil-mag-one-motorola\/\" \/>\n<meta property=\"og:site_name\" content=\"Tecplan\" \/>\n<meta property=\"og:image\" content=\"https:\/\/tecplan.com.es\/wp-content\/uploads\/2025\/08\/magone_3.jpg\" \/>\n\t<meta property=\"og:image:width\" content=\"1000\" \/>\n\t<meta property=\"og:image:height\" content=\"1000\" \/>\n\t<meta property=\"og:image:type\" content=\"image\/jpeg\" \/>\n<meta name=\"twitter:card\" content=\"summary_large_image\" \/>\n<meta name=\"twitter:label1\" content=\"Est. reading time\" \/>\n\t<meta name=\"twitter:data1\" content=\"1 minute\" \/>\n<script type=\"application\/ld+json\" class=\"yoast-schema-graph\">{\"@context\":\"https:\/\/schema.org\",\"@graph\":[{\"@type\":\"WebPage\",\"@id\":\"https:\/\/tecplan.com.es\/product\/radio-portatil-mag-one-motorola\/\",\"url\":\"https:\/\/tecplan.com.es\/product\/radio-portatil-mag-one-motorola\/\",\"name\":\"Radio Port\u00e1til Mag One Motorola - Tecplan\",\"isPartOf\":{\"@id\":\"https:\/\/tecplan.com.es\/#website\"},\"primaryImageOfPage\":{\"@id\":\"https:\/\/tecplan.com.es\/product\/radio-portatil-mag-one-motorola\/#primaryimage\"},\"image\":{\"@id\":\"https:\/\/tecplan.com.es\/product\/radio-portatil-mag-one-motorola\/#primaryimage\"},\"thumbnailUrl\":\"https:\/\/tecplan.com.es\/wp-content\/uploads\/2025\/08\/magone_3.jpg\",\"datePublished\":\"2025-08-28T23:05:02+00:00\",\"breadcrumb\":{\"@id\":\"https:\/\/tecplan.com.es\/product\/radio-portatil-mag-one-motorola\/#breadcrumb\"},\"inLanguage\":\"en-US\",\"potentialAction\":[{\"@type\":\"ReadAction\",\"target\":[\"https:\/\/tecplan.com.es\/product\/radio-portatil-mag-one-motorola\/\"]}]},{\"@type\":\"ImageObject\",\"inLanguage\":\"en-US\",\"@id\":\"https:\/\/tecplan.com.es\/product\/radio-portatil-mag-one-motorola\/#primaryimage\",\"url\":\"https:\/\/tecplan.com.es\/wp-content\/uploads\/2025\/08\/magone_3.jpg\",\"contentUrl\":\"https:\/\/tecplan.com.es\/wp-content\/uploads\/2025\/08\/magone_3.jpg\",\"width\":1000,\"height\":1000},{\"@type\":\"BreadcrumbList\",\"@id\":\"https:\/\/tecplan.com.es\/product\/radio-portatil-mag-one-motorola\/#breadcrumb\",\"itemListElement\":[{\"@type\":\"ListItem\",\"position\":1,\"name\":\"Home\",\"item\":\"https:\/\/tecplan.com.es\/\"},{\"@type\":\"ListItem\",\"position\":2,\"name\":\"Shop\",\"item\":\"https:\/\/tecplan.com.es\/shop\/\"},{\"@type\":\"ListItem\",\"position\":3,\"name\":\"Radio Port\u00e1til Mag One Motorola\"}]},{\"@type\":\"WebSite\",\"@id\":\"https:\/\/tecplan.com.es\/#website\",\"url\":\"https:\/\/tecplan.com.es\/\",\"name\":\"Tecplan\",\"description\":\"\",\"potentialAction\":[{\"@type\":\"SearchAction\",\"target\":{\"@type\":\"EntryPoint\",\"urlTemplate\":\"https:\/\/tecplan.com.es\/?s={search_term_string}\"},\"query-input\":{\"@type\":\"PropertyValueSpecification\",\"valueRequired\":true,\"valueName\":\"search_term_string\"}}],\"inLanguage\":\"en-US\"}]}<\/script>\n<!-- \/ Yoast SEO plugin. -->","yoast_head_json":{"title":"Radio Port\u00e1til Mag One Motorola - Tecplan","robots":{"index":"index","follow":"follow","max-snippet":"max-snippet:-1","max-image-preview":"max-image-preview:large","max-video-preview":"max-video-preview:-1"},"canonical":"https:\/\/tecplan.com.es\/en\/product\/radio-portatil-mag-one-motorola\/","og_locale":"en_US","og_type":"article","og_title":"Radio Port\u00e1til Mag One Motorola - Tecplan","og_description":"La radio port\u00e1til de dos v\u00edas BPR\u212240 ofrece una comunicaci\u00f3n confiable e intuitiva a trav\u00e9s de 8 canales y 2 botones programables.\u00a0La opci\u00f3n de alta\/baja potencia ahorra carga de la bater\u00eda.\u00a0Funciones como la eliminaci\u00f3n de canales no deseados y la conversaci\u00f3n del repetidor hacen que la radio sea un dispositivo vers\u00e1til y de alto rendimiento.\u00a0El BPR40 es parte de la cartera de radios Mag One\u2122 de Motorola.\u00a0Esta soluci\u00f3n asequible brinda una calidad y un valor notables que son perfectos para su negocio, y viene con una variedad completa de accesorios para personalizar su radio.","og_url":"https:\/\/tecplan.com.es\/en\/product\/radio-portatil-mag-one-motorola\/","og_site_name":"Tecplan","og_image":[{"width":1000,"height":1000,"url":"https:\/\/tecplan.com.es\/wp-content\/uploads\/2025\/08\/magone_3.jpg","type":"image\/jpeg"}],"twitter_card":"summary_large_image","twitter_misc":{"Est. reading time":"1 minute"},"schema":{"@context":"https:\/\/schema.org","@graph":[{"@type":"WebPage","@id":"https:\/\/tecplan.com.es\/product\/radio-portatil-mag-one-motorola\/","url":"https:\/\/tecplan.com.es\/product\/radio-portatil-mag-one-motorola\/","name":"Radio Port\u00e1til Mag One Motorola - Tecplan","isPartOf":{"@id":"https:\/\/tecplan.com.es\/#website"},"primaryImageOfPage":{"@id":"https:\/\/tecplan.com.es\/product\/radio-portatil-mag-one-motorola\/#primaryimage"},"image":{"@id":"https:\/\/tecplan.com.es\/product\/radio-portatil-mag-one-motorola\/#primaryimage"},"thumbnailUrl":"https:\/\/tecplan.com.es\/wp-content\/uploads\/2025\/08\/magone_3.jpg","datePublished":"2025-08-28T23:05:02+00:00","breadcrumb":{"@id":"https:\/\/tecplan.com.es\/product\/radio-portatil-mag-one-motorola\/#breadcrumb"},"inLanguage":"en-US","potentialAction":[{"@type":"ReadAction","target":["https:\/\/tecplan.com.es\/product\/radio-portatil-mag-one-motorola\/"]}]},{"@type":"ImageObject","inLanguage":"en-US","@id":"https:\/\/tecplan.com.es\/product\/radio-portatil-mag-one-motorola\/#primaryimage","url":"https:\/\/tecplan.com.es\/wp-content\/uploads\/2025\/08\/magone_3.jpg","contentUrl":"https:\/\/tecplan.com.es\/wp-content\/uploads\/2025\/08\/magone_3.jpg","width":1000,"height":1000},{"@type":"BreadcrumbList","@id":"https:\/\/tecplan.com.es\/product\/radio-portatil-mag-one-motorola\/#breadcrumb","itemListElement":[{"@type":"ListItem","position":1,"name":"Home","item":"https:\/\/tecplan.com.es\/"},{"@type":"ListItem","position":2,"name":"Shop","item":"https:\/\/tecplan.com.es\/shop\/"},{"@type":"ListItem","position":3,"name":"Radio Port\u00e1til Mag One Motorola"}]},{"@type":"WebSite","@id":"https:\/\/tecplan.com.es\/#website","url":"https:\/\/tecplan.com.es\/","name":"Tecplan","description":"","potentialAction":[{"@type":"SearchAction","target":{"@type":"EntryPoint","urlTemplate":"https:\/\/tecplan.com.es\/?s={search_term_string}"},"query-input":{"@type":"PropertyValueSpecification","valueRequired":true,"valueName":"search_term_string"}}],"inLanguage":"en-US"}]}},"_links":{"self":[{"href":"https:\/\/tecplan.com.es\/en\/wp-json\/wp\/v2\/product\/2600","targetHints":{"allow":["GET"]}}],"collection":[{"href":"https:\/\/tecplan.com.es\/en\/wp-json\/wp\/v2\/product"}],"about":[{"href":"https:\/\/tecplan.com.es\/en\/wp-json\/wp\/v2\/types\/product"}],"replies":[{"embeddable":true,"href":"https:\/\/tecplan.com.es\/en\/wp-json\/wp\/v2\/comments?post=2600"}],"version-history":[{"count":2,"href":"https:\/\/tecplan.com.es\/en\/wp-json\/wp\/v2\/product\/2600\/revisions"}],"predecessor-version":[{"id":2607,"href":"https:\/\/tecplan.com.es\/en\/wp-json\/wp\/v2\/product\/2600\/revisions\/2607"}],"wp:featuredmedia":[{"embeddable":true,"href":"https:\/\/tecplan.com.es\/en\/wp-json\/wp\/v2\/media\/2603"}],"wp:attachment":[{"href":"https:\/\/tecplan.com.es\/en\/wp-json\/wp\/v2\/media?parent=2600"}],"wp:term":[{"taxonomy":"product_brand","embeddable":true,"href":"https:\/\/tecplan.com.es\/en\/wp-json\/wp\/v2\/product_brand?post=2600"},{"taxonomy":"product_cat","embeddable":true,"href":"https:\/\/tecplan.com.es\/en\/wp-json\/wp\/v2\/product_cat?post=2600"},{"taxonomy":"product_tag","embeddable":true,"href":"https:\/\/tecplan.com.es\/en\/wp-json\/wp\/v2\/product_tag?post=2600"}],"curies":[{"name":"wp","href":"https:\/\/api.w.org\/{rel}","templated":true}]}}