{"id":2595,"date":"2025-08-28T22:43:57","date_gmt":"2025-08-28T22:43:57","guid":{"rendered":"https:\/\/tecplan.com.es\/?post_type=product&#038;p=2595"},"modified":"2025-08-28T22:43:57","modified_gmt":"2025-08-28T22:43:57","slug":"radio-portatil-mototrbo-dep-250","status":"publish","type":"product","link":"https:\/\/tecplan.com.es\/en\/product\/radio-portatil-mototrbo-dep-250\/","title":{"rendered":"Radio Port\u00e1til MOTOTRBO\u2122 DEP 250"},"content":{"rendered":"<p style=\"text-align: justify;\">El radio MOTOTRBO DEP 250 es f\u00e1cil de usar y de actualizar con los sistemas anal\u00f3gicos existentes. Si su empresa est\u00e1 considerando migrar a un sistema digital, estos nuevos radios digitales son compatibles con los modos anal\u00f3gico y digital. La compatibilidad de los accesorios garantiza que pueda seguir utilizando las bater\u00edas, antenas y cargadores que ha comprado, lo que protege a\u00fan m\u00e1s su inversi\u00f3n.<\/p>\n<p style=\"text-align: justify;\">En entornos con altos requisitos de equipo o largas horas de trabajo, los radios digitales tienen un mejor rendimiento que los anal\u00f3gicos y pueden garantizar una comunicaci\u00f3n de voz clara.<\/p>\n<p style=\"text-align: justify;\">El radio MOTOTRBO DEP 250 ofrece los beneficios de la tecnolog\u00eda digital: en modo digital, 40% m\u00e1s de tiempo de conversaci\u00f3n, capacidad de doble voz de 12.5kHz de ancho de banda y mejor rendimiento de audio que los equipos anal\u00f3gicos. Su radio MOTOTRBO proporcionar\u00e1 una comunicaci\u00f3n de voz m\u00e1s clara en todo el rango de llamadas, eliminando el ruido est\u00e1tico y de fondo en el modelo anal\u00f3gico.<\/p>\n<h3 id=\"sec_tabproductinfo_features\" class=\"tab-section-title\" style=\"text-align: justify;\">Caracter\u00edsticas<\/h3>\n<p style=\"text-align: justify;\"><b style=\"font-style: inherit;\">Modo dual anal\u00f3gico \/ digital :<\/b><span style=\"font-size: 16px;\">\u00a0cubre todos los beneficios de las comunicaciones digitales, como por ejemplo calidad superior de sonido, mayor cobertura, mayor duraci\u00f3n de la bater\u00eda, al tiempo que mantiene la compatibilidad con las flotas de radios existentes.<\/span><\/p>\n<div class=\"richtexteditor parbase section\">\n<p style=\"text-align: justify;\">La funci\u00f3n de anuncio de voz puede usar archivos de audio prefabricados para una f\u00e1cil operaci\u00f3n.<\/p>\n<p style=\"text-align: justify;\"><b>Llamada simult\u00e1nea de doble ranura en modo de transferencia :<\/b>\u00a0para transmitir ambas ranuras de tiempo de forma simult\u00e1nea e independiente, generalmente se requiere una estaci\u00f3n repetidora para proporcionar una referencia de tiempo; la serie de radios puede sincronizarse y cooperar autom\u00e1ticamente sin la necesidad de una referencia de tiempo. Por lo tanto, ahora es posible usar dos intervalos de tiempo al mismo tiempo, multiplicando la capacidad y mejorando el rendimiento de la frecuencia sin tener que comprar repetidoras y equipos auxiliares asociados.<\/p>\n<p style=\"text-align: justify;\"><b>Mensajes de texto preprogramados:<\/b>\u00a0los mensajes de texto preprogramados proporcionan una comunicaci\u00f3n r\u00e1pida y flexible. Se puede usar para transferir informaci\u00f3n a radios utilizados en entornos de mucho ruido, y tambi\u00e9n se puede usar para entregar informaci\u00f3n secreta.<\/p>\n<p style=\"text-align: justify;\"><b>Resistente al polvo y al agua con clasificaci\u00f3n IP54 :\u00a0<\/b>dise\u00f1ado para ser resistente al agua y al polvo, lo que le permite trabajar en entornos hostiles con mayor confianza.<\/p>\n<\/div>\n<p><!--more--><\/p>\n<h5 style=\"text-align: justify;\"><span style=\"text-decoration: underline;\"><strong>DOWNLOADS<\/strong><\/span><\/h5>\n<ul style=\"text-align: justify;\">\n<li><a href=\"https:\/\/drive.google.com\/file\/d\/13KmTsfRKmUI36t-n-t2dVyHppk-v2w1r\/view?usp=sharing\">\u2192 Technical specifications<\/a><\/li>\n<\/ul>","protected":false},"excerpt":{"rendered":"<p style=\"text-align: justify;\">El radio MOTOTRBO DEP 250 ser\u00e1 su nueva opci\u00f3n. Esta serie puede mejorar la eficiencia de la comunicaci\u00f3n y es f\u00e1cil de usar. Es un pr\u00e1ctico radio dise\u00f1ado y fabricado para profesionales.<\/p>\n<p style=\"text-align: justify;\">Experimente la comunicaci\u00f3n de voz digital MOTOTRBO, hoy millones de usuarios conf\u00edan en su excelente calidad de voz y rendimiento. Esto permitir\u00e1 que su empresa reduzca efectivamente los gastos operativos mientras mantiene una mayor productividad.<\/p>\n<p><!--more--><\/p>\n<p><img decoding=\"async\" class=\"wp-image-1035 aligncenter\" src=\"https:\/\/tecplan.com.es\/wp-content\/uploads\/2025\/05\/descarga-300x90.png\" alt=\"\" width=\"197\" height=\"59\" srcset=\"https:\/\/tecplan.com.es\/wp-content\/uploads\/2025\/05\/descarga-300x90.png 300w, https:\/\/tecplan.com.es\/wp-content\/uploads\/2025\/05\/descarga-18x5.png 18w, https:\/\/tecplan.com.es\/wp-content\/uploads\/2025\/05\/descarga.png 596w\" sizes=\"(max-width: 197px) 100vw, 197px\" \/><\/p>","protected":false},"featured_media":2598,"comment_status":"open","ping_status":"closed","template":"","meta":{"site-sidebar-layout":"default","site-content-layout":"","ast-site-content-layout":"default","site-content-style":"default","site-sidebar-style":"default","ast-global-header-display":"","ast-banner-title-visibility":"","ast-main-header-display":"","ast-hfb-above-header-display":"","ast-hfb-below-header-display":"","ast-hfb-mobile-header-display":"","site-post-title":"","ast-breadcrumbs-content":"","ast-featured-img":"","footer-sml-layout":"","ast-disable-related-posts":"","theme-transparent-header-meta":"default","adv-header-id-meta":"","stick-header-meta":"","header-above-stick-meta":"","header-main-stick-meta":"","header-below-stick-meta":"","astra-migrate-meta-layouts":"set","ast-page-background-enabled":"default","ast-page-background-meta":{"desktop":{"background-color":"var(--ast-global-color-5)","background-image":"","background-repeat":"repeat","background-position":"center center","background-size":"auto","background-attachment":"scroll","background-type":"","background-media":"","overlay-type":"","overlay-color":"","overlay-opacity":"","overlay-gradient":""},"tablet":{"background-color":"","background-image":"","background-repeat":"repeat","background-position":"center center","background-size":"auto","background-attachment":"scroll","background-type":"","background-media":"","overlay-type":"","overlay-color":"","overlay-opacity":"","overlay-gradient":""},"mobile":{"background-color":"","background-image":"","background-repeat":"repeat","background-position":"center center","background-size":"auto","background-attachment":"scroll","background-type":"","background-media":"","overlay-type":"","overlay-color":"","overlay-opacity":"","overlay-gradient":""}},"ast-content-background-meta":{"desktop":{"background-color":"var(--ast-global-color-4)","background-image":"","background-repeat":"repeat","background-position":"center center","background-size":"auto","background-attachment":"scroll","background-type":"","background-media":"","overlay-type":"","overlay-color":"","overlay-opacity":"","overlay-gradient":""},"tablet":{"background-color":"var(--ast-global-color-4)","background-image":"","background-repeat":"repeat","background-position":"center center","background-size":"auto","background-attachment":"scroll","background-type":"","background-media":"","overlay-type":"","overlay-color":"","overlay-opacity":"","overlay-gradient":""},"mobile":{"background-color":"var(--ast-global-color-4)","background-image":"","background-repeat":"repeat","background-position":"center center","background-size":"auto","background-attachment":"scroll","background-type":"","background-media":"","overlay-type":"","overlay-color":"","overlay-opacity":"","overlay-gradient":""}}},"product_brand":[235],"product_cat":[68,59,72],"product_tag":[205],"class_list":{"0":"post-2595","1":"product","2":"type-product","3":"status-publish","4":"has-post-thumbnail","6":"product_brand-motorola","7":"product_cat-motorola","8":"product_cat-radio-comunicacion","9":"product_cat-radios-portatiles","10":"product_tag-motorola","11":"desktop-align-left","12":"tablet-align-left","13":"mobile-align-left","15":"first","16":"instock","17":"shipping-taxable","18":"product-type-simple"},"yoast_head":"<!-- This site is optimized with the Yoast SEO plugin v25.3 - https:\/\/yoast.com\/wordpress\/plugins\/seo\/ -->\n<title>Radio Port\u00e1til MOTOTRBO\u2122 DEP 250 - Tecplan<\/title>\n<meta name=\"robots\" content=\"index, follow, max-snippet:-1, max-image-preview:large, max-video-preview:-1\" \/>\n<link rel=\"canonical\" href=\"https:\/\/tecplan.com.es\/en\/product\/radio-portatil-mototrbo-dep-250\/\" \/>\n<meta property=\"og:locale\" content=\"en_US\" \/>\n<meta property=\"og:type\" content=\"article\" \/>\n<meta property=\"og:title\" content=\"Radio Port\u00e1til MOTOTRBO\u2122 DEP 250 - Tecplan\" \/>\n<meta property=\"og:description\" content=\"El radio MOTOTRBO DEP 250 ser\u00e1 su nueva opci\u00f3n. Esta serie puede mejorar la eficiencia de la comunicaci\u00f3n y es f\u00e1cil de usar. Es un pr\u00e1ctico radio dise\u00f1ado y fabricado para profesionales. Experimente la comunicaci\u00f3n de voz digital MOTOTRBO, hoy millones de usuarios conf\u00edan en su excelente calidad de voz y rendimiento. Esto permitir\u00e1 que su empresa reduzca efectivamente los gastos operativos mientras mantiene una mayor productividad.\" \/>\n<meta property=\"og:url\" content=\"https:\/\/tecplan.com.es\/en\/product\/radio-portatil-mototrbo-dep-250\/\" \/>\n<meta property=\"og:site_name\" content=\"Tecplan\" \/>\n<meta property=\"og:image\" content=\"https:\/\/tecplan.com.es\/wp-content\/uploads\/2025\/08\/radio-dep250_3.jpg\" \/>\n\t<meta property=\"og:image:width\" content=\"1000\" \/>\n\t<meta property=\"og:image:height\" content=\"1000\" \/>\n\t<meta property=\"og:image:type\" content=\"image\/jpeg\" \/>\n<meta name=\"twitter:card\" content=\"summary_large_image\" \/>\n<meta name=\"twitter:label1\" content=\"Est. reading time\" \/>\n\t<meta name=\"twitter:data1\" content=\"2 minutes\" \/>\n<script type=\"application\/ld+json\" class=\"yoast-schema-graph\">{\"@context\":\"https:\/\/schema.org\",\"@graph\":[{\"@type\":\"WebPage\",\"@id\":\"https:\/\/tecplan.com.es\/product\/radio-portatil-mototrbo-dep-250\/\",\"url\":\"https:\/\/tecplan.com.es\/product\/radio-portatil-mototrbo-dep-250\/\",\"name\":\"Radio Port\u00e1til MOTOTRBO\u2122 DEP 250 - Tecplan\",\"isPartOf\":{\"@id\":\"https:\/\/tecplan.com.es\/#website\"},\"primaryImageOfPage\":{\"@id\":\"https:\/\/tecplan.com.es\/product\/radio-portatil-mototrbo-dep-250\/#primaryimage\"},\"image\":{\"@id\":\"https:\/\/tecplan.com.es\/product\/radio-portatil-mototrbo-dep-250\/#primaryimage\"},\"thumbnailUrl\":\"https:\/\/tecplan.com.es\/wp-content\/uploads\/2025\/08\/radio-dep250_3.jpg\",\"datePublished\":\"2025-08-28T22:43:57+00:00\",\"breadcrumb\":{\"@id\":\"https:\/\/tecplan.com.es\/product\/radio-portatil-mototrbo-dep-250\/#breadcrumb\"},\"inLanguage\":\"en-US\",\"potentialAction\":[{\"@type\":\"ReadAction\",\"target\":[\"https:\/\/tecplan.com.es\/product\/radio-portatil-mototrbo-dep-250\/\"]}]},{\"@type\":\"ImageObject\",\"inLanguage\":\"en-US\",\"@id\":\"https:\/\/tecplan.com.es\/product\/radio-portatil-mototrbo-dep-250\/#primaryimage\",\"url\":\"https:\/\/tecplan.com.es\/wp-content\/uploads\/2025\/08\/radio-dep250_3.jpg\",\"contentUrl\":\"https:\/\/tecplan.com.es\/wp-content\/uploads\/2025\/08\/radio-dep250_3.jpg\",\"width\":1000,\"height\":1000},{\"@type\":\"BreadcrumbList\",\"@id\":\"https:\/\/tecplan.com.es\/product\/radio-portatil-mototrbo-dep-250\/#breadcrumb\",\"itemListElement\":[{\"@type\":\"ListItem\",\"position\":1,\"name\":\"Home\",\"item\":\"https:\/\/tecplan.com.es\/\"},{\"@type\":\"ListItem\",\"position\":2,\"name\":\"Shop\",\"item\":\"https:\/\/tecplan.com.es\/shop\/\"},{\"@type\":\"ListItem\",\"position\":3,\"name\":\"Radio Port\u00e1til MOTOTRBO\u2122 DEP 250\"}]},{\"@type\":\"WebSite\",\"@id\":\"https:\/\/tecplan.com.es\/#website\",\"url\":\"https:\/\/tecplan.com.es\/\",\"name\":\"Tecplan\",\"description\":\"\",\"potentialAction\":[{\"@type\":\"SearchAction\",\"target\":{\"@type\":\"EntryPoint\",\"urlTemplate\":\"https:\/\/tecplan.com.es\/?s={search_term_string}\"},\"query-input\":{\"@type\":\"PropertyValueSpecification\",\"valueRequired\":true,\"valueName\":\"search_term_string\"}}],\"inLanguage\":\"en-US\"}]}<\/script>\n<!-- \/ Yoast SEO plugin. -->","yoast_head_json":{"title":"Radio Port\u00e1til MOTOTRBO\u2122 DEP 250 - Tecplan","robots":{"index":"index","follow":"follow","max-snippet":"max-snippet:-1","max-image-preview":"max-image-preview:large","max-video-preview":"max-video-preview:-1"},"canonical":"https:\/\/tecplan.com.es\/en\/product\/radio-portatil-mototrbo-dep-250\/","og_locale":"en_US","og_type":"article","og_title":"Radio Port\u00e1til MOTOTRBO\u2122 DEP 250 - Tecplan","og_description":"El radio MOTOTRBO DEP 250 ser\u00e1 su nueva opci\u00f3n. Esta serie puede mejorar la eficiencia de la comunicaci\u00f3n y es f\u00e1cil de usar. Es un pr\u00e1ctico radio dise\u00f1ado y fabricado para profesionales. Experimente la comunicaci\u00f3n de voz digital MOTOTRBO, hoy millones de usuarios conf\u00edan en su excelente calidad de voz y rendimiento. Esto permitir\u00e1 que su empresa reduzca efectivamente los gastos operativos mientras mantiene una mayor productividad.","og_url":"https:\/\/tecplan.com.es\/en\/product\/radio-portatil-mototrbo-dep-250\/","og_site_name":"Tecplan","og_image":[{"width":1000,"height":1000,"url":"https:\/\/tecplan.com.es\/wp-content\/uploads\/2025\/08\/radio-dep250_3.jpg","type":"image\/jpeg"}],"twitter_card":"summary_large_image","twitter_misc":{"Est. reading time":"2 minutes"},"schema":{"@context":"https:\/\/schema.org","@graph":[{"@type":"WebPage","@id":"https:\/\/tecplan.com.es\/product\/radio-portatil-mototrbo-dep-250\/","url":"https:\/\/tecplan.com.es\/product\/radio-portatil-mototrbo-dep-250\/","name":"Radio Port\u00e1til MOTOTRBO\u2122 DEP 250 - Tecplan","isPartOf":{"@id":"https:\/\/tecplan.com.es\/#website"},"primaryImageOfPage":{"@id":"https:\/\/tecplan.com.es\/product\/radio-portatil-mototrbo-dep-250\/#primaryimage"},"image":{"@id":"https:\/\/tecplan.com.es\/product\/radio-portatil-mototrbo-dep-250\/#primaryimage"},"thumbnailUrl":"https:\/\/tecplan.com.es\/wp-content\/uploads\/2025\/08\/radio-dep250_3.jpg","datePublished":"2025-08-28T22:43:57+00:00","breadcrumb":{"@id":"https:\/\/tecplan.com.es\/product\/radio-portatil-mototrbo-dep-250\/#breadcrumb"},"inLanguage":"en-US","potentialAction":[{"@type":"ReadAction","target":["https:\/\/tecplan.com.es\/product\/radio-portatil-mototrbo-dep-250\/"]}]},{"@type":"ImageObject","inLanguage":"en-US","@id":"https:\/\/tecplan.com.es\/product\/radio-portatil-mototrbo-dep-250\/#primaryimage","url":"https:\/\/tecplan.com.es\/wp-content\/uploads\/2025\/08\/radio-dep250_3.jpg","contentUrl":"https:\/\/tecplan.com.es\/wp-content\/uploads\/2025\/08\/radio-dep250_3.jpg","width":1000,"height":1000},{"@type":"BreadcrumbList","@id":"https:\/\/tecplan.com.es\/product\/radio-portatil-mototrbo-dep-250\/#breadcrumb","itemListElement":[{"@type":"ListItem","position":1,"name":"Home","item":"https:\/\/tecplan.com.es\/"},{"@type":"ListItem","position":2,"name":"Shop","item":"https:\/\/tecplan.com.es\/shop\/"},{"@type":"ListItem","position":3,"name":"Radio Port\u00e1til MOTOTRBO\u2122 DEP 250"}]},{"@type":"WebSite","@id":"https:\/\/tecplan.com.es\/#website","url":"https:\/\/tecplan.com.es\/","name":"Tecplan","description":"","potentialAction":[{"@type":"SearchAction","target":{"@type":"EntryPoint","urlTemplate":"https:\/\/tecplan.com.es\/?s={search_term_string}"},"query-input":{"@type":"PropertyValueSpecification","valueRequired":true,"valueName":"search_term_string"}}],"inLanguage":"en-US"}]}},"_links":{"self":[{"href":"https:\/\/tecplan.com.es\/en\/wp-json\/wp\/v2\/product\/2595","targetHints":{"allow":["GET"]}}],"collection":[{"href":"https:\/\/tecplan.com.es\/en\/wp-json\/wp\/v2\/product"}],"about":[{"href":"https:\/\/tecplan.com.es\/en\/wp-json\/wp\/v2\/types\/product"}],"replies":[{"embeddable":true,"href":"https:\/\/tecplan.com.es\/en\/wp-json\/wp\/v2\/comments?post=2595"}],"version-history":[{"count":1,"href":"https:\/\/tecplan.com.es\/en\/wp-json\/wp\/v2\/product\/2595\/revisions"}],"predecessor-version":[{"id":2599,"href":"https:\/\/tecplan.com.es\/en\/wp-json\/wp\/v2\/product\/2595\/revisions\/2599"}],"wp:featuredmedia":[{"embeddable":true,"href":"https:\/\/tecplan.com.es\/en\/wp-json\/wp\/v2\/media\/2598"}],"wp:attachment":[{"href":"https:\/\/tecplan.com.es\/en\/wp-json\/wp\/v2\/media?parent=2595"}],"wp:term":[{"taxonomy":"product_brand","embeddable":true,"href":"https:\/\/tecplan.com.es\/en\/wp-json\/wp\/v2\/product_brand?post=2595"},{"taxonomy":"product_cat","embeddable":true,"href":"https:\/\/tecplan.com.es\/en\/wp-json\/wp\/v2\/product_cat?post=2595"},{"taxonomy":"product_tag","embeddable":true,"href":"https:\/\/tecplan.com.es\/en\/wp-json\/wp\/v2\/product_tag?post=2595"}],"curies":[{"name":"wp","href":"https:\/\/api.w.org\/{rel}","templated":true}]}}