{"id":2581,"date":"2025-08-20T20:38:20","date_gmt":"2025-08-20T20:38:20","guid":{"rendered":"https:\/\/tecplan.com.es\/?post_type=product&#038;p=2581"},"modified":"2025-08-20T21:51:20","modified_gmt":"2025-08-20T21:51:20","slug":"radio-movil-ic-sat100","status":"publish","type":"product","link":"https:\/\/tecplan.com.es\/en\/product\/radio-movil-ic-sat100\/","title":{"rendered":"Radio M\u00f3vil IC-SAT100"},"content":{"rendered":"<p style=\"text-align: justify;\">El IC-SAT100 de Icom permite a los usuarios de todo el mundo comunicarse con un grupo de radios PTT con solo presionar un bot\u00f3n.\u00a0Para hacer esto, el IC-SAT100 utiliza la red satelital Iridium\u00ae que cubre la tierra, incluidos ambos polos, lo que proporciona una comunicaci\u00f3n global de \u00e1rea amplia en cualquier parte del planeta.<\/p>\n<table>\n<tbody>\n<tr>\n<td>\n<h4>Red:<\/h4>\n<\/td>\n<td><\/td>\n<td>Sat\u00e9lite Iridium\u00ae<\/td>\n<\/tr>\n<tr>\n<td>\n<h4>Bluetooth\u00ae:<\/h4>\n<\/td>\n<td><\/td>\n<td>Incorporado<\/td>\n<\/tr>\n<tr>\n<td>\n<h4>GPS:<\/h4>\n<\/td>\n<td><\/td>\n<td>Incorporado<\/td>\n<\/tr>\n<tr>\n<td>\n<h4>Potencia de salida:<\/h4>\n<\/td>\n<td><\/td>\n<td>SP interno: 1500 mW<br \/>\nSP externo: 1000 mW<\/td>\n<\/tr>\n<tr>\n<td>\n<h4>Clasificaci\u00f3n impermeable:<\/h4>\n<\/td>\n<td><\/td>\n<td>IP67<\/td>\n<\/tr>\n<\/tbody>\n<\/table>\n<h4 style=\"text-align: justify;\">Funciones de emergencia<\/h4>\n<p style=\"text-align: justify;\">Mant\u00e9ngase alerta e informado con la conveniente funci\u00f3n de tecla de emergencia.\u00a0Al mantener presionada la tecla naranja en la parte superior de la radio, se enviar\u00e1 una llamada de emergencia a otras radios preprogramadas.\u00a0Los usuarios tambi\u00e9n pueden usar la funci\u00f3n de interrupci\u00f3n de prioridad para transmitir mensajes importantes.<\/p>\n<h4 style=\"text-align: justify;\">AquaQuake\u2122<\/h4>\n<p style=\"text-align: justify;\">Con una clasificaci\u00f3n IP67, significa que esta radio es resistente al agua hasta 1 m de profundidad durante 30 minutos y resistente al polvo.\u00a0Con la funci\u00f3n AquaQuake\u2122, tenga la seguridad de que la radio permanecer\u00e1 internamente seca.\u00a0Cuando se usa la funci\u00f3n AquaQuake\u2122, la radio vibra y empuja el agua fuera de la rejilla del parlante.<\/p>\n<h4 style=\"text-align: justify;\">Comunicaci\u00f3n segura<\/h4>\n<p style=\"text-align: justify;\">Comun\u00edquese con confianza con mensajes de datos cortos o PTT en la clave de cifrado segura AES de 256 bits.<\/p>\n<h4 style=\"text-align: justify;\">En el uso de edificios o veh\u00edculos<\/h4>\n<p style=\"text-align: justify;\">Con la antena AH-40 opcional, el IC-SAT100 puede usarse dentro de veh\u00edculos.\u00a0Con la capacidad de Bluetooth\u00ae, opere con manos libres mientras conduce.\u00a0Para mantenerlo montado y alimentado, se requiere la estaci\u00f3n de acoplamiento BC-247.<\/p>\n<h4 style=\"text-align: justify;\">Pantalla interoperable<\/h4>\n<p style=\"text-align: justify;\">El micr\u00f3fono del altavoz cuenta con una pantalla y un dise\u00f1o de botones similares a los del IC-SAT100M.\u00a0Cambie entre las unidades port\u00e1tiles y m\u00f3viles con facilidad.\u00a0La pantalla del micr\u00f3fono del altavoz tambi\u00e9n ofrece una funci\u00f3n multiling\u00fce.<\/p>\n<h4 style=\"text-align: justify;\">Otras caracter\u00edsticas<\/h4>\n<ul class=\"MoreFeatures\">\n<li style=\"text-align: justify;\">Opera el 100% del mundo<\/li>\n<li style=\"text-align: justify;\">Funci\u00f3n de grabaci\u00f3n de voz<\/li>\n<li style=\"text-align: justify;\">Exploraci\u00f3n de grupos de conversaci\u00f3n<\/li>\n<li style=\"text-align: justify;\">Llamada de interrupci\u00f3n prioritaria<\/li>\n<li style=\"text-align: justify;\">Alerta de vibraci\u00f3n<\/li>\n<li style=\"text-align: justify;\">Compatible con otros dispositivos Iridium\u00ae PTT<\/li>\n<\/ul>\n<p><!--more--><\/p>\n<h5 style=\"text-align: justify;\"><span style=\"text-decoration: underline;\"><strong>DOWNLOADS<\/strong><\/span><\/h5>\n<ul style=\"text-align: justify;\">\n<li><a href=\"https:\/\/drive.google.com\/file\/d\/1G9l6qPK_29o41XMgBw1efLwQqU0f2luK\/view?usp=sharing\">\u2192 Technical specifications<\/a><\/li>\n<\/ul>","protected":false},"excerpt":{"rendered":"<p style=\"text-align: justify;\">El IC-SAT100 de Icom permite a los usuarios de todo el mundo comunicarse con un grupo de radios PTT con solo presionar un bot\u00f3n.\u00a0Para hacer esto, el IC-SAT100 utiliza la red satelital Iridium\u00ae que cubre la tierra, incluidos ambos polos, lo que proporciona una comunicaci\u00f3n global de \u00e1rea amplia en cualquier parte del planeta.<\/p>\n<p><!--more--><\/p>\n<p><img decoding=\"async\" class=\"wp-image-2582 aligncenter\" src=\"https:\/\/tecplan.com.es\/wp-content\/uploads\/2025\/08\/icom1655.logowik.com_-300x225.webp\" alt=\"\" width=\"120\" height=\"110\" \/><\/p>","protected":false},"featured_media":2585,"comment_status":"open","ping_status":"closed","template":"","meta":{"site-sidebar-layout":"default","site-content-layout":"","ast-site-content-layout":"default","site-content-style":"default","site-sidebar-style":"default","ast-global-header-display":"","ast-banner-title-visibility":"","ast-main-header-display":"","ast-hfb-above-header-display":"","ast-hfb-below-header-display":"","ast-hfb-mobile-header-display":"","site-post-title":"","ast-breadcrumbs-content":"","ast-featured-img":"","footer-sml-layout":"","ast-disable-related-posts":"","theme-transparent-header-meta":"default","adv-header-id-meta":"","stick-header-meta":"","header-above-stick-meta":"","header-main-stick-meta":"","header-below-stick-meta":"","astra-migrate-meta-layouts":"set","ast-page-background-enabled":"default","ast-page-background-meta":{"desktop":{"background-color":"var(--ast-global-color-5)","background-image":"","background-repeat":"repeat","background-position":"center center","background-size":"auto","background-attachment":"scroll","background-type":"","background-media":"","overlay-type":"","overlay-color":"","overlay-opacity":"","overlay-gradient":""},"tablet":{"background-color":"","background-image":"","background-repeat":"repeat","background-position":"center center","background-size":"auto","background-attachment":"scroll","background-type":"","background-media":"","overlay-type":"","overlay-color":"","overlay-opacity":"","overlay-gradient":""},"mobile":{"background-color":"","background-image":"","background-repeat":"repeat","background-position":"center center","background-size":"auto","background-attachment":"scroll","background-type":"","background-media":"","overlay-type":"","overlay-color":"","overlay-opacity":"","overlay-gradient":""}},"ast-content-background-meta":{"desktop":{"background-color":"var(--ast-global-color-4)","background-image":"","background-repeat":"repeat","background-position":"center center","background-size":"auto","background-attachment":"scroll","background-type":"","background-media":"","overlay-type":"","overlay-color":"","overlay-opacity":"","overlay-gradient":""},"tablet":{"background-color":"var(--ast-global-color-4)","background-image":"","background-repeat":"repeat","background-position":"center center","background-size":"auto","background-attachment":"scroll","background-type":"","background-media":"","overlay-type":"","overlay-color":"","overlay-opacity":"","overlay-gradient":""},"mobile":{"background-color":"var(--ast-global-color-4)","background-image":"","background-repeat":"repeat","background-position":"center center","background-size":"auto","background-attachment":"scroll","background-type":"","background-media":"","overlay-type":"","overlay-color":"","overlay-opacity":"","overlay-gradient":""}}},"product_brand":[254],"product_cat":[73,59,77],"product_tag":[204],"class_list":{"0":"post-2581","1":"product","2":"type-product","3":"status-publish","4":"has-post-thumbnail","6":"product_brand-icom","7":"product_cat-icom","8":"product_cat-radio-comunicacion","9":"product_cat-radios-portatiles-icom","10":"product_tag-icom","11":"desktop-align-left","12":"tablet-align-left","13":"mobile-align-left","15":"first","16":"instock","17":"shipping-taxable","18":"product-type-simple"},"yoast_head":"<!-- This site is optimized with the Yoast SEO plugin v25.3 - https:\/\/yoast.com\/wordpress\/plugins\/seo\/ -->\n<title>Radio M\u00f3vil IC-SAT100 - Tecplan<\/title>\n<meta name=\"robots\" content=\"index, follow, max-snippet:-1, max-image-preview:large, max-video-preview:-1\" \/>\n<link rel=\"canonical\" href=\"https:\/\/tecplan.com.es\/en\/product\/radio-movil-ic-sat100\/\" \/>\n<meta property=\"og:locale\" content=\"en_US\" \/>\n<meta property=\"og:type\" content=\"article\" \/>\n<meta property=\"og:title\" content=\"Radio M\u00f3vil IC-SAT100 - Tecplan\" \/>\n<meta property=\"og:description\" content=\"El IC-SAT100 de Icom permite a los usuarios de todo el mundo comunicarse con un grupo de radios PTT con solo presionar un bot\u00f3n.\u00a0Para hacer esto, el IC-SAT100 utiliza la red satelital Iridium\u00ae que cubre la tierra, incluidos ambos polos, lo que proporciona una comunicaci\u00f3n global de \u00e1rea amplia en cualquier parte del planeta.\" \/>\n<meta property=\"og:url\" content=\"https:\/\/tecplan.com.es\/en\/product\/radio-movil-ic-sat100\/\" \/>\n<meta property=\"og:site_name\" content=\"Tecplan\" \/>\n<meta property=\"article:modified_time\" content=\"2025-08-20T21:51:20+00:00\" \/>\n<meta property=\"og:image\" content=\"https:\/\/tecplan.com.es\/wp-content\/uploads\/2025\/08\/1018.1987.sat100-gallery-02.jpg.webp\" \/>\n\t<meta property=\"og:image:width\" content=\"550\" \/>\n\t<meta property=\"og:image:height\" content=\"550\" \/>\n\t<meta property=\"og:image:type\" content=\"image\/webp\" \/>\n<meta name=\"twitter:card\" content=\"summary_large_image\" \/>\n<meta name=\"twitter:label1\" content=\"Est. reading time\" \/>\n\t<meta name=\"twitter:data1\" content=\"2 minutes\" \/>\n<script type=\"application\/ld+json\" class=\"yoast-schema-graph\">{\"@context\":\"https:\/\/schema.org\",\"@graph\":[{\"@type\":\"WebPage\",\"@id\":\"https:\/\/tecplan.com.es\/product\/radio-movil-ic-sat100\/\",\"url\":\"https:\/\/tecplan.com.es\/product\/radio-movil-ic-sat100\/\",\"name\":\"Radio M\u00f3vil IC-SAT100 - Tecplan\",\"isPartOf\":{\"@id\":\"https:\/\/tecplan.com.es\/#website\"},\"primaryImageOfPage\":{\"@id\":\"https:\/\/tecplan.com.es\/product\/radio-movil-ic-sat100\/#primaryimage\"},\"image\":{\"@id\":\"https:\/\/tecplan.com.es\/product\/radio-movil-ic-sat100\/#primaryimage\"},\"thumbnailUrl\":\"https:\/\/tecplan.com.es\/wp-content\/uploads\/2025\/08\/1018.1987.sat100-gallery-02.jpg.webp\",\"datePublished\":\"2025-08-20T20:38:20+00:00\",\"dateModified\":\"2025-08-20T21:51:20+00:00\",\"breadcrumb\":{\"@id\":\"https:\/\/tecplan.com.es\/product\/radio-movil-ic-sat100\/#breadcrumb\"},\"inLanguage\":\"en-US\",\"potentialAction\":[{\"@type\":\"ReadAction\",\"target\":[\"https:\/\/tecplan.com.es\/product\/radio-movil-ic-sat100\/\"]}]},{\"@type\":\"ImageObject\",\"inLanguage\":\"en-US\",\"@id\":\"https:\/\/tecplan.com.es\/product\/radio-movil-ic-sat100\/#primaryimage\",\"url\":\"https:\/\/tecplan.com.es\/wp-content\/uploads\/2025\/08\/1018.1987.sat100-gallery-02.jpg.webp\",\"contentUrl\":\"https:\/\/tecplan.com.es\/wp-content\/uploads\/2025\/08\/1018.1987.sat100-gallery-02.jpg.webp\",\"width\":550,\"height\":550},{\"@type\":\"BreadcrumbList\",\"@id\":\"https:\/\/tecplan.com.es\/product\/radio-movil-ic-sat100\/#breadcrumb\",\"itemListElement\":[{\"@type\":\"ListItem\",\"position\":1,\"name\":\"Home\",\"item\":\"https:\/\/tecplan.com.es\/\"},{\"@type\":\"ListItem\",\"position\":2,\"name\":\"Shop\",\"item\":\"https:\/\/tecplan.com.es\/shop\/\"},{\"@type\":\"ListItem\",\"position\":3,\"name\":\"Radio M\u00f3vil IC-SAT100\"}]},{\"@type\":\"WebSite\",\"@id\":\"https:\/\/tecplan.com.es\/#website\",\"url\":\"https:\/\/tecplan.com.es\/\",\"name\":\"Tecplan\",\"description\":\"\",\"potentialAction\":[{\"@type\":\"SearchAction\",\"target\":{\"@type\":\"EntryPoint\",\"urlTemplate\":\"https:\/\/tecplan.com.es\/?s={search_term_string}\"},\"query-input\":{\"@type\":\"PropertyValueSpecification\",\"valueRequired\":true,\"valueName\":\"search_term_string\"}}],\"inLanguage\":\"en-US\"}]}<\/script>\n<!-- \/ Yoast SEO plugin. -->","yoast_head_json":{"title":"Radio M\u00f3vil IC-SAT100 - Tecplan","robots":{"index":"index","follow":"follow","max-snippet":"max-snippet:-1","max-image-preview":"max-image-preview:large","max-video-preview":"max-video-preview:-1"},"canonical":"https:\/\/tecplan.com.es\/en\/product\/radio-movil-ic-sat100\/","og_locale":"en_US","og_type":"article","og_title":"Radio M\u00f3vil IC-SAT100 - Tecplan","og_description":"El IC-SAT100 de Icom permite a los usuarios de todo el mundo comunicarse con un grupo de radios PTT con solo presionar un bot\u00f3n.\u00a0Para hacer esto, el IC-SAT100 utiliza la red satelital Iridium\u00ae que cubre la tierra, incluidos ambos polos, lo que proporciona una comunicaci\u00f3n global de \u00e1rea amplia en cualquier parte del planeta.","og_url":"https:\/\/tecplan.com.es\/en\/product\/radio-movil-ic-sat100\/","og_site_name":"Tecplan","article_modified_time":"2025-08-20T21:51:20+00:00","og_image":[{"width":550,"height":550,"url":"https:\/\/tecplan.com.es\/wp-content\/uploads\/2025\/08\/1018.1987.sat100-gallery-02.jpg.webp","type":"image\/webp"}],"twitter_card":"summary_large_image","twitter_misc":{"Est. reading time":"2 minutes"},"schema":{"@context":"https:\/\/schema.org","@graph":[{"@type":"WebPage","@id":"https:\/\/tecplan.com.es\/product\/radio-movil-ic-sat100\/","url":"https:\/\/tecplan.com.es\/product\/radio-movil-ic-sat100\/","name":"Radio M\u00f3vil IC-SAT100 - Tecplan","isPartOf":{"@id":"https:\/\/tecplan.com.es\/#website"},"primaryImageOfPage":{"@id":"https:\/\/tecplan.com.es\/product\/radio-movil-ic-sat100\/#primaryimage"},"image":{"@id":"https:\/\/tecplan.com.es\/product\/radio-movil-ic-sat100\/#primaryimage"},"thumbnailUrl":"https:\/\/tecplan.com.es\/wp-content\/uploads\/2025\/08\/1018.1987.sat100-gallery-02.jpg.webp","datePublished":"2025-08-20T20:38:20+00:00","dateModified":"2025-08-20T21:51:20+00:00","breadcrumb":{"@id":"https:\/\/tecplan.com.es\/product\/radio-movil-ic-sat100\/#breadcrumb"},"inLanguage":"en-US","potentialAction":[{"@type":"ReadAction","target":["https:\/\/tecplan.com.es\/product\/radio-movil-ic-sat100\/"]}]},{"@type":"ImageObject","inLanguage":"en-US","@id":"https:\/\/tecplan.com.es\/product\/radio-movil-ic-sat100\/#primaryimage","url":"https:\/\/tecplan.com.es\/wp-content\/uploads\/2025\/08\/1018.1987.sat100-gallery-02.jpg.webp","contentUrl":"https:\/\/tecplan.com.es\/wp-content\/uploads\/2025\/08\/1018.1987.sat100-gallery-02.jpg.webp","width":550,"height":550},{"@type":"BreadcrumbList","@id":"https:\/\/tecplan.com.es\/product\/radio-movil-ic-sat100\/#breadcrumb","itemListElement":[{"@type":"ListItem","position":1,"name":"Home","item":"https:\/\/tecplan.com.es\/"},{"@type":"ListItem","position":2,"name":"Shop","item":"https:\/\/tecplan.com.es\/shop\/"},{"@type":"ListItem","position":3,"name":"Radio M\u00f3vil IC-SAT100"}]},{"@type":"WebSite","@id":"https:\/\/tecplan.com.es\/#website","url":"https:\/\/tecplan.com.es\/","name":"Tecplan","description":"","potentialAction":[{"@type":"SearchAction","target":{"@type":"EntryPoint","urlTemplate":"https:\/\/tecplan.com.es\/?s={search_term_string}"},"query-input":{"@type":"PropertyValueSpecification","valueRequired":true,"valueName":"search_term_string"}}],"inLanguage":"en-US"}]}},"_links":{"self":[{"href":"https:\/\/tecplan.com.es\/en\/wp-json\/wp\/v2\/product\/2581","targetHints":{"allow":["GET"]}}],"collection":[{"href":"https:\/\/tecplan.com.es\/en\/wp-json\/wp\/v2\/product"}],"about":[{"href":"https:\/\/tecplan.com.es\/en\/wp-json\/wp\/v2\/types\/product"}],"replies":[{"embeddable":true,"href":"https:\/\/tecplan.com.es\/en\/wp-json\/wp\/v2\/comments?post=2581"}],"version-history":[{"count":3,"href":"https:\/\/tecplan.com.es\/en\/wp-json\/wp\/v2\/product\/2581\/revisions"}],"predecessor-version":[{"id":2587,"href":"https:\/\/tecplan.com.es\/en\/wp-json\/wp\/v2\/product\/2581\/revisions\/2587"}],"wp:featuredmedia":[{"embeddable":true,"href":"https:\/\/tecplan.com.es\/en\/wp-json\/wp\/v2\/media\/2585"}],"wp:attachment":[{"href":"https:\/\/tecplan.com.es\/en\/wp-json\/wp\/v2\/media?parent=2581"}],"wp:term":[{"taxonomy":"product_brand","embeddable":true,"href":"https:\/\/tecplan.com.es\/en\/wp-json\/wp\/v2\/product_brand?post=2581"},{"taxonomy":"product_cat","embeddable":true,"href":"https:\/\/tecplan.com.es\/en\/wp-json\/wp\/v2\/product_cat?post=2581"},{"taxonomy":"product_tag","embeddable":true,"href":"https:\/\/tecplan.com.es\/en\/wp-json\/wp\/v2\/product_tag?post=2581"}],"curies":[{"name":"wp","href":"https:\/\/api.w.org\/{rel}","templated":true}]}}