{"id":2564,"date":"2025-08-18T21:43:16","date_gmt":"2025-08-18T21:43:16","guid":{"rendered":"https:\/\/tecplan.com.es\/?post_type=product&#038;p=2564"},"modified":"2025-08-18T21:44:07","modified_gmt":"2025-08-18T21:44:07","slug":"bateria-motorola-pmnn4476","status":"publish","type":"product","link":"https:\/\/tecplan.com.es\/en\/product\/bateria-motorola-pmnn4476\/","title":{"rendered":"Bater\u00eda Motorola PMNN4476"},"content":{"rendered":"<p style=\"text-align: justify;\"><span class=\"svelte-1sntxl4\">PMNN4476 es un <\/span><span class=\"qa-highlight svelte-1sntxl4\"><span class=\"svelte-1sntxl4\">Bater\u00eda de iones de litio de 7,4 V y 1750 mAh<\/span><\/span><span class=\"svelte-1sntxl4\"> dise\u00f1ado para su uso con radios bidireccionales de las series Motorola, compatible con los moelos: EP350, DEP250.<\/span>\u00a0<span class=\"svelte-1sntxl4\">Es una bater\u00eda de alta capacidad con clasificaci\u00f3n IP54, que ofrece protecci\u00f3n contra salpicaduras de polvo y agua.<\/span><\/p>\n<p style=\"text-align: justify;\"><span class=\"svelte-1sntxl4\">Esta bater\u00eda es el reemplazo directo de la bater\u00eda Motorola.<\/span>\u00a0<span class=\"svelte-1sntxl4\">Proporciona hasta 10 horas de tiempo de conversaci\u00f3n cuando se utiliza con una radio anal\u00f3gica y hasta 14 horas con una radio digital.<\/span>\u00a0<span class=\"svelte-1sntxl4\">La bater\u00eda pesa 0,35 libras (160 g) y tiene dimensiones de 2 pulgadas (ancho) x 4,72 pulgadas (alto) x 1,25 pulgadas (d\u00eda).<\/span><\/p>\n<p>&nbsp;<\/p>","protected":false},"excerpt":{"rendered":"<p><strong>Specs<\/strong><\/p>\n<ul>\n<li>Li-lon<\/li>\n<li>1750 MAH<\/li>\n<li>IP54<\/li>\n<\/ul>\n<p><strong>Horas de duraci\u00f3n<\/strong><br \/>\n9-11<\/p>\n<p><strong>Dimensions<\/strong><br \/>\n120 x 54 x 18<\/p>\n<p><strong>Peso<\/strong><br \/>\n125 gramos<\/p>\n<p><!--more--><\/p>\n<p><img decoding=\"async\" class=\"wp-image-1035 aligncenter\" src=\"https:\/\/tecplan.com.es\/wp-content\/uploads\/2025\/05\/descarga-300x90.png\" alt=\"\" width=\"170\" height=\"51\" srcset=\"https:\/\/tecplan.com.es\/wp-content\/uploads\/2025\/05\/descarga-300x90.png 300w, https:\/\/tecplan.com.es\/wp-content\/uploads\/2025\/05\/descarga-18x5.png 18w, https:\/\/tecplan.com.es\/wp-content\/uploads\/2025\/05\/descarga.png 596w\" sizes=\"(max-width: 170px) 100vw, 170px\" \/><\/p>","protected":false},"featured_media":2567,"comment_status":"open","ping_status":"closed","template":"","meta":{"site-sidebar-layout":"default","site-content-layout":"","ast-site-content-layout":"default","site-content-style":"default","site-sidebar-style":"default","ast-global-header-display":"","ast-banner-title-visibility":"","ast-main-header-display":"","ast-hfb-above-header-display":"","ast-hfb-below-header-display":"","ast-hfb-mobile-header-display":"","site-post-title":"","ast-breadcrumbs-content":"","ast-featured-img":"","footer-sml-layout":"","ast-disable-related-posts":"","theme-transparent-header-meta":"default","adv-header-id-meta":"","stick-header-meta":"","header-above-stick-meta":"","header-main-stick-meta":"","header-below-stick-meta":"","astra-migrate-meta-layouts":"set","ast-page-background-enabled":"default","ast-page-background-meta":{"desktop":{"background-color":"var(--ast-global-color-5)","background-image":"","background-repeat":"repeat","background-position":"center center","background-size":"auto","background-attachment":"scroll","background-type":"","background-media":"","overlay-type":"","overlay-color":"","overlay-opacity":"","overlay-gradient":""},"tablet":{"background-color":"","background-image":"","background-repeat":"repeat","background-position":"center center","background-size":"auto","background-attachment":"scroll","background-type":"","background-media":"","overlay-type":"","overlay-color":"","overlay-opacity":"","overlay-gradient":""},"mobile":{"background-color":"","background-image":"","background-repeat":"repeat","background-position":"center center","background-size":"auto","background-attachment":"scroll","background-type":"","background-media":"","overlay-type":"","overlay-color":"","overlay-opacity":"","overlay-gradient":""}},"ast-content-background-meta":{"desktop":{"background-color":"var(--ast-global-color-4)","background-image":"","background-repeat":"repeat","background-position":"center center","background-size":"auto","background-attachment":"scroll","background-type":"","background-media":"","overlay-type":"","overlay-color":"","overlay-opacity":"","overlay-gradient":""},"tablet":{"background-color":"var(--ast-global-color-4)","background-image":"","background-repeat":"repeat","background-position":"center center","background-size":"auto","background-attachment":"scroll","background-type":"","background-media":"","overlay-type":"","overlay-color":"","overlay-opacity":"","overlay-gradient":""},"mobile":{"background-color":"var(--ast-global-color-4)","background-image":"","background-repeat":"repeat","background-position":"center center","background-size":"auto","background-attachment":"scroll","background-type":"","background-media":"","overlay-type":"","overlay-color":"","overlay-opacity":"","overlay-gradient":""}}},"product_brand":[235],"product_cat":[253,68,59],"product_tag":[205],"class_list":{"0":"post-2564","1":"product","2":"type-product","3":"status-publish","4":"has-post-thumbnail","6":"product_brand-motorola","7":"product_cat-baterias","8":"product_cat-motorola","9":"product_cat-radio-comunicacion","10":"product_tag-motorola","11":"desktop-align-left","12":"tablet-align-left","13":"mobile-align-left","15":"first","16":"instock","17":"shipping-taxable","18":"product-type-simple"},"yoast_head":"<!-- This site is optimized with the Yoast SEO plugin v25.3 - https:\/\/yoast.com\/wordpress\/plugins\/seo\/ -->\n<title>Bater\u00eda Motorola PMNN4476 - Tecplan<\/title>\n<meta name=\"robots\" content=\"index, follow, max-snippet:-1, max-image-preview:large, max-video-preview:-1\" \/>\n<link rel=\"canonical\" href=\"https:\/\/tecplan.com.es\/en\/product\/bateria-motorola-pmnn4476\/\" \/>\n<meta property=\"og:locale\" content=\"en_US\" \/>\n<meta property=\"og:type\" content=\"article\" \/>\n<meta property=\"og:title\" content=\"Bater\u00eda Motorola PMNN4476 - Tecplan\" \/>\n<meta property=\"og:description\" content=\"Especificaciones   Li-lon  1750 MAH  IP54  Horas de duraci\u00f3n 9-11  Dimensiones 120 x 54 x 18  Peso 125 gramos\" \/>\n<meta property=\"og:url\" content=\"https:\/\/tecplan.com.es\/en\/product\/bateria-motorola-pmnn4476\/\" \/>\n<meta property=\"og:site_name\" content=\"Tecplan\" \/>\n<meta property=\"article:modified_time\" content=\"2025-08-18T21:44:07+00:00\" \/>\n<meta property=\"og:image\" content=\"https:\/\/tecplan.com.es\/wp-content\/uploads\/2025\/08\/Bateria-Motorola-PMNN4476-01-scaled-1.jpg\" \/>\n\t<meta property=\"og:image:width\" content=\"1804\" \/>\n\t<meta property=\"og:image:height\" content=\"2560\" \/>\n\t<meta property=\"og:image:type\" content=\"image\/jpeg\" \/>\n<meta name=\"twitter:card\" content=\"summary_large_image\" \/>\n<meta name=\"twitter:label1\" content=\"Est. reading time\" \/>\n\t<meta name=\"twitter:data1\" content=\"1 minute\" \/>\n<script type=\"application\/ld+json\" class=\"yoast-schema-graph\">{\"@context\":\"https:\/\/schema.org\",\"@graph\":[{\"@type\":\"WebPage\",\"@id\":\"https:\/\/tecplan.com.es\/product\/bateria-motorola-pmnn4476\/\",\"url\":\"https:\/\/tecplan.com.es\/product\/bateria-motorola-pmnn4476\/\",\"name\":\"Bater\u00eda Motorola PMNN4476 - Tecplan\",\"isPartOf\":{\"@id\":\"https:\/\/tecplan.com.es\/#website\"},\"primaryImageOfPage\":{\"@id\":\"https:\/\/tecplan.com.es\/product\/bateria-motorola-pmnn4476\/#primaryimage\"},\"image\":{\"@id\":\"https:\/\/tecplan.com.es\/product\/bateria-motorola-pmnn4476\/#primaryimage\"},\"thumbnailUrl\":\"https:\/\/tecplan.com.es\/wp-content\/uploads\/2025\/08\/Bateria-Motorola-PMNN4476-01-scaled-1.jpg\",\"datePublished\":\"2025-08-18T21:43:16+00:00\",\"dateModified\":\"2025-08-18T21:44:07+00:00\",\"breadcrumb\":{\"@id\":\"https:\/\/tecplan.com.es\/product\/bateria-motorola-pmnn4476\/#breadcrumb\"},\"inLanguage\":\"en-US\",\"potentialAction\":[{\"@type\":\"ReadAction\",\"target\":[\"https:\/\/tecplan.com.es\/product\/bateria-motorola-pmnn4476\/\"]}]},{\"@type\":\"ImageObject\",\"inLanguage\":\"en-US\",\"@id\":\"https:\/\/tecplan.com.es\/product\/bateria-motorola-pmnn4476\/#primaryimage\",\"url\":\"https:\/\/tecplan.com.es\/wp-content\/uploads\/2025\/08\/Bateria-Motorola-PMNN4476-01-scaled-1.jpg\",\"contentUrl\":\"https:\/\/tecplan.com.es\/wp-content\/uploads\/2025\/08\/Bateria-Motorola-PMNN4476-01-scaled-1.jpg\",\"width\":1804,\"height\":2560},{\"@type\":\"BreadcrumbList\",\"@id\":\"https:\/\/tecplan.com.es\/product\/bateria-motorola-pmnn4476\/#breadcrumb\",\"itemListElement\":[{\"@type\":\"ListItem\",\"position\":1,\"name\":\"Home\",\"item\":\"https:\/\/tecplan.com.es\/\"},{\"@type\":\"ListItem\",\"position\":2,\"name\":\"Shop\",\"item\":\"https:\/\/tecplan.com.es\/shop\/\"},{\"@type\":\"ListItem\",\"position\":3,\"name\":\"Bater\u00eda Motorola PMNN4476\"}]},{\"@type\":\"WebSite\",\"@id\":\"https:\/\/tecplan.com.es\/#website\",\"url\":\"https:\/\/tecplan.com.es\/\",\"name\":\"Tecplan\",\"description\":\"\",\"potentialAction\":[{\"@type\":\"SearchAction\",\"target\":{\"@type\":\"EntryPoint\",\"urlTemplate\":\"https:\/\/tecplan.com.es\/?s={search_term_string}\"},\"query-input\":{\"@type\":\"PropertyValueSpecification\",\"valueRequired\":true,\"valueName\":\"search_term_string\"}}],\"inLanguage\":\"en-US\"}]}<\/script>\n<!-- \/ Yoast SEO plugin. -->","yoast_head_json":{"title":"Bater\u00eda Motorola PMNN4476 - Tecplan","robots":{"index":"index","follow":"follow","max-snippet":"max-snippet:-1","max-image-preview":"max-image-preview:large","max-video-preview":"max-video-preview:-1"},"canonical":"https:\/\/tecplan.com.es\/en\/product\/bateria-motorola-pmnn4476\/","og_locale":"en_US","og_type":"article","og_title":"Bater\u00eda Motorola PMNN4476 - Tecplan","og_description":"Especificaciones   Li-lon  1750 MAH  IP54  Horas de duraci\u00f3n 9-11  Dimensiones 120 x 54 x 18  Peso 125 gramos","og_url":"https:\/\/tecplan.com.es\/en\/product\/bateria-motorola-pmnn4476\/","og_site_name":"Tecplan","article_modified_time":"2025-08-18T21:44:07+00:00","og_image":[{"width":1804,"height":2560,"url":"https:\/\/tecplan.com.es\/wp-content\/uploads\/2025\/08\/Bateria-Motorola-PMNN4476-01-scaled-1.jpg","type":"image\/jpeg"}],"twitter_card":"summary_large_image","twitter_misc":{"Est. reading time":"1 minute"},"schema":{"@context":"https:\/\/schema.org","@graph":[{"@type":"WebPage","@id":"https:\/\/tecplan.com.es\/product\/bateria-motorola-pmnn4476\/","url":"https:\/\/tecplan.com.es\/product\/bateria-motorola-pmnn4476\/","name":"Bater\u00eda Motorola PMNN4476 - Tecplan","isPartOf":{"@id":"https:\/\/tecplan.com.es\/#website"},"primaryImageOfPage":{"@id":"https:\/\/tecplan.com.es\/product\/bateria-motorola-pmnn4476\/#primaryimage"},"image":{"@id":"https:\/\/tecplan.com.es\/product\/bateria-motorola-pmnn4476\/#primaryimage"},"thumbnailUrl":"https:\/\/tecplan.com.es\/wp-content\/uploads\/2025\/08\/Bateria-Motorola-PMNN4476-01-scaled-1.jpg","datePublished":"2025-08-18T21:43:16+00:00","dateModified":"2025-08-18T21:44:07+00:00","breadcrumb":{"@id":"https:\/\/tecplan.com.es\/product\/bateria-motorola-pmnn4476\/#breadcrumb"},"inLanguage":"en-US","potentialAction":[{"@type":"ReadAction","target":["https:\/\/tecplan.com.es\/product\/bateria-motorola-pmnn4476\/"]}]},{"@type":"ImageObject","inLanguage":"en-US","@id":"https:\/\/tecplan.com.es\/product\/bateria-motorola-pmnn4476\/#primaryimage","url":"https:\/\/tecplan.com.es\/wp-content\/uploads\/2025\/08\/Bateria-Motorola-PMNN4476-01-scaled-1.jpg","contentUrl":"https:\/\/tecplan.com.es\/wp-content\/uploads\/2025\/08\/Bateria-Motorola-PMNN4476-01-scaled-1.jpg","width":1804,"height":2560},{"@type":"BreadcrumbList","@id":"https:\/\/tecplan.com.es\/product\/bateria-motorola-pmnn4476\/#breadcrumb","itemListElement":[{"@type":"ListItem","position":1,"name":"Home","item":"https:\/\/tecplan.com.es\/"},{"@type":"ListItem","position":2,"name":"Shop","item":"https:\/\/tecplan.com.es\/shop\/"},{"@type":"ListItem","position":3,"name":"Bater\u00eda Motorola PMNN4476"}]},{"@type":"WebSite","@id":"https:\/\/tecplan.com.es\/#website","url":"https:\/\/tecplan.com.es\/","name":"Tecplan","description":"","potentialAction":[{"@type":"SearchAction","target":{"@type":"EntryPoint","urlTemplate":"https:\/\/tecplan.com.es\/?s={search_term_string}"},"query-input":{"@type":"PropertyValueSpecification","valueRequired":true,"valueName":"search_term_string"}}],"inLanguage":"en-US"}]}},"_links":{"self":[{"href":"https:\/\/tecplan.com.es\/en\/wp-json\/wp\/v2\/product\/2564","targetHints":{"allow":["GET"]}}],"collection":[{"href":"https:\/\/tecplan.com.es\/en\/wp-json\/wp\/v2\/product"}],"about":[{"href":"https:\/\/tecplan.com.es\/en\/wp-json\/wp\/v2\/types\/product"}],"replies":[{"embeddable":true,"href":"https:\/\/tecplan.com.es\/en\/wp-json\/wp\/v2\/comments?post=2564"}],"version-history":[{"count":2,"href":"https:\/\/tecplan.com.es\/en\/wp-json\/wp\/v2\/product\/2564\/revisions"}],"predecessor-version":[{"id":2569,"href":"https:\/\/tecplan.com.es\/en\/wp-json\/wp\/v2\/product\/2564\/revisions\/2569"}],"wp:featuredmedia":[{"embeddable":true,"href":"https:\/\/tecplan.com.es\/en\/wp-json\/wp\/v2\/media\/2567"}],"wp:attachment":[{"href":"https:\/\/tecplan.com.es\/en\/wp-json\/wp\/v2\/media?parent=2564"}],"wp:term":[{"taxonomy":"product_brand","embeddable":true,"href":"https:\/\/tecplan.com.es\/en\/wp-json\/wp\/v2\/product_brand?post=2564"},{"taxonomy":"product_cat","embeddable":true,"href":"https:\/\/tecplan.com.es\/en\/wp-json\/wp\/v2\/product_cat?post=2564"},{"taxonomy":"product_tag","embeddable":true,"href":"https:\/\/tecplan.com.es\/en\/wp-json\/wp\/v2\/product_tag?post=2564"}],"curies":[{"name":"wp","href":"https:\/\/api.w.org\/{rel}","templated":true}]}}