{"id":2537,"date":"2025-08-15T22:02:46","date_gmt":"2025-08-15T22:02:46","guid":{"rendered":"https:\/\/tecplan.com.es\/?post_type=product&#038;p=2537"},"modified":"2025-08-15T22:29:26","modified_gmt":"2025-08-15T22:29:26","slug":"bateria-motorola-pmnn4544a","status":"publish","type":"product","link":"https:\/\/tecplan.com.es\/en\/product\/bateria-motorola-pmnn4544a\/","title":{"rendered":"Bater\u00eda Motorola PMNN4544A"},"content":{"rendered":"<div id=\"chatllm-main-answer-content\" class=\"chatllm-content svelte-1nnast3\">\n<div class=\"llm-output svelte-1nnast3 desktop-large-regular llm-output-complete\">\n<p class=\"svelte-1sntxl4\" style=\"text-align: justify;\"><span class=\"svelte-1sntxl4\">El Motorola PMNN4544A es una <\/span><span class=\"\"><span class=\"qa-highlight svelte-1sntxl4\"><span class=\"svelte-1sntxl4\">Bater\u00eda de iones de litio de 2450 mAh de alta capacidad dise\u00f1ada para radios bidireccionales profesionales<\/span><\/span><span class=\"svelte-1sntxl4\">, con tecnolog\u00eda IMPRES para carga y reacondicionamiento inteligente.<\/span><\/span>\u00a0<span class=\"svelte-1sntxl4\">Ofrece un tiempo de funcionamiento extendido, con tiempos de conversaci\u00f3n estimados de 11 horas a baja potencia y 9 horas a alta potencia.<\/span>\u00a0<span class=\"svelte-1sntxl4\">La bater\u00eda tiene clasificaci\u00f3n IP68, lo que significa que est\u00e1 completamente sellada y es sumergible, lo que proporciona una excelente protecci\u00f3n contra el polvo y el agua, lo que la hace adecuada para entornos exigentes.<\/span>\u00a0<span class=\"svelte-1sntxl4\">Es compatible con una amplia gama de radios Motorola, incluidas las series DEP550e, DEP570, DGP5050e, DGP5550e, DGP8050e, DGP8550.<\/span><\/p>\n<p class=\"svelte-1sntxl4\" style=\"text-align: justify;\"><span class=\"svelte-1sntxl4\">La bater\u00eda funciona dentro de un rango de temperatura de -10\u00b0C a +60\u00b0C (14\u00b0F a 140\u00b0F).<\/span>\u00a0<span class=\"svelte-1sntxl4\">Est\u00e1 disponible en varios minoristas, con precios que oscilan entre aproximadamente $69,83 y $75,00 USD.<\/span>\u00a0<span class=\"svelte-1sntxl4\">La bater\u00eda viene con una garant\u00eda Motorola de 1 a\u00f1o.<\/span><\/p>\n<\/div>\n<\/div>\n<p>&nbsp;<\/p>","protected":false},"excerpt":{"rendered":"<p style=\"text-align: justify;\"><strong>Specs<\/strong><\/p>\n<ul style=\"text-align: justify;\">\n<li>Li-lon<\/li>\n<li>2450 MAH<\/li>\n<li>IP68<\/li>\n<li>IMPRES<\/li>\n<\/ul>\n<p style=\"text-align: justify;\"><strong>Horas de duraci\u00f3n<\/strong><br \/>\n9-11<\/p>\n<p style=\"text-align: justify;\"><strong>Dimensions<\/strong><br \/>\n113 x 52 x 23<\/p>\n<p style=\"text-align: justify;\"><strong>Peso<\/strong><br \/>\n137 gramos<\/p>\n<p><!--more--><\/p>\n<p><img decoding=\"async\" class=\"alignnone wp-image-491\" src=\"https:\/\/tecplan.com.es\/wp-content\/uploads\/2025\/03\/log_por2-01-300x101.png\" alt=\"\" width=\"163\" height=\"55\" srcset=\"https:\/\/tecplan.com.es\/wp-content\/uploads\/2025\/03\/log_por2-01-300x101.png 300w, https:\/\/tecplan.com.es\/wp-content\/uploads\/2025\/03\/log_por2-01-600x202.png 600w, https:\/\/tecplan.com.es\/wp-content\/uploads\/2025\/03\/log_por2-01-1024x345.png 1024w, https:\/\/tecplan.com.es\/wp-content\/uploads\/2025\/03\/log_por2-01-768x259.png 768w, https:\/\/tecplan.com.es\/wp-content\/uploads\/2025\/03\/log_por2-01-18x6.png 18w, https:\/\/tecplan.com.es\/wp-content\/uploads\/2025\/03\/log_por2-01.png 1379w\" sizes=\"(max-width: 163px) 100vw, 163px\" \/><\/p>","protected":false},"featured_media":2549,"comment_status":"open","ping_status":"closed","template":"","meta":{"site-sidebar-layout":"default","site-content-layout":"","ast-site-content-layout":"default","site-content-style":"default","site-sidebar-style":"default","ast-global-header-display":"","ast-banner-title-visibility":"","ast-main-header-display":"","ast-hfb-above-header-display":"","ast-hfb-below-header-display":"","ast-hfb-mobile-header-display":"","site-post-title":"","ast-breadcrumbs-content":"","ast-featured-img":"","footer-sml-layout":"","ast-disable-related-posts":"","theme-transparent-header-meta":"default","adv-header-id-meta":"","stick-header-meta":"","header-above-stick-meta":"","header-main-stick-meta":"","header-below-stick-meta":"","astra-migrate-meta-layouts":"set","ast-page-background-enabled":"default","ast-page-background-meta":{"desktop":{"background-color":"var(--ast-global-color-5)","background-image":"","background-repeat":"repeat","background-position":"center center","background-size":"auto","background-attachment":"scroll","background-type":"","background-media":"","overlay-type":"","overlay-color":"","overlay-opacity":"","overlay-gradient":""},"tablet":{"background-color":"","background-image":"","background-repeat":"repeat","background-position":"center center","background-size":"auto","background-attachment":"scroll","background-type":"","background-media":"","overlay-type":"","overlay-color":"","overlay-opacity":"","overlay-gradient":""},"mobile":{"background-color":"","background-image":"","background-repeat":"repeat","background-position":"center center","background-size":"auto","background-attachment":"scroll","background-type":"","background-media":"","overlay-type":"","overlay-color":"","overlay-opacity":"","overlay-gradient":""}},"ast-content-background-meta":{"desktop":{"background-color":"var(--ast-global-color-4)","background-image":"","background-repeat":"repeat","background-position":"center center","background-size":"auto","background-attachment":"scroll","background-type":"","background-media":"","overlay-type":"","overlay-color":"","overlay-opacity":"","overlay-gradient":""},"tablet":{"background-color":"var(--ast-global-color-4)","background-image":"","background-repeat":"repeat","background-position":"center center","background-size":"auto","background-attachment":"scroll","background-type":"","background-media":"","overlay-type":"","overlay-color":"","overlay-opacity":"","overlay-gradient":""},"mobile":{"background-color":"var(--ast-global-color-4)","background-image":"","background-repeat":"repeat","background-position":"center center","background-size":"auto","background-attachment":"scroll","background-type":"","background-media":"","overlay-type":"","overlay-color":"","overlay-opacity":"","overlay-gradient":""}}},"product_brand":[235],"product_cat":[253,68,59],"product_tag":[205],"class_list":{"0":"post-2537","1":"product","2":"type-product","3":"status-publish","4":"has-post-thumbnail","6":"product_brand-motorola","7":"product_cat-baterias","8":"product_cat-motorola","9":"product_cat-radio-comunicacion","10":"product_tag-motorola","11":"desktop-align-left","12":"tablet-align-left","13":"mobile-align-left","15":"first","16":"instock","17":"shipping-taxable","18":"product-type-simple"},"yoast_head":"<!-- This site is optimized with the Yoast SEO plugin v25.3 - https:\/\/yoast.com\/wordpress\/plugins\/seo\/ -->\n<title>Bater\u00eda Motorola PMNN4544A - Tecplan<\/title>\n<meta name=\"robots\" content=\"index, follow, max-snippet:-1, max-image-preview:large, max-video-preview:-1\" \/>\n<link rel=\"canonical\" href=\"https:\/\/tecplan.com.es\/en\/product\/bateria-motorola-pmnn4544a\/\" \/>\n<meta property=\"og:locale\" content=\"en_US\" \/>\n<meta property=\"og:type\" content=\"article\" \/>\n<meta property=\"og:title\" content=\"Bater\u00eda Motorola PMNN4544A - Tecplan\" \/>\n<meta property=\"og:description\" content=\"Especificaciones    Li-lon  2450 MAH  IP68  IMPRES  Horas de duraci\u00f3n 9-11 Dimensiones 113 x 52 x 23 Peso 137 gramos\" \/>\n<meta property=\"og:url\" content=\"https:\/\/tecplan.com.es\/en\/product\/bateria-motorola-pmnn4544a\/\" \/>\n<meta property=\"og:site_name\" content=\"Tecplan\" \/>\n<meta property=\"article:modified_time\" content=\"2025-08-15T22:29:26+00:00\" \/>\n<meta property=\"og:image\" content=\"https:\/\/tecplan.com.es\/wp-content\/uploads\/2025\/08\/PMNN4544A_5.jpg\" \/>\n\t<meta property=\"og:image:width\" content=\"1200\" \/>\n\t<meta property=\"og:image:height\" content=\"1200\" \/>\n\t<meta property=\"og:image:type\" content=\"image\/jpeg\" \/>\n<meta name=\"twitter:card\" content=\"summary_large_image\" \/>\n<meta name=\"twitter:label1\" content=\"Est. reading time\" \/>\n\t<meta name=\"twitter:data1\" content=\"1 minute\" \/>\n<script type=\"application\/ld+json\" class=\"yoast-schema-graph\">{\"@context\":\"https:\/\/schema.org\",\"@graph\":[{\"@type\":\"WebPage\",\"@id\":\"https:\/\/tecplan.com.es\/product\/bateria-motorola-pmnn4544a\/\",\"url\":\"https:\/\/tecplan.com.es\/product\/bateria-motorola-pmnn4544a\/\",\"name\":\"Bater\u00eda Motorola PMNN4544A - Tecplan\",\"isPartOf\":{\"@id\":\"https:\/\/tecplan.com.es\/#website\"},\"primaryImageOfPage\":{\"@id\":\"https:\/\/tecplan.com.es\/product\/bateria-motorola-pmnn4544a\/#primaryimage\"},\"image\":{\"@id\":\"https:\/\/tecplan.com.es\/product\/bateria-motorola-pmnn4544a\/#primaryimage\"},\"thumbnailUrl\":\"https:\/\/tecplan.com.es\/wp-content\/uploads\/2025\/08\/PMNN4544A_5.jpg\",\"datePublished\":\"2025-08-15T22:02:46+00:00\",\"dateModified\":\"2025-08-15T22:29:26+00:00\",\"breadcrumb\":{\"@id\":\"https:\/\/tecplan.com.es\/product\/bateria-motorola-pmnn4544a\/#breadcrumb\"},\"inLanguage\":\"en-US\",\"potentialAction\":[{\"@type\":\"ReadAction\",\"target\":[\"https:\/\/tecplan.com.es\/product\/bateria-motorola-pmnn4544a\/\"]}]},{\"@type\":\"ImageObject\",\"inLanguage\":\"en-US\",\"@id\":\"https:\/\/tecplan.com.es\/product\/bateria-motorola-pmnn4544a\/#primaryimage\",\"url\":\"https:\/\/tecplan.com.es\/wp-content\/uploads\/2025\/08\/PMNN4544A_5.jpg\",\"contentUrl\":\"https:\/\/tecplan.com.es\/wp-content\/uploads\/2025\/08\/PMNN4544A_5.jpg\",\"width\":1200,\"height\":1200},{\"@type\":\"BreadcrumbList\",\"@id\":\"https:\/\/tecplan.com.es\/product\/bateria-motorola-pmnn4544a\/#breadcrumb\",\"itemListElement\":[{\"@type\":\"ListItem\",\"position\":1,\"name\":\"Home\",\"item\":\"https:\/\/tecplan.com.es\/\"},{\"@type\":\"ListItem\",\"position\":2,\"name\":\"Shop\",\"item\":\"https:\/\/tecplan.com.es\/shop\/\"},{\"@type\":\"ListItem\",\"position\":3,\"name\":\"Bater\u00eda Motorola PMNN4544A\"}]},{\"@type\":\"WebSite\",\"@id\":\"https:\/\/tecplan.com.es\/#website\",\"url\":\"https:\/\/tecplan.com.es\/\",\"name\":\"Tecplan\",\"description\":\"\",\"potentialAction\":[{\"@type\":\"SearchAction\",\"target\":{\"@type\":\"EntryPoint\",\"urlTemplate\":\"https:\/\/tecplan.com.es\/?s={search_term_string}\"},\"query-input\":{\"@type\":\"PropertyValueSpecification\",\"valueRequired\":true,\"valueName\":\"search_term_string\"}}],\"inLanguage\":\"en-US\"}]}<\/script>\n<!-- \/ Yoast SEO plugin. -->","yoast_head_json":{"title":"Bater\u00eda Motorola PMNN4544A - Tecplan","robots":{"index":"index","follow":"follow","max-snippet":"max-snippet:-1","max-image-preview":"max-image-preview:large","max-video-preview":"max-video-preview:-1"},"canonical":"https:\/\/tecplan.com.es\/en\/product\/bateria-motorola-pmnn4544a\/","og_locale":"en_US","og_type":"article","og_title":"Bater\u00eda Motorola PMNN4544A - Tecplan","og_description":"Especificaciones    Li-lon  2450 MAH  IP68  IMPRES  Horas de duraci\u00f3n 9-11 Dimensiones 113 x 52 x 23 Peso 137 gramos","og_url":"https:\/\/tecplan.com.es\/en\/product\/bateria-motorola-pmnn4544a\/","og_site_name":"Tecplan","article_modified_time":"2025-08-15T22:29:26+00:00","og_image":[{"width":1200,"height":1200,"url":"https:\/\/tecplan.com.es\/wp-content\/uploads\/2025\/08\/PMNN4544A_5.jpg","type":"image\/jpeg"}],"twitter_card":"summary_large_image","twitter_misc":{"Est. reading time":"1 minute"},"schema":{"@context":"https:\/\/schema.org","@graph":[{"@type":"WebPage","@id":"https:\/\/tecplan.com.es\/product\/bateria-motorola-pmnn4544a\/","url":"https:\/\/tecplan.com.es\/product\/bateria-motorola-pmnn4544a\/","name":"Bater\u00eda Motorola PMNN4544A - Tecplan","isPartOf":{"@id":"https:\/\/tecplan.com.es\/#website"},"primaryImageOfPage":{"@id":"https:\/\/tecplan.com.es\/product\/bateria-motorola-pmnn4544a\/#primaryimage"},"image":{"@id":"https:\/\/tecplan.com.es\/product\/bateria-motorola-pmnn4544a\/#primaryimage"},"thumbnailUrl":"https:\/\/tecplan.com.es\/wp-content\/uploads\/2025\/08\/PMNN4544A_5.jpg","datePublished":"2025-08-15T22:02:46+00:00","dateModified":"2025-08-15T22:29:26+00:00","breadcrumb":{"@id":"https:\/\/tecplan.com.es\/product\/bateria-motorola-pmnn4544a\/#breadcrumb"},"inLanguage":"en-US","potentialAction":[{"@type":"ReadAction","target":["https:\/\/tecplan.com.es\/product\/bateria-motorola-pmnn4544a\/"]}]},{"@type":"ImageObject","inLanguage":"en-US","@id":"https:\/\/tecplan.com.es\/product\/bateria-motorola-pmnn4544a\/#primaryimage","url":"https:\/\/tecplan.com.es\/wp-content\/uploads\/2025\/08\/PMNN4544A_5.jpg","contentUrl":"https:\/\/tecplan.com.es\/wp-content\/uploads\/2025\/08\/PMNN4544A_5.jpg","width":1200,"height":1200},{"@type":"BreadcrumbList","@id":"https:\/\/tecplan.com.es\/product\/bateria-motorola-pmnn4544a\/#breadcrumb","itemListElement":[{"@type":"ListItem","position":1,"name":"Home","item":"https:\/\/tecplan.com.es\/"},{"@type":"ListItem","position":2,"name":"Shop","item":"https:\/\/tecplan.com.es\/shop\/"},{"@type":"ListItem","position":3,"name":"Bater\u00eda Motorola PMNN4544A"}]},{"@type":"WebSite","@id":"https:\/\/tecplan.com.es\/#website","url":"https:\/\/tecplan.com.es\/","name":"Tecplan","description":"","potentialAction":[{"@type":"SearchAction","target":{"@type":"EntryPoint","urlTemplate":"https:\/\/tecplan.com.es\/?s={search_term_string}"},"query-input":{"@type":"PropertyValueSpecification","valueRequired":true,"valueName":"search_term_string"}}],"inLanguage":"en-US"}]}},"_links":{"self":[{"href":"https:\/\/tecplan.com.es\/en\/wp-json\/wp\/v2\/product\/2537","targetHints":{"allow":["GET"]}}],"collection":[{"href":"https:\/\/tecplan.com.es\/en\/wp-json\/wp\/v2\/product"}],"about":[{"href":"https:\/\/tecplan.com.es\/en\/wp-json\/wp\/v2\/types\/product"}],"replies":[{"embeddable":true,"href":"https:\/\/tecplan.com.es\/en\/wp-json\/wp\/v2\/comments?post=2537"}],"version-history":[{"count":3,"href":"https:\/\/tecplan.com.es\/en\/wp-json\/wp\/v2\/product\/2537\/revisions"}],"predecessor-version":[{"id":2548,"href":"https:\/\/tecplan.com.es\/en\/wp-json\/wp\/v2\/product\/2537\/revisions\/2548"}],"wp:featuredmedia":[{"embeddable":true,"href":"https:\/\/tecplan.com.es\/en\/wp-json\/wp\/v2\/media\/2549"}],"wp:attachment":[{"href":"https:\/\/tecplan.com.es\/en\/wp-json\/wp\/v2\/media?parent=2537"}],"wp:term":[{"taxonomy":"product_brand","embeddable":true,"href":"https:\/\/tecplan.com.es\/en\/wp-json\/wp\/v2\/product_brand?post=2537"},{"taxonomy":"product_cat","embeddable":true,"href":"https:\/\/tecplan.com.es\/en\/wp-json\/wp\/v2\/product_cat?post=2537"},{"taxonomy":"product_tag","embeddable":true,"href":"https:\/\/tecplan.com.es\/en\/wp-json\/wp\/v2\/product_tag?post=2537"}],"curies":[{"name":"wp","href":"https:\/\/api.w.org\/{rel}","templated":true}]}}