{"id":2478,"date":"2025-08-11T22:36:37","date_gmt":"2025-08-11T22:36:37","guid":{"rendered":"https:\/\/tecplan.com.es\/?post_type=product&#038;p=2478"},"modified":"2025-08-11T22:40:09","modified_gmt":"2025-08-11T22:40:09","slug":"switch-crs312-4c8xg-rm","status":"publish","type":"product","link":"https:\/\/tecplan.com.es\/en\/product\/switch-crs312-4c8xg-rm\/","title":{"rendered":"Switch CRS312-4C+8XG-RM"},"content":{"rendered":"<p style=\"text-align: justify;\">Elimine el cuello de botella de la configuraci\u00f3n de su red: es hora de actualizar ese conmutador de 1 Gigabit a algo realmente poderoso y disfrutar de la velocidad real.\u00a0Presentamos CRS312-4C+8XG-RM: nuestro primer producto con puertos Ethernet 10G RJ45.\u00a0Adem\u00e1s, tambi\u00e9n tiene puertos combinados 4 x 10G: util\u00edcelos para Ethernet 10G RJ45 o 10G SFP+, cuando necesite una conexi\u00f3n de fibra adicional.\u00a0Los puertos combinados se pueden usar junto con los 8 puertos Ethernet 10G RJ45 normales en todo momento.\u00a0Estos puertos tambi\u00e9n se pueden seleccionar por software, por lo que puede usar secuencias de comandos de RouterOS para decidir qu\u00e9 puertos combinados estar\u00e1n activos.<\/p>\n<p style=\"text-align: justify;\">Este dispositivo es una soluci\u00f3n pr\u00e1ctica para aquellos que trabajan con grandes archivos de datos y necesitan una conexi\u00f3n r\u00e1pida y capaz las 24 horas del d\u00eda, los 7 d\u00edas de la semana: producci\u00f3n multimedia, investigaci\u00f3n cient\u00edfica, desarrollo de juegos, an\u00e1lisis de big data, etc.\u00a0CRS312-4C+8XG-RM tiene una fuente de alimentaci\u00f3n dual para redundancia, sin tiempo de inactividad inesperado cuando se acercan los plazos.\u00a0Tiene un USB de tama\u00f1o completo, un puerto de consola para la configuraci\u00f3n y una caja de montaje en rack de 1U: se adapta a todos los racks est\u00e1ndar.<\/p>\n<p style=\"text-align: justify;\">Puede elegir entre nuestro legendario RouterOS repleto de funciones para arrancar o un SwOS m\u00e1s simple pero a\u00fan potente.\u00a0Si desea poder utilizar el enrutamiento y otras funciones de capa 3 en su CRS, utilice RouterOS.<\/p>\n<p style=\"text-align: justify;\">Este conmutador tiene un excelente rendimiento total sin bloqueo de 120 Gbps, una capacidad de conmutaci\u00f3n de 240 Gbps y una tasa de reenv\u00edo de 178 Mpps.\u00a0CRS312-4C+8XG-RM: dise\u00f1ado para profesionales, \u00a1excelente para todos!<\/p>\n<h4>Specs<\/h4>\n<table class=\"table product-table\">\n<thead>\n<tr>\n<th colspan=\"2\">Details<\/th>\n<\/tr>\n<\/thead>\n<tbody>\n<tr>\n<td>Details<\/td>\n<td>CRS312-4C+8XG-RM<\/td>\n<\/tr>\n<tr>\n<td>Architecture<\/td>\n<td>MIPSBE<\/td>\n<\/tr>\n<tr>\n<td>UPC<\/td>\n<td>QCA9531<\/td>\n<\/tr>\n<tr>\n<td>CPU core count<\/td>\n<td>1<\/td>\n<\/tr>\n<tr>\n<td>CPU nominal frequency<\/td>\n<td>650 MHz<\/td>\n<\/tr>\n<tr>\n<td>Cambiar el modelo de chip<\/td>\n<td>98DX8212<\/td>\n<\/tr>\n<tr>\n<td>Dimensions<\/td>\n<td>443x183x44mm<\/td>\n<\/tr>\n<tr>\n<td>Router operating system license<\/td>\n<td>5<\/td>\n<\/tr>\n<tr>\n<td>Operating system<\/td>\n<td>Enrutador OS \/ Switch OS<\/td>\n<\/tr>\n<tr>\n<td>RAM size<\/td>\n<td>64 MB<\/td>\n<\/tr>\n<tr>\n<td>Storage size<\/td>\n<td>16 MB<\/td>\n<\/tr>\n<tr>\n<td>Tipo de almacenamiento<\/td>\n<td>DESTELLO<\/td>\n<\/tr>\n<tr>\n<td>MTBF<\/td>\n<td>Aproximadamente 200\u2019000 horas a 25C<\/td>\n<\/tr>\n<tr>\n<td>Tested ambient temperature<\/td>\n<td>-30\u00b0C a 70\u00b0C<\/td>\n<\/tr>\n<tr>\n<td>Suggested price<\/td>\n<td>$699.00<\/td>\n<\/tr>\n<\/tbody>\n<\/table>\n<h5><!--more--><\/h5>\n<h5 style=\"text-align: justify;\"><span style=\"text-decoration: underline;\"><strong>DOWNLOADS<\/strong><\/span><\/h5>\n<ul style=\"text-align: justify;\">\n<li><a href=\"https:\/\/drive.google.com\/file\/d\/1R9XGICdjiCvLSZEzWnXhvxCGPke1b6go\/view?usp=sharing\">\u2192 Technical specifications<\/a><\/li>\n<\/ul>","protected":false},"excerpt":{"rendered":"<p style=\"text-align: justify;\">Switch del futuro: el primer producto MikroTik con puertos Ethernet 10G RJ45 y SFP+<\/p>\n<p><img decoding=\"async\" class=\"wp-image-2211 aligncenter\" src=\"https:\/\/tecplan.com.es\/wp-content\/uploads\/2025\/07\/2560px-MikroTik_logo-300x73.png\" alt=\"\" width=\"202\" height=\"49\" srcset=\"https:\/\/tecplan.com.es\/wp-content\/uploads\/2025\/07\/2560px-MikroTik_logo-300x73.png 300w, https:\/\/tecplan.com.es\/wp-content\/uploads\/2025\/07\/2560px-MikroTik_logo-1024x250.png 1024w, https:\/\/tecplan.com.es\/wp-content\/uploads\/2025\/07\/2560px-MikroTik_logo-768x187.png 768w, https:\/\/tecplan.com.es\/wp-content\/uploads\/2025\/07\/2560px-MikroTik_logo-1536x374.png 1536w, https:\/\/tecplan.com.es\/wp-content\/uploads\/2025\/07\/2560px-MikroTik_logo-2048x499.png 2048w, https:\/\/tecplan.com.es\/wp-content\/uploads\/2025\/07\/2560px-MikroTik_logo-18x4.png 18w, https:\/\/tecplan.com.es\/wp-content\/uploads\/2025\/07\/2560px-MikroTik_logo-600x146.png 600w\" sizes=\"(max-width: 202px) 100vw, 202px\" \/><\/p>","protected":false},"featured_media":2480,"comment_status":"open","ping_status":"closed","template":"","meta":{"site-sidebar-layout":"default","site-content-layout":"","ast-site-content-layout":"default","site-content-style":"default","site-sidebar-style":"default","ast-global-header-display":"","ast-banner-title-visibility":"","ast-main-header-display":"","ast-hfb-above-header-display":"","ast-hfb-below-header-display":"","ast-hfb-mobile-header-display":"","site-post-title":"","ast-breadcrumbs-content":"","ast-featured-img":"","footer-sml-layout":"","ast-disable-related-posts":"","theme-transparent-header-meta":"default","adv-header-id-meta":"","stick-header-meta":"","header-above-stick-meta":"","header-main-stick-meta":"","header-below-stick-meta":"","astra-migrate-meta-layouts":"set","ast-page-background-enabled":"default","ast-page-background-meta":{"desktop":{"background-color":"var(--ast-global-color-5)","background-image":"","background-repeat":"repeat","background-position":"center center","background-size":"auto","background-attachment":"scroll","background-type":"","background-media":"","overlay-type":"","overlay-color":"","overlay-opacity":"","overlay-gradient":""},"tablet":{"background-color":"","background-image":"","background-repeat":"repeat","background-position":"center center","background-size":"auto","background-attachment":"scroll","background-type":"","background-media":"","overlay-type":"","overlay-color":"","overlay-opacity":"","overlay-gradient":""},"mobile":{"background-color":"","background-image":"","background-repeat":"repeat","background-position":"center center","background-size":"auto","background-attachment":"scroll","background-type":"","background-media":"","overlay-type":"","overlay-color":"","overlay-opacity":"","overlay-gradient":""}},"ast-content-background-meta":{"desktop":{"background-color":"var(--ast-global-color-4)","background-image":"","background-repeat":"repeat","background-position":"center center","background-size":"auto","background-attachment":"scroll","background-type":"","background-media":"","overlay-type":"","overlay-color":"","overlay-opacity":"","overlay-gradient":""},"tablet":{"background-color":"var(--ast-global-color-4)","background-image":"","background-repeat":"repeat","background-position":"center center","background-size":"auto","background-attachment":"scroll","background-type":"","background-media":"","overlay-type":"","overlay-color":"","overlay-opacity":"","overlay-gradient":""},"mobile":{"background-color":"var(--ast-global-color-4)","background-image":"","background-repeat":"repeat","background-position":"center center","background-size":"auto","background-attachment":"scroll","background-type":"","background-media":"","overlay-type":"","overlay-color":"","overlay-opacity":"","overlay-gradient":""}}},"product_brand":[243],"product_cat":[125,96,128],"product_tag":[212],"class_list":{"0":"post-2478","1":"product","2":"type-product","3":"status-publish","4":"has-post-thumbnail","6":"product_brand-mikrotik","7":"product_cat-mikrotik","8":"product_cat-networking","9":"product_cat-switch-mikrotik","10":"product_tag-mikrotik","11":"desktop-align-left","12":"tablet-align-left","13":"mobile-align-left","15":"first","16":"instock","17":"shipping-taxable","18":"product-type-simple"},"yoast_head":"<!-- This site is optimized with the Yoast SEO plugin v25.3 - https:\/\/yoast.com\/wordpress\/plugins\/seo\/ -->\n<title>Switch CRS312-4C+8XG-RM - Tecplan<\/title>\n<meta name=\"robots\" content=\"index, follow, max-snippet:-1, max-image-preview:large, max-video-preview:-1\" \/>\n<link rel=\"canonical\" href=\"https:\/\/tecplan.com.es\/en\/product\/switch-crs312-4c8xg-rm\/\" \/>\n<meta property=\"og:locale\" content=\"en_US\" \/>\n<meta property=\"og:type\" content=\"article\" \/>\n<meta property=\"og:title\" content=\"Switch CRS312-4C+8XG-RM - Tecplan\" \/>\n<meta property=\"og:description\" content=\"Switch del futuro: el primer producto MikroTik con puertos Ethernet 10G RJ45 y SFP+\" \/>\n<meta property=\"og:url\" content=\"https:\/\/tecplan.com.es\/en\/product\/switch-crs312-4c8xg-rm\/\" \/>\n<meta property=\"og:site_name\" content=\"Tecplan\" \/>\n<meta property=\"article:modified_time\" content=\"2025-08-11T22:40:09+00:00\" \/>\n<meta property=\"og:image\" content=\"https:\/\/tecplan.com.es\/wp-content\/uploads\/2025\/08\/catvscope-crs312-4c-8xg-rm-75926949-e31s4c8x-28475972124837_2048x2048.png.webp\" \/>\n\t<meta property=\"og:image:width\" content=\"1000\" \/>\n\t<meta property=\"og:image:height\" content=\"1000\" \/>\n\t<meta property=\"og:image:type\" content=\"image\/webp\" \/>\n<meta name=\"twitter:card\" content=\"summary_large_image\" \/>\n<meta name=\"twitter:label1\" content=\"Est. reading time\" \/>\n\t<meta name=\"twitter:data1\" content=\"2 minutes\" \/>\n<script type=\"application\/ld+json\" class=\"yoast-schema-graph\">{\"@context\":\"https:\/\/schema.org\",\"@graph\":[{\"@type\":\"WebPage\",\"@id\":\"https:\/\/tecplan.com.es\/product\/switch-crs312-4c8xg-rm\/\",\"url\":\"https:\/\/tecplan.com.es\/product\/switch-crs312-4c8xg-rm\/\",\"name\":\"Switch CRS312-4C+8XG-RM - Tecplan\",\"isPartOf\":{\"@id\":\"https:\/\/tecplan.com.es\/#website\"},\"primaryImageOfPage\":{\"@id\":\"https:\/\/tecplan.com.es\/product\/switch-crs312-4c8xg-rm\/#primaryimage\"},\"image\":{\"@id\":\"https:\/\/tecplan.com.es\/product\/switch-crs312-4c8xg-rm\/#primaryimage\"},\"thumbnailUrl\":\"https:\/\/tecplan.com.es\/wp-content\/uploads\/2025\/08\/catvscope-crs312-4c-8xg-rm-75926949-e31s4c8x-28475972124837_2048x2048.png.webp\",\"datePublished\":\"2025-08-11T22:36:37+00:00\",\"dateModified\":\"2025-08-11T22:40:09+00:00\",\"breadcrumb\":{\"@id\":\"https:\/\/tecplan.com.es\/product\/switch-crs312-4c8xg-rm\/#breadcrumb\"},\"inLanguage\":\"en-US\",\"potentialAction\":[{\"@type\":\"ReadAction\",\"target\":[\"https:\/\/tecplan.com.es\/product\/switch-crs312-4c8xg-rm\/\"]}]},{\"@type\":\"ImageObject\",\"inLanguage\":\"en-US\",\"@id\":\"https:\/\/tecplan.com.es\/product\/switch-crs312-4c8xg-rm\/#primaryimage\",\"url\":\"https:\/\/tecplan.com.es\/wp-content\/uploads\/2025\/08\/catvscope-crs312-4c-8xg-rm-75926949-e31s4c8x-28475972124837_2048x2048.png.webp\",\"contentUrl\":\"https:\/\/tecplan.com.es\/wp-content\/uploads\/2025\/08\/catvscope-crs312-4c-8xg-rm-75926949-e31s4c8x-28475972124837_2048x2048.png.webp\",\"width\":1000,\"height\":1000},{\"@type\":\"BreadcrumbList\",\"@id\":\"https:\/\/tecplan.com.es\/product\/switch-crs312-4c8xg-rm\/#breadcrumb\",\"itemListElement\":[{\"@type\":\"ListItem\",\"position\":1,\"name\":\"Home\",\"item\":\"https:\/\/tecplan.com.es\/\"},{\"@type\":\"ListItem\",\"position\":2,\"name\":\"Shop\",\"item\":\"https:\/\/tecplan.com.es\/shop\/\"},{\"@type\":\"ListItem\",\"position\":3,\"name\":\"Switch CRS312-4C+8XG-RM\"}]},{\"@type\":\"WebSite\",\"@id\":\"https:\/\/tecplan.com.es\/#website\",\"url\":\"https:\/\/tecplan.com.es\/\",\"name\":\"Tecplan\",\"description\":\"\",\"potentialAction\":[{\"@type\":\"SearchAction\",\"target\":{\"@type\":\"EntryPoint\",\"urlTemplate\":\"https:\/\/tecplan.com.es\/?s={search_term_string}\"},\"query-input\":{\"@type\":\"PropertyValueSpecification\",\"valueRequired\":true,\"valueName\":\"search_term_string\"}}],\"inLanguage\":\"en-US\"}]}<\/script>\n<!-- \/ Yoast SEO plugin. -->","yoast_head_json":{"title":"Switch CRS312-4C+8XG-RM - Tecplan","robots":{"index":"index","follow":"follow","max-snippet":"max-snippet:-1","max-image-preview":"max-image-preview:large","max-video-preview":"max-video-preview:-1"},"canonical":"https:\/\/tecplan.com.es\/en\/product\/switch-crs312-4c8xg-rm\/","og_locale":"en_US","og_type":"article","og_title":"Switch CRS312-4C+8XG-RM - Tecplan","og_description":"Switch del futuro: el primer producto MikroTik con puertos Ethernet 10G RJ45 y SFP+","og_url":"https:\/\/tecplan.com.es\/en\/product\/switch-crs312-4c8xg-rm\/","og_site_name":"Tecplan","article_modified_time":"2025-08-11T22:40:09+00:00","og_image":[{"width":1000,"height":1000,"url":"https:\/\/tecplan.com.es\/wp-content\/uploads\/2025\/08\/catvscope-crs312-4c-8xg-rm-75926949-e31s4c8x-28475972124837_2048x2048.png.webp","type":"image\/webp"}],"twitter_card":"summary_large_image","twitter_misc":{"Est. reading time":"2 minutes"},"schema":{"@context":"https:\/\/schema.org","@graph":[{"@type":"WebPage","@id":"https:\/\/tecplan.com.es\/product\/switch-crs312-4c8xg-rm\/","url":"https:\/\/tecplan.com.es\/product\/switch-crs312-4c8xg-rm\/","name":"Switch CRS312-4C+8XG-RM - Tecplan","isPartOf":{"@id":"https:\/\/tecplan.com.es\/#website"},"primaryImageOfPage":{"@id":"https:\/\/tecplan.com.es\/product\/switch-crs312-4c8xg-rm\/#primaryimage"},"image":{"@id":"https:\/\/tecplan.com.es\/product\/switch-crs312-4c8xg-rm\/#primaryimage"},"thumbnailUrl":"https:\/\/tecplan.com.es\/wp-content\/uploads\/2025\/08\/catvscope-crs312-4c-8xg-rm-75926949-e31s4c8x-28475972124837_2048x2048.png.webp","datePublished":"2025-08-11T22:36:37+00:00","dateModified":"2025-08-11T22:40:09+00:00","breadcrumb":{"@id":"https:\/\/tecplan.com.es\/product\/switch-crs312-4c8xg-rm\/#breadcrumb"},"inLanguage":"en-US","potentialAction":[{"@type":"ReadAction","target":["https:\/\/tecplan.com.es\/product\/switch-crs312-4c8xg-rm\/"]}]},{"@type":"ImageObject","inLanguage":"en-US","@id":"https:\/\/tecplan.com.es\/product\/switch-crs312-4c8xg-rm\/#primaryimage","url":"https:\/\/tecplan.com.es\/wp-content\/uploads\/2025\/08\/catvscope-crs312-4c-8xg-rm-75926949-e31s4c8x-28475972124837_2048x2048.png.webp","contentUrl":"https:\/\/tecplan.com.es\/wp-content\/uploads\/2025\/08\/catvscope-crs312-4c-8xg-rm-75926949-e31s4c8x-28475972124837_2048x2048.png.webp","width":1000,"height":1000},{"@type":"BreadcrumbList","@id":"https:\/\/tecplan.com.es\/product\/switch-crs312-4c8xg-rm\/#breadcrumb","itemListElement":[{"@type":"ListItem","position":1,"name":"Home","item":"https:\/\/tecplan.com.es\/"},{"@type":"ListItem","position":2,"name":"Shop","item":"https:\/\/tecplan.com.es\/shop\/"},{"@type":"ListItem","position":3,"name":"Switch CRS312-4C+8XG-RM"}]},{"@type":"WebSite","@id":"https:\/\/tecplan.com.es\/#website","url":"https:\/\/tecplan.com.es\/","name":"Tecplan","description":"","potentialAction":[{"@type":"SearchAction","target":{"@type":"EntryPoint","urlTemplate":"https:\/\/tecplan.com.es\/?s={search_term_string}"},"query-input":{"@type":"PropertyValueSpecification","valueRequired":true,"valueName":"search_term_string"}}],"inLanguage":"en-US"}]}},"_links":{"self":[{"href":"https:\/\/tecplan.com.es\/en\/wp-json\/wp\/v2\/product\/2478","targetHints":{"allow":["GET"]}}],"collection":[{"href":"https:\/\/tecplan.com.es\/en\/wp-json\/wp\/v2\/product"}],"about":[{"href":"https:\/\/tecplan.com.es\/en\/wp-json\/wp\/v2\/types\/product"}],"replies":[{"embeddable":true,"href":"https:\/\/tecplan.com.es\/en\/wp-json\/wp\/v2\/comments?post=2478"}],"version-history":[{"count":2,"href":"https:\/\/tecplan.com.es\/en\/wp-json\/wp\/v2\/product\/2478\/revisions"}],"predecessor-version":[{"id":2482,"href":"https:\/\/tecplan.com.es\/en\/wp-json\/wp\/v2\/product\/2478\/revisions\/2482"}],"wp:featuredmedia":[{"embeddable":true,"href":"https:\/\/tecplan.com.es\/en\/wp-json\/wp\/v2\/media\/2480"}],"wp:attachment":[{"href":"https:\/\/tecplan.com.es\/en\/wp-json\/wp\/v2\/media?parent=2478"}],"wp:term":[{"taxonomy":"product_brand","embeddable":true,"href":"https:\/\/tecplan.com.es\/en\/wp-json\/wp\/v2\/product_brand?post=2478"},{"taxonomy":"product_cat","embeddable":true,"href":"https:\/\/tecplan.com.es\/en\/wp-json\/wp\/v2\/product_cat?post=2478"},{"taxonomy":"product_tag","embeddable":true,"href":"https:\/\/tecplan.com.es\/en\/wp-json\/wp\/v2\/product_tag?post=2478"}],"curies":[{"name":"wp","href":"https:\/\/api.w.org\/{rel}","templated":true}]}}