{"id":2465,"date":"2025-08-11T22:04:41","date_gmt":"2025-08-11T22:04:41","guid":{"rendered":"https:\/\/tecplan.com.es\/?post_type=product&#038;p=2465"},"modified":"2025-08-11T22:04:41","modified_gmt":"2025-08-11T22:04:41","slug":"router-crs504-4xq-in","status":"publish","type":"product","link":"https:\/\/tecplan.com.es\/en\/product\/router-crs504-4xq-in\/","title":{"rendered":"Router CRS504-4XQ-IN"},"content":{"rendered":"<div align=\"justify\">\n<p>uestra familia de 100 Gigabit sigue ampli\u00e1ndose: ya ha visto el incre\u00edble enrutador CCR2216 de 100 Gigabit.\u00a0Ahora es el momento de un interruptor a juego: el\u00a0<b>CRS504-4XQ-IN<\/b>\u00a0.\u00a0El tama\u00f1o peque\u00f1o combinado con el bajo consumo de energ\u00eda\u00a0<b>(\u00a125 W sin accesorios!)<\/b>\u00a0es perfecto para comenzar a expandir la red de 100 Gigabit en las configuraciones diarias.\u00a0Esta velocidad ya no se limita a los centros de datos, los ISP y las grandes oficinas.\u00a0\u00a1Usted tambi\u00e9n puede actualizar su red de 10 o 25 Gigabits y unirse al club de los cien!<\/p>\n<p><b>Hay cuatro puertos 100 Gigabit QSFP28.\u00a0<\/b>\u00daselos para conectar otros dispositivos de 100 Gigabit o tome un cable de conexi\u00f3n para conectar varios dispositivos de 25 Gigabit: cada puerto est\u00e1 conectado a cuatro l\u00edneas de 25 Gigabit, lo que le permite conectar 16 dispositivos de 25 Gigabit.\u00a0De hecho, puede mezclar y combinar todo tipo de conexiones de esta manera: 100 Gigabits en un puerto, 40 Gigabits en el otro, 4\u00d725 Gigabits en el tercero y tal vez incluso algunos cables de 10G o 1G en el cuarto.\u00a0\u00a1 El poderoso\u00a0<b>interruptor-chip Marvell DX4310<\/b>\u00a0manejar\u00e1 todo sin sudar!<\/p>\n<p>Obviamente, tambi\u00e9n hay un puerto Ethernet para fines de administraci\u00f3n.Hemos estado usando este interruptor durante bastante tiempo en el proyecto Genomics Data Network.\u00a0Una red de datos de alta capacidad para nuestros cient\u00edficos locales que trabajan en tratamientos innovadores contra el c\u00e1ncer.\u00a0Los datos del genoma pueden ocupar mucho espacio, por lo que necesita conexiones excepcionalmente r\u00e1pidas all\u00ed.\u00a0Adem\u00e1s, con estos dispositivos, Letonia se convirti\u00f3 en el primer pa\u00eds b\u00e1ltico en establecer una conexi\u00f3n de 100 Gigabits a la red de investigaci\u00f3n paneuropea.<\/p>\n<\/div>\n<p>Con m\u00faltiples opciones de alimentaci\u00f3n y la capacidad de montarse en la pared, este conmutador har\u00e1 feliz a cualquier administrador de sistemas.<\/p>\n<h4>Specs<\/h4>\n<table class=\"table product-table\">\n<thead>\n<tr>\n<th colspan=\"2\">Details<\/th>\n<\/tr>\n<\/thead>\n<tbody>\n<tr>\n<td>Details<\/td>\n<td>CRS504-4XQ-EN<\/td>\n<\/tr>\n<tr>\n<td>Architecture<\/td>\n<td>MIPSBE<\/td>\n<\/tr>\n<tr>\n<td>UPC<\/td>\n<td>QCA9531<\/td>\n<\/tr>\n<tr>\n<td>CPU core count<\/td>\n<td>1<\/td>\n<\/tr>\n<tr>\n<td>CPU nominal frequency<\/td>\n<td>650 MHz<\/td>\n<\/tr>\n<tr>\n<td>Cambiar el modelo de chip<\/td>\n<td>98DX4310<\/td>\n<\/tr>\n<tr>\n<td>Dimensions<\/td>\n<td>320x185x44mm<\/td>\n<\/tr>\n<tr>\n<td>Router operating system license<\/td>\n<td>5<\/td>\n<\/tr>\n<tr>\n<td>Operating system<\/td>\n<td>RouterOS (solo v7)<\/td>\n<\/tr>\n<tr>\n<td>RAM size<\/td>\n<td>64 MB<\/td>\n<\/tr>\n<tr>\n<td>Storage size<\/td>\n<td>16 MB<\/td>\n<\/tr>\n<tr>\n<td>Tipo de almacenamiento<\/td>\n<td>DESTELLO<\/td>\n<\/tr>\n<tr>\n<td>MTBF<\/td>\n<td>Aproximadamente 200\u2019000 horas a 25C<\/td>\n<\/tr>\n<tr>\n<td>Tested ambient temperature<\/td>\n<td>-40\u00b0C a 70<\/td>\n<\/tr>\n<\/tbody>\n<\/table>\n<p><!--more--><\/p>\n<h5 style=\"text-align: justify;\"><span style=\"text-decoration: underline;\"><strong>DOWNLOADS<\/strong><\/span><\/h5>\n<ul style=\"text-align: justify;\">\n<li><a href=\"https:\/\/drive.google.com\/file\/d\/1gc-7G42g3-knMSK_5kvlUDvApCcSmLWh\/view?usp=sharing\">\u2192 Technical specifications<\/a><\/li>\n<\/ul>","protected":false},"excerpt":{"rendered":"<p style=\"text-align: justify;\">Su puerta de entrada m\u00e1s econ\u00f3mica, compacta y de bajo consumo al mundo de las redes de 100 Gigabit.\u00a0Este conmutador es el siguiente paso en la actualizaci\u00f3n de las redes existentes de 10 o 25 Gigabit.\u00a0M\u00faltiples opciones de alimentaci\u00f3n, fuentes de alimentaci\u00f3n duales intercambiables en caliente.<\/p>\n<p><img decoding=\"async\" class=\"wp-image-2211 aligncenter\" src=\"https:\/\/tecplan.com.es\/wp-content\/uploads\/2025\/07\/2560px-MikroTik_logo-300x73.png\" alt=\"\" width=\"210\" height=\"51\" srcset=\"https:\/\/tecplan.com.es\/wp-content\/uploads\/2025\/07\/2560px-MikroTik_logo-300x73.png 300w, https:\/\/tecplan.com.es\/wp-content\/uploads\/2025\/07\/2560px-MikroTik_logo-1024x250.png 1024w, https:\/\/tecplan.com.es\/wp-content\/uploads\/2025\/07\/2560px-MikroTik_logo-768x187.png 768w, https:\/\/tecplan.com.es\/wp-content\/uploads\/2025\/07\/2560px-MikroTik_logo-1536x374.png 1536w, https:\/\/tecplan.com.es\/wp-content\/uploads\/2025\/07\/2560px-MikroTik_logo-2048x499.png 2048w, https:\/\/tecplan.com.es\/wp-content\/uploads\/2025\/07\/2560px-MikroTik_logo-18x4.png 18w, https:\/\/tecplan.com.es\/wp-content\/uploads\/2025\/07\/2560px-MikroTik_logo-600x146.png 600w\" sizes=\"(max-width: 210px) 100vw, 210px\" \/><\/p>","protected":false},"featured_media":2469,"comment_status":"open","ping_status":"closed","template":"","meta":{"site-sidebar-layout":"default","site-content-layout":"","ast-site-content-layout":"default","site-content-style":"default","site-sidebar-style":"default","ast-global-header-display":"","ast-banner-title-visibility":"","ast-main-header-display":"","ast-hfb-above-header-display":"","ast-hfb-below-header-display":"","ast-hfb-mobile-header-display":"","site-post-title":"","ast-breadcrumbs-content":"","ast-featured-img":"","footer-sml-layout":"","ast-disable-related-posts":"","theme-transparent-header-meta":"default","adv-header-id-meta":"","stick-header-meta":"","header-above-stick-meta":"","header-main-stick-meta":"","header-below-stick-meta":"","astra-migrate-meta-layouts":"set","ast-page-background-enabled":"default","ast-page-background-meta":{"desktop":{"background-color":"var(--ast-global-color-5)","background-image":"","background-repeat":"repeat","background-position":"center center","background-size":"auto","background-attachment":"scroll","background-type":"","background-media":"","overlay-type":"","overlay-color":"","overlay-opacity":"","overlay-gradient":""},"tablet":{"background-color":"","background-image":"","background-repeat":"repeat","background-position":"center center","background-size":"auto","background-attachment":"scroll","background-type":"","background-media":"","overlay-type":"","overlay-color":"","overlay-opacity":"","overlay-gradient":""},"mobile":{"background-color":"","background-image":"","background-repeat":"repeat","background-position":"center center","background-size":"auto","background-attachment":"scroll","background-type":"","background-media":"","overlay-type":"","overlay-color":"","overlay-opacity":"","overlay-gradient":""}},"ast-content-background-meta":{"desktop":{"background-color":"var(--ast-global-color-4)","background-image":"","background-repeat":"repeat","background-position":"center center","background-size":"auto","background-attachment":"scroll","background-type":"","background-media":"","overlay-type":"","overlay-color":"","overlay-opacity":"","overlay-gradient":""},"tablet":{"background-color":"var(--ast-global-color-4)","background-image":"","background-repeat":"repeat","background-position":"center center","background-size":"auto","background-attachment":"scroll","background-type":"","background-media":"","overlay-type":"","overlay-color":"","overlay-opacity":"","overlay-gradient":""},"mobile":{"background-color":"var(--ast-global-color-4)","background-image":"","background-repeat":"repeat","background-position":"center center","background-size":"auto","background-attachment":"scroll","background-type":"","background-media":"","overlay-type":"","overlay-color":"","overlay-opacity":"","overlay-gradient":""}}},"product_brand":[243],"product_cat":[125,96,129],"product_tag":[212],"class_list":{"0":"post-2465","1":"product","2":"type-product","3":"status-publish","4":"has-post-thumbnail","6":"product_brand-mikrotik","7":"product_cat-mikrotik","8":"product_cat-networking","9":"product_cat-router","10":"product_tag-mikrotik","11":"desktop-align-left","12":"tablet-align-left","13":"mobile-align-left","15":"first","16":"instock","17":"shipping-taxable","18":"product-type-simple"},"yoast_head":"<!-- This site is optimized with the Yoast SEO plugin v25.3 - https:\/\/yoast.com\/wordpress\/plugins\/seo\/ -->\n<title>Router CRS504-4XQ-IN - Tecplan<\/title>\n<meta name=\"robots\" content=\"index, follow, max-snippet:-1, max-image-preview:large, max-video-preview:-1\" \/>\n<link rel=\"canonical\" href=\"https:\/\/tecplan.com.es\/en\/product\/router-crs504-4xq-in\/\" \/>\n<meta property=\"og:locale\" content=\"en_US\" \/>\n<meta property=\"og:type\" content=\"article\" \/>\n<meta property=\"og:title\" content=\"Router CRS504-4XQ-IN - Tecplan\" \/>\n<meta property=\"og:description\" content=\"Su puerta de entrada m\u00e1s econ\u00f3mica, compacta y de bajo consumo al mundo de las redes de 100 Gigabit.\u00a0Este conmutador es el siguiente paso en la actualizaci\u00f3n de las redes existentes de 10 o 25 Gigabit.\u00a0M\u00faltiples opciones de alimentaci\u00f3n, fuentes de alimentaci\u00f3n duales intercambiables en caliente.\" \/>\n<meta property=\"og:url\" content=\"https:\/\/tecplan.com.es\/en\/product\/router-crs504-4xq-in\/\" \/>\n<meta property=\"og:site_name\" content=\"Tecplan\" \/>\n<meta property=\"og:image\" content=\"https:\/\/tecplan.com.es\/wp-content\/uploads\/2025\/08\/CRS504-4XQ-IN-01.jpg\" \/>\n\t<meta property=\"og:image:width\" content=\"2000\" \/>\n\t<meta property=\"og:image:height\" content=\"2000\" \/>\n\t<meta property=\"og:image:type\" content=\"image\/jpeg\" \/>\n<meta name=\"twitter:card\" content=\"summary_large_image\" \/>\n<meta name=\"twitter:label1\" content=\"Est. reading time\" \/>\n\t<meta name=\"twitter:data1\" content=\"2 minutes\" \/>\n<script type=\"application\/ld+json\" class=\"yoast-schema-graph\">{\"@context\":\"https:\/\/schema.org\",\"@graph\":[{\"@type\":\"WebPage\",\"@id\":\"https:\/\/tecplan.com.es\/product\/router-crs504-4xq-in\/\",\"url\":\"https:\/\/tecplan.com.es\/product\/router-crs504-4xq-in\/\",\"name\":\"Router CRS504-4XQ-IN - Tecplan\",\"isPartOf\":{\"@id\":\"https:\/\/tecplan.com.es\/#website\"},\"primaryImageOfPage\":{\"@id\":\"https:\/\/tecplan.com.es\/product\/router-crs504-4xq-in\/#primaryimage\"},\"image\":{\"@id\":\"https:\/\/tecplan.com.es\/product\/router-crs504-4xq-in\/#primaryimage\"},\"thumbnailUrl\":\"https:\/\/tecplan.com.es\/wp-content\/uploads\/2025\/08\/CRS504-4XQ-IN-01.jpg\",\"datePublished\":\"2025-08-11T22:04:41+00:00\",\"breadcrumb\":{\"@id\":\"https:\/\/tecplan.com.es\/product\/router-crs504-4xq-in\/#breadcrumb\"},\"inLanguage\":\"en-US\",\"potentialAction\":[{\"@type\":\"ReadAction\",\"target\":[\"https:\/\/tecplan.com.es\/product\/router-crs504-4xq-in\/\"]}]},{\"@type\":\"ImageObject\",\"inLanguage\":\"en-US\",\"@id\":\"https:\/\/tecplan.com.es\/product\/router-crs504-4xq-in\/#primaryimage\",\"url\":\"https:\/\/tecplan.com.es\/wp-content\/uploads\/2025\/08\/CRS504-4XQ-IN-01.jpg\",\"contentUrl\":\"https:\/\/tecplan.com.es\/wp-content\/uploads\/2025\/08\/CRS504-4XQ-IN-01.jpg\",\"width\":2000,\"height\":2000},{\"@type\":\"BreadcrumbList\",\"@id\":\"https:\/\/tecplan.com.es\/product\/router-crs504-4xq-in\/#breadcrumb\",\"itemListElement\":[{\"@type\":\"ListItem\",\"position\":1,\"name\":\"Home\",\"item\":\"https:\/\/tecplan.com.es\/\"},{\"@type\":\"ListItem\",\"position\":2,\"name\":\"Shop\",\"item\":\"https:\/\/tecplan.com.es\/shop\/\"},{\"@type\":\"ListItem\",\"position\":3,\"name\":\"Router CRS504-4XQ-IN\"}]},{\"@type\":\"WebSite\",\"@id\":\"https:\/\/tecplan.com.es\/#website\",\"url\":\"https:\/\/tecplan.com.es\/\",\"name\":\"Tecplan\",\"description\":\"\",\"potentialAction\":[{\"@type\":\"SearchAction\",\"target\":{\"@type\":\"EntryPoint\",\"urlTemplate\":\"https:\/\/tecplan.com.es\/?s={search_term_string}\"},\"query-input\":{\"@type\":\"PropertyValueSpecification\",\"valueRequired\":true,\"valueName\":\"search_term_string\"}}],\"inLanguage\":\"en-US\"}]}<\/script>\n<!-- \/ Yoast SEO plugin. -->","yoast_head_json":{"title":"Router CRS504-4XQ-IN - Tecplan","robots":{"index":"index","follow":"follow","max-snippet":"max-snippet:-1","max-image-preview":"max-image-preview:large","max-video-preview":"max-video-preview:-1"},"canonical":"https:\/\/tecplan.com.es\/en\/product\/router-crs504-4xq-in\/","og_locale":"en_US","og_type":"article","og_title":"Router CRS504-4XQ-IN - Tecplan","og_description":"Su puerta de entrada m\u00e1s econ\u00f3mica, compacta y de bajo consumo al mundo de las redes de 100 Gigabit.\u00a0Este conmutador es el siguiente paso en la actualizaci\u00f3n de las redes existentes de 10 o 25 Gigabit.\u00a0M\u00faltiples opciones de alimentaci\u00f3n, fuentes de alimentaci\u00f3n duales intercambiables en caliente.","og_url":"https:\/\/tecplan.com.es\/en\/product\/router-crs504-4xq-in\/","og_site_name":"Tecplan","og_image":[{"width":2000,"height":2000,"url":"https:\/\/tecplan.com.es\/wp-content\/uploads\/2025\/08\/CRS504-4XQ-IN-01.jpg","type":"image\/jpeg"}],"twitter_card":"summary_large_image","twitter_misc":{"Est. reading time":"2 minutes"},"schema":{"@context":"https:\/\/schema.org","@graph":[{"@type":"WebPage","@id":"https:\/\/tecplan.com.es\/product\/router-crs504-4xq-in\/","url":"https:\/\/tecplan.com.es\/product\/router-crs504-4xq-in\/","name":"Router CRS504-4XQ-IN - Tecplan","isPartOf":{"@id":"https:\/\/tecplan.com.es\/#website"},"primaryImageOfPage":{"@id":"https:\/\/tecplan.com.es\/product\/router-crs504-4xq-in\/#primaryimage"},"image":{"@id":"https:\/\/tecplan.com.es\/product\/router-crs504-4xq-in\/#primaryimage"},"thumbnailUrl":"https:\/\/tecplan.com.es\/wp-content\/uploads\/2025\/08\/CRS504-4XQ-IN-01.jpg","datePublished":"2025-08-11T22:04:41+00:00","breadcrumb":{"@id":"https:\/\/tecplan.com.es\/product\/router-crs504-4xq-in\/#breadcrumb"},"inLanguage":"en-US","potentialAction":[{"@type":"ReadAction","target":["https:\/\/tecplan.com.es\/product\/router-crs504-4xq-in\/"]}]},{"@type":"ImageObject","inLanguage":"en-US","@id":"https:\/\/tecplan.com.es\/product\/router-crs504-4xq-in\/#primaryimage","url":"https:\/\/tecplan.com.es\/wp-content\/uploads\/2025\/08\/CRS504-4XQ-IN-01.jpg","contentUrl":"https:\/\/tecplan.com.es\/wp-content\/uploads\/2025\/08\/CRS504-4XQ-IN-01.jpg","width":2000,"height":2000},{"@type":"BreadcrumbList","@id":"https:\/\/tecplan.com.es\/product\/router-crs504-4xq-in\/#breadcrumb","itemListElement":[{"@type":"ListItem","position":1,"name":"Home","item":"https:\/\/tecplan.com.es\/"},{"@type":"ListItem","position":2,"name":"Shop","item":"https:\/\/tecplan.com.es\/shop\/"},{"@type":"ListItem","position":3,"name":"Router CRS504-4XQ-IN"}]},{"@type":"WebSite","@id":"https:\/\/tecplan.com.es\/#website","url":"https:\/\/tecplan.com.es\/","name":"Tecplan","description":"","potentialAction":[{"@type":"SearchAction","target":{"@type":"EntryPoint","urlTemplate":"https:\/\/tecplan.com.es\/?s={search_term_string}"},"query-input":{"@type":"PropertyValueSpecification","valueRequired":true,"valueName":"search_term_string"}}],"inLanguage":"en-US"}]}},"_links":{"self":[{"href":"https:\/\/tecplan.com.es\/en\/wp-json\/wp\/v2\/product\/2465","targetHints":{"allow":["GET"]}}],"collection":[{"href":"https:\/\/tecplan.com.es\/en\/wp-json\/wp\/v2\/product"}],"about":[{"href":"https:\/\/tecplan.com.es\/en\/wp-json\/wp\/v2\/types\/product"}],"replies":[{"embeddable":true,"href":"https:\/\/tecplan.com.es\/en\/wp-json\/wp\/v2\/comments?post=2465"}],"version-history":[{"count":2,"href":"https:\/\/tecplan.com.es\/en\/wp-json\/wp\/v2\/product\/2465\/revisions"}],"predecessor-version":[{"id":2471,"href":"https:\/\/tecplan.com.es\/en\/wp-json\/wp\/v2\/product\/2465\/revisions\/2471"}],"wp:featuredmedia":[{"embeddable":true,"href":"https:\/\/tecplan.com.es\/en\/wp-json\/wp\/v2\/media\/2469"}],"wp:attachment":[{"href":"https:\/\/tecplan.com.es\/en\/wp-json\/wp\/v2\/media?parent=2465"}],"wp:term":[{"taxonomy":"product_brand","embeddable":true,"href":"https:\/\/tecplan.com.es\/en\/wp-json\/wp\/v2\/product_brand?post=2465"},{"taxonomy":"product_cat","embeddable":true,"href":"https:\/\/tecplan.com.es\/en\/wp-json\/wp\/v2\/product_cat?post=2465"},{"taxonomy":"product_tag","embeddable":true,"href":"https:\/\/tecplan.com.es\/en\/wp-json\/wp\/v2\/product_tag?post=2465"}],"curies":[{"name":"wp","href":"https:\/\/api.w.org\/{rel}","templated":true}]}}