{"id":2437,"date":"2025-08-11T20:53:41","date_gmt":"2025-08-11T20:53:41","guid":{"rendered":"https:\/\/tecplan.com.es\/?post_type=product&#038;p=2437"},"modified":"2025-08-11T20:53:41","modified_gmt":"2025-08-11T20:53:41","slug":"router-ccr2216-1g-12xs-2xq","status":"publish","type":"product","link":"https:\/\/tecplan.com.es\/en\/product\/router-ccr2216-1g-12xs-2xq\/","title":{"rendered":"Router CCR2216-1G-12XS-2XQ"},"content":{"rendered":"<p style=\"text-align: justify;\">Comience su viaje de 100 Gigabits con nuestro nuevo producto estrella: \u00a1Cloud Core Router 2216!\u00a0Su\u00a0<b>potente CPU de 16 n\u00facleos<\/b>\u00a0puede intercambiar golpes con la poderosa CPU Tile de 72 n\u00facleos de nuestro buque insignia anterior: el CCR1072.<\/p>\n<p style=\"text-align: justify;\">\u00a1Pero el excepcional\u00a0<b>switch-chip Marvell Prestera Aldrin2<\/b>\u00a0realmente lo lleva al siguiente nivel con\u00a0<b>la descarga de hardware L3<\/b>\u00a0!\u00a0Nuestro CCR2116 anterior presentaba un chip de conmutaci\u00f3n con cuatro l\u00edneas de conexi\u00f3n de CPU de 10G, \u00a1pero esta vez hay cuatro l\u00edneas de 25G!<\/p>\n<p style=\"text-align: justify;\">Hay\u00a0<b>2 jaulas QSFP28<\/b>\u00a0para conectividad ultrarr\u00e1pida de 100 Gigabit,\u00a0<b>12 jaulas SFP28<\/b>\u00a0para redes de 25 Gigabit y un\u00a0puerto\u00a0<b>Gigabit Ethernet .\u00a0<\/b>El dispositivo viene con\u00a0<b>16 GB de RAM<\/b>\u00a0, almacenamiento NAND decente y\u00a0<b>dos ranuras M.2 SATA<\/b>\u00a0para almacenamiento adicional.\u00a0Hay cuatro ventiladores intercambiables en caliente, as\u00ed como fuentes de alimentaci\u00f3n intercambiables en caliente con doble redundancia.\u00a0Y estas fuentes de alimentaci\u00f3n pueden parecerle familiares si ha usado nuestro CCR1072 anteriormente: puede seguir usando sus fuentes de alimentaci\u00f3n intercambiables en caliente y m\u00f3dulos SFP anteriores.<\/p>\n<p style=\"text-align: justify;\">Est\u00e1 ahorrando tiempo y dinero en accesorios, al tiempo que obtiene un mejor rendimiento con un menor consumo de energ\u00eda.<\/p>\n<p style=\"text-align: justify;\">\u00a1\u00a0<b>Esta es la actualizaci\u00f3n perfecta para las configuraciones CCR1072 existentes!<\/b><\/p>\n<h2>Specs<\/h2>\n<table class=\"table product-table\">\n<thead>\n<tr>\n<th colspan=\"2\">Details<\/th>\n<\/tr>\n<\/thead>\n<tbody>\n<tr>\n<td>Details<\/td>\n<td>CCR2216-1G-12XS-2XQ<\/td>\n<\/tr>\n<tr>\n<td>Architecture<\/td>\n<td>brazo de 64 bits<\/td>\n<\/tr>\n<tr>\n<td>UPC<\/td>\n<td>AL73400<\/td>\n<\/tr>\n<tr>\n<td>CPU core count<\/td>\n<td>diecis\u00e9is<\/td>\n<\/tr>\n<tr>\n<td>CPU nominal frequency<\/td>\n<td>2000 MHz<\/td>\n<\/tr>\n<tr>\n<td>Cambiar el modelo de chip<\/td>\n<td>98DX8525<\/td>\n<\/tr>\n<tr>\n<td>Dimensions<\/td>\n<td>443x367x44mm<\/td>\n<\/tr>\n<tr>\n<td>Router operating system license<\/td>\n<td>6<\/td>\n<\/tr>\n<tr>\n<td>Operating system<\/td>\n<td>RouterOS (solo v7)<\/td>\n<\/tr>\n<tr>\n<td>RAM size<\/td>\n<td>16 GB<\/td>\n<\/tr>\n<tr>\n<td>Storage size<\/td>\n<td>128 MB<\/td>\n<\/tr>\n<tr>\n<td>Tipo de almacenamiento<\/td>\n<td>NAND<\/td>\n<\/tr>\n<tr>\n<td>MTBF<\/td>\n<td>Aproximadamente 200\u2019000 horas a 25C<\/td>\n<\/tr>\n<tr>\n<td>Tested ambient temperature<\/td>\n<td>-20\u00b0C a 60\u00b0C<\/td>\n<\/tr>\n<tr>\n<td>Aceleraci\u00f3n de hardware IPsec<\/td>\n<td>S\u00ed<\/td>\n<\/tr>\n<\/tbody>\n<\/table>\n<p><!--more--><\/p>\n<h5 style=\"text-align: justify;\"><span style=\"text-decoration: underline;\"><strong>DOWNLOADS<\/strong><\/span><\/h5>\n<ul style=\"text-align: justify;\">\n<li><a href=\"https:\/\/drive.google.com\/file\/d\/1n4-Q8MPCZTQkIUlAMv7f6bCicRwvPgmY\/view?usp=sharing\">\u2192 Technical specifications<\/a><\/li>\n<\/ul>","protected":false},"excerpt":{"rendered":"<p style=\"text-align: justify;\">El nuevo buque insignia de MikroTik con la potencia de toda una flota.\u00a0\u00a1Libere el poder de las redes de 100 Gigabits con la descarga de hardware L3!\u00a0Este enrutador puede ser una pr\u00e1ctica actualizaci\u00f3n para las configuraciones CCR1072 existentes.<img decoding=\"async\" class=\"wp-image-2211 aligncenter\" src=\"https:\/\/tecplan.com.es\/wp-content\/uploads\/2025\/07\/2560px-MikroTik_logo-300x73.png\" alt=\"\" width=\"189\" height=\"46\" srcset=\"https:\/\/tecplan.com.es\/wp-content\/uploads\/2025\/07\/2560px-MikroTik_logo-300x73.png 300w, https:\/\/tecplan.com.es\/wp-content\/uploads\/2025\/07\/2560px-MikroTik_logo-1024x250.png 1024w, https:\/\/tecplan.com.es\/wp-content\/uploads\/2025\/07\/2560px-MikroTik_logo-768x187.png 768w, https:\/\/tecplan.com.es\/wp-content\/uploads\/2025\/07\/2560px-MikroTik_logo-1536x374.png 1536w, https:\/\/tecplan.com.es\/wp-content\/uploads\/2025\/07\/2560px-MikroTik_logo-2048x499.png 2048w, https:\/\/tecplan.com.es\/wp-content\/uploads\/2025\/07\/2560px-MikroTik_logo-18x4.png 18w, https:\/\/tecplan.com.es\/wp-content\/uploads\/2025\/07\/2560px-MikroTik_logo-600x146.png 600w\" sizes=\"(max-width: 189px) 100vw, 189px\" \/><\/p>","protected":false},"featured_media":2438,"comment_status":"open","ping_status":"closed","template":"","meta":{"site-sidebar-layout":"default","site-content-layout":"","ast-site-content-layout":"default","site-content-style":"default","site-sidebar-style":"default","ast-global-header-display":"","ast-banner-title-visibility":"","ast-main-header-display":"","ast-hfb-above-header-display":"","ast-hfb-below-header-display":"","ast-hfb-mobile-header-display":"","site-post-title":"","ast-breadcrumbs-content":"","ast-featured-img":"","footer-sml-layout":"","ast-disable-related-posts":"","theme-transparent-header-meta":"default","adv-header-id-meta":"","stick-header-meta":"","header-above-stick-meta":"","header-main-stick-meta":"","header-below-stick-meta":"","astra-migrate-meta-layouts":"set","ast-page-background-enabled":"default","ast-page-background-meta":{"desktop":{"background-color":"var(--ast-global-color-5)","background-image":"","background-repeat":"repeat","background-position":"center center","background-size":"auto","background-attachment":"scroll","background-type":"","background-media":"","overlay-type":"","overlay-color":"","overlay-opacity":"","overlay-gradient":""},"tablet":{"background-color":"","background-image":"","background-repeat":"repeat","background-position":"center center","background-size":"auto","background-attachment":"scroll","background-type":"","background-media":"","overlay-type":"","overlay-color":"","overlay-opacity":"","overlay-gradient":""},"mobile":{"background-color":"","background-image":"","background-repeat":"repeat","background-position":"center center","background-size":"auto","background-attachment":"scroll","background-type":"","background-media":"","overlay-type":"","overlay-color":"","overlay-opacity":"","overlay-gradient":""}},"ast-content-background-meta":{"desktop":{"background-color":"var(--ast-global-color-4)","background-image":"","background-repeat":"repeat","background-position":"center center","background-size":"auto","background-attachment":"scroll","background-type":"","background-media":"","overlay-type":"","overlay-color":"","overlay-opacity":"","overlay-gradient":""},"tablet":{"background-color":"var(--ast-global-color-4)","background-image":"","background-repeat":"repeat","background-position":"center center","background-size":"auto","background-attachment":"scroll","background-type":"","background-media":"","overlay-type":"","overlay-color":"","overlay-opacity":"","overlay-gradient":""},"mobile":{"background-color":"var(--ast-global-color-4)","background-image":"","background-repeat":"repeat","background-position":"center center","background-size":"auto","background-attachment":"scroll","background-type":"","background-media":"","overlay-type":"","overlay-color":"","overlay-opacity":"","overlay-gradient":""}}},"product_brand":[243],"product_cat":[125,96,129],"product_tag":[212],"class_list":{"0":"post-2437","1":"product","2":"type-product","3":"status-publish","4":"has-post-thumbnail","6":"product_brand-mikrotik","7":"product_cat-mikrotik","8":"product_cat-networking","9":"product_cat-router","10":"product_tag-mikrotik","11":"desktop-align-left","12":"tablet-align-left","13":"mobile-align-left","15":"first","16":"instock","17":"shipping-taxable","18":"product-type-simple"},"yoast_head":"<!-- This site is optimized with the Yoast SEO plugin v25.3 - https:\/\/yoast.com\/wordpress\/plugins\/seo\/ -->\n<title>Router CCR2216-1G-12XS-2XQ - Tecplan<\/title>\n<meta name=\"robots\" content=\"index, follow, max-snippet:-1, max-image-preview:large, max-video-preview:-1\" \/>\n<link rel=\"canonical\" href=\"https:\/\/tecplan.com.es\/en\/product\/router-ccr2216-1g-12xs-2xq\/\" \/>\n<meta property=\"og:locale\" content=\"en_US\" \/>\n<meta property=\"og:type\" content=\"article\" \/>\n<meta property=\"og:title\" content=\"Router CCR2216-1G-12XS-2XQ - Tecplan\" \/>\n<meta property=\"og:description\" content=\"El nuevo buque insignia de MikroTik con la potencia de toda una flota.\u00a0\u00a1Libere el poder de las redes de 100 Gigabits con la descarga de hardware L3!\u00a0Este enrutador puede ser una pr\u00e1ctica actualizaci\u00f3n para las configuraciones CCR1072 existentes.\" \/>\n<meta property=\"og:url\" content=\"https:\/\/tecplan.com.es\/en\/product\/router-ccr2216-1g-12xs-2xq\/\" \/>\n<meta property=\"og:site_name\" content=\"Tecplan\" \/>\n<meta property=\"og:image\" content=\"https:\/\/tecplan.com.es\/wp-content\/uploads\/2025\/08\/CCR2216-1G-12XS-2XQ-01-600x600-1.jpg\" \/>\n\t<meta property=\"og:image:width\" content=\"600\" \/>\n\t<meta property=\"og:image:height\" content=\"600\" \/>\n\t<meta property=\"og:image:type\" content=\"image\/jpeg\" \/>\n<meta name=\"twitter:card\" content=\"summary_large_image\" \/>\n<meta name=\"twitter:label1\" content=\"Est. reading time\" \/>\n\t<meta name=\"twitter:data1\" content=\"2 minutes\" \/>\n<script type=\"application\/ld+json\" class=\"yoast-schema-graph\">{\"@context\":\"https:\/\/schema.org\",\"@graph\":[{\"@type\":\"WebPage\",\"@id\":\"https:\/\/tecplan.com.es\/product\/router-ccr2216-1g-12xs-2xq\/\",\"url\":\"https:\/\/tecplan.com.es\/product\/router-ccr2216-1g-12xs-2xq\/\",\"name\":\"Router CCR2216-1G-12XS-2XQ - Tecplan\",\"isPartOf\":{\"@id\":\"https:\/\/tecplan.com.es\/#website\"},\"primaryImageOfPage\":{\"@id\":\"https:\/\/tecplan.com.es\/product\/router-ccr2216-1g-12xs-2xq\/#primaryimage\"},\"image\":{\"@id\":\"https:\/\/tecplan.com.es\/product\/router-ccr2216-1g-12xs-2xq\/#primaryimage\"},\"thumbnailUrl\":\"https:\/\/tecplan.com.es\/wp-content\/uploads\/2025\/08\/CCR2216-1G-12XS-2XQ-01-600x600-1.jpg\",\"datePublished\":\"2025-08-11T20:53:41+00:00\",\"breadcrumb\":{\"@id\":\"https:\/\/tecplan.com.es\/product\/router-ccr2216-1g-12xs-2xq\/#breadcrumb\"},\"inLanguage\":\"en-US\",\"potentialAction\":[{\"@type\":\"ReadAction\",\"target\":[\"https:\/\/tecplan.com.es\/product\/router-ccr2216-1g-12xs-2xq\/\"]}]},{\"@type\":\"ImageObject\",\"inLanguage\":\"en-US\",\"@id\":\"https:\/\/tecplan.com.es\/product\/router-ccr2216-1g-12xs-2xq\/#primaryimage\",\"url\":\"https:\/\/tecplan.com.es\/wp-content\/uploads\/2025\/08\/CCR2216-1G-12XS-2XQ-01-600x600-1.jpg\",\"contentUrl\":\"https:\/\/tecplan.com.es\/wp-content\/uploads\/2025\/08\/CCR2216-1G-12XS-2XQ-01-600x600-1.jpg\",\"width\":600,\"height\":600},{\"@type\":\"BreadcrumbList\",\"@id\":\"https:\/\/tecplan.com.es\/product\/router-ccr2216-1g-12xs-2xq\/#breadcrumb\",\"itemListElement\":[{\"@type\":\"ListItem\",\"position\":1,\"name\":\"Home\",\"item\":\"https:\/\/tecplan.com.es\/\"},{\"@type\":\"ListItem\",\"position\":2,\"name\":\"Shop\",\"item\":\"https:\/\/tecplan.com.es\/shop\/\"},{\"@type\":\"ListItem\",\"position\":3,\"name\":\"Router CCR2216-1G-12XS-2XQ\"}]},{\"@type\":\"WebSite\",\"@id\":\"https:\/\/tecplan.com.es\/#website\",\"url\":\"https:\/\/tecplan.com.es\/\",\"name\":\"Tecplan\",\"description\":\"\",\"potentialAction\":[{\"@type\":\"SearchAction\",\"target\":{\"@type\":\"EntryPoint\",\"urlTemplate\":\"https:\/\/tecplan.com.es\/?s={search_term_string}\"},\"query-input\":{\"@type\":\"PropertyValueSpecification\",\"valueRequired\":true,\"valueName\":\"search_term_string\"}}],\"inLanguage\":\"en-US\"}]}<\/script>\n<!-- \/ Yoast SEO plugin. -->","yoast_head_json":{"title":"Router CCR2216-1G-12XS-2XQ - Tecplan","robots":{"index":"index","follow":"follow","max-snippet":"max-snippet:-1","max-image-preview":"max-image-preview:large","max-video-preview":"max-video-preview:-1"},"canonical":"https:\/\/tecplan.com.es\/en\/product\/router-ccr2216-1g-12xs-2xq\/","og_locale":"en_US","og_type":"article","og_title":"Router CCR2216-1G-12XS-2XQ - Tecplan","og_description":"El nuevo buque insignia de MikroTik con la potencia de toda una flota.\u00a0\u00a1Libere el poder de las redes de 100 Gigabits con la descarga de hardware L3!\u00a0Este enrutador puede ser una pr\u00e1ctica actualizaci\u00f3n para las configuraciones CCR1072 existentes.","og_url":"https:\/\/tecplan.com.es\/en\/product\/router-ccr2216-1g-12xs-2xq\/","og_site_name":"Tecplan","og_image":[{"width":600,"height":600,"url":"https:\/\/tecplan.com.es\/wp-content\/uploads\/2025\/08\/CCR2216-1G-12XS-2XQ-01-600x600-1.jpg","type":"image\/jpeg"}],"twitter_card":"summary_large_image","twitter_misc":{"Est. reading time":"2 minutes"},"schema":{"@context":"https:\/\/schema.org","@graph":[{"@type":"WebPage","@id":"https:\/\/tecplan.com.es\/product\/router-ccr2216-1g-12xs-2xq\/","url":"https:\/\/tecplan.com.es\/product\/router-ccr2216-1g-12xs-2xq\/","name":"Router CCR2216-1G-12XS-2XQ - Tecplan","isPartOf":{"@id":"https:\/\/tecplan.com.es\/#website"},"primaryImageOfPage":{"@id":"https:\/\/tecplan.com.es\/product\/router-ccr2216-1g-12xs-2xq\/#primaryimage"},"image":{"@id":"https:\/\/tecplan.com.es\/product\/router-ccr2216-1g-12xs-2xq\/#primaryimage"},"thumbnailUrl":"https:\/\/tecplan.com.es\/wp-content\/uploads\/2025\/08\/CCR2216-1G-12XS-2XQ-01-600x600-1.jpg","datePublished":"2025-08-11T20:53:41+00:00","breadcrumb":{"@id":"https:\/\/tecplan.com.es\/product\/router-ccr2216-1g-12xs-2xq\/#breadcrumb"},"inLanguage":"en-US","potentialAction":[{"@type":"ReadAction","target":["https:\/\/tecplan.com.es\/product\/router-ccr2216-1g-12xs-2xq\/"]}]},{"@type":"ImageObject","inLanguage":"en-US","@id":"https:\/\/tecplan.com.es\/product\/router-ccr2216-1g-12xs-2xq\/#primaryimage","url":"https:\/\/tecplan.com.es\/wp-content\/uploads\/2025\/08\/CCR2216-1G-12XS-2XQ-01-600x600-1.jpg","contentUrl":"https:\/\/tecplan.com.es\/wp-content\/uploads\/2025\/08\/CCR2216-1G-12XS-2XQ-01-600x600-1.jpg","width":600,"height":600},{"@type":"BreadcrumbList","@id":"https:\/\/tecplan.com.es\/product\/router-ccr2216-1g-12xs-2xq\/#breadcrumb","itemListElement":[{"@type":"ListItem","position":1,"name":"Home","item":"https:\/\/tecplan.com.es\/"},{"@type":"ListItem","position":2,"name":"Shop","item":"https:\/\/tecplan.com.es\/shop\/"},{"@type":"ListItem","position":3,"name":"Router CCR2216-1G-12XS-2XQ"}]},{"@type":"WebSite","@id":"https:\/\/tecplan.com.es\/#website","url":"https:\/\/tecplan.com.es\/","name":"Tecplan","description":"","potentialAction":[{"@type":"SearchAction","target":{"@type":"EntryPoint","urlTemplate":"https:\/\/tecplan.com.es\/?s={search_term_string}"},"query-input":{"@type":"PropertyValueSpecification","valueRequired":true,"valueName":"search_term_string"}}],"inLanguage":"en-US"}]}},"_links":{"self":[{"href":"https:\/\/tecplan.com.es\/en\/wp-json\/wp\/v2\/product\/2437","targetHints":{"allow":["GET"]}}],"collection":[{"href":"https:\/\/tecplan.com.es\/en\/wp-json\/wp\/v2\/product"}],"about":[{"href":"https:\/\/tecplan.com.es\/en\/wp-json\/wp\/v2\/types\/product"}],"replies":[{"embeddable":true,"href":"https:\/\/tecplan.com.es\/en\/wp-json\/wp\/v2\/comments?post=2437"}],"version-history":[{"count":2,"href":"https:\/\/tecplan.com.es\/en\/wp-json\/wp\/v2\/product\/2437\/revisions"}],"predecessor-version":[{"id":2443,"href":"https:\/\/tecplan.com.es\/en\/wp-json\/wp\/v2\/product\/2437\/revisions\/2443"}],"wp:featuredmedia":[{"embeddable":true,"href":"https:\/\/tecplan.com.es\/en\/wp-json\/wp\/v2\/media\/2438"}],"wp:attachment":[{"href":"https:\/\/tecplan.com.es\/en\/wp-json\/wp\/v2\/media?parent=2437"}],"wp:term":[{"taxonomy":"product_brand","embeddable":true,"href":"https:\/\/tecplan.com.es\/en\/wp-json\/wp\/v2\/product_brand?post=2437"},{"taxonomy":"product_cat","embeddable":true,"href":"https:\/\/tecplan.com.es\/en\/wp-json\/wp\/v2\/product_cat?post=2437"},{"taxonomy":"product_tag","embeddable":true,"href":"https:\/\/tecplan.com.es\/en\/wp-json\/wp\/v2\/product_tag?post=2437"}],"curies":[{"name":"wp","href":"https:\/\/api.w.org\/{rel}","templated":true}]}}