{"id":2430,"date":"2025-08-11T17:40:22","date_gmt":"2025-08-11T17:40:22","guid":{"rendered":"https:\/\/tecplan.com.es\/?post_type=product&#038;p=2430"},"modified":"2025-08-11T17:40:22","modified_gmt":"2025-08-11T17:40:22","slug":"enrutador-ccr2116-12g-4s","status":"publish","type":"product","link":"https:\/\/tecplan.com.es\/en\/product\/enrutador-ccr2116-12g-4s\/","title":{"rendered":"Enrutador CCR2116-12G-4S+"},"content":{"rendered":"<p style=\"text-align: justify;\">Quer\u00edamos ver todo el potencial de la buena, antigua y confiable red 10G combinada con una CPU moderna.\u00a0CCR2116-12G-4S+ le permite olvidarse de las limitaciones de la CPU en su configuraci\u00f3n.\u00a0Al igual que su hermano menor, el incre\u00edble CCR2004, este enrutador cuenta con la poderosa CPU Alpine de Amazon Annapurna Labs.<\/p>\n<p style=\"text-align: justify;\">Pero con 16 n\u00facleos funcionando a 2 GHz, este CCR se come al otro para el desayuno.\u00a0Por ejemplo, vemos al menos un aumento del 15 % en el rendimiento de un solo n\u00facleo.\u00a0Y ese es el aspecto m\u00e1s importante cuando se trata de operaciones pesadas basadas en procesamiento por conexi\u00f3n.\u00a0Como las colas, por ejemplo.\u00a0\u00a1CCR2116-12G-4S+ establece\u00a0<b>un nuevo est\u00e1ndar de rendimiento de un solo n\u00facleo en toda la familia de productos CCR!\u00a0<\/b>\u00a1Y es compatible con la descarga de hardware de capa 3!<\/p>\n<p style=\"text-align: justify;\">Obviamente, necesita la conectividad adecuada para aprovechar este poder.\u00a0Hay\u00a0<b>cuatro puertos 10G SFP+.\u00a0<\/b>Tienen una l\u00ednea independiente de d\u00faplex completo conectada al chip conmutador de la familia Marvell Aldrin.\u00a0Luego tenemos puertos Gigabit Ethernet.\u00a012 de ellos se est\u00e1n ejecutando a trav\u00e9s del chip Marvel.\u00a0Y hay otro puerto Gigabit conectado directamente a la CPU.\u00a0Para fines de gesti\u00f3n.<\/p>\n<p style=\"text-align: justify;\">Cada grupo de 4 puertos tiene una conexi\u00f3n d\u00faplex completa independiente al chip del conmutador.\u00a0No hay cuellos de botella aqu\u00ed.\u00a0Puede esperar un rendimiento similar al de un interruptor en la mayor\u00eda de las configuraciones.\u00a0La nueva generaci\u00f3n de procesadores ofrece un rendimiento alucinante.\u00a0<b>Si nos fijamos en el CCR1036, el centro neur\u00e1lgico con una CPU de 36 n\u00facleos, el nuevo CCR2116 puede duplicar f\u00e1cilmente el rendimiento.\u00a016 n\u00facleos frente a 36 n\u00facleos.\u00a0Duplica el rendimiento.\u00a0O incluso m\u00e1s.<\/b><\/p>\n<p style=\"text-align: justify;\">Si usted es un ISP bastante grande, que se ocupa de enrutamiento din\u00e1mico, BGP masivos, reglas de firewall complejas y configuraciones intrincadas de calidad de servicio\u2026 Este es el dispositivo adecuado para usted.\u00a0Combinaci\u00f3n de potencia bruta y utilidad con la red confiable de 10G.\u00a0Y s\u00ed, como con cualquier dispositivo de nivel ISP, hemos incluido una\u00a0<b>fuente de alimentaci\u00f3n doble redundante.\u00a0<\/b>As\u00ed que tienes una cosa menos de qu\u00e9 preocuparte.<\/p>\n<p style=\"text-align: justify;\">CCR2116-12G-4S+: tecnolog\u00eda probada por el tiempo, construida para el futuro.<\/p>\n<h2>Specs<\/h2>\n<table class=\"table product-table\">\n<thead>\n<tr>\n<th colspan=\"2\">Details<\/th>\n<\/tr>\n<\/thead>\n<tbody>\n<tr>\n<td>Details<\/td>\n<td>CCR2116-12G-4S+<\/td>\n<\/tr>\n<tr>\n<td>Architecture<\/td>\n<td>brazo de 64 bits<\/td>\n<\/tr>\n<tr>\n<td>UPC<\/td>\n<td>AL73400<\/td>\n<\/tr>\n<tr>\n<td>CPU core count<\/td>\n<td>diecis\u00e9is<\/td>\n<\/tr>\n<tr>\n<td>CPU nominal frequency<\/td>\n<td>2000 MHz<\/td>\n<\/tr>\n<tr>\n<td>Cambiar el modelo de chip<\/td>\n<td>98DX3255<\/td>\n<\/tr>\n<tr>\n<td>Dimensions<\/td>\n<td>443x199x44mm<\/td>\n<\/tr>\n<tr>\n<td>Router operating system license<\/td>\n<td>6<\/td>\n<\/tr>\n<tr>\n<td>Operating system<\/td>\n<td>RouterOS (solo v7)<\/td>\n<\/tr>\n<tr>\n<td>RAM size<\/td>\n<td>16 GB<\/td>\n<\/tr>\n<tr>\n<td>Storage size<\/td>\n<td>128 MB<\/td>\n<\/tr>\n<tr>\n<td>Tipo de almacenamiento<\/td>\n<td>NAND<\/td>\n<\/tr>\n<tr>\n<td>MTBF<\/td>\n<td>Aproximadamente 200\u2019000 horas a 25C<\/td>\n<\/tr>\n<tr>\n<td>Tested ambient temperature<\/td>\n<td>-20\u00b0C a 60\u00b0C<\/td>\n<\/tr>\n<tr>\n<td>Aceleraci\u00f3n de hardware IPsec<\/td>\n<td>S\u00ed<\/td>\n<\/tr>\n<\/tbody>\n<\/table>\n<p><!--more--><\/p>\n<h5 style=\"text-align: justify;\"><span style=\"text-decoration: underline;\"><strong>DOWNLOADS<\/strong><\/span><\/h5>\n<ul style=\"text-align: justify;\">\n<li><a href=\"https:\/\/drive.google.com\/file\/d\/1RK5NZPAAarvxYstTsV-J_Vbs7NmV0_IX\/view?usp=sharing\">\u2192 Technical specifications<\/a><\/li>\n<\/ul>","protected":false},"excerpt":{"rendered":"<p style=\"text-align: justify;\">Olv\u00eddese de las limitaciones de la CPU en configuraciones 10G con este potente CCR basado en CPU ARM de 16 n\u00facleos.\u00a0Duplique el rendimiento de nuestro anterior CCR de 36 n\u00facleos, rendimiento BGP 6 veces m\u00e1s r\u00e1pido.\u00a0Incluye una ranura M.2 PCIe.<\/p>\n<p><img decoding=\"async\" class=\"wp-image-2211 aligncenter\" src=\"https:\/\/tecplan.com.es\/wp-content\/uploads\/2025\/07\/2560px-MikroTik_logo-300x73.png\" alt=\"\" width=\"181\" height=\"44\" srcset=\"https:\/\/tecplan.com.es\/wp-content\/uploads\/2025\/07\/2560px-MikroTik_logo-300x73.png 300w, https:\/\/tecplan.com.es\/wp-content\/uploads\/2025\/07\/2560px-MikroTik_logo-1024x250.png 1024w, https:\/\/tecplan.com.es\/wp-content\/uploads\/2025\/07\/2560px-MikroTik_logo-768x187.png 768w, https:\/\/tecplan.com.es\/wp-content\/uploads\/2025\/07\/2560px-MikroTik_logo-1536x374.png 1536w, https:\/\/tecplan.com.es\/wp-content\/uploads\/2025\/07\/2560px-MikroTik_logo-2048x499.png 2048w, https:\/\/tecplan.com.es\/wp-content\/uploads\/2025\/07\/2560px-MikroTik_logo-18x4.png 18w, https:\/\/tecplan.com.es\/wp-content\/uploads\/2025\/07\/2560px-MikroTik_logo-600x146.png 600w\" sizes=\"(max-width: 181px) 100vw, 181px\" \/><\/p>","protected":false},"featured_media":2432,"comment_status":"open","ping_status":"closed","template":"","meta":{"site-sidebar-layout":"default","site-content-layout":"","ast-site-content-layout":"default","site-content-style":"default","site-sidebar-style":"default","ast-global-header-display":"","ast-banner-title-visibility":"","ast-main-header-display":"","ast-hfb-above-header-display":"","ast-hfb-below-header-display":"","ast-hfb-mobile-header-display":"","site-post-title":"","ast-breadcrumbs-content":"","ast-featured-img":"","footer-sml-layout":"","ast-disable-related-posts":"","theme-transparent-header-meta":"default","adv-header-id-meta":"","stick-header-meta":"","header-above-stick-meta":"","header-main-stick-meta":"","header-below-stick-meta":"","astra-migrate-meta-layouts":"set","ast-page-background-enabled":"default","ast-page-background-meta":{"desktop":{"background-color":"var(--ast-global-color-5)","background-image":"","background-repeat":"repeat","background-position":"center center","background-size":"auto","background-attachment":"scroll","background-type":"","background-media":"","overlay-type":"","overlay-color":"","overlay-opacity":"","overlay-gradient":""},"tablet":{"background-color":"","background-image":"","background-repeat":"repeat","background-position":"center center","background-size":"auto","background-attachment":"scroll","background-type":"","background-media":"","overlay-type":"","overlay-color":"","overlay-opacity":"","overlay-gradient":""},"mobile":{"background-color":"","background-image":"","background-repeat":"repeat","background-position":"center center","background-size":"auto","background-attachment":"scroll","background-type":"","background-media":"","overlay-type":"","overlay-color":"","overlay-opacity":"","overlay-gradient":""}},"ast-content-background-meta":{"desktop":{"background-color":"var(--ast-global-color-4)","background-image":"","background-repeat":"repeat","background-position":"center center","background-size":"auto","background-attachment":"scroll","background-type":"","background-media":"","overlay-type":"","overlay-color":"","overlay-opacity":"","overlay-gradient":""},"tablet":{"background-color":"var(--ast-global-color-4)","background-image":"","background-repeat":"repeat","background-position":"center center","background-size":"auto","background-attachment":"scroll","background-type":"","background-media":"","overlay-type":"","overlay-color":"","overlay-opacity":"","overlay-gradient":""},"mobile":{"background-color":"var(--ast-global-color-4)","background-image":"","background-repeat":"repeat","background-position":"center center","background-size":"auto","background-attachment":"scroll","background-type":"","background-media":"","overlay-type":"","overlay-color":"","overlay-opacity":"","overlay-gradient":""}}},"product_brand":[243],"product_cat":[125,96,129],"product_tag":[212],"class_list":{"0":"post-2430","1":"product","2":"type-product","3":"status-publish","4":"has-post-thumbnail","6":"product_brand-mikrotik","7":"product_cat-mikrotik","8":"product_cat-networking","9":"product_cat-router","10":"product_tag-mikrotik","11":"desktop-align-left","12":"tablet-align-left","13":"mobile-align-left","15":"first","16":"instock","17":"shipping-taxable","18":"product-type-simple"},"yoast_head":"<!-- This site is optimized with the Yoast SEO plugin v25.3 - https:\/\/yoast.com\/wordpress\/plugins\/seo\/ -->\n<title>Enrutador CCR2116-12G-4S+ - Tecplan<\/title>\n<meta name=\"robots\" content=\"index, follow, max-snippet:-1, max-image-preview:large, max-video-preview:-1\" \/>\n<link rel=\"canonical\" href=\"https:\/\/tecplan.com.es\/en\/product\/enrutador-ccr2116-12g-4s\/\" \/>\n<meta property=\"og:locale\" content=\"en_US\" \/>\n<meta property=\"og:type\" content=\"article\" \/>\n<meta property=\"og:title\" content=\"Enrutador CCR2116-12G-4S+ - Tecplan\" \/>\n<meta property=\"og:description\" content=\"Olv\u00eddese de las limitaciones de la CPU en configuraciones 10G con este potente CCR basado en CPU ARM de 16 n\u00facleos.\u00a0Duplique el rendimiento de nuestro anterior CCR de 36 n\u00facleos, rendimiento BGP 6 veces m\u00e1s r\u00e1pido.\u00a0Incluye una ranura M.2 PCIe.\" \/>\n<meta property=\"og:url\" content=\"https:\/\/tecplan.com.es\/en\/product\/enrutador-ccr2116-12g-4s\/\" \/>\n<meta property=\"og:site_name\" content=\"Tecplan\" \/>\n<meta property=\"og:image\" content=\"https:\/\/tecplan.com.es\/wp-content\/uploads\/2025\/08\/CCR2116-12G-4S-01.jpg\" \/>\n\t<meta property=\"og:image:width\" content=\"2000\" \/>\n\t<meta property=\"og:image:height\" content=\"2000\" \/>\n\t<meta property=\"og:image:type\" content=\"image\/jpeg\" \/>\n<meta name=\"twitter:card\" content=\"summary_large_image\" \/>\n<meta name=\"twitter:label1\" content=\"Est. reading time\" \/>\n\t<meta name=\"twitter:data1\" content=\"3 minutes\" \/>\n<script type=\"application\/ld+json\" class=\"yoast-schema-graph\">{\"@context\":\"https:\/\/schema.org\",\"@graph\":[{\"@type\":\"WebPage\",\"@id\":\"https:\/\/tecplan.com.es\/product\/enrutador-ccr2116-12g-4s\/\",\"url\":\"https:\/\/tecplan.com.es\/product\/enrutador-ccr2116-12g-4s\/\",\"name\":\"Enrutador CCR2116-12G-4S+ - Tecplan\",\"isPartOf\":{\"@id\":\"https:\/\/tecplan.com.es\/#website\"},\"primaryImageOfPage\":{\"@id\":\"https:\/\/tecplan.com.es\/product\/enrutador-ccr2116-12g-4s\/#primaryimage\"},\"image\":{\"@id\":\"https:\/\/tecplan.com.es\/product\/enrutador-ccr2116-12g-4s\/#primaryimage\"},\"thumbnailUrl\":\"https:\/\/tecplan.com.es\/wp-content\/uploads\/2025\/08\/CCR2116-12G-4S-01.jpg\",\"datePublished\":\"2025-08-11T17:40:22+00:00\",\"breadcrumb\":{\"@id\":\"https:\/\/tecplan.com.es\/product\/enrutador-ccr2116-12g-4s\/#breadcrumb\"},\"inLanguage\":\"en-US\",\"potentialAction\":[{\"@type\":\"ReadAction\",\"target\":[\"https:\/\/tecplan.com.es\/product\/enrutador-ccr2116-12g-4s\/\"]}]},{\"@type\":\"ImageObject\",\"inLanguage\":\"en-US\",\"@id\":\"https:\/\/tecplan.com.es\/product\/enrutador-ccr2116-12g-4s\/#primaryimage\",\"url\":\"https:\/\/tecplan.com.es\/wp-content\/uploads\/2025\/08\/CCR2116-12G-4S-01.jpg\",\"contentUrl\":\"https:\/\/tecplan.com.es\/wp-content\/uploads\/2025\/08\/CCR2116-12G-4S-01.jpg\",\"width\":2000,\"height\":2000},{\"@type\":\"BreadcrumbList\",\"@id\":\"https:\/\/tecplan.com.es\/product\/enrutador-ccr2116-12g-4s\/#breadcrumb\",\"itemListElement\":[{\"@type\":\"ListItem\",\"position\":1,\"name\":\"Home\",\"item\":\"https:\/\/tecplan.com.es\/\"},{\"@type\":\"ListItem\",\"position\":2,\"name\":\"Shop\",\"item\":\"https:\/\/tecplan.com.es\/shop\/\"},{\"@type\":\"ListItem\",\"position\":3,\"name\":\"Enrutador CCR2116-12G-4S+\"}]},{\"@type\":\"WebSite\",\"@id\":\"https:\/\/tecplan.com.es\/#website\",\"url\":\"https:\/\/tecplan.com.es\/\",\"name\":\"Tecplan\",\"description\":\"\",\"potentialAction\":[{\"@type\":\"SearchAction\",\"target\":{\"@type\":\"EntryPoint\",\"urlTemplate\":\"https:\/\/tecplan.com.es\/?s={search_term_string}\"},\"query-input\":{\"@type\":\"PropertyValueSpecification\",\"valueRequired\":true,\"valueName\":\"search_term_string\"}}],\"inLanguage\":\"en-US\"}]}<\/script>\n<!-- \/ Yoast SEO plugin. -->","yoast_head_json":{"title":"Enrutador CCR2116-12G-4S+ - Tecplan","robots":{"index":"index","follow":"follow","max-snippet":"max-snippet:-1","max-image-preview":"max-image-preview:large","max-video-preview":"max-video-preview:-1"},"canonical":"https:\/\/tecplan.com.es\/en\/product\/enrutador-ccr2116-12g-4s\/","og_locale":"en_US","og_type":"article","og_title":"Enrutador CCR2116-12G-4S+ - Tecplan","og_description":"Olv\u00eddese de las limitaciones de la CPU en configuraciones 10G con este potente CCR basado en CPU ARM de 16 n\u00facleos.\u00a0Duplique el rendimiento de nuestro anterior CCR de 36 n\u00facleos, rendimiento BGP 6 veces m\u00e1s r\u00e1pido.\u00a0Incluye una ranura M.2 PCIe.","og_url":"https:\/\/tecplan.com.es\/en\/product\/enrutador-ccr2116-12g-4s\/","og_site_name":"Tecplan","og_image":[{"width":2000,"height":2000,"url":"https:\/\/tecplan.com.es\/wp-content\/uploads\/2025\/08\/CCR2116-12G-4S-01.jpg","type":"image\/jpeg"}],"twitter_card":"summary_large_image","twitter_misc":{"Est. reading time":"3 minutes"},"schema":{"@context":"https:\/\/schema.org","@graph":[{"@type":"WebPage","@id":"https:\/\/tecplan.com.es\/product\/enrutador-ccr2116-12g-4s\/","url":"https:\/\/tecplan.com.es\/product\/enrutador-ccr2116-12g-4s\/","name":"Enrutador CCR2116-12G-4S+ - Tecplan","isPartOf":{"@id":"https:\/\/tecplan.com.es\/#website"},"primaryImageOfPage":{"@id":"https:\/\/tecplan.com.es\/product\/enrutador-ccr2116-12g-4s\/#primaryimage"},"image":{"@id":"https:\/\/tecplan.com.es\/product\/enrutador-ccr2116-12g-4s\/#primaryimage"},"thumbnailUrl":"https:\/\/tecplan.com.es\/wp-content\/uploads\/2025\/08\/CCR2116-12G-4S-01.jpg","datePublished":"2025-08-11T17:40:22+00:00","breadcrumb":{"@id":"https:\/\/tecplan.com.es\/product\/enrutador-ccr2116-12g-4s\/#breadcrumb"},"inLanguage":"en-US","potentialAction":[{"@type":"ReadAction","target":["https:\/\/tecplan.com.es\/product\/enrutador-ccr2116-12g-4s\/"]}]},{"@type":"ImageObject","inLanguage":"en-US","@id":"https:\/\/tecplan.com.es\/product\/enrutador-ccr2116-12g-4s\/#primaryimage","url":"https:\/\/tecplan.com.es\/wp-content\/uploads\/2025\/08\/CCR2116-12G-4S-01.jpg","contentUrl":"https:\/\/tecplan.com.es\/wp-content\/uploads\/2025\/08\/CCR2116-12G-4S-01.jpg","width":2000,"height":2000},{"@type":"BreadcrumbList","@id":"https:\/\/tecplan.com.es\/product\/enrutador-ccr2116-12g-4s\/#breadcrumb","itemListElement":[{"@type":"ListItem","position":1,"name":"Home","item":"https:\/\/tecplan.com.es\/"},{"@type":"ListItem","position":2,"name":"Shop","item":"https:\/\/tecplan.com.es\/shop\/"},{"@type":"ListItem","position":3,"name":"Enrutador CCR2116-12G-4S+"}]},{"@type":"WebSite","@id":"https:\/\/tecplan.com.es\/#website","url":"https:\/\/tecplan.com.es\/","name":"Tecplan","description":"","potentialAction":[{"@type":"SearchAction","target":{"@type":"EntryPoint","urlTemplate":"https:\/\/tecplan.com.es\/?s={search_term_string}"},"query-input":{"@type":"PropertyValueSpecification","valueRequired":true,"valueName":"search_term_string"}}],"inLanguage":"en-US"}]}},"_links":{"self":[{"href":"https:\/\/tecplan.com.es\/en\/wp-json\/wp\/v2\/product\/2430","targetHints":{"allow":["GET"]}}],"collection":[{"href":"https:\/\/tecplan.com.es\/en\/wp-json\/wp\/v2\/product"}],"about":[{"href":"https:\/\/tecplan.com.es\/en\/wp-json\/wp\/v2\/types\/product"}],"replies":[{"embeddable":true,"href":"https:\/\/tecplan.com.es\/en\/wp-json\/wp\/v2\/comments?post=2430"}],"version-history":[{"count":2,"href":"https:\/\/tecplan.com.es\/en\/wp-json\/wp\/v2\/product\/2430\/revisions"}],"predecessor-version":[{"id":2435,"href":"https:\/\/tecplan.com.es\/en\/wp-json\/wp\/v2\/product\/2430\/revisions\/2435"}],"wp:featuredmedia":[{"embeddable":true,"href":"https:\/\/tecplan.com.es\/en\/wp-json\/wp\/v2\/media\/2432"}],"wp:attachment":[{"href":"https:\/\/tecplan.com.es\/en\/wp-json\/wp\/v2\/media?parent=2430"}],"wp:term":[{"taxonomy":"product_brand","embeddable":true,"href":"https:\/\/tecplan.com.es\/en\/wp-json\/wp\/v2\/product_brand?post=2430"},{"taxonomy":"product_cat","embeddable":true,"href":"https:\/\/tecplan.com.es\/en\/wp-json\/wp\/v2\/product_cat?post=2430"},{"taxonomy":"product_tag","embeddable":true,"href":"https:\/\/tecplan.com.es\/en\/wp-json\/wp\/v2\/product_tag?post=2430"}],"curies":[{"name":"wp","href":"https:\/\/api.w.org\/{rel}","templated":true}]}}