{"id":2425,"date":"2025-08-08T22:51:40","date_gmt":"2025-08-08T22:51:40","guid":{"rendered":"https:\/\/tecplan.com.es\/?post_type=product&#038;p=2425"},"modified":"2025-08-08T22:52:31","modified_gmt":"2025-08-08T22:52:31","slug":"enrutador-potente-ccr2004-16g-2s","status":"publish","type":"product","link":"https:\/\/tecplan.com.es\/en\/product\/enrutador-potente-ccr2004-16g-2s\/","title":{"rendered":"Enrutador potente CCR2004-16G-2S+"},"content":{"rendered":"<p style=\"text-align: justify;\">Al igual que los otros modelos de la serie CCR2004, este CCR tambi\u00e9n cuenta con la CPU Annapurna Labs Alpine v2 con 4 n\u00facleos ARMv8-A Cortex-A57 de 64 bits que funcionan a 1,7 GHz.\u00a0Pero aqu\u00ed est\u00e1 la diferencia.\u00a0Este poderoso enrutador supera a todos los modelos CCR anteriores en el rendimiento de un solo n\u00facleo, y ese es el aspecto m\u00e1s importante cuando se trata de operaciones pesadas basadas en el procesamiento por conexi\u00f3n.\u00a0Como las colas, por ejemplo. \u00a1Pero eso no es todo!\u00a0Tambi\u00e9n tiene el mejor rendimiento de un solo n\u00facleo por vatio y el mejor rendimiento general por vatio entre todos los dispositivos CCR.\u00a0Mejor para el planeta, mejor para las facturas, \u00a1todos ganan!<\/p>\n<p style=\"text-align: justify;\">El nuevo enrutador tiene 18 puertos cableados, incluidos 16 puertos Gigabit Ethernet y dos jaulas 10G SFP+.\u00a0Tambi\u00e9n tiene un puerto de consola USB y RJ-45 de tama\u00f1o completo en el panel frontal.\u00a0Como todos los dispositivos CCR, viene en una cl\u00e1sica caja blanca de montaje en rack de 1U.\u00a0Se incluyen fuentes de alimentaci\u00f3n duales redundantes incorporadas, por lo que tiene una cosa menos de qu\u00e9 preocuparse.\u00a0Y, por supuesto, hay enfriamiento activo para mantener las cosas agradables y frescas.\u00a0Cada grupo de 8 puertos Gigabit Ethernet est\u00e1 conectado a un chip conmutador de la familia Marvell Amethyst independiente.\u00a0Cada chip de conmutador tiene una l\u00ednea de d\u00faplex completo de 10 Gbps conectada a la CPU.\u00a0Lo mismo ocurre con cada jaula SFP+: una l\u00ednea independiente de d\u00faplex completo de 10 Gbps.\u00a0Las placas vienen con 4 GB de RAM DDR4 y 128 MB de almacenamiento NAND.<\/p>\n<p style=\"text-align: justify;\">Entonces, como puede ver, no hay cuellos de botella.\u00a0Siempre que la CPU pueda manejar el procesamiento, todos los puertos pueden alcanzar la velocidad de cable.\u00a0Y esta CPU es una bestia que puede manejar mucho.\u00a0Si observamos el rendimiento, puede ver que est\u00e1 intercambiando golpes con nuestro CCR1009.\u00a0\u00a1Incluso super\u00e1ndolo en configuraciones de CPU pesada!\u00a0Y si eso no fuera suficiente, incluso puede alcanzar el rendimiento de CCR1016.<\/p>\n<p style=\"text-align: justify;\">\u00bfLa mejor parte?\u00a0Este nuevo CCR se encuentra entre las opciones m\u00e1s asequibles que existen, no solo dentro de la serie CCR, sino en el mercado en general. Una de las formas m\u00e1s comunes de usar este dispositivo ser\u00eda: puertos Gigabit Ethernet para la red interna;\u00a0Puertos SFP+ para enlace descendente y ascendente.\u00a0La soluci\u00f3n todo en uno perfecta para peque\u00f1as y medianas empresas.\u00a0F\u00e1cil y eficiente.<\/p>\n<p style=\"text-align: justify;\">Con el nuevo CCR2004, puede llevar la red de su oficina al siguiente nivel.\u00a0Sin romper el banco.<\/p>\n<p><!--more--><\/p>\n<h5 style=\"text-align: justify;\"><span style=\"text-decoration: underline;\"><strong>DOWNLOADS<\/strong><\/span><\/h5>\n<ul style=\"text-align: justify;\">\n<li><a href=\"https:\/\/drive.google.com\/file\/d\/1EcAUtVE8c4ZbdZFje3JHp9B1EMmA7T5Y\/view?usp=sharing\">\u2192 Technical specifications<\/a><\/li>\n<\/ul>","protected":false},"excerpt":{"rendered":"<p style=\"text-align: justify;\">Este enrutador potente y asequible supera a todos los modelos CCR anteriores en rendimiento de un solo n\u00facleo.\u00a016 puertos Gigabit Ethernet, 2 jaulas SFP+ de 10G, enfriamiento activo y el mejor rendimiento de un solo n\u00facleo por vatio y el mejor rendimiento general por vatio entre todos los dispositivos CCR.<\/p>\n<p><img decoding=\"async\" class=\"wp-image-2211 aligncenter\" src=\"https:\/\/tecplan.com.es\/wp-content\/uploads\/2025\/07\/2560px-MikroTik_logo-300x73.png\" alt=\"\" width=\"172\" height=\"42\" srcset=\"https:\/\/tecplan.com.es\/wp-content\/uploads\/2025\/07\/2560px-MikroTik_logo-300x73.png 300w, https:\/\/tecplan.com.es\/wp-content\/uploads\/2025\/07\/2560px-MikroTik_logo-1024x250.png 1024w, https:\/\/tecplan.com.es\/wp-content\/uploads\/2025\/07\/2560px-MikroTik_logo-768x187.png 768w, https:\/\/tecplan.com.es\/wp-content\/uploads\/2025\/07\/2560px-MikroTik_logo-1536x374.png 1536w, https:\/\/tecplan.com.es\/wp-content\/uploads\/2025\/07\/2560px-MikroTik_logo-2048x499.png 2048w, https:\/\/tecplan.com.es\/wp-content\/uploads\/2025\/07\/2560px-MikroTik_logo-18x4.png 18w, https:\/\/tecplan.com.es\/wp-content\/uploads\/2025\/07\/2560px-MikroTik_logo-600x146.png 600w\" sizes=\"(max-width: 172px) 100vw, 172px\" \/><\/p>","protected":false},"featured_media":2427,"comment_status":"open","ping_status":"closed","template":"","meta":{"site-sidebar-layout":"default","site-content-layout":"","ast-site-content-layout":"default","site-content-style":"default","site-sidebar-style":"default","ast-global-header-display":"","ast-banner-title-visibility":"","ast-main-header-display":"","ast-hfb-above-header-display":"","ast-hfb-below-header-display":"","ast-hfb-mobile-header-display":"","site-post-title":"","ast-breadcrumbs-content":"","ast-featured-img":"","footer-sml-layout":"","ast-disable-related-posts":"","theme-transparent-header-meta":"default","adv-header-id-meta":"","stick-header-meta":"","header-above-stick-meta":"","header-main-stick-meta":"","header-below-stick-meta":"","astra-migrate-meta-layouts":"set","ast-page-background-enabled":"default","ast-page-background-meta":{"desktop":{"background-color":"var(--ast-global-color-5)","background-image":"","background-repeat":"repeat","background-position":"center center","background-size":"auto","background-attachment":"scroll","background-type":"","background-media":"","overlay-type":"","overlay-color":"","overlay-opacity":"","overlay-gradient":""},"tablet":{"background-color":"","background-image":"","background-repeat":"repeat","background-position":"center center","background-size":"auto","background-attachment":"scroll","background-type":"","background-media":"","overlay-type":"","overlay-color":"","overlay-opacity":"","overlay-gradient":""},"mobile":{"background-color":"","background-image":"","background-repeat":"repeat","background-position":"center center","background-size":"auto","background-attachment":"scroll","background-type":"","background-media":"","overlay-type":"","overlay-color":"","overlay-opacity":"","overlay-gradient":""}},"ast-content-background-meta":{"desktop":{"background-color":"var(--ast-global-color-4)","background-image":"","background-repeat":"repeat","background-position":"center center","background-size":"auto","background-attachment":"scroll","background-type":"","background-media":"","overlay-type":"","overlay-color":"","overlay-opacity":"","overlay-gradient":""},"tablet":{"background-color":"var(--ast-global-color-4)","background-image":"","background-repeat":"repeat","background-position":"center center","background-size":"auto","background-attachment":"scroll","background-type":"","background-media":"","overlay-type":"","overlay-color":"","overlay-opacity":"","overlay-gradient":""},"mobile":{"background-color":"var(--ast-global-color-4)","background-image":"","background-repeat":"repeat","background-position":"center center","background-size":"auto","background-attachment":"scroll","background-type":"","background-media":"","overlay-type":"","overlay-color":"","overlay-opacity":"","overlay-gradient":""}}},"product_brand":[243],"product_cat":[125,96,129],"product_tag":[212],"class_list":{"0":"post-2425","1":"product","2":"type-product","3":"status-publish","4":"has-post-thumbnail","6":"product_brand-mikrotik","7":"product_cat-mikrotik","8":"product_cat-networking","9":"product_cat-router","10":"product_tag-mikrotik","11":"desktop-align-left","12":"tablet-align-left","13":"mobile-align-left","15":"first","16":"instock","17":"shipping-taxable","18":"product-type-simple"},"yoast_head":"<!-- This site is optimized with the Yoast SEO plugin v25.3 - https:\/\/yoast.com\/wordpress\/plugins\/seo\/ -->\n<title>Enrutador potente CCR2004-16G-2S+ - Tecplan<\/title>\n<meta name=\"robots\" content=\"index, follow, max-snippet:-1, max-image-preview:large, max-video-preview:-1\" \/>\n<link rel=\"canonical\" href=\"https:\/\/tecplan.com.es\/en\/product\/enrutador-potente-ccr2004-16g-2s\/\" \/>\n<meta property=\"og:locale\" content=\"en_US\" \/>\n<meta property=\"og:type\" content=\"article\" \/>\n<meta property=\"og:title\" content=\"Enrutador potente CCR2004-16G-2S+ - Tecplan\" \/>\n<meta property=\"og:description\" content=\"Este enrutador potente y asequible supera a todos los modelos CCR anteriores en rendimiento de un solo n\u00facleo.\u00a016 puertos Gigabit Ethernet, 2 jaulas SFP+ de 10G, enfriamiento activo y el mejor rendimiento de un solo n\u00facleo por vatio y el mejor rendimiento general por vatio entre todos los dispositivos CCR.\" \/>\n<meta property=\"og:url\" content=\"https:\/\/tecplan.com.es\/en\/product\/enrutador-potente-ccr2004-16g-2s\/\" \/>\n<meta property=\"og:site_name\" content=\"Tecplan\" \/>\n<meta property=\"article:modified_time\" content=\"2025-08-08T22:52:31+00:00\" \/>\n<meta property=\"og:image\" content=\"https:\/\/tecplan.com.es\/wp-content\/uploads\/2025\/08\/CCR2004-16G-2S-01.jpg\" \/>\n\t<meta property=\"og:image:width\" content=\"2000\" \/>\n\t<meta property=\"og:image:height\" content=\"2000\" \/>\n\t<meta property=\"og:image:type\" content=\"image\/jpeg\" \/>\n<meta name=\"twitter:card\" content=\"summary_large_image\" \/>\n<meta name=\"twitter:label1\" content=\"Est. reading time\" \/>\n\t<meta name=\"twitter:data1\" content=\"3 minutes\" \/>\n<script type=\"application\/ld+json\" class=\"yoast-schema-graph\">{\"@context\":\"https:\/\/schema.org\",\"@graph\":[{\"@type\":\"WebPage\",\"@id\":\"https:\/\/tecplan.com.es\/product\/enrutador-potente-ccr2004-16g-2s\/\",\"url\":\"https:\/\/tecplan.com.es\/product\/enrutador-potente-ccr2004-16g-2s\/\",\"name\":\"Enrutador potente CCR2004-16G-2S+ - Tecplan\",\"isPartOf\":{\"@id\":\"https:\/\/tecplan.com.es\/#website\"},\"primaryImageOfPage\":{\"@id\":\"https:\/\/tecplan.com.es\/product\/enrutador-potente-ccr2004-16g-2s\/#primaryimage\"},\"image\":{\"@id\":\"https:\/\/tecplan.com.es\/product\/enrutador-potente-ccr2004-16g-2s\/#primaryimage\"},\"thumbnailUrl\":\"https:\/\/tecplan.com.es\/wp-content\/uploads\/2025\/08\/CCR2004-16G-2S-01.jpg\",\"datePublished\":\"2025-08-08T22:51:40+00:00\",\"dateModified\":\"2025-08-08T22:52:31+00:00\",\"breadcrumb\":{\"@id\":\"https:\/\/tecplan.com.es\/product\/enrutador-potente-ccr2004-16g-2s\/#breadcrumb\"},\"inLanguage\":\"en-US\",\"potentialAction\":[{\"@type\":\"ReadAction\",\"target\":[\"https:\/\/tecplan.com.es\/product\/enrutador-potente-ccr2004-16g-2s\/\"]}]},{\"@type\":\"ImageObject\",\"inLanguage\":\"en-US\",\"@id\":\"https:\/\/tecplan.com.es\/product\/enrutador-potente-ccr2004-16g-2s\/#primaryimage\",\"url\":\"https:\/\/tecplan.com.es\/wp-content\/uploads\/2025\/08\/CCR2004-16G-2S-01.jpg\",\"contentUrl\":\"https:\/\/tecplan.com.es\/wp-content\/uploads\/2025\/08\/CCR2004-16G-2S-01.jpg\",\"width\":2000,\"height\":2000},{\"@type\":\"BreadcrumbList\",\"@id\":\"https:\/\/tecplan.com.es\/product\/enrutador-potente-ccr2004-16g-2s\/#breadcrumb\",\"itemListElement\":[{\"@type\":\"ListItem\",\"position\":1,\"name\":\"Home\",\"item\":\"https:\/\/tecplan.com.es\/\"},{\"@type\":\"ListItem\",\"position\":2,\"name\":\"Shop\",\"item\":\"https:\/\/tecplan.com.es\/shop\/\"},{\"@type\":\"ListItem\",\"position\":3,\"name\":\"Enrutador potente CCR2004-16G-2S+\"}]},{\"@type\":\"WebSite\",\"@id\":\"https:\/\/tecplan.com.es\/#website\",\"url\":\"https:\/\/tecplan.com.es\/\",\"name\":\"Tecplan\",\"description\":\"\",\"potentialAction\":[{\"@type\":\"SearchAction\",\"target\":{\"@type\":\"EntryPoint\",\"urlTemplate\":\"https:\/\/tecplan.com.es\/?s={search_term_string}\"},\"query-input\":{\"@type\":\"PropertyValueSpecification\",\"valueRequired\":true,\"valueName\":\"search_term_string\"}}],\"inLanguage\":\"en-US\"}]}<\/script>\n<!-- \/ Yoast SEO plugin. -->","yoast_head_json":{"title":"Enrutador potente CCR2004-16G-2S+ - Tecplan","robots":{"index":"index","follow":"follow","max-snippet":"max-snippet:-1","max-image-preview":"max-image-preview:large","max-video-preview":"max-video-preview:-1"},"canonical":"https:\/\/tecplan.com.es\/en\/product\/enrutador-potente-ccr2004-16g-2s\/","og_locale":"en_US","og_type":"article","og_title":"Enrutador potente CCR2004-16G-2S+ - Tecplan","og_description":"Este enrutador potente y asequible supera a todos los modelos CCR anteriores en rendimiento de un solo n\u00facleo.\u00a016 puertos Gigabit Ethernet, 2 jaulas SFP+ de 10G, enfriamiento activo y el mejor rendimiento de un solo n\u00facleo por vatio y el mejor rendimiento general por vatio entre todos los dispositivos CCR.","og_url":"https:\/\/tecplan.com.es\/en\/product\/enrutador-potente-ccr2004-16g-2s\/","og_site_name":"Tecplan","article_modified_time":"2025-08-08T22:52:31+00:00","og_image":[{"width":2000,"height":2000,"url":"https:\/\/tecplan.com.es\/wp-content\/uploads\/2025\/08\/CCR2004-16G-2S-01.jpg","type":"image\/jpeg"}],"twitter_card":"summary_large_image","twitter_misc":{"Est. reading time":"3 minutes"},"schema":{"@context":"https:\/\/schema.org","@graph":[{"@type":"WebPage","@id":"https:\/\/tecplan.com.es\/product\/enrutador-potente-ccr2004-16g-2s\/","url":"https:\/\/tecplan.com.es\/product\/enrutador-potente-ccr2004-16g-2s\/","name":"Enrutador potente CCR2004-16G-2S+ - Tecplan","isPartOf":{"@id":"https:\/\/tecplan.com.es\/#website"},"primaryImageOfPage":{"@id":"https:\/\/tecplan.com.es\/product\/enrutador-potente-ccr2004-16g-2s\/#primaryimage"},"image":{"@id":"https:\/\/tecplan.com.es\/product\/enrutador-potente-ccr2004-16g-2s\/#primaryimage"},"thumbnailUrl":"https:\/\/tecplan.com.es\/wp-content\/uploads\/2025\/08\/CCR2004-16G-2S-01.jpg","datePublished":"2025-08-08T22:51:40+00:00","dateModified":"2025-08-08T22:52:31+00:00","breadcrumb":{"@id":"https:\/\/tecplan.com.es\/product\/enrutador-potente-ccr2004-16g-2s\/#breadcrumb"},"inLanguage":"en-US","potentialAction":[{"@type":"ReadAction","target":["https:\/\/tecplan.com.es\/product\/enrutador-potente-ccr2004-16g-2s\/"]}]},{"@type":"ImageObject","inLanguage":"en-US","@id":"https:\/\/tecplan.com.es\/product\/enrutador-potente-ccr2004-16g-2s\/#primaryimage","url":"https:\/\/tecplan.com.es\/wp-content\/uploads\/2025\/08\/CCR2004-16G-2S-01.jpg","contentUrl":"https:\/\/tecplan.com.es\/wp-content\/uploads\/2025\/08\/CCR2004-16G-2S-01.jpg","width":2000,"height":2000},{"@type":"BreadcrumbList","@id":"https:\/\/tecplan.com.es\/product\/enrutador-potente-ccr2004-16g-2s\/#breadcrumb","itemListElement":[{"@type":"ListItem","position":1,"name":"Home","item":"https:\/\/tecplan.com.es\/"},{"@type":"ListItem","position":2,"name":"Shop","item":"https:\/\/tecplan.com.es\/shop\/"},{"@type":"ListItem","position":3,"name":"Enrutador potente CCR2004-16G-2S+"}]},{"@type":"WebSite","@id":"https:\/\/tecplan.com.es\/#website","url":"https:\/\/tecplan.com.es\/","name":"Tecplan","description":"","potentialAction":[{"@type":"SearchAction","target":{"@type":"EntryPoint","urlTemplate":"https:\/\/tecplan.com.es\/?s={search_term_string}"},"query-input":{"@type":"PropertyValueSpecification","valueRequired":true,"valueName":"search_term_string"}}],"inLanguage":"en-US"}]}},"_links":{"self":[{"href":"https:\/\/tecplan.com.es\/en\/wp-json\/wp\/v2\/product\/2425","targetHints":{"allow":["GET"]}}],"collection":[{"href":"https:\/\/tecplan.com.es\/en\/wp-json\/wp\/v2\/product"}],"about":[{"href":"https:\/\/tecplan.com.es\/en\/wp-json\/wp\/v2\/types\/product"}],"replies":[{"embeddable":true,"href":"https:\/\/tecplan.com.es\/en\/wp-json\/wp\/v2\/comments?post=2425"}],"version-history":[{"count":2,"href":"https:\/\/tecplan.com.es\/en\/wp-json\/wp\/v2\/product\/2425\/revisions"}],"predecessor-version":[{"id":2429,"href":"https:\/\/tecplan.com.es\/en\/wp-json\/wp\/v2\/product\/2425\/revisions\/2429"}],"wp:featuredmedia":[{"embeddable":true,"href":"https:\/\/tecplan.com.es\/en\/wp-json\/wp\/v2\/media\/2427"}],"wp:attachment":[{"href":"https:\/\/tecplan.com.es\/en\/wp-json\/wp\/v2\/media?parent=2425"}],"wp:term":[{"taxonomy":"product_brand","embeddable":true,"href":"https:\/\/tecplan.com.es\/en\/wp-json\/wp\/v2\/product_brand?post=2425"},{"taxonomy":"product_cat","embeddable":true,"href":"https:\/\/tecplan.com.es\/en\/wp-json\/wp\/v2\/product_cat?post=2425"},{"taxonomy":"product_tag","embeddable":true,"href":"https:\/\/tecplan.com.es\/en\/wp-json\/wp\/v2\/product_tag?post=2425"}],"curies":[{"name":"wp","href":"https:\/\/api.w.org\/{rel}","templated":true}]}}