{"id":2419,"date":"2025-08-08T22:34:01","date_gmt":"2025-08-08T22:34:01","guid":{"rendered":"https:\/\/tecplan.com.es\/?post_type=product&#038;p=2419"},"modified":"2025-08-08T22:34:01","modified_gmt":"2025-08-08T22:34:01","slug":"router-con-18-puertos-ccr2004-16g-2spc","status":"publish","type":"product","link":"https:\/\/tecplan.com.es\/en\/product\/router-con-18-puertos-ccr2004-16g-2spc\/","title":{"rendered":"Router con 18 puertos  CCR2004-16G-2S+PC"},"content":{"rendered":"<p style=\"text-align: justify;\">Al igual que los otros modelos de la serie CCR2004, este CCR tambi\u00e9n cuenta con la <b>CPU Alpine v2 de Amazon Annapurna Labs con 4 n\u00facleos ARMv8-A Cortex-A57 de 64 bits<\/b>\u00a0.\u00a0Mientras esta CPU funciona a 1,2 GHz, el enrutador puede ser 3 veces m\u00e1s r\u00e1pido que los CCR de la generaci\u00f3n anterior.\u00a0Esta es la potencia silenciosa.\u00a0Disfrute de todo el poder de un CCR real en paz y tranquilidad.\u00a0<b>\u00a1Desh\u00e1gase de todo el zumbido de su oficina, estudio, sala de servidores o laboratorio dom\u00e9stico sin sacrificar el rendimiento!<\/b><\/p>\n<p style=\"text-align: justify;\">El nuevo enrutador tiene 18 puertos cableados, incluidos 16 puertos Gigabit Ethernet y dos jaulas 10G SFP+.\u00a0Tambi\u00e9n tiene un puerto de consola RJ-45 en el panel frontal.<\/p>\n<p style=\"text-align: justify;\">Cada grupo de 8 puertos Gigabit Ethernet est\u00e1 conectado a un chip conmutador de la familia Marvell Amethyst separado.\u00a0Cada chip de conmutador tiene una\u00a0<b>l\u00ednea de d\u00faplex completo de 10 Gbps<\/b>\u00a0conectada a la CPU.\u00a0Lo mismo ocurre con cada jaula SFP+: una l\u00ednea independiente de d\u00faplex completo de 10 Gbps.\u00a0Las placas vienen con 4 GB de RAM DDR4 y 128 MB de almacenamiento NAND.<\/p>\n<p style=\"text-align: justify;\">Entonces, como puede ver, no hay cuellos de botella.\u00a0Siempre que la CPU pueda manejar el procesamiento, todos los puertos pueden alcanzar la velocidad de cable.\u00a0Y esta CPU es una bestia que puede manejar mucho.\u00a0Si observamos el rendimiento, puede ver que est\u00e1 intercambiando golpes con nuestro CCR1009.<\/p>\n<p style=\"text-align: justify;\">\u00bfLa mejor parte?\u00a0Este nuevo CCR se encuentra entre las opciones m\u00e1s asequibles que existen, no solo dentro de la serie CCR, sino en el mercado en general.\u00a0Una de las formas m\u00e1s comunes de utilizar este dispositivo ser\u00eda: puertos Gigabit Ethernet para la red interna;\u00a0Puertos SFP+ para enlace descendente y ascendente.\u00a0La soluci\u00f3n todo en uno perfecta para peque\u00f1as y medianas empresas.\u00a0F\u00e1cil y eficiente.<\/p>\n<p style=\"text-align: justify;\"><b>Con el nuevo CCR2004, puede llevar la red de su oficina al siguiente nivel.\u00a0Sin romper el banco.<\/b><\/p>\n<h2>Specs<\/h2>\n<table class=\"table product-table\">\n<thead>\n<tr>\n<th colspan=\"2\">Details<\/th>\n<\/tr>\n<\/thead>\n<tbody>\n<tr>\n<td>Details<\/td>\n<td>CCR2004-16G-2S+PC<\/td>\n<\/tr>\n<tr>\n<td>Architecture<\/td>\n<td>brazo de 64 bits<\/td>\n<\/tr>\n<tr>\n<td>UPC<\/td>\n<td>AL32400<\/td>\n<\/tr>\n<tr>\n<td>CPU core count<\/td>\n<td>4<\/td>\n<\/tr>\n<tr>\n<td>CPU nominal frequency<\/td>\n<td>1200 MHz<\/td>\n<\/tr>\n<tr>\n<td>Cambiar el modelo de chip<\/td>\n<td>88E6191<\/td>\n<\/tr>\n<tr>\n<td>Dimensions<\/td>\n<td>272 x 195 x 44 mm<\/td>\n<\/tr>\n<tr>\n<td>Router operating system license<\/td>\n<td>6<\/td>\n<\/tr>\n<tr>\n<td>Operating system<\/td>\n<td>RouterOS (solo v7)<\/td>\n<\/tr>\n<tr>\n<td>RAM size<\/td>\n<td>4 GB<\/td>\n<\/tr>\n<tr>\n<td>Storage size<\/td>\n<td>128 MB<\/td>\n<\/tr>\n<tr>\n<td>Tipo de almacenamiento<\/td>\n<td>NAND<\/td>\n<\/tr>\n<tr>\n<td>MTBF<\/td>\n<td>Aproximadamente 200\u2019000 horas a 25C<\/td>\n<\/tr>\n<tr>\n<td>Tested ambient temperature<\/td>\n<td>-20\u00b0C a 60\u00b0C<\/td>\n<\/tr>\n<tr>\n<td>Aceleraci\u00f3n de hardware IPsec<\/td>\n<td>S\u00ed<\/td>\n<\/tr>\n<\/tbody>\n<\/table>\n<p><!--more--><\/p>\n<h5 style=\"text-align: justify;\"><span style=\"text-decoration: underline;\"><strong>DOWNLOADS<\/strong><\/span><\/h5>\n<ul style=\"text-align: justify;\">\n<li><a href=\"https:\/\/drive.google.com\/file\/d\/10hl5UO_UIKjHyl-UV1RE_bRctbqoXelb\/view?usp=sharing\">\u2192 Technical specifications<\/a><\/li>\n<\/ul>","protected":false},"excerpt":{"rendered":"<p style=\"text-align: justify;\">Hasta un 300 % m\u00e1s r\u00e1pido que los enrutadores CCR1009 anteriores, \u00a1en un maravilloso silencio!\u00a0El lujo que te mereces por el precio que puedes pagar.\u00a016 puertos Gigabit Ethernet, 2 jaulas SFP+ de 10 G.<\/p>\n<p><img decoding=\"async\" class=\"wp-image-2211 aligncenter\" src=\"https:\/\/tecplan.com.es\/wp-content\/uploads\/2025\/07\/2560px-MikroTik_logo-300x73.png\" alt=\"\" width=\"156\" height=\"38\" srcset=\"https:\/\/tecplan.com.es\/wp-content\/uploads\/2025\/07\/2560px-MikroTik_logo-300x73.png 300w, https:\/\/tecplan.com.es\/wp-content\/uploads\/2025\/07\/2560px-MikroTik_logo-1024x250.png 1024w, https:\/\/tecplan.com.es\/wp-content\/uploads\/2025\/07\/2560px-MikroTik_logo-768x187.png 768w, https:\/\/tecplan.com.es\/wp-content\/uploads\/2025\/07\/2560px-MikroTik_logo-1536x374.png 1536w, https:\/\/tecplan.com.es\/wp-content\/uploads\/2025\/07\/2560px-MikroTik_logo-2048x499.png 2048w, https:\/\/tecplan.com.es\/wp-content\/uploads\/2025\/07\/2560px-MikroTik_logo-18x4.png 18w, https:\/\/tecplan.com.es\/wp-content\/uploads\/2025\/07\/2560px-MikroTik_logo-600x146.png 600w\" sizes=\"(max-width: 156px) 100vw, 156px\" \/><\/p>","protected":false},"featured_media":2420,"comment_status":"open","ping_status":"closed","template":"","meta":{"site-sidebar-layout":"default","site-content-layout":"","ast-site-content-layout":"default","site-content-style":"default","site-sidebar-style":"default","ast-global-header-display":"","ast-banner-title-visibility":"","ast-main-header-display":"","ast-hfb-above-header-display":"","ast-hfb-below-header-display":"","ast-hfb-mobile-header-display":"","site-post-title":"","ast-breadcrumbs-content":"","ast-featured-img":"","footer-sml-layout":"","ast-disable-related-posts":"","theme-transparent-header-meta":"default","adv-header-id-meta":"","stick-header-meta":"","header-above-stick-meta":"","header-main-stick-meta":"","header-below-stick-meta":"","astra-migrate-meta-layouts":"set","ast-page-background-enabled":"default","ast-page-background-meta":{"desktop":{"background-color":"var(--ast-global-color-5)","background-image":"","background-repeat":"repeat","background-position":"center center","background-size":"auto","background-attachment":"scroll","background-type":"","background-media":"","overlay-type":"","overlay-color":"","overlay-opacity":"","overlay-gradient":""},"tablet":{"background-color":"","background-image":"","background-repeat":"repeat","background-position":"center center","background-size":"auto","background-attachment":"scroll","background-type":"","background-media":"","overlay-type":"","overlay-color":"","overlay-opacity":"","overlay-gradient":""},"mobile":{"background-color":"","background-image":"","background-repeat":"repeat","background-position":"center center","background-size":"auto","background-attachment":"scroll","background-type":"","background-media":"","overlay-type":"","overlay-color":"","overlay-opacity":"","overlay-gradient":""}},"ast-content-background-meta":{"desktop":{"background-color":"var(--ast-global-color-4)","background-image":"","background-repeat":"repeat","background-position":"center center","background-size":"auto","background-attachment":"scroll","background-type":"","background-media":"","overlay-type":"","overlay-color":"","overlay-opacity":"","overlay-gradient":""},"tablet":{"background-color":"var(--ast-global-color-4)","background-image":"","background-repeat":"repeat","background-position":"center center","background-size":"auto","background-attachment":"scroll","background-type":"","background-media":"","overlay-type":"","overlay-color":"","overlay-opacity":"","overlay-gradient":""},"mobile":{"background-color":"var(--ast-global-color-4)","background-image":"","background-repeat":"repeat","background-position":"center center","background-size":"auto","background-attachment":"scroll","background-type":"","background-media":"","overlay-type":"","overlay-color":"","overlay-opacity":"","overlay-gradient":""}}},"product_brand":[243],"product_cat":[125,96],"product_tag":[212],"class_list":{"0":"post-2419","1":"product","2":"type-product","3":"status-publish","4":"has-post-thumbnail","6":"product_brand-mikrotik","7":"product_cat-mikrotik","8":"product_cat-networking","9":"product_tag-mikrotik","10":"desktop-align-left","11":"tablet-align-left","12":"mobile-align-left","14":"first","15":"instock","16":"shipping-taxable","17":"product-type-simple"},"yoast_head":"<!-- This site is optimized with the Yoast SEO plugin v25.3 - https:\/\/yoast.com\/wordpress\/plugins\/seo\/ -->\n<title>Router con 18 puertos CCR2004-16G-2S+PC - Tecplan<\/title>\n<meta name=\"robots\" content=\"index, follow, max-snippet:-1, max-image-preview:large, max-video-preview:-1\" \/>\n<link rel=\"canonical\" href=\"https:\/\/tecplan.com.es\/en\/product\/router-con-18-puertos-ccr2004-16g-2spc\/\" \/>\n<meta property=\"og:locale\" content=\"en_US\" \/>\n<meta property=\"og:type\" content=\"article\" \/>\n<meta property=\"og:title\" content=\"Router con 18 puertos CCR2004-16G-2S+PC - Tecplan\" \/>\n<meta property=\"og:description\" content=\"Hasta un 300 % m\u00e1s r\u00e1pido que los enrutadores CCR1009 anteriores, \u00a1en un maravilloso silencio!\u00a0El lujo que te mereces por el precio que puedes pagar.\u00a016 puertos Gigabit Ethernet, 2 jaulas SFP+ de 10 G.\" \/>\n<meta property=\"og:url\" content=\"https:\/\/tecplan.com.es\/en\/product\/router-con-18-puertos-ccr2004-16g-2spc\/\" \/>\n<meta property=\"og:site_name\" content=\"Tecplan\" \/>\n<meta property=\"og:image\" content=\"https:\/\/tecplan.com.es\/wp-content\/uploads\/2025\/08\/CCR2004-16G-2SPC-03.jpg\" \/>\n\t<meta property=\"og:image:width\" content=\"2000\" \/>\n\t<meta property=\"og:image:height\" content=\"2000\" \/>\n\t<meta property=\"og:image:type\" content=\"image\/jpeg\" \/>\n<meta name=\"twitter:card\" content=\"summary_large_image\" \/>\n<meta name=\"twitter:label1\" content=\"Est. reading time\" \/>\n\t<meta name=\"twitter:data1\" content=\"3 minutes\" \/>\n<script type=\"application\/ld+json\" class=\"yoast-schema-graph\">{\"@context\":\"https:\/\/schema.org\",\"@graph\":[{\"@type\":\"WebPage\",\"@id\":\"https:\/\/tecplan.com.es\/product\/router-con-18-puertos-ccr2004-16g-2spc\/\",\"url\":\"https:\/\/tecplan.com.es\/product\/router-con-18-puertos-ccr2004-16g-2spc\/\",\"name\":\"Router con 18 puertos CCR2004-16G-2S+PC - Tecplan\",\"isPartOf\":{\"@id\":\"https:\/\/tecplan.com.es\/#website\"},\"primaryImageOfPage\":{\"@id\":\"https:\/\/tecplan.com.es\/product\/router-con-18-puertos-ccr2004-16g-2spc\/#primaryimage\"},\"image\":{\"@id\":\"https:\/\/tecplan.com.es\/product\/router-con-18-puertos-ccr2004-16g-2spc\/#primaryimage\"},\"thumbnailUrl\":\"https:\/\/tecplan.com.es\/wp-content\/uploads\/2025\/08\/CCR2004-16G-2SPC-03.jpg\",\"datePublished\":\"2025-08-08T22:34:01+00:00\",\"breadcrumb\":{\"@id\":\"https:\/\/tecplan.com.es\/product\/router-con-18-puertos-ccr2004-16g-2spc\/#breadcrumb\"},\"inLanguage\":\"en-US\",\"potentialAction\":[{\"@type\":\"ReadAction\",\"target\":[\"https:\/\/tecplan.com.es\/product\/router-con-18-puertos-ccr2004-16g-2spc\/\"]}]},{\"@type\":\"ImageObject\",\"inLanguage\":\"en-US\",\"@id\":\"https:\/\/tecplan.com.es\/product\/router-con-18-puertos-ccr2004-16g-2spc\/#primaryimage\",\"url\":\"https:\/\/tecplan.com.es\/wp-content\/uploads\/2025\/08\/CCR2004-16G-2SPC-03.jpg\",\"contentUrl\":\"https:\/\/tecplan.com.es\/wp-content\/uploads\/2025\/08\/CCR2004-16G-2SPC-03.jpg\",\"width\":2000,\"height\":2000},{\"@type\":\"BreadcrumbList\",\"@id\":\"https:\/\/tecplan.com.es\/product\/router-con-18-puertos-ccr2004-16g-2spc\/#breadcrumb\",\"itemListElement\":[{\"@type\":\"ListItem\",\"position\":1,\"name\":\"Home\",\"item\":\"https:\/\/tecplan.com.es\/\"},{\"@type\":\"ListItem\",\"position\":2,\"name\":\"Shop\",\"item\":\"https:\/\/tecplan.com.es\/shop\/\"},{\"@type\":\"ListItem\",\"position\":3,\"name\":\"Router con 18 puertos CCR2004-16G-2S+PC\"}]},{\"@type\":\"WebSite\",\"@id\":\"https:\/\/tecplan.com.es\/#website\",\"url\":\"https:\/\/tecplan.com.es\/\",\"name\":\"Tecplan\",\"description\":\"\",\"potentialAction\":[{\"@type\":\"SearchAction\",\"target\":{\"@type\":\"EntryPoint\",\"urlTemplate\":\"https:\/\/tecplan.com.es\/?s={search_term_string}\"},\"query-input\":{\"@type\":\"PropertyValueSpecification\",\"valueRequired\":true,\"valueName\":\"search_term_string\"}}],\"inLanguage\":\"en-US\"}]}<\/script>\n<!-- \/ Yoast SEO plugin. -->","yoast_head_json":{"title":"Router con 18 puertos CCR2004-16G-2S+PC - Tecplan","robots":{"index":"index","follow":"follow","max-snippet":"max-snippet:-1","max-image-preview":"max-image-preview:large","max-video-preview":"max-video-preview:-1"},"canonical":"https:\/\/tecplan.com.es\/en\/product\/router-con-18-puertos-ccr2004-16g-2spc\/","og_locale":"en_US","og_type":"article","og_title":"Router con 18 puertos CCR2004-16G-2S+PC - Tecplan","og_description":"Hasta un 300 % m\u00e1s r\u00e1pido que los enrutadores CCR1009 anteriores, \u00a1en un maravilloso silencio!\u00a0El lujo que te mereces por el precio que puedes pagar.\u00a016 puertos Gigabit Ethernet, 2 jaulas SFP+ de 10 G.","og_url":"https:\/\/tecplan.com.es\/en\/product\/router-con-18-puertos-ccr2004-16g-2spc\/","og_site_name":"Tecplan","og_image":[{"width":2000,"height":2000,"url":"https:\/\/tecplan.com.es\/wp-content\/uploads\/2025\/08\/CCR2004-16G-2SPC-03.jpg","type":"image\/jpeg"}],"twitter_card":"summary_large_image","twitter_misc":{"Est. reading time":"3 minutes"},"schema":{"@context":"https:\/\/schema.org","@graph":[{"@type":"WebPage","@id":"https:\/\/tecplan.com.es\/product\/router-con-18-puertos-ccr2004-16g-2spc\/","url":"https:\/\/tecplan.com.es\/product\/router-con-18-puertos-ccr2004-16g-2spc\/","name":"Router con 18 puertos CCR2004-16G-2S+PC - Tecplan","isPartOf":{"@id":"https:\/\/tecplan.com.es\/#website"},"primaryImageOfPage":{"@id":"https:\/\/tecplan.com.es\/product\/router-con-18-puertos-ccr2004-16g-2spc\/#primaryimage"},"image":{"@id":"https:\/\/tecplan.com.es\/product\/router-con-18-puertos-ccr2004-16g-2spc\/#primaryimage"},"thumbnailUrl":"https:\/\/tecplan.com.es\/wp-content\/uploads\/2025\/08\/CCR2004-16G-2SPC-03.jpg","datePublished":"2025-08-08T22:34:01+00:00","breadcrumb":{"@id":"https:\/\/tecplan.com.es\/product\/router-con-18-puertos-ccr2004-16g-2spc\/#breadcrumb"},"inLanguage":"en-US","potentialAction":[{"@type":"ReadAction","target":["https:\/\/tecplan.com.es\/product\/router-con-18-puertos-ccr2004-16g-2spc\/"]}]},{"@type":"ImageObject","inLanguage":"en-US","@id":"https:\/\/tecplan.com.es\/product\/router-con-18-puertos-ccr2004-16g-2spc\/#primaryimage","url":"https:\/\/tecplan.com.es\/wp-content\/uploads\/2025\/08\/CCR2004-16G-2SPC-03.jpg","contentUrl":"https:\/\/tecplan.com.es\/wp-content\/uploads\/2025\/08\/CCR2004-16G-2SPC-03.jpg","width":2000,"height":2000},{"@type":"BreadcrumbList","@id":"https:\/\/tecplan.com.es\/product\/router-con-18-puertos-ccr2004-16g-2spc\/#breadcrumb","itemListElement":[{"@type":"ListItem","position":1,"name":"Home","item":"https:\/\/tecplan.com.es\/"},{"@type":"ListItem","position":2,"name":"Shop","item":"https:\/\/tecplan.com.es\/shop\/"},{"@type":"ListItem","position":3,"name":"Router con 18 puertos CCR2004-16G-2S+PC"}]},{"@type":"WebSite","@id":"https:\/\/tecplan.com.es\/#website","url":"https:\/\/tecplan.com.es\/","name":"Tecplan","description":"","potentialAction":[{"@type":"SearchAction","target":{"@type":"EntryPoint","urlTemplate":"https:\/\/tecplan.com.es\/?s={search_term_string}"},"query-input":{"@type":"PropertyValueSpecification","valueRequired":true,"valueName":"search_term_string"}}],"inLanguage":"en-US"}]}},"_links":{"self":[{"href":"https:\/\/tecplan.com.es\/en\/wp-json\/wp\/v2\/product\/2419","targetHints":{"allow":["GET"]}}],"collection":[{"href":"https:\/\/tecplan.com.es\/en\/wp-json\/wp\/v2\/product"}],"about":[{"href":"https:\/\/tecplan.com.es\/en\/wp-json\/wp\/v2\/types\/product"}],"replies":[{"embeddable":true,"href":"https:\/\/tecplan.com.es\/en\/wp-json\/wp\/v2\/comments?post=2419"}],"version-history":[{"count":2,"href":"https:\/\/tecplan.com.es\/en\/wp-json\/wp\/v2\/product\/2419\/revisions"}],"predecessor-version":[{"id":2424,"href":"https:\/\/tecplan.com.es\/en\/wp-json\/wp\/v2\/product\/2419\/revisions\/2424"}],"wp:featuredmedia":[{"embeddable":true,"href":"https:\/\/tecplan.com.es\/en\/wp-json\/wp\/v2\/media\/2420"}],"wp:attachment":[{"href":"https:\/\/tecplan.com.es\/en\/wp-json\/wp\/v2\/media?parent=2419"}],"wp:term":[{"taxonomy":"product_brand","embeddable":true,"href":"https:\/\/tecplan.com.es\/en\/wp-json\/wp\/v2\/product_brand?post=2419"},{"taxonomy":"product_cat","embeddable":true,"href":"https:\/\/tecplan.com.es\/en\/wp-json\/wp\/v2\/product_cat?post=2419"},{"taxonomy":"product_tag","embeddable":true,"href":"https:\/\/tecplan.com.es\/en\/wp-json\/wp\/v2\/product_tag?post=2419"}],"curies":[{"name":"wp","href":"https:\/\/api.w.org\/{rel}","templated":true}]}}