{"id":2413,"date":"2025-08-08T22:21:32","date_gmt":"2025-08-08T22:21:32","guid":{"rendered":"https:\/\/tecplan.com.es\/?post_type=product&#038;p=2413"},"modified":"2025-08-08T22:21:32","modified_gmt":"2025-08-08T22:21:32","slug":"unifi-pro-24-port-poe-switch","status":"publish","type":"product","link":"https:\/\/tecplan.com.es\/en\/product\/unifi-pro-24-port-poe-switch\/","title":{"rendered":"UniFi Pro 24-Port PoE Switch"},"content":{"rendered":"<div>\n<div class=\"productDescription_UbV5SNP5Eo\" data-selenium=\"overviewLongDescription\">\n<div class=\"js-injected-html text_UbV5SNP5Eo\">\n<p style=\"text-align: justify;\">Ampl\u00ede la capacidad de su red con el\u00a0<b>conmutador gestionado Gigabit UniFi Switch PRO de 24 puertos<\/b>\u00a0de\u00a0<b>Ubiquiti Networks<\/b>.\u00a0Adem\u00e1s de los 24 puertos Gigabit Ethernet, este conmutador completamente administrado incluye dos puertos SFP+ de 10 Gb para conexiones de fibra de alta velocidad a dispositivos compatibles y enlaces ascendentes.\u00a0El UniFi Switch Pro 24 presenta capacidades de Capa 2 junto con funciones integradas de Capa 3, como enrutamiento entre VLAN, enrutamiento est\u00e1tico y un servidor DHCP.\u00a0Tambi\u00e9n incluye una pantalla t\u00e1ctil integrada de 1.3\u2033 que muestra informaci\u00f3n del sistema para un monitoreo conveniente. El interruptor se enfr\u00eda pasivamente para una operaci\u00f3n casi silenciosa y es compatible con un sistema de alimentaci\u00f3n redundante opcional UniFi SmartPower para mayor tranquilidad en caso de interrupciones. Puede configurar y administre el UniFi Switch Pro 24 a trav\u00e9s de la interfaz del controlador de red UniFi y la aplicaci\u00f3n m\u00f3vil desde casi cualquier lugar.<\/p>\n<\/div>\n<\/div>\n<\/div>\n<div class=\"feature_UbV5SNP5Eo\">\n<div class=\"feature_UbV5SNP5Eo\">\n<div style=\"text-align: justify;\">\n<div class=\"feature_UbV5SNP5Eo\">\n<div class=\"featureHeader_UbV5SNP5Eo\">\n<div class=\"text_TAw0W35QK_ comfy_TAw0W35QK_ sizeTitle2_TAw0W35QK_ weightNormal_TAw0W35QK_ primary_i3MsQsqoe0\"><strong>Alta conectividad<\/strong><\/div>\n<\/div>\n<div>\n<div class=\"js-injected-html text_UbV5SNP5Eo\">El UniFi Switch PRO incluye 24 puertos Gigabit Ethernet y dos puertos SFP+ de 10 Gb para conexiones de fibra de alta velocidad.<\/div>\n<\/div>\n<\/div>\n<\/div>\n<div style=\"text-align: justify;\">\n<div class=\"feature_UbV5SNP5Eo\">\n<div class=\"featureHeader_UbV5SNP5Eo\">\n<div class=\"text_TAw0W35QK_ comfy_TAw0W35QK_ sizeTitle2_TAw0W35QK_ weightNormal_TAw0W35QK_ primary_i3MsQsqoe0\"><strong>Funciones de capa 2 y capa 3<\/strong><\/div>\n<\/div>\n<div>\n<div class=\"js-injected-html text_UbV5SNP5Eo\">Las funciones integradas de capa 2 y capa 3 incluyen enrutamiento entre VLAN, enrutamiento est\u00e1tico, servidor DHCP y m\u00e1s.<\/div>\n<\/div>\n<\/div>\n<\/div>\n<div style=\"text-align: justify;\">\n<div class=\"feature_UbV5SNP5Eo\">\n<div class=\"featureHeader_UbV5SNP5Eo\">\n<div class=\"text_TAw0W35QK_ comfy_TAw0W35QK_ sizeTitle2_TAw0W35QK_ weightNormal_TAw0W35QK_ primary_i3MsQsqoe0\"><strong>Pantalla t\u00e1ctil<\/strong><\/div>\n<\/div>\n<div>\n<div class=\"js-injected-html text_UbV5SNP5Eo\">Una pantalla t\u00e1ctil integrada de 1,3\u2033 le permite monitorear convenientemente la informaci\u00f3n del sistema.<\/div>\n<\/div>\n<\/div>\n<\/div>\n<div style=\"text-align: justify;\">\n<div class=\"feature_UbV5SNP5Eo\">\n<div class=\"featureHeader_UbV5SNP5Eo\">\n<div class=\"text_TAw0W35QK_ comfy_TAw0W35QK_ sizeTitle2_TAw0W35QK_ weightNormal_TAw0W35QK_ primary_i3MsQsqoe0\"><strong>Refrigeraci\u00f3n silenciosa<\/strong><\/div>\n<\/div>\n<div>\n<div class=\"js-injected-html text_UbV5SNP5Eo\">El UniFi Switch PRO 24 utiliza refrigeraci\u00f3n pasiva para un funcionamiento casi silencioso.<\/div>\n<\/div>\n<\/div>\n<\/div>\n<div style=\"text-align: justify;\">\n<div class=\"feature_UbV5SNP5Eo\">\n<div class=\"featureHeader_UbV5SNP5Eo\">\n<div class=\"text_TAw0W35QK_ comfy_TAw0W35QK_ sizeTitle2_TAw0W35QK_ weightNormal_TAw0W35QK_ primary_i3MsQsqoe0\"><strong>UniFi Smart Power<\/strong><\/div>\n<\/div>\n<div>\n<div class=\"js-injected-html text_UbV5SNP5Eo\">Agregue una fuente de alimentaci\u00f3n redundante opcional UniFi SmartPower para su tranquilidad en caso de cortes.<\/div>\n<\/div>\n<\/div>\n<\/div>\n<div>\n<div class=\"feature_UbV5SNP5Eo\">\n<div class=\"featureHeader_UbV5SNP5Eo\" style=\"text-align: justify;\">\n<div class=\"text_TAw0W35QK_ comfy_TAw0W35QK_ sizeTitle2_TAw0W35QK_ weightNormal_TAw0W35QK_ primary_i3MsQsqoe0\"><strong>Controlador de red UniFi<\/strong><\/div>\n<\/div>\n<div>\n<div class=\"js-injected-html text_UbV5SNP5Eo\" style=\"text-align: justify;\">El uso de la interfaz de computadora y la aplicaci\u00f3n m\u00f3vil UniFi Network Controller le permite configurar, controlar y monitorear sus dispositivos de red desde casi cualquier lugar. Las caracter\u00edsticas incluyen.<\/div>\n<div><\/div>\n<\/div>\n<\/div>\n<\/div>\n<\/div>\n<\/div>\n<p><!--more--><\/p>\n<h5 style=\"text-align: justify;\"><span style=\"text-decoration: underline;\"><strong>DOWNLOADS<\/strong><\/span><\/h5>\n<ul style=\"text-align: justify;\">\n<li><a href=\"https:\/\/drive.google.com\/file\/d\/125WNSyra3R3iozMkdqTVy32R7UwCJZqv\/view?usp=sharing\">\u2192 Technical specifications<\/a><\/li>\n<\/ul>","protected":false},"excerpt":{"rendered":"<p style=\"text-align: justify;\">Ampl\u00ede la capacidad de su red con el\u00a0<b>conmutador gestionado Gigabit UniFi Switch PRO de 24 puertos<\/b>\u00a0de\u00a0<b>Ubiquiti Networks<\/b>.\u00a0Adem\u00e1s de los 24 puertos Gigabit Ethernet, este conmutador completamente administrado incluye dos puertos SFP+ de 10 Gb para conexiones de fibra de alta velocidad a dispositivos compatibles y enlaces ascendentes.<\/p>\n<p><img decoding=\"async\" class=\"wp-image-2370 aligncenter\" src=\"https:\/\/tecplan.com.es\/wp-content\/uploads\/2025\/07\/Ubiquiti_Networks-300x200.png\" alt=\"\" width=\"179\" height=\"119\" srcset=\"https:\/\/tecplan.com.es\/wp-content\/uploads\/2025\/07\/Ubiquiti_Networks-300x200.png 300w, https:\/\/tecplan.com.es\/wp-content\/uploads\/2025\/07\/Ubiquiti_Networks-1024x683.png 1024w, https:\/\/tecplan.com.es\/wp-content\/uploads\/2025\/07\/Ubiquiti_Networks-768x512.png 768w, https:\/\/tecplan.com.es\/wp-content\/uploads\/2025\/07\/Ubiquiti_Networks-1536x1024.png 1536w, https:\/\/tecplan.com.es\/wp-content\/uploads\/2025\/07\/Ubiquiti_Networks-2048x1365.png 2048w, https:\/\/tecplan.com.es\/wp-content\/uploads\/2025\/07\/Ubiquiti_Networks-18x12.png 18w, https:\/\/tecplan.com.es\/wp-content\/uploads\/2025\/07\/Ubiquiti_Networks-600x400.png 600w\" sizes=\"(max-width: 179px) 100vw, 179px\" \/><\/p>","protected":false},"featured_media":2415,"comment_status":"open","ping_status":"closed","template":"","meta":{"site-sidebar-layout":"default","site-content-layout":"","ast-site-content-layout":"default","site-content-style":"default","site-sidebar-style":"default","ast-global-header-display":"","ast-banner-title-visibility":"","ast-main-header-display":"","ast-hfb-above-header-display":"","ast-hfb-below-header-display":"","ast-hfb-mobile-header-display":"","site-post-title":"","ast-breadcrumbs-content":"","ast-featured-img":"","footer-sml-layout":"","ast-disable-related-posts":"","theme-transparent-header-meta":"default","adv-header-id-meta":"","stick-header-meta":"","header-above-stick-meta":"","header-main-stick-meta":"","header-below-stick-meta":"","astra-migrate-meta-layouts":"set","ast-page-background-enabled":"default","ast-page-background-meta":{"desktop":{"background-color":"var(--ast-global-color-5)","background-image":"","background-repeat":"repeat","background-position":"center center","background-size":"auto","background-attachment":"scroll","background-type":"","background-media":"","overlay-type":"","overlay-color":"","overlay-opacity":"","overlay-gradient":""},"tablet":{"background-color":"","background-image":"","background-repeat":"repeat","background-position":"center center","background-size":"auto","background-attachment":"scroll","background-type":"","background-media":"","overlay-type":"","overlay-color":"","overlay-opacity":"","overlay-gradient":""},"mobile":{"background-color":"","background-image":"","background-repeat":"repeat","background-position":"center center","background-size":"auto","background-attachment":"scroll","background-type":"","background-media":"","overlay-type":"","overlay-color":"","overlay-opacity":"","overlay-gradient":""}},"ast-content-background-meta":{"desktop":{"background-color":"var(--ast-global-color-4)","background-image":"","background-repeat":"repeat","background-position":"center center","background-size":"auto","background-attachment":"scroll","background-type":"","background-media":"","overlay-type":"","overlay-color":"","overlay-opacity":"","overlay-gradient":""},"tablet":{"background-color":"var(--ast-global-color-4)","background-image":"","background-repeat":"repeat","background-position":"center center","background-size":"auto","background-attachment":"scroll","background-type":"","background-media":"","overlay-type":"","overlay-color":"","overlay-opacity":"","overlay-gradient":""},"mobile":{"background-color":"var(--ast-global-color-4)","background-image":"","background-repeat":"repeat","background-position":"center center","background-size":"auto","background-attachment":"scroll","background-type":"","background-media":"","overlay-type":"","overlay-color":"","overlay-opacity":"","overlay-gradient":""}}},"product_brand":[247],"product_cat":[96,111],"product_tag":[248],"class_list":{"0":"post-2413","1":"product","2":"type-product","3":"status-publish","4":"has-post-thumbnail","6":"product_brand-ubiquiti-networks","7":"product_cat-networking","8":"product_cat-ubiquiti","9":"product_tag-ubiquiti-networks","10":"desktop-align-left","11":"tablet-align-left","12":"mobile-align-left","14":"first","15":"instock","16":"shipping-taxable","17":"product-type-simple"},"yoast_head":"<!-- This site is optimized with the Yoast SEO plugin v25.3 - https:\/\/yoast.com\/wordpress\/plugins\/seo\/ -->\n<title>UniFi Pro 24-Port PoE Switch - Tecplan<\/title>\n<meta name=\"robots\" content=\"index, follow, max-snippet:-1, max-image-preview:large, max-video-preview:-1\" \/>\n<link rel=\"canonical\" href=\"https:\/\/tecplan.com.es\/en\/product\/unifi-pro-24-port-poe-switch\/\" \/>\n<meta property=\"og:locale\" content=\"en_US\" \/>\n<meta property=\"og:type\" content=\"article\" \/>\n<meta property=\"og:title\" content=\"UniFi Pro 24-Port PoE Switch - Tecplan\" \/>\n<meta property=\"og:description\" content=\"Ampl\u00ede la capacidad de su red con el\u00a0conmutador gestionado Gigabit UniFi Switch PRO de 24 puertos\u00a0de\u00a0Ubiquiti Networks.\u00a0Adem\u00e1s de los 24 puertos Gigabit Ethernet, este conmutador completamente administrado incluye dos puertos SFP+ de 10 Gb para conexiones de fibra de alta velocidad a dispositivos compatibles y enlaces ascendentes.\" \/>\n<meta property=\"og:url\" content=\"https:\/\/tecplan.com.es\/en\/product\/unifi-pro-24-port-poe-switch\/\" \/>\n<meta property=\"og:site_name\" content=\"Tecplan\" \/>\n<meta property=\"og:image\" content=\"https:\/\/tecplan.com.es\/wp-content\/uploads\/2025\/08\/ubiquiti-USW-PRO-25.jpg\" \/>\n\t<meta property=\"og:image:width\" content=\"500\" \/>\n\t<meta property=\"og:image:height\" content=\"500\" \/>\n\t<meta property=\"og:image:type\" content=\"image\/jpeg\" \/>\n<meta name=\"twitter:card\" content=\"summary_large_image\" \/>\n<meta name=\"twitter:label1\" content=\"Est. reading time\" \/>\n\t<meta name=\"twitter:data1\" content=\"2 minutes\" \/>\n<script type=\"application\/ld+json\" class=\"yoast-schema-graph\">{\"@context\":\"https:\/\/schema.org\",\"@graph\":[{\"@type\":\"WebPage\",\"@id\":\"https:\/\/tecplan.com.es\/product\/unifi-pro-24-port-poe-switch\/\",\"url\":\"https:\/\/tecplan.com.es\/product\/unifi-pro-24-port-poe-switch\/\",\"name\":\"UniFi Pro 24-Port PoE Switch - Tecplan\",\"isPartOf\":{\"@id\":\"https:\/\/tecplan.com.es\/#website\"},\"primaryImageOfPage\":{\"@id\":\"https:\/\/tecplan.com.es\/product\/unifi-pro-24-port-poe-switch\/#primaryimage\"},\"image\":{\"@id\":\"https:\/\/tecplan.com.es\/product\/unifi-pro-24-port-poe-switch\/#primaryimage\"},\"thumbnailUrl\":\"https:\/\/tecplan.com.es\/wp-content\/uploads\/2025\/08\/ubiquiti-USW-PRO-25.jpg\",\"datePublished\":\"2025-08-08T22:21:32+00:00\",\"breadcrumb\":{\"@id\":\"https:\/\/tecplan.com.es\/product\/unifi-pro-24-port-poe-switch\/#breadcrumb\"},\"inLanguage\":\"en-US\",\"potentialAction\":[{\"@type\":\"ReadAction\",\"target\":[\"https:\/\/tecplan.com.es\/product\/unifi-pro-24-port-poe-switch\/\"]}]},{\"@type\":\"ImageObject\",\"inLanguage\":\"en-US\",\"@id\":\"https:\/\/tecplan.com.es\/product\/unifi-pro-24-port-poe-switch\/#primaryimage\",\"url\":\"https:\/\/tecplan.com.es\/wp-content\/uploads\/2025\/08\/ubiquiti-USW-PRO-25.jpg\",\"contentUrl\":\"https:\/\/tecplan.com.es\/wp-content\/uploads\/2025\/08\/ubiquiti-USW-PRO-25.jpg\",\"width\":500,\"height\":500},{\"@type\":\"BreadcrumbList\",\"@id\":\"https:\/\/tecplan.com.es\/product\/unifi-pro-24-port-poe-switch\/#breadcrumb\",\"itemListElement\":[{\"@type\":\"ListItem\",\"position\":1,\"name\":\"Home\",\"item\":\"https:\/\/tecplan.com.es\/\"},{\"@type\":\"ListItem\",\"position\":2,\"name\":\"Shop\",\"item\":\"https:\/\/tecplan.com.es\/shop\/\"},{\"@type\":\"ListItem\",\"position\":3,\"name\":\"UniFi Pro 24-Port PoE Switch\"}]},{\"@type\":\"WebSite\",\"@id\":\"https:\/\/tecplan.com.es\/#website\",\"url\":\"https:\/\/tecplan.com.es\/\",\"name\":\"Tecplan\",\"description\":\"\",\"potentialAction\":[{\"@type\":\"SearchAction\",\"target\":{\"@type\":\"EntryPoint\",\"urlTemplate\":\"https:\/\/tecplan.com.es\/?s={search_term_string}\"},\"query-input\":{\"@type\":\"PropertyValueSpecification\",\"valueRequired\":true,\"valueName\":\"search_term_string\"}}],\"inLanguage\":\"en-US\"}]}<\/script>\n<!-- \/ Yoast SEO plugin. -->","yoast_head_json":{"title":"UniFi Pro 24-Port PoE Switch - Tecplan","robots":{"index":"index","follow":"follow","max-snippet":"max-snippet:-1","max-image-preview":"max-image-preview:large","max-video-preview":"max-video-preview:-1"},"canonical":"https:\/\/tecplan.com.es\/en\/product\/unifi-pro-24-port-poe-switch\/","og_locale":"en_US","og_type":"article","og_title":"UniFi Pro 24-Port PoE Switch - Tecplan","og_description":"Ampl\u00ede la capacidad de su red con el\u00a0conmutador gestionado Gigabit UniFi Switch PRO de 24 puertos\u00a0de\u00a0Ubiquiti Networks.\u00a0Adem\u00e1s de los 24 puertos Gigabit Ethernet, este conmutador completamente administrado incluye dos puertos SFP+ de 10 Gb para conexiones de fibra de alta velocidad a dispositivos compatibles y enlaces ascendentes.","og_url":"https:\/\/tecplan.com.es\/en\/product\/unifi-pro-24-port-poe-switch\/","og_site_name":"Tecplan","og_image":[{"width":500,"height":500,"url":"https:\/\/tecplan.com.es\/wp-content\/uploads\/2025\/08\/ubiquiti-USW-PRO-25.jpg","type":"image\/jpeg"}],"twitter_card":"summary_large_image","twitter_misc":{"Est. reading time":"2 minutes"},"schema":{"@context":"https:\/\/schema.org","@graph":[{"@type":"WebPage","@id":"https:\/\/tecplan.com.es\/product\/unifi-pro-24-port-poe-switch\/","url":"https:\/\/tecplan.com.es\/product\/unifi-pro-24-port-poe-switch\/","name":"UniFi Pro 24-Port PoE Switch - Tecplan","isPartOf":{"@id":"https:\/\/tecplan.com.es\/#website"},"primaryImageOfPage":{"@id":"https:\/\/tecplan.com.es\/product\/unifi-pro-24-port-poe-switch\/#primaryimage"},"image":{"@id":"https:\/\/tecplan.com.es\/product\/unifi-pro-24-port-poe-switch\/#primaryimage"},"thumbnailUrl":"https:\/\/tecplan.com.es\/wp-content\/uploads\/2025\/08\/ubiquiti-USW-PRO-25.jpg","datePublished":"2025-08-08T22:21:32+00:00","breadcrumb":{"@id":"https:\/\/tecplan.com.es\/product\/unifi-pro-24-port-poe-switch\/#breadcrumb"},"inLanguage":"en-US","potentialAction":[{"@type":"ReadAction","target":["https:\/\/tecplan.com.es\/product\/unifi-pro-24-port-poe-switch\/"]}]},{"@type":"ImageObject","inLanguage":"en-US","@id":"https:\/\/tecplan.com.es\/product\/unifi-pro-24-port-poe-switch\/#primaryimage","url":"https:\/\/tecplan.com.es\/wp-content\/uploads\/2025\/08\/ubiquiti-USW-PRO-25.jpg","contentUrl":"https:\/\/tecplan.com.es\/wp-content\/uploads\/2025\/08\/ubiquiti-USW-PRO-25.jpg","width":500,"height":500},{"@type":"BreadcrumbList","@id":"https:\/\/tecplan.com.es\/product\/unifi-pro-24-port-poe-switch\/#breadcrumb","itemListElement":[{"@type":"ListItem","position":1,"name":"Home","item":"https:\/\/tecplan.com.es\/"},{"@type":"ListItem","position":2,"name":"Shop","item":"https:\/\/tecplan.com.es\/shop\/"},{"@type":"ListItem","position":3,"name":"UniFi Pro 24-Port PoE Switch"}]},{"@type":"WebSite","@id":"https:\/\/tecplan.com.es\/#website","url":"https:\/\/tecplan.com.es\/","name":"Tecplan","description":"","potentialAction":[{"@type":"SearchAction","target":{"@type":"EntryPoint","urlTemplate":"https:\/\/tecplan.com.es\/?s={search_term_string}"},"query-input":{"@type":"PropertyValueSpecification","valueRequired":true,"valueName":"search_term_string"}}],"inLanguage":"en-US"}]}},"_links":{"self":[{"href":"https:\/\/tecplan.com.es\/en\/wp-json\/wp\/v2\/product\/2413","targetHints":{"allow":["GET"]}}],"collection":[{"href":"https:\/\/tecplan.com.es\/en\/wp-json\/wp\/v2\/product"}],"about":[{"href":"https:\/\/tecplan.com.es\/en\/wp-json\/wp\/v2\/types\/product"}],"replies":[{"embeddable":true,"href":"https:\/\/tecplan.com.es\/en\/wp-json\/wp\/v2\/comments?post=2413"}],"version-history":[{"count":1,"href":"https:\/\/tecplan.com.es\/en\/wp-json\/wp\/v2\/product\/2413\/revisions"}],"predecessor-version":[{"id":2418,"href":"https:\/\/tecplan.com.es\/en\/wp-json\/wp\/v2\/product\/2413\/revisions\/2418"}],"wp:featuredmedia":[{"embeddable":true,"href":"https:\/\/tecplan.com.es\/en\/wp-json\/wp\/v2\/media\/2415"}],"wp:attachment":[{"href":"https:\/\/tecplan.com.es\/en\/wp-json\/wp\/v2\/media?parent=2413"}],"wp:term":[{"taxonomy":"product_brand","embeddable":true,"href":"https:\/\/tecplan.com.es\/en\/wp-json\/wp\/v2\/product_brand?post=2413"},{"taxonomy":"product_cat","embeddable":true,"href":"https:\/\/tecplan.com.es\/en\/wp-json\/wp\/v2\/product_cat?post=2413"},{"taxonomy":"product_tag","embeddable":true,"href":"https:\/\/tecplan.com.es\/en\/wp-json\/wp\/v2\/product_tag?post=2413"}],"curies":[{"name":"wp","href":"https:\/\/api.w.org\/{rel}","templated":true}]}}