{"id":2403,"date":"2025-08-08T21:06:52","date_gmt":"2025-08-08T21:06:52","guid":{"rendered":"https:\/\/tecplan.com.es\/?post_type=product&#038;p=2403"},"modified":"2025-08-08T22:02:11","modified_gmt":"2025-08-08T22:02:11","slug":"unifi-pro-48-port-poe-switch","status":"publish","type":"product","link":"https:\/\/tecplan.com.es\/en\/product\/unifi-pro-48-port-poe-switch\/","title":{"rendered":"UniFi Pro 48-Port PoE Switch"},"content":{"rendered":"<div>\n<div class=\"productDescription_UbV5SNP5Eo\" data-selenium=\"overviewLongDescription\">\n<div class=\"js-injected-html text_UbV5SNP5Eo\">\n<p style=\"text-align: justify;\"><b>Ampl\u00ede la red de su empresa con el conmutador de red PoE gestionado Gigabit de 48 puertos UniFi Pro PoE<\/b>\u00a0de segunda generaci\u00f3n totalmente gestionable con SFP+\u00a0de\u00a0<b>Ubiquiti<\/b>.\u00a0Dise\u00f1ado con compatibilidad con el protocolo de capa 3, el conmutador Gigabit de 48 puertos con enfriamiento pasivo cuenta con un presupuesto de energ\u00eda total de 600 W en 40 conectores PoE de 32 W y ocho puertos PoE ++ de 64 W para dispositivos que consumen mucha energ\u00eda, como c\u00e1maras de seguridad de red de alta resoluci\u00f3n.\u00a0Cada puerto ofrece un rendimiento sin bloqueo de 88 Gb\/s con una capacidad de conmutaci\u00f3n de 176 Gb\/s y una tasa de reenv\u00edo de 130,94 Mpps.\u00a0Cuatro puertos SFP+ de 10 Gb\/s est\u00e1n disponibles para expansi\u00f3n de red adicional usando dispositivos compatibles.\u00a0Los administradores pueden monitorear y administrar el conmutador con la pantalla t\u00e1ctil de 1,3\u2033 o acceder y configurarlo y los dispositivos conectados mediante la aplicaci\u00f3n UniFi Network Controller.<\/p>\n<\/div>\n<\/div>\n<\/div>\n<div class=\"feature_UbV5SNP5Eo\">\n<div style=\"text-align: justify;\">\n<div class=\"feature_UbV5SNP5Eo\">\n<div class=\"feature_UbV5SNP5Eo\">\n<div class=\"featureHeader_UbV5SNP5Eo\">\n<div class=\"text_TAw0W35QK_ comfy_TAw0W35QK_ sizeTitle2_TAw0W35QK_ weightNormal_TAw0W35QK_ primary_i3MsQsqoe0\"><strong>Rendimiento de conmutaci\u00f3n<\/strong><\/div>\n<\/div>\n<div>\n<div class=\"js-injected-html text_UbV5SNP5Eo\">El conmutador UniFi de segunda generaci\u00f3n ofrece una capacidad de reenv\u00edo de 130,94 Mpps para procesar simult\u00e1neamente el tr\u00e1fico en todos los puertos sin p\u00e9rdida de paquetes.\u00a0El conmutador UniFi PoE Pro tiene un rendimiento sin bloqueo de 88 Gb\/s con una capacidad de conmutaci\u00f3n de 176 Gb\/s.<\/div>\n<\/div>\n<\/div>\n<div class=\"feature_UbV5SNP5Eo\">\n<div class=\"featureHeader_UbV5SNP5Eo\">\n<div class=\"text_TAw0W35QK_ comfy_TAw0W35QK_ sizeTitle2_TAw0W35QK_ weightNormal_TAw0W35QK_ primary_i3MsQsqoe0\"><strong>Capa 3<\/strong><\/div>\n<\/div>\n<div>\n<div class=\"js-injected-html text_UbV5SNP5Eo\">El conmutador UniFi Pro PoE presenta capacidades de protocolo de capa 3, como enrutamiento entre VLAN, enrutamiento est\u00e1tico y funcionalidad de servidor DHCP.<\/div>\n<\/div>\n<\/div>\n<div class=\"feature_UbV5SNP5Eo\">\n<div class=\"featureHeader_UbV5SNP5Eo\">\n<div class=\"text_TAw0W35QK_ comfy_TAw0W35QK_ sizeTitle2_TAw0W35QK_ weightNormal_TAw0W35QK_ primary_i3MsQsqoe0\"><strong>Conectividad de fibra SFP+<\/strong><\/div>\n<\/div>\n<div>\n<div class=\"js-injected-html text_UbV5SNP5Eo\">Conecte el almacenamiento en red de alta velocidad o configure un enlace ascendente de larga distancia utilizando los puertos SFP+ de 10 Gb\/s.<\/div>\n<\/div>\n<\/div>\n<div class=\"feature_UbV5SNP5Eo\">\n<div class=\"featureHeader_UbV5SNP5Eo\">\n<div class=\"text_TAw0W35QK_ comfy_TAw0W35QK_ sizeTitle2_TAw0W35QK_ weightNormal_TAw0W35QK_ primary_i3MsQsqoe0\"><strong>Energ\u00eda redundante<\/strong><\/div>\n<\/div>\n<div>\n<div class=\"js-injected-html text_UbV5SNP5Eo\">El conmutador UniFi Pro PoE admite una interfaz de alimentaci\u00f3n de CC externa, que funciona con un adaptador de alimentaci\u00f3n separado como respaldo de energ\u00eda si falla la fuente de alimentaci\u00f3n interna.<\/div>\n<\/div>\n<\/div>\n<\/div>\n<\/div>\n<div>\n<div class=\"feature_UbV5SNP5Eo\">\n<div class=\"featureHeader_UbV5SNP5Eo\" style=\"text-align: justify;\">\n<div class=\"text_TAw0W35QK_ comfy_TAw0W35QK_ sizeTitle2_TAw0W35QK_ weightNormal_TAw0W35QK_ primary_i3MsQsqoe0\"><strong>Controlador UniFi<\/strong><\/div>\n<\/div>\n<div class=\"\" style=\"text-align: justify;\">\n<div class=\"featureHeader_UbV5SNP5Eo\">\n<div class=\"text_TAw0W35QK_ comfy_TAw0W35QK_ sizeTitle3_TAw0W35QK_ weightNormal_TAw0W35QK_ primary_i3MsQsqoe0\">Administraci\u00f3n de redes<\/div>\n<\/div>\n<div>\n<div class=\"js-injected-html text_UbV5SNP5Eo\">El controlador de red UniFi puede aprovisionar dispositivos UniFi, mapear redes, administrar el tr\u00e1fico del sistema y monitorear las estad\u00edsticas de la red desde una interfaz.<\/div>\n<\/div>\n<\/div>\n<div class=\"feature_UbV5SNP5Eo\">\n<div class=\"featureHeader_UbV5SNP5Eo\" style=\"text-align: justify;\">\n<div class=\"text_TAw0W35QK_ comfy_TAw0W35QK_ sizeTitle3_TAw0W35QK_ weightNormal_TAw0W35QK_ primary_i3MsQsqoe0\"><strong>Gesti\u00f3n de sitios m\u00faltiples<\/strong><\/div>\n<\/div>\n<div>\n<div class=\"js-injected-html text_UbV5SNP5Eo\" style=\"text-align: justify;\">Puede usar una sola instancia del controlador UniFi que se ejecuta en la nube desde una interfaz centralizada para administrar m\u00faltiples sitios UniFi.\u00a0Cada sitio est\u00e1 l\u00f3gicamente separado con su propio monitoreo de red, configuraci\u00f3n, mapas, estad\u00edsticas y cuentas de administrador.<\/div>\n<\/div>\n<\/div>\n<\/div>\n<\/div>\n<\/div>\n<p><!--more--><\/p>\n<h5 style=\"text-align: justify;\"><span style=\"text-decoration: underline;\"><strong>DOWNLOADS<\/strong><\/span><\/h5>\n<ul style=\"text-align: justify;\">\n<li><a href=\"https:\/\/drive.google.com\/file\/d\/166FUQ-qfjnVLUER7MWZXqBilFfRyvMms\/view?usp=sharing\">\u2192 Technical specifications<\/a><\/li>\n<\/ul>","protected":false},"excerpt":{"rendered":"<p style=\"text-align: justify;\"><b>Ampl\u00ede la red de su empresa con el conmutador de red PoE gestionado Gigabit de 48 puertos UniFi Pro PoE<\/b>\u00a0de segunda generaci\u00f3n totalmente gestionable con SFP+\u00a0de\u00a0<b>Ubiquiti<\/b>.\u00a0Dise\u00f1ado con compatibilidad con el protocolo de capa 3, el conmutador Gigabit de 48 puertos con enfriamiento pasivo cuenta con un presupuesto de energ\u00eda.<\/p>\n<p><img decoding=\"async\" class=\"wp-image-2370 aligncenter\" src=\"https:\/\/tecplan.com.es\/wp-content\/uploads\/2025\/07\/Ubiquiti_Networks-300x200.png\" alt=\"\" width=\"176\" height=\"117\" srcset=\"https:\/\/tecplan.com.es\/wp-content\/uploads\/2025\/07\/Ubiquiti_Networks-300x200.png 300w, https:\/\/tecplan.com.es\/wp-content\/uploads\/2025\/07\/Ubiquiti_Networks-1024x683.png 1024w, https:\/\/tecplan.com.es\/wp-content\/uploads\/2025\/07\/Ubiquiti_Networks-768x512.png 768w, https:\/\/tecplan.com.es\/wp-content\/uploads\/2025\/07\/Ubiquiti_Networks-1536x1024.png 1536w, https:\/\/tecplan.com.es\/wp-content\/uploads\/2025\/07\/Ubiquiti_Networks-2048x1365.png 2048w, https:\/\/tecplan.com.es\/wp-content\/uploads\/2025\/07\/Ubiquiti_Networks-18x12.png 18w, https:\/\/tecplan.com.es\/wp-content\/uploads\/2025\/07\/Ubiquiti_Networks-600x400.png 600w\" sizes=\"(max-width: 176px) 100vw, 176px\" \/><\/p>","protected":false},"featured_media":2405,"comment_status":"open","ping_status":"closed","template":"","meta":{"site-sidebar-layout":"default","site-content-layout":"","ast-site-content-layout":"default","site-content-style":"default","site-sidebar-style":"default","ast-global-header-display":"","ast-banner-title-visibility":"","ast-main-header-display":"","ast-hfb-above-header-display":"","ast-hfb-below-header-display":"","ast-hfb-mobile-header-display":"","site-post-title":"","ast-breadcrumbs-content":"","ast-featured-img":"","footer-sml-layout":"","ast-disable-related-posts":"","theme-transparent-header-meta":"default","adv-header-id-meta":"","stick-header-meta":"","header-above-stick-meta":"","header-main-stick-meta":"","header-below-stick-meta":"","astra-migrate-meta-layouts":"set","ast-page-background-enabled":"default","ast-page-background-meta":{"desktop":{"background-color":"var(--ast-global-color-5)","background-image":"","background-repeat":"repeat","background-position":"center center","background-size":"auto","background-attachment":"scroll","background-type":"","background-media":"","overlay-type":"","overlay-color":"","overlay-opacity":"","overlay-gradient":""},"tablet":{"background-color":"","background-image":"","background-repeat":"repeat","background-position":"center center","background-size":"auto","background-attachment":"scroll","background-type":"","background-media":"","overlay-type":"","overlay-color":"","overlay-opacity":"","overlay-gradient":""},"mobile":{"background-color":"","background-image":"","background-repeat":"repeat","background-position":"center center","background-size":"auto","background-attachment":"scroll","background-type":"","background-media":"","overlay-type":"","overlay-color":"","overlay-opacity":"","overlay-gradient":""}},"ast-content-background-meta":{"desktop":{"background-color":"var(--ast-global-color-4)","background-image":"","background-repeat":"repeat","background-position":"center center","background-size":"auto","background-attachment":"scroll","background-type":"","background-media":"","overlay-type":"","overlay-color":"","overlay-opacity":"","overlay-gradient":""},"tablet":{"background-color":"var(--ast-global-color-4)","background-image":"","background-repeat":"repeat","background-position":"center center","background-size":"auto","background-attachment":"scroll","background-type":"","background-media":"","overlay-type":"","overlay-color":"","overlay-opacity":"","overlay-gradient":""},"mobile":{"background-color":"var(--ast-global-color-4)","background-image":"","background-repeat":"repeat","background-position":"center center","background-size":"auto","background-attachment":"scroll","background-type":"","background-media":"","overlay-type":"","overlay-color":"","overlay-opacity":"","overlay-gradient":""}}},"product_brand":[247],"product_cat":[96,115,111],"product_tag":[248],"class_list":{"0":"post-2403","1":"product","2":"type-product","3":"status-publish","4":"has-post-thumbnail","6":"product_brand-ubiquiti-networks","7":"product_cat-networking","8":"product_cat-switch","9":"product_cat-ubiquiti","10":"product_tag-ubiquiti-networks","11":"desktop-align-left","12":"tablet-align-left","13":"mobile-align-left","15":"first","16":"instock","17":"shipping-taxable","18":"product-type-simple"},"yoast_head":"<!-- This site is optimized with the Yoast SEO plugin v25.3 - https:\/\/yoast.com\/wordpress\/plugins\/seo\/ -->\n<title>UniFi Pro 48-Port PoE Switch - Tecplan<\/title>\n<meta name=\"robots\" content=\"index, follow, max-snippet:-1, max-image-preview:large, max-video-preview:-1\" \/>\n<link rel=\"canonical\" href=\"https:\/\/tecplan.com.es\/en\/product\/unifi-pro-48-port-poe-switch\/\" \/>\n<meta property=\"og:locale\" content=\"en_US\" \/>\n<meta property=\"og:type\" content=\"article\" \/>\n<meta property=\"og:title\" content=\"UniFi Pro 48-Port PoE Switch - Tecplan\" \/>\n<meta property=\"og:description\" content=\"Ampl\u00ede la red de su empresa con el conmutador de red PoE gestionado Gigabit de 48 puertos UniFi Pro PoE\u00a0de segunda generaci\u00f3n totalmente gestionable con SFP+\u00a0de\u00a0Ubiquiti.\u00a0Dise\u00f1ado con compatibilidad con el protocolo de capa 3, el conmutador Gigabit de 48 puertos con enfriamiento pasivo cuenta con un presupuesto de energ\u00eda.\" \/>\n<meta property=\"og:url\" content=\"https:\/\/tecplan.com.es\/en\/product\/unifi-pro-48-port-poe-switch\/\" \/>\n<meta property=\"og:site_name\" content=\"Tecplan\" \/>\n<meta property=\"article:modified_time\" content=\"2025-08-08T22:02:11+00:00\" \/>\n<meta property=\"og:image\" content=\"https:\/\/tecplan.com.es\/wp-content\/uploads\/2025\/08\/48-Port-PoE-Switch.jpg\" \/>\n\t<meta property=\"og:image:width\" content=\"500\" \/>\n\t<meta property=\"og:image:height\" content=\"500\" \/>\n\t<meta property=\"og:image:type\" content=\"image\/jpeg\" \/>\n<meta name=\"twitter:card\" content=\"summary_large_image\" \/>\n<meta name=\"twitter:label1\" content=\"Est. reading time\" \/>\n\t<meta name=\"twitter:data1\" content=\"2 minutes\" \/>\n<script type=\"application\/ld+json\" class=\"yoast-schema-graph\">{\"@context\":\"https:\/\/schema.org\",\"@graph\":[{\"@type\":\"WebPage\",\"@id\":\"https:\/\/tecplan.com.es\/product\/unifi-pro-48-port-poe-switch\/\",\"url\":\"https:\/\/tecplan.com.es\/product\/unifi-pro-48-port-poe-switch\/\",\"name\":\"UniFi Pro 48-Port PoE Switch - Tecplan\",\"isPartOf\":{\"@id\":\"https:\/\/tecplan.com.es\/#website\"},\"primaryImageOfPage\":{\"@id\":\"https:\/\/tecplan.com.es\/product\/unifi-pro-48-port-poe-switch\/#primaryimage\"},\"image\":{\"@id\":\"https:\/\/tecplan.com.es\/product\/unifi-pro-48-port-poe-switch\/#primaryimage\"},\"thumbnailUrl\":\"https:\/\/tecplan.com.es\/wp-content\/uploads\/2025\/08\/48-Port-PoE-Switch.jpg\",\"datePublished\":\"2025-08-08T21:06:52+00:00\",\"dateModified\":\"2025-08-08T22:02:11+00:00\",\"breadcrumb\":{\"@id\":\"https:\/\/tecplan.com.es\/product\/unifi-pro-48-port-poe-switch\/#breadcrumb\"},\"inLanguage\":\"en-US\",\"potentialAction\":[{\"@type\":\"ReadAction\",\"target\":[\"https:\/\/tecplan.com.es\/product\/unifi-pro-48-port-poe-switch\/\"]}]},{\"@type\":\"ImageObject\",\"inLanguage\":\"en-US\",\"@id\":\"https:\/\/tecplan.com.es\/product\/unifi-pro-48-port-poe-switch\/#primaryimage\",\"url\":\"https:\/\/tecplan.com.es\/wp-content\/uploads\/2025\/08\/48-Port-PoE-Switch.jpg\",\"contentUrl\":\"https:\/\/tecplan.com.es\/wp-content\/uploads\/2025\/08\/48-Port-PoE-Switch.jpg\",\"width\":500,\"height\":500},{\"@type\":\"BreadcrumbList\",\"@id\":\"https:\/\/tecplan.com.es\/product\/unifi-pro-48-port-poe-switch\/#breadcrumb\",\"itemListElement\":[{\"@type\":\"ListItem\",\"position\":1,\"name\":\"Home\",\"item\":\"https:\/\/tecplan.com.es\/\"},{\"@type\":\"ListItem\",\"position\":2,\"name\":\"Shop\",\"item\":\"https:\/\/tecplan.com.es\/shop\/\"},{\"@type\":\"ListItem\",\"position\":3,\"name\":\"UniFi Pro 48-Port PoE Switch\"}]},{\"@type\":\"WebSite\",\"@id\":\"https:\/\/tecplan.com.es\/#website\",\"url\":\"https:\/\/tecplan.com.es\/\",\"name\":\"Tecplan\",\"description\":\"\",\"potentialAction\":[{\"@type\":\"SearchAction\",\"target\":{\"@type\":\"EntryPoint\",\"urlTemplate\":\"https:\/\/tecplan.com.es\/?s={search_term_string}\"},\"query-input\":{\"@type\":\"PropertyValueSpecification\",\"valueRequired\":true,\"valueName\":\"search_term_string\"}}],\"inLanguage\":\"en-US\"}]}<\/script>\n<!-- \/ Yoast SEO plugin. -->","yoast_head_json":{"title":"UniFi Pro 48-Port PoE Switch - Tecplan","robots":{"index":"index","follow":"follow","max-snippet":"max-snippet:-1","max-image-preview":"max-image-preview:large","max-video-preview":"max-video-preview:-1"},"canonical":"https:\/\/tecplan.com.es\/en\/product\/unifi-pro-48-port-poe-switch\/","og_locale":"en_US","og_type":"article","og_title":"UniFi Pro 48-Port PoE Switch - Tecplan","og_description":"Ampl\u00ede la red de su empresa con el conmutador de red PoE gestionado Gigabit de 48 puertos UniFi Pro PoE\u00a0de segunda generaci\u00f3n totalmente gestionable con SFP+\u00a0de\u00a0Ubiquiti.\u00a0Dise\u00f1ado con compatibilidad con el protocolo de capa 3, el conmutador Gigabit de 48 puertos con enfriamiento pasivo cuenta con un presupuesto de energ\u00eda.","og_url":"https:\/\/tecplan.com.es\/en\/product\/unifi-pro-48-port-poe-switch\/","og_site_name":"Tecplan","article_modified_time":"2025-08-08T22:02:11+00:00","og_image":[{"width":500,"height":500,"url":"https:\/\/tecplan.com.es\/wp-content\/uploads\/2025\/08\/48-Port-PoE-Switch.jpg","type":"image\/jpeg"}],"twitter_card":"summary_large_image","twitter_misc":{"Est. reading time":"2 minutes"},"schema":{"@context":"https:\/\/schema.org","@graph":[{"@type":"WebPage","@id":"https:\/\/tecplan.com.es\/product\/unifi-pro-48-port-poe-switch\/","url":"https:\/\/tecplan.com.es\/product\/unifi-pro-48-port-poe-switch\/","name":"UniFi Pro 48-Port PoE Switch - Tecplan","isPartOf":{"@id":"https:\/\/tecplan.com.es\/#website"},"primaryImageOfPage":{"@id":"https:\/\/tecplan.com.es\/product\/unifi-pro-48-port-poe-switch\/#primaryimage"},"image":{"@id":"https:\/\/tecplan.com.es\/product\/unifi-pro-48-port-poe-switch\/#primaryimage"},"thumbnailUrl":"https:\/\/tecplan.com.es\/wp-content\/uploads\/2025\/08\/48-Port-PoE-Switch.jpg","datePublished":"2025-08-08T21:06:52+00:00","dateModified":"2025-08-08T22:02:11+00:00","breadcrumb":{"@id":"https:\/\/tecplan.com.es\/product\/unifi-pro-48-port-poe-switch\/#breadcrumb"},"inLanguage":"en-US","potentialAction":[{"@type":"ReadAction","target":["https:\/\/tecplan.com.es\/product\/unifi-pro-48-port-poe-switch\/"]}]},{"@type":"ImageObject","inLanguage":"en-US","@id":"https:\/\/tecplan.com.es\/product\/unifi-pro-48-port-poe-switch\/#primaryimage","url":"https:\/\/tecplan.com.es\/wp-content\/uploads\/2025\/08\/48-Port-PoE-Switch.jpg","contentUrl":"https:\/\/tecplan.com.es\/wp-content\/uploads\/2025\/08\/48-Port-PoE-Switch.jpg","width":500,"height":500},{"@type":"BreadcrumbList","@id":"https:\/\/tecplan.com.es\/product\/unifi-pro-48-port-poe-switch\/#breadcrumb","itemListElement":[{"@type":"ListItem","position":1,"name":"Home","item":"https:\/\/tecplan.com.es\/"},{"@type":"ListItem","position":2,"name":"Shop","item":"https:\/\/tecplan.com.es\/shop\/"},{"@type":"ListItem","position":3,"name":"UniFi Pro 48-Port PoE Switch"}]},{"@type":"WebSite","@id":"https:\/\/tecplan.com.es\/#website","url":"https:\/\/tecplan.com.es\/","name":"Tecplan","description":"","potentialAction":[{"@type":"SearchAction","target":{"@type":"EntryPoint","urlTemplate":"https:\/\/tecplan.com.es\/?s={search_term_string}"},"query-input":{"@type":"PropertyValueSpecification","valueRequired":true,"valueName":"search_term_string"}}],"inLanguage":"en-US"}]}},"_links":{"self":[{"href":"https:\/\/tecplan.com.es\/en\/wp-json\/wp\/v2\/product\/2403","targetHints":{"allow":["GET"]}}],"collection":[{"href":"https:\/\/tecplan.com.es\/en\/wp-json\/wp\/v2\/product"}],"about":[{"href":"https:\/\/tecplan.com.es\/en\/wp-json\/wp\/v2\/types\/product"}],"replies":[{"embeddable":true,"href":"https:\/\/tecplan.com.es\/en\/wp-json\/wp\/v2\/comments?post=2403"}],"version-history":[{"count":2,"href":"https:\/\/tecplan.com.es\/en\/wp-json\/wp\/v2\/product\/2403\/revisions"}],"predecessor-version":[{"id":2409,"href":"https:\/\/tecplan.com.es\/en\/wp-json\/wp\/v2\/product\/2403\/revisions\/2409"}],"wp:featuredmedia":[{"embeddable":true,"href":"https:\/\/tecplan.com.es\/en\/wp-json\/wp\/v2\/media\/2405"}],"wp:attachment":[{"href":"https:\/\/tecplan.com.es\/en\/wp-json\/wp\/v2\/media?parent=2403"}],"wp:term":[{"taxonomy":"product_brand","embeddable":true,"href":"https:\/\/tecplan.com.es\/en\/wp-json\/wp\/v2\/product_brand?post=2403"},{"taxonomy":"product_cat","embeddable":true,"href":"https:\/\/tecplan.com.es\/en\/wp-json\/wp\/v2\/product_cat?post=2403"},{"taxonomy":"product_tag","embeddable":true,"href":"https:\/\/tecplan.com.es\/en\/wp-json\/wp\/v2\/product_tag?post=2403"}],"curies":[{"name":"wp","href":"https:\/\/api.w.org\/{rel}","templated":true}]}}