{"id":2393,"date":"2025-08-08T20:27:40","date_gmt":"2025-08-08T20:27:40","guid":{"rendered":"https:\/\/tecplan.com.es\/?post_type=product&#038;p=2393"},"modified":"2025-08-08T20:31:19","modified_gmt":"2025-08-08T20:31:19","slug":"unifi-next-gen-gateway-uxg-pro","status":"publish","type":"product","link":"https:\/\/tecplan.com.es\/en\/product\/unifi-next-gen-gateway-uxg-pro\/","title":{"rendered":"UniFi Next-Gen Gateway (UXG-Pro)"},"content":{"rendered":"<div>\n<div class=\"productDescription_UbV5SNP5Eo\" data-selenium=\"overviewLongDescription\">\n<div class=\"js-injected-html text_UbV5SNP5Eo\">\n<p style=\"text-align: justify;\">UniFi\u00a0<b>Next-Generation Gateway Pro<\/b>\u00a0(UXG Pro) de\u00a0<b>Ubiquiti Networks<\/b>es una poderosa puerta de enlace de seguridad que ofrece una interfaz de red vers\u00e1til y funcionalidad de administraci\u00f3n de amenazas de clase empresarial para redes medianas y grandes.\u00a0El UXG Pro est\u00e1 equipado con dos puertos WAN, un Gigabit Ethernet RJ45 y un 10G SFP+, que brindan soporte de conmutaci\u00f3n por error, as\u00ed como dos puertos LAN (GbE RJ45 y 10G SFP+) para brindar la conectividad de alta velocidad necesaria para admitir la mayor\u00eda de aplicaciones de uso intensivo de ancho de banda.\u00a0Tambi\u00e9n sobresale como una soluci\u00f3n de seguridad de red completa, que ofrece un conjunto completo de caracter\u00edsticas de mitigaci\u00f3n de amenazas, que incluyen inspecci\u00f3n profunda de paquetes (DPI), sistemas de detecci\u00f3n y prevenci\u00f3n de intrusiones (IDS\/IPS) y configuraci\u00f3n de firewall en capas.\u00a0El UXG Pro se puede combinar con un Cloud Key Plus que se compra por separado para crear una implementaci\u00f3n segura y muy poderosa que se puede administrar completamente con la aplicaci\u00f3n UniFi Network.<\/p>\n<\/div>\n<\/div>\n<\/div>\n<div class=\"feature_UbV5SNP5Eo\">\n<div class=\"feature_UbV5SNP5Eo\">\n<div class=\"feature_UbV5SNP5Eo\">\n<div class=\"featureHeader_UbV5SNP5Eo\" style=\"text-align: justify;\">\n<div class=\"text_TAw0W35QK_ comfy_TAw0W35QK_ sizeTitle2_TAw0W35QK_ weightNormal_TAw0W35QK_ primary_i3MsQsqoe0\"><strong>Aplicaci\u00f3n de red UniFi<\/strong><\/div>\n<\/div>\n<div>\n<div class=\"js-injected-html text_UbV5SNP5Eo\">\n<ul style=\"text-align: justify;\">\n<li>Administre de forma centralizada m\u00faltiples redes desde una interfaz intuitiva<\/li>\n<li>Disfrute de informaci\u00f3n de dispositivos en tiempo real y opciones de configuraci\u00f3n profundas<\/li>\n<li>Actualice el firmware del dispositivo de forma remota<\/li>\n<li>Administrar usuarios e invitados de la red<\/li>\n<li>Personalice el dise\u00f1o, la arquitectura y la privacidad de los puntos de acceso para invitados<\/li>\n<li>Configure dispositivos r\u00e1pidamente y admin\u00edstrelos sobre la marcha con una potente aplicaci\u00f3n m\u00f3vil<\/li>\n<\/ul>\n<div class=\"title_OMS5rN7R1Z\" style=\"text-align: justify;\">\n<div class=\"text_TAw0W35QK_ comfy_TAw0W35QK_ sizeTitle4_TAw0W35QK_ weightBold_TAw0W35QK_ primary_i3MsQsqoe0\" data-selenium=\"sellingPointsTitle\"><strong>Caracteristicas principales<\/strong><\/div>\n<\/div>\n<ul class=\"list_OMS5rN7R1Z\">\n<li class=\"listItem_OMS5rN7R1Z\" style=\"text-align: justify;\" data-selenium=\"sellingPointsListItem\">Ethernet Gigabit |\u00a0Puertos WAN 10G SFP+<\/li>\n<li class=\"listItem_OMS5rN7R1Z\" style=\"text-align: justify;\" data-selenium=\"sellingPointsListItem\">Ethernet Gigabit |\u00a0Puertos LAN 10G SFP+<\/li>\n<li class=\"listItem_OMS5rN7R1Z\" style=\"text-align: justify;\" data-selenium=\"sellingPointsListItem\">Soporte de conmutaci\u00f3n por error de WAN<\/li>\n<li class=\"listItem_OMS5rN7R1Z\" style=\"text-align: justify;\" data-selenium=\"sellingPointsListItem\">DPI, IPS\/IDS y cortafuegos en capas<\/li>\n<li class=\"listItem_OMS5rN7R1Z\" style=\"text-align: justify;\" data-selenium=\"sellingPointsListItem\">Pantalla t\u00e1ctil de 1,3\u2033<\/li>\n<li class=\"listItem_OMS5rN7R1Z\" style=\"text-align: justify;\" data-selenium=\"sellingPointsListItem\">Dise\u00f1o de montaje en rack<\/li>\n<li class=\"listItem_OMS5rN7R1Z\" style=\"text-align: justify;\" data-selenium=\"sellingPointsListItem\">Compatible con clave de nube Plus<\/li>\n<li class=\"listItem_OMS5rN7R1Z\" style=\"text-align: justify;\" data-selenium=\"sellingPointsListItem\">Funciona con la aplicaci\u00f3n de red UniFi<\/li>\n<\/ul>\n<\/div>\n<\/div>\n<\/div>\n<\/div>\n<\/div>\n<p><!--more--><\/p>\n<h5 style=\"text-align: justify;\"><span style=\"text-decoration: underline;\"><strong>DOWNLOADS<\/strong><\/span><\/h5>\n<ul style=\"text-align: justify;\">\n<li><a href=\"https:\/\/drive.google.com\/file\/d\/1G-ULmiF_FF13SVha_KJ1fAVP4dPhgDr8\/view?usp=sharing\">\u2192 Technical specifications<\/a><\/li>\n<\/ul>","protected":false},"excerpt":{"rendered":"<p style=\"text-align: justify;\">UniFi\u00a0<b>Next-Generation Gateway Pro<\/b>\u00a0(UXG Pro) de\u00a0<b>Ubiquiti Networks\u00a0<\/b>es una poderosa puerta de enlace de seguridad que ofrece una interfaz de red vers\u00e1til y funcionalidad de administraci\u00f3n de amenazas de clase empresarial para redes medianas y grandes.<\/p>\n<p><img decoding=\"async\" class=\"wp-image-2370 aligncenter\" src=\"https:\/\/tecplan.com.es\/wp-content\/uploads\/2025\/07\/Ubiquiti_Networks-300x200.png\" alt=\"\" width=\"176\" height=\"117\" srcset=\"https:\/\/tecplan.com.es\/wp-content\/uploads\/2025\/07\/Ubiquiti_Networks-300x200.png 300w, https:\/\/tecplan.com.es\/wp-content\/uploads\/2025\/07\/Ubiquiti_Networks-1024x683.png 1024w, https:\/\/tecplan.com.es\/wp-content\/uploads\/2025\/07\/Ubiquiti_Networks-768x512.png 768w, https:\/\/tecplan.com.es\/wp-content\/uploads\/2025\/07\/Ubiquiti_Networks-1536x1024.png 1536w, https:\/\/tecplan.com.es\/wp-content\/uploads\/2025\/07\/Ubiquiti_Networks-2048x1365.png 2048w, https:\/\/tecplan.com.es\/wp-content\/uploads\/2025\/07\/Ubiquiti_Networks-18x12.png 18w, https:\/\/tecplan.com.es\/wp-content\/uploads\/2025\/07\/Ubiquiti_Networks-600x400.png 600w\" sizes=\"(max-width: 176px) 100vw, 176px\" \/><\/p>\n<p>&nbsp;<\/p>","protected":false},"featured_media":2394,"comment_status":"open","ping_status":"closed","template":"","meta":{"site-sidebar-layout":"default","site-content-layout":"","ast-site-content-layout":"default","site-content-style":"default","site-sidebar-style":"default","ast-global-header-display":"","ast-banner-title-visibility":"","ast-main-header-display":"","ast-hfb-above-header-display":"","ast-hfb-below-header-display":"","ast-hfb-mobile-header-display":"","site-post-title":"","ast-breadcrumbs-content":"","ast-featured-img":"","footer-sml-layout":"","ast-disable-related-posts":"","theme-transparent-header-meta":"default","adv-header-id-meta":"","stick-header-meta":"","header-above-stick-meta":"","header-main-stick-meta":"","header-below-stick-meta":"","astra-migrate-meta-layouts":"set","ast-page-background-enabled":"default","ast-page-background-meta":{"desktop":{"background-color":"var(--ast-global-color-5)","background-image":"","background-repeat":"repeat","background-position":"center center","background-size":"auto","background-attachment":"scroll","background-type":"","background-media":"","overlay-type":"","overlay-color":"","overlay-opacity":"","overlay-gradient":""},"tablet":{"background-color":"","background-image":"","background-repeat":"repeat","background-position":"center center","background-size":"auto","background-attachment":"scroll","background-type":"","background-media":"","overlay-type":"","overlay-color":"","overlay-opacity":"","overlay-gradient":""},"mobile":{"background-color":"","background-image":"","background-repeat":"repeat","background-position":"center center","background-size":"auto","background-attachment":"scroll","background-type":"","background-media":"","overlay-type":"","overlay-color":"","overlay-opacity":"","overlay-gradient":""}},"ast-content-background-meta":{"desktop":{"background-color":"var(--ast-global-color-4)","background-image":"","background-repeat":"repeat","background-position":"center center","background-size":"auto","background-attachment":"scroll","background-type":"","background-media":"","overlay-type":"","overlay-color":"","overlay-opacity":"","overlay-gradient":""},"tablet":{"background-color":"var(--ast-global-color-4)","background-image":"","background-repeat":"repeat","background-position":"center center","background-size":"auto","background-attachment":"scroll","background-type":"","background-media":"","overlay-type":"","overlay-color":"","overlay-opacity":"","overlay-gradient":""},"mobile":{"background-color":"var(--ast-global-color-4)","background-image":"","background-repeat":"repeat","background-position":"center center","background-size":"auto","background-attachment":"scroll","background-type":"","background-media":"","overlay-type":"","overlay-color":"","overlay-opacity":"","overlay-gradient":""}}},"product_brand":[247],"product_cat":[113,96,111],"product_tag":[248],"class_list":{"0":"post-2393","1":"product","2":"type-product","3":"status-publish","4":"has-post-thumbnail","6":"product_brand-ubiquiti-networks","7":"product_cat-enlaces-punto-a-punto","8":"product_cat-networking","9":"product_cat-ubiquiti","10":"product_tag-ubiquiti-networks","11":"desktop-align-left","12":"tablet-align-left","13":"mobile-align-left","15":"first","16":"instock","17":"shipping-taxable","18":"product-type-simple"},"yoast_head":"<!-- This site is optimized with the Yoast SEO plugin v25.3 - https:\/\/yoast.com\/wordpress\/plugins\/seo\/ -->\n<title>UniFi Next-Gen Gateway (UXG-Pro) - Tecplan<\/title>\n<meta name=\"robots\" content=\"index, follow, max-snippet:-1, max-image-preview:large, max-video-preview:-1\" \/>\n<link rel=\"canonical\" href=\"https:\/\/tecplan.com.es\/en\/product\/unifi-next-gen-gateway-uxg-pro\/\" \/>\n<meta property=\"og:locale\" content=\"en_US\" \/>\n<meta property=\"og:type\" content=\"article\" \/>\n<meta property=\"og:title\" content=\"UniFi Next-Gen Gateway (UXG-Pro) - Tecplan\" \/>\n<meta property=\"og:description\" content=\"UniFi\u00a0Next-Generation Gateway Pro\u00a0(UXG Pro) de\u00a0Ubiquiti Networks\u00a0es una poderosa puerta de enlace de seguridad que ofrece una interfaz de red vers\u00e1til y funcionalidad de administraci\u00f3n de amenazas de clase empresarial para redes medianas y grandes.   &nbsp;\" \/>\n<meta property=\"og:url\" content=\"https:\/\/tecplan.com.es\/en\/product\/unifi-next-gen-gateway-uxg-pro\/\" \/>\n<meta property=\"og:site_name\" content=\"Tecplan\" \/>\n<meta property=\"article:modified_time\" content=\"2025-08-08T20:31:19+00:00\" \/>\n<meta property=\"og:image\" content=\"https:\/\/tecplan.com.es\/wp-content\/uploads\/2025\/08\/1654095250_IMG_1765505.png.webp\" \/>\n\t<meta property=\"og:image:width\" content=\"500\" \/>\n\t<meta property=\"og:image:height\" content=\"500\" \/>\n\t<meta property=\"og:image:type\" content=\"image\/webp\" \/>\n<meta name=\"twitter:card\" content=\"summary_large_image\" \/>\n<meta name=\"twitter:label1\" content=\"Est. reading time\" \/>\n\t<meta name=\"twitter:data1\" content=\"2 minutes\" \/>\n<script type=\"application\/ld+json\" class=\"yoast-schema-graph\">{\"@context\":\"https:\/\/schema.org\",\"@graph\":[{\"@type\":\"WebPage\",\"@id\":\"https:\/\/tecplan.com.es\/product\/unifi-next-gen-gateway-uxg-pro\/\",\"url\":\"https:\/\/tecplan.com.es\/product\/unifi-next-gen-gateway-uxg-pro\/\",\"name\":\"UniFi Next-Gen Gateway (UXG-Pro) - Tecplan\",\"isPartOf\":{\"@id\":\"https:\/\/tecplan.com.es\/#website\"},\"primaryImageOfPage\":{\"@id\":\"https:\/\/tecplan.com.es\/product\/unifi-next-gen-gateway-uxg-pro\/#primaryimage\"},\"image\":{\"@id\":\"https:\/\/tecplan.com.es\/product\/unifi-next-gen-gateway-uxg-pro\/#primaryimage\"},\"thumbnailUrl\":\"https:\/\/tecplan.com.es\/wp-content\/uploads\/2025\/08\/1654095250_IMG_1765505.png.webp\",\"datePublished\":\"2025-08-08T20:27:40+00:00\",\"dateModified\":\"2025-08-08T20:31:19+00:00\",\"breadcrumb\":{\"@id\":\"https:\/\/tecplan.com.es\/product\/unifi-next-gen-gateway-uxg-pro\/#breadcrumb\"},\"inLanguage\":\"en-US\",\"potentialAction\":[{\"@type\":\"ReadAction\",\"target\":[\"https:\/\/tecplan.com.es\/product\/unifi-next-gen-gateway-uxg-pro\/\"]}]},{\"@type\":\"ImageObject\",\"inLanguage\":\"en-US\",\"@id\":\"https:\/\/tecplan.com.es\/product\/unifi-next-gen-gateway-uxg-pro\/#primaryimage\",\"url\":\"https:\/\/tecplan.com.es\/wp-content\/uploads\/2025\/08\/1654095250_IMG_1765505.png.webp\",\"contentUrl\":\"https:\/\/tecplan.com.es\/wp-content\/uploads\/2025\/08\/1654095250_IMG_1765505.png.webp\",\"width\":500,\"height\":500},{\"@type\":\"BreadcrumbList\",\"@id\":\"https:\/\/tecplan.com.es\/product\/unifi-next-gen-gateway-uxg-pro\/#breadcrumb\",\"itemListElement\":[{\"@type\":\"ListItem\",\"position\":1,\"name\":\"Home\",\"item\":\"https:\/\/tecplan.com.es\/\"},{\"@type\":\"ListItem\",\"position\":2,\"name\":\"Shop\",\"item\":\"https:\/\/tecplan.com.es\/shop\/\"},{\"@type\":\"ListItem\",\"position\":3,\"name\":\"UniFi Next-Gen Gateway (UXG-Pro)\"}]},{\"@type\":\"WebSite\",\"@id\":\"https:\/\/tecplan.com.es\/#website\",\"url\":\"https:\/\/tecplan.com.es\/\",\"name\":\"Tecplan\",\"description\":\"\",\"potentialAction\":[{\"@type\":\"SearchAction\",\"target\":{\"@type\":\"EntryPoint\",\"urlTemplate\":\"https:\/\/tecplan.com.es\/?s={search_term_string}\"},\"query-input\":{\"@type\":\"PropertyValueSpecification\",\"valueRequired\":true,\"valueName\":\"search_term_string\"}}],\"inLanguage\":\"en-US\"}]}<\/script>\n<!-- \/ Yoast SEO plugin. -->","yoast_head_json":{"title":"UniFi Next-Gen Gateway (UXG-Pro) - Tecplan","robots":{"index":"index","follow":"follow","max-snippet":"max-snippet:-1","max-image-preview":"max-image-preview:large","max-video-preview":"max-video-preview:-1"},"canonical":"https:\/\/tecplan.com.es\/en\/product\/unifi-next-gen-gateway-uxg-pro\/","og_locale":"en_US","og_type":"article","og_title":"UniFi Next-Gen Gateway (UXG-Pro) - Tecplan","og_description":"UniFi\u00a0Next-Generation Gateway Pro\u00a0(UXG Pro) de\u00a0Ubiquiti Networks\u00a0es una poderosa puerta de enlace de seguridad que ofrece una interfaz de red vers\u00e1til y funcionalidad de administraci\u00f3n de amenazas de clase empresarial para redes medianas y grandes.   &nbsp;","og_url":"https:\/\/tecplan.com.es\/en\/product\/unifi-next-gen-gateway-uxg-pro\/","og_site_name":"Tecplan","article_modified_time":"2025-08-08T20:31:19+00:00","og_image":[{"width":500,"height":500,"url":"https:\/\/tecplan.com.es\/wp-content\/uploads\/2025\/08\/1654095250_IMG_1765505.png.webp","type":"image\/webp"}],"twitter_card":"summary_large_image","twitter_misc":{"Est. reading time":"2 minutes"},"schema":{"@context":"https:\/\/schema.org","@graph":[{"@type":"WebPage","@id":"https:\/\/tecplan.com.es\/product\/unifi-next-gen-gateway-uxg-pro\/","url":"https:\/\/tecplan.com.es\/product\/unifi-next-gen-gateway-uxg-pro\/","name":"UniFi Next-Gen Gateway (UXG-Pro) - Tecplan","isPartOf":{"@id":"https:\/\/tecplan.com.es\/#website"},"primaryImageOfPage":{"@id":"https:\/\/tecplan.com.es\/product\/unifi-next-gen-gateway-uxg-pro\/#primaryimage"},"image":{"@id":"https:\/\/tecplan.com.es\/product\/unifi-next-gen-gateway-uxg-pro\/#primaryimage"},"thumbnailUrl":"https:\/\/tecplan.com.es\/wp-content\/uploads\/2025\/08\/1654095250_IMG_1765505.png.webp","datePublished":"2025-08-08T20:27:40+00:00","dateModified":"2025-08-08T20:31:19+00:00","breadcrumb":{"@id":"https:\/\/tecplan.com.es\/product\/unifi-next-gen-gateway-uxg-pro\/#breadcrumb"},"inLanguage":"en-US","potentialAction":[{"@type":"ReadAction","target":["https:\/\/tecplan.com.es\/product\/unifi-next-gen-gateway-uxg-pro\/"]}]},{"@type":"ImageObject","inLanguage":"en-US","@id":"https:\/\/tecplan.com.es\/product\/unifi-next-gen-gateway-uxg-pro\/#primaryimage","url":"https:\/\/tecplan.com.es\/wp-content\/uploads\/2025\/08\/1654095250_IMG_1765505.png.webp","contentUrl":"https:\/\/tecplan.com.es\/wp-content\/uploads\/2025\/08\/1654095250_IMG_1765505.png.webp","width":500,"height":500},{"@type":"BreadcrumbList","@id":"https:\/\/tecplan.com.es\/product\/unifi-next-gen-gateway-uxg-pro\/#breadcrumb","itemListElement":[{"@type":"ListItem","position":1,"name":"Home","item":"https:\/\/tecplan.com.es\/"},{"@type":"ListItem","position":2,"name":"Shop","item":"https:\/\/tecplan.com.es\/shop\/"},{"@type":"ListItem","position":3,"name":"UniFi Next-Gen Gateway (UXG-Pro)"}]},{"@type":"WebSite","@id":"https:\/\/tecplan.com.es\/#website","url":"https:\/\/tecplan.com.es\/","name":"Tecplan","description":"","potentialAction":[{"@type":"SearchAction","target":{"@type":"EntryPoint","urlTemplate":"https:\/\/tecplan.com.es\/?s={search_term_string}"},"query-input":{"@type":"PropertyValueSpecification","valueRequired":true,"valueName":"search_term_string"}}],"inLanguage":"en-US"}]}},"_links":{"self":[{"href":"https:\/\/tecplan.com.es\/en\/wp-json\/wp\/v2\/product\/2393","targetHints":{"allow":["GET"]}}],"collection":[{"href":"https:\/\/tecplan.com.es\/en\/wp-json\/wp\/v2\/product"}],"about":[{"href":"https:\/\/tecplan.com.es\/en\/wp-json\/wp\/v2\/types\/product"}],"replies":[{"embeddable":true,"href":"https:\/\/tecplan.com.es\/en\/wp-json\/wp\/v2\/comments?post=2393"}],"version-history":[{"count":2,"href":"https:\/\/tecplan.com.es\/en\/wp-json\/wp\/v2\/product\/2393\/revisions"}],"predecessor-version":[{"id":2398,"href":"https:\/\/tecplan.com.es\/en\/wp-json\/wp\/v2\/product\/2393\/revisions\/2398"}],"wp:featuredmedia":[{"embeddable":true,"href":"https:\/\/tecplan.com.es\/en\/wp-json\/wp\/v2\/media\/2394"}],"wp:attachment":[{"href":"https:\/\/tecplan.com.es\/en\/wp-json\/wp\/v2\/media?parent=2393"}],"wp:term":[{"taxonomy":"product_brand","embeddable":true,"href":"https:\/\/tecplan.com.es\/en\/wp-json\/wp\/v2\/product_brand?post=2393"},{"taxonomy":"product_cat","embeddable":true,"href":"https:\/\/tecplan.com.es\/en\/wp-json\/wp\/v2\/product_cat?post=2393"},{"taxonomy":"product_tag","embeddable":true,"href":"https:\/\/tecplan.com.es\/en\/wp-json\/wp\/v2\/product_tag?post=2393"}],"curies":[{"name":"wp","href":"https:\/\/api.w.org\/{rel}","templated":true}]}}