{"id":2386,"date":"2025-08-08T19:45:13","date_gmt":"2025-08-08T19:45:13","guid":{"rendered":"https:\/\/tecplan.com.es\/?post_type=product&#038;p=2386"},"modified":"2025-08-08T19:57:02","modified_gmt":"2025-08-08T19:57:02","slug":"switch-netfiber-9-crs310-1g-5s-4sin","status":"publish","type":"product","link":"https:\/\/tecplan.com.es\/en\/product\/switch-netfiber-9-crs310-1g-5s-4sin\/","title":{"rendered":"Switch netFiber 9 CRS310-1G-5S-4S+IN"},"content":{"rendered":"<p style=\"text-align: justify;\">Este conmutador es una variaci\u00f3n para interiores del destacado conmutador netFiber 9, utilizado por muchos ISP peque\u00f1os y medianos para conexiones de fibra de 10 Gigabit confiables que se extienden a lo largo de 100 metros.\u00a0Con\u00a0<b>cinco<\/b>\u00a0puertos 1G SFP,\u00a0<b>cuatro puertos 10G SFP+<\/b>\u00a0y un\u00a0puerto\u00a0<b>Gigabit Ethernet adicional, esta es la actualizaci\u00f3n perfecta para las configuraciones CRS212 existentes.\u00a0<\/b>Obtiene la CPU ARM v7 moderna, 256 MB de RAM y una mejor refrigeraci\u00f3n.\u00a0\u00a1Los nuevos chips de interruptor Marvell aportan un rendimiento fenomenal a la mesa!<\/p>\n<p style=\"text-align: justify;\">El puerto Gigabit Ethernet tiene una conexi\u00f3n directa con el chip del conmutador, por lo que puede disfrutar all\u00ed de la m\u00e1xima velocidad de un gigabit.\u00a0Y es compatible con PoE-in, lo que le brinda una opci\u00f3n de alimentaci\u00f3n adicional en lugares dif\u00edciles.<\/p>\n<p style=\"text-align: justify;\">Puede montar este conmutador en un rack est\u00e1ndar de 1U para mantener todo organizado.\u00a0Y tiene toda la potencia que esperar\u00eda de un dispositivo de montaje en rack:\u00a0<b>CRS310 admite el filtrado de VLAN descargado por hardware.\u00a0E incluso alg\u00fan hardware descarg\u00f3 el enrutamiento de capa 3.<\/b><\/p>\n<p style=\"text-align: justify;\"><b>CRS310-1G-5S-4S+IN es una herramienta fant\u00e1stica para cualquier persona que trabaje con conexiones interiores de m\u00e1s de 100 metros mientras mantiene baja la p\u00e9rdida de datos y el ping.\u00a0<\/b>La fibra \u00f3ptica puede ser una excelente alternativa al cobre si le preocupan las interferencias electromagn\u00e9ticas, la manipulaci\u00f3n o las escuchas.<\/p>\n<h2>Specs<\/h2>\n<p>&nbsp;<\/p>\n<table class=\"table product-table\">\n<thead>\n<tr>\n<th colspan=\"2\">Details<\/th>\n<\/tr>\n<\/thead>\n<tbody>\n<tr>\n<td>Details<\/td>\n<td>CRS310-1G-5S-4S+IN<\/td>\n<\/tr>\n<tr>\n<td>Architecture<\/td>\n<td>brazo de 32 bits<\/td>\n<\/tr>\n<tr>\n<td>UPC<\/td>\n<td>98DX226S<\/td>\n<\/tr>\n<tr>\n<td>CPU core count<\/td>\n<td>1<\/td>\n<\/tr>\n<tr>\n<td>CPU nominal frequency<\/td>\n<td>800 MHz<\/td>\n<\/tr>\n<tr>\n<td>Cambiar el modelo de chip<\/td>\n<td>98DX226S<\/td>\n<\/tr>\n<tr>\n<td>Dimensions<\/td>\n<td>200x166x45mm<\/td>\n<\/tr>\n<tr>\n<td>Router operating system license<\/td>\n<td>5<\/td>\n<\/tr>\n<tr>\n<td>Operating system<\/td>\n<td><a href=\"https:\/\/help.mikrotik.com\/docs\/display\/ROS\/RouterOS\" target=\"_blank\" rel=\"noopener\">enrutadorOS<\/a><\/td>\n<\/tr>\n<tr>\n<td>RAM size<\/td>\n<td>256 MB<\/td>\n<\/tr>\n<tr>\n<td>Storage size<\/td>\n<td>16 MB<\/td>\n<\/tr>\n<tr>\n<td>Tipo de almacenamiento<\/td>\n<td>DESTELLO<\/td>\n<\/tr>\n<tr>\n<td>MTBF<\/td>\n<td>Aproximadamente 200\u2019000 horas a 25C<\/td>\n<\/tr>\n<tr>\n<td>Tested ambient temperature<\/td>\n<td>-40\u00b0C a 70\u00b0C<\/td>\n<\/tr>\n<\/tbody>\n<\/table>\n<p>&nbsp;<\/p>\n<p><!--more--><\/p>\n<h5 style=\"text-align: justify;\"><span style=\"text-decoration: underline;\"><strong>DOWNLOADS<\/strong><\/span><\/h5>\n<ul style=\"text-align: justify;\">\n<li><a href=\"https:\/\/drive.google.com\/file\/d\/1Kmx8cjKdDy-LWjfnpVXxH1itA9At5WCo\/view?usp=sharing\">\u2192 Technical specifications<\/a><\/li>\n<\/ul>","protected":false},"excerpt":{"rendered":"<p style=\"text-align: justify;\">Conectividad de fibra de 10 Gigabit a m\u00e1s de 100 metros, para peque\u00f1as oficinas o ISP. \u00a1Filtrado de VLAN de descarga de hardware e incluso enrutamiento L3 con un presupuesto.<\/p>\n<p><img decoding=\"async\" class=\"wp-image-2211 aligncenter\" src=\"https:\/\/tecplan.com.es\/wp-content\/uploads\/2025\/07\/2560px-MikroTik_logo-300x73.png\" alt=\"\" width=\"185\" height=\"45\" srcset=\"https:\/\/tecplan.com.es\/wp-content\/uploads\/2025\/07\/2560px-MikroTik_logo-300x73.png 300w, https:\/\/tecplan.com.es\/wp-content\/uploads\/2025\/07\/2560px-MikroTik_logo-1024x250.png 1024w, https:\/\/tecplan.com.es\/wp-content\/uploads\/2025\/07\/2560px-MikroTik_logo-768x187.png 768w, https:\/\/tecplan.com.es\/wp-content\/uploads\/2025\/07\/2560px-MikroTik_logo-1536x374.png 1536w, https:\/\/tecplan.com.es\/wp-content\/uploads\/2025\/07\/2560px-MikroTik_logo-2048x499.png 2048w, https:\/\/tecplan.com.es\/wp-content\/uploads\/2025\/07\/2560px-MikroTik_logo-18x4.png 18w, https:\/\/tecplan.com.es\/wp-content\/uploads\/2025\/07\/2560px-MikroTik_logo-600x146.png 600w\" sizes=\"(max-width: 185px) 100vw, 185px\" \/><\/p>","protected":false},"featured_media":2390,"comment_status":"open","ping_status":"closed","template":"","meta":{"site-sidebar-layout":"default","site-content-layout":"","ast-site-content-layout":"default","site-content-style":"default","site-sidebar-style":"default","ast-global-header-display":"","ast-banner-title-visibility":"","ast-main-header-display":"","ast-hfb-above-header-display":"","ast-hfb-below-header-display":"","ast-hfb-mobile-header-display":"","site-post-title":"","ast-breadcrumbs-content":"","ast-featured-img":"","footer-sml-layout":"","ast-disable-related-posts":"","theme-transparent-header-meta":"default","adv-header-id-meta":"","stick-header-meta":"","header-above-stick-meta":"","header-main-stick-meta":"","header-below-stick-meta":"","astra-migrate-meta-layouts":"set","ast-page-background-enabled":"default","ast-page-background-meta":{"desktop":{"background-color":"var(--ast-global-color-5)","background-image":"","background-repeat":"repeat","background-position":"center center","background-size":"auto","background-attachment":"scroll","background-type":"","background-media":"","overlay-type":"","overlay-color":"","overlay-opacity":"","overlay-gradient":""},"tablet":{"background-color":"","background-image":"","background-repeat":"repeat","background-position":"center center","background-size":"auto","background-attachment":"scroll","background-type":"","background-media":"","overlay-type":"","overlay-color":"","overlay-opacity":"","overlay-gradient":""},"mobile":{"background-color":"","background-image":"","background-repeat":"repeat","background-position":"center center","background-size":"auto","background-attachment":"scroll","background-type":"","background-media":"","overlay-type":"","overlay-color":"","overlay-opacity":"","overlay-gradient":""}},"ast-content-background-meta":{"desktop":{"background-color":"var(--ast-global-color-4)","background-image":"","background-repeat":"repeat","background-position":"center center","background-size":"auto","background-attachment":"scroll","background-type":"","background-media":"","overlay-type":"","overlay-color":"","overlay-opacity":"","overlay-gradient":""},"tablet":{"background-color":"var(--ast-global-color-4)","background-image":"","background-repeat":"repeat","background-position":"center center","background-size":"auto","background-attachment":"scroll","background-type":"","background-media":"","overlay-type":"","overlay-color":"","overlay-opacity":"","overlay-gradient":""},"mobile":{"background-color":"var(--ast-global-color-4)","background-image":"","background-repeat":"repeat","background-position":"center center","background-size":"auto","background-attachment":"scroll","background-type":"","background-media":"","overlay-type":"","overlay-color":"","overlay-opacity":"","overlay-gradient":""}}},"product_brand":[243],"product_cat":[125,96,128],"product_tag":[249],"class_list":{"0":"post-2386","1":"product","2":"type-product","3":"status-publish","4":"has-post-thumbnail","6":"product_brand-mikrotik","7":"product_cat-mikrotik","8":"product_cat-networking","9":"product_cat-switch-mikrotik","10":"product_tag-mik","11":"desktop-align-left","12":"tablet-align-left","13":"mobile-align-left","15":"first","16":"instock","17":"shipping-taxable","18":"product-type-simple"},"yoast_head":"<!-- This site is optimized with the Yoast SEO plugin v25.3 - https:\/\/yoast.com\/wordpress\/plugins\/seo\/ -->\n<title>Switch netFiber 9 CRS310-1G-5S-4S+IN - Tecplan<\/title>\n<meta name=\"robots\" content=\"index, follow, max-snippet:-1, max-image-preview:large, max-video-preview:-1\" \/>\n<link rel=\"canonical\" href=\"https:\/\/tecplan.com.es\/en\/product\/switch-netfiber-9-crs310-1g-5s-4sin\/\" \/>\n<meta property=\"og:locale\" content=\"en_US\" \/>\n<meta property=\"og:type\" content=\"article\" \/>\n<meta property=\"og:title\" content=\"Switch netFiber 9 CRS310-1G-5S-4S+IN - Tecplan\" \/>\n<meta property=\"og:description\" content=\"Conectividad de fibra de 10 Gigabit a m\u00e1s de 100 metros, para peque\u00f1as oficinas o ISP. \u00a1Filtrado de VLAN de descarga de hardware e incluso enrutamiento L3 con un presupuesto.\" \/>\n<meta property=\"og:url\" content=\"https:\/\/tecplan.com.es\/en\/product\/switch-netfiber-9-crs310-1g-5s-4sin\/\" \/>\n<meta property=\"og:site_name\" content=\"Tecplan\" \/>\n<meta property=\"article:modified_time\" content=\"2025-08-08T19:57:02+00:00\" \/>\n<meta property=\"og:image\" content=\"https:\/\/tecplan.com.es\/wp-content\/uploads\/2025\/08\/CRS310-1G-5S-4SIN-02-1.jpg\" \/>\n\t<meta property=\"og:image:width\" content=\"2000\" \/>\n\t<meta property=\"og:image:height\" content=\"2000\" \/>\n\t<meta property=\"og:image:type\" content=\"image\/jpeg\" \/>\n<meta name=\"twitter:card\" content=\"summary_large_image\" \/>\n<meta name=\"twitter:label1\" content=\"Est. reading time\" \/>\n\t<meta name=\"twitter:data1\" content=\"2 minutes\" \/>\n<script type=\"application\/ld+json\" class=\"yoast-schema-graph\">{\"@context\":\"https:\/\/schema.org\",\"@graph\":[{\"@type\":\"WebPage\",\"@id\":\"https:\/\/tecplan.com.es\/product\/switch-netfiber-9-crs310-1g-5s-4sin\/\",\"url\":\"https:\/\/tecplan.com.es\/product\/switch-netfiber-9-crs310-1g-5s-4sin\/\",\"name\":\"Switch netFiber 9 CRS310-1G-5S-4S+IN - Tecplan\",\"isPartOf\":{\"@id\":\"https:\/\/tecplan.com.es\/#website\"},\"primaryImageOfPage\":{\"@id\":\"https:\/\/tecplan.com.es\/product\/switch-netfiber-9-crs310-1g-5s-4sin\/#primaryimage\"},\"image\":{\"@id\":\"https:\/\/tecplan.com.es\/product\/switch-netfiber-9-crs310-1g-5s-4sin\/#primaryimage\"},\"thumbnailUrl\":\"https:\/\/tecplan.com.es\/wp-content\/uploads\/2025\/08\/CRS310-1G-5S-4SIN-02-1.jpg\",\"datePublished\":\"2025-08-08T19:45:13+00:00\",\"dateModified\":\"2025-08-08T19:57:02+00:00\",\"breadcrumb\":{\"@id\":\"https:\/\/tecplan.com.es\/product\/switch-netfiber-9-crs310-1g-5s-4sin\/#breadcrumb\"},\"inLanguage\":\"en-US\",\"potentialAction\":[{\"@type\":\"ReadAction\",\"target\":[\"https:\/\/tecplan.com.es\/product\/switch-netfiber-9-crs310-1g-5s-4sin\/\"]}]},{\"@type\":\"ImageObject\",\"inLanguage\":\"en-US\",\"@id\":\"https:\/\/tecplan.com.es\/product\/switch-netfiber-9-crs310-1g-5s-4sin\/#primaryimage\",\"url\":\"https:\/\/tecplan.com.es\/wp-content\/uploads\/2025\/08\/CRS310-1G-5S-4SIN-02-1.jpg\",\"contentUrl\":\"https:\/\/tecplan.com.es\/wp-content\/uploads\/2025\/08\/CRS310-1G-5S-4SIN-02-1.jpg\",\"width\":2000,\"height\":2000},{\"@type\":\"BreadcrumbList\",\"@id\":\"https:\/\/tecplan.com.es\/product\/switch-netfiber-9-crs310-1g-5s-4sin\/#breadcrumb\",\"itemListElement\":[{\"@type\":\"ListItem\",\"position\":1,\"name\":\"Home\",\"item\":\"https:\/\/tecplan.com.es\/\"},{\"@type\":\"ListItem\",\"position\":2,\"name\":\"Shop\",\"item\":\"https:\/\/tecplan.com.es\/shop\/\"},{\"@type\":\"ListItem\",\"position\":3,\"name\":\"Switch netFiber 9 CRS310-1G-5S-4S+IN\"}]},{\"@type\":\"WebSite\",\"@id\":\"https:\/\/tecplan.com.es\/#website\",\"url\":\"https:\/\/tecplan.com.es\/\",\"name\":\"Tecplan\",\"description\":\"\",\"potentialAction\":[{\"@type\":\"SearchAction\",\"target\":{\"@type\":\"EntryPoint\",\"urlTemplate\":\"https:\/\/tecplan.com.es\/?s={search_term_string}\"},\"query-input\":{\"@type\":\"PropertyValueSpecification\",\"valueRequired\":true,\"valueName\":\"search_term_string\"}}],\"inLanguage\":\"en-US\"}]}<\/script>\n<!-- \/ Yoast SEO plugin. -->","yoast_head_json":{"title":"Switch netFiber 9 CRS310-1G-5S-4S+IN - Tecplan","robots":{"index":"index","follow":"follow","max-snippet":"max-snippet:-1","max-image-preview":"max-image-preview:large","max-video-preview":"max-video-preview:-1"},"canonical":"https:\/\/tecplan.com.es\/en\/product\/switch-netfiber-9-crs310-1g-5s-4sin\/","og_locale":"en_US","og_type":"article","og_title":"Switch netFiber 9 CRS310-1G-5S-4S+IN - Tecplan","og_description":"Conectividad de fibra de 10 Gigabit a m\u00e1s de 100 metros, para peque\u00f1as oficinas o ISP. \u00a1Filtrado de VLAN de descarga de hardware e incluso enrutamiento L3 con un presupuesto.","og_url":"https:\/\/tecplan.com.es\/en\/product\/switch-netfiber-9-crs310-1g-5s-4sin\/","og_site_name":"Tecplan","article_modified_time":"2025-08-08T19:57:02+00:00","og_image":[{"width":2000,"height":2000,"url":"https:\/\/tecplan.com.es\/wp-content\/uploads\/2025\/08\/CRS310-1G-5S-4SIN-02-1.jpg","type":"image\/jpeg"}],"twitter_card":"summary_large_image","twitter_misc":{"Est. reading time":"2 minutes"},"schema":{"@context":"https:\/\/schema.org","@graph":[{"@type":"WebPage","@id":"https:\/\/tecplan.com.es\/product\/switch-netfiber-9-crs310-1g-5s-4sin\/","url":"https:\/\/tecplan.com.es\/product\/switch-netfiber-9-crs310-1g-5s-4sin\/","name":"Switch netFiber 9 CRS310-1G-5S-4S+IN - Tecplan","isPartOf":{"@id":"https:\/\/tecplan.com.es\/#website"},"primaryImageOfPage":{"@id":"https:\/\/tecplan.com.es\/product\/switch-netfiber-9-crs310-1g-5s-4sin\/#primaryimage"},"image":{"@id":"https:\/\/tecplan.com.es\/product\/switch-netfiber-9-crs310-1g-5s-4sin\/#primaryimage"},"thumbnailUrl":"https:\/\/tecplan.com.es\/wp-content\/uploads\/2025\/08\/CRS310-1G-5S-4SIN-02-1.jpg","datePublished":"2025-08-08T19:45:13+00:00","dateModified":"2025-08-08T19:57:02+00:00","breadcrumb":{"@id":"https:\/\/tecplan.com.es\/product\/switch-netfiber-9-crs310-1g-5s-4sin\/#breadcrumb"},"inLanguage":"en-US","potentialAction":[{"@type":"ReadAction","target":["https:\/\/tecplan.com.es\/product\/switch-netfiber-9-crs310-1g-5s-4sin\/"]}]},{"@type":"ImageObject","inLanguage":"en-US","@id":"https:\/\/tecplan.com.es\/product\/switch-netfiber-9-crs310-1g-5s-4sin\/#primaryimage","url":"https:\/\/tecplan.com.es\/wp-content\/uploads\/2025\/08\/CRS310-1G-5S-4SIN-02-1.jpg","contentUrl":"https:\/\/tecplan.com.es\/wp-content\/uploads\/2025\/08\/CRS310-1G-5S-4SIN-02-1.jpg","width":2000,"height":2000},{"@type":"BreadcrumbList","@id":"https:\/\/tecplan.com.es\/product\/switch-netfiber-9-crs310-1g-5s-4sin\/#breadcrumb","itemListElement":[{"@type":"ListItem","position":1,"name":"Home","item":"https:\/\/tecplan.com.es\/"},{"@type":"ListItem","position":2,"name":"Shop","item":"https:\/\/tecplan.com.es\/shop\/"},{"@type":"ListItem","position":3,"name":"Switch netFiber 9 CRS310-1G-5S-4S+IN"}]},{"@type":"WebSite","@id":"https:\/\/tecplan.com.es\/#website","url":"https:\/\/tecplan.com.es\/","name":"Tecplan","description":"","potentialAction":[{"@type":"SearchAction","target":{"@type":"EntryPoint","urlTemplate":"https:\/\/tecplan.com.es\/?s={search_term_string}"},"query-input":{"@type":"PropertyValueSpecification","valueRequired":true,"valueName":"search_term_string"}}],"inLanguage":"en-US"}]}},"_links":{"self":[{"href":"https:\/\/tecplan.com.es\/en\/wp-json\/wp\/v2\/product\/2386","targetHints":{"allow":["GET"]}}],"collection":[{"href":"https:\/\/tecplan.com.es\/en\/wp-json\/wp\/v2\/product"}],"about":[{"href":"https:\/\/tecplan.com.es\/en\/wp-json\/wp\/v2\/types\/product"}],"replies":[{"embeddable":true,"href":"https:\/\/tecplan.com.es\/en\/wp-json\/wp\/v2\/comments?post=2386"}],"version-history":[{"count":2,"href":"https:\/\/tecplan.com.es\/en\/wp-json\/wp\/v2\/product\/2386\/revisions"}],"predecessor-version":[{"id":2392,"href":"https:\/\/tecplan.com.es\/en\/wp-json\/wp\/v2\/product\/2386\/revisions\/2392"}],"wp:featuredmedia":[{"embeddable":true,"href":"https:\/\/tecplan.com.es\/en\/wp-json\/wp\/v2\/media\/2390"}],"wp:attachment":[{"href":"https:\/\/tecplan.com.es\/en\/wp-json\/wp\/v2\/media?parent=2386"}],"wp:term":[{"taxonomy":"product_brand","embeddable":true,"href":"https:\/\/tecplan.com.es\/en\/wp-json\/wp\/v2\/product_brand?post=2386"},{"taxonomy":"product_cat","embeddable":true,"href":"https:\/\/tecplan.com.es\/en\/wp-json\/wp\/v2\/product_cat?post=2386"},{"taxonomy":"product_tag","embeddable":true,"href":"https:\/\/tecplan.com.es\/en\/wp-json\/wp\/v2\/product_tag?post=2386"}],"curies":[{"name":"wp","href":"https:\/\/api.w.org\/{rel}","templated":true}]}}