{"id":2368,"date":"2025-07-28T20:27:14","date_gmt":"2025-07-28T20:27:14","guid":{"rendered":"https:\/\/tecplan.com.es\/?post_type=product&#038;p=2368"},"modified":"2026-01-02T21:48:13","modified_gmt":"2026-01-02T21:48:13","slug":"b5-backhaul-integrado","status":"publish","type":"product","link":"https:\/\/tecplan.com.es\/en\/product\/b5-backhaul-integrado\/","title":{"rendered":"B5 Integrated Backhaul"},"content":{"rendered":"<p style=\"text-align: justify;\"><strong>El dise\u00f1o IP67 de grado portador permite que el B5 y el B5c soporten las condiciones ambientales m\u00e1s duras.<\/strong><\/p>\n<p style=\"text-align: justify;\">La antena integrada de alta ganancia y el montaje r\u00e1pido s\u00faper f\u00e1cil le permiten instalar el B5 en minutos y apuntarlo con precisi\u00f3n con su tel\u00e9fono inteligente a trav\u00e9s de Wi-Fi.<\/p>\n<p style=\"text-align: justify;\">Las soluciones t\u00edpicas de backhaul desperdician espectro con cada enlace instalado y afectan la capacidad de la red.\u00a0La exclusiva tecnolog\u00eda de sincronizaci\u00f3n GPS de alta precisi\u00f3n permite que los productos Mimosa B5 y B5c reutilicen el mismo canal en toda la red, y hasta 4 enlaces pueden coordinarse autom\u00e1ticamente.<\/p>\n<p style=\"text-align: justify;\">El espectro sin licencia puede ser impredecible.\u00a0Por lo tanto, Mimosa dise\u00f1\u00f3 a medida una tecnolog\u00eda multicanal \u00fanica y autom\u00e1tica para proteger sus enlaces cuando encuentra interferencias.\u00a0El B5 y el B5c mantienen sus enlaces autom\u00e1ticamente con dos canales operativos independientes y se adaptan utilizando nuestra tecnolog\u00eda de auto-todo para resolver problemas de manera proactiva para ofrecer una velocidad y confiabilidad de enlace \u00f3ptimas.\u00a0\u00a1Es como 2 enlaces inteligentes en una sola radio!<\/p>\n<p style=\"text-align: justify;\">Galardonado con el backhaul sin licencia m\u00e1s r\u00e1pido de la industria, el B5 y el B5c tambi\u00e9n brindan amplias opciones de control de ancho de banda.\u00a0Los modos din\u00e1micos se adaptan autom\u00e1ticamente a la demanda de tr\u00e1fico y proporcionan una latencia de enlace ultrabaja de ~1 ms para servicios de comunicaciones de voz y video confidenciales.\u00a0Mientras que el ancho de banda reservado y los modos de sincronizaci\u00f3n GPS permiten una reserva de direcci\u00f3n de tr\u00e1fico sim\u00e9trica o 75\/25.<\/p>\n<p style=\"text-align: justify;\">Inmediatamente despu\u00e9s de la instalaci\u00f3n, sus enlaces est\u00e1n listos para ser monitoreados a trav\u00e9s del servicio gratuito Mimosa Cloud.\u00a0Con una gran recopilaci\u00f3n y an\u00e1lisis de datos, evaluar el estado del enlace e identificar problemas potenciales nunca ha sido tan f\u00e1cil.<\/p>\n<p><!--more--><\/p>\n<h5 style=\"text-align: justify;\"><span style=\"text-decoration: underline;\"><strong>DOWNLOADS<\/strong><\/span><\/h5>\n<ul style=\"text-align: justify;\">\n<li><a href=\"https:\/\/drive.google.com\/file\/d\/1HiEb9hwJEv-tAxw4ff6h6nbd0YpXfg4L\/view?usp=sharing\">\u2192 Technical specifications<\/a><\/li>\n<\/ul>","protected":false},"excerpt":{"rendered":"<p style=\"text-align: justify;\">El backhaul de Mimosa B5 es la soluci\u00f3n de backhaul de 5 GHz sin licencia m\u00e1s f\u00e1cil de implementar y de mayor capacidad para aplicaciones de enlace de rango corto y medio.<\/p>\n<p><img decoding=\"async\" class=\"wp-image-2052 aligncenter\" src=\"https:\/\/tecplan.com.es\/wp-content\/uploads\/2025\/06\/mimosa_logo-300x71.png\" alt=\"\" width=\"228\" height=\"54\" srcset=\"https:\/\/tecplan.com.es\/wp-content\/uploads\/2025\/06\/mimosa_logo-300x71.png 300w, https:\/\/tecplan.com.es\/wp-content\/uploads\/2025\/06\/mimosa_logo-1024x243.png 1024w, https:\/\/tecplan.com.es\/wp-content\/uploads\/2025\/06\/mimosa_logo-768x182.png 768w, https:\/\/tecplan.com.es\/wp-content\/uploads\/2025\/06\/mimosa_logo-1536x364.png 1536w, https:\/\/tecplan.com.es\/wp-content\/uploads\/2025\/06\/mimosa_logo-18x4.png 18w, https:\/\/tecplan.com.es\/wp-content\/uploads\/2025\/06\/mimosa_logo-600x142.png 600w, https:\/\/tecplan.com.es\/wp-content\/uploads\/2025\/06\/mimosa_logo.png 1775w\" sizes=\"(max-width: 228px) 100vw, 228px\" \/><\/p>","protected":false},"featured_media":2372,"comment_status":"open","ping_status":"closed","template":"","meta":{"site-sidebar-layout":"default","site-content-layout":"","ast-site-content-layout":"default","site-content-style":"default","site-sidebar-style":"default","ast-global-header-display":"","ast-banner-title-visibility":"","ast-main-header-display":"","ast-hfb-above-header-display":"","ast-hfb-below-header-display":"","ast-hfb-mobile-header-display":"","site-post-title":"","ast-breadcrumbs-content":"","ast-featured-img":"","footer-sml-layout":"","ast-disable-related-posts":"","theme-transparent-header-meta":"default","adv-header-id-meta":"","stick-header-meta":"","header-above-stick-meta":"","header-main-stick-meta":"","header-below-stick-meta":"","astra-migrate-meta-layouts":"set","ast-page-background-enabled":"default","ast-page-background-meta":{"desktop":{"background-color":"var(--ast-global-color-5)","background-image":"","background-repeat":"repeat","background-position":"center center","background-size":"auto","background-attachment":"scroll","background-type":"","background-media":"","overlay-type":"","overlay-color":"","overlay-opacity":"","overlay-gradient":""},"tablet":{"background-color":"","background-image":"","background-repeat":"repeat","background-position":"center center","background-size":"auto","background-attachment":"scroll","background-type":"","background-media":"","overlay-type":"","overlay-color":"","overlay-opacity":"","overlay-gradient":""},"mobile":{"background-color":"","background-image":"","background-repeat":"repeat","background-position":"center center","background-size":"auto","background-attachment":"scroll","background-type":"","background-media":"","overlay-type":"","overlay-color":"","overlay-opacity":"","overlay-gradient":""}},"ast-content-background-meta":{"desktop":{"background-color":"var(--ast-global-color-4)","background-image":"","background-repeat":"repeat","background-position":"center center","background-size":"auto","background-attachment":"scroll","background-type":"","background-media":"","overlay-type":"","overlay-color":"","overlay-opacity":"","overlay-gradient":""},"tablet":{"background-color":"var(--ast-global-color-4)","background-image":"","background-repeat":"repeat","background-position":"center center","background-size":"auto","background-attachment":"scroll","background-type":"","background-media":"","overlay-type":"","overlay-color":"","overlay-opacity":"","overlay-gradient":""},"mobile":{"background-color":"var(--ast-global-color-4)","background-image":"","background-repeat":"repeat","background-position":"center center","background-size":"auto","background-attachment":"scroll","background-type":"","background-media":"","overlay-type":"","overlay-color":"","overlay-opacity":"","overlay-gradient":""}}},"product_brand":[239],"product_cat":[124,122,96],"product_tag":[213],"class_list":{"0":"post-2368","1":"product","2":"type-product","3":"status-publish","4":"has-post-thumbnail","6":"product_brand-mimosa","7":"product_cat-enlace-punto-a-punto","8":"product_cat-mimosa","9":"product_cat-networking","10":"product_tag-mimosa","11":"desktop-align-left","12":"tablet-align-left","13":"mobile-align-left","15":"first","16":"instock","17":"shipping-taxable","18":"product-type-simple"},"yoast_head":"<!-- This site is optimized with the Yoast SEO plugin v25.3 - https:\/\/yoast.com\/wordpress\/plugins\/seo\/ -->\n<title>B5 Backhaul integrado - Tecplan<\/title>\n<meta name=\"robots\" content=\"index, follow, max-snippet:-1, max-image-preview:large, max-video-preview:-1\" \/>\n<link rel=\"canonical\" href=\"https:\/\/tecplan.com.es\/en\/product\/b5-backhaul-integrado\/\" \/>\n<meta property=\"og:locale\" content=\"en_US\" \/>\n<meta property=\"og:type\" content=\"article\" \/>\n<meta property=\"og:title\" content=\"B5 Backhaul integrado - Tecplan\" \/>\n<meta property=\"og:description\" content=\"El backhaul de Mimosa B5 es la soluci\u00f3n de backhaul de 5 GHz sin licencia m\u00e1s f\u00e1cil de implementar y de mayor capacidad para aplicaciones de enlace de rango corto y medio.\" \/>\n<meta property=\"og:url\" content=\"https:\/\/tecplan.com.es\/en\/product\/b5-backhaul-integrado\/\" \/>\n<meta property=\"og:site_name\" content=\"Tecplan\" \/>\n<meta property=\"article:modified_time\" content=\"2026-01-02T21:48:13+00:00\" \/>\n<meta property=\"og:image\" content=\"https:\/\/tecplan.com.es\/wp-content\/uploads\/2025\/07\/b5_main.png.webp\" \/>\n\t<meta property=\"og:image:width\" content=\"1226\" \/>\n\t<meta property=\"og:image:height\" content=\"1232\" \/>\n\t<meta property=\"og:image:type\" content=\"image\/webp\" \/>\n<meta name=\"twitter:card\" content=\"summary_large_image\" \/>\n<meta name=\"twitter:label1\" content=\"Est. reading time\" \/>\n\t<meta name=\"twitter:data1\" content=\"2 minutes\" \/>\n<script type=\"application\/ld+json\" class=\"yoast-schema-graph\">{\"@context\":\"https:\/\/schema.org\",\"@graph\":[{\"@type\":\"WebPage\",\"@id\":\"https:\/\/tecplan.com.es\/product\/b5-backhaul-integrado\/\",\"url\":\"https:\/\/tecplan.com.es\/product\/b5-backhaul-integrado\/\",\"name\":\"B5 Backhaul integrado - Tecplan\",\"isPartOf\":{\"@id\":\"https:\/\/tecplan.com.es\/#website\"},\"primaryImageOfPage\":{\"@id\":\"https:\/\/tecplan.com.es\/product\/b5-backhaul-integrado\/#primaryimage\"},\"image\":{\"@id\":\"https:\/\/tecplan.com.es\/product\/b5-backhaul-integrado\/#primaryimage\"},\"thumbnailUrl\":\"https:\/\/tecplan.com.es\/wp-content\/uploads\/2025\/07\/b5_main.png.webp\",\"datePublished\":\"2025-07-28T20:27:14+00:00\",\"dateModified\":\"2026-01-02T21:48:13+00:00\",\"breadcrumb\":{\"@id\":\"https:\/\/tecplan.com.es\/product\/b5-backhaul-integrado\/#breadcrumb\"},\"inLanguage\":\"en-US\",\"potentialAction\":[{\"@type\":\"ReadAction\",\"target\":[\"https:\/\/tecplan.com.es\/product\/b5-backhaul-integrado\/\"]}]},{\"@type\":\"ImageObject\",\"inLanguage\":\"en-US\",\"@id\":\"https:\/\/tecplan.com.es\/product\/b5-backhaul-integrado\/#primaryimage\",\"url\":\"https:\/\/tecplan.com.es\/wp-content\/uploads\/2025\/07\/b5_main.png.webp\",\"contentUrl\":\"https:\/\/tecplan.com.es\/wp-content\/uploads\/2025\/07\/b5_main.png.webp\",\"width\":1226,\"height\":1232},{\"@type\":\"BreadcrumbList\",\"@id\":\"https:\/\/tecplan.com.es\/product\/b5-backhaul-integrado\/#breadcrumb\",\"itemListElement\":[{\"@type\":\"ListItem\",\"position\":1,\"name\":\"Home\",\"item\":\"https:\/\/tecplan.com.es\/\"},{\"@type\":\"ListItem\",\"position\":2,\"name\":\"Shop\",\"item\":\"https:\/\/tecplan.com.es\/shop\/\"},{\"@type\":\"ListItem\",\"position\":3,\"name\":\"B5 Backhaul integrado\"}]},{\"@type\":\"WebSite\",\"@id\":\"https:\/\/tecplan.com.es\/#website\",\"url\":\"https:\/\/tecplan.com.es\/\",\"name\":\"Tecplan\",\"description\":\"\",\"potentialAction\":[{\"@type\":\"SearchAction\",\"target\":{\"@type\":\"EntryPoint\",\"urlTemplate\":\"https:\/\/tecplan.com.es\/?s={search_term_string}\"},\"query-input\":{\"@type\":\"PropertyValueSpecification\",\"valueRequired\":true,\"valueName\":\"search_term_string\"}}],\"inLanguage\":\"en-US\"}]}<\/script>\n<!-- \/ Yoast SEO plugin. -->","yoast_head_json":{"title":"B5 Backhaul integrado - Tecplan","robots":{"index":"index","follow":"follow","max-snippet":"max-snippet:-1","max-image-preview":"max-image-preview:large","max-video-preview":"max-video-preview:-1"},"canonical":"https:\/\/tecplan.com.es\/en\/product\/b5-backhaul-integrado\/","og_locale":"en_US","og_type":"article","og_title":"B5 Backhaul integrado - Tecplan","og_description":"El backhaul de Mimosa B5 es la soluci\u00f3n de backhaul de 5 GHz sin licencia m\u00e1s f\u00e1cil de implementar y de mayor capacidad para aplicaciones de enlace de rango corto y medio.","og_url":"https:\/\/tecplan.com.es\/en\/product\/b5-backhaul-integrado\/","og_site_name":"Tecplan","article_modified_time":"2026-01-02T21:48:13+00:00","og_image":[{"width":1226,"height":1232,"url":"https:\/\/tecplan.com.es\/wp-content\/uploads\/2025\/07\/b5_main.png.webp","type":"image\/webp"}],"twitter_card":"summary_large_image","twitter_misc":{"Est. reading time":"2 minutes"},"schema":{"@context":"https:\/\/schema.org","@graph":[{"@type":"WebPage","@id":"https:\/\/tecplan.com.es\/product\/b5-backhaul-integrado\/","url":"https:\/\/tecplan.com.es\/product\/b5-backhaul-integrado\/","name":"B5 Backhaul integrado - Tecplan","isPartOf":{"@id":"https:\/\/tecplan.com.es\/#website"},"primaryImageOfPage":{"@id":"https:\/\/tecplan.com.es\/product\/b5-backhaul-integrado\/#primaryimage"},"image":{"@id":"https:\/\/tecplan.com.es\/product\/b5-backhaul-integrado\/#primaryimage"},"thumbnailUrl":"https:\/\/tecplan.com.es\/wp-content\/uploads\/2025\/07\/b5_main.png.webp","datePublished":"2025-07-28T20:27:14+00:00","dateModified":"2026-01-02T21:48:13+00:00","breadcrumb":{"@id":"https:\/\/tecplan.com.es\/product\/b5-backhaul-integrado\/#breadcrumb"},"inLanguage":"en-US","potentialAction":[{"@type":"ReadAction","target":["https:\/\/tecplan.com.es\/product\/b5-backhaul-integrado\/"]}]},{"@type":"ImageObject","inLanguage":"en-US","@id":"https:\/\/tecplan.com.es\/product\/b5-backhaul-integrado\/#primaryimage","url":"https:\/\/tecplan.com.es\/wp-content\/uploads\/2025\/07\/b5_main.png.webp","contentUrl":"https:\/\/tecplan.com.es\/wp-content\/uploads\/2025\/07\/b5_main.png.webp","width":1226,"height":1232},{"@type":"BreadcrumbList","@id":"https:\/\/tecplan.com.es\/product\/b5-backhaul-integrado\/#breadcrumb","itemListElement":[{"@type":"ListItem","position":1,"name":"Home","item":"https:\/\/tecplan.com.es\/"},{"@type":"ListItem","position":2,"name":"Shop","item":"https:\/\/tecplan.com.es\/shop\/"},{"@type":"ListItem","position":3,"name":"B5 Backhaul integrado"}]},{"@type":"WebSite","@id":"https:\/\/tecplan.com.es\/#website","url":"https:\/\/tecplan.com.es\/","name":"Tecplan","description":"","potentialAction":[{"@type":"SearchAction","target":{"@type":"EntryPoint","urlTemplate":"https:\/\/tecplan.com.es\/?s={search_term_string}"},"query-input":{"@type":"PropertyValueSpecification","valueRequired":true,"valueName":"search_term_string"}}],"inLanguage":"en-US"}]}},"_links":{"self":[{"href":"https:\/\/tecplan.com.es\/en\/wp-json\/wp\/v2\/product\/2368","targetHints":{"allow":["GET"]}}],"collection":[{"href":"https:\/\/tecplan.com.es\/en\/wp-json\/wp\/v2\/product"}],"about":[{"href":"https:\/\/tecplan.com.es\/en\/wp-json\/wp\/v2\/types\/product"}],"replies":[{"embeddable":true,"href":"https:\/\/tecplan.com.es\/en\/wp-json\/wp\/v2\/comments?post=2368"}],"version-history":[{"count":3,"href":"https:\/\/tecplan.com.es\/en\/wp-json\/wp\/v2\/product\/2368\/revisions"}],"predecessor-version":[{"id":4898,"href":"https:\/\/tecplan.com.es\/en\/wp-json\/wp\/v2\/product\/2368\/revisions\/4898"}],"wp:featuredmedia":[{"embeddable":true,"href":"https:\/\/tecplan.com.es\/en\/wp-json\/wp\/v2\/media\/2372"}],"wp:attachment":[{"href":"https:\/\/tecplan.com.es\/en\/wp-json\/wp\/v2\/media?parent=2368"}],"wp:term":[{"taxonomy":"product_brand","embeddable":true,"href":"https:\/\/tecplan.com.es\/en\/wp-json\/wp\/v2\/product_brand?post=2368"},{"taxonomy":"product_cat","embeddable":true,"href":"https:\/\/tecplan.com.es\/en\/wp-json\/wp\/v2\/product_cat?post=2368"},{"taxonomy":"product_tag","embeddable":true,"href":"https:\/\/tecplan.com.es\/en\/wp-json\/wp\/v2\/product_tag?post=2368"}],"curies":[{"name":"wp","href":"https:\/\/api.w.org\/{rel}","templated":true}]}}