{"id":2363,"date":"2025-07-28T19:59:10","date_gmt":"2025-07-28T19:59:10","guid":{"rendered":"https:\/\/tecplan.com.es\/?post_type=product&#038;p=2363"},"modified":"2026-01-02T21:49:18","modified_gmt":"2026-01-02T21:49:18","slug":"punto-de-acceso-multipunto-a5","status":"publish","type":"product","link":"https:\/\/tecplan.com.es\/en\/product\/punto-de-acceso-multipunto-a5\/","title":{"rendered":"Punto de acceso multipunto A5"},"content":{"rendered":"<h4 class=\"product_title entry-title\"><strong>Unparalleled Access<\/strong><\/h4>\n<ul>\n<li style=\"text-align: justify;\">Capaz de entregar la velocidad a los usuarios comerciales y los consumidores necesitan a una fracci\u00f3n del costo de entregar fibra hasta el local.<\/li>\n<li style=\"text-align: justify;\">Con hasta 1,5 Gbps de capacidad total, la Mimosa A5 es la soluci\u00f3n multipunto m\u00e1s r\u00e1pida de la industria.<\/li>\n<li style=\"text-align: justify;\">Exclusiva tecnolog\u00eda integrada de sincronizaci\u00f3n GPS de alta precisi\u00f3n permite que todos los dispositivos implementados sean colaborativos sincronizado a trav\u00e9s de la red, lo que permite una f\u00e1cil reutilizaci\u00f3n de canales para ahorrar espectro en toda la red.<\/li>\n<li style=\"text-align: justify;\">T\u00e9cnicas avanzadas de control autom\u00e1tico de ganancia autom\u00e1ticamente elimine la interferencia subyacente con solo un margen operativo de 10 dB requerido para ofrecer un cliente incre\u00edble actuaci\u00f3n.<\/li>\n<li style=\"text-align: justify;\">Mimosa Cloud hace que la implementaci\u00f3n sea muy sencilla, interactuando con dispositivos en toda la red para ayudar proactivamente al A5 para optimizar la red y la experiencia del suscriptor para la mejor gesti\u00f3n del rendimiento y la capacidad.<\/li>\n<li style=\"text-align: justify;\">Ofrece un rendimiento l\u00edder en un factor de forma diminuto, el A5 hace que la azotea suburbana o la instalaci\u00f3n urbana sean una soluci\u00f3n r\u00e1pida, f\u00e1cil y discreta.<\/li>\n<li style=\"text-align: justify;\">Uso de formaci\u00f3n de haz de antena inteligente y MU-MIMO tecnolog\u00edas, el A5 ofrece un espectro incre\u00edble eficiencia, lo que significa m\u00e1s ancho de banda para los usuarios y m\u00e1s usuarios pueden unirse a la red.<\/li>\n<\/ul>\n<p><!--more--><\/p>\n<h5 style=\"text-align: justify;\"><span style=\"text-decoration: underline;\"><strong>DOWNLOADS<\/strong><\/span><\/h5>\n<ul style=\"text-align: justify;\">\n<li><a href=\"https:\/\/drive.google.com\/file\/d\/1XEMj58l2TlMBwnG3CCfmUmYA_5ucLy8w\/view?usp=sharing\">\u2192 Technical specifications<\/a><\/li>\n<\/ul>","protected":false},"excerpt":{"rendered":"<p style=\"text-align: justify;\">El punto de acceso Mimosa A5 ofrece tecnolog\u00eda multipunto de vanguardia para que los proveedores de servicios ofrecer la primera red de banda ancha inal\u00e1mbrica gigabilit escalable de la industria.<\/p>\n<p><img decoding=\"async\" class=\"wp-image-2052 aligncenter\" src=\"https:\/\/tecplan.com.es\/wp-content\/uploads\/2025\/06\/mimosa_logo-300x71.png\" alt=\"\" width=\"186\" height=\"44\" srcset=\"https:\/\/tecplan.com.es\/wp-content\/uploads\/2025\/06\/mimosa_logo-300x71.png 300w, https:\/\/tecplan.com.es\/wp-content\/uploads\/2025\/06\/mimosa_logo-1024x243.png 1024w, https:\/\/tecplan.com.es\/wp-content\/uploads\/2025\/06\/mimosa_logo-768x182.png 768w, https:\/\/tecplan.com.es\/wp-content\/uploads\/2025\/06\/mimosa_logo-1536x364.png 1536w, https:\/\/tecplan.com.es\/wp-content\/uploads\/2025\/06\/mimosa_logo-18x4.png 18w, https:\/\/tecplan.com.es\/wp-content\/uploads\/2025\/06\/mimosa_logo-600x142.png 600w, https:\/\/tecplan.com.es\/wp-content\/uploads\/2025\/06\/mimosa_logo.png 1775w\" sizes=\"(max-width: 186px) 100vw, 186px\" \/><\/p>","protected":false},"featured_media":2364,"comment_status":"open","ping_status":"closed","template":"","meta":{"site-sidebar-layout":"default","site-content-layout":"","ast-site-content-layout":"default","site-content-style":"default","site-sidebar-style":"default","ast-global-header-display":"","ast-banner-title-visibility":"","ast-main-header-display":"","ast-hfb-above-header-display":"","ast-hfb-below-header-display":"","ast-hfb-mobile-header-display":"","site-post-title":"","ast-breadcrumbs-content":"","ast-featured-img":"","footer-sml-layout":"","ast-disable-related-posts":"","theme-transparent-header-meta":"default","adv-header-id-meta":"","stick-header-meta":"","header-above-stick-meta":"","header-main-stick-meta":"","header-below-stick-meta":"","astra-migrate-meta-layouts":"set","ast-page-background-enabled":"default","ast-page-background-meta":{"desktop":{"background-color":"var(--ast-global-color-5)","background-image":"","background-repeat":"repeat","background-position":"center center","background-size":"auto","background-attachment":"scroll","background-type":"","background-media":"","overlay-type":"","overlay-color":"","overlay-opacity":"","overlay-gradient":""},"tablet":{"background-color":"","background-image":"","background-repeat":"repeat","background-position":"center center","background-size":"auto","background-attachment":"scroll","background-type":"","background-media":"","overlay-type":"","overlay-color":"","overlay-opacity":"","overlay-gradient":""},"mobile":{"background-color":"","background-image":"","background-repeat":"repeat","background-position":"center center","background-size":"auto","background-attachment":"scroll","background-type":"","background-media":"","overlay-type":"","overlay-color":"","overlay-opacity":"","overlay-gradient":""}},"ast-content-background-meta":{"desktop":{"background-color":"var(--ast-global-color-4)","background-image":"","background-repeat":"repeat","background-position":"center center","background-size":"auto","background-attachment":"scroll","background-type":"","background-media":"","overlay-type":"","overlay-color":"","overlay-opacity":"","overlay-gradient":""},"tablet":{"background-color":"var(--ast-global-color-4)","background-image":"","background-repeat":"repeat","background-position":"center center","background-size":"auto","background-attachment":"scroll","background-type":"","background-media":"","overlay-type":"","overlay-color":"","overlay-opacity":"","overlay-gradient":""},"mobile":{"background-color":"var(--ast-global-color-4)","background-image":"","background-repeat":"repeat","background-position":"center center","background-size":"auto","background-attachment":"scroll","background-type":"","background-media":"","overlay-type":"","overlay-color":"","overlay-opacity":"","overlay-gradient":""}}},"product_brand":[239],"product_cat":[123,122,96],"product_tag":[213],"class_list":{"0":"post-2363","1":"product","2":"type-product","3":"status-publish","4":"has-post-thumbnail","6":"product_brand-mimosa","7":"product_cat-enlace-punto-multi-punto-mimosa","8":"product_cat-mimosa","9":"product_cat-networking","10":"product_tag-mimosa","11":"desktop-align-left","12":"tablet-align-left","13":"mobile-align-left","15":"first","16":"instock","17":"shipping-taxable","18":"product-type-simple"},"yoast_head":"<!-- This site is optimized with the Yoast SEO plugin v25.3 - https:\/\/yoast.com\/wordpress\/plugins\/seo\/ -->\n<title>Punto de acceso multipunto A5 - Tecplan<\/title>\n<meta name=\"robots\" content=\"index, follow, max-snippet:-1, max-image-preview:large, max-video-preview:-1\" \/>\n<link rel=\"canonical\" href=\"https:\/\/tecplan.com.es\/en\/product\/punto-de-acceso-multipunto-a5\/\" \/>\n<meta property=\"og:locale\" content=\"en_US\" \/>\n<meta property=\"og:type\" content=\"article\" \/>\n<meta property=\"og:title\" content=\"Punto de acceso multipunto A5 - Tecplan\" \/>\n<meta property=\"og:description\" content=\"El punto de acceso Mimosa A5 ofrece tecnolog\u00eda multipunto de vanguardia para que los proveedores de servicios ofrecer la primera red de banda ancha inal\u00e1mbrica gigabilit escalable de la industria.\" \/>\n<meta property=\"og:url\" content=\"https:\/\/tecplan.com.es\/en\/product\/punto-de-acceso-multipunto-a5\/\" \/>\n<meta property=\"og:site_name\" content=\"Tecplan\" \/>\n<meta property=\"article:modified_time\" content=\"2026-01-02T21:49:18+00:00\" \/>\n<meta property=\"og:image\" content=\"https:\/\/tecplan.com.es\/wp-content\/uploads\/2025\/07\/Captura.png.webp\" \/>\n\t<meta property=\"og:image:width\" content=\"716\" \/>\n\t<meta property=\"og:image:height\" content=\"718\" \/>\n\t<meta property=\"og:image:type\" content=\"image\/webp\" \/>\n<meta name=\"twitter:card\" content=\"summary_large_image\" \/>\n<meta name=\"twitter:label1\" content=\"Est. reading time\" \/>\n\t<meta name=\"twitter:data1\" content=\"2 minutes\" \/>\n<script type=\"application\/ld+json\" class=\"yoast-schema-graph\">{\"@context\":\"https:\/\/schema.org\",\"@graph\":[{\"@type\":\"WebPage\",\"@id\":\"https:\/\/tecplan.com.es\/product\/punto-de-acceso-multipunto-a5\/\",\"url\":\"https:\/\/tecplan.com.es\/product\/punto-de-acceso-multipunto-a5\/\",\"name\":\"Punto de acceso multipunto A5 - Tecplan\",\"isPartOf\":{\"@id\":\"https:\/\/tecplan.com.es\/#website\"},\"primaryImageOfPage\":{\"@id\":\"https:\/\/tecplan.com.es\/product\/punto-de-acceso-multipunto-a5\/#primaryimage\"},\"image\":{\"@id\":\"https:\/\/tecplan.com.es\/product\/punto-de-acceso-multipunto-a5\/#primaryimage\"},\"thumbnailUrl\":\"https:\/\/tecplan.com.es\/wp-content\/uploads\/2025\/07\/Captura.png.webp\",\"datePublished\":\"2025-07-28T19:59:10+00:00\",\"dateModified\":\"2026-01-02T21:49:18+00:00\",\"breadcrumb\":{\"@id\":\"https:\/\/tecplan.com.es\/product\/punto-de-acceso-multipunto-a5\/#breadcrumb\"},\"inLanguage\":\"en-US\",\"potentialAction\":[{\"@type\":\"ReadAction\",\"target\":[\"https:\/\/tecplan.com.es\/product\/punto-de-acceso-multipunto-a5\/\"]}]},{\"@type\":\"ImageObject\",\"inLanguage\":\"en-US\",\"@id\":\"https:\/\/tecplan.com.es\/product\/punto-de-acceso-multipunto-a5\/#primaryimage\",\"url\":\"https:\/\/tecplan.com.es\/wp-content\/uploads\/2025\/07\/Captura.png.webp\",\"contentUrl\":\"https:\/\/tecplan.com.es\/wp-content\/uploads\/2025\/07\/Captura.png.webp\",\"width\":716,\"height\":718},{\"@type\":\"BreadcrumbList\",\"@id\":\"https:\/\/tecplan.com.es\/product\/punto-de-acceso-multipunto-a5\/#breadcrumb\",\"itemListElement\":[{\"@type\":\"ListItem\",\"position\":1,\"name\":\"Home\",\"item\":\"https:\/\/tecplan.com.es\/\"},{\"@type\":\"ListItem\",\"position\":2,\"name\":\"Shop\",\"item\":\"https:\/\/tecplan.com.es\/shop\/\"},{\"@type\":\"ListItem\",\"position\":3,\"name\":\"Punto de acceso multipunto A5\"}]},{\"@type\":\"WebSite\",\"@id\":\"https:\/\/tecplan.com.es\/#website\",\"url\":\"https:\/\/tecplan.com.es\/\",\"name\":\"Tecplan\",\"description\":\"\",\"potentialAction\":[{\"@type\":\"SearchAction\",\"target\":{\"@type\":\"EntryPoint\",\"urlTemplate\":\"https:\/\/tecplan.com.es\/?s={search_term_string}\"},\"query-input\":{\"@type\":\"PropertyValueSpecification\",\"valueRequired\":true,\"valueName\":\"search_term_string\"}}],\"inLanguage\":\"en-US\"}]}<\/script>\n<!-- \/ Yoast SEO plugin. -->","yoast_head_json":{"title":"Punto de acceso multipunto A5 - Tecplan","robots":{"index":"index","follow":"follow","max-snippet":"max-snippet:-1","max-image-preview":"max-image-preview:large","max-video-preview":"max-video-preview:-1"},"canonical":"https:\/\/tecplan.com.es\/en\/product\/punto-de-acceso-multipunto-a5\/","og_locale":"en_US","og_type":"article","og_title":"Punto de acceso multipunto A5 - Tecplan","og_description":"El punto de acceso Mimosa A5 ofrece tecnolog\u00eda multipunto de vanguardia para que los proveedores de servicios ofrecer la primera red de banda ancha inal\u00e1mbrica gigabilit escalable de la industria.","og_url":"https:\/\/tecplan.com.es\/en\/product\/punto-de-acceso-multipunto-a5\/","og_site_name":"Tecplan","article_modified_time":"2026-01-02T21:49:18+00:00","og_image":[{"width":716,"height":718,"url":"https:\/\/tecplan.com.es\/wp-content\/uploads\/2025\/07\/Captura.png.webp","type":"image\/webp"}],"twitter_card":"summary_large_image","twitter_misc":{"Est. reading time":"2 minutes"},"schema":{"@context":"https:\/\/schema.org","@graph":[{"@type":"WebPage","@id":"https:\/\/tecplan.com.es\/product\/punto-de-acceso-multipunto-a5\/","url":"https:\/\/tecplan.com.es\/product\/punto-de-acceso-multipunto-a5\/","name":"Punto de acceso multipunto A5 - Tecplan","isPartOf":{"@id":"https:\/\/tecplan.com.es\/#website"},"primaryImageOfPage":{"@id":"https:\/\/tecplan.com.es\/product\/punto-de-acceso-multipunto-a5\/#primaryimage"},"image":{"@id":"https:\/\/tecplan.com.es\/product\/punto-de-acceso-multipunto-a5\/#primaryimage"},"thumbnailUrl":"https:\/\/tecplan.com.es\/wp-content\/uploads\/2025\/07\/Captura.png.webp","datePublished":"2025-07-28T19:59:10+00:00","dateModified":"2026-01-02T21:49:18+00:00","breadcrumb":{"@id":"https:\/\/tecplan.com.es\/product\/punto-de-acceso-multipunto-a5\/#breadcrumb"},"inLanguage":"en-US","potentialAction":[{"@type":"ReadAction","target":["https:\/\/tecplan.com.es\/product\/punto-de-acceso-multipunto-a5\/"]}]},{"@type":"ImageObject","inLanguage":"en-US","@id":"https:\/\/tecplan.com.es\/product\/punto-de-acceso-multipunto-a5\/#primaryimage","url":"https:\/\/tecplan.com.es\/wp-content\/uploads\/2025\/07\/Captura.png.webp","contentUrl":"https:\/\/tecplan.com.es\/wp-content\/uploads\/2025\/07\/Captura.png.webp","width":716,"height":718},{"@type":"BreadcrumbList","@id":"https:\/\/tecplan.com.es\/product\/punto-de-acceso-multipunto-a5\/#breadcrumb","itemListElement":[{"@type":"ListItem","position":1,"name":"Home","item":"https:\/\/tecplan.com.es\/"},{"@type":"ListItem","position":2,"name":"Shop","item":"https:\/\/tecplan.com.es\/shop\/"},{"@type":"ListItem","position":3,"name":"Punto de acceso multipunto A5"}]},{"@type":"WebSite","@id":"https:\/\/tecplan.com.es\/#website","url":"https:\/\/tecplan.com.es\/","name":"Tecplan","description":"","potentialAction":[{"@type":"SearchAction","target":{"@type":"EntryPoint","urlTemplate":"https:\/\/tecplan.com.es\/?s={search_term_string}"},"query-input":{"@type":"PropertyValueSpecification","valueRequired":true,"valueName":"search_term_string"}}],"inLanguage":"en-US"}]}},"_links":{"self":[{"href":"https:\/\/tecplan.com.es\/en\/wp-json\/wp\/v2\/product\/2363","targetHints":{"allow":["GET"]}}],"collection":[{"href":"https:\/\/tecplan.com.es\/en\/wp-json\/wp\/v2\/product"}],"about":[{"href":"https:\/\/tecplan.com.es\/en\/wp-json\/wp\/v2\/types\/product"}],"replies":[{"embeddable":true,"href":"https:\/\/tecplan.com.es\/en\/wp-json\/wp\/v2\/comments?post=2363"}],"version-history":[{"count":2,"href":"https:\/\/tecplan.com.es\/en\/wp-json\/wp\/v2\/product\/2363\/revisions"}],"predecessor-version":[{"id":2367,"href":"https:\/\/tecplan.com.es\/en\/wp-json\/wp\/v2\/product\/2363\/revisions\/2367"}],"wp:featuredmedia":[{"embeddable":true,"href":"https:\/\/tecplan.com.es\/en\/wp-json\/wp\/v2\/media\/2364"}],"wp:attachment":[{"href":"https:\/\/tecplan.com.es\/en\/wp-json\/wp\/v2\/media?parent=2363"}],"wp:term":[{"taxonomy":"product_brand","embeddable":true,"href":"https:\/\/tecplan.com.es\/en\/wp-json\/wp\/v2\/product_brand?post=2363"},{"taxonomy":"product_cat","embeddable":true,"href":"https:\/\/tecplan.com.es\/en\/wp-json\/wp\/v2\/product_cat?post=2363"},{"taxonomy":"product_tag","embeddable":true,"href":"https:\/\/tecplan.com.es\/en\/wp-json\/wp\/v2\/product_tag?post=2363"}],"curies":[{"name":"wp","href":"https:\/\/api.w.org\/{rel}","templated":true}]}}