{"id":2354,"date":"2025-07-25T22:48:27","date_gmt":"2025-07-25T22:48:27","guid":{"rendered":"https:\/\/tecplan.com.es\/?post_type=product&#038;p=2354"},"modified":"2026-01-02T21:50:40","modified_gmt":"2026-01-02T21:50:40","slug":"2354","status":"publish","type":"product","link":"https:\/\/tecplan.com.es\/en\/product\/2354\/","title":{"rendered":"A5c Point-to-Multipoint Access Point"},"content":{"rendered":"<p style=\"text-align: justify;\">Con velocidades de cliente capaces de m\u00e1s de 500 Mbps y una capacidad de punto de acceso de hasta 1,5 Gbps, ofrece las velocidades que demandan los consumidores y los usuarios comerciales a una fracci\u00f3n del costo de la entrega de fibra en las instalaciones.<\/p>\n<p style=\"text-align: justify;\">La antena Mimosa N5-360 est\u00e1 dise\u00f1ada para emparejarse exclusivamente con el punto de acceso Mimosa A5c e incorpora polarizaciones de antena verticales y horizontales superpuestas de 180 grados de cuatro paneles.\u00a0El innovador dise\u00f1o de la antena aumenta el rendimiento al proporcionar una cobertura equilibrada de doble flujo en 360 grados de acimut, aprovechando la ganancia de formaci\u00f3n de haces y ampl\u00eda el rango de implementaciones de MicroPoP hasta en un 60 % en comparaci\u00f3n con la soluci\u00f3n integrada A5 de Mimosa.\u00a0En respuesta a la demanda de los clientes de un rango de frecuencia ampliado, el N5-360 funciona de 4,9 GHz a 6,4 GHz sin comprometer el rendimiento.<\/p>\n<p style=\"text-align: justify;\">El aprovisionamiento autom\u00e1tico junto con la aplicaci\u00f3n de instalaci\u00f3n de Mimosa ahora reduce dr\u00e1sticamente el tiempo de instalaci\u00f3n del suscriptor, automatiza el aprovisionamiento de dispositivos y permite una integraci\u00f3n perfecta de dispositivos en una red ISP.<\/p>\n<p style=\"text-align: justify;\">Con la tecnolog\u00eda integrada de sincronizaci\u00f3n GPS de alta precisi\u00f3n, se pueden agregar f\u00e1cilmente nuevos sectores A5c en el sitio Mimosa A5 y B5 implementado existente y reutilizar el mismo canal.\u00a0Esto ahorra valiosos y escasos recursos de espectro sin licencia cuando los nuevos dispositivos A5c deben instalarse \u201cespalda con espalda\u201d en la misma torre o poste.<\/p>\n<p style=\"text-align: justify;\">La exclusiva tecnolog\u00eda integrada de sincronizaci\u00f3n GPS de alta precisi\u00f3n en cada Mimosa A5c permite que todos los dispositivos implementados se sincronicen de forma colaborativa en toda la red.\u00a0Esto permite una f\u00e1cil reutilizaci\u00f3n de canales para ahorrar un valioso espectro en toda la red y, junto con Mimosa Cloud, es incre\u00edblemente f\u00e1cil de implementar y optimizar el uso y el rendimiento del espectro de la red en todos sus dispositivos implementados.<\/p>\n<p style=\"text-align: justify;\">Se ha demostrado que las t\u00e9cnicas de acceso multiplexado por divisi\u00f3n de tiempo (TDMA) brindan mejoras significativas al escalar la cantidad de clientes, en comparaci\u00f3n con los enfoques de detecci\u00f3n de portadores utilizados en las tecnolog\u00edas Wi-Fi.\u00a0Cuando se optimiza a\u00fan m\u00e1s mediante la asignaci\u00f3n din\u00e1mica de intervalos de tiempo y la compatibilidad con MIMO multiusuario en la direcci\u00f3n descendente, y la asignaci\u00f3n de intervalos de tiempo ascendentes a pedido del cliente, la escala de la red, la eficiencia del espectro y la utilizaci\u00f3n del punto de acceso se optimizan al m\u00e1ximo grado posible.<!--more--><\/p>\n<h5 style=\"text-align: justify;\"><span style=\"text-decoration: underline;\"><strong>DOWNLOADS<\/strong><\/span><\/h5>\n<ul style=\"text-align: justify;\">\n<li><a href=\"https:\/\/drive.google.com\/file\/d\/1XbRV0GJRi5YtRRI9iuWwBORfUD5o-p3P\/view?usp=sharing\">\u2192 Technical specifications<\/a><\/li>\n<\/ul>","protected":false},"excerpt":{"rendered":"<p style=\"text-align: justify;\">Con las velocidades de cliente m\u00e1s r\u00e1pidas y una gran capacidad de punto de acceso, junto con la reutilizaci\u00f3n del espectro local y de toda la red, Mimosa A5c ofrece la escala m\u00e1s alta posible para cualquier red inal\u00e1mbrica fija sin licencia.<\/p>\n<p><img decoding=\"async\" class=\"wp-image-2052 aligncenter\" src=\"https:\/\/tecplan.com.es\/wp-content\/uploads\/2025\/06\/mimosa_logo-300x71.png\" alt=\"\" width=\"139\" height=\"33\" srcset=\"https:\/\/tecplan.com.es\/wp-content\/uploads\/2025\/06\/mimosa_logo-300x71.png 300w, https:\/\/tecplan.com.es\/wp-content\/uploads\/2025\/06\/mimosa_logo-1024x243.png 1024w, https:\/\/tecplan.com.es\/wp-content\/uploads\/2025\/06\/mimosa_logo-768x182.png 768w, https:\/\/tecplan.com.es\/wp-content\/uploads\/2025\/06\/mimosa_logo-1536x364.png 1536w, https:\/\/tecplan.com.es\/wp-content\/uploads\/2025\/06\/mimosa_logo-18x4.png 18w, https:\/\/tecplan.com.es\/wp-content\/uploads\/2025\/06\/mimosa_logo-600x142.png 600w, https:\/\/tecplan.com.es\/wp-content\/uploads\/2025\/06\/mimosa_logo.png 1775w\" sizes=\"(max-width: 139px) 100vw, 139px\" \/><\/p>","protected":false},"featured_media":2359,"comment_status":"open","ping_status":"closed","template":"","meta":{"site-sidebar-layout":"default","site-content-layout":"","ast-site-content-layout":"default","site-content-style":"default","site-sidebar-style":"default","ast-global-header-display":"","ast-banner-title-visibility":"","ast-main-header-display":"","ast-hfb-above-header-display":"","ast-hfb-below-header-display":"","ast-hfb-mobile-header-display":"","site-post-title":"","ast-breadcrumbs-content":"","ast-featured-img":"","footer-sml-layout":"","ast-disable-related-posts":"","theme-transparent-header-meta":"default","adv-header-id-meta":"","stick-header-meta":"","header-above-stick-meta":"","header-main-stick-meta":"","header-below-stick-meta":"","astra-migrate-meta-layouts":"set","ast-page-background-enabled":"default","ast-page-background-meta":{"desktop":{"background-color":"var(--ast-global-color-5)","background-image":"","background-repeat":"repeat","background-position":"center center","background-size":"auto","background-attachment":"scroll","background-type":"","background-media":"","overlay-type":"","overlay-color":"","overlay-opacity":"","overlay-gradient":""},"tablet":{"background-color":"","background-image":"","background-repeat":"repeat","background-position":"center center","background-size":"auto","background-attachment":"scroll","background-type":"","background-media":"","overlay-type":"","overlay-color":"","overlay-opacity":"","overlay-gradient":""},"mobile":{"background-color":"","background-image":"","background-repeat":"repeat","background-position":"center center","background-size":"auto","background-attachment":"scroll","background-type":"","background-media":"","overlay-type":"","overlay-color":"","overlay-opacity":"","overlay-gradient":""}},"ast-content-background-meta":{"desktop":{"background-color":"var(--ast-global-color-4)","background-image":"","background-repeat":"repeat","background-position":"center center","background-size":"auto","background-attachment":"scroll","background-type":"","background-media":"","overlay-type":"","overlay-color":"","overlay-opacity":"","overlay-gradient":""},"tablet":{"background-color":"var(--ast-global-color-4)","background-image":"","background-repeat":"repeat","background-position":"center center","background-size":"auto","background-attachment":"scroll","background-type":"","background-media":"","overlay-type":"","overlay-color":"","overlay-opacity":"","overlay-gradient":""},"mobile":{"background-color":"var(--ast-global-color-4)","background-image":"","background-repeat":"repeat","background-position":"center center","background-size":"auto","background-attachment":"scroll","background-type":"","background-media":"","overlay-type":"","overlay-color":"","overlay-opacity":"","overlay-gradient":""}}},"product_brand":[239],"product_cat":[123,122,96],"product_tag":[213],"class_list":{"0":"post-2354","1":"product","2":"type-product","3":"status-publish","4":"has-post-thumbnail","6":"product_brand-mimosa","7":"product_cat-enlace-punto-multi-punto-mimosa","8":"product_cat-mimosa","9":"product_cat-networking","10":"product_tag-mimosa","11":"desktop-align-left","12":"tablet-align-left","13":"mobile-align-left","15":"first","16":"instock","17":"shipping-taxable","18":"product-type-simple"},"yoast_head":"<!-- This site is optimized with the Yoast SEO plugin v25.3 - https:\/\/yoast.com\/wordpress\/plugins\/seo\/ -->\n<title>A5c Point-to-Multipoint Access Point - Tecplan<\/title>\n<meta name=\"robots\" content=\"index, follow, max-snippet:-1, max-image-preview:large, max-video-preview:-1\" \/>\n<link rel=\"canonical\" href=\"https:\/\/tecplan.com.es\/en\/product\/2354\/\" \/>\n<meta property=\"og:locale\" content=\"en_US\" \/>\n<meta property=\"og:type\" content=\"article\" \/>\n<meta property=\"og:title\" content=\"A5c Point-to-Multipoint Access Point - Tecplan\" \/>\n<meta property=\"og:description\" content=\"Con las velocidades de cliente m\u00e1s r\u00e1pidas y una gran capacidad de punto de acceso, junto con la reutilizaci\u00f3n del espectro local y de toda la red, Mimosa A5c ofrece la escala m\u00e1s alta posible para cualquier red inal\u00e1mbrica fija sin licencia.\" \/>\n<meta property=\"og:url\" content=\"https:\/\/tecplan.com.es\/en\/product\/2354\/\" \/>\n<meta property=\"og:site_name\" content=\"Tecplan\" \/>\n<meta property=\"article:modified_time\" content=\"2026-01-02T21:50:40+00:00\" \/>\n<meta property=\"og:image\" content=\"https:\/\/tecplan.com.es\/wp-content\/uploads\/2025\/07\/A5c-Point-to-Multipoint-Access-Point-02.jpg\" \/>\n\t<meta property=\"og:image:width\" content=\"2000\" \/>\n\t<meta property=\"og:image:height\" content=\"2000\" \/>\n\t<meta property=\"og:image:type\" content=\"image\/jpeg\" \/>\n<meta name=\"twitter:card\" content=\"summary_large_image\" \/>\n<meta name=\"twitter:label1\" content=\"Est. reading time\" \/>\n\t<meta name=\"twitter:data1\" content=\"3 minutes\" \/>\n<script type=\"application\/ld+json\" class=\"yoast-schema-graph\">{\"@context\":\"https:\/\/schema.org\",\"@graph\":[{\"@type\":\"WebPage\",\"@id\":\"https:\/\/tecplan.com.es\/product\/2354\/\",\"url\":\"https:\/\/tecplan.com.es\/product\/2354\/\",\"name\":\"A5c Point-to-Multipoint Access Point - Tecplan\",\"isPartOf\":{\"@id\":\"https:\/\/tecplan.com.es\/#website\"},\"primaryImageOfPage\":{\"@id\":\"https:\/\/tecplan.com.es\/product\/2354\/#primaryimage\"},\"image\":{\"@id\":\"https:\/\/tecplan.com.es\/product\/2354\/#primaryimage\"},\"thumbnailUrl\":\"https:\/\/tecplan.com.es\/wp-content\/uploads\/2025\/07\/A5c-Point-to-Multipoint-Access-Point-02.jpg\",\"datePublished\":\"2025-07-25T22:48:27+00:00\",\"dateModified\":\"2026-01-02T21:50:40+00:00\",\"breadcrumb\":{\"@id\":\"https:\/\/tecplan.com.es\/product\/2354\/#breadcrumb\"},\"inLanguage\":\"en-US\",\"potentialAction\":[{\"@type\":\"ReadAction\",\"target\":[\"https:\/\/tecplan.com.es\/product\/2354\/\"]}]},{\"@type\":\"ImageObject\",\"inLanguage\":\"en-US\",\"@id\":\"https:\/\/tecplan.com.es\/product\/2354\/#primaryimage\",\"url\":\"https:\/\/tecplan.com.es\/wp-content\/uploads\/2025\/07\/A5c-Point-to-Multipoint-Access-Point-02.jpg\",\"contentUrl\":\"https:\/\/tecplan.com.es\/wp-content\/uploads\/2025\/07\/A5c-Point-to-Multipoint-Access-Point-02.jpg\",\"width\":2000,\"height\":2000},{\"@type\":\"BreadcrumbList\",\"@id\":\"https:\/\/tecplan.com.es\/product\/2354\/#breadcrumb\",\"itemListElement\":[{\"@type\":\"ListItem\",\"position\":1,\"name\":\"Home\",\"item\":\"https:\/\/tecplan.com.es\/\"},{\"@type\":\"ListItem\",\"position\":2,\"name\":\"Shop\",\"item\":\"https:\/\/tecplan.com.es\/shop\/\"},{\"@type\":\"ListItem\",\"position\":3,\"name\":\"A5c Point-to-Multipoint Access Point\"}]},{\"@type\":\"WebSite\",\"@id\":\"https:\/\/tecplan.com.es\/#website\",\"url\":\"https:\/\/tecplan.com.es\/\",\"name\":\"Tecplan\",\"description\":\"\",\"potentialAction\":[{\"@type\":\"SearchAction\",\"target\":{\"@type\":\"EntryPoint\",\"urlTemplate\":\"https:\/\/tecplan.com.es\/?s={search_term_string}\"},\"query-input\":{\"@type\":\"PropertyValueSpecification\",\"valueRequired\":true,\"valueName\":\"search_term_string\"}}],\"inLanguage\":\"en-US\"}]}<\/script>\n<!-- \/ Yoast SEO plugin. -->","yoast_head_json":{"title":"A5c Point-to-Multipoint Access Point - Tecplan","robots":{"index":"index","follow":"follow","max-snippet":"max-snippet:-1","max-image-preview":"max-image-preview:large","max-video-preview":"max-video-preview:-1"},"canonical":"https:\/\/tecplan.com.es\/en\/product\/2354\/","og_locale":"en_US","og_type":"article","og_title":"A5c Point-to-Multipoint Access Point - Tecplan","og_description":"Con las velocidades de cliente m\u00e1s r\u00e1pidas y una gran capacidad de punto de acceso, junto con la reutilizaci\u00f3n del espectro local y de toda la red, Mimosa A5c ofrece la escala m\u00e1s alta posible para cualquier red inal\u00e1mbrica fija sin licencia.","og_url":"https:\/\/tecplan.com.es\/en\/product\/2354\/","og_site_name":"Tecplan","article_modified_time":"2026-01-02T21:50:40+00:00","og_image":[{"width":2000,"height":2000,"url":"https:\/\/tecplan.com.es\/wp-content\/uploads\/2025\/07\/A5c-Point-to-Multipoint-Access-Point-02.jpg","type":"image\/jpeg"}],"twitter_card":"summary_large_image","twitter_misc":{"Est. reading time":"3 minutes"},"schema":{"@context":"https:\/\/schema.org","@graph":[{"@type":"WebPage","@id":"https:\/\/tecplan.com.es\/product\/2354\/","url":"https:\/\/tecplan.com.es\/product\/2354\/","name":"A5c Point-to-Multipoint Access Point - Tecplan","isPartOf":{"@id":"https:\/\/tecplan.com.es\/#website"},"primaryImageOfPage":{"@id":"https:\/\/tecplan.com.es\/product\/2354\/#primaryimage"},"image":{"@id":"https:\/\/tecplan.com.es\/product\/2354\/#primaryimage"},"thumbnailUrl":"https:\/\/tecplan.com.es\/wp-content\/uploads\/2025\/07\/A5c-Point-to-Multipoint-Access-Point-02.jpg","datePublished":"2025-07-25T22:48:27+00:00","dateModified":"2026-01-02T21:50:40+00:00","breadcrumb":{"@id":"https:\/\/tecplan.com.es\/product\/2354\/#breadcrumb"},"inLanguage":"en-US","potentialAction":[{"@type":"ReadAction","target":["https:\/\/tecplan.com.es\/product\/2354\/"]}]},{"@type":"ImageObject","inLanguage":"en-US","@id":"https:\/\/tecplan.com.es\/product\/2354\/#primaryimage","url":"https:\/\/tecplan.com.es\/wp-content\/uploads\/2025\/07\/A5c-Point-to-Multipoint-Access-Point-02.jpg","contentUrl":"https:\/\/tecplan.com.es\/wp-content\/uploads\/2025\/07\/A5c-Point-to-Multipoint-Access-Point-02.jpg","width":2000,"height":2000},{"@type":"BreadcrumbList","@id":"https:\/\/tecplan.com.es\/product\/2354\/#breadcrumb","itemListElement":[{"@type":"ListItem","position":1,"name":"Home","item":"https:\/\/tecplan.com.es\/"},{"@type":"ListItem","position":2,"name":"Shop","item":"https:\/\/tecplan.com.es\/shop\/"},{"@type":"ListItem","position":3,"name":"A5c Point-to-Multipoint Access Point"}]},{"@type":"WebSite","@id":"https:\/\/tecplan.com.es\/#website","url":"https:\/\/tecplan.com.es\/","name":"Tecplan","description":"","potentialAction":[{"@type":"SearchAction","target":{"@type":"EntryPoint","urlTemplate":"https:\/\/tecplan.com.es\/?s={search_term_string}"},"query-input":{"@type":"PropertyValueSpecification","valueRequired":true,"valueName":"search_term_string"}}],"inLanguage":"en-US"}]}},"_links":{"self":[{"href":"https:\/\/tecplan.com.es\/en\/wp-json\/wp\/v2\/product\/2354","targetHints":{"allow":["GET"]}}],"collection":[{"href":"https:\/\/tecplan.com.es\/en\/wp-json\/wp\/v2\/product"}],"about":[{"href":"https:\/\/tecplan.com.es\/en\/wp-json\/wp\/v2\/types\/product"}],"replies":[{"embeddable":true,"href":"https:\/\/tecplan.com.es\/en\/wp-json\/wp\/v2\/comments?post=2354"}],"version-history":[{"count":4,"href":"https:\/\/tecplan.com.es\/en\/wp-json\/wp\/v2\/product\/2354\/revisions"}],"predecessor-version":[{"id":2356,"href":"https:\/\/tecplan.com.es\/en\/wp-json\/wp\/v2\/product\/2354\/revisions\/2356"}],"wp:featuredmedia":[{"embeddable":true,"href":"https:\/\/tecplan.com.es\/en\/wp-json\/wp\/v2\/media\/2359"}],"wp:attachment":[{"href":"https:\/\/tecplan.com.es\/en\/wp-json\/wp\/v2\/media?parent=2354"}],"wp:term":[{"taxonomy":"product_brand","embeddable":true,"href":"https:\/\/tecplan.com.es\/en\/wp-json\/wp\/v2\/product_brand?post=2354"},{"taxonomy":"product_cat","embeddable":true,"href":"https:\/\/tecplan.com.es\/en\/wp-json\/wp\/v2\/product_cat?post=2354"},{"taxonomy":"product_tag","embeddable":true,"href":"https:\/\/tecplan.com.es\/en\/wp-json\/wp\/v2\/product_tag?post=2354"}],"curies":[{"name":"wp","href":"https:\/\/api.w.org\/{rel}","templated":true}]}}