{"id":2345,"date":"2025-07-25T21:49:11","date_gmt":"2025-07-25T21:49:11","guid":{"rendered":"https:\/\/tecplan.com.es\/?post_type=product&#038;p=2345"},"modified":"2026-01-02T21:52:08","modified_gmt":"2026-01-02T21:52:08","slug":"b11-point-to-point-backhaul-radio","status":"publish","type":"product","link":"https:\/\/tecplan.com.es\/en\/product\/b11-point-to-point-backhaul-radio\/","title":{"rendered":"B11 Point-to-Point Backhaul Radio"},"content":{"rendered":"<p style=\"text-align: justify;\">Fibra a inal\u00e1mbrica es el futuro de la conectividad, y el B11 est\u00e1 listo para ello.\u00a0Simplemente agregue su m\u00f3dulo SFP preferido y se iluminar\u00e1 con velocidades de fibra gigabit.\u00a0Si a\u00fan no est\u00e1 listo para la fibra, el B11 tambi\u00e9n ofrece una conexi\u00f3n Gigabit Power-over-Ethernet est\u00e1ndar.<\/p>\n<div class=\"container top140\" style=\"text-align: justify;\">\n<div class=\"row\">\n<div class=\"col-xs-12 col-sm-8 col-sm-offset-2 text-center\">\n<p>Durante las horas pico de la tarde, las descargas y la transmisi\u00f3n de video ahora representan casi el 90 % del tr\u00e1fico, mientras que los servicios sim\u00e9tricos durante el d\u00eda y el tr\u00e1fico ascendente prioritario son m\u00e1s importantes que nunca para las empresas.\u00a0Las radios FDD heredadas se limitan al uso de tr\u00e1fico sim\u00e9trico, lo que deja grandes cantidades de espectro constantemente infrautilizadas.\u00a0Sin embargo, el B11 puede adaptarse din\u00e1micamente a la demanda de ancho de banda mediante la tecnolog\u00eda Auto-TDMA, lo que maximiza la utilizaci\u00f3n del espectro a lo largo del d\u00eda.<\/p>\n<\/div>\n<\/div>\n<\/div>\n<div class=\"container top140\">\n<div class=\"row\" style=\"text-align: justify;\">El espectro con licencia siempre ha sido preferido por su mayor confiabilidad de enlace.\u00a0Ahora, con la ingenier\u00eda de precisi\u00f3n del B11, puede disfrutar de la eficiencia del espectro, una incre\u00edble estabilidad l\u00edder en la industria y, por primera vez, un control de ancho de banda din\u00e1mico innovador.<\/div>\n<div style=\"text-align: justify;\">El B11 est\u00e1 listo para resistir los elementos nada m\u00e1s sacarlo de la caja.\u00a0Viene con un casquillo de sellado IP67 de jaula Ethernet y SFP*, dise\u00f1ado espec\u00edficamente para sellar cables preterminados.<\/div>\n<div>\n<p><!--more--><\/p>\n<\/div>\n<\/div>\n<div><strong style=\"font-size: 19.2px; text-align: justify;\">DOWNLOADS<\/strong><\/div>\n<div>\n<ul style=\"text-align: justify;\">\n<li><a href=\"https:\/\/static.garmin.com\/pumac\/etrexse_OM_EN-HK.pdf\">\u2192 Technical specifications<\/a><\/li>\n<\/ul>\n<\/div>","protected":false},"excerpt":{"rendered":"<p style=\"text-align: justify;\">La radio backhaul B11 de Mimosa est\u00e1 dise\u00f1ada para la era moderna de Internet y se adapta instant\u00e1neamente a los requisitos variables de ancho de banda ascendente y descendente al costo por Mbps m\u00e1s bajo de la industria.<\/p>\n<p><img decoding=\"async\" class=\"wp-image-2052 aligncenter\" src=\"https:\/\/tecplan.com.es\/wp-content\/uploads\/2025\/06\/mimosa_logo-300x71.png\" alt=\"\" width=\"190\" height=\"45\" srcset=\"https:\/\/tecplan.com.es\/wp-content\/uploads\/2025\/06\/mimosa_logo-300x71.png 300w, https:\/\/tecplan.com.es\/wp-content\/uploads\/2025\/06\/mimosa_logo-1024x243.png 1024w, https:\/\/tecplan.com.es\/wp-content\/uploads\/2025\/06\/mimosa_logo-768x182.png 768w, https:\/\/tecplan.com.es\/wp-content\/uploads\/2025\/06\/mimosa_logo-1536x364.png 1536w, https:\/\/tecplan.com.es\/wp-content\/uploads\/2025\/06\/mimosa_logo-18x4.png 18w, https:\/\/tecplan.com.es\/wp-content\/uploads\/2025\/06\/mimosa_logo-600x142.png 600w, https:\/\/tecplan.com.es\/wp-content\/uploads\/2025\/06\/mimosa_logo.png 1775w\" sizes=\"(max-width: 190px) 100vw, 190px\" \/><\/p>","protected":false},"featured_media":2349,"comment_status":"open","ping_status":"closed","template":"","meta":{"site-sidebar-layout":"default","site-content-layout":"","ast-site-content-layout":"default","site-content-style":"default","site-sidebar-style":"default","ast-global-header-display":"","ast-banner-title-visibility":"","ast-main-header-display":"","ast-hfb-above-header-display":"","ast-hfb-below-header-display":"","ast-hfb-mobile-header-display":"","site-post-title":"","ast-breadcrumbs-content":"","ast-featured-img":"","footer-sml-layout":"","ast-disable-related-posts":"","theme-transparent-header-meta":"default","adv-header-id-meta":"","stick-header-meta":"","header-above-stick-meta":"","header-main-stick-meta":"","header-below-stick-meta":"","astra-migrate-meta-layouts":"set","ast-page-background-enabled":"default","ast-page-background-meta":{"desktop":{"background-color":"var(--ast-global-color-5)","background-image":"","background-repeat":"repeat","background-position":"center center","background-size":"auto","background-attachment":"scroll","background-type":"","background-media":"","overlay-type":"","overlay-color":"","overlay-opacity":"","overlay-gradient":""},"tablet":{"background-color":"","background-image":"","background-repeat":"repeat","background-position":"center center","background-size":"auto","background-attachment":"scroll","background-type":"","background-media":"","overlay-type":"","overlay-color":"","overlay-opacity":"","overlay-gradient":""},"mobile":{"background-color":"","background-image":"","background-repeat":"repeat","background-position":"center center","background-size":"auto","background-attachment":"scroll","background-type":"","background-media":"","overlay-type":"","overlay-color":"","overlay-opacity":"","overlay-gradient":""}},"ast-content-background-meta":{"desktop":{"background-color":"var(--ast-global-color-4)","background-image":"","background-repeat":"repeat","background-position":"center center","background-size":"auto","background-attachment":"scroll","background-type":"","background-media":"","overlay-type":"","overlay-color":"","overlay-opacity":"","overlay-gradient":""},"tablet":{"background-color":"var(--ast-global-color-4)","background-image":"","background-repeat":"repeat","background-position":"center center","background-size":"auto","background-attachment":"scroll","background-type":"","background-media":"","overlay-type":"","overlay-color":"","overlay-opacity":"","overlay-gradient":""},"mobile":{"background-color":"var(--ast-global-color-4)","background-image":"","background-repeat":"repeat","background-position":"center center","background-size":"auto","background-attachment":"scroll","background-type":"","background-media":"","overlay-type":"","overlay-color":"","overlay-opacity":"","overlay-gradient":""}}},"product_brand":[239],"product_cat":[124,122,96],"product_tag":[213],"class_list":{"0":"post-2345","1":"product","2":"type-product","3":"status-publish","4":"has-post-thumbnail","6":"product_brand-mimosa","7":"product_cat-enlace-punto-a-punto","8":"product_cat-mimosa","9":"product_cat-networking","10":"product_tag-mimosa","11":"desktop-align-left","12":"tablet-align-left","13":"mobile-align-left","15":"first","16":"instock","17":"shipping-taxable","18":"product-type-simple"},"yoast_head":"<!-- This site is optimized with the Yoast SEO plugin v25.3 - https:\/\/yoast.com\/wordpress\/plugins\/seo\/ -->\n<title>B11 Point-to-Point Backhaul Radio - Tecplan<\/title>\n<meta name=\"robots\" content=\"index, follow, max-snippet:-1, max-image-preview:large, max-video-preview:-1\" \/>\n<link rel=\"canonical\" href=\"https:\/\/tecplan.com.es\/en\/product\/b11-point-to-point-backhaul-radio\/\" \/>\n<meta property=\"og:locale\" content=\"en_US\" \/>\n<meta property=\"og:type\" content=\"article\" \/>\n<meta property=\"og:title\" content=\"B11 Point-to-Point Backhaul Radio - Tecplan\" \/>\n<meta property=\"og:description\" content=\"La radio backhaul B11 de Mimosa est\u00e1 dise\u00f1ada para la era moderna de Internet y se adapta instant\u00e1neamente a los requisitos variables de ancho de banda ascendente y descendente al costo por Mbps m\u00e1s bajo de la industria.\" \/>\n<meta property=\"og:url\" content=\"https:\/\/tecplan.com.es\/en\/product\/b11-point-to-point-backhaul-radio\/\" \/>\n<meta property=\"og:site_name\" content=\"Tecplan\" \/>\n<meta property=\"article:modified_time\" content=\"2026-01-02T21:52:08+00:00\" \/>\n<meta property=\"og:image\" content=\"https:\/\/tecplan.com.es\/wp-content\/uploads\/2025\/07\/B11-Point-to-Point-Backhaul-Radio-02.jpg\" \/>\n\t<meta property=\"og:image:width\" content=\"2000\" \/>\n\t<meta property=\"og:image:height\" content=\"2000\" \/>\n\t<meta property=\"og:image:type\" content=\"image\/jpeg\" \/>\n<meta name=\"twitter:card\" content=\"summary_large_image\" \/>\n<meta name=\"twitter:label1\" content=\"Est. reading time\" \/>\n\t<meta name=\"twitter:data1\" content=\"2 minutes\" \/>\n<script type=\"application\/ld+json\" class=\"yoast-schema-graph\">{\"@context\":\"https:\/\/schema.org\",\"@graph\":[{\"@type\":\"WebPage\",\"@id\":\"https:\/\/tecplan.com.es\/product\/b11-point-to-point-backhaul-radio\/\",\"url\":\"https:\/\/tecplan.com.es\/product\/b11-point-to-point-backhaul-radio\/\",\"name\":\"B11 Point-to-Point Backhaul Radio - Tecplan\",\"isPartOf\":{\"@id\":\"https:\/\/tecplan.com.es\/#website\"},\"primaryImageOfPage\":{\"@id\":\"https:\/\/tecplan.com.es\/product\/b11-point-to-point-backhaul-radio\/#primaryimage\"},\"image\":{\"@id\":\"https:\/\/tecplan.com.es\/product\/b11-point-to-point-backhaul-radio\/#primaryimage\"},\"thumbnailUrl\":\"https:\/\/tecplan.com.es\/wp-content\/uploads\/2025\/07\/B11-Point-to-Point-Backhaul-Radio-02.jpg\",\"datePublished\":\"2025-07-25T21:49:11+00:00\",\"dateModified\":\"2026-01-02T21:52:08+00:00\",\"breadcrumb\":{\"@id\":\"https:\/\/tecplan.com.es\/product\/b11-point-to-point-backhaul-radio\/#breadcrumb\"},\"inLanguage\":\"en-US\",\"potentialAction\":[{\"@type\":\"ReadAction\",\"target\":[\"https:\/\/tecplan.com.es\/product\/b11-point-to-point-backhaul-radio\/\"]}]},{\"@type\":\"ImageObject\",\"inLanguage\":\"en-US\",\"@id\":\"https:\/\/tecplan.com.es\/product\/b11-point-to-point-backhaul-radio\/#primaryimage\",\"url\":\"https:\/\/tecplan.com.es\/wp-content\/uploads\/2025\/07\/B11-Point-to-Point-Backhaul-Radio-02.jpg\",\"contentUrl\":\"https:\/\/tecplan.com.es\/wp-content\/uploads\/2025\/07\/B11-Point-to-Point-Backhaul-Radio-02.jpg\",\"width\":2000,\"height\":2000},{\"@type\":\"BreadcrumbList\",\"@id\":\"https:\/\/tecplan.com.es\/product\/b11-point-to-point-backhaul-radio\/#breadcrumb\",\"itemListElement\":[{\"@type\":\"ListItem\",\"position\":1,\"name\":\"Home\",\"item\":\"https:\/\/tecplan.com.es\/\"},{\"@type\":\"ListItem\",\"position\":2,\"name\":\"Shop\",\"item\":\"https:\/\/tecplan.com.es\/shop\/\"},{\"@type\":\"ListItem\",\"position\":3,\"name\":\"B11 Point-to-Point Backhaul Radio\"}]},{\"@type\":\"WebSite\",\"@id\":\"https:\/\/tecplan.com.es\/#website\",\"url\":\"https:\/\/tecplan.com.es\/\",\"name\":\"Tecplan\",\"description\":\"\",\"potentialAction\":[{\"@type\":\"SearchAction\",\"target\":{\"@type\":\"EntryPoint\",\"urlTemplate\":\"https:\/\/tecplan.com.es\/?s={search_term_string}\"},\"query-input\":{\"@type\":\"PropertyValueSpecification\",\"valueRequired\":true,\"valueName\":\"search_term_string\"}}],\"inLanguage\":\"en-US\"}]}<\/script>\n<!-- \/ Yoast SEO plugin. -->","yoast_head_json":{"title":"B11 Point-to-Point Backhaul Radio - Tecplan","robots":{"index":"index","follow":"follow","max-snippet":"max-snippet:-1","max-image-preview":"max-image-preview:large","max-video-preview":"max-video-preview:-1"},"canonical":"https:\/\/tecplan.com.es\/en\/product\/b11-point-to-point-backhaul-radio\/","og_locale":"en_US","og_type":"article","og_title":"B11 Point-to-Point Backhaul Radio - Tecplan","og_description":"La radio backhaul B11 de Mimosa est\u00e1 dise\u00f1ada para la era moderna de Internet y se adapta instant\u00e1neamente a los requisitos variables de ancho de banda ascendente y descendente al costo por Mbps m\u00e1s bajo de la industria.","og_url":"https:\/\/tecplan.com.es\/en\/product\/b11-point-to-point-backhaul-radio\/","og_site_name":"Tecplan","article_modified_time":"2026-01-02T21:52:08+00:00","og_image":[{"width":2000,"height":2000,"url":"https:\/\/tecplan.com.es\/wp-content\/uploads\/2025\/07\/B11-Point-to-Point-Backhaul-Radio-02.jpg","type":"image\/jpeg"}],"twitter_card":"summary_large_image","twitter_misc":{"Est. reading time":"2 minutes"},"schema":{"@context":"https:\/\/schema.org","@graph":[{"@type":"WebPage","@id":"https:\/\/tecplan.com.es\/product\/b11-point-to-point-backhaul-radio\/","url":"https:\/\/tecplan.com.es\/product\/b11-point-to-point-backhaul-radio\/","name":"B11 Point-to-Point Backhaul Radio - Tecplan","isPartOf":{"@id":"https:\/\/tecplan.com.es\/#website"},"primaryImageOfPage":{"@id":"https:\/\/tecplan.com.es\/product\/b11-point-to-point-backhaul-radio\/#primaryimage"},"image":{"@id":"https:\/\/tecplan.com.es\/product\/b11-point-to-point-backhaul-radio\/#primaryimage"},"thumbnailUrl":"https:\/\/tecplan.com.es\/wp-content\/uploads\/2025\/07\/B11-Point-to-Point-Backhaul-Radio-02.jpg","datePublished":"2025-07-25T21:49:11+00:00","dateModified":"2026-01-02T21:52:08+00:00","breadcrumb":{"@id":"https:\/\/tecplan.com.es\/product\/b11-point-to-point-backhaul-radio\/#breadcrumb"},"inLanguage":"en-US","potentialAction":[{"@type":"ReadAction","target":["https:\/\/tecplan.com.es\/product\/b11-point-to-point-backhaul-radio\/"]}]},{"@type":"ImageObject","inLanguage":"en-US","@id":"https:\/\/tecplan.com.es\/product\/b11-point-to-point-backhaul-radio\/#primaryimage","url":"https:\/\/tecplan.com.es\/wp-content\/uploads\/2025\/07\/B11-Point-to-Point-Backhaul-Radio-02.jpg","contentUrl":"https:\/\/tecplan.com.es\/wp-content\/uploads\/2025\/07\/B11-Point-to-Point-Backhaul-Radio-02.jpg","width":2000,"height":2000},{"@type":"BreadcrumbList","@id":"https:\/\/tecplan.com.es\/product\/b11-point-to-point-backhaul-radio\/#breadcrumb","itemListElement":[{"@type":"ListItem","position":1,"name":"Home","item":"https:\/\/tecplan.com.es\/"},{"@type":"ListItem","position":2,"name":"Shop","item":"https:\/\/tecplan.com.es\/shop\/"},{"@type":"ListItem","position":3,"name":"B11 Point-to-Point Backhaul Radio"}]},{"@type":"WebSite","@id":"https:\/\/tecplan.com.es\/#website","url":"https:\/\/tecplan.com.es\/","name":"Tecplan","description":"","potentialAction":[{"@type":"SearchAction","target":{"@type":"EntryPoint","urlTemplate":"https:\/\/tecplan.com.es\/?s={search_term_string}"},"query-input":{"@type":"PropertyValueSpecification","valueRequired":true,"valueName":"search_term_string"}}],"inLanguage":"en-US"}]}},"_links":{"self":[{"href":"https:\/\/tecplan.com.es\/en\/wp-json\/wp\/v2\/product\/2345","targetHints":{"allow":["GET"]}}],"collection":[{"href":"https:\/\/tecplan.com.es\/en\/wp-json\/wp\/v2\/product"}],"about":[{"href":"https:\/\/tecplan.com.es\/en\/wp-json\/wp\/v2\/types\/product"}],"replies":[{"embeddable":true,"href":"https:\/\/tecplan.com.es\/en\/wp-json\/wp\/v2\/comments?post=2345"}],"version-history":[{"count":3,"href":"https:\/\/tecplan.com.es\/en\/wp-json\/wp\/v2\/product\/2345\/revisions"}],"predecessor-version":[{"id":2351,"href":"https:\/\/tecplan.com.es\/en\/wp-json\/wp\/v2\/product\/2345\/revisions\/2351"}],"wp:featuredmedia":[{"embeddable":true,"href":"https:\/\/tecplan.com.es\/en\/wp-json\/wp\/v2\/media\/2349"}],"wp:attachment":[{"href":"https:\/\/tecplan.com.es\/en\/wp-json\/wp\/v2\/media?parent=2345"}],"wp:term":[{"taxonomy":"product_brand","embeddable":true,"href":"https:\/\/tecplan.com.es\/en\/wp-json\/wp\/v2\/product_brand?post=2345"},{"taxonomy":"product_cat","embeddable":true,"href":"https:\/\/tecplan.com.es\/en\/wp-json\/wp\/v2\/product_cat?post=2345"},{"taxonomy":"product_tag","embeddable":true,"href":"https:\/\/tecplan.com.es\/en\/wp-json\/wp\/v2\/product_tag?post=2345"}],"curies":[{"name":"wp","href":"https:\/\/api.w.org\/{rel}","templated":true}]}}