{"id":2340,"date":"2025-07-25T20:48:00","date_gmt":"2025-07-25T20:48:00","guid":{"rendered":"https:\/\/tecplan.com.es\/?post_type=product&#038;p=2340"},"modified":"2026-01-02T21:58:03","modified_gmt":"2026-01-02T21:58:03","slug":"b5x-backhaul-radio-antena-ptp","status":"publish","type":"product","link":"https:\/\/tecplan.com.es\/en\/product\/b5x-backhaul-radio-antena-ptp\/","title":{"rendered":"B5x Backhaul Radio | PTP antenna"},"content":{"rendered":"<h6 class=\"product_title entry-title\"><strong>B5x Point-to-Point (PTP) Backhaul Radio<\/strong><\/h6>\n<p style=\"text-align: justify;\">La ganancia nativa de 8 dBi del B5x se puede aumentar a 12, 16, 20 o 25 dBi usando las antenas giratorias modulares de la serie X de Mimosa, que ofrecen la facilidad y simplicidad de las radios integradas, pero con mucha m\u00e1s flexibilidad.<\/p>\n<p style=\"text-align: justify;\">Como una de las soluciones PTP sin licencia de mayor capacidad de la industria, ofrece hasta 1,5 Gbps (IP).\u00a0Los 160 MHz de capacidad de canal agregado y el modo de sincronizaci\u00f3n GPS brindan un rendimiento adicional.\u00a0Junto con una clasificaci\u00f3n IP67 resistente y antenas giratorias modulares, es extremadamente flexible.<\/p>\n<p style=\"text-align: justify;\">La radio de backhaul MIMOSA B5x es una de las soluciones de backhaul punto a punto (PTP) sin licencia m\u00e1s r\u00e1pidas de la industria. Es ideal para enlaces de retransmisi\u00f3n y torre de corto a medio alcance, coubicaci\u00f3n personalizada y espectro de 4.9 GHz con licencia. Es modular y admite antenas de conexi\u00f3n roscada compatibles con la serie X (bocina de 12 dBi, bocina de 16 dBi, antena parab\u00f3lica de 20 dBi, antena parab\u00f3lica de 25 dBi o antena parab\u00f3lica de 30 dBi).<\/p>\n<h6 style=\"text-align: justify;\">Velocidad y flexibilidad excepcionales<\/h6>\n<p style=\"text-align: justify;\">La radio de backhaul MIMOSA B5x destaca como una de las soluciones de backhaul sin licencia m\u00e1s r\u00e1pidas de la industria, capaz de ofrecer hasta 1.5 Gbps (IP). Con una capacidad de canal agregada de 160 MHz y modo de sincronizaci\u00f3n GPS, la radio de retorno MIMOSA B5x tambi\u00e9n ofrece una flexibilidad y un rendimiento incomparables para enlaces de retransmisi\u00f3n y torre de corto a medio alcance, as\u00ed como para aplicaciones con licencia de espectro de 4,9 GHz. Esto la convierte en la opci\u00f3n ideal para conexiones confiables y de alta capacidad en diversos entornos de red a un costo mucho menor que el de la fibra.<\/p>\n<h6 style=\"text-align: justify;\">Fiabilidad superior y eficiencia de espectro<\/h6>\n<p style=\"text-align: justify;\">La radio de backhaul MIMOSA B5x est\u00e1 equipada con tecnolog\u00eda multicanal y de autogesti\u00f3n personalizada. Esta radio aborda eficazmente las interferencias de espectro sin licencia, funcionando como dos enlaces inteligentes en una sola radio. Su tecnolog\u00eda GPS Sync de alta precisi\u00f3n permite la reutilizaci\u00f3n del mismo canal en toda la red, optimizando el espectro y permitiendo a\u00f1adir m\u00e1s capacidad a m\u00e1s sitios sin desperdiciar espectro. Esto garantiza un rendimiento consistente y fiable en condiciones exigentes.<\/p>\n<h6 style=\"text-align: justify;\">Dise\u00f1o robusto y f\u00e1cil de monitorizar<\/h6>\n<p style=\"text-align: justify;\">El dise\u00f1o IP67 de la radio de backhaul MIMOSA B5x garantiza su resistencia a las condiciones ambientales m\u00e1s adversas, lo que la hace ultrarresistente y fiable. Adem\u00e1s, la facilidad del sistema para monitorizar el estado del enlace e identificar posibles problemas simplifica la gesti\u00f3n de la red. Las funciones de monitorizaci\u00f3n instant\u00e1nea de enlaces proporcionan a los administradores de red la informaci\u00f3n necesaria para mantener un rendimiento \u00f3ptimo y solucionar r\u00e1pidamente cualquier problema que surja.<\/p>\n<p><!--more--><\/p>\n<h5 style=\"text-align: justify;\"><span style=\"text-decoration: underline;\"><strong>DOWNLOADS<\/strong><\/span><\/h5>\n<ul style=\"text-align: justify;\">\n<li><a href=\"https:\/\/drive.google.com\/file\/d\/1ZTy47Foqdqra62hwuK5yLkLwJrWjg67K\/view?usp=sharing\">\u2192 Technical specifications<\/a><\/li>\n<\/ul>","protected":false},"excerpt":{"rendered":"<p style=\"text-align: justify;\">El Mimosa B5x es una de las soluciones de backhaul punto a punto (PTP) sin licencia m\u00e1s r\u00e1pidas de la industria.\u00a0Es ideal para enlaces de torre y rel\u00e9 de corto a mediano alcance, colocaci\u00f3n personalizada y espectro de 4,9 GHz con licencia.\u00a0Es modular, con la capacidad de conectar antenas giratorias compatibles con la serie X (bocina de 12 dBi, bocina de 16 dBi, plato de 20 dBi, plato de 25 dBi).<\/p>\n<p><img decoding=\"async\" class=\"wp-image-2052 aligncenter\" src=\"https:\/\/tecplan.com.es\/wp-content\/uploads\/2025\/06\/mimosa_logo-300x71.png\" alt=\"\" width=\"165\" height=\"39\" srcset=\"https:\/\/tecplan.com.es\/wp-content\/uploads\/2025\/06\/mimosa_logo-300x71.png 300w, https:\/\/tecplan.com.es\/wp-content\/uploads\/2025\/06\/mimosa_logo-1024x243.png 1024w, https:\/\/tecplan.com.es\/wp-content\/uploads\/2025\/06\/mimosa_logo-768x182.png 768w, https:\/\/tecplan.com.es\/wp-content\/uploads\/2025\/06\/mimosa_logo-1536x364.png 1536w, https:\/\/tecplan.com.es\/wp-content\/uploads\/2025\/06\/mimosa_logo-18x4.png 18w, https:\/\/tecplan.com.es\/wp-content\/uploads\/2025\/06\/mimosa_logo-600x142.png 600w, https:\/\/tecplan.com.es\/wp-content\/uploads\/2025\/06\/mimosa_logo.png 1775w\" sizes=\"(max-width: 165px) 100vw, 165px\" \/><\/p>","protected":false},"featured_media":2341,"comment_status":"open","ping_status":"closed","template":"","meta":{"site-sidebar-layout":"default","site-content-layout":"","ast-site-content-layout":"default","site-content-style":"default","site-sidebar-style":"default","ast-global-header-display":"","ast-banner-title-visibility":"","ast-main-header-display":"","ast-hfb-above-header-display":"","ast-hfb-below-header-display":"","ast-hfb-mobile-header-display":"","site-post-title":"","ast-breadcrumbs-content":"","ast-featured-img":"","footer-sml-layout":"","ast-disable-related-posts":"","theme-transparent-header-meta":"default","adv-header-id-meta":"","stick-header-meta":"","header-above-stick-meta":"","header-main-stick-meta":"","header-below-stick-meta":"","astra-migrate-meta-layouts":"set","ast-page-background-enabled":"default","ast-page-background-meta":{"desktop":{"background-color":"var(--ast-global-color-5)","background-image":"","background-repeat":"repeat","background-position":"center center","background-size":"auto","background-attachment":"scroll","background-type":"","background-media":"","overlay-type":"","overlay-color":"","overlay-opacity":"","overlay-gradient":""},"tablet":{"background-color":"","background-image":"","background-repeat":"repeat","background-position":"center center","background-size":"auto","background-attachment":"scroll","background-type":"","background-media":"","overlay-type":"","overlay-color":"","overlay-opacity":"","overlay-gradient":""},"mobile":{"background-color":"","background-image":"","background-repeat":"repeat","background-position":"center center","background-size":"auto","background-attachment":"scroll","background-type":"","background-media":"","overlay-type":"","overlay-color":"","overlay-opacity":"","overlay-gradient":""}},"ast-content-background-meta":{"desktop":{"background-color":"var(--ast-global-color-4)","background-image":"","background-repeat":"repeat","background-position":"center center","background-size":"auto","background-attachment":"scroll","background-type":"","background-media":"","overlay-type":"","overlay-color":"","overlay-opacity":"","overlay-gradient":""},"tablet":{"background-color":"var(--ast-global-color-4)","background-image":"","background-repeat":"repeat","background-position":"center center","background-size":"auto","background-attachment":"scroll","background-type":"","background-media":"","overlay-type":"","overlay-color":"","overlay-opacity":"","overlay-gradient":""},"mobile":{"background-color":"var(--ast-global-color-4)","background-image":"","background-repeat":"repeat","background-position":"center center","background-size":"auto","background-attachment":"scroll","background-type":"","background-media":"","overlay-type":"","overlay-color":"","overlay-opacity":"","overlay-gradient":""}}},"product_brand":[239],"product_cat":[124,122,96],"product_tag":[213],"class_list":{"0":"post-2340","1":"product","2":"type-product","3":"status-publish","4":"has-post-thumbnail","6":"product_brand-mimosa","7":"product_cat-enlace-punto-a-punto","8":"product_cat-mimosa","9":"product_cat-networking","10":"product_tag-mimosa","11":"desktop-align-left","12":"tablet-align-left","13":"mobile-align-left","15":"first","16":"instock","17":"shipping-taxable","18":"product-type-simple"},"yoast_head":"<!-- This site is optimized with the Yoast SEO plugin v25.3 - https:\/\/yoast.com\/wordpress\/plugins\/seo\/ -->\n<title>B5x Backhaul Radio | Antena PTP - Tecplan<\/title>\n<meta name=\"robots\" content=\"index, follow, max-snippet:-1, max-image-preview:large, max-video-preview:-1\" \/>\n<link rel=\"canonical\" href=\"https:\/\/tecplan.com.es\/en\/product\/b5x-backhaul-radio-antena-ptp\/\" \/>\n<meta property=\"og:locale\" content=\"en_US\" \/>\n<meta property=\"og:type\" content=\"article\" \/>\n<meta property=\"og:title\" content=\"B5x Backhaul Radio | Antena PTP - Tecplan\" \/>\n<meta property=\"og:description\" content=\"El Mimosa B5x es una de las soluciones de backhaul punto a punto (PTP) sin licencia m\u00e1s r\u00e1pidas de la industria.\u00a0Es ideal para enlaces de torre y rel\u00e9 de corto a mediano alcance, colocaci\u00f3n personalizada y espectro de 4,9 GHz con licencia.\u00a0Es modular, con la capacidad de conectar antenas giratorias compatibles con la serie X (bocina de 12 dBi, bocina de 16 dBi, plato de 20 dBi, plato de 25 dBi).\" \/>\n<meta property=\"og:url\" content=\"https:\/\/tecplan.com.es\/en\/product\/b5x-backhaul-radio-antena-ptp\/\" \/>\n<meta property=\"og:site_name\" content=\"Tecplan\" \/>\n<meta property=\"article:modified_time\" content=\"2026-01-02T21:58:03+00:00\" \/>\n<meta property=\"og:image\" content=\"https:\/\/tecplan.com.es\/wp-content\/uploads\/2025\/07\/23425.png.webp\" \/>\n\t<meta property=\"og:image:width\" content=\"507\" \/>\n\t<meta property=\"og:image:height\" content=\"517\" \/>\n\t<meta property=\"og:image:type\" content=\"image\/webp\" \/>\n<meta name=\"twitter:card\" content=\"summary_large_image\" \/>\n<meta name=\"twitter:label1\" content=\"Est. reading time\" \/>\n\t<meta name=\"twitter:data1\" content=\"3 minutes\" \/>\n<script type=\"application\/ld+json\" class=\"yoast-schema-graph\">{\"@context\":\"https:\/\/schema.org\",\"@graph\":[{\"@type\":\"WebPage\",\"@id\":\"https:\/\/tecplan.com.es\/product\/b5x-backhaul-radio-antena-ptp\/\",\"url\":\"https:\/\/tecplan.com.es\/product\/b5x-backhaul-radio-antena-ptp\/\",\"name\":\"B5x Backhaul Radio | Antena PTP - Tecplan\",\"isPartOf\":{\"@id\":\"https:\/\/tecplan.com.es\/#website\"},\"primaryImageOfPage\":{\"@id\":\"https:\/\/tecplan.com.es\/product\/b5x-backhaul-radio-antena-ptp\/#primaryimage\"},\"image\":{\"@id\":\"https:\/\/tecplan.com.es\/product\/b5x-backhaul-radio-antena-ptp\/#primaryimage\"},\"thumbnailUrl\":\"https:\/\/tecplan.com.es\/wp-content\/uploads\/2025\/07\/23425.png.webp\",\"datePublished\":\"2025-07-25T20:48:00+00:00\",\"dateModified\":\"2026-01-02T21:58:03+00:00\",\"breadcrumb\":{\"@id\":\"https:\/\/tecplan.com.es\/product\/b5x-backhaul-radio-antena-ptp\/#breadcrumb\"},\"inLanguage\":\"en-US\",\"potentialAction\":[{\"@type\":\"ReadAction\",\"target\":[\"https:\/\/tecplan.com.es\/product\/b5x-backhaul-radio-antena-ptp\/\"]}]},{\"@type\":\"ImageObject\",\"inLanguage\":\"en-US\",\"@id\":\"https:\/\/tecplan.com.es\/product\/b5x-backhaul-radio-antena-ptp\/#primaryimage\",\"url\":\"https:\/\/tecplan.com.es\/wp-content\/uploads\/2025\/07\/23425.png.webp\",\"contentUrl\":\"https:\/\/tecplan.com.es\/wp-content\/uploads\/2025\/07\/23425.png.webp\",\"width\":507,\"height\":517},{\"@type\":\"BreadcrumbList\",\"@id\":\"https:\/\/tecplan.com.es\/product\/b5x-backhaul-radio-antena-ptp\/#breadcrumb\",\"itemListElement\":[{\"@type\":\"ListItem\",\"position\":1,\"name\":\"Home\",\"item\":\"https:\/\/tecplan.com.es\/\"},{\"@type\":\"ListItem\",\"position\":2,\"name\":\"Shop\",\"item\":\"https:\/\/tecplan.com.es\/shop\/\"},{\"@type\":\"ListItem\",\"position\":3,\"name\":\"B5x Backhaul Radio | Antena PTP\"}]},{\"@type\":\"WebSite\",\"@id\":\"https:\/\/tecplan.com.es\/#website\",\"url\":\"https:\/\/tecplan.com.es\/\",\"name\":\"Tecplan\",\"description\":\"\",\"potentialAction\":[{\"@type\":\"SearchAction\",\"target\":{\"@type\":\"EntryPoint\",\"urlTemplate\":\"https:\/\/tecplan.com.es\/?s={search_term_string}\"},\"query-input\":{\"@type\":\"PropertyValueSpecification\",\"valueRequired\":true,\"valueName\":\"search_term_string\"}}],\"inLanguage\":\"en-US\"}]}<\/script>\n<!-- \/ Yoast SEO plugin. -->","yoast_head_json":{"title":"B5x Backhaul Radio | Antena PTP - Tecplan","robots":{"index":"index","follow":"follow","max-snippet":"max-snippet:-1","max-image-preview":"max-image-preview:large","max-video-preview":"max-video-preview:-1"},"canonical":"https:\/\/tecplan.com.es\/en\/product\/b5x-backhaul-radio-antena-ptp\/","og_locale":"en_US","og_type":"article","og_title":"B5x Backhaul Radio | Antena PTP - Tecplan","og_description":"El Mimosa B5x es una de las soluciones de backhaul punto a punto (PTP) sin licencia m\u00e1s r\u00e1pidas de la industria.\u00a0Es ideal para enlaces de torre y rel\u00e9 de corto a mediano alcance, colocaci\u00f3n personalizada y espectro de 4,9 GHz con licencia.\u00a0Es modular, con la capacidad de conectar antenas giratorias compatibles con la serie X (bocina de 12 dBi, bocina de 16 dBi, plato de 20 dBi, plato de 25 dBi).","og_url":"https:\/\/tecplan.com.es\/en\/product\/b5x-backhaul-radio-antena-ptp\/","og_site_name":"Tecplan","article_modified_time":"2026-01-02T21:58:03+00:00","og_image":[{"width":507,"height":517,"url":"https:\/\/tecplan.com.es\/wp-content\/uploads\/2025\/07\/23425.png.webp","type":"image\/webp"}],"twitter_card":"summary_large_image","twitter_misc":{"Est. reading time":"3 minutes"},"schema":{"@context":"https:\/\/schema.org","@graph":[{"@type":"WebPage","@id":"https:\/\/tecplan.com.es\/product\/b5x-backhaul-radio-antena-ptp\/","url":"https:\/\/tecplan.com.es\/product\/b5x-backhaul-radio-antena-ptp\/","name":"B5x Backhaul Radio | Antena PTP - Tecplan","isPartOf":{"@id":"https:\/\/tecplan.com.es\/#website"},"primaryImageOfPage":{"@id":"https:\/\/tecplan.com.es\/product\/b5x-backhaul-radio-antena-ptp\/#primaryimage"},"image":{"@id":"https:\/\/tecplan.com.es\/product\/b5x-backhaul-radio-antena-ptp\/#primaryimage"},"thumbnailUrl":"https:\/\/tecplan.com.es\/wp-content\/uploads\/2025\/07\/23425.png.webp","datePublished":"2025-07-25T20:48:00+00:00","dateModified":"2026-01-02T21:58:03+00:00","breadcrumb":{"@id":"https:\/\/tecplan.com.es\/product\/b5x-backhaul-radio-antena-ptp\/#breadcrumb"},"inLanguage":"en-US","potentialAction":[{"@type":"ReadAction","target":["https:\/\/tecplan.com.es\/product\/b5x-backhaul-radio-antena-ptp\/"]}]},{"@type":"ImageObject","inLanguage":"en-US","@id":"https:\/\/tecplan.com.es\/product\/b5x-backhaul-radio-antena-ptp\/#primaryimage","url":"https:\/\/tecplan.com.es\/wp-content\/uploads\/2025\/07\/23425.png.webp","contentUrl":"https:\/\/tecplan.com.es\/wp-content\/uploads\/2025\/07\/23425.png.webp","width":507,"height":517},{"@type":"BreadcrumbList","@id":"https:\/\/tecplan.com.es\/product\/b5x-backhaul-radio-antena-ptp\/#breadcrumb","itemListElement":[{"@type":"ListItem","position":1,"name":"Home","item":"https:\/\/tecplan.com.es\/"},{"@type":"ListItem","position":2,"name":"Shop","item":"https:\/\/tecplan.com.es\/shop\/"},{"@type":"ListItem","position":3,"name":"B5x Backhaul Radio | Antena PTP"}]},{"@type":"WebSite","@id":"https:\/\/tecplan.com.es\/#website","url":"https:\/\/tecplan.com.es\/","name":"Tecplan","description":"","potentialAction":[{"@type":"SearchAction","target":{"@type":"EntryPoint","urlTemplate":"https:\/\/tecplan.com.es\/?s={search_term_string}"},"query-input":{"@type":"PropertyValueSpecification","valueRequired":true,"valueName":"search_term_string"}}],"inLanguage":"en-US"}]}},"_links":{"self":[{"href":"https:\/\/tecplan.com.es\/en\/wp-json\/wp\/v2\/product\/2340","targetHints":{"allow":["GET"]}}],"collection":[{"href":"https:\/\/tecplan.com.es\/en\/wp-json\/wp\/v2\/product"}],"about":[{"href":"https:\/\/tecplan.com.es\/en\/wp-json\/wp\/v2\/types\/product"}],"replies":[{"embeddable":true,"href":"https:\/\/tecplan.com.es\/en\/wp-json\/wp\/v2\/comments?post=2340"}],"version-history":[{"count":3,"href":"https:\/\/tecplan.com.es\/en\/wp-json\/wp\/v2\/product\/2340\/revisions"}],"predecessor-version":[{"id":2369,"href":"https:\/\/tecplan.com.es\/en\/wp-json\/wp\/v2\/product\/2340\/revisions\/2369"}],"wp:featuredmedia":[{"embeddable":true,"href":"https:\/\/tecplan.com.es\/en\/wp-json\/wp\/v2\/media\/2341"}],"wp:attachment":[{"href":"https:\/\/tecplan.com.es\/en\/wp-json\/wp\/v2\/media?parent=2340"}],"wp:term":[{"taxonomy":"product_brand","embeddable":true,"href":"https:\/\/tecplan.com.es\/en\/wp-json\/wp\/v2\/product_brand?post=2340"},{"taxonomy":"product_cat","embeddable":true,"href":"https:\/\/tecplan.com.es\/en\/wp-json\/wp\/v2\/product_cat?post=2340"},{"taxonomy":"product_tag","embeddable":true,"href":"https:\/\/tecplan.com.es\/en\/wp-json\/wp\/v2\/product_tag?post=2340"}],"curies":[{"name":"wp","href":"https:\/\/api.w.org\/{rel}","templated":true}]}}