{"id":2326,"date":"2025-07-23T21:56:58","date_gmt":"2025-07-23T21:56:58","guid":{"rendered":"https:\/\/tecplan.com.es\/?post_type=product&#038;p=2326"},"modified":"2025-10-10T19:20:38","modified_gmt":"2025-10-10T19:20:38","slug":"iridium-push-to-talk-ptt","status":"publish","type":"product","link":"https:\/\/tecplan.com.es\/en\/product\/iridium-push-to-talk-ptt\/","title":{"rendered":"Iridium Push-To-Talk (PTT)"},"content":{"rendered":"<div id=\"service-short-blurb\">\n<h4 style=\"text-align: justify;\">Con\u00e9ctate con tu equipo instant\u00e1neamente desde cualquier lugar<\/h4>\n<\/div>\n<div id=\"service-long-blurb\" style=\"text-align: justify;\">\n<p>Con Iridium Push-To-Talk (PTT), las comunicaciones grupales se mejoran globalmente con la red verdaderamente global y de baja latencia de Iridium. Interopere con sus radios m\u00f3viles terrestres (LMR) tradicionales y permita una coordinaci\u00f3n r\u00e1pida con su equipo como nunca antes. Elija entre una variedad de soluciones Iridium e Iridium Connected\u00ae para ofrecer soluciones PTT globales r\u00e1pidas para su equipo \u2013 ya sea que est\u00e9 en interiores, exteriores, bajo tierra o en movimiento.<\/p>\n<\/div>\n<p style=\"text-align: justify;\">Iridium ofrece comunicaciones r\u00e1pidas, simples y seguras en cualquier parte del mundo, con solo presionar un bot\u00f3n.<\/p>\n<div class=\"col-lg-6 col-md-12 azlf-third-section-ul\" style=\"text-align: justify;\">\n<p><strong>Cifrado AES-256 <\/strong>Este exclusivo sistema de misi\u00f3n cr\u00edtica est\u00e1 dise\u00f1ado para ofrecer velocidad y seguridad, con rendimiento LMR y cifrado AES-256 sin concesiones.<\/p>\n<\/div>\n<div class=\"col-lg-6 col-md-12 azlf-third-section-ul\" style=\"text-align: justify;\">\n<p><strong>Grupos de conversaci\u00f3n globales <\/strong>Con\u00e9ctese con su equipo desde cualquier parte del mundo a trav\u00e9s de \u00e1reas de cobertura definidas que var\u00edan en tama\u00f1o desde 100 000 hasta 2,25 millones de kil\u00f3metros cuadrados.<\/p>\n<\/div>\n<div class=\"col-lg-6 col-md-12 azlf-third-section-ul\" style=\"text-align: justify;\">\n<p><strong>Interoperable <\/strong>Permita que otras organizaciones o agencias compartan canales y grupos de conversaci\u00f3n a trav\u00e9s del Iridium PTT Command Center.<\/p>\n<\/div>\n<div class=\"col-lg-6 col-md-12 azlf-third-section-ul\" style=\"text-align: justify;\">\n<p><strong>Complemento de l\u00ednea de voz con descuento<\/strong><\/p>\n<p>Agregue una l\u00ednea de voz a su servicio Iridium PTT con un tel\u00e9fono Iridium Extreme PTT y podr\u00eda calificar para un plan de acceso con descuento.<\/p>\n<\/div>\n<div class=\"col-lg-6 col-md-12 azlf-third-section-ul\">\n<p style=\"text-align: justify;\"><strong>Centro de comando Iridium PTT <\/strong>Arrastra y suelta para configurar usuarios, grupos de conversaci\u00f3n y \u00e1reas de cobertura en segundos.<\/p>\n<\/div>\n<p><!--more--><\/p>\n<h5 style=\"text-align: justify;\"><span style=\"text-decoration: underline;\"><strong>DOWNLOADS<\/strong><\/span><\/h5>\n<ul style=\"text-align: justify;\">\n<li><a href=\"https:\/\/www.northernaxcess.com\/content\/iridium-ptt\/iridium-extreme-ptt-users%20manual.pdf\">\u2192 Technical specifications<\/a><\/li>\n<\/ul>","protected":false},"excerpt":{"rendered":"<p style=\"text-align: justify;\">Con Iridium Push-To-Talk (PTT), las comunicaciones grupales se mejoran globalmente con la red verdaderamente global y de baja latencia de Iridium.\u00a0Interopere con sus radios m\u00f3viles terrestres (LMR) tradicionales y permita una coordinaci\u00f3n r\u00e1pida con su equipo como nunca antes.\u00a0Elija entre una variedad de soluciones Iridium e Iridium Connected\u00ae para brindar soluciones PTT globales r\u00e1pidas para su equipo, ya sea que est\u00e9 en interiores, exteriores, subterr\u00e1neos o en movimiento.<\/p>\n<p><img decoding=\"async\" class=\"wp-image-978 aligncenter\" role=\"img\" src=\"https:\/\/tecplan.com.es\/wp-content\/uploads\/2025\/05\/ParthersA_CS_pag.svg\" alt=\"\" width=\"202\" height=\"113\" \/><\/p>","protected":false},"featured_media":2329,"comment_status":"open","ping_status":"closed","template":"","meta":{"site-sidebar-layout":"default","site-content-layout":"","ast-site-content-layout":"default","site-content-style":"default","site-sidebar-style":"default","ast-global-header-display":"","ast-banner-title-visibility":"","ast-main-header-display":"","ast-hfb-above-header-display":"","ast-hfb-below-header-display":"","ast-hfb-mobile-header-display":"","site-post-title":"","ast-breadcrumbs-content":"","ast-featured-img":"","footer-sml-layout":"","ast-disable-related-posts":"","theme-transparent-header-meta":"default","adv-header-id-meta":"","stick-header-meta":"","header-above-stick-meta":"","header-main-stick-meta":"","header-below-stick-meta":"","astra-migrate-meta-layouts":"set","ast-page-background-enabled":"default","ast-page-background-meta":{"desktop":{"background-color":"var(--ast-global-color-5)","background-image":"","background-repeat":"repeat","background-position":"center center","background-size":"auto","background-attachment":"scroll","background-type":"","background-media":"","overlay-type":"","overlay-color":"","overlay-opacity":"","overlay-gradient":""},"tablet":{"background-color":"","background-image":"","background-repeat":"repeat","background-position":"center center","background-size":"auto","background-attachment":"scroll","background-type":"","background-media":"","overlay-type":"","overlay-color":"","overlay-opacity":"","overlay-gradient":""},"mobile":{"background-color":"","background-image":"","background-repeat":"repeat","background-position":"center center","background-size":"auto","background-attachment":"scroll","background-type":"","background-media":"","overlay-type":"","overlay-color":"","overlay-opacity":"","overlay-gradient":""}},"ast-content-background-meta":{"desktop":{"background-color":"var(--ast-global-color-4)","background-image":"","background-repeat":"repeat","background-position":"center center","background-size":"auto","background-attachment":"scroll","background-type":"","background-media":"","overlay-type":"","overlay-color":"","overlay-opacity":"","overlay-gradient":""},"tablet":{"background-color":"var(--ast-global-color-4)","background-image":"","background-repeat":"repeat","background-position":"center center","background-size":"auto","background-attachment":"scroll","background-type":"","background-media":"","overlay-type":"","overlay-color":"","overlay-opacity":"","overlay-gradient":""},"mobile":{"background-color":"var(--ast-global-color-4)","background-image":"","background-repeat":"repeat","background-position":"center center","background-size":"auto","background-attachment":"scroll","background-type":"","background-media":"","overlay-type":"","overlay-color":"","overlay-opacity":"","overlay-gradient":""}}},"product_brand":[42],"product_cat":[36,37,38],"product_tag":[199],"class_list":{"0":"post-2326","1":"product","2":"type-product","3":"status-publish","4":"has-post-thumbnail","6":"product_brand-iridium","7":"product_cat-comunicacion-satelital","8":"product_cat-iridium","9":"product_cat-telefonos-satelitales","10":"product_tag-iridium","11":"desktop-align-left","12":"tablet-align-left","13":"mobile-align-left","15":"first","16":"instock","17":"shipping-taxable","18":"product-type-simple"},"yoast_head":"<!-- This site is optimized with the Yoast SEO plugin v25.3 - https:\/\/yoast.com\/wordpress\/plugins\/seo\/ -->\n<title>Iridium Push-To-Talk (PTT) - Tecplan<\/title>\n<meta name=\"robots\" content=\"index, follow, max-snippet:-1, max-image-preview:large, max-video-preview:-1\" \/>\n<link rel=\"canonical\" href=\"https:\/\/tecplan.com.es\/en\/product\/iridium-push-to-talk-ptt\/\" \/>\n<meta property=\"og:locale\" content=\"en_US\" \/>\n<meta property=\"og:type\" content=\"article\" \/>\n<meta property=\"og:title\" content=\"Iridium Push-To-Talk (PTT) - Tecplan\" \/>\n<meta property=\"og:description\" content=\"Con Iridium Push-To-Talk (PTT), las comunicaciones grupales se mejoran globalmente con la red verdaderamente global y de baja latencia de Iridium.\u00a0Interopere con sus radios m\u00f3viles terrestres (LMR) tradicionales y permita una coordinaci\u00f3n r\u00e1pida con su equipo como nunca antes.\u00a0Elija entre una variedad de soluciones Iridium e Iridium Connected\u00ae para brindar soluciones PTT globales r\u00e1pidas para su equipo, ya sea que est\u00e9 en interiores, exteriores, subterr\u00e1neos o en movimiento.\" \/>\n<meta property=\"og:url\" content=\"https:\/\/tecplan.com.es\/en\/product\/iridium-push-to-talk-ptt\/\" \/>\n<meta property=\"og:site_name\" content=\"Tecplan\" \/>\n<meta property=\"article:modified_time\" content=\"2025-10-10T19:20:38+00:00\" \/>\n<meta property=\"og:image\" content=\"https:\/\/tecplan.com.es\/wp-content\/uploads\/2025\/07\/iridium-ptt-extreme-push-to-talk-satellite-phone-front-view__71257.jpg\" \/>\n\t<meta property=\"og:image:width\" content=\"1280\" \/>\n\t<meta property=\"og:image:height\" content=\"1280\" \/>\n\t<meta property=\"og:image:type\" content=\"image\/jpeg\" \/>\n<meta name=\"twitter:card\" content=\"summary_large_image\" \/>\n<meta name=\"twitter:label1\" content=\"Est. reading time\" \/>\n\t<meta name=\"twitter:data1\" content=\"2 minutes\" \/>\n<script type=\"application\/ld+json\" class=\"yoast-schema-graph\">{\"@context\":\"https:\/\/schema.org\",\"@graph\":[{\"@type\":\"WebPage\",\"@id\":\"https:\/\/tecplan.com.es\/product\/iridium-push-to-talk-ptt\/\",\"url\":\"https:\/\/tecplan.com.es\/product\/iridium-push-to-talk-ptt\/\",\"name\":\"Iridium Push-To-Talk (PTT) - Tecplan\",\"isPartOf\":{\"@id\":\"https:\/\/tecplan.com.es\/#website\"},\"primaryImageOfPage\":{\"@id\":\"https:\/\/tecplan.com.es\/product\/iridium-push-to-talk-ptt\/#primaryimage\"},\"image\":{\"@id\":\"https:\/\/tecplan.com.es\/product\/iridium-push-to-talk-ptt\/#primaryimage\"},\"thumbnailUrl\":\"https:\/\/tecplan.com.es\/wp-content\/uploads\/2025\/07\/iridium-ptt-extreme-push-to-talk-satellite-phone-front-view__71257.jpg\",\"datePublished\":\"2025-07-23T21:56:58+00:00\",\"dateModified\":\"2025-10-10T19:20:38+00:00\",\"breadcrumb\":{\"@id\":\"https:\/\/tecplan.com.es\/product\/iridium-push-to-talk-ptt\/#breadcrumb\"},\"inLanguage\":\"en-US\",\"potentialAction\":[{\"@type\":\"ReadAction\",\"target\":[\"https:\/\/tecplan.com.es\/product\/iridium-push-to-talk-ptt\/\"]}]},{\"@type\":\"ImageObject\",\"inLanguage\":\"en-US\",\"@id\":\"https:\/\/tecplan.com.es\/product\/iridium-push-to-talk-ptt\/#primaryimage\",\"url\":\"https:\/\/tecplan.com.es\/wp-content\/uploads\/2025\/07\/iridium-ptt-extreme-push-to-talk-satellite-phone-front-view__71257.jpg\",\"contentUrl\":\"https:\/\/tecplan.com.es\/wp-content\/uploads\/2025\/07\/iridium-ptt-extreme-push-to-talk-satellite-phone-front-view__71257.jpg\",\"width\":1280,\"height\":1280},{\"@type\":\"BreadcrumbList\",\"@id\":\"https:\/\/tecplan.com.es\/product\/iridium-push-to-talk-ptt\/#breadcrumb\",\"itemListElement\":[{\"@type\":\"ListItem\",\"position\":1,\"name\":\"Home\",\"item\":\"https:\/\/tecplan.com.es\/\"},{\"@type\":\"ListItem\",\"position\":2,\"name\":\"Shop\",\"item\":\"https:\/\/tecplan.com.es\/shop\/\"},{\"@type\":\"ListItem\",\"position\":3,\"name\":\"Iridium Push-To-Talk (PTT)\"}]},{\"@type\":\"WebSite\",\"@id\":\"https:\/\/tecplan.com.es\/#website\",\"url\":\"https:\/\/tecplan.com.es\/\",\"name\":\"Tecplan\",\"description\":\"\",\"potentialAction\":[{\"@type\":\"SearchAction\",\"target\":{\"@type\":\"EntryPoint\",\"urlTemplate\":\"https:\/\/tecplan.com.es\/?s={search_term_string}\"},\"query-input\":{\"@type\":\"PropertyValueSpecification\",\"valueRequired\":true,\"valueName\":\"search_term_string\"}}],\"inLanguage\":\"en-US\"}]}<\/script>\n<!-- \/ Yoast SEO plugin. -->","yoast_head_json":{"title":"Iridium Push-To-Talk (PTT) - Tecplan","robots":{"index":"index","follow":"follow","max-snippet":"max-snippet:-1","max-image-preview":"max-image-preview:large","max-video-preview":"max-video-preview:-1"},"canonical":"https:\/\/tecplan.com.es\/en\/product\/iridium-push-to-talk-ptt\/","og_locale":"en_US","og_type":"article","og_title":"Iridium Push-To-Talk (PTT) - Tecplan","og_description":"Con Iridium Push-To-Talk (PTT), las comunicaciones grupales se mejoran globalmente con la red verdaderamente global y de baja latencia de Iridium.\u00a0Interopere con sus radios m\u00f3viles terrestres (LMR) tradicionales y permita una coordinaci\u00f3n r\u00e1pida con su equipo como nunca antes.\u00a0Elija entre una variedad de soluciones Iridium e Iridium Connected\u00ae para brindar soluciones PTT globales r\u00e1pidas para su equipo, ya sea que est\u00e9 en interiores, exteriores, subterr\u00e1neos o en movimiento.","og_url":"https:\/\/tecplan.com.es\/en\/product\/iridium-push-to-talk-ptt\/","og_site_name":"Tecplan","article_modified_time":"2025-10-10T19:20:38+00:00","og_image":[{"width":1280,"height":1280,"url":"https:\/\/tecplan.com.es\/wp-content\/uploads\/2025\/07\/iridium-ptt-extreme-push-to-talk-satellite-phone-front-view__71257.jpg","type":"image\/jpeg"}],"twitter_card":"summary_large_image","twitter_misc":{"Est. reading time":"2 minutes"},"schema":{"@context":"https:\/\/schema.org","@graph":[{"@type":"WebPage","@id":"https:\/\/tecplan.com.es\/product\/iridium-push-to-talk-ptt\/","url":"https:\/\/tecplan.com.es\/product\/iridium-push-to-talk-ptt\/","name":"Iridium Push-To-Talk (PTT) - Tecplan","isPartOf":{"@id":"https:\/\/tecplan.com.es\/#website"},"primaryImageOfPage":{"@id":"https:\/\/tecplan.com.es\/product\/iridium-push-to-talk-ptt\/#primaryimage"},"image":{"@id":"https:\/\/tecplan.com.es\/product\/iridium-push-to-talk-ptt\/#primaryimage"},"thumbnailUrl":"https:\/\/tecplan.com.es\/wp-content\/uploads\/2025\/07\/iridium-ptt-extreme-push-to-talk-satellite-phone-front-view__71257.jpg","datePublished":"2025-07-23T21:56:58+00:00","dateModified":"2025-10-10T19:20:38+00:00","breadcrumb":{"@id":"https:\/\/tecplan.com.es\/product\/iridium-push-to-talk-ptt\/#breadcrumb"},"inLanguage":"en-US","potentialAction":[{"@type":"ReadAction","target":["https:\/\/tecplan.com.es\/product\/iridium-push-to-talk-ptt\/"]}]},{"@type":"ImageObject","inLanguage":"en-US","@id":"https:\/\/tecplan.com.es\/product\/iridium-push-to-talk-ptt\/#primaryimage","url":"https:\/\/tecplan.com.es\/wp-content\/uploads\/2025\/07\/iridium-ptt-extreme-push-to-talk-satellite-phone-front-view__71257.jpg","contentUrl":"https:\/\/tecplan.com.es\/wp-content\/uploads\/2025\/07\/iridium-ptt-extreme-push-to-talk-satellite-phone-front-view__71257.jpg","width":1280,"height":1280},{"@type":"BreadcrumbList","@id":"https:\/\/tecplan.com.es\/product\/iridium-push-to-talk-ptt\/#breadcrumb","itemListElement":[{"@type":"ListItem","position":1,"name":"Home","item":"https:\/\/tecplan.com.es\/"},{"@type":"ListItem","position":2,"name":"Shop","item":"https:\/\/tecplan.com.es\/shop\/"},{"@type":"ListItem","position":3,"name":"Iridium Push-To-Talk (PTT)"}]},{"@type":"WebSite","@id":"https:\/\/tecplan.com.es\/#website","url":"https:\/\/tecplan.com.es\/","name":"Tecplan","description":"","potentialAction":[{"@type":"SearchAction","target":{"@type":"EntryPoint","urlTemplate":"https:\/\/tecplan.com.es\/?s={search_term_string}"},"query-input":{"@type":"PropertyValueSpecification","valueRequired":true,"valueName":"search_term_string"}}],"inLanguage":"en-US"}]}},"_links":{"self":[{"href":"https:\/\/tecplan.com.es\/en\/wp-json\/wp\/v2\/product\/2326","targetHints":{"allow":["GET"]}}],"collection":[{"href":"https:\/\/tecplan.com.es\/en\/wp-json\/wp\/v2\/product"}],"about":[{"href":"https:\/\/tecplan.com.es\/en\/wp-json\/wp\/v2\/types\/product"}],"replies":[{"embeddable":true,"href":"https:\/\/tecplan.com.es\/en\/wp-json\/wp\/v2\/comments?post=2326"}],"version-history":[{"count":3,"href":"https:\/\/tecplan.com.es\/en\/wp-json\/wp\/v2\/product\/2326\/revisions"}],"predecessor-version":[{"id":2332,"href":"https:\/\/tecplan.com.es\/en\/wp-json\/wp\/v2\/product\/2326\/revisions\/2332"}],"wp:featuredmedia":[{"embeddable":true,"href":"https:\/\/tecplan.com.es\/en\/wp-json\/wp\/v2\/media\/2329"}],"wp:attachment":[{"href":"https:\/\/tecplan.com.es\/en\/wp-json\/wp\/v2\/media?parent=2326"}],"wp:term":[{"taxonomy":"product_brand","embeddable":true,"href":"https:\/\/tecplan.com.es\/en\/wp-json\/wp\/v2\/product_brand?post=2326"},{"taxonomy":"product_cat","embeddable":true,"href":"https:\/\/tecplan.com.es\/en\/wp-json\/wp\/v2\/product_cat?post=2326"},{"taxonomy":"product_tag","embeddable":true,"href":"https:\/\/tecplan.com.es\/en\/wp-json\/wp\/v2\/product_tag?post=2326"}],"curies":[{"name":"wp","href":"https:\/\/api.w.org\/{rel}","templated":true}]}}