{"id":2320,"date":"2025-07-23T16:38:09","date_gmt":"2025-07-23T16:38:09","guid":{"rendered":"https:\/\/tecplan.com.es\/?post_type=product&#038;p=2320"},"modified":"2025-07-23T16:41:11","modified_gmt":"2025-07-23T16:41:11","slug":"tarjeta-prepago-500-minutos-latinoamerica","status":"publish","type":"product","link":"https:\/\/tecplan.com.es\/en\/product\/tarjeta-prepago-500-minutos-latinoamerica\/","title":{"rendered":"Prepaid card 500 minutes Latin America"},"content":{"rendered":"<div class=\"zMgcWd dSKvsb\" data-il=\"\"><span style=\"font-size: 17.6px;\">Iridium Tel\u00e9fono satelital Tarjeta SIM prepagada (sin tiempo de emisi\u00f3n)<\/span><\/div>\n<div class=\"LT6XE\">\n<div class=\"f5cPye\" data-rl=\"es\" data-lht=\"496\">\n<div>\n<div class=\"WaaZC\">\n<div class=\"RJPOee EIJn2\">\n<ul data-hveid=\"CB0QAQ\" data-ved=\"2ahUKEwiVpJKDrtOOAxUOVTABHf8bHKMQm_YKegQIHRAB\">\n<li class=\"K3KsMc\">\n<div class=\"zMgcWd dSKvsb\" data-il=\"\">\n<div data-crb-p=\"\">\n<div class=\"xFTqob\">\n<div class=\"Gur8Ad\"><span data-huuid=\"5208769406591833605\"><strong>Uso:<\/strong><\/span><\/div>\n<div class=\"vM0jzc\">\n<p><span data-huuid=\"5208769406591832222\">Permite realizar llamadas de voz, enviar mensajes de texto y correos electr\u00f3nicos, y activar alertas SOS en cualquier parte del mundo con l\u00ednea de visi\u00f3n al cielo.<\/span><\/p>\n<div class=\"NPrrbc\" data-cid=\"f949d8ed-aa10-4e03-841a-00ef6b2fd046\" data-uuids=\"5208769406591833605,5208769406591832222\">\n<div class=\"BMebGe btku5b fCrZyc LwdV0e FR7ZSc qVhvac OJeuxf\" tabindex=\"0\" role=\"button\" aria-label=\"Ver v\u00ednculos relacionados\" data-hveid=\"CBcQAQ\" data-ved=\"2ahUKEwiVpJKDrtOOAxUOVTABHf8bHKMQ3fYKegQIFxAB\">\n<div class=\"niO4u\">\n<div class=\"kHtcsd\"><\/div>\n<\/div>\n<\/div>\n<\/div>\n<\/div>\n<\/div>\n<\/div>\n<\/div>\n<\/li>\n<li class=\"K3KsMc\">\n<div class=\"zMgcWd dSKvsb\" data-il=\"\">\n<div data-crb-p=\"\">\n<div class=\"xFTqob\">\n<div class=\"Gur8Ad\"><span data-huuid=\"5208769406591833552\"><strong>Compatibilidad:<\/strong><\/span><\/div>\n<div class=\"vM0jzc\">\n<p><span data-huuid=\"5208769406591832169\">Se utiliza con tel\u00e9fonos satelitales Iridium, como el Iridium Extreme o el Iridium 9555, que son conocidos por su durabilidad y resistencia en entornos dif\u00edciles.<\/span><\/p>\n<div class=\"NPrrbc\" data-cid=\"017b058d-16bb-42b0-b442-3d16ef4bcec7\" data-uuids=\"5208769406591833552,5208769406591832169\">\n<div class=\"BMebGe btku5b fCrZyc LwdV0e FR7ZSc qVhvac OJeuxf\" tabindex=\"0\" role=\"button\" aria-label=\"Ver v\u00ednculos relacionados\" data-hveid=\"CBMQAQ\" data-ved=\"2ahUKEwiVpJKDrtOOAxUOVTABHf8bHKMQ3fYKegQIExAB\">\n<div class=\"niO4u\">\n<div class=\"kHtcsd\"><\/div>\n<\/div>\n<\/div>\n<\/div>\n<\/div>\n<\/div>\n<\/div>\n<\/div>\n<\/li>\n<li class=\"K3KsMc\">\n<div class=\"zMgcWd dSKvsb\" data-il=\"\">\n<div data-crb-p=\"\">\n<div class=\"xFTqob\">\n<div class=\"Gur8Ad\"><span data-huuid=\"5208769406591833499\"><strong>Adquisici\u00f3n:<\/strong><\/span><\/div>\n<div class=\"vM0jzc\">\n<p><span data-huuid=\"5208769406591832116\">Se requiere un plan de suscripci\u00f3n para acceder a la red satelital Iridium, con opciones de planes mensuales o prepago.<\/span><\/p>\n<div class=\"NPrrbc\" data-cid=\"e8b741ae-6a3d-4d16-bfc7-0bc7d103e58f\" data-uuids=\"5208769406591833499,5208769406591832116\">\n<div class=\"BMebGe btku5b fCrZyc LwdV0e FR7ZSc qVhvac OJeuxf\" tabindex=\"0\" role=\"button\" aria-label=\"Ver v\u00ednculos relacionados\" data-hveid=\"CBkQAQ\" data-ved=\"2ahUKEwiVpJKDrtOOAxUOVTABHf8bHKMQ3fYKegQIGRAB\">\n<div class=\"niO4u\">\n<div class=\"kHtcsd\"><\/div>\n<\/div>\n<\/div>\n<\/div>\n<\/div>\n<div>\n<h6 class=\"a-size-base-plus a-text-bold\">Characteristics:<\/h6>\n<ul class=\"a-unordered-list a-vertical a-spacing-mini\">\n<li class=\"a-spacing-mini\"><span class=\"a-list-item\">Tarjeta SIM prepaga inactiva para todos los tel\u00e9fonos satelitales Iridium incluyendo 9500, 9505, 9505A, 9555, 9575 Extreme y Iridium Go! Listo para activar en cualquier plan de servicio prepago Iridium de su elecci\u00f3n.<\/span><\/li>\n<li class=\"a-spacing-mini\"><span class=\"a-list-item\">Sin cargo por llamadas de voz y mensajes de texto entrantes. Las llamadas salientes a cualquier tel\u00e9fono fijo o m\u00f3vil global se pueden realizar a una tarifa fija por minuto.<\/span><\/li>\n<li class=\"a-spacing-mini\"><span class=\"a-list-item\">La tarjeta SIM se puede activar en una fecha futura, simplemente seleccione su fecha de activaci\u00f3n utilizando nuestro formulario de solicitud de activaci\u00f3n en l\u00ednea.<\/span><\/li>\n<\/ul>\n<\/div>\n<\/div>\n<\/div>\n<\/div>\n<\/li>\n<\/ul>\n<\/div>\n<\/div>\n<\/div>\n<\/div>\n<\/div>\n<div class=\"kLMmLc\">\n<div>\n<div class=\"Clk5Ib\">\n<div class=\"IGvtd\">\n<div class=\"TRXNOc\">\n<div class=\"BOThhc\">\n<div class=\"ifiyWc\">\n<div id=\"folsrch-sources-1\">\n<div data-subtree=\"msc\">\n<div class=\"fx92l\" data-hveid=\"CCIQAA\" data-ved=\"2ahUKEwiVpJKDrtOOAxUOVTABHf8bHKMQ99ANegQIIhAA\"><\/div>\n<\/div>\n<\/div>\n<\/div>\n<\/div>\n<\/div>\n<\/div>\n<\/div>\n<\/div>\n<\/div>","protected":false},"excerpt":{"rendered":"<ul>\n<li style=\"text-align: justify;\">30.000 unidades equivalente a 500 minutos de voz, o 1000 mensajes de texto.<\/li>\n<li style=\"text-align: justify;\">Vigencia 12 meses desde la activaci\u00f3n<\/li>\n<li style=\"text-align: justify;\">Cobertura Latinoam\u00e9rica continental, y 22 kil\u00f3metros mar adentro desde la costa.<\/li>\n<\/ul>\n<p><img decoding=\"async\" class=\"wp-image-978 aligncenter\" role=\"img\" src=\"https:\/\/tecplan.com.es\/wp-content\/uploads\/2025\/05\/ParthersA_CS_pag.svg\" alt=\"\" width=\"162\" height=\"91\" \/><\/p>","protected":false},"featured_media":2314,"comment_status":"open","ping_status":"closed","template":"","meta":{"site-sidebar-layout":"default","site-content-layout":"","ast-site-content-layout":"default","site-content-style":"default","site-sidebar-style":"default","ast-global-header-display":"","ast-banner-title-visibility":"","ast-main-header-display":"","ast-hfb-above-header-display":"","ast-hfb-below-header-display":"","ast-hfb-mobile-header-display":"","site-post-title":"","ast-breadcrumbs-content":"","ast-featured-img":"","footer-sml-layout":"","ast-disable-related-posts":"","theme-transparent-header-meta":"default","adv-header-id-meta":"","stick-header-meta":"","header-above-stick-meta":"","header-main-stick-meta":"","header-below-stick-meta":"","astra-migrate-meta-layouts":"set","ast-page-background-enabled":"default","ast-page-background-meta":{"desktop":{"background-color":"var(--ast-global-color-5)","background-image":"","background-repeat":"repeat","background-position":"center center","background-size":"auto","background-attachment":"scroll","background-type":"","background-media":"","overlay-type":"","overlay-color":"","overlay-opacity":"","overlay-gradient":""},"tablet":{"background-color":"","background-image":"","background-repeat":"repeat","background-position":"center center","background-size":"auto","background-attachment":"scroll","background-type":"","background-media":"","overlay-type":"","overlay-color":"","overlay-opacity":"","overlay-gradient":""},"mobile":{"background-color":"","background-image":"","background-repeat":"repeat","background-position":"center center","background-size":"auto","background-attachment":"scroll","background-type":"","background-media":"","overlay-type":"","overlay-color":"","overlay-opacity":"","overlay-gradient":""}},"ast-content-background-meta":{"desktop":{"background-color":"var(--ast-global-color-4)","background-image":"","background-repeat":"repeat","background-position":"center center","background-size":"auto","background-attachment":"scroll","background-type":"","background-media":"","overlay-type":"","overlay-color":"","overlay-opacity":"","overlay-gradient":""},"tablet":{"background-color":"var(--ast-global-color-4)","background-image":"","background-repeat":"repeat","background-position":"center center","background-size":"auto","background-attachment":"scroll","background-type":"","background-media":"","overlay-type":"","overlay-color":"","overlay-opacity":"","overlay-gradient":""},"mobile":{"background-color":"var(--ast-global-color-4)","background-image":"","background-repeat":"repeat","background-position":"center center","background-size":"auto","background-attachment":"scroll","background-type":"","background-media":"","overlay-type":"","overlay-color":"","overlay-opacity":"","overlay-gradient":""}}},"product_brand":[42],"product_cat":[36,37,38],"product_tag":[199],"class_list":{"0":"post-2320","1":"product","2":"type-product","3":"status-publish","4":"has-post-thumbnail","6":"product_brand-iridium","7":"product_cat-comunicacion-satelital","8":"product_cat-iridium","9":"product_cat-telefonos-satelitales","10":"product_tag-iridium","11":"desktop-align-left","12":"tablet-align-left","13":"mobile-align-left","15":"first","16":"instock","17":"shipping-taxable","18":"product-type-simple"},"yoast_head":"<!-- This site is optimized with the Yoast SEO plugin v25.3 - https:\/\/yoast.com\/wordpress\/plugins\/seo\/ -->\n<title>Tarjeta prepago 500 minutos Latinoam\u00e9rica - Tecplan<\/title>\n<meta name=\"robots\" content=\"index, follow, max-snippet:-1, max-image-preview:large, max-video-preview:-1\" \/>\n<link rel=\"canonical\" href=\"https:\/\/tecplan.com.es\/en\/product\/tarjeta-prepago-500-minutos-latinoamerica\/\" \/>\n<meta property=\"og:locale\" content=\"en_US\" \/>\n<meta property=\"og:type\" content=\"article\" \/>\n<meta property=\"og:title\" content=\"Tarjeta prepago 500 minutos Latinoam\u00e9rica - Tecplan\" \/>\n<meta property=\"og:description\" content=\"30.000 unidades equivalente a 500 minutos de voz, o 1000 mensajes de texto.  Vigencia 12 meses desde la activaci\u00f3n  Cobertura Latinoam\u00e9rica continental, y 22 kil\u00f3metros mar adentro desde la costa.\" \/>\n<meta property=\"og:url\" content=\"https:\/\/tecplan.com.es\/en\/product\/tarjeta-prepago-500-minutos-latinoamerica\/\" \/>\n<meta property=\"og:site_name\" content=\"Tecplan\" \/>\n<meta property=\"article:modified_time\" content=\"2025-07-23T16:41:11+00:00\" \/>\n<meta property=\"og:image\" content=\"https:\/\/tecplan.com.es\/wp-content\/uploads\/2025\/07\/Tarjetas-01.jpg\" \/>\n\t<meta property=\"og:image:width\" content=\"2000\" \/>\n\t<meta property=\"og:image:height\" content=\"2000\" \/>\n\t<meta property=\"og:image:type\" content=\"image\/jpeg\" \/>\n<meta name=\"twitter:card\" content=\"summary_large_image\" \/>\n<meta name=\"twitter:label1\" content=\"Est. reading time\" \/>\n\t<meta name=\"twitter:data1\" content=\"1 minute\" \/>\n<script type=\"application\/ld+json\" class=\"yoast-schema-graph\">{\"@context\":\"https:\/\/schema.org\",\"@graph\":[{\"@type\":\"WebPage\",\"@id\":\"https:\/\/tecplan.com.es\/product\/tarjeta-prepago-500-minutos-latinoamerica\/\",\"url\":\"https:\/\/tecplan.com.es\/product\/tarjeta-prepago-500-minutos-latinoamerica\/\",\"name\":\"Tarjeta prepago 500 minutos Latinoam\u00e9rica - Tecplan\",\"isPartOf\":{\"@id\":\"https:\/\/tecplan.com.es\/#website\"},\"primaryImageOfPage\":{\"@id\":\"https:\/\/tecplan.com.es\/product\/tarjeta-prepago-500-minutos-latinoamerica\/#primaryimage\"},\"image\":{\"@id\":\"https:\/\/tecplan.com.es\/product\/tarjeta-prepago-500-minutos-latinoamerica\/#primaryimage\"},\"thumbnailUrl\":\"https:\/\/tecplan.com.es\/wp-content\/uploads\/2025\/07\/Tarjetas-01.jpg\",\"datePublished\":\"2025-07-23T16:38:09+00:00\",\"dateModified\":\"2025-07-23T16:41:11+00:00\",\"breadcrumb\":{\"@id\":\"https:\/\/tecplan.com.es\/product\/tarjeta-prepago-500-minutos-latinoamerica\/#breadcrumb\"},\"inLanguage\":\"en-US\",\"potentialAction\":[{\"@type\":\"ReadAction\",\"target\":[\"https:\/\/tecplan.com.es\/product\/tarjeta-prepago-500-minutos-latinoamerica\/\"]}]},{\"@type\":\"ImageObject\",\"inLanguage\":\"en-US\",\"@id\":\"https:\/\/tecplan.com.es\/product\/tarjeta-prepago-500-minutos-latinoamerica\/#primaryimage\",\"url\":\"https:\/\/tecplan.com.es\/wp-content\/uploads\/2025\/07\/Tarjetas-01.jpg\",\"contentUrl\":\"https:\/\/tecplan.com.es\/wp-content\/uploads\/2025\/07\/Tarjetas-01.jpg\",\"width\":2000,\"height\":2000},{\"@type\":\"BreadcrumbList\",\"@id\":\"https:\/\/tecplan.com.es\/product\/tarjeta-prepago-500-minutos-latinoamerica\/#breadcrumb\",\"itemListElement\":[{\"@type\":\"ListItem\",\"position\":1,\"name\":\"Home\",\"item\":\"https:\/\/tecplan.com.es\/\"},{\"@type\":\"ListItem\",\"position\":2,\"name\":\"Shop\",\"item\":\"https:\/\/tecplan.com.es\/shop\/\"},{\"@type\":\"ListItem\",\"position\":3,\"name\":\"Tarjeta prepago 500 minutos Latinoam\u00e9rica\"}]},{\"@type\":\"WebSite\",\"@id\":\"https:\/\/tecplan.com.es\/#website\",\"url\":\"https:\/\/tecplan.com.es\/\",\"name\":\"Tecplan\",\"description\":\"\",\"potentialAction\":[{\"@type\":\"SearchAction\",\"target\":{\"@type\":\"EntryPoint\",\"urlTemplate\":\"https:\/\/tecplan.com.es\/?s={search_term_string}\"},\"query-input\":{\"@type\":\"PropertyValueSpecification\",\"valueRequired\":true,\"valueName\":\"search_term_string\"}}],\"inLanguage\":\"en-US\"}]}<\/script>\n<!-- \/ Yoast SEO plugin. -->","yoast_head_json":{"title":"Tarjeta prepago 500 minutos Latinoam\u00e9rica - Tecplan","robots":{"index":"index","follow":"follow","max-snippet":"max-snippet:-1","max-image-preview":"max-image-preview:large","max-video-preview":"max-video-preview:-1"},"canonical":"https:\/\/tecplan.com.es\/en\/product\/tarjeta-prepago-500-minutos-latinoamerica\/","og_locale":"en_US","og_type":"article","og_title":"Tarjeta prepago 500 minutos Latinoam\u00e9rica - Tecplan","og_description":"30.000 unidades equivalente a 500 minutos de voz, o 1000 mensajes de texto.  Vigencia 12 meses desde la activaci\u00f3n  Cobertura Latinoam\u00e9rica continental, y 22 kil\u00f3metros mar adentro desde la costa.","og_url":"https:\/\/tecplan.com.es\/en\/product\/tarjeta-prepago-500-minutos-latinoamerica\/","og_site_name":"Tecplan","article_modified_time":"2025-07-23T16:41:11+00:00","og_image":[{"width":2000,"height":2000,"url":"https:\/\/tecplan.com.es\/wp-content\/uploads\/2025\/07\/Tarjetas-01.jpg","type":"image\/jpeg"}],"twitter_card":"summary_large_image","twitter_misc":{"Est. reading time":"1 minute"},"schema":{"@context":"https:\/\/schema.org","@graph":[{"@type":"WebPage","@id":"https:\/\/tecplan.com.es\/product\/tarjeta-prepago-500-minutos-latinoamerica\/","url":"https:\/\/tecplan.com.es\/product\/tarjeta-prepago-500-minutos-latinoamerica\/","name":"Tarjeta prepago 500 minutos Latinoam\u00e9rica - Tecplan","isPartOf":{"@id":"https:\/\/tecplan.com.es\/#website"},"primaryImageOfPage":{"@id":"https:\/\/tecplan.com.es\/product\/tarjeta-prepago-500-minutos-latinoamerica\/#primaryimage"},"image":{"@id":"https:\/\/tecplan.com.es\/product\/tarjeta-prepago-500-minutos-latinoamerica\/#primaryimage"},"thumbnailUrl":"https:\/\/tecplan.com.es\/wp-content\/uploads\/2025\/07\/Tarjetas-01.jpg","datePublished":"2025-07-23T16:38:09+00:00","dateModified":"2025-07-23T16:41:11+00:00","breadcrumb":{"@id":"https:\/\/tecplan.com.es\/product\/tarjeta-prepago-500-minutos-latinoamerica\/#breadcrumb"},"inLanguage":"en-US","potentialAction":[{"@type":"ReadAction","target":["https:\/\/tecplan.com.es\/product\/tarjeta-prepago-500-minutos-latinoamerica\/"]}]},{"@type":"ImageObject","inLanguage":"en-US","@id":"https:\/\/tecplan.com.es\/product\/tarjeta-prepago-500-minutos-latinoamerica\/#primaryimage","url":"https:\/\/tecplan.com.es\/wp-content\/uploads\/2025\/07\/Tarjetas-01.jpg","contentUrl":"https:\/\/tecplan.com.es\/wp-content\/uploads\/2025\/07\/Tarjetas-01.jpg","width":2000,"height":2000},{"@type":"BreadcrumbList","@id":"https:\/\/tecplan.com.es\/product\/tarjeta-prepago-500-minutos-latinoamerica\/#breadcrumb","itemListElement":[{"@type":"ListItem","position":1,"name":"Home","item":"https:\/\/tecplan.com.es\/"},{"@type":"ListItem","position":2,"name":"Shop","item":"https:\/\/tecplan.com.es\/shop\/"},{"@type":"ListItem","position":3,"name":"Tarjeta prepago 500 minutos Latinoam\u00e9rica"}]},{"@type":"WebSite","@id":"https:\/\/tecplan.com.es\/#website","url":"https:\/\/tecplan.com.es\/","name":"Tecplan","description":"","potentialAction":[{"@type":"SearchAction","target":{"@type":"EntryPoint","urlTemplate":"https:\/\/tecplan.com.es\/?s={search_term_string}"},"query-input":{"@type":"PropertyValueSpecification","valueRequired":true,"valueName":"search_term_string"}}],"inLanguage":"en-US"}]}},"_links":{"self":[{"href":"https:\/\/tecplan.com.es\/en\/wp-json\/wp\/v2\/product\/2320","targetHints":{"allow":["GET"]}}],"collection":[{"href":"https:\/\/tecplan.com.es\/en\/wp-json\/wp\/v2\/product"}],"about":[{"href":"https:\/\/tecplan.com.es\/en\/wp-json\/wp\/v2\/types\/product"}],"replies":[{"embeddable":true,"href":"https:\/\/tecplan.com.es\/en\/wp-json\/wp\/v2\/comments?post=2320"}],"version-history":[{"count":3,"href":"https:\/\/tecplan.com.es\/en\/wp-json\/wp\/v2\/product\/2320\/revisions"}],"predecessor-version":[{"id":2323,"href":"https:\/\/tecplan.com.es\/en\/wp-json\/wp\/v2\/product\/2320\/revisions\/2323"}],"wp:featuredmedia":[{"embeddable":true,"href":"https:\/\/tecplan.com.es\/en\/wp-json\/wp\/v2\/media\/2314"}],"wp:attachment":[{"href":"https:\/\/tecplan.com.es\/en\/wp-json\/wp\/v2\/media?parent=2320"}],"wp:term":[{"taxonomy":"product_brand","embeddable":true,"href":"https:\/\/tecplan.com.es\/en\/wp-json\/wp\/v2\/product_brand?post=2320"},{"taxonomy":"product_cat","embeddable":true,"href":"https:\/\/tecplan.com.es\/en\/wp-json\/wp\/v2\/product_cat?post=2320"},{"taxonomy":"product_tag","embeddable":true,"href":"https:\/\/tecplan.com.es\/en\/wp-json\/wp\/v2\/product_tag?post=2320"}],"curies":[{"name":"wp","href":"https:\/\/api.w.org\/{rel}","templated":true}]}}